{"id":30543,"date":"2025-04-10T20:39:32","date_gmt":"2025-04-10T18:39:32","guid":{"rendered":"https:\/\/sysmatec.ch\/?post_type=product&#038;p=30543"},"modified":"2026-01-09T10:23:54","modified_gmt":"2026-01-09T09:23:54","slug":"bioreaktor-minifor2bio-touch","status":"publish","type":"product","link":"https:\/\/sysmatec.ch\/de\/Produkt\/bioreaktor-minifor2bio-touch\/","title":{"rendered":"Bioreaktor Minifor2Bio touch"},"content":{"rendered":"<p>Autoklavierbarer Laborfermenter\/Bioreaktor zur Kultivierung von Mikroorganismen und tierischen oder pflanzlichen Zellen.<\/p>\n<p>Dieser Bioreaktor vereint die bew\u00e4hrten Innovationen des Minifor (wie das R\u00fchrsystem und die kompakte Bauweise) mit modernsten Technologien und legt Wert auf intuitive Bedienung und vereinfachtes Datenmanagement.<\/p>\n<p>Er erm\u00f6glicht die Echtzeit\u00fcberwachung von Parametern wie Temperatur, pH-Wert, Luftstrom und R\u00fchrleistung mehrerer Einheiten. Er l\u00e4sst sich problemlos erweitern, um zus\u00e4tzliche Parameter zu messen und\/oder zu steuern (Redoxpotenzial, Schaumerkennung, optische Dichte, pCO\u2082, Leitf\u00e4higkeit, Biomasse, Bilanz usw.). Zudem verf\u00fcgt er \u00fcber ein benutzerfreundliches Software-Update-System.<\/p>\n<h2>Die Vorteile des Fermenters<\/h2>\n<ul>\n<li>Eine Touchscreen-Benutzeroberfl\u00e4che mit intuitiver Software erm\u00f6glicht die Echtzeit-Daten\u00fcberwachung, grafische Visualisierung und Datenspeicherung. Erweiterte Funktionen wie die Kaskadenoption bieten eine optimierte Steuerung.<\/li>\n<li>Dieser Fermenter-Bioreaktor wurde f\u00fcr Labore entwickelt, die eine effiziente Bioproduktion anstreben. Seine kompakte Gr\u00f6\u00dfe spart wertvollen Platz auf der Arbeitsfl\u00e4che und bietet gleichzeitig einen hervorragenden Zugang zu den Anschl\u00fcssen f\u00fcr reibungslose sterile Arbeitsabl\u00e4ufe, wodurch absolute Sterilit\u00e4t gew\u00e4hrleistet wird.<\/li>\n<li>Der Bioreaktor verf\u00fcgt \u00fcber austauschbare Glasgef\u00e4\u00dfe (0,3 l, 0,4 l, 1 l, 3 l und 7 l) f\u00fcr Fermentationsvolumina von 35 ml bis 6 Litern.<\/li>\n<li>Er ist mit einem innovativen, nicht rotierenden Vertikalr\u00fchrsystem ausgestattet, das herk\u00f6mmliche Propellerr\u00fchrer ersetzt. Dieses fortschrittliche System macht teure Motoren und Magnetkupplungen \u00fcberfl\u00fcssig und senkt so die Kosten bei gleichzeitig verbesserter Sterilit\u00e4t und Leistung. Es gew\u00e4hrleistet eine kraftvolle und effiziente Durchmischung ohne Wirbelbildung und macht somit den Einsatz von Leitblechen \u00fcberfl\u00fcssig. Diese vertikale R\u00fchrung ist nicht nur hocheffektiv, sondern auch zellschonend und minimiert die Schaumbildung, wodurch sie sich ideal f\u00fcr empfindliche Kulturen eignet. Die Integration biomimetischer, fischschwanzf\u00f6rmiger R\u00fchrscheiben optimiert die Mischleistung. Inspiriert von der Natur, arbeiten diese Scheiben perfekt mit der vertikalen Bewegung zusammen und gew\u00e4hrleisten so eine gleichm\u00e4\u00dfige, nahtlose Durchmischung. Dies garantiert Sicherheit und optimale Leistung.<\/li>\n<li>Der Fermenter verf\u00fcgt au\u00dferdem \u00fcber einen hochaufl\u00f6senden 7-Zoll-IPS-TFT-Touchscreen (1024 \u00d7 600 Pixel), der aus jedem Blickwinkel ein klares Bild liefert. Der kapazitive Touchscreen ist handschuhfreundlich und erm\u00f6glicht eine reibungslose und pr\u00e4zise Steuerung, selbst bei komplexesten Fermentationen.<\/li>\n<li>Der Bioreaktor l\u00e4sst sich mit Peripherieger\u00e4ten wie Gasanalysatoren, Chemostat-Kulturwaagen, Gasflussreglern, Antischaumdetektoren und zus\u00e4tzlichen F\u00f6rderpumpen erweitern. Diese Flexibilit\u00e4t macht den Minifor2Bio zur idealen L\u00f6sung f\u00fcr aerobe und anaerobe Bioprozesse.<br \/>\nDer Bioreaktor nutzt Infrarot-Heiztechnologie (IR) unterhalb des Beh\u00e4lters f\u00fcr eine homogene Temperaturverteilung. Diese schonende Heizmethode ahmt nat\u00fcrliches Sonnenlicht nach und sch\u00fctzt so empfindliche Zellkulturen. Die Temperaturregelung erfolgt durch aktive Heizung und passive K\u00fchlung mittels eines im Medium befindlichen Kaltwasserkreislaufs.<\/li>\n<li>Der pH-Wert wird durch die automatische Zugabe von Base oder S\u00e4ure mittels Peristaltikpumpen auf dem gew\u00fcnschten Niveau gehalten. Das intelligente pH-Regelsystem des Bioreaktors gew\u00e4hrleistet stabile Fermentationsbedingungen durch die Anpassung der Drehzahl der Basen- oder S\u00e4urezugabepumpen. Die Daten\u00fcbertragung erfolgt \u00fcber USB oder Ethernet (LAN), optional ist ein WLAN-Modul f\u00fcr die drahtlose \u00dcberwachung verf\u00fcgbar. Diese Konnektivit\u00e4tsoptionen vereinfachen die Datenverwaltung und erm\u00f6glichen die Fern\u00fcberwachung des Prozesses.<\/li>\n<li>Auch f\u00fcr weitere Parameter, wie z. B. gel\u00f6sten Sauerstoff (DO) durch Sauerstoffanreicherung, verf\u00fcgt der Bioreaktor \u00fcber effiziente und pr\u00e4zise Regelkreise. Er eignet sich ideal f\u00fcr die Zellkultur mit hoher Zelldichte. Der Fermenter ist mit Hamilton ARC-Sensoren kompatibel und erm\u00f6glicht so die genaue Messung von pH-Wert, gel\u00f6stem Sauerstoff, Redoxpotenzial, Leitf\u00e4higkeit, CO\u2082, Zelldichte und Anzahl lebensf\u00e4higer Zellen. Die Messung dieser Parameter kann mit Aktionen wie der Zugabe eines Substrats oder eines Korrekturmittels verkn\u00fcpft werden.<\/li>\n<li>Der Bioreaktor verf\u00fcgt \u00fcber eine Echtzeituhr, die alle Prozessdaten aufzeichnet und mit einem Zeitstempel versieht. Dies erm\u00f6glicht eine pr\u00e4zise Datenanalyse und die Einhaltung regulatorischer Standards.<\/li>\n<\/ul>\n<h2>Technische Daten<\/h2>\n<ul>\n<li>Stromversorgung: Universelles Netznetzteil 100\u2013240 V | AC\/50\u201360 Hz, 400 W | CE-konform | Meltdown 5 x 20 F2A<\/li>\n<li>Abmessungen: 220 x 444 x 350\u2013550 mm (B x T x H)<\/li>\n<li>Display: 7-Zoll-IPS-TFT-Display, 1024 x 600 Pixel Aufl\u00f6sung, kapazitiver Touchscreen<\/li>\n<li>Beh\u00e4lter: Pyrex-Borosilikatglas, 6 bis 8 Gewindeh\u00e4lse; Fassungsverm\u00f6gen: 0,3, 0,4, 1, 3 und 7 Liter<\/li>\n<li>Temperaturregelung: Hocheffiziente 150-W-Infrarot-W\u00e4rmequelle (IR) mit Gold-Parabolreflektor. Regelung: Von 5 \u00b0C bis 70 \u00b0C (\u00fcber Umgebungstemperatur) | Messung: Von 0 bis 99 \u00b0C in 0,1-\u00b0C-Schritten Genauigkeit: \u00b1 0,2 \u00b0C (0 bis 60 \u00b0C) | Sensor: Pt100-Elektrode in die Glaselektrode der pH-Sonde integriert<\/li>\n<li>pH-Regelung: Sterilisierbare pH-Elektrode, pH 0\u201314, mit automatischer Temperaturkorrektur, Zweipunktkalibrierung und Variopin-Anschluss oder digitaler ARC-Sonde. Messbereich: 0 bis 14,0 pH-Einheiten | Aufl\u00f6sung: 0,1 oder 0,01 pH-Einheiten (einstellbar) \u2013 Analoge Sonden: Autoklavierbare analoge pH-Sonde von Hamilton\/Mettler Toledo mit Pt100-Temperatursensor oder gleichwertigem Sensor mit Variopin-Anschluss \u2013 Digitale Sonden: Hamilton ARC-Technologie mit Variopin-Anschluss<\/li>\n<li>pO\u2082-Regelung: Sterilisierbarer, schnell reagierender Sauerstoffsensor vom Clark-Typ, automatische Temperaturkorrektur, Zweipunktkalibrierung, Regelung des gel\u00f6sten Sauerstoffs (DO) \u00fcber Luftstromregelung oder Kaskadenregler. Messbereich: 0 bis 25 mg\/L Sauerstoff, in 0,1-mg\/L-Schritten, S\u00e4ttigung 0 bis 100 % (einstellbare Einheiten) | Aufl\u00f6sung: 0,1 oder 0,01 (einstellbar) | Analoger Sondentyp: Schnell ansprechender, sterilisierbarer LAMBDA-Sauerstoffsensor vom Clark-Typ | Digitaler Sondentyp: Hamilton-ARC-Technologie (Clark-Typ oder optisch)<\/li>\n<li>Luftdurchflussrate: 0 bis 5 L\/min in 0,01-L\/min-Schritten, gemessen mit einem Pr\u00e4zisions-Massendurchflussmesser, Linearit\u00e4t \u00b13 %, Reproduzierbarkeit \u00b10,5 %. Steuerung: Mikroprozessorgesteuertes Proportionalventil. Versorgungsdruck: 0,05 \u2013 0,2 MPa (0,5 \u2013 2 atm).<\/li>\n<li>R\u00fchrwerk: 50-W-Vibrator, 0 bis 20 Hz (0 bis 1200 U\/min) in 0,1-Hz-Schritten (6 U\/min), mit einer oder mehreren R\u00fchrscheiben. Sterilit\u00e4t \u00e4hnlich der magnetischen Kopplung.<\/li>\n<li>Typ: Aktive Peripherieger\u00e4te (GER\u00c4T): Ger\u00e4t, das durch interne Software gesteuert wird \u2013 Pumpen: PRECIFLOW touch, HIFLOW touch, MAXIFLOW touch, MEGAFLOW touch \u2013 Gasflussregler: MASSFLOW 500 touch, MASSFLOW 5000 touch \u2013 Auslassgasanalysatoren: OXYMETER touch, CARBOMETER touch, METHANMETER touch \u2013 Waage: BALANCE 20.<br \/>\nSeitliche Anschl\u00fcsse\/Ausg\u00e4nge: ein gro\u00dfer Auslass. Vierfacher Probenahme-\/Zugabeanschluss mit vier Nadeln und doppelt abgedichteten LAMBDA PEEK-Anschl\u00fcssen zur Probenahme, Beimpfung, Entsch\u00e4umung, Zufuhr, Ernte, Zugabe von Korrekturl\u00f6sungen usw. Zus\u00e4tzliche Doppelanschl\u00fcsse sind verf\u00fcgbar.<\/li>\n<li>Gasflusskontrolle: Konfigurierbare Gasmischung: Mehrere elektronische Durchflussregler mit Durchflussbereichen von 0 bis 5 l\/min (MASSFLOW 5000) oder 0 bis 500 ml\/min (MASSFLOW 500) erm\u00f6glichen die kontrollierte Zugabe von Gasen (z. B. N\u2082, O\u2082, Luft, CO\u2082) in Zellkulturen.<\/li>\n<li>Schnittstellen: USB 1.1\/2.0 Typ B (PC-Steuerung) | USB 1.1\/2.0 Typ A (Host) f\u00fcr Datenexport oder Software-Updates | LAN | WLAN (optional)<br \/>\nPC-Steuerung: MIRETO-Software f\u00fcr Online-\u00dcberwachung, -Verwaltung und Daten-Download<\/li>\n<li>Betriebstemperatur: 0 bis 40 \u00b0C<\/li>\n<li>Betriebsfeuchtigkeit: 0 bis 90 % rF, nicht kondensierend<\/li>\n<li>Gewicht: 7 kg<\/li>\n<\/ul>\n<p>&nbsp;<\/p>\n<p>&nbsp;<\/p>\n","protected":false},"excerpt":{"rendered":"<p>Autoklavierbarer Laborfermenter\/Bioreaktor<\/p>\n","protected":false},"featured_media":30998,"template":"","meta":{"_crdt_document":""},"product_brand":[],"product_cat":[113],"product_tag":[],"class_list":{"0":"post-30543","1":"product","2":"type-product","3":"status-publish","4":"has-post-thumbnail","6":"product_cat-fermenter","8":"first","9":"instock","10":"taxable","11":"shipping-taxable","12":"product-type-simple"},"yoast_head":"<!-- This site is optimized with the Yoast SEO plugin v27.4 - https:\/\/yoast.com\/product\/yoast-seo-wordpress\/ -->\n<title>Bioreaktor Minifor2Bio touch - Sysmatec<\/title>\n<meta name=\"description\" content=\"Autoklavierbarer Laborfermenter\/Bioreaktor f\u00fcr Kulturen von Mikroorganismen und tierischen oder pflanzlichen Zellen.\" \/>\n<meta name=\"robots\" content=\"index, follow, max-snippet:-1, max-image-preview:large, max-video-preview:-1\" \/>\n<link rel=\"canonical\" href=\"https:\/\/sysmatec.ch\/de\/Produkt\/bioreaktor-minifor2bio-touch\/\" \/>\n<meta property=\"og:locale\" content=\"de_DE\" \/>\n<meta property=\"og:type\" content=\"article\" \/>\n<meta property=\"og:title\" content=\"Bioreaktor Minifor2Bio touch - Sysmatec\" \/>\n<meta property=\"og:description\" content=\"Autoklavierbarer Laborfermenter\/Bioreaktor f\u00fcr Kulturen von Mikroorganismen und tierischen oder pflanzlichen Zellen.\" \/>\n<meta property=\"og:url\" content=\"https:\/\/sysmatec.ch\/de\/Produkt\/bioreaktor-minifor2bio-touch\/\" \/>\n<meta property=\"og:site_name\" content=\"Sysmatec\" \/>\n<meta property=\"article:modified_time\" content=\"2026-01-09T09:23:54+00:00\" \/>\n<meta property=\"og:image\" content=\"https:\/\/sysmatec.ch\/wp-content\/uploads\/2025\/04\/Fermenteur_Minifor2Bio1.jpg\" \/>\n\t<meta property=\"og:image:width\" content=\"500\" \/>\n\t<meta property=\"og:image:height\" content=\"850\" \/>\n\t<meta property=\"og:image:type\" content=\"image\/jpeg\" \/>\n<meta name=\"twitter:card\" content=\"summary_large_image\" \/>\n<meta name=\"twitter:label1\" content=\"Gesch\u00e4tzte Lesezeit\" \/>\n\t<meta name=\"twitter:data1\" content=\"5\u00a0Minuten\" \/>\n<script type=\"application\/ld+json\" class=\"yoast-schema-graph\">{\"@context\":\"https:\\\/\\\/schema.org\",\"@graph\":[{\"@type\":\"WebPage\",\"@id\":\"https:\\\/\\\/sysmatec.ch\\\/de\\\/Produkt\\\/bioreaktor-minifor2bio-touch\\\/\",\"url\":\"https:\\\/\\\/sysmatec.ch\\\/de\\\/Produkt\\\/bioreaktor-minifor2bio-touch\\\/\",\"name\":\"Bioreaktor Minifor2Bio touch - Sysmatec\",\"isPartOf\":{\"@id\":\"https:\\\/\\\/sysmatec.ch\\\/de\\\/#website\"},\"primaryImageOfPage\":{\"@id\":\"https:\\\/\\\/sysmatec.ch\\\/de\\\/Produkt\\\/bioreaktor-minifor2bio-touch\\\/#primaryimage\"},\"image\":{\"@id\":\"https:\\\/\\\/sysmatec.ch\\\/de\\\/Produkt\\\/bioreaktor-minifor2bio-touch\\\/#primaryimage\"},\"thumbnailUrl\":\"https:\\\/\\\/sysmatec.ch\\\/wp-content\\\/uploads\\\/2025\\\/04\\\/Fermenteur_Minifor2Bio1.jpg\",\"datePublished\":\"2025-04-10T18:39:32+00:00\",\"dateModified\":\"2026-01-09T09:23:54+00:00\",\"description\":\"Autoklavierbarer Laborfermenter\\\/Bioreaktor f\u00fcr Kulturen von Mikroorganismen und tierischen oder pflanzlichen Zellen.\",\"breadcrumb\":{\"@id\":\"https:\\\/\\\/sysmatec.ch\\\/de\\\/Produkt\\\/bioreaktor-minifor2bio-touch\\\/#breadcrumb\"},\"inLanguage\":\"de\",\"potentialAction\":[{\"@type\":\"ReadAction\",\"target\":[\"https:\\\/\\\/sysmatec.ch\\\/de\\\/Produkt\\\/bioreaktor-minifor2bio-touch\\\/\"]}]},{\"@type\":\"ImageObject\",\"inLanguage\":\"de\",\"@id\":\"https:\\\/\\\/sysmatec.ch\\\/de\\\/Produkt\\\/bioreaktor-minifor2bio-touch\\\/#primaryimage\",\"url\":\"https:\\\/\\\/sysmatec.ch\\\/wp-content\\\/uploads\\\/2025\\\/04\\\/Fermenteur_Minifor2Bio1.jpg\",\"contentUrl\":\"https:\\\/\\\/sysmatec.ch\\\/wp-content\\\/uploads\\\/2025\\\/04\\\/Fermenteur_Minifor2Bio1.jpg\",\"width\":500,\"height\":850},{\"@type\":\"BreadcrumbList\",\"@id\":\"https:\\\/\\\/sysmatec.ch\\\/de\\\/Produkt\\\/bioreaktor-minifor2bio-touch\\\/#breadcrumb\",\"itemListElement\":[{\"@type\":\"ListItem\",\"position\":1,\"name\":\"Accueil\",\"item\":\"https:\\\/\\\/sysmatec.ch\\\/de\\\/\"},{\"@type\":\"ListItem\",\"position\":2,\"name\":\"Die Aktivit\u00e4t von Sysmatec\",\"item\":\"https:\\\/\\\/sysmatec.ch\\\/de\\\/\"},{\"@type\":\"ListItem\",\"position\":3,\"name\":\"Bioreaktor Minifor2Bio touch\"}]},{\"@type\":\"WebSite\",\"@id\":\"https:\\\/\\\/sysmatec.ch\\\/de\\\/#website\",\"url\":\"https:\\\/\\\/sysmatec.ch\\\/de\\\/\",\"name\":\"Sysmatec\",\"description\":\"Equipement de laboratoire et logiciels\",\"publisher\":{\"@id\":\"https:\\\/\\\/sysmatec.ch\\\/de\\\/#organization\"},\"potentialAction\":[{\"@type\":\"SearchAction\",\"target\":{\"@type\":\"EntryPoint\",\"urlTemplate\":\"https:\\\/\\\/sysmatec.ch\\\/de\\\/?s={search_term_string}\"},\"query-input\":{\"@type\":\"PropertyValueSpecification\",\"valueRequired\":true,\"valueName\":\"search_term_string\"}}],\"inLanguage\":\"de\"},{\"@type\":\"Organization\",\"@id\":\"https:\\\/\\\/sysmatec.ch\\\/de\\\/#organization\",\"name\":\"Sysmatec\",\"url\":\"https:\\\/\\\/sysmatec.ch\\\/de\\\/\",\"logo\":{\"@type\":\"ImageObject\",\"inLanguage\":\"de\",\"@id\":\"https:\\\/\\\/sysmatec.ch\\\/de\\\/#\\\/schema\\\/logo\\\/image\\\/\",\"url\":\"https:\\\/\\\/sysmatec.ch\\\/wp-content\\\/uploads\\\/2018\\\/11\\\/LogoSysmatec.jpg\",\"contentUrl\":\"https:\\\/\\\/sysmatec.ch\\\/wp-content\\\/uploads\\\/2018\\\/11\\\/LogoSysmatec.jpg\",\"width\":301,\"height\":297,\"caption\":\"Sysmatec\"},\"image\":{\"@id\":\"https:\\\/\\\/sysmatec.ch\\\/de\\\/#\\\/schema\\\/logo\\\/image\\\/\"}}]}<\/script>\n<!-- \/ Yoast SEO plugin. -->","yoast_head_json":{"title":"Bioreaktor Minifor2Bio touch - Sysmatec","description":"Autoklavierbarer Laborfermenter\/Bioreaktor f\u00fcr Kulturen von Mikroorganismen und tierischen oder pflanzlichen Zellen.","robots":{"index":"index","follow":"follow","max-snippet":"max-snippet:-1","max-image-preview":"max-image-preview:large","max-video-preview":"max-video-preview:-1"},"canonical":"https:\/\/sysmatec.ch\/de\/Produkt\/bioreaktor-minifor2bio-touch\/","og_locale":"de_DE","og_type":"article","og_title":"Bioreaktor Minifor2Bio touch - Sysmatec","og_description":"Autoklavierbarer Laborfermenter\/Bioreaktor f\u00fcr Kulturen von Mikroorganismen und tierischen oder pflanzlichen Zellen.","og_url":"https:\/\/sysmatec.ch\/de\/Produkt\/bioreaktor-minifor2bio-touch\/","og_site_name":"Sysmatec","article_modified_time":"2026-01-09T09:23:54+00:00","og_image":[{"width":500,"height":850,"url":"https:\/\/sysmatec.ch\/wp-content\/uploads\/2025\/04\/Fermenteur_Minifor2Bio1.jpg","type":"image\/jpeg"}],"twitter_card":"summary_large_image","twitter_misc":{"Gesch\u00e4tzte Lesezeit":"5\u00a0Minuten"},"schema":{"@context":"https:\/\/schema.org","@graph":[{"@type":"WebPage","@id":"https:\/\/sysmatec.ch\/de\/Produkt\/bioreaktor-minifor2bio-touch\/","url":"https:\/\/sysmatec.ch\/de\/Produkt\/bioreaktor-minifor2bio-touch\/","name":"Bioreaktor Minifor2Bio touch - Sysmatec","isPartOf":{"@id":"https:\/\/sysmatec.ch\/de\/#website"},"primaryImageOfPage":{"@id":"https:\/\/sysmatec.ch\/de\/Produkt\/bioreaktor-minifor2bio-touch\/#primaryimage"},"image":{"@id":"https:\/\/sysmatec.ch\/de\/Produkt\/bioreaktor-minifor2bio-touch\/#primaryimage"},"thumbnailUrl":"https:\/\/sysmatec.ch\/wp-content\/uploads\/2025\/04\/Fermenteur_Minifor2Bio1.jpg","datePublished":"2025-04-10T18:39:32+00:00","dateModified":"2026-01-09T09:23:54+00:00","description":"Autoklavierbarer Laborfermenter\/Bioreaktor f\u00fcr Kulturen von Mikroorganismen und tierischen oder pflanzlichen Zellen.","breadcrumb":{"@id":"https:\/\/sysmatec.ch\/de\/Produkt\/bioreaktor-minifor2bio-touch\/#breadcrumb"},"inLanguage":"de","potentialAction":[{"@type":"ReadAction","target":["https:\/\/sysmatec.ch\/de\/Produkt\/bioreaktor-minifor2bio-touch\/"]}]},{"@type":"ImageObject","inLanguage":"de","@id":"https:\/\/sysmatec.ch\/de\/Produkt\/bioreaktor-minifor2bio-touch\/#primaryimage","url":"https:\/\/sysmatec.ch\/wp-content\/uploads\/2025\/04\/Fermenteur_Minifor2Bio1.jpg","contentUrl":"https:\/\/sysmatec.ch\/wp-content\/uploads\/2025\/04\/Fermenteur_Minifor2Bio1.jpg","width":500,"height":850},{"@type":"BreadcrumbList","@id":"https:\/\/sysmatec.ch\/de\/Produkt\/bioreaktor-minifor2bio-touch\/#breadcrumb","itemListElement":[{"@type":"ListItem","position":1,"name":"Accueil","item":"https:\/\/sysmatec.ch\/de\/"},{"@type":"ListItem","position":2,"name":"Die Aktivit\u00e4t von Sysmatec","item":"https:\/\/sysmatec.ch\/de\/"},{"@type":"ListItem","position":3,"name":"Bioreaktor Minifor2Bio touch"}]},{"@type":"WebSite","@id":"https:\/\/sysmatec.ch\/de\/#website","url":"https:\/\/sysmatec.ch\/de\/","name":"Sysmatec","description":"Equipement de laboratoire et logiciels","publisher":{"@id":"https:\/\/sysmatec.ch\/de\/#organization"},"potentialAction":[{"@type":"SearchAction","target":{"@type":"EntryPoint","urlTemplate":"https:\/\/sysmatec.ch\/de\/?s={search_term_string}"},"query-input":{"@type":"PropertyValueSpecification","valueRequired":true,"valueName":"search_term_string"}}],"inLanguage":"de"},{"@type":"Organization","@id":"https:\/\/sysmatec.ch\/de\/#organization","name":"Sysmatec","url":"https:\/\/sysmatec.ch\/de\/","logo":{"@type":"ImageObject","inLanguage":"de","@id":"https:\/\/sysmatec.ch\/de\/#\/schema\/logo\/image\/","url":"https:\/\/sysmatec.ch\/wp-content\/uploads\/2018\/11\/LogoSysmatec.jpg","contentUrl":"https:\/\/sysmatec.ch\/wp-content\/uploads\/2018\/11\/LogoSysmatec.jpg","width":301,"height":297,"caption":"Sysmatec"},"image":{"@id":"https:\/\/sysmatec.ch\/de\/#\/schema\/logo\/image\/"}}]}},"_links":{"self":[{"href":"https:\/\/sysmatec.ch\/de\/wp-json\/wp\/v2\/product\/30543","targetHints":{"allow":["GET"]}}],"collection":[{"href":"https:\/\/sysmatec.ch\/de\/wp-json\/wp\/v2\/product"}],"about":[{"href":"https:\/\/sysmatec.ch\/de\/wp-json\/wp\/v2\/types\/product"}],"wp:featuredmedia":[{"embeddable":true,"href":"https:\/\/sysmatec.ch\/de\/wp-json\/wp\/v2\/media\/30998"}],"wp:attachment":[{"href":"https:\/\/sysmatec.ch\/de\/wp-json\/wp\/v2\/media?parent=30543"}],"wp:term":[{"taxonomy":"product_brand","embeddable":true,"href":"https:\/\/sysmatec.ch\/de\/wp-json\/wp\/v2\/product_brand?post=30543"},{"taxonomy":"product_cat","embeddable":true,"href":"https:\/\/sysmatec.ch\/de\/wp-json\/wp\/v2\/product_cat?post=30543"},{"taxonomy":"product_tag","embeddable":true,"href":"https:\/\/sysmatec.ch\/de\/wp-json\/wp\/v2\/product_tag?post=30543"}],"curies":[{"name":"wp","href":"https:\/\/api.w.org\/{rel}","templated":true}]}}