{"id":30514,"date":"2025-03-23T10:50:19","date_gmt":"2025-03-23T09:50:19","guid":{"rendered":"https:\/\/sysmatec.ch\/?post_type=product&#038;p=30514"},"modified":"2025-03-23T11:20:26","modified_gmt":"2025-03-23T10:20:26","slug":"pu-polyurethan-schlauch","status":"publish","type":"product","link":"https:\/\/sysmatec.ch\/de\/Produkt\/pu-polyurethan-schlauch\/","title":{"rendered":"PU (Polyurethan) Schlauch"},"content":{"rendered":"<ul>\n<li>M\u00f6gliche Schlauch Au\u00dfendurchmesser: \u00d8 4 bis \u00d8 12 mm<\/li>\n<li>Betriebstemperatur: -20 bis 60 \u00b0C<\/li>\n<li>Auch in verschiedenen Farben erh\u00e4ltlich, andere Durchmesser auf Anfrage.<\/li>\n<\/ul>\n<table style=\"border-collapse: collapse; width: 752px; height: 246px;\" border=\"0\" width=\"240\" cellspacing=\"0\" cellpadding=\"0\">\n<tbody>\n<tr style=\"height: 60.0pt;\">\n<td class=\"xl63\" style=\"height: 60.0pt; width: 60pt;\" width=\"80\" height=\"80\">Ref. Nr<\/td>\n<td class=\"xl63\" style=\"border-left: none; width: 60pt;\" width=\"80\">Innendurchmesser mm<\/td>\n<td class=\"xl63\" style=\"border-left: none; width: 60pt;\" width=\"80\">Aussendurchmesser mm<\/td>\n<\/tr>\n<tr style=\"height: 15.0pt;\">\n<td class=\"xl63\" style=\"height: 15.0pt; border-top: none; width: 60pt;\" width=\"80\" height=\"20\">TU0425C<\/td>\n<td class=\"xl63\" style=\"border-top: none; border-left: none; width: 60pt;\" align=\"right\" width=\"80\">2.5<\/td>\n<td class=\"xl63\" style=\"border-top: none; border-left: none; width: 60pt;\" align=\"right\" width=\"80\">4<\/td>\n<\/tr>\n<tr style=\"height: 15.0pt;\">\n<td class=\"xl63\" style=\"height: 15.0pt; border-top: none; width: 60pt;\" width=\"80\" height=\"20\">TU0604C<\/td>\n<td class=\"xl63\" style=\"border-top: none; border-left: none; width: 60pt;\" align=\"right\" width=\"80\">4<\/td>\n<td class=\"xl63\" style=\"border-top: none; border-left: none; width: 60pt;\" align=\"right\" width=\"80\">6<\/td>\n<\/tr>\n<\/tbody>\n<\/table>\n<p>&nbsp;<\/p>\n","protected":false},"excerpt":{"rendered":"<p>PU (Polyurethan) Schlauch<\/p>\n","protected":false},"featured_media":30522,"template":"","meta":{"_crdt_document":""},"product_brand":[],"product_cat":[285,279],"product_tag":[],"class_list":{"0":"post-30514","1":"product","2":"type-product","3":"status-publish","4":"has-post-thumbnail","6":"product_cat-schlauch","7":"product_cat-verbrauchsmaterial","9":"first","10":"instock","11":"taxable","12":"shipping-taxable","13":"product-type-simple"},"yoast_head":"<!-- This site is optimized with the Yoast SEO plugin v27.3 - https:\/\/yoast.com\/product\/yoast-seo-wordpress\/ -->\n<title>PU (Polyurethan) Schlauch - Sysmatec<\/title>\n<meta name=\"description\" content=\"Polyurethan (PU)-Schlauch. Ausgezeichnete chemische Best\u00e4ndigkeit. In verschiedenen Durchmessern und verschiedenen Farben erh\u00e4ltlich.\" \/>\n<meta name=\"robots\" content=\"index, follow, max-snippet:-1, max-image-preview:large, max-video-preview:-1\" \/>\n<link rel=\"canonical\" href=\"https:\/\/sysmatec.ch\/de\/Produkt\/pu-polyurethan-schlauch\/\" \/>\n<meta property=\"og:locale\" content=\"de_DE\" \/>\n<meta property=\"og:type\" content=\"article\" \/>\n<meta property=\"og:title\" content=\"PU (Polyurethan) Schlauch - Sysmatec\" \/>\n<meta property=\"og:description\" content=\"Polyurethan (PU)-Schlauch. Ausgezeichnete chemische Best\u00e4ndigkeit. In verschiedenen Durchmessern und verschiedenen Farben erh\u00e4ltlich.\" \/>\n<meta property=\"og:url\" content=\"https:\/\/sysmatec.ch\/de\/Produkt\/pu-polyurethan-schlauch\/\" \/>\n<meta property=\"og:site_name\" content=\"Sysmatec\" \/>\n<meta property=\"article:modified_time\" content=\"2025-03-23T10:20:26+00:00\" \/>\n<meta property=\"og:image\" content=\"https:\/\/sysmatec.ch\/wp-content\/uploads\/2025\/03\/TuyauPolyurethane_SMCTU.jpg\" \/>\n\t<meta property=\"og:image:width\" content=\"750\" \/>\n\t<meta property=\"og:image:height\" content=\"1000\" \/>\n\t<meta property=\"og:image:type\" content=\"image\/jpeg\" \/>\n<meta name=\"twitter:card\" content=\"summary_large_image\" \/>\n<meta name=\"twitter:label1\" content=\"Gesch\u00e4tzte Lesezeit\" \/>\n\t<meta name=\"twitter:data1\" content=\"1\u00a0Minute\" \/>\n<script type=\"application\/ld+json\" class=\"yoast-schema-graph\">{\"@context\":\"https:\\\/\\\/schema.org\",\"@graph\":[{\"@type\":\"WebPage\",\"@id\":\"https:\\\/\\\/sysmatec.ch\\\/de\\\/Produkt\\\/pu-polyurethan-schlauch\\\/\",\"url\":\"https:\\\/\\\/sysmatec.ch\\\/de\\\/Produkt\\\/pu-polyurethan-schlauch\\\/\",\"name\":\"PU (Polyurethan) Schlauch - Sysmatec\",\"isPartOf\":{\"@id\":\"https:\\\/\\\/sysmatec.ch\\\/de\\\/#website\"},\"primaryImageOfPage\":{\"@id\":\"https:\\\/\\\/sysmatec.ch\\\/de\\\/Produkt\\\/pu-polyurethan-schlauch\\\/#primaryimage\"},\"image\":{\"@id\":\"https:\\\/\\\/sysmatec.ch\\\/de\\\/Produkt\\\/pu-polyurethan-schlauch\\\/#primaryimage\"},\"thumbnailUrl\":\"https:\\\/\\\/sysmatec.ch\\\/wp-content\\\/uploads\\\/2025\\\/03\\\/TuyauPolyurethane_SMCTU.jpg\",\"datePublished\":\"2025-03-23T09:50:19+00:00\",\"dateModified\":\"2025-03-23T10:20:26+00:00\",\"description\":\"Polyurethan (PU)-Schlauch. Ausgezeichnete chemische Best\u00e4ndigkeit. In verschiedenen Durchmessern und verschiedenen Farben erh\u00e4ltlich.\",\"breadcrumb\":{\"@id\":\"https:\\\/\\\/sysmatec.ch\\\/de\\\/Produkt\\\/pu-polyurethan-schlauch\\\/#breadcrumb\"},\"inLanguage\":\"de\",\"potentialAction\":[{\"@type\":\"ReadAction\",\"target\":[\"https:\\\/\\\/sysmatec.ch\\\/de\\\/Produkt\\\/pu-polyurethan-schlauch\\\/\"]}]},{\"@type\":\"ImageObject\",\"inLanguage\":\"de\",\"@id\":\"https:\\\/\\\/sysmatec.ch\\\/de\\\/Produkt\\\/pu-polyurethan-schlauch\\\/#primaryimage\",\"url\":\"https:\\\/\\\/sysmatec.ch\\\/wp-content\\\/uploads\\\/2025\\\/03\\\/TuyauPolyurethane_SMCTU.jpg\",\"contentUrl\":\"https:\\\/\\\/sysmatec.ch\\\/wp-content\\\/uploads\\\/2025\\\/03\\\/TuyauPolyurethane_SMCTU.jpg\",\"width\":750,\"height\":1000},{\"@type\":\"BreadcrumbList\",\"@id\":\"https:\\\/\\\/sysmatec.ch\\\/de\\\/Produkt\\\/pu-polyurethan-schlauch\\\/#breadcrumb\",\"itemListElement\":[{\"@type\":\"ListItem\",\"position\":1,\"name\":\"Accueil\",\"item\":\"https:\\\/\\\/sysmatec.ch\\\/de\\\/\"},{\"@type\":\"ListItem\",\"position\":2,\"name\":\"Die Aktivit\u00e4t von Sysmatec\",\"item\":\"https:\\\/\\\/sysmatec.ch\\\/de\\\/\"},{\"@type\":\"ListItem\",\"position\":3,\"name\":\"PU (Polyurethan) Schlauch\"}]},{\"@type\":\"WebSite\",\"@id\":\"https:\\\/\\\/sysmatec.ch\\\/de\\\/#website\",\"url\":\"https:\\\/\\\/sysmatec.ch\\\/de\\\/\",\"name\":\"Sysmatec\",\"description\":\"Equipement de laboratoire et logiciels\",\"publisher\":{\"@id\":\"https:\\\/\\\/sysmatec.ch\\\/de\\\/#organization\"},\"potentialAction\":[{\"@type\":\"SearchAction\",\"target\":{\"@type\":\"EntryPoint\",\"urlTemplate\":\"https:\\\/\\\/sysmatec.ch\\\/de\\\/?s={search_term_string}\"},\"query-input\":{\"@type\":\"PropertyValueSpecification\",\"valueRequired\":true,\"valueName\":\"search_term_string\"}}],\"inLanguage\":\"de\"},{\"@type\":\"Organization\",\"@id\":\"https:\\\/\\\/sysmatec.ch\\\/de\\\/#organization\",\"name\":\"Sysmatec\",\"url\":\"https:\\\/\\\/sysmatec.ch\\\/de\\\/\",\"logo\":{\"@type\":\"ImageObject\",\"inLanguage\":\"de\",\"@id\":\"https:\\\/\\\/sysmatec.ch\\\/de\\\/#\\\/schema\\\/logo\\\/image\\\/\",\"url\":\"https:\\\/\\\/sysmatec.ch\\\/wp-content\\\/uploads\\\/2018\\\/11\\\/LogoSysmatec.jpg\",\"contentUrl\":\"https:\\\/\\\/sysmatec.ch\\\/wp-content\\\/uploads\\\/2018\\\/11\\\/LogoSysmatec.jpg\",\"width\":301,\"height\":297,\"caption\":\"Sysmatec\"},\"image\":{\"@id\":\"https:\\\/\\\/sysmatec.ch\\\/de\\\/#\\\/schema\\\/logo\\\/image\\\/\"}}]}<\/script>\n<!-- \/ Yoast SEO plugin. -->","yoast_head_json":{"title":"PU (Polyurethan) Schlauch - Sysmatec","description":"Polyurethan (PU)-Schlauch. Ausgezeichnete chemische Best\u00e4ndigkeit. In verschiedenen Durchmessern und verschiedenen Farben erh\u00e4ltlich.","robots":{"index":"index","follow":"follow","max-snippet":"max-snippet:-1","max-image-preview":"max-image-preview:large","max-video-preview":"max-video-preview:-1"},"canonical":"https:\/\/sysmatec.ch\/de\/Produkt\/pu-polyurethan-schlauch\/","og_locale":"de_DE","og_type":"article","og_title":"PU (Polyurethan) Schlauch - Sysmatec","og_description":"Polyurethan (PU)-Schlauch. Ausgezeichnete chemische Best\u00e4ndigkeit. In verschiedenen Durchmessern und verschiedenen Farben erh\u00e4ltlich.","og_url":"https:\/\/sysmatec.ch\/de\/Produkt\/pu-polyurethan-schlauch\/","og_site_name":"Sysmatec","article_modified_time":"2025-03-23T10:20:26+00:00","og_image":[{"width":750,"height":1000,"url":"https:\/\/sysmatec.ch\/wp-content\/uploads\/2025\/03\/TuyauPolyurethane_SMCTU.jpg","type":"image\/jpeg"}],"twitter_card":"summary_large_image","twitter_misc":{"Gesch\u00e4tzte Lesezeit":"1\u00a0Minute"},"schema":{"@context":"https:\/\/schema.org","@graph":[{"@type":"WebPage","@id":"https:\/\/sysmatec.ch\/de\/Produkt\/pu-polyurethan-schlauch\/","url":"https:\/\/sysmatec.ch\/de\/Produkt\/pu-polyurethan-schlauch\/","name":"PU (Polyurethan) Schlauch - Sysmatec","isPartOf":{"@id":"https:\/\/sysmatec.ch\/de\/#website"},"primaryImageOfPage":{"@id":"https:\/\/sysmatec.ch\/de\/Produkt\/pu-polyurethan-schlauch\/#primaryimage"},"image":{"@id":"https:\/\/sysmatec.ch\/de\/Produkt\/pu-polyurethan-schlauch\/#primaryimage"},"thumbnailUrl":"https:\/\/sysmatec.ch\/wp-content\/uploads\/2025\/03\/TuyauPolyurethane_SMCTU.jpg","datePublished":"2025-03-23T09:50:19+00:00","dateModified":"2025-03-23T10:20:26+00:00","description":"Polyurethan (PU)-Schlauch. Ausgezeichnete chemische Best\u00e4ndigkeit. In verschiedenen Durchmessern und verschiedenen Farben erh\u00e4ltlich.","breadcrumb":{"@id":"https:\/\/sysmatec.ch\/de\/Produkt\/pu-polyurethan-schlauch\/#breadcrumb"},"inLanguage":"de","potentialAction":[{"@type":"ReadAction","target":["https:\/\/sysmatec.ch\/de\/Produkt\/pu-polyurethan-schlauch\/"]}]},{"@type":"ImageObject","inLanguage":"de","@id":"https:\/\/sysmatec.ch\/de\/Produkt\/pu-polyurethan-schlauch\/#primaryimage","url":"https:\/\/sysmatec.ch\/wp-content\/uploads\/2025\/03\/TuyauPolyurethane_SMCTU.jpg","contentUrl":"https:\/\/sysmatec.ch\/wp-content\/uploads\/2025\/03\/TuyauPolyurethane_SMCTU.jpg","width":750,"height":1000},{"@type":"BreadcrumbList","@id":"https:\/\/sysmatec.ch\/de\/Produkt\/pu-polyurethan-schlauch\/#breadcrumb","itemListElement":[{"@type":"ListItem","position":1,"name":"Accueil","item":"https:\/\/sysmatec.ch\/de\/"},{"@type":"ListItem","position":2,"name":"Die Aktivit\u00e4t von Sysmatec","item":"https:\/\/sysmatec.ch\/de\/"},{"@type":"ListItem","position":3,"name":"PU (Polyurethan) Schlauch"}]},{"@type":"WebSite","@id":"https:\/\/sysmatec.ch\/de\/#website","url":"https:\/\/sysmatec.ch\/de\/","name":"Sysmatec","description":"Equipement de laboratoire et logiciels","publisher":{"@id":"https:\/\/sysmatec.ch\/de\/#organization"},"potentialAction":[{"@type":"SearchAction","target":{"@type":"EntryPoint","urlTemplate":"https:\/\/sysmatec.ch\/de\/?s={search_term_string}"},"query-input":{"@type":"PropertyValueSpecification","valueRequired":true,"valueName":"search_term_string"}}],"inLanguage":"de"},{"@type":"Organization","@id":"https:\/\/sysmatec.ch\/de\/#organization","name":"Sysmatec","url":"https:\/\/sysmatec.ch\/de\/","logo":{"@type":"ImageObject","inLanguage":"de","@id":"https:\/\/sysmatec.ch\/de\/#\/schema\/logo\/image\/","url":"https:\/\/sysmatec.ch\/wp-content\/uploads\/2018\/11\/LogoSysmatec.jpg","contentUrl":"https:\/\/sysmatec.ch\/wp-content\/uploads\/2018\/11\/LogoSysmatec.jpg","width":301,"height":297,"caption":"Sysmatec"},"image":{"@id":"https:\/\/sysmatec.ch\/de\/#\/schema\/logo\/image\/"}}]}},"_links":{"self":[{"href":"https:\/\/sysmatec.ch\/de\/wp-json\/wp\/v2\/product\/30514","targetHints":{"allow":["GET"]}}],"collection":[{"href":"https:\/\/sysmatec.ch\/de\/wp-json\/wp\/v2\/product"}],"about":[{"href":"https:\/\/sysmatec.ch\/de\/wp-json\/wp\/v2\/types\/product"}],"wp:featuredmedia":[{"embeddable":true,"href":"https:\/\/sysmatec.ch\/de\/wp-json\/wp\/v2\/media\/30522"}],"wp:attachment":[{"href":"https:\/\/sysmatec.ch\/de\/wp-json\/wp\/v2\/media?parent=30514"}],"wp:term":[{"taxonomy":"product_brand","embeddable":true,"href":"https:\/\/sysmatec.ch\/de\/wp-json\/wp\/v2\/product_brand?post=30514"},{"taxonomy":"product_cat","embeddable":true,"href":"https:\/\/sysmatec.ch\/de\/wp-json\/wp\/v2\/product_cat?post=30514"},{"taxonomy":"product_tag","embeddable":true,"href":"https:\/\/sysmatec.ch\/de\/wp-json\/wp\/v2\/product_tag?post=30514"}],"curies":[{"name":"wp","href":"https:\/\/api.w.org\/{rel}","templated":true}]}}