{"id":3051,"date":"2019-02-16T11:24:46","date_gmt":"2019-02-16T10:24:46","guid":{"rendered":"https:\/\/sysmatec.ch\/produit\/balance-de-sol-kern-bbb-n\/"},"modified":"2022-02-27T09:59:52","modified_gmt":"2022-02-27T08:59:52","slug":"durchfahrwaage-kern-nib","status":"publish","type":"product","link":"https:\/\/sysmatec.ch\/de\/Produkt\/durchfahrwaage-kern-nib\/","title":{"rendered":"Durchfahrwaage KERN NIB"},"content":{"rendered":"<ul id=\"kernList1\">\n<li>Niedrige Bauh\u00f6he der Plattform sowie integrierte Auffahrrampen an beiden Seiten erleichtern das Auffahren. Dadurch kein Grubenrahmeneinbau n\u00f6tig \u2013 das spart Geld<\/li>\n<li>W\u00e4gebr\u00fccke: Stahl, pulverbeschichtet, 4 silikonbeschichtete Aluminium-W\u00e4gezellen, Staub- und Spritzwasserschutz IP67<\/li>\n<li>\n<div id=\"verweis_02\">\u00a0Libelle zum exakten\u00a0<a>Nivellieren<\/a> der Waage serienm\u00e4\u00dfig<\/div>\n<\/li>\n<li>\n<div id=\"verweis_03\">\u00a0Waage kann mittels\u00a0Rollen\u00a0und\u00a0Haltegriff\u00a0bequem transportiert und platzsparend verstaut werden<\/div>\n<\/li>\n<li>Wandhalterung zur Wandmontage des Anzeigeger\u00e4ts serienm\u00e4\u00dfig<\/li>\n<li>Arbeitsschutzhaube im Lieferumfang enthalten<\/li>\n<li>Gro\u00dfes LCD-Display, Ziffernh\u00f6he 25 mm<\/li>\n<li>Gesamtabmessungen B\u00d7T\u00d7H mm<\/li>\n<li>Bauh\u00f6he\u00a0im Durchfahrbereich : 40 mm<\/li>\n<li>Abmessungen W\u00e4gefl\u00e4che B\u00d7T 800\u00d7800 mm<\/li>\n<li>Kabell\u00e4nge Auswerteger\u00e4t ca. 3 m<\/li>\n<li>Batteriebetrieb m\u00f6glich, Batterien nicht serienm\u00e4\u00dfig<\/li>\n<li>Externer Netzadapter serienm\u00e4\u00dfig<\/li>\n<li>Zul\u00e4ssiger Umgebungstemperaturbereich -10 \u00b0C\/40 \u00b0C<\/li>\n<\/ul>\n<table border=\"1\" width=\"511\" cellspacing=\"0\" cellpadding=\"2\">\n<tbody>\n<tr>\n<td>Waage Modell<\/td>\n<td width=\"10%\">Ablesbarkeit<\/td>\n<td width=\"10%\">W\u00e4gebereich<\/td>\n<td width=\"10%\">Platte<\/td>\n<\/tr>\n<tr>\n<td><\/td>\n<td width=\"10%\">g<\/td>\n<td width=\"10%\">kg<\/td>\n<td width=\"10%\">mm<\/td>\n<\/tr>\n<tr>\n<td>NIB 300K-1<\/td>\n<td width=\"10%\">100<\/td>\n<td width=\"10%\">300<\/td>\n<td width=\"10%\">800&#215;800<\/td>\n<\/tr>\n<tr>\n<td>NIB 600K-2<\/td>\n<td width=\"10%\">200<\/td>\n<td width=\"10%\">600<\/td>\n<td width=\"10%\">800&#215;800<\/td>\n<\/tr>\n<\/tbody>\n<\/table>\n","protected":false},"excerpt":{"rendered":"<p>Durchfahrwaage 0-300 kg \u00e0 0-600 kg<\/p>\n","protected":false},"featured_media":23910,"template":"","meta":{"_crdt_document":""},"product_brand":[],"product_cat":[165,339],"product_tag":[],"class_list":{"0":"post-3051","1":"product","2":"type-product","3":"status-publish","4":"has-post-thumbnail","6":"product_cat-gewicht","7":"product_cat-plattform","9":"first","10":"instock","11":"taxable","12":"shipping-taxable","13":"purchasable","14":"product-type-simple"},"yoast_head":"<!-- This site is optimized with the Yoast SEO plugin v27.3 - https:\/\/yoast.com\/product\/yoast-seo-wordpress\/ -->\n<title>Durchfahrwaage KERN NIB - Sysmatec<\/title>\n<meta name=\"description\" content=\"Platform scale to be placed on the floor. Two access ramps included. Weighing ranges 0-300 kg and 0-600 kg.\" \/>\n<meta name=\"robots\" content=\"index, follow, max-snippet:-1, max-image-preview:large, max-video-preview:-1\" \/>\n<link rel=\"canonical\" href=\"https:\/\/sysmatec.ch\/de\/produit\/durchfahrwaage-kern-nib\/\" \/>\n<meta property=\"og:locale\" content=\"de_DE\" \/>\n<meta property=\"og:type\" content=\"article\" \/>\n<meta property=\"og:title\" content=\"Durchfahrwaage KERN NIB - Sysmatec\" \/>\n<meta property=\"og:description\" content=\"Platform scale to be placed on the floor. Two access ramps included. Weighing ranges 0-300 kg and 0-600 kg.\" \/>\n<meta property=\"og:url\" content=\"https:\/\/sysmatec.ch\/de\/produit\/durchfahrwaage-kern-nib\/\" \/>\n<meta property=\"og:site_name\" content=\"Sysmatec\" \/>\n<meta property=\"article:modified_time\" content=\"2022-02-27T08:59:52+00:00\" \/>\n<meta property=\"og:image\" content=\"https:\/\/sysmatec.ch\/wp-content\/uploads\/2019\/02\/Balance_NIB-scaled.jpg\" \/>\n\t<meta property=\"og:image:width\" content=\"2560\" \/>\n\t<meta property=\"og:image:height\" content=\"2107\" \/>\n\t<meta property=\"og:image:type\" content=\"image\/jpeg\" \/>\n<meta name=\"twitter:card\" content=\"summary_large_image\" \/>\n<meta name=\"twitter:label1\" content=\"Gesch\u00e4tzte Lesezeit\" \/>\n\t<meta name=\"twitter:data1\" content=\"1\u00a0Minute\" \/>\n<script type=\"application\/ld+json\" class=\"yoast-schema-graph\">{\"@context\":\"https:\\\/\\\/schema.org\",\"@graph\":[{\"@type\":\"WebPage\",\"@id\":\"https:\\\/\\\/sysmatec.ch\\\/de\\\/produit\\\/durchfahrwaage-kern-nib\\\/\",\"url\":\"https:\\\/\\\/sysmatec.ch\\\/de\\\/produit\\\/durchfahrwaage-kern-nib\\\/\",\"name\":\"Durchfahrwaage KERN NIB - Sysmatec\",\"isPartOf\":{\"@id\":\"https:\\\/\\\/sysmatec.ch\\\/de\\\/#website\"},\"primaryImageOfPage\":{\"@id\":\"https:\\\/\\\/sysmatec.ch\\\/de\\\/produit\\\/durchfahrwaage-kern-nib\\\/#primaryimage\"},\"image\":{\"@id\":\"https:\\\/\\\/sysmatec.ch\\\/de\\\/produit\\\/durchfahrwaage-kern-nib\\\/#primaryimage\"},\"thumbnailUrl\":\"https:\\\/\\\/sysmatec.ch\\\/wp-content\\\/uploads\\\/2019\\\/02\\\/Balance_NIB-scaled.jpg\",\"datePublished\":\"2019-02-16T10:24:46+00:00\",\"dateModified\":\"2022-02-27T08:59:52+00:00\",\"description\":\"Platform scale to be placed on the floor. Two access ramps included. Weighing ranges 0-300 kg and 0-600 kg.\",\"breadcrumb\":{\"@id\":\"https:\\\/\\\/sysmatec.ch\\\/de\\\/produit\\\/durchfahrwaage-kern-nib\\\/#breadcrumb\"},\"inLanguage\":\"de\",\"potentialAction\":[{\"@type\":\"ReadAction\",\"target\":[\"https:\\\/\\\/sysmatec.ch\\\/de\\\/produit\\\/durchfahrwaage-kern-nib\\\/\"]}]},{\"@type\":\"ImageObject\",\"inLanguage\":\"de\",\"@id\":\"https:\\\/\\\/sysmatec.ch\\\/de\\\/produit\\\/durchfahrwaage-kern-nib\\\/#primaryimage\",\"url\":\"https:\\\/\\\/sysmatec.ch\\\/wp-content\\\/uploads\\\/2019\\\/02\\\/Balance_NIB-scaled.jpg\",\"contentUrl\":\"https:\\\/\\\/sysmatec.ch\\\/wp-content\\\/uploads\\\/2019\\\/02\\\/Balance_NIB-scaled.jpg\",\"width\":2560,\"height\":2107},{\"@type\":\"BreadcrumbList\",\"@id\":\"https:\\\/\\\/sysmatec.ch\\\/de\\\/produit\\\/durchfahrwaage-kern-nib\\\/#breadcrumb\",\"itemListElement\":[{\"@type\":\"ListItem\",\"position\":1,\"name\":\"Accueil\",\"item\":\"https:\\\/\\\/sysmatec.ch\\\/de\\\/\"},{\"@type\":\"ListItem\",\"position\":2,\"name\":\"Die Aktivit\u00e4t von Sysmatec\",\"item\":\"https:\\\/\\\/sysmatec.ch\\\/de\\\/\"},{\"@type\":\"ListItem\",\"position\":3,\"name\":\"Durchfahrwaage KERN NIB\"}]},{\"@type\":\"WebSite\",\"@id\":\"https:\\\/\\\/sysmatec.ch\\\/de\\\/#website\",\"url\":\"https:\\\/\\\/sysmatec.ch\\\/de\\\/\",\"name\":\"Sysmatec\",\"description\":\"Equipement de laboratoire et logiciels\",\"publisher\":{\"@id\":\"https:\\\/\\\/sysmatec.ch\\\/de\\\/#organization\"},\"potentialAction\":[{\"@type\":\"SearchAction\",\"target\":{\"@type\":\"EntryPoint\",\"urlTemplate\":\"https:\\\/\\\/sysmatec.ch\\\/de\\\/?s={search_term_string}\"},\"query-input\":{\"@type\":\"PropertyValueSpecification\",\"valueRequired\":true,\"valueName\":\"search_term_string\"}}],\"inLanguage\":\"de\"},{\"@type\":\"Organization\",\"@id\":\"https:\\\/\\\/sysmatec.ch\\\/de\\\/#organization\",\"name\":\"Sysmatec\",\"url\":\"https:\\\/\\\/sysmatec.ch\\\/de\\\/\",\"logo\":{\"@type\":\"ImageObject\",\"inLanguage\":\"de\",\"@id\":\"https:\\\/\\\/sysmatec.ch\\\/de\\\/#\\\/schema\\\/logo\\\/image\\\/\",\"url\":\"https:\\\/\\\/sysmatec.ch\\\/wp-content\\\/uploads\\\/2018\\\/11\\\/LogoSysmatec.jpg\",\"contentUrl\":\"https:\\\/\\\/sysmatec.ch\\\/wp-content\\\/uploads\\\/2018\\\/11\\\/LogoSysmatec.jpg\",\"width\":301,\"height\":297,\"caption\":\"Sysmatec\"},\"image\":{\"@id\":\"https:\\\/\\\/sysmatec.ch\\\/de\\\/#\\\/schema\\\/logo\\\/image\\\/\"}}]}<\/script>\n<!-- \/ Yoast SEO plugin. -->","yoast_head_json":{"title":"Durchfahrwaage KERN NIB - Sysmatec","description":"Platform scale to be placed on the floor. Two access ramps included. Weighing ranges 0-300 kg and 0-600 kg.","robots":{"index":"index","follow":"follow","max-snippet":"max-snippet:-1","max-image-preview":"max-image-preview:large","max-video-preview":"max-video-preview:-1"},"canonical":"https:\/\/sysmatec.ch\/de\/produit\/durchfahrwaage-kern-nib\/","og_locale":"de_DE","og_type":"article","og_title":"Durchfahrwaage KERN NIB - Sysmatec","og_description":"Platform scale to be placed on the floor. Two access ramps included. Weighing ranges 0-300 kg and 0-600 kg.","og_url":"https:\/\/sysmatec.ch\/de\/produit\/durchfahrwaage-kern-nib\/","og_site_name":"Sysmatec","article_modified_time":"2022-02-27T08:59:52+00:00","og_image":[{"width":2560,"height":2107,"url":"https:\/\/sysmatec.ch\/wp-content\/uploads\/2019\/02\/Balance_NIB-scaled.jpg","type":"image\/jpeg"}],"twitter_card":"summary_large_image","twitter_misc":{"Gesch\u00e4tzte Lesezeit":"1\u00a0Minute"},"schema":{"@context":"https:\/\/schema.org","@graph":[{"@type":"WebPage","@id":"https:\/\/sysmatec.ch\/de\/produit\/durchfahrwaage-kern-nib\/","url":"https:\/\/sysmatec.ch\/de\/produit\/durchfahrwaage-kern-nib\/","name":"Durchfahrwaage KERN NIB - Sysmatec","isPartOf":{"@id":"https:\/\/sysmatec.ch\/de\/#website"},"primaryImageOfPage":{"@id":"https:\/\/sysmatec.ch\/de\/produit\/durchfahrwaage-kern-nib\/#primaryimage"},"image":{"@id":"https:\/\/sysmatec.ch\/de\/produit\/durchfahrwaage-kern-nib\/#primaryimage"},"thumbnailUrl":"https:\/\/sysmatec.ch\/wp-content\/uploads\/2019\/02\/Balance_NIB-scaled.jpg","datePublished":"2019-02-16T10:24:46+00:00","dateModified":"2022-02-27T08:59:52+00:00","description":"Platform scale to be placed on the floor. Two access ramps included. Weighing ranges 0-300 kg and 0-600 kg.","breadcrumb":{"@id":"https:\/\/sysmatec.ch\/de\/produit\/durchfahrwaage-kern-nib\/#breadcrumb"},"inLanguage":"de","potentialAction":[{"@type":"ReadAction","target":["https:\/\/sysmatec.ch\/de\/produit\/durchfahrwaage-kern-nib\/"]}]},{"@type":"ImageObject","inLanguage":"de","@id":"https:\/\/sysmatec.ch\/de\/produit\/durchfahrwaage-kern-nib\/#primaryimage","url":"https:\/\/sysmatec.ch\/wp-content\/uploads\/2019\/02\/Balance_NIB-scaled.jpg","contentUrl":"https:\/\/sysmatec.ch\/wp-content\/uploads\/2019\/02\/Balance_NIB-scaled.jpg","width":2560,"height":2107},{"@type":"BreadcrumbList","@id":"https:\/\/sysmatec.ch\/de\/produit\/durchfahrwaage-kern-nib\/#breadcrumb","itemListElement":[{"@type":"ListItem","position":1,"name":"Accueil","item":"https:\/\/sysmatec.ch\/de\/"},{"@type":"ListItem","position":2,"name":"Die Aktivit\u00e4t von Sysmatec","item":"https:\/\/sysmatec.ch\/de\/"},{"@type":"ListItem","position":3,"name":"Durchfahrwaage KERN NIB"}]},{"@type":"WebSite","@id":"https:\/\/sysmatec.ch\/de\/#website","url":"https:\/\/sysmatec.ch\/de\/","name":"Sysmatec","description":"Equipement de laboratoire et logiciels","publisher":{"@id":"https:\/\/sysmatec.ch\/de\/#organization"},"potentialAction":[{"@type":"SearchAction","target":{"@type":"EntryPoint","urlTemplate":"https:\/\/sysmatec.ch\/de\/?s={search_term_string}"},"query-input":{"@type":"PropertyValueSpecification","valueRequired":true,"valueName":"search_term_string"}}],"inLanguage":"de"},{"@type":"Organization","@id":"https:\/\/sysmatec.ch\/de\/#organization","name":"Sysmatec","url":"https:\/\/sysmatec.ch\/de\/","logo":{"@type":"ImageObject","inLanguage":"de","@id":"https:\/\/sysmatec.ch\/de\/#\/schema\/logo\/image\/","url":"https:\/\/sysmatec.ch\/wp-content\/uploads\/2018\/11\/LogoSysmatec.jpg","contentUrl":"https:\/\/sysmatec.ch\/wp-content\/uploads\/2018\/11\/LogoSysmatec.jpg","width":301,"height":297,"caption":"Sysmatec"},"image":{"@id":"https:\/\/sysmatec.ch\/de\/#\/schema\/logo\/image\/"}}]}},"_links":{"self":[{"href":"https:\/\/sysmatec.ch\/de\/wp-json\/wp\/v2\/product\/3051","targetHints":{"allow":["GET"]}}],"collection":[{"href":"https:\/\/sysmatec.ch\/de\/wp-json\/wp\/v2\/product"}],"about":[{"href":"https:\/\/sysmatec.ch\/de\/wp-json\/wp\/v2\/types\/product"}],"wp:featuredmedia":[{"embeddable":true,"href":"https:\/\/sysmatec.ch\/de\/wp-json\/wp\/v2\/media\/23910"}],"wp:attachment":[{"href":"https:\/\/sysmatec.ch\/de\/wp-json\/wp\/v2\/media?parent=3051"}],"wp:term":[{"taxonomy":"product_brand","embeddable":true,"href":"https:\/\/sysmatec.ch\/de\/wp-json\/wp\/v2\/product_brand?post=3051"},{"taxonomy":"product_cat","embeddable":true,"href":"https:\/\/sysmatec.ch\/de\/wp-json\/wp\/v2\/product_cat?post=3051"},{"taxonomy":"product_tag","embeddable":true,"href":"https:\/\/sysmatec.ch\/de\/wp-json\/wp\/v2\/product_tag?post=3051"}],"curies":[{"name":"wp","href":"https:\/\/api.w.org\/{rel}","templated":true}]}}