{"id":30497,"date":"2025-03-12T18:45:32","date_gmt":"2025-03-12T17:45:32","guid":{"rendered":"https:\/\/sysmatec.ch\/?post_type=product&#038;p=30497"},"modified":"2025-03-12T19:18:41","modified_gmt":"2025-03-12T18:18:41","slug":"overall-dekosafe-plus","status":"publish","type":"product","link":"https:\/\/sysmatec.ch\/de\/Produkt\/overall-dekosafe-plus\/","title":{"rendered":"Overall Dekosafe Plus"},"content":{"rendered":"<p>Jede Overall ist durch ein Innenetikett gekennzeichnet. Dieses Etikett gibt die Schutzart und zus\u00e4tzliche Nutzungsinformationen an.<br \/>\n1. Bekleidungshersteller<br \/>\n2. DEKOSAFE PLUS ist die Modellbezeichnung eines eingen\u00e4hten Schutzanzuges mit Kapuze und Gummiz\u00fcgen an Taille, Fu\u00df- und Handgelenken.<br \/>\n3. CE-Kennzeichnung \u2013 Der Anzug entspricht den europ\u00e4ischen Normen f\u00fcr pers\u00f6nliche Schutzausr\u00fcstung der Kategorie 3.<br \/>\n4. Europ\u00e4ische Normen f\u00fcr Chemikalienschutzkleidung definieren sechs Schutzarten, symbolisiert durch ein Piktogramm:<\/p>\n<ul>\n<li>Typ 1: Gasdicht<\/li>\n<li>Typ 2: Eingeschr\u00e4nkte Gasdichtheit<\/li>\n<li>Typ 3: Fl\u00fcssigkeitsdicht<\/li>\n<li>Typ 4: Aerosoldicht<\/li>\n<li>Typ 5: Partikeldicht<\/li>\n<li>Typ 6: Eingeschr\u00e4nkte Spritz- und Partikeldichtigkeit<\/li>\n<\/ul>\n<p>Die Spezifikationen von WODES\u00ae entsprechen den europ\u00e4ischen Normen f\u00fcr pers\u00f6nliche Schutzausr\u00fcstung. DEKOSAFE PLUS-Anz\u00fcge sind TYP 5 und 6 zertifiziert.<br \/>\n5. Die angegebenen Ma\u00dfe entsprechen den Codes der \u00fcblicherweise verwendeten Gr\u00f6\u00dfen. \u00dcberpr\u00fcfen Sie Ihre Gr\u00f6\u00dfe bzw. Ma\u00dfe und nehmen Sie die entsprechende Kombination.<\/p>\n<p>6. DEKOSAFE PLUS-Overall sind antistatisch behandelt und bieten elektrostatischen Schutz gem\u00e4\u00df EN 1149-5.<\/p>\n<table style=\"border-collapse: collapse; width: 647px; height: 456px;\" border=\"0\" width=\"240\" cellspacing=\"0\" cellpadding=\"0\">\n<tbody>\n<tr style=\"height: 15.0pt;\">\n<td style=\"height: 15.0pt; width: 60pt;\" width=\"80\" height=\"20\">Gr\u00f6sse<\/td>\n<td style=\"width: 60pt;\" width=\"80\">Brustumfang (cm)<\/td>\n<td style=\"width: 60pt;\" width=\"80\">H\u00f6he (cm)<\/td>\n<\/tr>\n<tr style=\"height: 15.0pt;\">\n<td style=\"height: 15.0pt;\" height=\"20\">S<\/td>\n<td>84-92<\/td>\n<td>164-170<\/td>\n<\/tr>\n<tr style=\"height: 15.0pt;\">\n<td style=\"height: 15.0pt;\" height=\"20\">M<\/td>\n<td>92-100<\/td>\n<td>170-176<\/td>\n<\/tr>\n<tr style=\"height: 15.0pt;\">\n<td style=\"height: 15.0pt;\" height=\"20\">L<\/td>\n<td>100-108<\/td>\n<td>176-182<\/td>\n<\/tr>\n<tr style=\"height: 15.0pt;\">\n<td style=\"height: 15.0pt;\" height=\"20\">XL<\/td>\n<td>108-116<\/td>\n<td>182-188<\/td>\n<\/tr>\n<tr style=\"height: 15.0pt;\">\n<td style=\"height: 15.0pt;\" height=\"20\">XXL<\/td>\n<td>116-124<\/td>\n<td>188-194<\/td>\n<\/tr>\n<tr style=\"height: 15.0pt;\">\n<td style=\"height: 15.0pt;\" height=\"20\">XXXL<\/td>\n<td>&gt;124<\/td>\n<td>&gt;194<\/td>\n<\/tr>\n<\/tbody>\n<\/table>\n","protected":false},"excerpt":{"rendered":"<p>Einwegoverall, Vlies, Klasse 3 Typ 5 und 6<\/p>\n","protected":false},"featured_media":30500,"template":"","meta":{"_crdt_document":""},"product_brand":[],"product_cat":[381,279],"product_tag":[],"class_list":{"0":"post-30497","1":"product","2":"type-product","3":"status-publish","4":"has-post-thumbnail","6":"product_cat-schutz","7":"product_cat-verbrauchsmaterial","9":"first","10":"instock","11":"taxable","12":"shipping-taxable","13":"product-type-simple"},"yoast_head":"<!-- This site is optimized with the Yoast SEO plugin v27.4 - https:\/\/yoast.com\/product\/yoast-seo-wordpress\/ -->\n<title>Overall Dekosafe Plus - Sysmatec<\/title>\n<meta name=\"description\" content=\"Einwegoverall, Vlies, Klasse 3 Typ 5 und 6\" \/>\n<meta name=\"robots\" content=\"index, follow, max-snippet:-1, max-image-preview:large, max-video-preview:-1\" \/>\n<link rel=\"canonical\" href=\"https:\/\/sysmatec.ch\/de\/Produkt\/overall-dekosafe-plus\/\" \/>\n<meta property=\"og:locale\" content=\"de_DE\" \/>\n<meta property=\"og:type\" content=\"article\" \/>\n<meta property=\"og:title\" content=\"Overall Dekosafe Plus - Sysmatec\" \/>\n<meta property=\"og:description\" content=\"Einwegoverall, Vlies, Klasse 3 Typ 5 und 6\" \/>\n<meta property=\"og:url\" content=\"https:\/\/sysmatec.ch\/de\/Produkt\/overall-dekosafe-plus\/\" \/>\n<meta property=\"og:site_name\" content=\"Sysmatec\" \/>\n<meta property=\"article:modified_time\" content=\"2025-03-12T18:18:41+00:00\" \/>\n<meta property=\"og:image\" content=\"https:\/\/sysmatec.ch\/wp-content\/uploads\/2025\/03\/CombinaisonJetable_DekosafePlus.jpg\" \/>\n\t<meta property=\"og:image:width\" content=\"700\" \/>\n\t<meta property=\"og:image:height\" content=\"700\" \/>\n\t<meta property=\"og:image:type\" content=\"image\/jpeg\" \/>\n<meta name=\"twitter:card\" content=\"summary_large_image\" \/>\n<meta name=\"twitter:label1\" content=\"Gesch\u00e4tzte Lesezeit\" \/>\n\t<meta name=\"twitter:data1\" content=\"1\u00a0Minute\" \/>\n<script type=\"application\/ld+json\" class=\"yoast-schema-graph\">{\"@context\":\"https:\\\/\\\/schema.org\",\"@graph\":[{\"@type\":\"WebPage\",\"@id\":\"https:\\\/\\\/sysmatec.ch\\\/de\\\/Produkt\\\/overall-dekosafe-plus\\\/\",\"url\":\"https:\\\/\\\/sysmatec.ch\\\/de\\\/Produkt\\\/overall-dekosafe-plus\\\/\",\"name\":\"Overall Dekosafe Plus - Sysmatec\",\"isPartOf\":{\"@id\":\"https:\\\/\\\/sysmatec.ch\\\/de\\\/#website\"},\"primaryImageOfPage\":{\"@id\":\"https:\\\/\\\/sysmatec.ch\\\/de\\\/Produkt\\\/overall-dekosafe-plus\\\/#primaryimage\"},\"image\":{\"@id\":\"https:\\\/\\\/sysmatec.ch\\\/de\\\/Produkt\\\/overall-dekosafe-plus\\\/#primaryimage\"},\"thumbnailUrl\":\"https:\\\/\\\/sysmatec.ch\\\/wp-content\\\/uploads\\\/2025\\\/03\\\/CombinaisonJetable_DekosafePlus.jpg\",\"datePublished\":\"2025-03-12T17:45:32+00:00\",\"dateModified\":\"2025-03-12T18:18:41+00:00\",\"description\":\"Einwegoverall, Vlies, Klasse 3 Typ 5 und 6\",\"breadcrumb\":{\"@id\":\"https:\\\/\\\/sysmatec.ch\\\/de\\\/Produkt\\\/overall-dekosafe-plus\\\/#breadcrumb\"},\"inLanguage\":\"de\",\"potentialAction\":[{\"@type\":\"ReadAction\",\"target\":[\"https:\\\/\\\/sysmatec.ch\\\/de\\\/Produkt\\\/overall-dekosafe-plus\\\/\"]}]},{\"@type\":\"ImageObject\",\"inLanguage\":\"de\",\"@id\":\"https:\\\/\\\/sysmatec.ch\\\/de\\\/Produkt\\\/overall-dekosafe-plus\\\/#primaryimage\",\"url\":\"https:\\\/\\\/sysmatec.ch\\\/wp-content\\\/uploads\\\/2025\\\/03\\\/CombinaisonJetable_DekosafePlus.jpg\",\"contentUrl\":\"https:\\\/\\\/sysmatec.ch\\\/wp-content\\\/uploads\\\/2025\\\/03\\\/CombinaisonJetable_DekosafePlus.jpg\",\"width\":700,\"height\":700},{\"@type\":\"BreadcrumbList\",\"@id\":\"https:\\\/\\\/sysmatec.ch\\\/de\\\/Produkt\\\/overall-dekosafe-plus\\\/#breadcrumb\",\"itemListElement\":[{\"@type\":\"ListItem\",\"position\":1,\"name\":\"Accueil\",\"item\":\"https:\\\/\\\/sysmatec.ch\\\/de\\\/\"},{\"@type\":\"ListItem\",\"position\":2,\"name\":\"Die Aktivit\u00e4t von Sysmatec\",\"item\":\"https:\\\/\\\/sysmatec.ch\\\/de\\\/\"},{\"@type\":\"ListItem\",\"position\":3,\"name\":\"Overall Dekosafe Plus\"}]},{\"@type\":\"WebSite\",\"@id\":\"https:\\\/\\\/sysmatec.ch\\\/de\\\/#website\",\"url\":\"https:\\\/\\\/sysmatec.ch\\\/de\\\/\",\"name\":\"Sysmatec\",\"description\":\"Equipement de laboratoire et logiciels\",\"publisher\":{\"@id\":\"https:\\\/\\\/sysmatec.ch\\\/de\\\/#organization\"},\"potentialAction\":[{\"@type\":\"SearchAction\",\"target\":{\"@type\":\"EntryPoint\",\"urlTemplate\":\"https:\\\/\\\/sysmatec.ch\\\/de\\\/?s={search_term_string}\"},\"query-input\":{\"@type\":\"PropertyValueSpecification\",\"valueRequired\":true,\"valueName\":\"search_term_string\"}}],\"inLanguage\":\"de\"},{\"@type\":\"Organization\",\"@id\":\"https:\\\/\\\/sysmatec.ch\\\/de\\\/#organization\",\"name\":\"Sysmatec\",\"url\":\"https:\\\/\\\/sysmatec.ch\\\/de\\\/\",\"logo\":{\"@type\":\"ImageObject\",\"inLanguage\":\"de\",\"@id\":\"https:\\\/\\\/sysmatec.ch\\\/de\\\/#\\\/schema\\\/logo\\\/image\\\/\",\"url\":\"https:\\\/\\\/sysmatec.ch\\\/wp-content\\\/uploads\\\/2018\\\/11\\\/LogoSysmatec.jpg\",\"contentUrl\":\"https:\\\/\\\/sysmatec.ch\\\/wp-content\\\/uploads\\\/2018\\\/11\\\/LogoSysmatec.jpg\",\"width\":301,\"height\":297,\"caption\":\"Sysmatec\"},\"image\":{\"@id\":\"https:\\\/\\\/sysmatec.ch\\\/de\\\/#\\\/schema\\\/logo\\\/image\\\/\"}}]}<\/script>\n<!-- \/ Yoast SEO plugin. -->","yoast_head_json":{"title":"Overall Dekosafe Plus - Sysmatec","description":"Einwegoverall, Vlies, Klasse 3 Typ 5 und 6","robots":{"index":"index","follow":"follow","max-snippet":"max-snippet:-1","max-image-preview":"max-image-preview:large","max-video-preview":"max-video-preview:-1"},"canonical":"https:\/\/sysmatec.ch\/de\/Produkt\/overall-dekosafe-plus\/","og_locale":"de_DE","og_type":"article","og_title":"Overall Dekosafe Plus - Sysmatec","og_description":"Einwegoverall, Vlies, Klasse 3 Typ 5 und 6","og_url":"https:\/\/sysmatec.ch\/de\/Produkt\/overall-dekosafe-plus\/","og_site_name":"Sysmatec","article_modified_time":"2025-03-12T18:18:41+00:00","og_image":[{"width":700,"height":700,"url":"https:\/\/sysmatec.ch\/wp-content\/uploads\/2025\/03\/CombinaisonJetable_DekosafePlus.jpg","type":"image\/jpeg"}],"twitter_card":"summary_large_image","twitter_misc":{"Gesch\u00e4tzte Lesezeit":"1\u00a0Minute"},"schema":{"@context":"https:\/\/schema.org","@graph":[{"@type":"WebPage","@id":"https:\/\/sysmatec.ch\/de\/Produkt\/overall-dekosafe-plus\/","url":"https:\/\/sysmatec.ch\/de\/Produkt\/overall-dekosafe-plus\/","name":"Overall Dekosafe Plus - Sysmatec","isPartOf":{"@id":"https:\/\/sysmatec.ch\/de\/#website"},"primaryImageOfPage":{"@id":"https:\/\/sysmatec.ch\/de\/Produkt\/overall-dekosafe-plus\/#primaryimage"},"image":{"@id":"https:\/\/sysmatec.ch\/de\/Produkt\/overall-dekosafe-plus\/#primaryimage"},"thumbnailUrl":"https:\/\/sysmatec.ch\/wp-content\/uploads\/2025\/03\/CombinaisonJetable_DekosafePlus.jpg","datePublished":"2025-03-12T17:45:32+00:00","dateModified":"2025-03-12T18:18:41+00:00","description":"Einwegoverall, Vlies, Klasse 3 Typ 5 und 6","breadcrumb":{"@id":"https:\/\/sysmatec.ch\/de\/Produkt\/overall-dekosafe-plus\/#breadcrumb"},"inLanguage":"de","potentialAction":[{"@type":"ReadAction","target":["https:\/\/sysmatec.ch\/de\/Produkt\/overall-dekosafe-plus\/"]}]},{"@type":"ImageObject","inLanguage":"de","@id":"https:\/\/sysmatec.ch\/de\/Produkt\/overall-dekosafe-plus\/#primaryimage","url":"https:\/\/sysmatec.ch\/wp-content\/uploads\/2025\/03\/CombinaisonJetable_DekosafePlus.jpg","contentUrl":"https:\/\/sysmatec.ch\/wp-content\/uploads\/2025\/03\/CombinaisonJetable_DekosafePlus.jpg","width":700,"height":700},{"@type":"BreadcrumbList","@id":"https:\/\/sysmatec.ch\/de\/Produkt\/overall-dekosafe-plus\/#breadcrumb","itemListElement":[{"@type":"ListItem","position":1,"name":"Accueil","item":"https:\/\/sysmatec.ch\/de\/"},{"@type":"ListItem","position":2,"name":"Die Aktivit\u00e4t von Sysmatec","item":"https:\/\/sysmatec.ch\/de\/"},{"@type":"ListItem","position":3,"name":"Overall Dekosafe Plus"}]},{"@type":"WebSite","@id":"https:\/\/sysmatec.ch\/de\/#website","url":"https:\/\/sysmatec.ch\/de\/","name":"Sysmatec","description":"Equipement de laboratoire et logiciels","publisher":{"@id":"https:\/\/sysmatec.ch\/de\/#organization"},"potentialAction":[{"@type":"SearchAction","target":{"@type":"EntryPoint","urlTemplate":"https:\/\/sysmatec.ch\/de\/?s={search_term_string}"},"query-input":{"@type":"PropertyValueSpecification","valueRequired":true,"valueName":"search_term_string"}}],"inLanguage":"de"},{"@type":"Organization","@id":"https:\/\/sysmatec.ch\/de\/#organization","name":"Sysmatec","url":"https:\/\/sysmatec.ch\/de\/","logo":{"@type":"ImageObject","inLanguage":"de","@id":"https:\/\/sysmatec.ch\/de\/#\/schema\/logo\/image\/","url":"https:\/\/sysmatec.ch\/wp-content\/uploads\/2018\/11\/LogoSysmatec.jpg","contentUrl":"https:\/\/sysmatec.ch\/wp-content\/uploads\/2018\/11\/LogoSysmatec.jpg","width":301,"height":297,"caption":"Sysmatec"},"image":{"@id":"https:\/\/sysmatec.ch\/de\/#\/schema\/logo\/image\/"}}]}},"_links":{"self":[{"href":"https:\/\/sysmatec.ch\/de\/wp-json\/wp\/v2\/product\/30497","targetHints":{"allow":["GET"]}}],"collection":[{"href":"https:\/\/sysmatec.ch\/de\/wp-json\/wp\/v2\/product"}],"about":[{"href":"https:\/\/sysmatec.ch\/de\/wp-json\/wp\/v2\/types\/product"}],"wp:featuredmedia":[{"embeddable":true,"href":"https:\/\/sysmatec.ch\/de\/wp-json\/wp\/v2\/media\/30500"}],"wp:attachment":[{"href":"https:\/\/sysmatec.ch\/de\/wp-json\/wp\/v2\/media?parent=30497"}],"wp:term":[{"taxonomy":"product_brand","embeddable":true,"href":"https:\/\/sysmatec.ch\/de\/wp-json\/wp\/v2\/product_brand?post=30497"},{"taxonomy":"product_cat","embeddable":true,"href":"https:\/\/sysmatec.ch\/de\/wp-json\/wp\/v2\/product_cat?post=30497"},{"taxonomy":"product_tag","embeddable":true,"href":"https:\/\/sysmatec.ch\/de\/wp-json\/wp\/v2\/product_tag?post=30497"}],"curies":[{"name":"wp","href":"https:\/\/api.w.org\/{rel}","templated":true}]}}