{"id":30482,"date":"2025-03-09T08:02:54","date_gmt":"2025-03-09T07:02:54","guid":{"rendered":"https:\/\/sysmatec.ch\/?post_type=product&#038;p=30482"},"modified":"2025-03-09T09:00:58","modified_gmt":"2025-03-09T08:00:58","slug":"kabelloses-haertepruefgeraet-novotest-lab-uci","status":"publish","type":"product","link":"https:\/\/sysmatec.ch\/de\/Produkt\/kabelloses-haertepruefgeraet-novotest-lab-uci\/","title":{"rendered":"Kabelloses H\u00e4rtepr\u00fcfger\u00e4t NOVOTEST Lab UCI"},"content":{"rendered":"<p>Dieser kabellose H\u00e4rtepr\u00fcfer verwendet die Ultraschall-Kontaktimpedanzmethode und bietet ultraportable und schnelle Tests in jeder Umgebung. Die NOVOTEST Lab-App erm\u00f6glicht einfache Kalibrierung, Datenvisualisierung, Cloud-Speichersynchronisierung und sofortiges Teilen von Messprotokollen \u00fcber Messenger oder E-Mail.<\/p>\n<p>Es verf\u00fcgt \u00fcber eine drahtlose Kommunikation mit Android-Ger\u00e4ten. Die NOVOTEST Lab-App erm\u00f6glicht Benutzern:<\/p>\n<ul>\n<li>Ger\u00e4t einrichten und kalibrieren<\/li>\n<li>Messungen als Diagramme, Histogramme und Statistiken darstellen<\/li>\n<li>Messungen mit Text-, Audio-, Foto- und sogar Videoprotokollen speichern<\/li>\n<li>Protokoll mit einem Klick \u00fcber einen beliebigen Messenger oder per E-Mail \u00fcbertragen<\/li>\n<li>Archiv mit Cloud-Speicher synchronisieren<\/li>\n<li>Umfassende Protokolle erstellen und Ihr Archiv mit Cloud-Speicher synchronisieren, der im Google Chrome-Browser verwaltet wird.<\/li>\n<\/ul>\n<p>Das Ger\u00e4t verf\u00fcgt \u00fcber voreingestellte Kalibrierungen f\u00fcr Stahl, Aluminium und Messing. Bei Bedarf k\u00f6nnen Benutzer das Ger\u00e4t f\u00fcr jede beliebige Metall-Skala-Kombination kalibrieren, wenn Proben verf\u00fcgbar sind. Es gibt verschiedene Adapter f\u00fcr verschiedene zu messende Oberfl\u00e4chen.<\/p>\n<p>Es wird \u00fcber jeden USB-5-V-Anschluss aufgeladen, sei es ein PC, ein Auto oder eine Powerbank. Mit einer vollen Ladung kann das Ger\u00e4t mehr als 10 Stunden am St\u00fcck arbeiten.<\/p>\n<p>Optional sind verschiedene H\u00e4rtepr\u00fcfbl\u00f6cke erh\u00e4ltlich.<\/p>\n<h2>Merkmale<\/h2>\n<table width=\"1058\">\n<tbody>\n<tr>\n<td>UCI-Sondentypen<\/td>\n<td>\n<ul>\n<li>10N\/1kgf\/2.2 lbf\/HV1<\/li>\n<li>50N\/5kgf\/11lbf\/HV5<\/li>\n<li>98N\/10kgf\/22lbf\/HV10<\/li>\n<\/ul>\n<\/td>\n<\/tr>\n<tr>\n<td>Messbereich<\/td>\n<td>\n<ul>\n<li>Werkskalibrierungen:<br \/>\n\u2013 HRC: 20~70<br \/>\n\u2013 HB: 90~650<br \/>\n\u2013 HV: 100~750<br \/>\n\u2013 Tensile strength MPa: 370~1740<\/li>\n<li>Benutzerkalibrierungen f\u00fcr alle Ma\u00dfst\u00e4be und Bereiche (zum Beispiel: 1\u20132000 HV)<\/li>\n<\/ul>\n<\/td>\n<\/tr>\n<tr>\n<td>Mesgenauigkeit<\/td>\n<td>\n<ul>\n<li>HRC: 2HRC<\/li>\n<li>HB: 10HB<\/li>\n<li>HV: 15HV<\/li>\n<\/ul>\n<\/td>\n<\/tr>\n<tr>\n<td>Standards<\/td>\n<td>ASTM A1038<\/td>\n<\/tr>\n<tr>\n<td>Eindringk\u00f6rper<\/td>\n<td>Diamant-Eindringk\u00f6rper (UCI)<\/td>\n<\/tr>\n<tr>\n<td>Messrichtung<\/td>\n<td>Jede Richtung 360\u00b0<\/td>\n<\/tr>\n<tr>\n<td>Datenspeicherung<\/td>\n<td>Nur durch die Speicherkarte begrenzt<\/td>\n<\/tr>\n<tr>\n<td>H\u00e4rteskala<\/td>\n<td>\n<ul>\n<li>HRC, HB, HV, HRA, HRB, MPA<\/li>\n<li>Zus\u00e4tzliche benutzerdefinierte Skalen zur Kalibrierung<\/li>\n<\/ul>\n<\/td>\n<\/tr>\n<tr>\n<td>Materialien<\/td>\n<td>\n<ul>\n<li>Vorkalibriert f\u00fcr Stahl, Aluminium, Messing<\/li>\n<li>Zus\u00e4tzliche benutzerdefinierte Materialien zur Kalibrierung<\/li>\n<\/ul>\n<\/td>\n<\/tr>\n<tr>\n<td>Angezeigte Daten<\/td>\n<td>\n<ul>\n<li>Angewandte Last\/Kontakt (UCI)<\/li>\n<li>Einzelnes Testergebnis<\/li>\n<li>Max., Min., Durchschnitt der Tests<\/li>\n<li>Anzahl der Tests<\/li>\n<li>Abweichung<\/li>\n<li>Var. Koeff.<\/li>\n<li>Histogramm<\/li>\n<li>Signal- und Smart-Modus (Filter f\u00fcr falsche Messungen)<\/li>\n<\/ul>\n<\/td>\n<\/tr>\n<tr>\n<td>Drahtlose Verbindung mit Android-Ger\u00e4ten \u00fcber die NOVOTEST Lab App<\/td>\n<td>ja<\/td>\n<\/tr>\n<tr>\n<td>PC-Kabelverbindung<\/td>\n<td>\n<ul>\n<li>Online \u2013 NOVOTEST.INFO\/USB-connect<\/li>\n<li>Offline \u2013\u00a0NOVOTEST USB-Connect<\/li>\n<\/ul>\n<\/td>\n<\/tr>\n<tr>\n<td>Betriebsumgebung<\/td>\n<td>Temperatur: -30\u00b0C bis 40\u00b0C; Feuchte : 30% bis 80%R.H.<\/td>\n<\/tr>\n<tr>\n<td>Stromversorgung\/Aufaden<\/td>\n<td>Eingebauter Akku\/USB 5 V<\/td>\n<\/tr>\n<tr>\n<td>Batterielebensdauer<\/td>\n<td>Ca. 10 Stunden<\/td>\n<\/tr>\n<tr>\n<td>Ger\u00e4tdimension<\/td>\n<td>160x26mm (160x36mm mit Adapter)<\/td>\n<\/tr>\n<tr>\n<td>Gewicht<\/td>\n<td>Approx. 0.17kg<\/td>\n<\/tr>\n<tr>\n<td>Bruttogewicht (Packung)<\/td>\n<td>1.5kg<\/td>\n<\/tr>\n<tr>\n<td>Packung Dimension<\/td>\n<td>33*27*10cm<\/td>\n<\/tr>\n<tr>\n<td>Ursprung<\/td>\n<td>Made in Ukraine (Europe)<\/td>\n<\/tr>\n<tr>\n<td>Garantie<\/td>\n<td>\n<ul>\n<li>Basic\u2013 12 Monate<\/li>\n<li>Erweitert (Option)\u2013 bis zu 3 Jahre<\/li>\n<\/ul>\n<\/td>\n<\/tr>\n<\/tbody>\n<\/table>\n<p>&nbsp;<\/p>\n","protected":false},"excerpt":{"rendered":"<p>Kabelloser H\u00e4rtepr\u00fcfer mit Ultraschall-Kontaktimpedanzverfahren<\/p>\n","protected":false},"featured_media":30486,"template":"","meta":{"_crdt_document":""},"product_brand":[],"product_cat":[200],"product_tag":[],"class_list":{"0":"post-30482","1":"product","2":"type-product","3":"status-publish","4":"has-post-thumbnail","6":"product_cat-harte","8":"first","9":"instock","10":"taxable","11":"shipping-taxable","12":"product-type-simple"},"yoast_head":"<!-- This site is optimized with the Yoast SEO plugin v27.3 - https:\/\/yoast.com\/product\/yoast-seo-wordpress\/ -->\n<title>Kabelloses H\u00e4rtepr\u00fcfger\u00e4t NOVOTEST Lab UCI - Sysmatec<\/title>\n<meta name=\"description\" content=\"H\u00e4rtepr\u00fcfger\u00e4t mit Ultraschall-Kontaktimpedanzmethode, mit drahtloser Kommunikation mit Android-Ger\u00e4t\" \/>\n<meta name=\"robots\" content=\"index, follow, max-snippet:-1, max-image-preview:large, max-video-preview:-1\" \/>\n<link rel=\"canonical\" href=\"https:\/\/sysmatec.ch\/de\/Produkt\/kabelloses-haertepruefgeraet-novotest-lab-uci\/\" \/>\n<meta property=\"og:locale\" content=\"de_DE\" \/>\n<meta property=\"og:type\" content=\"article\" \/>\n<meta property=\"og:title\" content=\"Kabelloses H\u00e4rtepr\u00fcfger\u00e4t NOVOTEST Lab UCI - Sysmatec\" \/>\n<meta property=\"og:description\" content=\"H\u00e4rtepr\u00fcfger\u00e4t mit Ultraschall-Kontaktimpedanzmethode, mit drahtloser Kommunikation mit Android-Ger\u00e4t\" \/>\n<meta property=\"og:url\" content=\"https:\/\/sysmatec.ch\/de\/Produkt\/kabelloses-haertepruefgeraet-novotest-lab-uci\/\" \/>\n<meta property=\"og:site_name\" content=\"Sysmatec\" \/>\n<meta property=\"article:modified_time\" content=\"2025-03-09T08:00:58+00:00\" \/>\n<meta property=\"og:image\" content=\"https:\/\/sysmatec.ch\/wp-content\/uploads\/2025\/03\/Testeur-de-durete_NovotestLabUCI.jpg\" \/>\n\t<meta property=\"og:image:width\" content=\"280\" \/>\n\t<meta property=\"og:image:height\" content=\"283\" \/>\n\t<meta property=\"og:image:type\" content=\"image\/jpeg\" \/>\n<meta name=\"twitter:card\" content=\"summary_large_image\" \/>\n<meta name=\"twitter:label1\" content=\"Gesch\u00e4tzte Lesezeit\" \/>\n\t<meta name=\"twitter:data1\" content=\"2\u00a0Minuten\" \/>\n<script type=\"application\/ld+json\" class=\"yoast-schema-graph\">{\"@context\":\"https:\\\/\\\/schema.org\",\"@graph\":[{\"@type\":\"WebPage\",\"@id\":\"https:\\\/\\\/sysmatec.ch\\\/de\\\/Produkt\\\/kabelloses-haertepruefgeraet-novotest-lab-uci\\\/\",\"url\":\"https:\\\/\\\/sysmatec.ch\\\/de\\\/Produkt\\\/kabelloses-haertepruefgeraet-novotest-lab-uci\\\/\",\"name\":\"Kabelloses H\u00e4rtepr\u00fcfger\u00e4t NOVOTEST Lab UCI - Sysmatec\",\"isPartOf\":{\"@id\":\"https:\\\/\\\/sysmatec.ch\\\/de\\\/#website\"},\"primaryImageOfPage\":{\"@id\":\"https:\\\/\\\/sysmatec.ch\\\/de\\\/Produkt\\\/kabelloses-haertepruefgeraet-novotest-lab-uci\\\/#primaryimage\"},\"image\":{\"@id\":\"https:\\\/\\\/sysmatec.ch\\\/de\\\/Produkt\\\/kabelloses-haertepruefgeraet-novotest-lab-uci\\\/#primaryimage\"},\"thumbnailUrl\":\"https:\\\/\\\/sysmatec.ch\\\/wp-content\\\/uploads\\\/2025\\\/03\\\/Testeur-de-durete_NovotestLabUCI.jpg\",\"datePublished\":\"2025-03-09T07:02:54+00:00\",\"dateModified\":\"2025-03-09T08:00:58+00:00\",\"description\":\"H\u00e4rtepr\u00fcfger\u00e4t mit Ultraschall-Kontaktimpedanzmethode, mit drahtloser Kommunikation mit Android-Ger\u00e4t\",\"breadcrumb\":{\"@id\":\"https:\\\/\\\/sysmatec.ch\\\/de\\\/Produkt\\\/kabelloses-haertepruefgeraet-novotest-lab-uci\\\/#breadcrumb\"},\"inLanguage\":\"de\",\"potentialAction\":[{\"@type\":\"ReadAction\",\"target\":[\"https:\\\/\\\/sysmatec.ch\\\/de\\\/Produkt\\\/kabelloses-haertepruefgeraet-novotest-lab-uci\\\/\"]}]},{\"@type\":\"ImageObject\",\"inLanguage\":\"de\",\"@id\":\"https:\\\/\\\/sysmatec.ch\\\/de\\\/Produkt\\\/kabelloses-haertepruefgeraet-novotest-lab-uci\\\/#primaryimage\",\"url\":\"https:\\\/\\\/sysmatec.ch\\\/wp-content\\\/uploads\\\/2025\\\/03\\\/Testeur-de-durete_NovotestLabUCI.jpg\",\"contentUrl\":\"https:\\\/\\\/sysmatec.ch\\\/wp-content\\\/uploads\\\/2025\\\/03\\\/Testeur-de-durete_NovotestLabUCI.jpg\",\"width\":280,\"height\":283},{\"@type\":\"BreadcrumbList\",\"@id\":\"https:\\\/\\\/sysmatec.ch\\\/de\\\/Produkt\\\/kabelloses-haertepruefgeraet-novotest-lab-uci\\\/#breadcrumb\",\"itemListElement\":[{\"@type\":\"ListItem\",\"position\":1,\"name\":\"Accueil\",\"item\":\"https:\\\/\\\/sysmatec.ch\\\/de\\\/\"},{\"@type\":\"ListItem\",\"position\":2,\"name\":\"Die Aktivit\u00e4t von Sysmatec\",\"item\":\"https:\\\/\\\/sysmatec.ch\\\/de\\\/\"},{\"@type\":\"ListItem\",\"position\":3,\"name\":\"Kabelloses H\u00e4rtepr\u00fcfger\u00e4t NOVOTEST Lab UCI\"}]},{\"@type\":\"WebSite\",\"@id\":\"https:\\\/\\\/sysmatec.ch\\\/de\\\/#website\",\"url\":\"https:\\\/\\\/sysmatec.ch\\\/de\\\/\",\"name\":\"Sysmatec\",\"description\":\"Equipement de laboratoire et logiciels\",\"publisher\":{\"@id\":\"https:\\\/\\\/sysmatec.ch\\\/de\\\/#organization\"},\"potentialAction\":[{\"@type\":\"SearchAction\",\"target\":{\"@type\":\"EntryPoint\",\"urlTemplate\":\"https:\\\/\\\/sysmatec.ch\\\/de\\\/?s={search_term_string}\"},\"query-input\":{\"@type\":\"PropertyValueSpecification\",\"valueRequired\":true,\"valueName\":\"search_term_string\"}}],\"inLanguage\":\"de\"},{\"@type\":\"Organization\",\"@id\":\"https:\\\/\\\/sysmatec.ch\\\/de\\\/#organization\",\"name\":\"Sysmatec\",\"url\":\"https:\\\/\\\/sysmatec.ch\\\/de\\\/\",\"logo\":{\"@type\":\"ImageObject\",\"inLanguage\":\"de\",\"@id\":\"https:\\\/\\\/sysmatec.ch\\\/de\\\/#\\\/schema\\\/logo\\\/image\\\/\",\"url\":\"https:\\\/\\\/sysmatec.ch\\\/wp-content\\\/uploads\\\/2018\\\/11\\\/LogoSysmatec.jpg\",\"contentUrl\":\"https:\\\/\\\/sysmatec.ch\\\/wp-content\\\/uploads\\\/2018\\\/11\\\/LogoSysmatec.jpg\",\"width\":301,\"height\":297,\"caption\":\"Sysmatec\"},\"image\":{\"@id\":\"https:\\\/\\\/sysmatec.ch\\\/de\\\/#\\\/schema\\\/logo\\\/image\\\/\"}}]}<\/script>\n<!-- \/ Yoast SEO plugin. -->","yoast_head_json":{"title":"Kabelloses H\u00e4rtepr\u00fcfger\u00e4t NOVOTEST Lab UCI - Sysmatec","description":"H\u00e4rtepr\u00fcfger\u00e4t mit Ultraschall-Kontaktimpedanzmethode, mit drahtloser Kommunikation mit Android-Ger\u00e4t","robots":{"index":"index","follow":"follow","max-snippet":"max-snippet:-1","max-image-preview":"max-image-preview:large","max-video-preview":"max-video-preview:-1"},"canonical":"https:\/\/sysmatec.ch\/de\/Produkt\/kabelloses-haertepruefgeraet-novotest-lab-uci\/","og_locale":"de_DE","og_type":"article","og_title":"Kabelloses H\u00e4rtepr\u00fcfger\u00e4t NOVOTEST Lab UCI - Sysmatec","og_description":"H\u00e4rtepr\u00fcfger\u00e4t mit Ultraschall-Kontaktimpedanzmethode, mit drahtloser Kommunikation mit Android-Ger\u00e4t","og_url":"https:\/\/sysmatec.ch\/de\/Produkt\/kabelloses-haertepruefgeraet-novotest-lab-uci\/","og_site_name":"Sysmatec","article_modified_time":"2025-03-09T08:00:58+00:00","og_image":[{"width":280,"height":283,"url":"https:\/\/sysmatec.ch\/wp-content\/uploads\/2025\/03\/Testeur-de-durete_NovotestLabUCI.jpg","type":"image\/jpeg"}],"twitter_card":"summary_large_image","twitter_misc":{"Gesch\u00e4tzte Lesezeit":"2\u00a0Minuten"},"schema":{"@context":"https:\/\/schema.org","@graph":[{"@type":"WebPage","@id":"https:\/\/sysmatec.ch\/de\/Produkt\/kabelloses-haertepruefgeraet-novotest-lab-uci\/","url":"https:\/\/sysmatec.ch\/de\/Produkt\/kabelloses-haertepruefgeraet-novotest-lab-uci\/","name":"Kabelloses H\u00e4rtepr\u00fcfger\u00e4t NOVOTEST Lab UCI - Sysmatec","isPartOf":{"@id":"https:\/\/sysmatec.ch\/de\/#website"},"primaryImageOfPage":{"@id":"https:\/\/sysmatec.ch\/de\/Produkt\/kabelloses-haertepruefgeraet-novotest-lab-uci\/#primaryimage"},"image":{"@id":"https:\/\/sysmatec.ch\/de\/Produkt\/kabelloses-haertepruefgeraet-novotest-lab-uci\/#primaryimage"},"thumbnailUrl":"https:\/\/sysmatec.ch\/wp-content\/uploads\/2025\/03\/Testeur-de-durete_NovotestLabUCI.jpg","datePublished":"2025-03-09T07:02:54+00:00","dateModified":"2025-03-09T08:00:58+00:00","description":"H\u00e4rtepr\u00fcfger\u00e4t mit Ultraschall-Kontaktimpedanzmethode, mit drahtloser Kommunikation mit Android-Ger\u00e4t","breadcrumb":{"@id":"https:\/\/sysmatec.ch\/de\/Produkt\/kabelloses-haertepruefgeraet-novotest-lab-uci\/#breadcrumb"},"inLanguage":"de","potentialAction":[{"@type":"ReadAction","target":["https:\/\/sysmatec.ch\/de\/Produkt\/kabelloses-haertepruefgeraet-novotest-lab-uci\/"]}]},{"@type":"ImageObject","inLanguage":"de","@id":"https:\/\/sysmatec.ch\/de\/Produkt\/kabelloses-haertepruefgeraet-novotest-lab-uci\/#primaryimage","url":"https:\/\/sysmatec.ch\/wp-content\/uploads\/2025\/03\/Testeur-de-durete_NovotestLabUCI.jpg","contentUrl":"https:\/\/sysmatec.ch\/wp-content\/uploads\/2025\/03\/Testeur-de-durete_NovotestLabUCI.jpg","width":280,"height":283},{"@type":"BreadcrumbList","@id":"https:\/\/sysmatec.ch\/de\/Produkt\/kabelloses-haertepruefgeraet-novotest-lab-uci\/#breadcrumb","itemListElement":[{"@type":"ListItem","position":1,"name":"Accueil","item":"https:\/\/sysmatec.ch\/de\/"},{"@type":"ListItem","position":2,"name":"Die Aktivit\u00e4t von Sysmatec","item":"https:\/\/sysmatec.ch\/de\/"},{"@type":"ListItem","position":3,"name":"Kabelloses H\u00e4rtepr\u00fcfger\u00e4t NOVOTEST Lab UCI"}]},{"@type":"WebSite","@id":"https:\/\/sysmatec.ch\/de\/#website","url":"https:\/\/sysmatec.ch\/de\/","name":"Sysmatec","description":"Equipement de laboratoire et logiciels","publisher":{"@id":"https:\/\/sysmatec.ch\/de\/#organization"},"potentialAction":[{"@type":"SearchAction","target":{"@type":"EntryPoint","urlTemplate":"https:\/\/sysmatec.ch\/de\/?s={search_term_string}"},"query-input":{"@type":"PropertyValueSpecification","valueRequired":true,"valueName":"search_term_string"}}],"inLanguage":"de"},{"@type":"Organization","@id":"https:\/\/sysmatec.ch\/de\/#organization","name":"Sysmatec","url":"https:\/\/sysmatec.ch\/de\/","logo":{"@type":"ImageObject","inLanguage":"de","@id":"https:\/\/sysmatec.ch\/de\/#\/schema\/logo\/image\/","url":"https:\/\/sysmatec.ch\/wp-content\/uploads\/2018\/11\/LogoSysmatec.jpg","contentUrl":"https:\/\/sysmatec.ch\/wp-content\/uploads\/2018\/11\/LogoSysmatec.jpg","width":301,"height":297,"caption":"Sysmatec"},"image":{"@id":"https:\/\/sysmatec.ch\/de\/#\/schema\/logo\/image\/"}}]}},"_links":{"self":[{"href":"https:\/\/sysmatec.ch\/de\/wp-json\/wp\/v2\/product\/30482","targetHints":{"allow":["GET"]}}],"collection":[{"href":"https:\/\/sysmatec.ch\/de\/wp-json\/wp\/v2\/product"}],"about":[{"href":"https:\/\/sysmatec.ch\/de\/wp-json\/wp\/v2\/types\/product"}],"wp:featuredmedia":[{"embeddable":true,"href":"https:\/\/sysmatec.ch\/de\/wp-json\/wp\/v2\/media\/30486"}],"wp:attachment":[{"href":"https:\/\/sysmatec.ch\/de\/wp-json\/wp\/v2\/media?parent=30482"}],"wp:term":[{"taxonomy":"product_brand","embeddable":true,"href":"https:\/\/sysmatec.ch\/de\/wp-json\/wp\/v2\/product_brand?post=30482"},{"taxonomy":"product_cat","embeddable":true,"href":"https:\/\/sysmatec.ch\/de\/wp-json\/wp\/v2\/product_cat?post=30482"},{"taxonomy":"product_tag","embeddable":true,"href":"https:\/\/sysmatec.ch\/de\/wp-json\/wp\/v2\/product_tag?post=30482"}],"curies":[{"name":"wp","href":"https:\/\/api.w.org\/{rel}","templated":true}]}}