{"id":30472,"date":"2025-03-08T18:53:09","date_gmt":"2025-03-08T17:53:09","guid":{"rendered":"https:\/\/sysmatec.ch\/?post_type=product&#038;p=30472"},"modified":"2025-03-08T20:50:00","modified_gmt":"2025-03-08T19:50:00","slug":"emat-dickenmessgeraet-novotest-ut-3m-ema","status":"publish","type":"product","link":"https:\/\/sysmatec.ch\/de\/Produkt\/emat-dickenmessgeraet-novotest-ut-3m-ema\/","title":{"rendered":"EMAT-Dickenmessger\u00e4t NOVOTEST UT-3M-EMA"},"content":{"rendered":"<p>Das EMAT-Dickenmessger\u00e4t verwendet fortschrittliche elektromagnetisch-akustische Technologie zur Messung der Metalldicke, selbst in F\u00e4llen, in denen herk\u00f6mmliche Methoden wie Piezo-Ultraschall oder Laseroptik nicht anwendbar sind. Die Technologie erm\u00f6glicht die Messung der Dicke von Produkten mit Ultraschall ohne Koppelmittel durch eine Beschichtung oder einen Luftspalt.<\/p>\n<p>Die elektromagnetisch-akustische (EMA) Technologie zur Dickenmessung basiert auf der Anregung von Ultraschallwellen im Material durch den Generator der Sonde des Ger\u00e4ts und der Festlegung der Wegzeit der Ultraschallwellen im Material. Die Technologie \u00e4hnelt der g\u00e4ngigsten Piezo-Ultraschallmethode, das EMAT-Dickenmessger\u00e4t NOVOTEST UT-3M-EMA bietet jedoch mehrere Vorteile:<\/p>\n<p><strong>Ber\u00fchrungslose Messung<\/strong>. Das elektromagnetisch-akustische Dickenmessger\u00e4t erm\u00f6glicht dem Benutzer die Messung der Dicke von Metallprodukten mit Einwegzugang ohne Verwendung von Koppelmittel durch einen erheblichen Spalt (bis zu 6 mm). Dies reduziert den Material- und Arbeitsaufwand des Messvorgangs erheblich.<\/p>\n<p><strong>Messungen durch lackierte, oxidierte oder \u00f6lige Oberfl\u00e4chen hindurch sind m\u00f6glich<\/strong>. Die EMA-Technologie erzeugt Wellen direkt im Material (ferromagnetisch und paramagnetisch). Dadurch sind Messungen unter einer Beschichtung oder auf schlecht vorbereiteten Oberfl\u00e4chen m\u00f6glich, die mit herk\u00f6mmlichen Methoden m\u00f6glicherweise nicht durchf\u00fchrbar w\u00e4ren.<\/p>\n<p><strong>Hochtemperatursonden<\/strong>. Das Dickenmessger\u00e4t kann mit Sonden f\u00fcr den Betrieb auf bis zu 600 \u00b0C hei\u00dfen Oberfl\u00e4chen ausgestattet werden, was dieses Ger\u00e4t zur besten und in manchen F\u00e4llen zur einzig m\u00f6glichen L\u00f6sung macht.<\/p>\n<p><strong>Messbereich<\/strong>, ein wesentlicher Vorteil ist der Bereich der gemessenen Dicken. Das EMAT-Dickenmessger\u00e4t NOVOTEST UT-3M-EMA erm\u00f6glicht je nach verwendeter Sonde das Messen von W\u00e4nden von 0,5 mm bis \u00fcber 200 mm.<\/p>\n<p><strong>Automatischer Betriebsmodus<\/strong>, das EMAT-Dickenmessger\u00e4t NOVOTEST UT-3M-EMA verf\u00fcgt \u00fcber einen einzigartigen Betriebsmodus \u2013 das Ger\u00e4t analysiert automatisch die gemessenen Signale, w\u00e4hlt die erforderliche Messmethode aus, passt die Parameter des Empfangspfads an und zeigt die gemessene Dicke auf dem Ger\u00e4tebildschirm an. Sogar ein unge\u00fcbter Benutzer kann mit diesem Modus die Dicke verschiedener Metallstrukturen und -produkte genau und schnell messen. Standardm\u00e4\u00dfig wird das Signal im Ger\u00e4t als A-Scan angezeigt, und die verf\u00fcgbaren Betriebsmodi erm\u00f6glichen dem Bediener, die Signale mit verschiedenen Methoden auszuwerten (PEAK-PEAK, FRONT, ECHO, ECHO-ECHO). In diesem Dickenmessger\u00e4t ist auch der B-Scan-Modus implementiert, der es dem Benutzer erm\u00f6glicht, das Produktprofil in grafischer Form anzuzeigen, was leicht zu erfassen ist. Durch die Verwendung eines speziellen Schlittens f\u00fcr die Sonden ist es m\u00f6glich, ausgedehnte Objekte zu scannen und ein Dickenprofil zu erhalten.<\/p>\n<h2>Technische Daten<\/h2>\n<table width=\"713\">\n<tbody>\n<tr>\n<td width=\"352\">Messdickenbereich f\u00fcr Stahl, mm<\/td>\n<td width=\"214\">0.6 bis 300.0 (abh\u00e4ngig vom Sondentyp und den Objekteigenschaften)<\/td>\n<\/tr>\n<tr>\n<td width=\"352\">Beschichtungsdicke bzw. Luftspaltbereich, mm<\/td>\n<td width=\"214\">bis zu 6\u00a0(je nach Objekteigenschaften)<\/td>\n<\/tr>\n<tr>\n<td width=\"352\">Temperaturmessbereiche der Sonden, \u00b0C:<\/p>\n<ul>\n<li>Standardsonde<\/li>\n<li>Hochtemperatursonde<\/li>\n<\/ul>\n<\/td>\n<td width=\"214\">\n<ul>\n<li>-20 bis +50 \u00b0 C<\/li>\n<li>-20 bis +250 \u00b0 C<br \/>\n(je nach Bedingungen und Mess- und Abk\u00fchlzyklus \u2013 bis zu +500\u2013600\u00a0\u00b0C)<\/li>\n<\/ul>\n<\/td>\n<\/tr>\n<tr>\n<td width=\"352\">Ma\u00dfeinheiten<\/td>\n<td width=\"214\">\n<ul>\n<li>mm<\/li>\n<li>inch<\/li>\n<li>\u03bcs<\/li>\n<\/ul>\n<\/td>\n<\/tr>\n<tr>\n<td width=\"352\">Aufl\u00f6sung, mm<\/td>\n<td width=\"214\">0.01<\/td>\n<\/tr>\n<tr>\n<td width=\"352\">Art der Ultraschallwelle<\/td>\n<td width=\"214\">quer<\/td>\n<\/tr>\n<tr>\n<td width=\"352\">Manueller Verst\u00e4rkungsbereich, dB<\/td>\n<td width=\"214\">30-100<\/td>\n<\/tr>\n<tr>\n<td width=\"352\">Einstellbereich der Ultraschallgeschwindigkeit, m\/s<\/td>\n<td width=\"214\">1000-9999<\/td>\n<\/tr>\n<tr>\n<td width=\"352\">Frequenzmittelungssignal<\/td>\n<td width=\"214\">1-128<\/td>\n<\/tr>\n<tr>\n<td width=\"352\">Betriebsarten<\/td>\n<td width=\"214\">\n<ul>\n<li>A-scan<\/li>\n<li>B-scan<\/li>\n<li>Steuermodus<\/li>\n<\/ul>\n<\/td>\n<\/tr>\n<tr>\n<td width=\"352\">Messmethoden<\/td>\n<td width=\"214\">\n<ul>\n<li>Autokorrelationsfunktion (ACF)<\/li>\n<li>Echo<\/li>\n<li>Echo Echo (Dual Echo)<\/li>\n<li>Spitze Spitze<\/li>\n<li>Vorderseite<\/li>\n<\/ul>\n<\/td>\n<\/tr>\n<tr>\n<td width=\"352\">Display<\/td>\n<td width=\"214\">3,5 Zoll 320 * 480<\/td>\n<\/tr>\n<tr>\n<td width=\"352\">Menu Sprache<\/td>\n<td width=\"214\">\n<ul>\n<li>Englisch<\/li>\n<li>Ukrainisch<\/li>\n<li>Russisch<\/li>\n<\/ul>\n<p>*weitere Sprachen auf Anfrage erh\u00e4ltlich<\/td>\n<\/tr>\n<tr>\n<td width=\"352\">Standard<\/td>\n<td width=\"214\">\n<ul>\n<li>ASTM E797<\/li>\n<li>ISO 16809:2017<\/li>\n<li>EN 14127<\/li>\n<li>EN15317<\/li>\n<li>EN12668-1<\/li>\n<\/ul>\n<\/td>\n<\/tr>\n<tr>\n<td width=\"352\">Gewicht der elektronischen Einheit, nicht mehr als kg<\/td>\n<td width=\"214\">0.5<\/td>\n<\/tr>\n<tr>\n<td width=\"352\">Dimensionen (L x W x H)<\/td>\n<td width=\"214\">165x90x50mm<\/td>\n<\/tr>\n<tr>\n<td width=\"352\">Stromversorgung<\/td>\n<td width=\"214\">Eingebauter Lithium-Ionen-Akku<\/td>\n<\/tr>\n<tr>\n<td width=\"352\">Dauer der ununterbrochenen Arbeit, nicht weniger als, h<\/td>\n<td width=\"214\">8<\/td>\n<\/tr>\n<tr>\n<td width=\"352\">Betriebstemperaturbereich der Elektronikeinheit, \u00b0 C<\/td>\n<td width=\"214\">-20 bis +50<\/td>\n<\/tr>\n<\/tbody>\n<\/table>\n<p>&nbsp;<\/p>\n","protected":false},"excerpt":{"rendered":"<p>Digitales Schichtdickenmessger\u00e4t 0.6 bis 300 mm<\/p>\n","protected":false},"featured_media":30479,"template":"","meta":{"_crdt_document":""},"product_brand":[],"product_cat":[312,180],"product_tag":[],"class_list":{"0":"post-30472","1":"product","2":"type-product","3":"status-publish","4":"has-post-thumbnail","6":"product_cat-dicke","7":"product_cat-messung","9":"first","10":"instock","11":"taxable","12":"shipping-taxable","13":"product-type-simple"},"yoast_head":"<!-- This site is optimized with the Yoast SEO plugin v27.3 - https:\/\/yoast.com\/product\/yoast-seo-wordpress\/ -->\n<title>EMAT-Dickenmessger\u00e4t NOVOTEST UT-3M-EMA - Sysmatec<\/title>\n<meta name=\"description\" content=\"Digitales Ger\u00e4t zur Messung der Beschichtungsdicke auf einem Metalltr\u00e4ger. Der Schichtdickenmessbereich betr\u00e4gt 0,6 bis 300 mm.\" \/>\n<meta name=\"robots\" content=\"index, follow, max-snippet:-1, max-image-preview:large, max-video-preview:-1\" \/>\n<link rel=\"canonical\" href=\"https:\/\/sysmatec.ch\/de\/Produkt\/emat-dickenmessgeraet-novotest-ut-3m-ema\/\" \/>\n<meta property=\"og:locale\" content=\"de_DE\" \/>\n<meta property=\"og:type\" content=\"article\" \/>\n<meta property=\"og:title\" content=\"EMAT-Dickenmessger\u00e4t NOVOTEST UT-3M-EMA - Sysmatec\" \/>\n<meta property=\"og:description\" content=\"Digitales Ger\u00e4t zur Messung der Beschichtungsdicke auf einem Metalltr\u00e4ger. Der Schichtdickenmessbereich betr\u00e4gt 0,6 bis 300 mm.\" \/>\n<meta property=\"og:url\" content=\"https:\/\/sysmatec.ch\/de\/Produkt\/emat-dickenmessgeraet-novotest-ut-3m-ema\/\" \/>\n<meta property=\"og:site_name\" content=\"Sysmatec\" \/>\n<meta property=\"article:modified_time\" content=\"2025-03-08T19:50:00+00:00\" \/>\n<meta property=\"og:image\" content=\"https:\/\/sysmatec.ch\/wp-content\/uploads\/2025\/03\/MesureEpaisseur_NOVOTEST-UT-3M-EMA2.jpg\" \/>\n\t<meta property=\"og:image:width\" content=\"738\" \/>\n\t<meta property=\"og:image:height\" content=\"615\" \/>\n\t<meta property=\"og:image:type\" content=\"image\/jpeg\" \/>\n<meta name=\"twitter:card\" content=\"summary_large_image\" \/>\n<meta name=\"twitter:label1\" content=\"Gesch\u00e4tzte Lesezeit\" \/>\n\t<meta name=\"twitter:data1\" content=\"3\u00a0Minuten\" \/>\n<script type=\"application\/ld+json\" class=\"yoast-schema-graph\">{\"@context\":\"https:\\\/\\\/schema.org\",\"@graph\":[{\"@type\":\"WebPage\",\"@id\":\"https:\\\/\\\/sysmatec.ch\\\/de\\\/Produkt\\\/emat-dickenmessgeraet-novotest-ut-3m-ema\\\/\",\"url\":\"https:\\\/\\\/sysmatec.ch\\\/de\\\/Produkt\\\/emat-dickenmessgeraet-novotest-ut-3m-ema\\\/\",\"name\":\"EMAT-Dickenmessger\u00e4t NOVOTEST UT-3M-EMA - Sysmatec\",\"isPartOf\":{\"@id\":\"https:\\\/\\\/sysmatec.ch\\\/de\\\/#website\"},\"primaryImageOfPage\":{\"@id\":\"https:\\\/\\\/sysmatec.ch\\\/de\\\/Produkt\\\/emat-dickenmessgeraet-novotest-ut-3m-ema\\\/#primaryimage\"},\"image\":{\"@id\":\"https:\\\/\\\/sysmatec.ch\\\/de\\\/Produkt\\\/emat-dickenmessgeraet-novotest-ut-3m-ema\\\/#primaryimage\"},\"thumbnailUrl\":\"https:\\\/\\\/sysmatec.ch\\\/wp-content\\\/uploads\\\/2025\\\/03\\\/MesureEpaisseur_NOVOTEST-UT-3M-EMA2.jpg\",\"datePublished\":\"2025-03-08T17:53:09+00:00\",\"dateModified\":\"2025-03-08T19:50:00+00:00\",\"description\":\"Digitales Ger\u00e4t zur Messung der Beschichtungsdicke auf einem Metalltr\u00e4ger. Der Schichtdickenmessbereich betr\u00e4gt 0,6 bis 300 mm.\",\"breadcrumb\":{\"@id\":\"https:\\\/\\\/sysmatec.ch\\\/de\\\/Produkt\\\/emat-dickenmessgeraet-novotest-ut-3m-ema\\\/#breadcrumb\"},\"inLanguage\":\"de\",\"potentialAction\":[{\"@type\":\"ReadAction\",\"target\":[\"https:\\\/\\\/sysmatec.ch\\\/de\\\/Produkt\\\/emat-dickenmessgeraet-novotest-ut-3m-ema\\\/\"]}]},{\"@type\":\"ImageObject\",\"inLanguage\":\"de\",\"@id\":\"https:\\\/\\\/sysmatec.ch\\\/de\\\/Produkt\\\/emat-dickenmessgeraet-novotest-ut-3m-ema\\\/#primaryimage\",\"url\":\"https:\\\/\\\/sysmatec.ch\\\/wp-content\\\/uploads\\\/2025\\\/03\\\/MesureEpaisseur_NOVOTEST-UT-3M-EMA2.jpg\",\"contentUrl\":\"https:\\\/\\\/sysmatec.ch\\\/wp-content\\\/uploads\\\/2025\\\/03\\\/MesureEpaisseur_NOVOTEST-UT-3M-EMA2.jpg\",\"width\":738,\"height\":615},{\"@type\":\"BreadcrumbList\",\"@id\":\"https:\\\/\\\/sysmatec.ch\\\/de\\\/Produkt\\\/emat-dickenmessgeraet-novotest-ut-3m-ema\\\/#breadcrumb\",\"itemListElement\":[{\"@type\":\"ListItem\",\"position\":1,\"name\":\"Accueil\",\"item\":\"https:\\\/\\\/sysmatec.ch\\\/de\\\/\"},{\"@type\":\"ListItem\",\"position\":2,\"name\":\"Die Aktivit\u00e4t von Sysmatec\",\"item\":\"https:\\\/\\\/sysmatec.ch\\\/de\\\/\"},{\"@type\":\"ListItem\",\"position\":3,\"name\":\"EMAT-Dickenmessger\u00e4t NOVOTEST UT-3M-EMA\"}]},{\"@type\":\"WebSite\",\"@id\":\"https:\\\/\\\/sysmatec.ch\\\/de\\\/#website\",\"url\":\"https:\\\/\\\/sysmatec.ch\\\/de\\\/\",\"name\":\"Sysmatec\",\"description\":\"Equipement de laboratoire et logiciels\",\"publisher\":{\"@id\":\"https:\\\/\\\/sysmatec.ch\\\/de\\\/#organization\"},\"potentialAction\":[{\"@type\":\"SearchAction\",\"target\":{\"@type\":\"EntryPoint\",\"urlTemplate\":\"https:\\\/\\\/sysmatec.ch\\\/de\\\/?s={search_term_string}\"},\"query-input\":{\"@type\":\"PropertyValueSpecification\",\"valueRequired\":true,\"valueName\":\"search_term_string\"}}],\"inLanguage\":\"de\"},{\"@type\":\"Organization\",\"@id\":\"https:\\\/\\\/sysmatec.ch\\\/de\\\/#organization\",\"name\":\"Sysmatec\",\"url\":\"https:\\\/\\\/sysmatec.ch\\\/de\\\/\",\"logo\":{\"@type\":\"ImageObject\",\"inLanguage\":\"de\",\"@id\":\"https:\\\/\\\/sysmatec.ch\\\/de\\\/#\\\/schema\\\/logo\\\/image\\\/\",\"url\":\"https:\\\/\\\/sysmatec.ch\\\/wp-content\\\/uploads\\\/2018\\\/11\\\/LogoSysmatec.jpg\",\"contentUrl\":\"https:\\\/\\\/sysmatec.ch\\\/wp-content\\\/uploads\\\/2018\\\/11\\\/LogoSysmatec.jpg\",\"width\":301,\"height\":297,\"caption\":\"Sysmatec\"},\"image\":{\"@id\":\"https:\\\/\\\/sysmatec.ch\\\/de\\\/#\\\/schema\\\/logo\\\/image\\\/\"}}]}<\/script>\n<!-- \/ Yoast SEO plugin. -->","yoast_head_json":{"title":"EMAT-Dickenmessger\u00e4t NOVOTEST UT-3M-EMA - Sysmatec","description":"Digitales Ger\u00e4t zur Messung der Beschichtungsdicke auf einem Metalltr\u00e4ger. Der Schichtdickenmessbereich betr\u00e4gt 0,6 bis 300 mm.","robots":{"index":"index","follow":"follow","max-snippet":"max-snippet:-1","max-image-preview":"max-image-preview:large","max-video-preview":"max-video-preview:-1"},"canonical":"https:\/\/sysmatec.ch\/de\/Produkt\/emat-dickenmessgeraet-novotest-ut-3m-ema\/","og_locale":"de_DE","og_type":"article","og_title":"EMAT-Dickenmessger\u00e4t NOVOTEST UT-3M-EMA - Sysmatec","og_description":"Digitales Ger\u00e4t zur Messung der Beschichtungsdicke auf einem Metalltr\u00e4ger. Der Schichtdickenmessbereich betr\u00e4gt 0,6 bis 300 mm.","og_url":"https:\/\/sysmatec.ch\/de\/Produkt\/emat-dickenmessgeraet-novotest-ut-3m-ema\/","og_site_name":"Sysmatec","article_modified_time":"2025-03-08T19:50:00+00:00","og_image":[{"width":738,"height":615,"url":"https:\/\/sysmatec.ch\/wp-content\/uploads\/2025\/03\/MesureEpaisseur_NOVOTEST-UT-3M-EMA2.jpg","type":"image\/jpeg"}],"twitter_card":"summary_large_image","twitter_misc":{"Gesch\u00e4tzte Lesezeit":"3\u00a0Minuten"},"schema":{"@context":"https:\/\/schema.org","@graph":[{"@type":"WebPage","@id":"https:\/\/sysmatec.ch\/de\/Produkt\/emat-dickenmessgeraet-novotest-ut-3m-ema\/","url":"https:\/\/sysmatec.ch\/de\/Produkt\/emat-dickenmessgeraet-novotest-ut-3m-ema\/","name":"EMAT-Dickenmessger\u00e4t NOVOTEST UT-3M-EMA - Sysmatec","isPartOf":{"@id":"https:\/\/sysmatec.ch\/de\/#website"},"primaryImageOfPage":{"@id":"https:\/\/sysmatec.ch\/de\/Produkt\/emat-dickenmessgeraet-novotest-ut-3m-ema\/#primaryimage"},"image":{"@id":"https:\/\/sysmatec.ch\/de\/Produkt\/emat-dickenmessgeraet-novotest-ut-3m-ema\/#primaryimage"},"thumbnailUrl":"https:\/\/sysmatec.ch\/wp-content\/uploads\/2025\/03\/MesureEpaisseur_NOVOTEST-UT-3M-EMA2.jpg","datePublished":"2025-03-08T17:53:09+00:00","dateModified":"2025-03-08T19:50:00+00:00","description":"Digitales Ger\u00e4t zur Messung der Beschichtungsdicke auf einem Metalltr\u00e4ger. Der Schichtdickenmessbereich betr\u00e4gt 0,6 bis 300 mm.","breadcrumb":{"@id":"https:\/\/sysmatec.ch\/de\/Produkt\/emat-dickenmessgeraet-novotest-ut-3m-ema\/#breadcrumb"},"inLanguage":"de","potentialAction":[{"@type":"ReadAction","target":["https:\/\/sysmatec.ch\/de\/Produkt\/emat-dickenmessgeraet-novotest-ut-3m-ema\/"]}]},{"@type":"ImageObject","inLanguage":"de","@id":"https:\/\/sysmatec.ch\/de\/Produkt\/emat-dickenmessgeraet-novotest-ut-3m-ema\/#primaryimage","url":"https:\/\/sysmatec.ch\/wp-content\/uploads\/2025\/03\/MesureEpaisseur_NOVOTEST-UT-3M-EMA2.jpg","contentUrl":"https:\/\/sysmatec.ch\/wp-content\/uploads\/2025\/03\/MesureEpaisseur_NOVOTEST-UT-3M-EMA2.jpg","width":738,"height":615},{"@type":"BreadcrumbList","@id":"https:\/\/sysmatec.ch\/de\/Produkt\/emat-dickenmessgeraet-novotest-ut-3m-ema\/#breadcrumb","itemListElement":[{"@type":"ListItem","position":1,"name":"Accueil","item":"https:\/\/sysmatec.ch\/de\/"},{"@type":"ListItem","position":2,"name":"Die Aktivit\u00e4t von Sysmatec","item":"https:\/\/sysmatec.ch\/de\/"},{"@type":"ListItem","position":3,"name":"EMAT-Dickenmessger\u00e4t NOVOTEST UT-3M-EMA"}]},{"@type":"WebSite","@id":"https:\/\/sysmatec.ch\/de\/#website","url":"https:\/\/sysmatec.ch\/de\/","name":"Sysmatec","description":"Equipement de laboratoire et logiciels","publisher":{"@id":"https:\/\/sysmatec.ch\/de\/#organization"},"potentialAction":[{"@type":"SearchAction","target":{"@type":"EntryPoint","urlTemplate":"https:\/\/sysmatec.ch\/de\/?s={search_term_string}"},"query-input":{"@type":"PropertyValueSpecification","valueRequired":true,"valueName":"search_term_string"}}],"inLanguage":"de"},{"@type":"Organization","@id":"https:\/\/sysmatec.ch\/de\/#organization","name":"Sysmatec","url":"https:\/\/sysmatec.ch\/de\/","logo":{"@type":"ImageObject","inLanguage":"de","@id":"https:\/\/sysmatec.ch\/de\/#\/schema\/logo\/image\/","url":"https:\/\/sysmatec.ch\/wp-content\/uploads\/2018\/11\/LogoSysmatec.jpg","contentUrl":"https:\/\/sysmatec.ch\/wp-content\/uploads\/2018\/11\/LogoSysmatec.jpg","width":301,"height":297,"caption":"Sysmatec"},"image":{"@id":"https:\/\/sysmatec.ch\/de\/#\/schema\/logo\/image\/"}}]}},"_links":{"self":[{"href":"https:\/\/sysmatec.ch\/de\/wp-json\/wp\/v2\/product\/30472","targetHints":{"allow":["GET"]}}],"collection":[{"href":"https:\/\/sysmatec.ch\/de\/wp-json\/wp\/v2\/product"}],"about":[{"href":"https:\/\/sysmatec.ch\/de\/wp-json\/wp\/v2\/types\/product"}],"wp:featuredmedia":[{"embeddable":true,"href":"https:\/\/sysmatec.ch\/de\/wp-json\/wp\/v2\/media\/30479"}],"wp:attachment":[{"href":"https:\/\/sysmatec.ch\/de\/wp-json\/wp\/v2\/media?parent=30472"}],"wp:term":[{"taxonomy":"product_brand","embeddable":true,"href":"https:\/\/sysmatec.ch\/de\/wp-json\/wp\/v2\/product_brand?post=30472"},{"taxonomy":"product_cat","embeddable":true,"href":"https:\/\/sysmatec.ch\/de\/wp-json\/wp\/v2\/product_cat?post=30472"},{"taxonomy":"product_tag","embeddable":true,"href":"https:\/\/sysmatec.ch\/de\/wp-json\/wp\/v2\/product_tag?post=30472"}],"curies":[{"name":"wp","href":"https:\/\/api.w.org\/{rel}","templated":true}]}}