{"id":3044,"date":"2019-02-16T11:16:57","date_gmt":"2019-02-16T10:16:57","guid":{"rendered":"https:\/\/sysmatec.ch\/produit\/balance-de-sol-kern-ban\/"},"modified":"2024-05-24T16:59:10","modified_gmt":"2024-05-24T14:59:10","slug":"einweg-temperatur-datenlogger-tempmate-xs","status":"publish","type":"product","link":"https:\/\/sysmatec.ch\/de\/Produkt\/einweg-temperatur-datenlogger-tempmate-xs\/","title":{"rendered":"Einweg Temperatur Datenlogger Tempmate XS"},"content":{"rendered":"<p>Dieser Datenlogger ist f\u00fcr die GDP-konforme K\u00fchlketten\u00fcberwachung, maximale Zuverl\u00e4ssigkeit und einfache Handhabung konzipiert. Mit der Ein-Knopf-Bedienung k\u00f6nnen Sie den Rekorder einfach starten und stoppen. Alle Berichte wie PDF werden automatisch generiert. Der integrierte digitale Temperatursensor erm\u00f6glicht pr\u00e4zise Messungen \u00fcber den gesamten Temperaturbereich. Ein nachverfolgbares Validierungszertifikat wird direkt auf dem Datenlogger gespeichert.<\/p>\n<h2>Merkmale<\/h2>\n<ul>\n<li>Verwendungsart: Temperatur-Datenlogger f\u00fcr den einmaligen Gebrauch<\/li>\n<li>Abmessungen 48 mm x 30 mm x 9 mm (L x B x H)<\/li>\n<li>Gewicht 8,6g<\/li>\n<li>Geh\u00e4use aus PE+PET<\/li>\n<li>CR2023-Batterie \/ nicht austauschbar<\/li>\n<li>Temperaturbereich: 10\u00b0C bis +70\u00b0C (bei begrenzter Betriebszeit bis -20\u00b0C m\u00f6glich)<\/li>\n<li>Temperaturgenauigkeit \u00b10,5 \u00b0C (-10 \u00b0C bis +40 \u00b0C) \u00b11,0 \u00b0C (andere)<\/li>\n<li>Temperaturaufl\u00f6sung 0,1\u00b0C<\/li>\n<li>T90 5 Min. (interner Sensor)<\/li>\n<li>Anzeige \/ Display LED-Anzeige<\/li>\n<li>Schutzart IP67<\/li>\n<li>Mindesthaltbarkeit 12 Monate<\/li>\n<li>USB 2.0-Anschlussschnittstelle, Typ A<\/li>\n<li>Speicher (Messungen) 10.000 Punkte<\/li>\n<li>Laufzeit Bis zu 70 Tage (abh\u00e4ngig von Temperaturbereich und Protokollierungsintervall)<\/li>\n<li>Protokollierungsintervall Standard: 10 Min.; weitere auf Anfrage<\/li>\n<li>Boot-Modus-Taste, Booten \u00fcber die Tempbase 2-Software<\/li>\n<li>Taste f\u00fcr den Abschaltmodus oder \u00fcber die Software tempbase 2<\/li>\n<li>Alarmkonfiguration Bis zu 2 anpassbare Alarmgrenzen, einzeln oder kumulativ \u00fcber die Tempbase 2-Software<\/li>\n<\/ul>\n<p>Preisreduktion je nach Menge m\u00f6glich<\/p>\n","protected":false},"excerpt":{"rendered":"<p><span class=\"VIiyi\" lang=\"de\"><span class=\"JLqJ4b ChMk0b\" data-language-for-alternatives=\"de\" data-language-to-translate-into=\"en\" data-phrase-index=\"0\">Einweg-Temperaturdatenlogger mit PDF-Bericht und Zertifizierung<\/span><\/span><\/p>\n","protected":false},"featured_media":29570,"template":"","meta":{"_crdt_document":""},"product_brand":[],"product_cat":[172,173],"product_tag":[],"class_list":{"0":"post-3044","1":"product","2":"type-product","3":"status-publish","4":"has-post-thumbnail","6":"product_cat-einweg-logger","7":"product_cat-temperatur","9":"first","10":"instock","11":"taxable","12":"shipping-taxable","13":"purchasable","14":"product-type-simple"},"yoast_head":"<!-- This site is optimized with the Yoast SEO plugin v27.3 - https:\/\/yoast.com\/product\/yoast-seo-wordpress\/ -->\n<title>Einweg Temperatur Datenlogger Tempmate XS - Sysmatec<\/title>\n<meta name=\"description\" content=\"Einweg-Temperaturschreiber. Temperaturbereich von -20 bis 70 \u00b0C. Es stellt automatisch eine pdf-Datei zur Verf\u00fcgung.\" \/>\n<meta name=\"robots\" content=\"index, follow, max-snippet:-1, max-image-preview:large, max-video-preview:-1\" \/>\n<link rel=\"canonical\" href=\"https:\/\/sysmatec.ch\/de\/Produkt\/einweg-temperatur-datenlogger-tempmate-xs\/\" \/>\n<meta property=\"og:locale\" content=\"de_DE\" \/>\n<meta property=\"og:type\" content=\"article\" \/>\n<meta property=\"og:title\" content=\"Einweg Temperatur Datenlogger Tempmate XS - Sysmatec\" \/>\n<meta property=\"og:description\" content=\"Einweg-Temperaturschreiber. Temperaturbereich von -20 bis 70 \u00b0C. Es stellt automatisch eine pdf-Datei zur Verf\u00fcgung.\" \/>\n<meta property=\"og:url\" content=\"https:\/\/sysmatec.ch\/de\/Produkt\/einweg-temperatur-datenlogger-tempmate-xs\/\" \/>\n<meta property=\"og:site_name\" content=\"Sysmatec\" \/>\n<meta property=\"article:modified_time\" content=\"2024-05-24T14:59:10+00:00\" \/>\n<meta property=\"og:image\" content=\"https:\/\/sysmatec.ch\/wp-content\/uploads\/2019\/02\/Enregistreurtemperature_TempmateXS.jpg\" \/>\n\t<meta property=\"og:image:width\" content=\"1536\" \/>\n\t<meta property=\"og:image:height\" content=\"1210\" \/>\n\t<meta property=\"og:image:type\" content=\"image\/jpeg\" \/>\n<meta name=\"twitter:card\" content=\"summary_large_image\" \/>\n<meta name=\"twitter:label1\" content=\"Gesch\u00e4tzte Lesezeit\" \/>\n\t<meta name=\"twitter:data1\" content=\"2\u00a0Minuten\" \/>\n<script type=\"application\/ld+json\" class=\"yoast-schema-graph\">{\"@context\":\"https:\\\/\\\/schema.org\",\"@graph\":[{\"@type\":\"WebPage\",\"@id\":\"https:\\\/\\\/sysmatec.ch\\\/de\\\/Produkt\\\/einweg-temperatur-datenlogger-tempmate-xs\\\/\",\"url\":\"https:\\\/\\\/sysmatec.ch\\\/de\\\/Produkt\\\/einweg-temperatur-datenlogger-tempmate-xs\\\/\",\"name\":\"Einweg Temperatur Datenlogger Tempmate XS - Sysmatec\",\"isPartOf\":{\"@id\":\"https:\\\/\\\/sysmatec.ch\\\/de\\\/#website\"},\"primaryImageOfPage\":{\"@id\":\"https:\\\/\\\/sysmatec.ch\\\/de\\\/Produkt\\\/einweg-temperatur-datenlogger-tempmate-xs\\\/#primaryimage\"},\"image\":{\"@id\":\"https:\\\/\\\/sysmatec.ch\\\/de\\\/Produkt\\\/einweg-temperatur-datenlogger-tempmate-xs\\\/#primaryimage\"},\"thumbnailUrl\":\"https:\\\/\\\/sysmatec.ch\\\/wp-content\\\/uploads\\\/2019\\\/02\\\/Enregistreurtemperature_TempmateXS.jpg\",\"datePublished\":\"2019-02-16T10:16:57+00:00\",\"dateModified\":\"2024-05-24T14:59:10+00:00\",\"description\":\"Einweg-Temperaturschreiber. Temperaturbereich von -20 bis 70 \u00b0C. Es stellt automatisch eine pdf-Datei zur Verf\u00fcgung.\",\"breadcrumb\":{\"@id\":\"https:\\\/\\\/sysmatec.ch\\\/de\\\/Produkt\\\/einweg-temperatur-datenlogger-tempmate-xs\\\/#breadcrumb\"},\"inLanguage\":\"de\",\"potentialAction\":[{\"@type\":\"ReadAction\",\"target\":[\"https:\\\/\\\/sysmatec.ch\\\/de\\\/Produkt\\\/einweg-temperatur-datenlogger-tempmate-xs\\\/\"]}]},{\"@type\":\"ImageObject\",\"inLanguage\":\"de\",\"@id\":\"https:\\\/\\\/sysmatec.ch\\\/de\\\/Produkt\\\/einweg-temperatur-datenlogger-tempmate-xs\\\/#primaryimage\",\"url\":\"https:\\\/\\\/sysmatec.ch\\\/wp-content\\\/uploads\\\/2019\\\/02\\\/Enregistreurtemperature_TempmateXS.jpg\",\"contentUrl\":\"https:\\\/\\\/sysmatec.ch\\\/wp-content\\\/uploads\\\/2019\\\/02\\\/Enregistreurtemperature_TempmateXS.jpg\",\"width\":1536,\"height\":1210},{\"@type\":\"BreadcrumbList\",\"@id\":\"https:\\\/\\\/sysmatec.ch\\\/de\\\/Produkt\\\/einweg-temperatur-datenlogger-tempmate-xs\\\/#breadcrumb\",\"itemListElement\":[{\"@type\":\"ListItem\",\"position\":1,\"name\":\"Accueil\",\"item\":\"https:\\\/\\\/sysmatec.ch\\\/de\\\/\"},{\"@type\":\"ListItem\",\"position\":2,\"name\":\"Die Aktivit\u00e4t von Sysmatec\",\"item\":\"https:\\\/\\\/sysmatec.ch\\\/de\\\/\"},{\"@type\":\"ListItem\",\"position\":3,\"name\":\"Einweg Temperatur Datenlogger Tempmate XS\"}]},{\"@type\":\"WebSite\",\"@id\":\"https:\\\/\\\/sysmatec.ch\\\/de\\\/#website\",\"url\":\"https:\\\/\\\/sysmatec.ch\\\/de\\\/\",\"name\":\"Sysmatec\",\"description\":\"Equipement de laboratoire et logiciels\",\"publisher\":{\"@id\":\"https:\\\/\\\/sysmatec.ch\\\/de\\\/#organization\"},\"potentialAction\":[{\"@type\":\"SearchAction\",\"target\":{\"@type\":\"EntryPoint\",\"urlTemplate\":\"https:\\\/\\\/sysmatec.ch\\\/de\\\/?s={search_term_string}\"},\"query-input\":{\"@type\":\"PropertyValueSpecification\",\"valueRequired\":true,\"valueName\":\"search_term_string\"}}],\"inLanguage\":\"de\"},{\"@type\":\"Organization\",\"@id\":\"https:\\\/\\\/sysmatec.ch\\\/de\\\/#organization\",\"name\":\"Sysmatec\",\"url\":\"https:\\\/\\\/sysmatec.ch\\\/de\\\/\",\"logo\":{\"@type\":\"ImageObject\",\"inLanguage\":\"de\",\"@id\":\"https:\\\/\\\/sysmatec.ch\\\/de\\\/#\\\/schema\\\/logo\\\/image\\\/\",\"url\":\"https:\\\/\\\/sysmatec.ch\\\/wp-content\\\/uploads\\\/2018\\\/11\\\/LogoSysmatec.jpg\",\"contentUrl\":\"https:\\\/\\\/sysmatec.ch\\\/wp-content\\\/uploads\\\/2018\\\/11\\\/LogoSysmatec.jpg\",\"width\":301,\"height\":297,\"caption\":\"Sysmatec\"},\"image\":{\"@id\":\"https:\\\/\\\/sysmatec.ch\\\/de\\\/#\\\/schema\\\/logo\\\/image\\\/\"}}]}<\/script>\n<!-- \/ Yoast SEO plugin. -->","yoast_head_json":{"title":"Einweg Temperatur Datenlogger Tempmate XS - Sysmatec","description":"Einweg-Temperaturschreiber. Temperaturbereich von -20 bis 70 \u00b0C. Es stellt automatisch eine pdf-Datei zur Verf\u00fcgung.","robots":{"index":"index","follow":"follow","max-snippet":"max-snippet:-1","max-image-preview":"max-image-preview:large","max-video-preview":"max-video-preview:-1"},"canonical":"https:\/\/sysmatec.ch\/de\/Produkt\/einweg-temperatur-datenlogger-tempmate-xs\/","og_locale":"de_DE","og_type":"article","og_title":"Einweg Temperatur Datenlogger Tempmate XS - Sysmatec","og_description":"Einweg-Temperaturschreiber. Temperaturbereich von -20 bis 70 \u00b0C. Es stellt automatisch eine pdf-Datei zur Verf\u00fcgung.","og_url":"https:\/\/sysmatec.ch\/de\/Produkt\/einweg-temperatur-datenlogger-tempmate-xs\/","og_site_name":"Sysmatec","article_modified_time":"2024-05-24T14:59:10+00:00","og_image":[{"width":1536,"height":1210,"url":"https:\/\/sysmatec.ch\/wp-content\/uploads\/2019\/02\/Enregistreurtemperature_TempmateXS.jpg","type":"image\/jpeg"}],"twitter_card":"summary_large_image","twitter_misc":{"Gesch\u00e4tzte Lesezeit":"2\u00a0Minuten"},"schema":{"@context":"https:\/\/schema.org","@graph":[{"@type":"WebPage","@id":"https:\/\/sysmatec.ch\/de\/Produkt\/einweg-temperatur-datenlogger-tempmate-xs\/","url":"https:\/\/sysmatec.ch\/de\/Produkt\/einweg-temperatur-datenlogger-tempmate-xs\/","name":"Einweg Temperatur Datenlogger Tempmate XS - Sysmatec","isPartOf":{"@id":"https:\/\/sysmatec.ch\/de\/#website"},"primaryImageOfPage":{"@id":"https:\/\/sysmatec.ch\/de\/Produkt\/einweg-temperatur-datenlogger-tempmate-xs\/#primaryimage"},"image":{"@id":"https:\/\/sysmatec.ch\/de\/Produkt\/einweg-temperatur-datenlogger-tempmate-xs\/#primaryimage"},"thumbnailUrl":"https:\/\/sysmatec.ch\/wp-content\/uploads\/2019\/02\/Enregistreurtemperature_TempmateXS.jpg","datePublished":"2019-02-16T10:16:57+00:00","dateModified":"2024-05-24T14:59:10+00:00","description":"Einweg-Temperaturschreiber. Temperaturbereich von -20 bis 70 \u00b0C. Es stellt automatisch eine pdf-Datei zur Verf\u00fcgung.","breadcrumb":{"@id":"https:\/\/sysmatec.ch\/de\/Produkt\/einweg-temperatur-datenlogger-tempmate-xs\/#breadcrumb"},"inLanguage":"de","potentialAction":[{"@type":"ReadAction","target":["https:\/\/sysmatec.ch\/de\/Produkt\/einweg-temperatur-datenlogger-tempmate-xs\/"]}]},{"@type":"ImageObject","inLanguage":"de","@id":"https:\/\/sysmatec.ch\/de\/Produkt\/einweg-temperatur-datenlogger-tempmate-xs\/#primaryimage","url":"https:\/\/sysmatec.ch\/wp-content\/uploads\/2019\/02\/Enregistreurtemperature_TempmateXS.jpg","contentUrl":"https:\/\/sysmatec.ch\/wp-content\/uploads\/2019\/02\/Enregistreurtemperature_TempmateXS.jpg","width":1536,"height":1210},{"@type":"BreadcrumbList","@id":"https:\/\/sysmatec.ch\/de\/Produkt\/einweg-temperatur-datenlogger-tempmate-xs\/#breadcrumb","itemListElement":[{"@type":"ListItem","position":1,"name":"Accueil","item":"https:\/\/sysmatec.ch\/de\/"},{"@type":"ListItem","position":2,"name":"Die Aktivit\u00e4t von Sysmatec","item":"https:\/\/sysmatec.ch\/de\/"},{"@type":"ListItem","position":3,"name":"Einweg Temperatur Datenlogger Tempmate XS"}]},{"@type":"WebSite","@id":"https:\/\/sysmatec.ch\/de\/#website","url":"https:\/\/sysmatec.ch\/de\/","name":"Sysmatec","description":"Equipement de laboratoire et logiciels","publisher":{"@id":"https:\/\/sysmatec.ch\/de\/#organization"},"potentialAction":[{"@type":"SearchAction","target":{"@type":"EntryPoint","urlTemplate":"https:\/\/sysmatec.ch\/de\/?s={search_term_string}"},"query-input":{"@type":"PropertyValueSpecification","valueRequired":true,"valueName":"search_term_string"}}],"inLanguage":"de"},{"@type":"Organization","@id":"https:\/\/sysmatec.ch\/de\/#organization","name":"Sysmatec","url":"https:\/\/sysmatec.ch\/de\/","logo":{"@type":"ImageObject","inLanguage":"de","@id":"https:\/\/sysmatec.ch\/de\/#\/schema\/logo\/image\/","url":"https:\/\/sysmatec.ch\/wp-content\/uploads\/2018\/11\/LogoSysmatec.jpg","contentUrl":"https:\/\/sysmatec.ch\/wp-content\/uploads\/2018\/11\/LogoSysmatec.jpg","width":301,"height":297,"caption":"Sysmatec"},"image":{"@id":"https:\/\/sysmatec.ch\/de\/#\/schema\/logo\/image\/"}}]}},"_links":{"self":[{"href":"https:\/\/sysmatec.ch\/de\/wp-json\/wp\/v2\/product\/3044","targetHints":{"allow":["GET"]}}],"collection":[{"href":"https:\/\/sysmatec.ch\/de\/wp-json\/wp\/v2\/product"}],"about":[{"href":"https:\/\/sysmatec.ch\/de\/wp-json\/wp\/v2\/types\/product"}],"wp:featuredmedia":[{"embeddable":true,"href":"https:\/\/sysmatec.ch\/de\/wp-json\/wp\/v2\/media\/29570"}],"wp:attachment":[{"href":"https:\/\/sysmatec.ch\/de\/wp-json\/wp\/v2\/media?parent=3044"}],"wp:term":[{"taxonomy":"product_brand","embeddable":true,"href":"https:\/\/sysmatec.ch\/de\/wp-json\/wp\/v2\/product_brand?post=3044"},{"taxonomy":"product_cat","embeddable":true,"href":"https:\/\/sysmatec.ch\/de\/wp-json\/wp\/v2\/product_cat?post=3044"},{"taxonomy":"product_tag","embeddable":true,"href":"https:\/\/sysmatec.ch\/de\/wp-json\/wp\/v2\/product_tag?post=3044"}],"curies":[{"name":"wp","href":"https:\/\/api.w.org\/{rel}","templated":true}]}}