{"id":3037,"date":"2019-02-16T11:06:22","date_gmt":"2019-02-16T10:06:22","guid":{"rendered":"https:\/\/sysmatec.ch\/produit\/balance-plateforme-kern-ikt\/"},"modified":"2022-02-27T10:27:11","modified_gmt":"2022-02-27T09:27:11","slug":"plattformwaage-kern-ikt","status":"publish","type":"product","link":"https:\/\/sysmatec.ch\/de\/Produkt\/plattformwaage-kern-ikt\/","title":{"rendered":"Plattformwaage KERN IKT"},"content":{"rendered":"<ul>\n<li>Touchscreen-Plattformwaage, auch mit Eichzulassung [M]<\/li>\n<li>Speicherpl\u00e4tze pro Betriebsart z. B. f\u00fcr Checkweighing, PRE-TARE, Referenzgewicht, Zielwert bei Dosierung etc.<\/li>\n<li>Komfortables Rezeptieren: 99 Rezepturen mit je 10 Mischungsbestandteilen im Klartext hinterlegbar (IKT-M: 5 Rezepturen mit je 7 Mischungsbestandteilen). Die praktische Rezepturanpassung bei \u00dcberdosierung ermittelt bei einem Rezepturbestandteil mit einer zu hohen Einwaage automatisch die neuen Sollgewichte der anderen Rezepturbestandteile. Die Ist- und Sollwerte sowie der anteilige Prozentwert k\u00f6nnen anschlie\u00dfend ausgedruckt werden<\/li>\n<li>Multiplikator-Funktion: Rezepturen, deren Komponentengewichte als %-Werte erfasst wurden, k\u00f6nnen bequem per Eingabe des neuen Soll-Gewichts vervielf\u00e4ltigt werden, ideal f\u00fcr die Herstellung von gr\u00f6\u00dferen Gebinden, Gro\u00dfpackungen etc.<\/li>\n<li>Rapid-Funktion f\u00fcr verk\u00fcrzte Einschwingzeit bei reduzierter Ablesbarkeit<\/li>\n<li>Steuer-Ausg\u00e4nge (Optokoppler, Digital I\/O) zum Anschluss von Relais, Signallampen, Ventilen etc. (35 V \/ 80 mA)<\/li>\n<li>F\u00fcr besonders hohe Z\u00e4hlgenauigkeit besteht die M\u00f6glichkeit die Serie KERN IKT mit hochpr\u00e4zisen Referenzwaagen zu einem Z\u00e4hlsystem zu vereinen, bitte anfragen<\/li>\n<\/ul>\n<table border=\"1\" width=\"511\" cellspacing=\"0\" cellpadding=\"2\">\n<tbody>\n<tr>\n<td>Waage Modell<\/td>\n<td width=\"10%\">Ablesbarkeit<\/td>\n<td width=\"10%\">W\u00e4gebereich<\/td>\n<td width=\"10%\">W\u00e4geplatte<\/td>\n<\/tr>\n<tr>\n<td><\/td>\n<td width=\"10%\">g<\/td>\n<td width=\"10%\">kg<\/td>\n<td width=\"10%\">mm<\/td>\n<\/tr>\n<tr>\n<td>IKT 6K0.1<\/td>\n<td width=\"10%\">0,1<\/td>\n<td width=\"10%\">6<\/td>\n<td width=\"10%\">318&#215;308<\/td>\n<\/tr>\n<tr>\n<td>IKT 12K0.2<\/td>\n<td width=\"10%\">0,2<\/td>\n<td width=\"10%\">12<\/td>\n<td width=\"10%\">318&#215;308<\/td>\n<\/tr>\n<tr>\n<td>IKT 30K0.5<\/td>\n<td width=\"10%\">0,5<\/td>\n<td width=\"10%\">30<\/td>\n<td width=\"10%\">318&#215;308<\/td>\n<\/tr>\n<tr>\n<td>IKT 60K1L<\/td>\n<td width=\"10%\">1<\/td>\n<td width=\"10%\">60<\/td>\n<td width=\"10%\">450&#215;350<\/td>\n<\/tr>\n<tr>\n<td>IKT 120K2L<\/td>\n<td width=\"10%\">2<\/td>\n<td width=\"10%\">120<\/td>\n<td width=\"10%\">450&#215;350<\/td>\n<\/tr>\n<tr>\n<td>IKT 150K2XL<\/td>\n<td width=\"10%\">2<\/td>\n<td width=\"10%\">150<\/td>\n<td width=\"10%\">600&#215;500<\/td>\n<\/tr>\n<tr>\n<td>IKT 300K2XL<\/td>\n<td width=\"10%\">5<\/td>\n<td width=\"10%\">150<\/td>\n<td width=\"10%\">600&#215;500<\/td>\n<\/tr>\n<tr>\n<td>IKT 3K0.01S<\/td>\n<td width=\"10%\">0.01<\/td>\n<td width=\"10%\">3<\/td>\n<td width=\"10%\">228&#215;228<\/td>\n<\/tr>\n<tr>\n<td>IKT 8K0.05<\/td>\n<td width=\"10%\">0.05<\/td>\n<td width=\"10%\">8<\/td>\n<td width=\"10%\">318&#215;308<\/td>\n<\/tr>\n<tr>\n<td>IKT 10K0.1S<\/td>\n<td width=\"10%\">0.1<\/td>\n<td width=\"10%\">10<\/td>\n<td width=\"10%\">228&#215;228<\/td>\n<\/tr>\n<tr>\n<td>IKT 16K0.1<\/td>\n<td width=\"10%\">0.1<\/td>\n<td width=\"10%\">16<\/td>\n<td width=\"10%\">318&#215;308<\/td>\n<\/tr>\n<tr>\n<td>IKT 30K0.1<\/td>\n<td width=\"10%\">0.1<\/td>\n<td width=\"10%\">30<\/td>\n<td width=\"10%\">305&#215;315<\/td>\n<\/tr>\n<tr>\n<td>IKT 30K0.1L<\/td>\n<td width=\"10%\">0.1<\/td>\n<td width=\"10%\">30<\/td>\n<td width=\"10%\">450&#215;350<\/td>\n<\/tr>\n<tr>\n<td>IKT 36K0.2<\/td>\n<td width=\"10%\">0.2<\/td>\n<td width=\"10%\">36<\/td>\n<td width=\"10%\">318&#215;308<\/td>\n<\/tr>\n<tr>\n<td>IKT 36K0.2L<\/td>\n<td width=\"10%\">0.2<\/td>\n<td width=\"10%\">36<\/td>\n<td width=\"10%\">450&#215;350<\/td>\n<\/tr>\n<tr>\n<td>IKT 60K0.2L<\/td>\n<td width=\"10%\">0.2<\/td>\n<td width=\"10%\">60<\/td>\n<td width=\"10%\">450&#215;350<\/td>\n<\/tr>\n<tr>\n<td>IKT 65K0.5L<\/td>\n<td width=\"10%\">0.5<\/td>\n<td width=\"10%\">65<\/td>\n<td width=\"10%\">450&#215;350<\/td>\n<\/tr>\n<tr>\n<td>IKT 100K0.5L<\/td>\n<td width=\"10%\">0.5<\/td>\n<td width=\"10%\">100<\/td>\n<td width=\"10%\">450&#215;350<\/td>\n<\/tr>\n<tr>\n<td>IKT 150K1L<\/td>\n<td width=\"10%\">1<\/td>\n<td width=\"10%\">150<\/td>\n<td width=\"10%\">450&#215;350<\/td>\n<\/tr>\n<tr>\n<td>IKT 6K1M<\/td>\n<td width=\"10%\">1<\/td>\n<td width=\"10%\">6<\/td>\n<td width=\"10%\">318&#215;308<\/td>\n<\/tr>\n<tr>\n<td>IKT 12K2M<\/td>\n<td width=\"10%\">2<\/td>\n<td width=\"10%\">12<\/td>\n<td width=\"10%\">318&#215;308<\/td>\n<\/tr>\n<tr>\n<td>IKT 30K5M<\/td>\n<td width=\"10%\">5<\/td>\n<td width=\"10%\">30<\/td>\n<td width=\"10%\">318&#215;308<\/td>\n<\/tr>\n<tr>\n<td>IKT 60K10LM<\/td>\n<td width=\"10%\">10<\/td>\n<td width=\"10%\">60<\/td>\n<td width=\"10%\">450&#215;350<\/td>\n<\/tr>\n<tr>\n<td>IKT 120K20LM<\/td>\n<td width=\"10%\">20<\/td>\n<td width=\"10%\">120<\/td>\n<td width=\"10%\">450&#215;350<\/td>\n<\/tr>\n<\/tbody>\n<\/table>\n","protected":false},"excerpt":{"rendered":"<p>Plattformwaage 0-6 kg bis 0-150 kg<\/p>\n","protected":false},"featured_media":23515,"template":"","meta":{"_crdt_document":""},"product_brand":[],"product_cat":[165,339],"product_tag":[],"class_list":{"0":"post-3037","1":"product","2":"type-product","3":"status-publish","4":"has-post-thumbnail","6":"product_cat-gewicht","7":"product_cat-plattform","9":"first","10":"instock","11":"taxable","12":"shipping-taxable","13":"purchasable","14":"product-type-variable"},"yoast_head":"<!-- This site is optimized with the Yoast SEO plugin v27.3 - https:\/\/yoast.com\/product\/yoast-seo-wordpress\/ -->\n<title>Plattformwaage KERN IKT - Sysmatec<\/title>\n<meta name=\"description\" content=\"Homologierbare Plattformwaage mit gro\u00dfem Touchscreen. Das Wiegen reicht von 0-3 kg bis 0-150 kg. Viele Funktionen wie Wiegen, Z\u00e4hlen, Summieren.\" \/>\n<meta name=\"robots\" content=\"index, follow, max-snippet:-1, max-image-preview:large, max-video-preview:-1\" \/>\n<link rel=\"canonical\" href=\"https:\/\/sysmatec.ch\/de\/produit\/plattformwaage-kern-ikt\/\" \/>\n<meta property=\"og:locale\" content=\"de_DE\" \/>\n<meta property=\"og:type\" content=\"article\" \/>\n<meta property=\"og:title\" content=\"Plattformwaage KERN IKT - Sysmatec\" \/>\n<meta property=\"og:description\" content=\"Homologierbare Plattformwaage mit gro\u00dfem Touchscreen. Das Wiegen reicht von 0-3 kg bis 0-150 kg. Viele Funktionen wie Wiegen, Z\u00e4hlen, Summieren.\" \/>\n<meta property=\"og:url\" content=\"https:\/\/sysmatec.ch\/de\/produit\/plattformwaage-kern-ikt\/\" \/>\n<meta property=\"og:site_name\" content=\"Sysmatec\" \/>\n<meta property=\"article:modified_time\" content=\"2022-02-27T09:27:11+00:00\" \/>\n<meta property=\"og:image\" content=\"https:\/\/sysmatec.ch\/wp-content\/uploads\/2019\/02\/Balance_IKT-6K0.1-scaled.jpg\" \/>\n\t<meta property=\"og:image:width\" content=\"2560\" \/>\n\t<meta property=\"og:image:height\" content=\"2238\" \/>\n\t<meta property=\"og:image:type\" content=\"image\/jpeg\" \/>\n<meta name=\"twitter:card\" content=\"summary_large_image\" \/>\n<meta name=\"twitter:label1\" content=\"Gesch\u00e4tzte Lesezeit\" \/>\n\t<meta name=\"twitter:data1\" content=\"2\u00a0Minuten\" \/>\n<script type=\"application\/ld+json\" class=\"yoast-schema-graph\">{\"@context\":\"https:\\\/\\\/schema.org\",\"@graph\":[{\"@type\":\"WebPage\",\"@id\":\"https:\\\/\\\/sysmatec.ch\\\/de\\\/produit\\\/plattformwaage-kern-ikt\\\/\",\"url\":\"https:\\\/\\\/sysmatec.ch\\\/de\\\/produit\\\/plattformwaage-kern-ikt\\\/\",\"name\":\"Plattformwaage KERN IKT - Sysmatec\",\"isPartOf\":{\"@id\":\"https:\\\/\\\/sysmatec.ch\\\/de\\\/#website\"},\"primaryImageOfPage\":{\"@id\":\"https:\\\/\\\/sysmatec.ch\\\/de\\\/produit\\\/plattformwaage-kern-ikt\\\/#primaryimage\"},\"image\":{\"@id\":\"https:\\\/\\\/sysmatec.ch\\\/de\\\/produit\\\/plattformwaage-kern-ikt\\\/#primaryimage\"},\"thumbnailUrl\":\"https:\\\/\\\/sysmatec.ch\\\/wp-content\\\/uploads\\\/2019\\\/02\\\/Balance_IKT-6K0.1-scaled.jpg\",\"datePublished\":\"2019-02-16T10:06:22+00:00\",\"dateModified\":\"2022-02-27T09:27:11+00:00\",\"description\":\"Homologierbare Plattformwaage mit gro\u00dfem Touchscreen. Das Wiegen reicht von 0-3 kg bis 0-150 kg. Viele Funktionen wie Wiegen, Z\u00e4hlen, Summieren.\",\"breadcrumb\":{\"@id\":\"https:\\\/\\\/sysmatec.ch\\\/de\\\/produit\\\/plattformwaage-kern-ikt\\\/#breadcrumb\"},\"inLanguage\":\"de\",\"potentialAction\":[{\"@type\":\"ReadAction\",\"target\":[\"https:\\\/\\\/sysmatec.ch\\\/de\\\/produit\\\/plattformwaage-kern-ikt\\\/\"]}]},{\"@type\":\"ImageObject\",\"inLanguage\":\"de\",\"@id\":\"https:\\\/\\\/sysmatec.ch\\\/de\\\/produit\\\/plattformwaage-kern-ikt\\\/#primaryimage\",\"url\":\"https:\\\/\\\/sysmatec.ch\\\/wp-content\\\/uploads\\\/2019\\\/02\\\/Balance_IKT-6K0.1-scaled.jpg\",\"contentUrl\":\"https:\\\/\\\/sysmatec.ch\\\/wp-content\\\/uploads\\\/2019\\\/02\\\/Balance_IKT-6K0.1-scaled.jpg\",\"width\":2560,\"height\":2238},{\"@type\":\"BreadcrumbList\",\"@id\":\"https:\\\/\\\/sysmatec.ch\\\/de\\\/produit\\\/plattformwaage-kern-ikt\\\/#breadcrumb\",\"itemListElement\":[{\"@type\":\"ListItem\",\"position\":1,\"name\":\"Accueil\",\"item\":\"https:\\\/\\\/sysmatec.ch\\\/de\\\/\"},{\"@type\":\"ListItem\",\"position\":2,\"name\":\"Die Aktivit\u00e4t von Sysmatec\",\"item\":\"https:\\\/\\\/sysmatec.ch\\\/de\\\/\"},{\"@type\":\"ListItem\",\"position\":3,\"name\":\"Plattformwaage KERN IKT\"}]},{\"@type\":\"WebSite\",\"@id\":\"https:\\\/\\\/sysmatec.ch\\\/de\\\/#website\",\"url\":\"https:\\\/\\\/sysmatec.ch\\\/de\\\/\",\"name\":\"Sysmatec\",\"description\":\"Equipement de laboratoire et logiciels\",\"publisher\":{\"@id\":\"https:\\\/\\\/sysmatec.ch\\\/de\\\/#organization\"},\"potentialAction\":[{\"@type\":\"SearchAction\",\"target\":{\"@type\":\"EntryPoint\",\"urlTemplate\":\"https:\\\/\\\/sysmatec.ch\\\/de\\\/?s={search_term_string}\"},\"query-input\":{\"@type\":\"PropertyValueSpecification\",\"valueRequired\":true,\"valueName\":\"search_term_string\"}}],\"inLanguage\":\"de\"},{\"@type\":\"Organization\",\"@id\":\"https:\\\/\\\/sysmatec.ch\\\/de\\\/#organization\",\"name\":\"Sysmatec\",\"url\":\"https:\\\/\\\/sysmatec.ch\\\/de\\\/\",\"logo\":{\"@type\":\"ImageObject\",\"inLanguage\":\"de\",\"@id\":\"https:\\\/\\\/sysmatec.ch\\\/de\\\/#\\\/schema\\\/logo\\\/image\\\/\",\"url\":\"https:\\\/\\\/sysmatec.ch\\\/wp-content\\\/uploads\\\/2018\\\/11\\\/LogoSysmatec.jpg\",\"contentUrl\":\"https:\\\/\\\/sysmatec.ch\\\/wp-content\\\/uploads\\\/2018\\\/11\\\/LogoSysmatec.jpg\",\"width\":301,\"height\":297,\"caption\":\"Sysmatec\"},\"image\":{\"@id\":\"https:\\\/\\\/sysmatec.ch\\\/de\\\/#\\\/schema\\\/logo\\\/image\\\/\"}}]}<\/script>\n<!-- \/ Yoast SEO plugin. -->","yoast_head_json":{"title":"Plattformwaage KERN IKT - Sysmatec","description":"Homologierbare Plattformwaage mit gro\u00dfem Touchscreen. Das Wiegen reicht von 0-3 kg bis 0-150 kg. Viele Funktionen wie Wiegen, Z\u00e4hlen, Summieren.","robots":{"index":"index","follow":"follow","max-snippet":"max-snippet:-1","max-image-preview":"max-image-preview:large","max-video-preview":"max-video-preview:-1"},"canonical":"https:\/\/sysmatec.ch\/de\/produit\/plattformwaage-kern-ikt\/","og_locale":"de_DE","og_type":"article","og_title":"Plattformwaage KERN IKT - Sysmatec","og_description":"Homologierbare Plattformwaage mit gro\u00dfem Touchscreen. Das Wiegen reicht von 0-3 kg bis 0-150 kg. Viele Funktionen wie Wiegen, Z\u00e4hlen, Summieren.","og_url":"https:\/\/sysmatec.ch\/de\/produit\/plattformwaage-kern-ikt\/","og_site_name":"Sysmatec","article_modified_time":"2022-02-27T09:27:11+00:00","og_image":[{"width":2560,"height":2238,"url":"https:\/\/sysmatec.ch\/wp-content\/uploads\/2019\/02\/Balance_IKT-6K0.1-scaled.jpg","type":"image\/jpeg"}],"twitter_card":"summary_large_image","twitter_misc":{"Gesch\u00e4tzte Lesezeit":"2\u00a0Minuten"},"schema":{"@context":"https:\/\/schema.org","@graph":[{"@type":"WebPage","@id":"https:\/\/sysmatec.ch\/de\/produit\/plattformwaage-kern-ikt\/","url":"https:\/\/sysmatec.ch\/de\/produit\/plattformwaage-kern-ikt\/","name":"Plattformwaage KERN IKT - Sysmatec","isPartOf":{"@id":"https:\/\/sysmatec.ch\/de\/#website"},"primaryImageOfPage":{"@id":"https:\/\/sysmatec.ch\/de\/produit\/plattformwaage-kern-ikt\/#primaryimage"},"image":{"@id":"https:\/\/sysmatec.ch\/de\/produit\/plattformwaage-kern-ikt\/#primaryimage"},"thumbnailUrl":"https:\/\/sysmatec.ch\/wp-content\/uploads\/2019\/02\/Balance_IKT-6K0.1-scaled.jpg","datePublished":"2019-02-16T10:06:22+00:00","dateModified":"2022-02-27T09:27:11+00:00","description":"Homologierbare Plattformwaage mit gro\u00dfem Touchscreen. Das Wiegen reicht von 0-3 kg bis 0-150 kg. Viele Funktionen wie Wiegen, Z\u00e4hlen, Summieren.","breadcrumb":{"@id":"https:\/\/sysmatec.ch\/de\/produit\/plattformwaage-kern-ikt\/#breadcrumb"},"inLanguage":"de","potentialAction":[{"@type":"ReadAction","target":["https:\/\/sysmatec.ch\/de\/produit\/plattformwaage-kern-ikt\/"]}]},{"@type":"ImageObject","inLanguage":"de","@id":"https:\/\/sysmatec.ch\/de\/produit\/plattformwaage-kern-ikt\/#primaryimage","url":"https:\/\/sysmatec.ch\/wp-content\/uploads\/2019\/02\/Balance_IKT-6K0.1-scaled.jpg","contentUrl":"https:\/\/sysmatec.ch\/wp-content\/uploads\/2019\/02\/Balance_IKT-6K0.1-scaled.jpg","width":2560,"height":2238},{"@type":"BreadcrumbList","@id":"https:\/\/sysmatec.ch\/de\/produit\/plattformwaage-kern-ikt\/#breadcrumb","itemListElement":[{"@type":"ListItem","position":1,"name":"Accueil","item":"https:\/\/sysmatec.ch\/de\/"},{"@type":"ListItem","position":2,"name":"Die Aktivit\u00e4t von Sysmatec","item":"https:\/\/sysmatec.ch\/de\/"},{"@type":"ListItem","position":3,"name":"Plattformwaage KERN IKT"}]},{"@type":"WebSite","@id":"https:\/\/sysmatec.ch\/de\/#website","url":"https:\/\/sysmatec.ch\/de\/","name":"Sysmatec","description":"Equipement de laboratoire et logiciels","publisher":{"@id":"https:\/\/sysmatec.ch\/de\/#organization"},"potentialAction":[{"@type":"SearchAction","target":{"@type":"EntryPoint","urlTemplate":"https:\/\/sysmatec.ch\/de\/?s={search_term_string}"},"query-input":{"@type":"PropertyValueSpecification","valueRequired":true,"valueName":"search_term_string"}}],"inLanguage":"de"},{"@type":"Organization","@id":"https:\/\/sysmatec.ch\/de\/#organization","name":"Sysmatec","url":"https:\/\/sysmatec.ch\/de\/","logo":{"@type":"ImageObject","inLanguage":"de","@id":"https:\/\/sysmatec.ch\/de\/#\/schema\/logo\/image\/","url":"https:\/\/sysmatec.ch\/wp-content\/uploads\/2018\/11\/LogoSysmatec.jpg","contentUrl":"https:\/\/sysmatec.ch\/wp-content\/uploads\/2018\/11\/LogoSysmatec.jpg","width":301,"height":297,"caption":"Sysmatec"},"image":{"@id":"https:\/\/sysmatec.ch\/de\/#\/schema\/logo\/image\/"}}]}},"_links":{"self":[{"href":"https:\/\/sysmatec.ch\/de\/wp-json\/wp\/v2\/product\/3037","targetHints":{"allow":["GET"]}}],"collection":[{"href":"https:\/\/sysmatec.ch\/de\/wp-json\/wp\/v2\/product"}],"about":[{"href":"https:\/\/sysmatec.ch\/de\/wp-json\/wp\/v2\/types\/product"}],"wp:featuredmedia":[{"embeddable":true,"href":"https:\/\/sysmatec.ch\/de\/wp-json\/wp\/v2\/media\/23515"}],"wp:attachment":[{"href":"https:\/\/sysmatec.ch\/de\/wp-json\/wp\/v2\/media?parent=3037"}],"wp:term":[{"taxonomy":"product_brand","embeddable":true,"href":"https:\/\/sysmatec.ch\/de\/wp-json\/wp\/v2\/product_brand?post=3037"},{"taxonomy":"product_cat","embeddable":true,"href":"https:\/\/sysmatec.ch\/de\/wp-json\/wp\/v2\/product_cat?post=3037"},{"taxonomy":"product_tag","embeddable":true,"href":"https:\/\/sysmatec.ch\/de\/wp-json\/wp\/v2\/product_tag?post=3037"}],"curies":[{"name":"wp","href":"https:\/\/api.w.org\/{rel}","templated":true}]}}