{"id":30362,"date":"2025-01-30T11:11:53","date_gmt":"2025-01-30T10:11:53","guid":{"rendered":"https:\/\/sysmatec.ch\/?post_type=product&#038;p=30362"},"modified":"2025-01-30T12:12:39","modified_gmt":"2025-01-30T11:12:39","slug":"spritzendosierer-syrdos","status":"publish","type":"product","link":"https:\/\/sysmatec.ch\/de\/Produkt\/spritzendosierer-syrdos\/","title":{"rendered":"Spritzendosierer SyrDos\u2122"},"content":{"rendered":"<p>Diese Pumpe ist mit zwei abwechselnd arbeitenden Spritzen ausgestattet, wodurch ein kontinuierlicher Durchfluss erreicht wird. In der kontinuierlichen Betriebsart ist die SyrDos<sup>\u2122<\/sup> ideal f\u00fcr die Mikroreaktionstechnik geeignet. Hierbei werden die beiden Pumpenantriebe durch einen speziellen Algorithmus synchronisiert.<\/p>\n<p>Durch das robuste Edelstahlgeh\u00e4use ist sie f\u00fcr den rauhen Prozesseinsatz geeignet. Neben Ventilen aus PTFE sind auch Ventile aus AL<sub>2<\/sub>O<sub>3<\/sub>, PCTFE und PPS erh\u00e4ltlich.<\/p>\n<p>Die SyrDos<sup>\u2122<\/sup> erm\u00f6glicht die Einstellung eines Grenzwertes f\u00fcr den ausgehenden Druck. Bei \u00dcberschreitung des Grenzwertes werden die Antriebe automatisch gestoppt (erfordert Drucksensor, z.\u00a0B. IS-P-A-TRA-pres-GMG1\/2). Neben dem NAMUR-kompatiblen RS-232-Protokoll kann auch ein analoger Eingang (4\u202620\u00a0mA\/0\u20265\u00a0V) genutzt werden um die SyrDos<sup>\u2122<\/sup>\u00a0zu steuern.<\/p>\n<h2>Eigenschaften<\/h2>\n<ul>\n<li>F\u00f6rderrate 0.31 \u03bcl\/min bis 156 ml\/min<\/li>\n<li>Hochdruckversionen bis 90\u00a0bar<\/li>\n<li>Dosiermodi:\u00a0Dispensieren eingestellter Volumina\/Menge, Unterbrechungsfreies Dosieren durch Synchronisation beider Antriebe, Kontinuierliches Dosieren mit eingestellter Geschwindigkeit, Dosieren eines Soll-Volumens mit eingestellter Geschwindigkeit, Dosieren mit eingestellter Geschwindigkeit \u00fcber bestimmte Zeit<\/li>\n<\/ul>\n<table width=\"758\">\n<tbody>\n<tr>\n<td width=\"80\">Modell<\/td>\n<td width=\"139\">IP-SYR-XLP-P-PTFE-3<\/td>\n<td width=\"133\">IP-SYR-CKP-P-CER-3<\/td>\n<td width=\"136\">IP-SYR-CKP-P-PTFE-4<\/td>\n<td width=\"133\">IP-SYR-XLP-P-PPS-6<\/td>\n<td width=\"137\">IP-SYR-XLP-P-CER-9<\/td>\n<\/tr>\n<tr>\n<td><\/td>\n<td width=\"139\">Ventil: Keramik Spritze: Borosilikatglas und PTFE<\/td>\n<td width=\"133\">Ventil: PTFE, PCTFE Spritze: Borosilikatglas und PTFE<\/td>\n<td width=\"136\">Ventil: PTFE, PCTFE Spritze: Borosilikatglas und PTFE<\/td>\n<td width=\"133\">Ventil: PPS, UHMW-PE Spritze: Borosilikatglas und PTFE<\/td>\n<td>Ventil: AL2O3 Spritze: Borosilikatglas und PTFE<\/td>\n<\/tr>\n<tr>\n<td>Maximale F\u00f6rderkraft<\/td>\n<td>150 N<\/td>\n<td>60 N<\/td>\n<td>150 N<\/td>\n<td>60 N<\/td>\n<td>60 N<\/td>\n<\/tr>\n<tr>\n<td>Pr\u00fcfdruck<\/td>\n<td>90 bar<\/td>\n<td>30 bar<\/td>\n<td>30 bar<\/td>\n<td>3 bar<\/td>\n<td>42 bar<\/td>\n<\/tr>\n<tr>\n<td>Dosierung ins Vakuum<\/td>\n<td colspan=\"5\">M\u00f6glich bis 10 mbar (Dampfdruck beachten)<\/td>\n<\/tr>\n<tr>\n<td>Aufl\u00f6sung<\/td>\n<td colspan=\"5\">8.000 Schritte\/cm<\/td>\n<\/tr>\n<tr>\n<td>Anschl\u00fcsse<\/td>\n<td>10-32 UNF<\/td>\n<td>1\/4&#8243;-UNF 28, Innengewinde<\/td>\n<td>1\/4&#8243;-UNF 28, Innengewinde<\/td>\n<td>1\/4&#8243;-UNF 28, Innengewinde<\/td>\n<td>1\/4&#8243;-UNF 28, Innengewinde<\/td>\n<\/tr>\n<tr>\n<td>Saugh\u00f6he<\/td>\n<td colspan=\"5\">selbstansaugend, medienabh\u00e4ngig<\/td>\n<\/tr>\n<tr>\n<td>Ansteuerung<\/td>\n<td colspan=\"5\">Serielle Schnittstelle RS-232, Analoge Schnittstelle 0\u20265 V, 4\u202620 mA<\/td>\n<\/tr>\n<tr>\n<td>Spannungsversorgung<\/td>\n<td colspan=\"5\">230 V<\/td>\n<\/tr>\n<tr>\n<td>Schutzart<\/td>\n<td colspan=\"5\">IP20<\/td>\n<\/tr>\n<tr>\n<td>Abmessungen (B x H x T)<\/td>\n<td colspan=\"5\">225 x 270 x 195 mm, ohne Ventile und Kabel<\/td>\n<\/tr>\n<tr>\n<td>Gewicht<\/td>\n<td colspan=\"5\">ca. 10 kg<\/td>\n<\/tr>\n<\/tbody>\n<\/table>\n","protected":false},"excerpt":{"rendered":"<p>Dosierpumpe f\u00fcr hohe Dr\u00fccke<\/p>\n","protected":false},"featured_media":30366,"template":"","meta":{"_crdt_document":""},"product_brand":[],"product_cat":[98,99],"product_tag":[],"class_list":{"0":"post-30362","1":"product","2":"type-product","3":"status-publish","4":"has-post-thumbnail","6":"product_cat-peristaltisch","7":"product_cat-pumpe","9":"first","10":"instock","11":"taxable","12":"shipping-taxable","13":"product-type-simple"},"yoast_head":"<!-- This site is optimized with the Yoast SEO plugin v27.4 - https:\/\/yoast.com\/product\/yoast-seo-wordpress\/ -->\n<title>Spritzendosierer SyrDos\u2122 - Sysmatec<\/title>\n<meta name=\"description\" content=\"Pumpe mit 2 Kolben f\u00fcr einen kontinuierlichen Fluss zwischen 0,31 \u03bcl\/min und 156 ml\/min\" \/>\n<meta name=\"robots\" content=\"index, follow, max-snippet:-1, max-image-preview:large, max-video-preview:-1\" \/>\n<link rel=\"canonical\" href=\"https:\/\/sysmatec.ch\/de\/Produkt\/spritzendosierer-syrdos\/\" \/>\n<meta property=\"og:locale\" content=\"de_DE\" \/>\n<meta property=\"og:type\" content=\"article\" \/>\n<meta property=\"og:title\" content=\"Spritzendosierer SyrDos\u2122 - Sysmatec\" \/>\n<meta property=\"og:description\" content=\"Pumpe mit 2 Kolben f\u00fcr einen kontinuierlichen Fluss zwischen 0,31 \u03bcl\/min und 156 ml\/min\" \/>\n<meta property=\"og:url\" content=\"https:\/\/sysmatec.ch\/de\/Produkt\/spritzendosierer-syrdos\/\" \/>\n<meta property=\"og:site_name\" content=\"Sysmatec\" \/>\n<meta property=\"article:modified_time\" content=\"2025-01-30T11:12:39+00:00\" \/>\n<meta property=\"og:image\" content=\"https:\/\/sysmatec.ch\/wp-content\/uploads\/2025\/01\/PompePiston_SyrDosHitecZang.jpg\" \/>\n\t<meta property=\"og:image:width\" content=\"577\" \/>\n\t<meta property=\"og:image:height\" content=\"550\" \/>\n\t<meta property=\"og:image:type\" content=\"image\/jpeg\" \/>\n<meta name=\"twitter:card\" content=\"summary_large_image\" \/>\n<meta name=\"twitter:label1\" content=\"Gesch\u00e4tzte Lesezeit\" \/>\n\t<meta name=\"twitter:data1\" content=\"2\u00a0Minuten\" \/>\n<script type=\"application\/ld+json\" class=\"yoast-schema-graph\">{\"@context\":\"https:\\\/\\\/schema.org\",\"@graph\":[{\"@type\":\"WebPage\",\"@id\":\"https:\\\/\\\/sysmatec.ch\\\/de\\\/Produkt\\\/spritzendosierer-syrdos\\\/\",\"url\":\"https:\\\/\\\/sysmatec.ch\\\/de\\\/Produkt\\\/spritzendosierer-syrdos\\\/\",\"name\":\"Spritzendosierer SyrDos\u2122 - Sysmatec\",\"isPartOf\":{\"@id\":\"https:\\\/\\\/sysmatec.ch\\\/de\\\/#website\"},\"primaryImageOfPage\":{\"@id\":\"https:\\\/\\\/sysmatec.ch\\\/de\\\/Produkt\\\/spritzendosierer-syrdos\\\/#primaryimage\"},\"image\":{\"@id\":\"https:\\\/\\\/sysmatec.ch\\\/de\\\/Produkt\\\/spritzendosierer-syrdos\\\/#primaryimage\"},\"thumbnailUrl\":\"https:\\\/\\\/sysmatec.ch\\\/wp-content\\\/uploads\\\/2025\\\/01\\\/PompePiston_SyrDosHitecZang.jpg\",\"datePublished\":\"2025-01-30T10:11:53+00:00\",\"dateModified\":\"2025-01-30T11:12:39+00:00\",\"description\":\"Pumpe mit 2 Kolben f\u00fcr einen kontinuierlichen Fluss zwischen 0,31 \u03bcl\\\/min und 156 ml\\\/min\",\"breadcrumb\":{\"@id\":\"https:\\\/\\\/sysmatec.ch\\\/de\\\/Produkt\\\/spritzendosierer-syrdos\\\/#breadcrumb\"},\"inLanguage\":\"de\",\"potentialAction\":[{\"@type\":\"ReadAction\",\"target\":[\"https:\\\/\\\/sysmatec.ch\\\/de\\\/Produkt\\\/spritzendosierer-syrdos\\\/\"]}]},{\"@type\":\"ImageObject\",\"inLanguage\":\"de\",\"@id\":\"https:\\\/\\\/sysmatec.ch\\\/de\\\/Produkt\\\/spritzendosierer-syrdos\\\/#primaryimage\",\"url\":\"https:\\\/\\\/sysmatec.ch\\\/wp-content\\\/uploads\\\/2025\\\/01\\\/PompePiston_SyrDosHitecZang.jpg\",\"contentUrl\":\"https:\\\/\\\/sysmatec.ch\\\/wp-content\\\/uploads\\\/2025\\\/01\\\/PompePiston_SyrDosHitecZang.jpg\",\"width\":577,\"height\":550},{\"@type\":\"BreadcrumbList\",\"@id\":\"https:\\\/\\\/sysmatec.ch\\\/de\\\/Produkt\\\/spritzendosierer-syrdos\\\/#breadcrumb\",\"itemListElement\":[{\"@type\":\"ListItem\",\"position\":1,\"name\":\"Accueil\",\"item\":\"https:\\\/\\\/sysmatec.ch\\\/de\\\/\"},{\"@type\":\"ListItem\",\"position\":2,\"name\":\"Die Aktivit\u00e4t von Sysmatec\",\"item\":\"https:\\\/\\\/sysmatec.ch\\\/de\\\/\"},{\"@type\":\"ListItem\",\"position\":3,\"name\":\"Spritzendosierer SyrDos\u2122\"}]},{\"@type\":\"WebSite\",\"@id\":\"https:\\\/\\\/sysmatec.ch\\\/de\\\/#website\",\"url\":\"https:\\\/\\\/sysmatec.ch\\\/de\\\/\",\"name\":\"Sysmatec\",\"description\":\"Equipement de laboratoire et logiciels\",\"publisher\":{\"@id\":\"https:\\\/\\\/sysmatec.ch\\\/de\\\/#organization\"},\"potentialAction\":[{\"@type\":\"SearchAction\",\"target\":{\"@type\":\"EntryPoint\",\"urlTemplate\":\"https:\\\/\\\/sysmatec.ch\\\/de\\\/?s={search_term_string}\"},\"query-input\":{\"@type\":\"PropertyValueSpecification\",\"valueRequired\":true,\"valueName\":\"search_term_string\"}}],\"inLanguage\":\"de\"},{\"@type\":\"Organization\",\"@id\":\"https:\\\/\\\/sysmatec.ch\\\/de\\\/#organization\",\"name\":\"Sysmatec\",\"url\":\"https:\\\/\\\/sysmatec.ch\\\/de\\\/\",\"logo\":{\"@type\":\"ImageObject\",\"inLanguage\":\"de\",\"@id\":\"https:\\\/\\\/sysmatec.ch\\\/de\\\/#\\\/schema\\\/logo\\\/image\\\/\",\"url\":\"https:\\\/\\\/sysmatec.ch\\\/wp-content\\\/uploads\\\/2018\\\/11\\\/LogoSysmatec.jpg\",\"contentUrl\":\"https:\\\/\\\/sysmatec.ch\\\/wp-content\\\/uploads\\\/2018\\\/11\\\/LogoSysmatec.jpg\",\"width\":301,\"height\":297,\"caption\":\"Sysmatec\"},\"image\":{\"@id\":\"https:\\\/\\\/sysmatec.ch\\\/de\\\/#\\\/schema\\\/logo\\\/image\\\/\"}}]}<\/script>\n<!-- \/ Yoast SEO plugin. -->","yoast_head_json":{"title":"Spritzendosierer SyrDos\u2122 - Sysmatec","description":"Pumpe mit 2 Kolben f\u00fcr einen kontinuierlichen Fluss zwischen 0,31 \u03bcl\/min und 156 ml\/min","robots":{"index":"index","follow":"follow","max-snippet":"max-snippet:-1","max-image-preview":"max-image-preview:large","max-video-preview":"max-video-preview:-1"},"canonical":"https:\/\/sysmatec.ch\/de\/Produkt\/spritzendosierer-syrdos\/","og_locale":"de_DE","og_type":"article","og_title":"Spritzendosierer SyrDos\u2122 - Sysmatec","og_description":"Pumpe mit 2 Kolben f\u00fcr einen kontinuierlichen Fluss zwischen 0,31 \u03bcl\/min und 156 ml\/min","og_url":"https:\/\/sysmatec.ch\/de\/Produkt\/spritzendosierer-syrdos\/","og_site_name":"Sysmatec","article_modified_time":"2025-01-30T11:12:39+00:00","og_image":[{"width":577,"height":550,"url":"https:\/\/sysmatec.ch\/wp-content\/uploads\/2025\/01\/PompePiston_SyrDosHitecZang.jpg","type":"image\/jpeg"}],"twitter_card":"summary_large_image","twitter_misc":{"Gesch\u00e4tzte Lesezeit":"2\u00a0Minuten"},"schema":{"@context":"https:\/\/schema.org","@graph":[{"@type":"WebPage","@id":"https:\/\/sysmatec.ch\/de\/Produkt\/spritzendosierer-syrdos\/","url":"https:\/\/sysmatec.ch\/de\/Produkt\/spritzendosierer-syrdos\/","name":"Spritzendosierer SyrDos\u2122 - Sysmatec","isPartOf":{"@id":"https:\/\/sysmatec.ch\/de\/#website"},"primaryImageOfPage":{"@id":"https:\/\/sysmatec.ch\/de\/Produkt\/spritzendosierer-syrdos\/#primaryimage"},"image":{"@id":"https:\/\/sysmatec.ch\/de\/Produkt\/spritzendosierer-syrdos\/#primaryimage"},"thumbnailUrl":"https:\/\/sysmatec.ch\/wp-content\/uploads\/2025\/01\/PompePiston_SyrDosHitecZang.jpg","datePublished":"2025-01-30T10:11:53+00:00","dateModified":"2025-01-30T11:12:39+00:00","description":"Pumpe mit 2 Kolben f\u00fcr einen kontinuierlichen Fluss zwischen 0,31 \u03bcl\/min und 156 ml\/min","breadcrumb":{"@id":"https:\/\/sysmatec.ch\/de\/Produkt\/spritzendosierer-syrdos\/#breadcrumb"},"inLanguage":"de","potentialAction":[{"@type":"ReadAction","target":["https:\/\/sysmatec.ch\/de\/Produkt\/spritzendosierer-syrdos\/"]}]},{"@type":"ImageObject","inLanguage":"de","@id":"https:\/\/sysmatec.ch\/de\/Produkt\/spritzendosierer-syrdos\/#primaryimage","url":"https:\/\/sysmatec.ch\/wp-content\/uploads\/2025\/01\/PompePiston_SyrDosHitecZang.jpg","contentUrl":"https:\/\/sysmatec.ch\/wp-content\/uploads\/2025\/01\/PompePiston_SyrDosHitecZang.jpg","width":577,"height":550},{"@type":"BreadcrumbList","@id":"https:\/\/sysmatec.ch\/de\/Produkt\/spritzendosierer-syrdos\/#breadcrumb","itemListElement":[{"@type":"ListItem","position":1,"name":"Accueil","item":"https:\/\/sysmatec.ch\/de\/"},{"@type":"ListItem","position":2,"name":"Die Aktivit\u00e4t von Sysmatec","item":"https:\/\/sysmatec.ch\/de\/"},{"@type":"ListItem","position":3,"name":"Spritzendosierer SyrDos\u2122"}]},{"@type":"WebSite","@id":"https:\/\/sysmatec.ch\/de\/#website","url":"https:\/\/sysmatec.ch\/de\/","name":"Sysmatec","description":"Equipement de laboratoire et logiciels","publisher":{"@id":"https:\/\/sysmatec.ch\/de\/#organization"},"potentialAction":[{"@type":"SearchAction","target":{"@type":"EntryPoint","urlTemplate":"https:\/\/sysmatec.ch\/de\/?s={search_term_string}"},"query-input":{"@type":"PropertyValueSpecification","valueRequired":true,"valueName":"search_term_string"}}],"inLanguage":"de"},{"@type":"Organization","@id":"https:\/\/sysmatec.ch\/de\/#organization","name":"Sysmatec","url":"https:\/\/sysmatec.ch\/de\/","logo":{"@type":"ImageObject","inLanguage":"de","@id":"https:\/\/sysmatec.ch\/de\/#\/schema\/logo\/image\/","url":"https:\/\/sysmatec.ch\/wp-content\/uploads\/2018\/11\/LogoSysmatec.jpg","contentUrl":"https:\/\/sysmatec.ch\/wp-content\/uploads\/2018\/11\/LogoSysmatec.jpg","width":301,"height":297,"caption":"Sysmatec"},"image":{"@id":"https:\/\/sysmatec.ch\/de\/#\/schema\/logo\/image\/"}}]}},"_links":{"self":[{"href":"https:\/\/sysmatec.ch\/de\/wp-json\/wp\/v2\/product\/30362","targetHints":{"allow":["GET"]}}],"collection":[{"href":"https:\/\/sysmatec.ch\/de\/wp-json\/wp\/v2\/product"}],"about":[{"href":"https:\/\/sysmatec.ch\/de\/wp-json\/wp\/v2\/types\/product"}],"wp:featuredmedia":[{"embeddable":true,"href":"https:\/\/sysmatec.ch\/de\/wp-json\/wp\/v2\/media\/30366"}],"wp:attachment":[{"href":"https:\/\/sysmatec.ch\/de\/wp-json\/wp\/v2\/media?parent=30362"}],"wp:term":[{"taxonomy":"product_brand","embeddable":true,"href":"https:\/\/sysmatec.ch\/de\/wp-json\/wp\/v2\/product_brand?post=30362"},{"taxonomy":"product_cat","embeddable":true,"href":"https:\/\/sysmatec.ch\/de\/wp-json\/wp\/v2\/product_cat?post=30362"},{"taxonomy":"product_tag","embeddable":true,"href":"https:\/\/sysmatec.ch\/de\/wp-json\/wp\/v2\/product_tag?post=30362"}],"curies":[{"name":"wp","href":"https:\/\/api.w.org\/{rel}","templated":true}]}}