{"id":30341,"date":"2025-01-22T19:26:54","date_gmt":"2025-01-22T18:26:54","guid":{"rendered":"https:\/\/sysmatec.ch\/?post_type=product&#038;p=30341"},"modified":"2025-01-22T20:53:12","modified_gmt":"2025-01-22T19:53:12","slug":"kontinuierlicher-photochemischer-reaktor-redeem","status":"publish","type":"product","link":"https:\/\/sysmatec.ch\/de\/Produkt\/kontinuierlicher-photochemischer-reaktor-redeem\/","title":{"rendered":"Kontinuierlicher photochemischer Reaktor Redeem"},"content":{"rendered":"<p>Es handelt sich um einen Mini-Laborreaktor f\u00fcr kontinuierliche Prozesse. Es besteht aus einem Fenster, das die Beobachtung der chemischen Reaktion erm\u00f6glicht, aber auch die Beleuchtung der Komponenten erm\u00f6glicht, um photochemische Reaktionen durchzuf\u00fchren. Es ist modular aufgebaut. Die verf\u00fcgbaren Module erm\u00f6glichen das Studium unterschiedlicher Str\u00f6mungsarten. Auch der Einbau unterschiedlicher Katalysatoren ist m\u00f6glich.<br \/>\nSie k\u00f6nnen in mehrphasigen Reaktionen verwendet werden. Eine optionale Membran im Dunkelbereich erm\u00f6glicht beispielsweise einen Gasaustausch.<\/p>\n<p>Der Reaktor kann auf W\u00fcnsch <a href=\"https:\/\/sysmatec.ch\/German\/dE6_Automation.html\">automatisiert<\/a> sein.<\/p>\n<h2>Merkmale<\/h2>\n<table width=\"244\">\n<tbody>\n<tr>\n<td width=\"164\">Beleuchteter Bereich<\/td>\n<td width=\"80\">16 x 5 cm<\/td>\n<\/tr>\n<tr>\n<td>Beleuchtete Tiefe<\/td>\n<td>700 \u00b5m, optional 350 \u00b5m bis 2000 \u00b5m<\/td>\n<\/tr>\n<tr>\n<td>Dimension LxBxH<\/td>\n<td>8.5 x\u00a0 7 x 4 cm<\/td>\n<\/tr>\n<tr>\n<td>Reaktionsvolum<\/td>\n<td>2.1 cm3, kleiner auf Anfrage<\/td>\n<\/tr>\n<tr>\n<td>Gewicht<\/td>\n<td>0.66 kg<\/td>\n<\/tr>\n<tr>\n<td>Material<\/td>\n<td>Edelstahl, andere wie Aluminium und Hastelloy auf Anfrage<\/td>\n<\/tr>\n<tr>\n<td>Dichtungen<\/td>\n<td>FKM, Viton, PTFE und Silikon auf Anfrage<\/td>\n<\/tr>\n<tr>\n<td>Zul\u00e4ssiger Temperaturbereich<\/td>\n<td>\u00a0-20\u00b0C bis 205\u00b0C<\/td>\n<\/tr>\n<tr>\n<td>Maximal zul\u00e4ssiger Druck<\/td>\n<td>\u00a05 bar<\/td>\n<\/tr>\n<tr>\n<td>Window<\/td>\n<td>Glas (\u03bb 365 bis 700 nm), Quarz f\u00fcr k\u00fcrzere Wellenl\u00e4ngen<\/td>\n<\/tr>\n<tr>\n<td>Membran<\/td>\n<td>Add-on<\/td>\n<\/tr>\n<tr>\n<td>Partikelsieb<\/td>\n<td>Add-on, f\u00fcr den Katalysator Befestigung<\/td>\n<\/tr>\n<tr>\n<td>Ein-\/Ausgang<\/td>\n<td>Idex \u00bc\u00a028 Innengewinde UN, oder andere auf Anfrage<\/td>\n<\/tr>\n<\/tbody>\n<\/table>\n","protected":false},"excerpt":{"rendered":"<p>Kontinuierlicher Laborreaktor, Mikroreaktor.<\/p>\n","protected":false},"featured_media":30345,"template":"","meta":{"_crdt_document":""},"product_brand":[],"product_cat":[282],"product_tag":[],"class_list":{"0":"post-30341","1":"product","2":"type-product","3":"status-publish","4":"has-post-thumbnail","6":"product_cat-chemischer-reaktor","8":"first","9":"instock","10":"taxable","11":"shipping-taxable","12":"product-type-simple"},"yoast_head":"<!-- This site is optimized with the Yoast SEO plugin v27.3 - https:\/\/yoast.com\/product\/yoast-seo-wordpress\/ -->\n<title>Kontinuierlicher photochemischer Reaktor Redeem - Sysmatec<\/title>\n<meta name=\"description\" content=\"Kompakter kontinuierlicher Laborreaktor zur Durchf\u00fchrung photochemischer Reaktionen.\" \/>\n<meta name=\"robots\" content=\"index, follow, max-snippet:-1, max-image-preview:large, max-video-preview:-1\" \/>\n<link rel=\"canonical\" href=\"https:\/\/sysmatec.ch\/de\/Produkt\/kontinuierlicher-photochemischer-reaktor-redeem\/\" \/>\n<meta property=\"og:locale\" content=\"de_DE\" \/>\n<meta property=\"og:type\" content=\"article\" \/>\n<meta property=\"og:title\" content=\"Kontinuierlicher photochemischer Reaktor Redeem - Sysmatec\" \/>\n<meta property=\"og:description\" content=\"Kompakter kontinuierlicher Laborreaktor zur Durchf\u00fchrung photochemischer Reaktionen.\" \/>\n<meta property=\"og:url\" content=\"https:\/\/sysmatec.ch\/de\/Produkt\/kontinuierlicher-photochemischer-reaktor-redeem\/\" \/>\n<meta property=\"og:site_name\" content=\"Sysmatec\" \/>\n<meta property=\"article:modified_time\" content=\"2025-01-22T19:53:12+00:00\" \/>\n<meta property=\"og:image\" content=\"https:\/\/sysmatec.ch\/wp-content\/uploads\/2025\/01\/Photoreacteur_Redeem1.jpg\" \/>\n\t<meta property=\"og:image:width\" content=\"455\" \/>\n\t<meta property=\"og:image:height\" content=\"535\" \/>\n\t<meta property=\"og:image:type\" content=\"image\/jpeg\" \/>\n<meta name=\"twitter:card\" content=\"summary_large_image\" \/>\n<meta name=\"twitter:label1\" content=\"Gesch\u00e4tzte Lesezeit\" \/>\n\t<meta name=\"twitter:data1\" content=\"2\u00a0Minuten\" \/>\n<script type=\"application\/ld+json\" class=\"yoast-schema-graph\">{\"@context\":\"https:\\\/\\\/schema.org\",\"@graph\":[{\"@type\":\"WebPage\",\"@id\":\"https:\\\/\\\/sysmatec.ch\\\/de\\\/Produkt\\\/kontinuierlicher-photochemischer-reaktor-redeem\\\/\",\"url\":\"https:\\\/\\\/sysmatec.ch\\\/de\\\/Produkt\\\/kontinuierlicher-photochemischer-reaktor-redeem\\\/\",\"name\":\"Kontinuierlicher photochemischer Reaktor Redeem - Sysmatec\",\"isPartOf\":{\"@id\":\"https:\\\/\\\/sysmatec.ch\\\/de\\\/#website\"},\"primaryImageOfPage\":{\"@id\":\"https:\\\/\\\/sysmatec.ch\\\/de\\\/Produkt\\\/kontinuierlicher-photochemischer-reaktor-redeem\\\/#primaryimage\"},\"image\":{\"@id\":\"https:\\\/\\\/sysmatec.ch\\\/de\\\/Produkt\\\/kontinuierlicher-photochemischer-reaktor-redeem\\\/#primaryimage\"},\"thumbnailUrl\":\"https:\\\/\\\/sysmatec.ch\\\/wp-content\\\/uploads\\\/2025\\\/01\\\/Photoreacteur_Redeem1.jpg\",\"datePublished\":\"2025-01-22T18:26:54+00:00\",\"dateModified\":\"2025-01-22T19:53:12+00:00\",\"description\":\"Kompakter kontinuierlicher Laborreaktor zur Durchf\u00fchrung photochemischer Reaktionen.\",\"breadcrumb\":{\"@id\":\"https:\\\/\\\/sysmatec.ch\\\/de\\\/Produkt\\\/kontinuierlicher-photochemischer-reaktor-redeem\\\/#breadcrumb\"},\"inLanguage\":\"de\",\"potentialAction\":[{\"@type\":\"ReadAction\",\"target\":[\"https:\\\/\\\/sysmatec.ch\\\/de\\\/Produkt\\\/kontinuierlicher-photochemischer-reaktor-redeem\\\/\"]}]},{\"@type\":\"ImageObject\",\"inLanguage\":\"de\",\"@id\":\"https:\\\/\\\/sysmatec.ch\\\/de\\\/Produkt\\\/kontinuierlicher-photochemischer-reaktor-redeem\\\/#primaryimage\",\"url\":\"https:\\\/\\\/sysmatec.ch\\\/wp-content\\\/uploads\\\/2025\\\/01\\\/Photoreacteur_Redeem1.jpg\",\"contentUrl\":\"https:\\\/\\\/sysmatec.ch\\\/wp-content\\\/uploads\\\/2025\\\/01\\\/Photoreacteur_Redeem1.jpg\",\"width\":455,\"height\":535},{\"@type\":\"BreadcrumbList\",\"@id\":\"https:\\\/\\\/sysmatec.ch\\\/de\\\/Produkt\\\/kontinuierlicher-photochemischer-reaktor-redeem\\\/#breadcrumb\",\"itemListElement\":[{\"@type\":\"ListItem\",\"position\":1,\"name\":\"Accueil\",\"item\":\"https:\\\/\\\/sysmatec.ch\\\/de\\\/\"},{\"@type\":\"ListItem\",\"position\":2,\"name\":\"Die Aktivit\u00e4t von Sysmatec\",\"item\":\"https:\\\/\\\/sysmatec.ch\\\/de\\\/\"},{\"@type\":\"ListItem\",\"position\":3,\"name\":\"Kontinuierlicher photochemischer Reaktor Redeem\"}]},{\"@type\":\"WebSite\",\"@id\":\"https:\\\/\\\/sysmatec.ch\\\/de\\\/#website\",\"url\":\"https:\\\/\\\/sysmatec.ch\\\/de\\\/\",\"name\":\"Sysmatec\",\"description\":\"Equipement de laboratoire et logiciels\",\"publisher\":{\"@id\":\"https:\\\/\\\/sysmatec.ch\\\/de\\\/#organization\"},\"potentialAction\":[{\"@type\":\"SearchAction\",\"target\":{\"@type\":\"EntryPoint\",\"urlTemplate\":\"https:\\\/\\\/sysmatec.ch\\\/de\\\/?s={search_term_string}\"},\"query-input\":{\"@type\":\"PropertyValueSpecification\",\"valueRequired\":true,\"valueName\":\"search_term_string\"}}],\"inLanguage\":\"de\"},{\"@type\":\"Organization\",\"@id\":\"https:\\\/\\\/sysmatec.ch\\\/de\\\/#organization\",\"name\":\"Sysmatec\",\"url\":\"https:\\\/\\\/sysmatec.ch\\\/de\\\/\",\"logo\":{\"@type\":\"ImageObject\",\"inLanguage\":\"de\",\"@id\":\"https:\\\/\\\/sysmatec.ch\\\/de\\\/#\\\/schema\\\/logo\\\/image\\\/\",\"url\":\"https:\\\/\\\/sysmatec.ch\\\/wp-content\\\/uploads\\\/2018\\\/11\\\/LogoSysmatec.jpg\",\"contentUrl\":\"https:\\\/\\\/sysmatec.ch\\\/wp-content\\\/uploads\\\/2018\\\/11\\\/LogoSysmatec.jpg\",\"width\":301,\"height\":297,\"caption\":\"Sysmatec\"},\"image\":{\"@id\":\"https:\\\/\\\/sysmatec.ch\\\/de\\\/#\\\/schema\\\/logo\\\/image\\\/\"}}]}<\/script>\n<!-- \/ Yoast SEO plugin. -->","yoast_head_json":{"title":"Kontinuierlicher photochemischer Reaktor Redeem - Sysmatec","description":"Kompakter kontinuierlicher Laborreaktor zur Durchf\u00fchrung photochemischer Reaktionen.","robots":{"index":"index","follow":"follow","max-snippet":"max-snippet:-1","max-image-preview":"max-image-preview:large","max-video-preview":"max-video-preview:-1"},"canonical":"https:\/\/sysmatec.ch\/de\/Produkt\/kontinuierlicher-photochemischer-reaktor-redeem\/","og_locale":"de_DE","og_type":"article","og_title":"Kontinuierlicher photochemischer Reaktor Redeem - Sysmatec","og_description":"Kompakter kontinuierlicher Laborreaktor zur Durchf\u00fchrung photochemischer Reaktionen.","og_url":"https:\/\/sysmatec.ch\/de\/Produkt\/kontinuierlicher-photochemischer-reaktor-redeem\/","og_site_name":"Sysmatec","article_modified_time":"2025-01-22T19:53:12+00:00","og_image":[{"width":455,"height":535,"url":"https:\/\/sysmatec.ch\/wp-content\/uploads\/2025\/01\/Photoreacteur_Redeem1.jpg","type":"image\/jpeg"}],"twitter_card":"summary_large_image","twitter_misc":{"Gesch\u00e4tzte Lesezeit":"2\u00a0Minuten"},"schema":{"@context":"https:\/\/schema.org","@graph":[{"@type":"WebPage","@id":"https:\/\/sysmatec.ch\/de\/Produkt\/kontinuierlicher-photochemischer-reaktor-redeem\/","url":"https:\/\/sysmatec.ch\/de\/Produkt\/kontinuierlicher-photochemischer-reaktor-redeem\/","name":"Kontinuierlicher photochemischer Reaktor Redeem - Sysmatec","isPartOf":{"@id":"https:\/\/sysmatec.ch\/de\/#website"},"primaryImageOfPage":{"@id":"https:\/\/sysmatec.ch\/de\/Produkt\/kontinuierlicher-photochemischer-reaktor-redeem\/#primaryimage"},"image":{"@id":"https:\/\/sysmatec.ch\/de\/Produkt\/kontinuierlicher-photochemischer-reaktor-redeem\/#primaryimage"},"thumbnailUrl":"https:\/\/sysmatec.ch\/wp-content\/uploads\/2025\/01\/Photoreacteur_Redeem1.jpg","datePublished":"2025-01-22T18:26:54+00:00","dateModified":"2025-01-22T19:53:12+00:00","description":"Kompakter kontinuierlicher Laborreaktor zur Durchf\u00fchrung photochemischer Reaktionen.","breadcrumb":{"@id":"https:\/\/sysmatec.ch\/de\/Produkt\/kontinuierlicher-photochemischer-reaktor-redeem\/#breadcrumb"},"inLanguage":"de","potentialAction":[{"@type":"ReadAction","target":["https:\/\/sysmatec.ch\/de\/Produkt\/kontinuierlicher-photochemischer-reaktor-redeem\/"]}]},{"@type":"ImageObject","inLanguage":"de","@id":"https:\/\/sysmatec.ch\/de\/Produkt\/kontinuierlicher-photochemischer-reaktor-redeem\/#primaryimage","url":"https:\/\/sysmatec.ch\/wp-content\/uploads\/2025\/01\/Photoreacteur_Redeem1.jpg","contentUrl":"https:\/\/sysmatec.ch\/wp-content\/uploads\/2025\/01\/Photoreacteur_Redeem1.jpg","width":455,"height":535},{"@type":"BreadcrumbList","@id":"https:\/\/sysmatec.ch\/de\/Produkt\/kontinuierlicher-photochemischer-reaktor-redeem\/#breadcrumb","itemListElement":[{"@type":"ListItem","position":1,"name":"Accueil","item":"https:\/\/sysmatec.ch\/de\/"},{"@type":"ListItem","position":2,"name":"Die Aktivit\u00e4t von Sysmatec","item":"https:\/\/sysmatec.ch\/de\/"},{"@type":"ListItem","position":3,"name":"Kontinuierlicher photochemischer Reaktor Redeem"}]},{"@type":"WebSite","@id":"https:\/\/sysmatec.ch\/de\/#website","url":"https:\/\/sysmatec.ch\/de\/","name":"Sysmatec","description":"Equipement de laboratoire et logiciels","publisher":{"@id":"https:\/\/sysmatec.ch\/de\/#organization"},"potentialAction":[{"@type":"SearchAction","target":{"@type":"EntryPoint","urlTemplate":"https:\/\/sysmatec.ch\/de\/?s={search_term_string}"},"query-input":{"@type":"PropertyValueSpecification","valueRequired":true,"valueName":"search_term_string"}}],"inLanguage":"de"},{"@type":"Organization","@id":"https:\/\/sysmatec.ch\/de\/#organization","name":"Sysmatec","url":"https:\/\/sysmatec.ch\/de\/","logo":{"@type":"ImageObject","inLanguage":"de","@id":"https:\/\/sysmatec.ch\/de\/#\/schema\/logo\/image\/","url":"https:\/\/sysmatec.ch\/wp-content\/uploads\/2018\/11\/LogoSysmatec.jpg","contentUrl":"https:\/\/sysmatec.ch\/wp-content\/uploads\/2018\/11\/LogoSysmatec.jpg","width":301,"height":297,"caption":"Sysmatec"},"image":{"@id":"https:\/\/sysmatec.ch\/de\/#\/schema\/logo\/image\/"}}]}},"_links":{"self":[{"href":"https:\/\/sysmatec.ch\/de\/wp-json\/wp\/v2\/product\/30341","targetHints":{"allow":["GET"]}}],"collection":[{"href":"https:\/\/sysmatec.ch\/de\/wp-json\/wp\/v2\/product"}],"about":[{"href":"https:\/\/sysmatec.ch\/de\/wp-json\/wp\/v2\/types\/product"}],"wp:featuredmedia":[{"embeddable":true,"href":"https:\/\/sysmatec.ch\/de\/wp-json\/wp\/v2\/media\/30345"}],"wp:attachment":[{"href":"https:\/\/sysmatec.ch\/de\/wp-json\/wp\/v2\/media?parent=30341"}],"wp:term":[{"taxonomy":"product_brand","embeddable":true,"href":"https:\/\/sysmatec.ch\/de\/wp-json\/wp\/v2\/product_brand?post=30341"},{"taxonomy":"product_cat","embeddable":true,"href":"https:\/\/sysmatec.ch\/de\/wp-json\/wp\/v2\/product_cat?post=30341"},{"taxonomy":"product_tag","embeddable":true,"href":"https:\/\/sysmatec.ch\/de\/wp-json\/wp\/v2\/product_tag?post=30341"}],"curies":[{"name":"wp","href":"https:\/\/api.w.org\/{rel}","templated":true}]}}