{"id":30329,"date":"2025-01-22T17:16:16","date_gmt":"2025-01-22T16:16:16","guid":{"rendered":"https:\/\/sysmatec.ch\/?post_type=product&#038;p=30329"},"modified":"2025-01-22T18:00:24","modified_gmt":"2025-01-22T17:00:24","slug":"oxygen-sensor-oxybase-wr-rs485-sw-wr-rs485m-sw","status":"publish","type":"product","link":"https:\/\/sysmatec.ch\/de\/Produkt\/oxygen-sensor-oxybase-wr-rs485-sw-wr-rs485m-sw\/","title":{"rendered":"Sauerstoffsensor OXYBase\u00ae WR-RS485-SW &#038; WR-RS485M-SW"},"content":{"rendered":"<p>Es handelt sich um die wasserdichte Version der Oxybase-Sonde.<\/p>\n<p>Der Messbereich liegt bei 0 &#8211; 100 % O2, mit einer Nachweisgrenze von 0,03 % O2. Diese Sonden sind wasserdicht und k\u00f6nnen vollst\u00e4ndig untergetaucht werden. Dar\u00fcber hinaus verf\u00fcgt ihr Edelstahlgeh\u00e4use \u00fcber eine zus\u00e4tzliche Kunststoffabdeckung, die Schutz vor Umwelteinfl\u00fcssen bietet. Dadurch sind die Sonden ideal f\u00fcr den langfristigen Au\u00dfeneinsatz geeignet, z. B. in der Umweltforschung oder in der Aquakultur.<\/p>\n<p>Diese Sonden haben RS485 als digitale Schnittstelle (OXYBase\u00ae WR-RS485-SW = PreSens-propriet\u00e4r, OXYBase\u00ae WR-RS485M-SW = Modbus RTU) und werden direkt an die Steuereinheit angeschlossen. F\u00fcr den Datenaustausch zwischen der OXYBase\u00ae und einem PC oder einer anderen Host-Einheit wird ein serielles Kommunikationsprotokoll angeboten. Die Sonden sind mit verschiedenen Kabell\u00e4ngen erh\u00e4ltlich und ihr Sensor ist in einer abnehmbaren Sensorkappe (OEC) integriert. Der Sensor ist nicht autoklavierbar.<\/p>\n<h2>Merkmale<\/h2>\n<table width=\"553\">\n<tbody>\n<tr>\n<td width=\"94\"><\/td>\n<td width=\"209\">Gasf\u00f6rmiges und gel\u00f6stes O2<\/td>\n<td width=\"250\">gel\u00f6stes O2<\/td>\n<\/tr>\n<tr>\n<td width=\"94\">Messbereich<\/td>\n<td width=\"209\">0 &#8211; 50 % Vol. O2, 0 &#8211; 500 hPa<br \/>\n0 &#8211; 100 % Vol. O2, 0 &#8211; 1000 hPa nach Neukalibrierung<\/td>\n<td width=\"250\">0-22.5 mg\/L<br \/>\n0 &#8211; 45 mg\/L nach Neukalibrierung<\/td>\n<\/tr>\n<tr>\n<td width=\"94\">Nachweisgrenze<\/td>\n<td width=\"209\">0.03 % O2, 0.3 hPa<\/td>\n<td width=\"250\">0.020 mg\/L<\/td>\n<\/tr>\n<tr>\n<td width=\"94\">Ausl\u00f6sung<\/td>\n<td width=\"209\">0.2 % O2 bei 20.9 % O2<\/td>\n<td width=\"250\">0.04 mg\/L bei 9 mg\/L<\/td>\n<\/tr>\n<tr>\n<td width=\"94\">Reaktionszeit (t90)<\/td>\n<td width=\"209\">&lt; 10 sec.<\/td>\n<td width=\"250\">&lt; 30 sec.<\/td>\n<\/tr>\n<tr>\n<td width=\"94\">Kompatibilit\u00e4t<\/td>\n<td colspan=\"2\" width=\"459\">W\u00e4ssrige L\u00f6sungen, Ethanol, Methanol, ClO2-haltige Reinigungsmittel bei Raumtemperatur<\/td>\n<\/tr>\n<tr>\n<td width=\"94\">Keine Querempfindlichkeit gegen\u00fcber<\/td>\n<td colspan=\"2\" width=\"459\">pH 1 &#8211; 14, CO2, H2S, SO2, ionische Spezies<\/td>\n<\/tr>\n<tr>\n<td width=\"94\">Kreuzempfindlichkeit gegen\u00fcber<\/td>\n<td colspan=\"2\" width=\"459\">Organische L\u00f6sungsmittel wie Aceton, Toluol, Chloroform oder Methylenchlorid, Chlorgas<\/td>\n<\/tr>\n<tr>\n<td width=\"94\">Reinigungsvorgang<\/td>\n<td colspan=\"2\" width=\"459\">3 % H2O2, s\u00e4urehaltige Mittel (HCl, H2SO4) max. 4 &#8211; 5 %<br \/>\nClO2-haltige Reinigungsmittel bei Raumtemperatur<\/td>\n<\/tr>\n<tr>\n<td width=\"94\">Kalibration<\/td>\n<td colspan=\"2\" width=\"459\">Zweipunktkalibrierung in sauerstofffreier (z. B. Stickstoff 5.0, 1 % Natriumsulfitl\u00f6sung) und luftges\u00e4ttigter Umgebung (20,9 % Sauerstoff, luftges\u00e4ttigtes Abwasser)<\/td>\n<\/tr>\n<tr>\n<td width=\"94\">Abtastrate<\/td>\n<td colspan=\"2\" width=\"459\">1 Sek. bis 9 Min. 59 Sek.<\/td>\n<\/tr>\n<tr>\n<td width=\"94\">Druckfestigkeit<\/td>\n<td colspan=\"2\" width=\"459\">3 bar<\/td>\n<\/tr>\n<tr>\n<td width=\"94\">Betriebstemperaturbereich<\/td>\n<td colspan=\"2\" width=\"459\">Optimal: 0 \u00b0C bis + 40 \u00b0C, Max.: &#8211; 10 \u00b0C bis + 70 \u00b0C<\/td>\n<\/tr>\n<tr>\n<td width=\"94\">Temperatursensor<\/td>\n<td colspan=\"2\" width=\"459\">NTC<\/td>\n<\/tr>\n<tr>\n<td width=\"94\">Temperature Geanuigkeit<\/td>\n<td colspan=\"2\" width=\"459\">&lt;1 \u00b0C<\/td>\n<\/tr>\n<tr>\n<td width=\"94\">Stromspeisung<\/td>\n<td colspan=\"2\" width=\"459\">5 V +\/- 0.5 V<\/td>\n<\/tr>\n<tr>\n<td width=\"94\">Verbrauch<\/td>\n<td colspan=\"2\" width=\"459\">1 W<\/td>\n<\/tr>\n<tr>\n<td width=\"94\">Gewicht<\/td>\n<td colspan=\"2\" width=\"459\">252 g mit 5 m Kabel<\/td>\n<\/tr>\n<tr>\n<td width=\"94\">Dimensionen<\/td>\n<td colspan=\"2\" width=\"459\">F\u00fchlerl\u00e4nge: 166 mm, Durchmesser: 21 mm an der Kabelverschraubung<\/td>\n<\/tr>\n<\/tbody>\n<\/table>\n","protected":false},"excerpt":{"rendered":"<p>Sauerstoffsonde mit RS485-Schnittstelle<\/p>\n","protected":false},"featured_media":30333,"template":"","meta":{"_crdt_document":""},"product_brand":[],"product_cat":[180,246],"product_tag":[],"class_list":{"0":"post-30329","1":"product","2":"type-product","3":"status-publish","4":"has-post-thumbnail","6":"product_cat-messung","7":"product_cat-sauerstoff","9":"first","10":"instock","11":"taxable","12":"shipping-taxable","13":"product-type-simple"},"yoast_head":"<!-- This site is optimized with the Yoast SEO plugin v27.3 - https:\/\/yoast.com\/product\/yoast-seo-wordpress\/ -->\n<title>Sauerstoffsensor OXYBase\u00ae WR-RS485-SW &amp; WR-RS485M-SW - Sysmatec<\/title>\n<meta name=\"description\" content=\"Sauerstoffmesssonde bestehend aus einem optischen Sensor und einem elektrooptischen Modul. Sie verf\u00fcgt \u00fcber einen RS485-Ausgang und ist wasserdicht.\" \/>\n<meta name=\"robots\" content=\"index, follow, max-snippet:-1, max-image-preview:large, max-video-preview:-1\" \/>\n<link rel=\"canonical\" href=\"https:\/\/sysmatec.ch\/de\/Produkt\/oxygen-sensor-oxybase-wr-rs485-sw-wr-rs485m-sw\/\" \/>\n<meta property=\"og:locale\" content=\"de_DE\" \/>\n<meta property=\"og:type\" content=\"article\" \/>\n<meta property=\"og:title\" content=\"Sauerstoffsensor OXYBase\u00ae WR-RS485-SW &amp; WR-RS485M-SW - Sysmatec\" \/>\n<meta property=\"og:description\" content=\"Sauerstoffmesssonde bestehend aus einem optischen Sensor und einem elektrooptischen Modul. Sie verf\u00fcgt \u00fcber einen RS485-Ausgang und ist wasserdicht.\" \/>\n<meta property=\"og:url\" content=\"https:\/\/sysmatec.ch\/de\/Produkt\/oxygen-sensor-oxybase-wr-rs485-sw-wr-rs485m-sw\/\" \/>\n<meta property=\"og:site_name\" content=\"Sysmatec\" \/>\n<meta property=\"article:modified_time\" content=\"2025-01-22T17:00:24+00:00\" \/>\n<meta property=\"og:image\" content=\"https:\/\/sysmatec.ch\/wp-content\/uploads\/2025\/01\/Mesure-Oxygene_OxybaseWR1.jpg\" \/>\n\t<meta property=\"og:image:width\" content=\"601\" \/>\n\t<meta property=\"og:image:height\" content=\"534\" \/>\n\t<meta property=\"og:image:type\" content=\"image\/jpeg\" \/>\n<meta name=\"twitter:card\" content=\"summary_large_image\" \/>\n<meta name=\"twitter:label1\" content=\"Gesch\u00e4tzte Lesezeit\" \/>\n\t<meta name=\"twitter:data1\" content=\"2\u00a0Minuten\" \/>\n<script type=\"application\/ld+json\" class=\"yoast-schema-graph\">{\"@context\":\"https:\\\/\\\/schema.org\",\"@graph\":[{\"@type\":\"WebPage\",\"@id\":\"https:\\\/\\\/sysmatec.ch\\\/de\\\/Produkt\\\/oxygen-sensor-oxybase-wr-rs485-sw-wr-rs485m-sw\\\/\",\"url\":\"https:\\\/\\\/sysmatec.ch\\\/de\\\/Produkt\\\/oxygen-sensor-oxybase-wr-rs485-sw-wr-rs485m-sw\\\/\",\"name\":\"Sauerstoffsensor OXYBase\u00ae WR-RS485-SW & WR-RS485M-SW - Sysmatec\",\"isPartOf\":{\"@id\":\"https:\\\/\\\/sysmatec.ch\\\/de\\\/#website\"},\"primaryImageOfPage\":{\"@id\":\"https:\\\/\\\/sysmatec.ch\\\/de\\\/Produkt\\\/oxygen-sensor-oxybase-wr-rs485-sw-wr-rs485m-sw\\\/#primaryimage\"},\"image\":{\"@id\":\"https:\\\/\\\/sysmatec.ch\\\/de\\\/Produkt\\\/oxygen-sensor-oxybase-wr-rs485-sw-wr-rs485m-sw\\\/#primaryimage\"},\"thumbnailUrl\":\"https:\\\/\\\/sysmatec.ch\\\/wp-content\\\/uploads\\\/2025\\\/01\\\/Mesure-Oxygene_OxybaseWR1.jpg\",\"datePublished\":\"2025-01-22T16:16:16+00:00\",\"dateModified\":\"2025-01-22T17:00:24+00:00\",\"description\":\"Sauerstoffmesssonde bestehend aus einem optischen Sensor und einem elektrooptischen Modul. Sie verf\u00fcgt \u00fcber einen RS485-Ausgang und ist wasserdicht.\",\"breadcrumb\":{\"@id\":\"https:\\\/\\\/sysmatec.ch\\\/de\\\/Produkt\\\/oxygen-sensor-oxybase-wr-rs485-sw-wr-rs485m-sw\\\/#breadcrumb\"},\"inLanguage\":\"de\",\"potentialAction\":[{\"@type\":\"ReadAction\",\"target\":[\"https:\\\/\\\/sysmatec.ch\\\/de\\\/Produkt\\\/oxygen-sensor-oxybase-wr-rs485-sw-wr-rs485m-sw\\\/\"]}]},{\"@type\":\"ImageObject\",\"inLanguage\":\"de\",\"@id\":\"https:\\\/\\\/sysmatec.ch\\\/de\\\/Produkt\\\/oxygen-sensor-oxybase-wr-rs485-sw-wr-rs485m-sw\\\/#primaryimage\",\"url\":\"https:\\\/\\\/sysmatec.ch\\\/wp-content\\\/uploads\\\/2025\\\/01\\\/Mesure-Oxygene_OxybaseWR1.jpg\",\"contentUrl\":\"https:\\\/\\\/sysmatec.ch\\\/wp-content\\\/uploads\\\/2025\\\/01\\\/Mesure-Oxygene_OxybaseWR1.jpg\",\"width\":601,\"height\":534},{\"@type\":\"BreadcrumbList\",\"@id\":\"https:\\\/\\\/sysmatec.ch\\\/de\\\/Produkt\\\/oxygen-sensor-oxybase-wr-rs485-sw-wr-rs485m-sw\\\/#breadcrumb\",\"itemListElement\":[{\"@type\":\"ListItem\",\"position\":1,\"name\":\"Accueil\",\"item\":\"https:\\\/\\\/sysmatec.ch\\\/de\\\/\"},{\"@type\":\"ListItem\",\"position\":2,\"name\":\"Die Aktivit\u00e4t von Sysmatec\",\"item\":\"https:\\\/\\\/sysmatec.ch\\\/de\\\/\"},{\"@type\":\"ListItem\",\"position\":3,\"name\":\"Sauerstoffsensor OXYBase\u00ae WR-RS485-SW &#038; WR-RS485M-SW\"}]},{\"@type\":\"WebSite\",\"@id\":\"https:\\\/\\\/sysmatec.ch\\\/de\\\/#website\",\"url\":\"https:\\\/\\\/sysmatec.ch\\\/de\\\/\",\"name\":\"Sysmatec\",\"description\":\"Equipement de laboratoire et logiciels\",\"publisher\":{\"@id\":\"https:\\\/\\\/sysmatec.ch\\\/de\\\/#organization\"},\"potentialAction\":[{\"@type\":\"SearchAction\",\"target\":{\"@type\":\"EntryPoint\",\"urlTemplate\":\"https:\\\/\\\/sysmatec.ch\\\/de\\\/?s={search_term_string}\"},\"query-input\":{\"@type\":\"PropertyValueSpecification\",\"valueRequired\":true,\"valueName\":\"search_term_string\"}}],\"inLanguage\":\"de\"},{\"@type\":\"Organization\",\"@id\":\"https:\\\/\\\/sysmatec.ch\\\/de\\\/#organization\",\"name\":\"Sysmatec\",\"url\":\"https:\\\/\\\/sysmatec.ch\\\/de\\\/\",\"logo\":{\"@type\":\"ImageObject\",\"inLanguage\":\"de\",\"@id\":\"https:\\\/\\\/sysmatec.ch\\\/de\\\/#\\\/schema\\\/logo\\\/image\\\/\",\"url\":\"https:\\\/\\\/sysmatec.ch\\\/wp-content\\\/uploads\\\/2018\\\/11\\\/LogoSysmatec.jpg\",\"contentUrl\":\"https:\\\/\\\/sysmatec.ch\\\/wp-content\\\/uploads\\\/2018\\\/11\\\/LogoSysmatec.jpg\",\"width\":301,\"height\":297,\"caption\":\"Sysmatec\"},\"image\":{\"@id\":\"https:\\\/\\\/sysmatec.ch\\\/de\\\/#\\\/schema\\\/logo\\\/image\\\/\"}}]}<\/script>\n<!-- \/ Yoast SEO plugin. -->","yoast_head_json":{"title":"Sauerstoffsensor OXYBase\u00ae WR-RS485-SW & WR-RS485M-SW - Sysmatec","description":"Sauerstoffmesssonde bestehend aus einem optischen Sensor und einem elektrooptischen Modul. Sie verf\u00fcgt \u00fcber einen RS485-Ausgang und ist wasserdicht.","robots":{"index":"index","follow":"follow","max-snippet":"max-snippet:-1","max-image-preview":"max-image-preview:large","max-video-preview":"max-video-preview:-1"},"canonical":"https:\/\/sysmatec.ch\/de\/Produkt\/oxygen-sensor-oxybase-wr-rs485-sw-wr-rs485m-sw\/","og_locale":"de_DE","og_type":"article","og_title":"Sauerstoffsensor OXYBase\u00ae WR-RS485-SW & WR-RS485M-SW - Sysmatec","og_description":"Sauerstoffmesssonde bestehend aus einem optischen Sensor und einem elektrooptischen Modul. Sie verf\u00fcgt \u00fcber einen RS485-Ausgang und ist wasserdicht.","og_url":"https:\/\/sysmatec.ch\/de\/Produkt\/oxygen-sensor-oxybase-wr-rs485-sw-wr-rs485m-sw\/","og_site_name":"Sysmatec","article_modified_time":"2025-01-22T17:00:24+00:00","og_image":[{"width":601,"height":534,"url":"https:\/\/sysmatec.ch\/wp-content\/uploads\/2025\/01\/Mesure-Oxygene_OxybaseWR1.jpg","type":"image\/jpeg"}],"twitter_card":"summary_large_image","twitter_misc":{"Gesch\u00e4tzte Lesezeit":"2\u00a0Minuten"},"schema":{"@context":"https:\/\/schema.org","@graph":[{"@type":"WebPage","@id":"https:\/\/sysmatec.ch\/de\/Produkt\/oxygen-sensor-oxybase-wr-rs485-sw-wr-rs485m-sw\/","url":"https:\/\/sysmatec.ch\/de\/Produkt\/oxygen-sensor-oxybase-wr-rs485-sw-wr-rs485m-sw\/","name":"Sauerstoffsensor OXYBase\u00ae WR-RS485-SW & WR-RS485M-SW - Sysmatec","isPartOf":{"@id":"https:\/\/sysmatec.ch\/de\/#website"},"primaryImageOfPage":{"@id":"https:\/\/sysmatec.ch\/de\/Produkt\/oxygen-sensor-oxybase-wr-rs485-sw-wr-rs485m-sw\/#primaryimage"},"image":{"@id":"https:\/\/sysmatec.ch\/de\/Produkt\/oxygen-sensor-oxybase-wr-rs485-sw-wr-rs485m-sw\/#primaryimage"},"thumbnailUrl":"https:\/\/sysmatec.ch\/wp-content\/uploads\/2025\/01\/Mesure-Oxygene_OxybaseWR1.jpg","datePublished":"2025-01-22T16:16:16+00:00","dateModified":"2025-01-22T17:00:24+00:00","description":"Sauerstoffmesssonde bestehend aus einem optischen Sensor und einem elektrooptischen Modul. Sie verf\u00fcgt \u00fcber einen RS485-Ausgang und ist wasserdicht.","breadcrumb":{"@id":"https:\/\/sysmatec.ch\/de\/Produkt\/oxygen-sensor-oxybase-wr-rs485-sw-wr-rs485m-sw\/#breadcrumb"},"inLanguage":"de","potentialAction":[{"@type":"ReadAction","target":["https:\/\/sysmatec.ch\/de\/Produkt\/oxygen-sensor-oxybase-wr-rs485-sw-wr-rs485m-sw\/"]}]},{"@type":"ImageObject","inLanguage":"de","@id":"https:\/\/sysmatec.ch\/de\/Produkt\/oxygen-sensor-oxybase-wr-rs485-sw-wr-rs485m-sw\/#primaryimage","url":"https:\/\/sysmatec.ch\/wp-content\/uploads\/2025\/01\/Mesure-Oxygene_OxybaseWR1.jpg","contentUrl":"https:\/\/sysmatec.ch\/wp-content\/uploads\/2025\/01\/Mesure-Oxygene_OxybaseWR1.jpg","width":601,"height":534},{"@type":"BreadcrumbList","@id":"https:\/\/sysmatec.ch\/de\/Produkt\/oxygen-sensor-oxybase-wr-rs485-sw-wr-rs485m-sw\/#breadcrumb","itemListElement":[{"@type":"ListItem","position":1,"name":"Accueil","item":"https:\/\/sysmatec.ch\/de\/"},{"@type":"ListItem","position":2,"name":"Die Aktivit\u00e4t von Sysmatec","item":"https:\/\/sysmatec.ch\/de\/"},{"@type":"ListItem","position":3,"name":"Sauerstoffsensor OXYBase\u00ae WR-RS485-SW &#038; WR-RS485M-SW"}]},{"@type":"WebSite","@id":"https:\/\/sysmatec.ch\/de\/#website","url":"https:\/\/sysmatec.ch\/de\/","name":"Sysmatec","description":"Equipement de laboratoire et logiciels","publisher":{"@id":"https:\/\/sysmatec.ch\/de\/#organization"},"potentialAction":[{"@type":"SearchAction","target":{"@type":"EntryPoint","urlTemplate":"https:\/\/sysmatec.ch\/de\/?s={search_term_string}"},"query-input":{"@type":"PropertyValueSpecification","valueRequired":true,"valueName":"search_term_string"}}],"inLanguage":"de"},{"@type":"Organization","@id":"https:\/\/sysmatec.ch\/de\/#organization","name":"Sysmatec","url":"https:\/\/sysmatec.ch\/de\/","logo":{"@type":"ImageObject","inLanguage":"de","@id":"https:\/\/sysmatec.ch\/de\/#\/schema\/logo\/image\/","url":"https:\/\/sysmatec.ch\/wp-content\/uploads\/2018\/11\/LogoSysmatec.jpg","contentUrl":"https:\/\/sysmatec.ch\/wp-content\/uploads\/2018\/11\/LogoSysmatec.jpg","width":301,"height":297,"caption":"Sysmatec"},"image":{"@id":"https:\/\/sysmatec.ch\/de\/#\/schema\/logo\/image\/"}}]}},"_links":{"self":[{"href":"https:\/\/sysmatec.ch\/de\/wp-json\/wp\/v2\/product\/30329","targetHints":{"allow":["GET"]}}],"collection":[{"href":"https:\/\/sysmatec.ch\/de\/wp-json\/wp\/v2\/product"}],"about":[{"href":"https:\/\/sysmatec.ch\/de\/wp-json\/wp\/v2\/types\/product"}],"wp:featuredmedia":[{"embeddable":true,"href":"https:\/\/sysmatec.ch\/de\/wp-json\/wp\/v2\/media\/30333"}],"wp:attachment":[{"href":"https:\/\/sysmatec.ch\/de\/wp-json\/wp\/v2\/media?parent=30329"}],"wp:term":[{"taxonomy":"product_brand","embeddable":true,"href":"https:\/\/sysmatec.ch\/de\/wp-json\/wp\/v2\/product_brand?post=30329"},{"taxonomy":"product_cat","embeddable":true,"href":"https:\/\/sysmatec.ch\/de\/wp-json\/wp\/v2\/product_cat?post=30329"},{"taxonomy":"product_tag","embeddable":true,"href":"https:\/\/sysmatec.ch\/de\/wp-json\/wp\/v2\/product_tag?post=30329"}],"curies":[{"name":"wp","href":"https:\/\/api.w.org\/{rel}","templated":true}]}}