{"id":30308,"date":"2025-01-18T18:31:15","date_gmt":"2025-01-18T17:31:15","guid":{"rendered":"https:\/\/sysmatec.ch\/?post_type=product&#038;p=30308"},"modified":"2025-01-18T19:22:34","modified_gmt":"2025-01-18T18:22:34","slug":"feuchtegenerator-hygrocal100-advanced","status":"publish","type":"product","link":"https:\/\/sysmatec.ch\/de\/Produkt\/feuchtegenerator-hygrocal100-advanced\/","title":{"rendered":"Feuchtegenerator HygroCal100 Advanced"},"content":{"rendered":"<p>Mit diesem Ger\u00e4t k\u00f6nnen Sie Feuchtigkeitssonden mit h\u00f6chster Pr\u00e4zision kalibrieren. Es reguliert nicht die Temperatur, sondern nur die Luftfeuchtigkeit. Es verf\u00fcgt \u00fcber einen Temperaturf\u00fchler zur Messung und einen HC2A-S-F\u00fchler f\u00fcr die Luftfeuchtigkeit. Es erm\u00f6glicht Ihnen, bis zu 7 Feuchtigkeitssonden zu kalibrieren.<\/p>\n<h2>Vorteile<\/h2>\n<ul>\n<li>Tragbares Ger\u00e4t mit optionalem Akku und Hartschalenkoffer<\/li>\n<li>Die intuitive Benutzeroberfl\u00e4che erleichtert die Automatisierung der Sonden\u00fcberpr\u00fcfung<\/li>\n<li>Gleichzeitige Validierung von 7 Sonden<\/li>\n<li>Automatisierte Validierungsverfahren zur vollst\u00e4ndigen Sondenverifizierung<\/li>\n<li>Der interne Kalibrierungskorrekturzyklus gew\u00e4hrleistet anhaltendes Vertrauen<\/li>\n<li>Optionales Taupunktspiegel-Referenzhygrometer, das als Kalibrierungsger\u00e4t verwendet werden kann<\/li>\n<li>Aufgezeichnete Verifizierungsdaten direkt auf den USB-Speicher herunterladen<\/li>\n<\/ul>\n<h2>Merkmale<\/h2>\n<table width=\"344\">\n<tbody>\n<tr>\n<td width=\"229\">Feuchtebereich<\/td>\n<td width=\"115\">5 bis 95 %RF<\/td>\n<\/tr>\n<tr>\n<td>RF Stabilit\u00e4t<\/td>\n<td>+\/-0.5 %<\/td>\n<\/tr>\n<tr>\n<td>RF Uniformit\u00e4t<\/td>\n<td>+\/-0.5 %<\/td>\n<\/tr>\n<tr>\n<td>Stabilisierungszeit<\/td>\n<td>\u00a0Typisch &lt;5 min<\/td>\n<\/tr>\n<tr>\n<td>Genauigkeit der RF-Messung<\/td>\n<td>+\/- 0.8 %<\/td>\n<\/tr>\n<tr>\n<td>Genauigkeit der Temperaturmessung<\/td>\n<td>+\/- 0.1 \u00b0C<\/td>\n<\/tr>\n<tr>\n<td>Bildschirm<\/td>\n<td>Farbe LCD 4.3&#8220;<\/td>\n<\/tr>\n<tr>\n<td>Probe Schnittstelle<\/td>\n<td>7&#215;24 V, akzeptiertes Signal 0 bis 20 mA, 4 bis 20 mA0 bis 1 V, 0 bis 5 V, 0 bis 10 V<\/td>\n<\/tr>\n<tr>\n<td>Angezeigte Aufl\u00f6sung<\/td>\n<td>0.1<\/td>\n<\/tr>\n<tr>\n<td>Datenaufzeichnung<\/td>\n<td>Interner Speicher 2 Go<\/td>\n<\/tr>\n<tr>\n<td>Batterie<\/td>\n<td>1500 mAh<\/td>\n<\/tr>\n<tr>\n<td>Stromspeisung<\/td>\n<td>24 VDC (100 bis 240 V AC mit mitgeliefertem Adapter)<\/td>\n<\/tr>\n<tr>\n<td>Probedurchmesser<\/td>\n<td width=\"115\">12 mm, 13.5 mm, 14 mm, 15 mm, 18.5 mm, 19 mm, 24 mm, 25 mm<\/td>\n<\/tr>\n<tr>\n<td>Kammervolumen<\/td>\n<td>1050 cm3<\/td>\n<\/tr>\n<tr>\n<td>Maximale Tiefe<\/td>\n<td>60 mm<\/td>\n<\/tr>\n<tr>\n<td>Kapazit\u00e4t des S\u00e4ttigungsbeh\u00e4lters<\/td>\n<td>25 cm3<\/td>\n<\/tr>\n<tr>\n<td>Kapazit\u00e4t des Trockenmitteltanks<\/td>\n<td>25 cm3<\/td>\n<\/tr>\n<tr>\n<td>Betriebsbedingungen<\/td>\n<td>5 bis 40 \u00b0C<\/td>\n<\/tr>\n<tr>\n<td>Dimensionen<\/td>\n<td>100x250x300 mm<\/td>\n<\/tr>\n<tr>\n<td>Gewicht<\/td>\n<td>3.2 kg<\/td>\n<\/tr>\n<\/tbody>\n<\/table>\n","protected":false},"excerpt":{"rendered":"<p>Pr\u00e4zisions-Feuchtegenerator f\u00fcr den relativen Feuchtebereich von 5 bis 95 %<\/p>\n","protected":false},"featured_media":30313,"template":"","meta":{"_crdt_document":""},"product_brand":[],"product_cat":[175,180],"product_tag":[],"class_list":{"0":"post-30308","1":"product","2":"type-product","3":"status-publish","4":"has-post-thumbnail","6":"product_cat-feuchte","7":"product_cat-messung","9":"first","10":"instock","11":"taxable","12":"shipping-taxable","13":"product-type-simple"},"yoast_head":"<!-- This site is optimized with the Yoast SEO plugin v27.3 - https:\/\/yoast.com\/product\/yoast-seo-wordpress\/ -->\n<title>Feuchtegenerator HygroCal100 Advanced - Sysmatec<\/title>\n<meta name=\"description\" content=\"Pr\u00e4zisions-Feuchtegenerator zur Kalibrierung von Feuchtemessger\u00e4ten im Bereich von 5 bis 95 % relativer Feuchte\" \/>\n<meta name=\"robots\" content=\"index, follow, max-snippet:-1, max-image-preview:large, max-video-preview:-1\" \/>\n<link rel=\"canonical\" href=\"https:\/\/sysmatec.ch\/de\/Produkt\/feuchtegenerator-hygrocal100-advanced\/\" \/>\n<meta property=\"og:locale\" content=\"de_DE\" \/>\n<meta property=\"og:type\" content=\"article\" \/>\n<meta property=\"og:title\" content=\"Feuchtegenerator HygroCal100 Advanced - Sysmatec\" \/>\n<meta property=\"og:description\" content=\"Pr\u00e4zisions-Feuchtegenerator zur Kalibrierung von Feuchtemessger\u00e4ten im Bereich von 5 bis 95 % relativer Feuchte\" \/>\n<meta property=\"og:url\" content=\"https:\/\/sysmatec.ch\/de\/Produkt\/feuchtegenerator-hygrocal100-advanced\/\" \/>\n<meta property=\"og:site_name\" content=\"Sysmatec\" \/>\n<meta property=\"article:modified_time\" content=\"2025-01-18T18:22:34+00:00\" \/>\n<meta property=\"og:image\" content=\"https:\/\/sysmatec.ch\/wp-content\/uploads\/2025\/01\/GeneratuerHunidite_HygroCal100_1.jpg\" \/>\n\t<meta property=\"og:image:width\" content=\"350\" \/>\n\t<meta property=\"og:image:height\" content=\"350\" \/>\n\t<meta property=\"og:image:type\" content=\"image\/jpeg\" \/>\n<meta name=\"twitter:card\" content=\"summary_large_image\" \/>\n<meta name=\"twitter:label1\" content=\"Gesch\u00e4tzte Lesezeit\" \/>\n\t<meta name=\"twitter:data1\" content=\"2\u00a0Minuten\" \/>\n<script type=\"application\/ld+json\" class=\"yoast-schema-graph\">{\"@context\":\"https:\\\/\\\/schema.org\",\"@graph\":[{\"@type\":\"WebPage\",\"@id\":\"https:\\\/\\\/sysmatec.ch\\\/de\\\/Produkt\\\/feuchtegenerator-hygrocal100-advanced\\\/\",\"url\":\"https:\\\/\\\/sysmatec.ch\\\/de\\\/Produkt\\\/feuchtegenerator-hygrocal100-advanced\\\/\",\"name\":\"Feuchtegenerator HygroCal100 Advanced - Sysmatec\",\"isPartOf\":{\"@id\":\"https:\\\/\\\/sysmatec.ch\\\/de\\\/#website\"},\"primaryImageOfPage\":{\"@id\":\"https:\\\/\\\/sysmatec.ch\\\/de\\\/Produkt\\\/feuchtegenerator-hygrocal100-advanced\\\/#primaryimage\"},\"image\":{\"@id\":\"https:\\\/\\\/sysmatec.ch\\\/de\\\/Produkt\\\/feuchtegenerator-hygrocal100-advanced\\\/#primaryimage\"},\"thumbnailUrl\":\"https:\\\/\\\/sysmatec.ch\\\/wp-content\\\/uploads\\\/2025\\\/01\\\/GeneratuerHunidite_HygroCal100_1.jpg\",\"datePublished\":\"2025-01-18T17:31:15+00:00\",\"dateModified\":\"2025-01-18T18:22:34+00:00\",\"description\":\"Pr\u00e4zisions-Feuchtegenerator zur Kalibrierung von Feuchtemessger\u00e4ten im Bereich von 5 bis 95 % relativer Feuchte\",\"breadcrumb\":{\"@id\":\"https:\\\/\\\/sysmatec.ch\\\/de\\\/Produkt\\\/feuchtegenerator-hygrocal100-advanced\\\/#breadcrumb\"},\"inLanguage\":\"de\",\"potentialAction\":[{\"@type\":\"ReadAction\",\"target\":[\"https:\\\/\\\/sysmatec.ch\\\/de\\\/Produkt\\\/feuchtegenerator-hygrocal100-advanced\\\/\"]}]},{\"@type\":\"ImageObject\",\"inLanguage\":\"de\",\"@id\":\"https:\\\/\\\/sysmatec.ch\\\/de\\\/Produkt\\\/feuchtegenerator-hygrocal100-advanced\\\/#primaryimage\",\"url\":\"https:\\\/\\\/sysmatec.ch\\\/wp-content\\\/uploads\\\/2025\\\/01\\\/GeneratuerHunidite_HygroCal100_1.jpg\",\"contentUrl\":\"https:\\\/\\\/sysmatec.ch\\\/wp-content\\\/uploads\\\/2025\\\/01\\\/GeneratuerHunidite_HygroCal100_1.jpg\",\"width\":350,\"height\":350},{\"@type\":\"BreadcrumbList\",\"@id\":\"https:\\\/\\\/sysmatec.ch\\\/de\\\/Produkt\\\/feuchtegenerator-hygrocal100-advanced\\\/#breadcrumb\",\"itemListElement\":[{\"@type\":\"ListItem\",\"position\":1,\"name\":\"Accueil\",\"item\":\"https:\\\/\\\/sysmatec.ch\\\/de\\\/\"},{\"@type\":\"ListItem\",\"position\":2,\"name\":\"Die Aktivit\u00e4t von Sysmatec\",\"item\":\"https:\\\/\\\/sysmatec.ch\\\/de\\\/\"},{\"@type\":\"ListItem\",\"position\":3,\"name\":\"Feuchtegenerator HygroCal100 Advanced\"}]},{\"@type\":\"WebSite\",\"@id\":\"https:\\\/\\\/sysmatec.ch\\\/de\\\/#website\",\"url\":\"https:\\\/\\\/sysmatec.ch\\\/de\\\/\",\"name\":\"Sysmatec\",\"description\":\"Equipement de laboratoire et logiciels\",\"publisher\":{\"@id\":\"https:\\\/\\\/sysmatec.ch\\\/de\\\/#organization\"},\"potentialAction\":[{\"@type\":\"SearchAction\",\"target\":{\"@type\":\"EntryPoint\",\"urlTemplate\":\"https:\\\/\\\/sysmatec.ch\\\/de\\\/?s={search_term_string}\"},\"query-input\":{\"@type\":\"PropertyValueSpecification\",\"valueRequired\":true,\"valueName\":\"search_term_string\"}}],\"inLanguage\":\"de\"},{\"@type\":\"Organization\",\"@id\":\"https:\\\/\\\/sysmatec.ch\\\/de\\\/#organization\",\"name\":\"Sysmatec\",\"url\":\"https:\\\/\\\/sysmatec.ch\\\/de\\\/\",\"logo\":{\"@type\":\"ImageObject\",\"inLanguage\":\"de\",\"@id\":\"https:\\\/\\\/sysmatec.ch\\\/de\\\/#\\\/schema\\\/logo\\\/image\\\/\",\"url\":\"https:\\\/\\\/sysmatec.ch\\\/wp-content\\\/uploads\\\/2018\\\/11\\\/LogoSysmatec.jpg\",\"contentUrl\":\"https:\\\/\\\/sysmatec.ch\\\/wp-content\\\/uploads\\\/2018\\\/11\\\/LogoSysmatec.jpg\",\"width\":301,\"height\":297,\"caption\":\"Sysmatec\"},\"image\":{\"@id\":\"https:\\\/\\\/sysmatec.ch\\\/de\\\/#\\\/schema\\\/logo\\\/image\\\/\"}}]}<\/script>\n<!-- \/ Yoast SEO plugin. -->","yoast_head_json":{"title":"Feuchtegenerator HygroCal100 Advanced - Sysmatec","description":"Pr\u00e4zisions-Feuchtegenerator zur Kalibrierung von Feuchtemessger\u00e4ten im Bereich von 5 bis 95 % relativer Feuchte","robots":{"index":"index","follow":"follow","max-snippet":"max-snippet:-1","max-image-preview":"max-image-preview:large","max-video-preview":"max-video-preview:-1"},"canonical":"https:\/\/sysmatec.ch\/de\/Produkt\/feuchtegenerator-hygrocal100-advanced\/","og_locale":"de_DE","og_type":"article","og_title":"Feuchtegenerator HygroCal100 Advanced - Sysmatec","og_description":"Pr\u00e4zisions-Feuchtegenerator zur Kalibrierung von Feuchtemessger\u00e4ten im Bereich von 5 bis 95 % relativer Feuchte","og_url":"https:\/\/sysmatec.ch\/de\/Produkt\/feuchtegenerator-hygrocal100-advanced\/","og_site_name":"Sysmatec","article_modified_time":"2025-01-18T18:22:34+00:00","og_image":[{"width":350,"height":350,"url":"https:\/\/sysmatec.ch\/wp-content\/uploads\/2025\/01\/GeneratuerHunidite_HygroCal100_1.jpg","type":"image\/jpeg"}],"twitter_card":"summary_large_image","twitter_misc":{"Gesch\u00e4tzte Lesezeit":"2\u00a0Minuten"},"schema":{"@context":"https:\/\/schema.org","@graph":[{"@type":"WebPage","@id":"https:\/\/sysmatec.ch\/de\/Produkt\/feuchtegenerator-hygrocal100-advanced\/","url":"https:\/\/sysmatec.ch\/de\/Produkt\/feuchtegenerator-hygrocal100-advanced\/","name":"Feuchtegenerator HygroCal100 Advanced - Sysmatec","isPartOf":{"@id":"https:\/\/sysmatec.ch\/de\/#website"},"primaryImageOfPage":{"@id":"https:\/\/sysmatec.ch\/de\/Produkt\/feuchtegenerator-hygrocal100-advanced\/#primaryimage"},"image":{"@id":"https:\/\/sysmatec.ch\/de\/Produkt\/feuchtegenerator-hygrocal100-advanced\/#primaryimage"},"thumbnailUrl":"https:\/\/sysmatec.ch\/wp-content\/uploads\/2025\/01\/GeneratuerHunidite_HygroCal100_1.jpg","datePublished":"2025-01-18T17:31:15+00:00","dateModified":"2025-01-18T18:22:34+00:00","description":"Pr\u00e4zisions-Feuchtegenerator zur Kalibrierung von Feuchtemessger\u00e4ten im Bereich von 5 bis 95 % relativer Feuchte","breadcrumb":{"@id":"https:\/\/sysmatec.ch\/de\/Produkt\/feuchtegenerator-hygrocal100-advanced\/#breadcrumb"},"inLanguage":"de","potentialAction":[{"@type":"ReadAction","target":["https:\/\/sysmatec.ch\/de\/Produkt\/feuchtegenerator-hygrocal100-advanced\/"]}]},{"@type":"ImageObject","inLanguage":"de","@id":"https:\/\/sysmatec.ch\/de\/Produkt\/feuchtegenerator-hygrocal100-advanced\/#primaryimage","url":"https:\/\/sysmatec.ch\/wp-content\/uploads\/2025\/01\/GeneratuerHunidite_HygroCal100_1.jpg","contentUrl":"https:\/\/sysmatec.ch\/wp-content\/uploads\/2025\/01\/GeneratuerHunidite_HygroCal100_1.jpg","width":350,"height":350},{"@type":"BreadcrumbList","@id":"https:\/\/sysmatec.ch\/de\/Produkt\/feuchtegenerator-hygrocal100-advanced\/#breadcrumb","itemListElement":[{"@type":"ListItem","position":1,"name":"Accueil","item":"https:\/\/sysmatec.ch\/de\/"},{"@type":"ListItem","position":2,"name":"Die Aktivit\u00e4t von Sysmatec","item":"https:\/\/sysmatec.ch\/de\/"},{"@type":"ListItem","position":3,"name":"Feuchtegenerator HygroCal100 Advanced"}]},{"@type":"WebSite","@id":"https:\/\/sysmatec.ch\/de\/#website","url":"https:\/\/sysmatec.ch\/de\/","name":"Sysmatec","description":"Equipement de laboratoire et logiciels","publisher":{"@id":"https:\/\/sysmatec.ch\/de\/#organization"},"potentialAction":[{"@type":"SearchAction","target":{"@type":"EntryPoint","urlTemplate":"https:\/\/sysmatec.ch\/de\/?s={search_term_string}"},"query-input":{"@type":"PropertyValueSpecification","valueRequired":true,"valueName":"search_term_string"}}],"inLanguage":"de"},{"@type":"Organization","@id":"https:\/\/sysmatec.ch\/de\/#organization","name":"Sysmatec","url":"https:\/\/sysmatec.ch\/de\/","logo":{"@type":"ImageObject","inLanguage":"de","@id":"https:\/\/sysmatec.ch\/de\/#\/schema\/logo\/image\/","url":"https:\/\/sysmatec.ch\/wp-content\/uploads\/2018\/11\/LogoSysmatec.jpg","contentUrl":"https:\/\/sysmatec.ch\/wp-content\/uploads\/2018\/11\/LogoSysmatec.jpg","width":301,"height":297,"caption":"Sysmatec"},"image":{"@id":"https:\/\/sysmatec.ch\/de\/#\/schema\/logo\/image\/"}}]}},"_links":{"self":[{"href":"https:\/\/sysmatec.ch\/de\/wp-json\/wp\/v2\/product\/30308","targetHints":{"allow":["GET"]}}],"collection":[{"href":"https:\/\/sysmatec.ch\/de\/wp-json\/wp\/v2\/product"}],"about":[{"href":"https:\/\/sysmatec.ch\/de\/wp-json\/wp\/v2\/types\/product"}],"wp:featuredmedia":[{"embeddable":true,"href":"https:\/\/sysmatec.ch\/de\/wp-json\/wp\/v2\/media\/30313"}],"wp:attachment":[{"href":"https:\/\/sysmatec.ch\/de\/wp-json\/wp\/v2\/media?parent=30308"}],"wp:term":[{"taxonomy":"product_brand","embeddable":true,"href":"https:\/\/sysmatec.ch\/de\/wp-json\/wp\/v2\/product_brand?post=30308"},{"taxonomy":"product_cat","embeddable":true,"href":"https:\/\/sysmatec.ch\/de\/wp-json\/wp\/v2\/product_cat?post=30308"},{"taxonomy":"product_tag","embeddable":true,"href":"https:\/\/sysmatec.ch\/de\/wp-json\/wp\/v2\/product_tag?post=30308"}],"curies":[{"name":"wp","href":"https:\/\/api.w.org\/{rel}","templated":true}]}}