{"id":30295,"date":"2025-01-13T18:07:43","date_gmt":"2025-01-13T17:07:43","guid":{"rendered":"https:\/\/sysmatec.ch\/?post_type=product&#038;p=30295"},"modified":"2025-01-13T18:35:17","modified_gmt":"2025-01-13T17:35:17","slug":"feuchtigkeitsgenerator-humor-20","status":"publish","type":"product","link":"https:\/\/sysmatec.ch\/de\/Produkt\/feuchtigkeitsgenerator-humor-20\/","title":{"rendered":"Feuchtigkeitsgenerator Humor 20"},"content":{"rendered":"<p>Mit diesem Ger\u00e4t k\u00f6nnen Sie Feuchtigkeitssonden mit h\u00f6chster Pr\u00e4zision kalibrieren. Es reguliert nicht die Temperatur, sondern nur die Luftfeuchtigkeit. Zur Messung ist ein Temperaturf\u00fchler vorhanden.<\/p>\n<p>Dieser Feuchtegenerator kann im Feuchtebereich zwischen 10 und 95%rF zur Ansteuerung von zylindrischen Sensoren oder f\u00fcr Regelger\u00e4te mit kubischen Abmessungen eingesetzt werden.<\/p>\n<p>Das Kalibrierger\u00e4t arbeitet nach dem Prinzip des Dualdruckgenerators, wobei die erzeugte Feuchtereferenz lediglich vom Druck abh\u00e4ngt. Dank des Doppeldruckprinzips zeichnet sich das Kalibrierger\u00e4t durch au\u00dfergew\u00f6hnliche Pr\u00e4zision und Stabilit\u00e4t sowie eine sehr kurze Stabilisierungszeit aus. Weitere Informationen zur Funktionsweise finden Sie in der Bedienungsanleitung.<\/p>\n<p>Das Ger\u00e4t ist unabh\u00e4ngig von der Umgebungstemperatur, ben\u00f6tigt keine klimatisierte Umgebung und ist f\u00fcr portable Messger\u00e4te geeignet. Mit einer gro\u00dfen Auswahl an Abdeckungen bietet es Platz f\u00fcr bis zu 4 Sensoren, Transmitter oder Sonden oder ein tragbares Messger\u00e4t.<\/p>\n<p>Es ist eine Druckluftquelle erforderlich (ein Kompressor kann mit dem Ger\u00e4t geliefert werden).<\/p>\n<h2>Merkmale<\/h2>\n<table width=\"417\">\n<tbody>\n<tr>\n<td width=\"192\">Stromspeisung<\/td>\n<td width=\"225\">100 &#8211; 230 V AC, 50 \/ 60 Hz, max. 20 W<\/td>\n<\/tr>\n<tr>\n<td>Integrierte Stromversorgung f\u00fcr zu kalibrierende Transmitter<\/td>\n<td>24 V DC, max. 200 mA<\/td>\n<\/tr>\n<tr>\n<td>Schutzklasse<\/td>\n<td>IP40<\/td>\n<\/tr>\n<tr>\n<td>PC Schnittstelle<\/td>\n<td>RS232<\/td>\n<\/tr>\n<tr>\n<td>Betriebstemperatur<\/td>\n<td>10-40 \u00b0C<\/td>\n<\/tr>\n<tr>\n<td>Betriebsfeuchte<\/td>\n<td>10-80 % RH<\/td>\n<\/tr>\n<tr>\n<td>Dimension<\/td>\n<td>\u00a0400 x 260 x 240 mm<\/td>\n<\/tr>\n<tr>\n<td>Gewicht<\/td>\n<td>23 kg<\/td>\n<\/tr>\n<tr>\n<td>Druckluftversorgung<\/td>\n<td>9.8-12 bar (ent\u00f6lt, Partikelgr\u00f6\u00dfe &lt; 5 \u00b5m)<\/td>\n<\/tr>\n<\/tbody>\n<\/table>\n<p>&nbsp;<\/p>\n","protected":false},"excerpt":{"rendered":"<p>Pr\u00e4zisions-Feuchtegenerator f\u00fcr den relativen Feuchtebereich von 10 bis 95 %<\/p>\n","protected":false},"featured_media":30299,"template":"","meta":{"_crdt_document":""},"product_brand":[],"product_cat":[175,180],"product_tag":[],"class_list":{"0":"post-30295","1":"product","2":"type-product","3":"status-publish","4":"has-post-thumbnail","6":"product_cat-feuchte","7":"product_cat-messung","9":"first","10":"instock","11":"taxable","12":"shipping-taxable","13":"product-type-simple"},"yoast_head":"<!-- This site is optimized with the Yoast SEO plugin v27.3 - https:\/\/yoast.com\/product\/yoast-seo-wordpress\/ -->\n<title>Feuchtigkeitsgenerator Humor 20 - Sysmatec<\/title>\n<meta name=\"description\" content=\"Pr\u00e4zisions-Feuchtegenerator zur Kalibrierung von Feuchtemessger\u00e4ten im Bereich von 10 bis 95 % relativer Feuchte\" \/>\n<meta name=\"robots\" content=\"index, follow, max-snippet:-1, max-image-preview:large, max-video-preview:-1\" \/>\n<link rel=\"canonical\" href=\"https:\/\/sysmatec.ch\/de\/Produkt\/feuchtigkeitsgenerator-humor-20\/\" \/>\n<meta property=\"og:locale\" content=\"de_DE\" \/>\n<meta property=\"og:type\" content=\"article\" \/>\n<meta property=\"og:title\" content=\"Feuchtigkeitsgenerator Humor 20 - Sysmatec\" \/>\n<meta property=\"og:description\" content=\"Pr\u00e4zisions-Feuchtegenerator zur Kalibrierung von Feuchtemessger\u00e4ten im Bereich von 10 bis 95 % relativer Feuchte\" \/>\n<meta property=\"og:url\" content=\"https:\/\/sysmatec.ch\/de\/Produkt\/feuchtigkeitsgenerator-humor-20\/\" \/>\n<meta property=\"og:site_name\" content=\"Sysmatec\" \/>\n<meta property=\"article:modified_time\" content=\"2025-01-13T17:35:17+00:00\" \/>\n<meta property=\"og:image\" content=\"https:\/\/sysmatec.ch\/wp-content\/uploads\/2025\/01\/GenerateurHumidite_Humor20EplusE.jpg\" \/>\n\t<meta property=\"og:image:width\" content=\"701\" \/>\n\t<meta property=\"og:image:height\" content=\"526\" \/>\n\t<meta property=\"og:image:type\" content=\"image\/jpeg\" \/>\n<meta name=\"twitter:card\" content=\"summary_large_image\" \/>\n<meta name=\"twitter:label1\" content=\"Gesch\u00e4tzte Lesezeit\" \/>\n\t<meta name=\"twitter:data1\" content=\"2\u00a0Minuten\" \/>\n<script type=\"application\/ld+json\" class=\"yoast-schema-graph\">{\"@context\":\"https:\\\/\\\/schema.org\",\"@graph\":[{\"@type\":\"WebPage\",\"@id\":\"https:\\\/\\\/sysmatec.ch\\\/de\\\/Produkt\\\/feuchtigkeitsgenerator-humor-20\\\/\",\"url\":\"https:\\\/\\\/sysmatec.ch\\\/de\\\/Produkt\\\/feuchtigkeitsgenerator-humor-20\\\/\",\"name\":\"Feuchtigkeitsgenerator Humor 20 - Sysmatec\",\"isPartOf\":{\"@id\":\"https:\\\/\\\/sysmatec.ch\\\/de\\\/#website\"},\"primaryImageOfPage\":{\"@id\":\"https:\\\/\\\/sysmatec.ch\\\/de\\\/Produkt\\\/feuchtigkeitsgenerator-humor-20\\\/#primaryimage\"},\"image\":{\"@id\":\"https:\\\/\\\/sysmatec.ch\\\/de\\\/Produkt\\\/feuchtigkeitsgenerator-humor-20\\\/#primaryimage\"},\"thumbnailUrl\":\"https:\\\/\\\/sysmatec.ch\\\/wp-content\\\/uploads\\\/2025\\\/01\\\/GenerateurHumidite_Humor20EplusE.jpg\",\"datePublished\":\"2025-01-13T17:07:43+00:00\",\"dateModified\":\"2025-01-13T17:35:17+00:00\",\"description\":\"Pr\u00e4zisions-Feuchtegenerator zur Kalibrierung von Feuchtemessger\u00e4ten im Bereich von 10 bis 95 % relativer Feuchte\",\"breadcrumb\":{\"@id\":\"https:\\\/\\\/sysmatec.ch\\\/de\\\/Produkt\\\/feuchtigkeitsgenerator-humor-20\\\/#breadcrumb\"},\"inLanguage\":\"de\",\"potentialAction\":[{\"@type\":\"ReadAction\",\"target\":[\"https:\\\/\\\/sysmatec.ch\\\/de\\\/Produkt\\\/feuchtigkeitsgenerator-humor-20\\\/\"]}]},{\"@type\":\"ImageObject\",\"inLanguage\":\"de\",\"@id\":\"https:\\\/\\\/sysmatec.ch\\\/de\\\/Produkt\\\/feuchtigkeitsgenerator-humor-20\\\/#primaryimage\",\"url\":\"https:\\\/\\\/sysmatec.ch\\\/wp-content\\\/uploads\\\/2025\\\/01\\\/GenerateurHumidite_Humor20EplusE.jpg\",\"contentUrl\":\"https:\\\/\\\/sysmatec.ch\\\/wp-content\\\/uploads\\\/2025\\\/01\\\/GenerateurHumidite_Humor20EplusE.jpg\",\"width\":701,\"height\":526},{\"@type\":\"BreadcrumbList\",\"@id\":\"https:\\\/\\\/sysmatec.ch\\\/de\\\/Produkt\\\/feuchtigkeitsgenerator-humor-20\\\/#breadcrumb\",\"itemListElement\":[{\"@type\":\"ListItem\",\"position\":1,\"name\":\"Accueil\",\"item\":\"https:\\\/\\\/sysmatec.ch\\\/de\\\/\"},{\"@type\":\"ListItem\",\"position\":2,\"name\":\"Die Aktivit\u00e4t von Sysmatec\",\"item\":\"https:\\\/\\\/sysmatec.ch\\\/de\\\/\"},{\"@type\":\"ListItem\",\"position\":3,\"name\":\"Feuchtigkeitsgenerator Humor 20\"}]},{\"@type\":\"WebSite\",\"@id\":\"https:\\\/\\\/sysmatec.ch\\\/de\\\/#website\",\"url\":\"https:\\\/\\\/sysmatec.ch\\\/de\\\/\",\"name\":\"Sysmatec\",\"description\":\"Equipement de laboratoire et logiciels\",\"publisher\":{\"@id\":\"https:\\\/\\\/sysmatec.ch\\\/de\\\/#organization\"},\"potentialAction\":[{\"@type\":\"SearchAction\",\"target\":{\"@type\":\"EntryPoint\",\"urlTemplate\":\"https:\\\/\\\/sysmatec.ch\\\/de\\\/?s={search_term_string}\"},\"query-input\":{\"@type\":\"PropertyValueSpecification\",\"valueRequired\":true,\"valueName\":\"search_term_string\"}}],\"inLanguage\":\"de\"},{\"@type\":\"Organization\",\"@id\":\"https:\\\/\\\/sysmatec.ch\\\/de\\\/#organization\",\"name\":\"Sysmatec\",\"url\":\"https:\\\/\\\/sysmatec.ch\\\/de\\\/\",\"logo\":{\"@type\":\"ImageObject\",\"inLanguage\":\"de\",\"@id\":\"https:\\\/\\\/sysmatec.ch\\\/de\\\/#\\\/schema\\\/logo\\\/image\\\/\",\"url\":\"https:\\\/\\\/sysmatec.ch\\\/wp-content\\\/uploads\\\/2018\\\/11\\\/LogoSysmatec.jpg\",\"contentUrl\":\"https:\\\/\\\/sysmatec.ch\\\/wp-content\\\/uploads\\\/2018\\\/11\\\/LogoSysmatec.jpg\",\"width\":301,\"height\":297,\"caption\":\"Sysmatec\"},\"image\":{\"@id\":\"https:\\\/\\\/sysmatec.ch\\\/de\\\/#\\\/schema\\\/logo\\\/image\\\/\"}}]}<\/script>\n<!-- \/ Yoast SEO plugin. -->","yoast_head_json":{"title":"Feuchtigkeitsgenerator Humor 20 - Sysmatec","description":"Pr\u00e4zisions-Feuchtegenerator zur Kalibrierung von Feuchtemessger\u00e4ten im Bereich von 10 bis 95 % relativer Feuchte","robots":{"index":"index","follow":"follow","max-snippet":"max-snippet:-1","max-image-preview":"max-image-preview:large","max-video-preview":"max-video-preview:-1"},"canonical":"https:\/\/sysmatec.ch\/de\/Produkt\/feuchtigkeitsgenerator-humor-20\/","og_locale":"de_DE","og_type":"article","og_title":"Feuchtigkeitsgenerator Humor 20 - Sysmatec","og_description":"Pr\u00e4zisions-Feuchtegenerator zur Kalibrierung von Feuchtemessger\u00e4ten im Bereich von 10 bis 95 % relativer Feuchte","og_url":"https:\/\/sysmatec.ch\/de\/Produkt\/feuchtigkeitsgenerator-humor-20\/","og_site_name":"Sysmatec","article_modified_time":"2025-01-13T17:35:17+00:00","og_image":[{"width":701,"height":526,"url":"https:\/\/sysmatec.ch\/wp-content\/uploads\/2025\/01\/GenerateurHumidite_Humor20EplusE.jpg","type":"image\/jpeg"}],"twitter_card":"summary_large_image","twitter_misc":{"Gesch\u00e4tzte Lesezeit":"2\u00a0Minuten"},"schema":{"@context":"https:\/\/schema.org","@graph":[{"@type":"WebPage","@id":"https:\/\/sysmatec.ch\/de\/Produkt\/feuchtigkeitsgenerator-humor-20\/","url":"https:\/\/sysmatec.ch\/de\/Produkt\/feuchtigkeitsgenerator-humor-20\/","name":"Feuchtigkeitsgenerator Humor 20 - Sysmatec","isPartOf":{"@id":"https:\/\/sysmatec.ch\/de\/#website"},"primaryImageOfPage":{"@id":"https:\/\/sysmatec.ch\/de\/Produkt\/feuchtigkeitsgenerator-humor-20\/#primaryimage"},"image":{"@id":"https:\/\/sysmatec.ch\/de\/Produkt\/feuchtigkeitsgenerator-humor-20\/#primaryimage"},"thumbnailUrl":"https:\/\/sysmatec.ch\/wp-content\/uploads\/2025\/01\/GenerateurHumidite_Humor20EplusE.jpg","datePublished":"2025-01-13T17:07:43+00:00","dateModified":"2025-01-13T17:35:17+00:00","description":"Pr\u00e4zisions-Feuchtegenerator zur Kalibrierung von Feuchtemessger\u00e4ten im Bereich von 10 bis 95 % relativer Feuchte","breadcrumb":{"@id":"https:\/\/sysmatec.ch\/de\/Produkt\/feuchtigkeitsgenerator-humor-20\/#breadcrumb"},"inLanguage":"de","potentialAction":[{"@type":"ReadAction","target":["https:\/\/sysmatec.ch\/de\/Produkt\/feuchtigkeitsgenerator-humor-20\/"]}]},{"@type":"ImageObject","inLanguage":"de","@id":"https:\/\/sysmatec.ch\/de\/Produkt\/feuchtigkeitsgenerator-humor-20\/#primaryimage","url":"https:\/\/sysmatec.ch\/wp-content\/uploads\/2025\/01\/GenerateurHumidite_Humor20EplusE.jpg","contentUrl":"https:\/\/sysmatec.ch\/wp-content\/uploads\/2025\/01\/GenerateurHumidite_Humor20EplusE.jpg","width":701,"height":526},{"@type":"BreadcrumbList","@id":"https:\/\/sysmatec.ch\/de\/Produkt\/feuchtigkeitsgenerator-humor-20\/#breadcrumb","itemListElement":[{"@type":"ListItem","position":1,"name":"Accueil","item":"https:\/\/sysmatec.ch\/de\/"},{"@type":"ListItem","position":2,"name":"Die Aktivit\u00e4t von Sysmatec","item":"https:\/\/sysmatec.ch\/de\/"},{"@type":"ListItem","position":3,"name":"Feuchtigkeitsgenerator Humor 20"}]},{"@type":"WebSite","@id":"https:\/\/sysmatec.ch\/de\/#website","url":"https:\/\/sysmatec.ch\/de\/","name":"Sysmatec","description":"Equipement de laboratoire et logiciels","publisher":{"@id":"https:\/\/sysmatec.ch\/de\/#organization"},"potentialAction":[{"@type":"SearchAction","target":{"@type":"EntryPoint","urlTemplate":"https:\/\/sysmatec.ch\/de\/?s={search_term_string}"},"query-input":{"@type":"PropertyValueSpecification","valueRequired":true,"valueName":"search_term_string"}}],"inLanguage":"de"},{"@type":"Organization","@id":"https:\/\/sysmatec.ch\/de\/#organization","name":"Sysmatec","url":"https:\/\/sysmatec.ch\/de\/","logo":{"@type":"ImageObject","inLanguage":"de","@id":"https:\/\/sysmatec.ch\/de\/#\/schema\/logo\/image\/","url":"https:\/\/sysmatec.ch\/wp-content\/uploads\/2018\/11\/LogoSysmatec.jpg","contentUrl":"https:\/\/sysmatec.ch\/wp-content\/uploads\/2018\/11\/LogoSysmatec.jpg","width":301,"height":297,"caption":"Sysmatec"},"image":{"@id":"https:\/\/sysmatec.ch\/de\/#\/schema\/logo\/image\/"}}]}},"_links":{"self":[{"href":"https:\/\/sysmatec.ch\/de\/wp-json\/wp\/v2\/product\/30295","targetHints":{"allow":["GET"]}}],"collection":[{"href":"https:\/\/sysmatec.ch\/de\/wp-json\/wp\/v2\/product"}],"about":[{"href":"https:\/\/sysmatec.ch\/de\/wp-json\/wp\/v2\/types\/product"}],"wp:featuredmedia":[{"embeddable":true,"href":"https:\/\/sysmatec.ch\/de\/wp-json\/wp\/v2\/media\/30299"}],"wp:attachment":[{"href":"https:\/\/sysmatec.ch\/de\/wp-json\/wp\/v2\/media?parent=30295"}],"wp:term":[{"taxonomy":"product_brand","embeddable":true,"href":"https:\/\/sysmatec.ch\/de\/wp-json\/wp\/v2\/product_brand?post=30295"},{"taxonomy":"product_cat","embeddable":true,"href":"https:\/\/sysmatec.ch\/de\/wp-json\/wp\/v2\/product_cat?post=30295"},{"taxonomy":"product_tag","embeddable":true,"href":"https:\/\/sysmatec.ch\/de\/wp-json\/wp\/v2\/product_tag?post=30295"}],"curies":[{"name":"wp","href":"https:\/\/api.w.org\/{rel}","templated":true}]}}