{"id":30274,"date":"2025-01-04T12:46:44","date_gmt":"2025-01-04T11:46:44","guid":{"rendered":"https:\/\/sysmatec.ch\/?post_type=product&#038;p=30274"},"modified":"2025-01-04T15:23:03","modified_gmt":"2025-01-04T14:23:03","slug":"blender-beutel-sampibio","status":"publish","type":"product","link":"https:\/\/sysmatec.ch\/de\/Produkt\/blender-beutel-sampibio\/","title":{"rendered":"Blender Beutel SAMPIBIO\u00ae"},"content":{"rendered":"<p>Diese Beutel sind f\u00fcr eine nahtlose Integration in Homogenisierer verschiedener Gr\u00f6\u00dfen konzipiert und verf\u00fcgen \u00fcber eine weite \u00d6ffnung zum einfachen Einf\u00fchren der Proben. Damit sind sie ideal f\u00fcr Umgebungen, die h\u00e4ufige und zuverl\u00e4ssige Testverfahren erfordern.<\/p>\n<p>Ohne Filter: Vereinfachte Probenhandhabung SAMPIBIO\u00ae-Mischerbeutel bieten eine unkomplizierte L\u00f6sung f\u00fcr die Homogenisierung und Probenvorbereitung im Labor. Erh\u00e4ltlich in Gr\u00f6\u00dfen von 400 ml bis 3500 ml.<\/p>\n<p>Mit Filter: Verbesserte Filtrationspr\u00e4zision SAMPIBIO\u00ae-Mischerbeutel mit Filter revolutionieren die Aliquotprobenentnahme in Homogenisierern, indem sie eine Filtration w\u00e4hrend des Mischens erm\u00f6glichen und das Warten auf die Sedimentation vor dem Pipettieren \u00fcberfl\u00fcssig machen. Das resultierende Filtrat ist partikelfrei, was abfallfreie Petrischalen gew\u00e4hrleistet, einfachere Ablesungen erm\u00f6glicht und pr\u00e4zisere Ergebnisse liefert. Diese Beutel bestehen aus robusten, verst\u00e4rkten, mehrfach beschichteten Schichten und verhindern ein Rei\u00dfen w\u00e4hrend des Mischens. Zu den Optionen geh\u00f6ren seitliche oder ganzseitige Vliesfilter f\u00fcr alle Probenarten und ganzseitige mikroperforierte Filter f\u00fcr past\u00f6se Proben, die eine pr\u00e4zise Filtration und zuverl\u00e4ssige Ergebnisse garantieren. Erh\u00e4ltlich ohne Drahtverschlusssystem in den Gr\u00f6\u00dfen von 400 ml bis 3500 ml und mit Drahtverschlusssystem in den Gr\u00f6\u00dfen von 200 ml bis 4000 ml.<\/p>\n<h2>Gebrauchsanweisung (mit Drahtverschlusssystem)<\/h2>\n<p>1. Die Oberseite des Beutels entlang der Perforationen ab rei\u00dfen .<br \/>\n2. \u00d6ffnen Sie den Beutel mithilfe der Laschen und geben Sie die feste Probe aseptisch auf die bedruckte Seite des Beutels.<br \/>\n3. Passen Sie den Druck der Paddel nach Bedarf an, um ein Rei\u00dfen zu vermeiden.<br \/>\n4. F\u00fchren Sie die Pipette in die durchsichtige Seite des Beutels ein, um die Aliquote zu entnehmen.<br \/>\n5. Halten Sie den Beutel an den Drahtenden und entfernen Sie so viel Luft wie m\u00f6glich.<br \/>\n6. Falten Sie beide Drahtenden auf den Beutel, um einen luftdichten und auslaufsicheren Verschluss zu gew\u00e4hrleisten.<\/p>\n<h2>Product list sterile blender bags full page Polyethylene filter &amp; wire closure<\/h2>\n<table width=\"593\">\n<tbody>\n<tr>\n<td width=\"111\">Code<\/td>\n<td width=\"103\">Kabeltyp<\/td>\n<td width=\"107\">Dicke (Mikron)<\/td>\n<td width=\"112\">Bag Dimensionen<br \/>\nmm x mm<\/td>\n<td width=\"80\">Volum mL<\/td>\n<td width=\"80\">Verpackung<\/td>\n<\/tr>\n<tr>\n<td>TRB-095180-PPF<\/td>\n<td>Rund<\/td>\n<td>80<\/td>\n<td>95 x 180<\/td>\n<td>200<\/td>\n<td>1000 (2&#215;500)<\/td>\n<\/tr>\n<tr>\n<td>TRD-150230-PPF<\/td>\n<td>Rund<\/td>\n<td>100<\/td>\n<td>150 x 230<\/td>\n<td>700<\/td>\n<td>1000 (2&#215;500)<\/td>\n<\/tr>\n<tr>\n<td>TRD-190300-PPF<\/td>\n<td>Rund<\/td>\n<td>100<\/td>\n<td>190 x 300<\/td>\n<td>1650<\/td>\n<td>1000 (4&#215;250)<\/td>\n<\/tr>\n<tr>\n<td>TRD-190380-PPF<\/td>\n<td>Rund<\/td>\n<td>100<\/td>\n<td>190 x 380<\/td>\n<td>2000<\/td>\n<td>1000 (4&#215;250)<\/td>\n<\/tr>\n<tr>\n<td>TXD-190380-PPF<\/td>\n<td>1 flach und 1 rund<\/td>\n<td>100<\/td>\n<td>190 x 380<\/td>\n<td>2000<\/td>\n<td>1000 (4&#215;250)<\/td>\n<\/tr>\n<tr>\n<td>TXD-254380-PPF<\/td>\n<td>1 flach und 1 rund<\/td>\n<td>100<\/td>\n<td>254 x 380<\/td>\n<td>2720<\/td>\n<td>400 (4&#215;100)<\/td>\n<\/tr>\n<tr>\n<td>TXD-380380-PPF<\/td>\n<td>1 flach und 1 rund<\/td>\n<td>100<\/td>\n<td>380 x 380<\/td>\n<td>4000<\/td>\n<td>400 (4&#215;100)<\/td>\n<\/tr>\n<\/tbody>\n<\/table>\n<p>&nbsp;<\/p>\n","protected":false},"excerpt":{"rendered":"<p>Mixerbeutel mit und ohne Filter<\/p>\n","protected":false},"featured_media":30278,"template":"","meta":{"_crdt_document":""},"product_brand":[],"product_cat":[134,279],"product_tag":[],"class_list":{"0":"post-30274","1":"product","2":"type-product","3":"status-publish","4":"has-post-thumbnail","6":"product_cat-probe","7":"product_cat-verbrauchsmaterial","9":"first","10":"instock","11":"taxable","12":"shipping-taxable","13":"product-type-simple"},"yoast_head":"<!-- This site is optimized with the Yoast SEO plugin v27.3 - https:\/\/yoast.com\/product\/yoast-seo-wordpress\/ -->\n<title>Blender Beutel SAMPIBIO\u00ae - Sysmatec<\/title>\n<meta name=\"description\" content=\"Mixerbeutel, die f\u00fcr die nahtlose Integration in verschiedene Homogenisatorgr\u00f6\u00dfen konzipiert sind, mit oder ohne Filter, erh\u00e4ltlich in den Gr\u00f6\u00dfen von 200 ml bis 4000 ml.\" \/>\n<meta name=\"robots\" content=\"index, follow, max-snippet:-1, max-image-preview:large, max-video-preview:-1\" \/>\n<link rel=\"canonical\" href=\"https:\/\/sysmatec.ch\/de\/Produkt\/blender-beutel-sampibio\/\" \/>\n<meta property=\"og:locale\" content=\"de_DE\" \/>\n<meta property=\"og:type\" content=\"article\" \/>\n<meta property=\"og:title\" content=\"Blender Beutel SAMPIBIO\u00ae - Sysmatec\" \/>\n<meta property=\"og:description\" content=\"Mixerbeutel, die f\u00fcr die nahtlose Integration in verschiedene Homogenisatorgr\u00f6\u00dfen konzipiert sind, mit oder ohne Filter, erh\u00e4ltlich in den Gr\u00f6\u00dfen von 200 ml bis 4000 ml.\" \/>\n<meta property=\"og:url\" content=\"https:\/\/sysmatec.ch\/de\/Produkt\/blender-beutel-sampibio\/\" \/>\n<meta property=\"og:site_name\" content=\"Sysmatec\" \/>\n<meta property=\"article:modified_time\" content=\"2025-01-04T14:23:03+00:00\" \/>\n<meta name=\"twitter:card\" content=\"summary_large_image\" \/>\n<meta name=\"twitter:label1\" content=\"Gesch\u00e4tzte Lesezeit\" \/>\n\t<meta name=\"twitter:data1\" content=\"2\u00a0Minuten\" \/>\n<script type=\"application\/ld+json\" class=\"yoast-schema-graph\">{\"@context\":\"https:\\\/\\\/schema.org\",\"@graph\":[{\"@type\":\"WebPage\",\"@id\":\"https:\\\/\\\/sysmatec.ch\\\/de\\\/Produkt\\\/blender-beutel-sampibio\\\/\",\"url\":\"https:\\\/\\\/sysmatec.ch\\\/de\\\/Produkt\\\/blender-beutel-sampibio\\\/\",\"name\":\"Blender Beutel SAMPIBIO\u00ae - Sysmatec\",\"isPartOf\":{\"@id\":\"https:\\\/\\\/sysmatec.ch\\\/de\\\/#website\"},\"primaryImageOfPage\":{\"@id\":\"https:\\\/\\\/sysmatec.ch\\\/de\\\/Produkt\\\/blender-beutel-sampibio\\\/#primaryimage\"},\"image\":{\"@id\":\"https:\\\/\\\/sysmatec.ch\\\/de\\\/Produkt\\\/blender-beutel-sampibio\\\/#primaryimage\"},\"thumbnailUrl\":\"https:\\\/\\\/sysmatec.ch\\\/wp-content\\\/uploads\\\/2025\\\/01\\\/Echantillon_BlenderSampibio.jpg\",\"datePublished\":\"2025-01-04T11:46:44+00:00\",\"dateModified\":\"2025-01-04T14:23:03+00:00\",\"description\":\"Mixerbeutel, die f\u00fcr die nahtlose Integration in verschiedene Homogenisatorgr\u00f6\u00dfen konzipiert sind, mit oder ohne Filter, erh\u00e4ltlich in den Gr\u00f6\u00dfen von 200 ml bis 4000 ml.\",\"breadcrumb\":{\"@id\":\"https:\\\/\\\/sysmatec.ch\\\/de\\\/Produkt\\\/blender-beutel-sampibio\\\/#breadcrumb\"},\"inLanguage\":\"de\",\"potentialAction\":[{\"@type\":\"ReadAction\",\"target\":[\"https:\\\/\\\/sysmatec.ch\\\/de\\\/Produkt\\\/blender-beutel-sampibio\\\/\"]}]},{\"@type\":\"ImageObject\",\"inLanguage\":\"de\",\"@id\":\"https:\\\/\\\/sysmatec.ch\\\/de\\\/Produkt\\\/blender-beutel-sampibio\\\/#primaryimage\",\"url\":\"https:\\\/\\\/sysmatec.ch\\\/wp-content\\\/uploads\\\/2025\\\/01\\\/Echantillon_BlenderSampibio.jpg\",\"contentUrl\":\"https:\\\/\\\/sysmatec.ch\\\/wp-content\\\/uploads\\\/2025\\\/01\\\/Echantillon_BlenderSampibio.jpg\",\"width\":393,\"height\":322},{\"@type\":\"BreadcrumbList\",\"@id\":\"https:\\\/\\\/sysmatec.ch\\\/de\\\/Produkt\\\/blender-beutel-sampibio\\\/#breadcrumb\",\"itemListElement\":[{\"@type\":\"ListItem\",\"position\":1,\"name\":\"Accueil\",\"item\":\"https:\\\/\\\/sysmatec.ch\\\/de\\\/\"},{\"@type\":\"ListItem\",\"position\":2,\"name\":\"Die Aktivit\u00e4t von Sysmatec\",\"item\":\"https:\\\/\\\/sysmatec.ch\\\/de\\\/\"},{\"@type\":\"ListItem\",\"position\":3,\"name\":\"Blender Beutel SAMPIBIO\u00ae\"}]},{\"@type\":\"WebSite\",\"@id\":\"https:\\\/\\\/sysmatec.ch\\\/de\\\/#website\",\"url\":\"https:\\\/\\\/sysmatec.ch\\\/de\\\/\",\"name\":\"Sysmatec\",\"description\":\"Equipement de laboratoire et logiciels\",\"publisher\":{\"@id\":\"https:\\\/\\\/sysmatec.ch\\\/de\\\/#organization\"},\"potentialAction\":[{\"@type\":\"SearchAction\",\"target\":{\"@type\":\"EntryPoint\",\"urlTemplate\":\"https:\\\/\\\/sysmatec.ch\\\/de\\\/?s={search_term_string}\"},\"query-input\":{\"@type\":\"PropertyValueSpecification\",\"valueRequired\":true,\"valueName\":\"search_term_string\"}}],\"inLanguage\":\"de\"},{\"@type\":\"Organization\",\"@id\":\"https:\\\/\\\/sysmatec.ch\\\/de\\\/#organization\",\"name\":\"Sysmatec\",\"url\":\"https:\\\/\\\/sysmatec.ch\\\/de\\\/\",\"logo\":{\"@type\":\"ImageObject\",\"inLanguage\":\"de\",\"@id\":\"https:\\\/\\\/sysmatec.ch\\\/de\\\/#\\\/schema\\\/logo\\\/image\\\/\",\"url\":\"https:\\\/\\\/sysmatec.ch\\\/wp-content\\\/uploads\\\/2018\\\/11\\\/LogoSysmatec.jpg\",\"contentUrl\":\"https:\\\/\\\/sysmatec.ch\\\/wp-content\\\/uploads\\\/2018\\\/11\\\/LogoSysmatec.jpg\",\"width\":301,\"height\":297,\"caption\":\"Sysmatec\"},\"image\":{\"@id\":\"https:\\\/\\\/sysmatec.ch\\\/de\\\/#\\\/schema\\\/logo\\\/image\\\/\"}}]}<\/script>\n<!-- \/ Yoast SEO plugin. -->","yoast_head_json":{"title":"Blender Beutel SAMPIBIO\u00ae - Sysmatec","description":"Mixerbeutel, die f\u00fcr die nahtlose Integration in verschiedene Homogenisatorgr\u00f6\u00dfen konzipiert sind, mit oder ohne Filter, erh\u00e4ltlich in den Gr\u00f6\u00dfen von 200 ml bis 4000 ml.","robots":{"index":"index","follow":"follow","max-snippet":"max-snippet:-1","max-image-preview":"max-image-preview:large","max-video-preview":"max-video-preview:-1"},"canonical":"https:\/\/sysmatec.ch\/de\/Produkt\/blender-beutel-sampibio\/","og_locale":"de_DE","og_type":"article","og_title":"Blender Beutel SAMPIBIO\u00ae - Sysmatec","og_description":"Mixerbeutel, die f\u00fcr die nahtlose Integration in verschiedene Homogenisatorgr\u00f6\u00dfen konzipiert sind, mit oder ohne Filter, erh\u00e4ltlich in den Gr\u00f6\u00dfen von 200 ml bis 4000 ml.","og_url":"https:\/\/sysmatec.ch\/de\/Produkt\/blender-beutel-sampibio\/","og_site_name":"Sysmatec","article_modified_time":"2025-01-04T14:23:03+00:00","twitter_card":"summary_large_image","twitter_misc":{"Gesch\u00e4tzte Lesezeit":"2\u00a0Minuten"},"schema":{"@context":"https:\/\/schema.org","@graph":[{"@type":"WebPage","@id":"https:\/\/sysmatec.ch\/de\/Produkt\/blender-beutel-sampibio\/","url":"https:\/\/sysmatec.ch\/de\/Produkt\/blender-beutel-sampibio\/","name":"Blender Beutel SAMPIBIO\u00ae - Sysmatec","isPartOf":{"@id":"https:\/\/sysmatec.ch\/de\/#website"},"primaryImageOfPage":{"@id":"https:\/\/sysmatec.ch\/de\/Produkt\/blender-beutel-sampibio\/#primaryimage"},"image":{"@id":"https:\/\/sysmatec.ch\/de\/Produkt\/blender-beutel-sampibio\/#primaryimage"},"thumbnailUrl":"https:\/\/sysmatec.ch\/wp-content\/uploads\/2025\/01\/Echantillon_BlenderSampibio.jpg","datePublished":"2025-01-04T11:46:44+00:00","dateModified":"2025-01-04T14:23:03+00:00","description":"Mixerbeutel, die f\u00fcr die nahtlose Integration in verschiedene Homogenisatorgr\u00f6\u00dfen konzipiert sind, mit oder ohne Filter, erh\u00e4ltlich in den Gr\u00f6\u00dfen von 200 ml bis 4000 ml.","breadcrumb":{"@id":"https:\/\/sysmatec.ch\/de\/Produkt\/blender-beutel-sampibio\/#breadcrumb"},"inLanguage":"de","potentialAction":[{"@type":"ReadAction","target":["https:\/\/sysmatec.ch\/de\/Produkt\/blender-beutel-sampibio\/"]}]},{"@type":"ImageObject","inLanguage":"de","@id":"https:\/\/sysmatec.ch\/de\/Produkt\/blender-beutel-sampibio\/#primaryimage","url":"https:\/\/sysmatec.ch\/wp-content\/uploads\/2025\/01\/Echantillon_BlenderSampibio.jpg","contentUrl":"https:\/\/sysmatec.ch\/wp-content\/uploads\/2025\/01\/Echantillon_BlenderSampibio.jpg","width":393,"height":322},{"@type":"BreadcrumbList","@id":"https:\/\/sysmatec.ch\/de\/Produkt\/blender-beutel-sampibio\/#breadcrumb","itemListElement":[{"@type":"ListItem","position":1,"name":"Accueil","item":"https:\/\/sysmatec.ch\/de\/"},{"@type":"ListItem","position":2,"name":"Die Aktivit\u00e4t von Sysmatec","item":"https:\/\/sysmatec.ch\/de\/"},{"@type":"ListItem","position":3,"name":"Blender Beutel SAMPIBIO\u00ae"}]},{"@type":"WebSite","@id":"https:\/\/sysmatec.ch\/de\/#website","url":"https:\/\/sysmatec.ch\/de\/","name":"Sysmatec","description":"Equipement de laboratoire et logiciels","publisher":{"@id":"https:\/\/sysmatec.ch\/de\/#organization"},"potentialAction":[{"@type":"SearchAction","target":{"@type":"EntryPoint","urlTemplate":"https:\/\/sysmatec.ch\/de\/?s={search_term_string}"},"query-input":{"@type":"PropertyValueSpecification","valueRequired":true,"valueName":"search_term_string"}}],"inLanguage":"de"},{"@type":"Organization","@id":"https:\/\/sysmatec.ch\/de\/#organization","name":"Sysmatec","url":"https:\/\/sysmatec.ch\/de\/","logo":{"@type":"ImageObject","inLanguage":"de","@id":"https:\/\/sysmatec.ch\/de\/#\/schema\/logo\/image\/","url":"https:\/\/sysmatec.ch\/wp-content\/uploads\/2018\/11\/LogoSysmatec.jpg","contentUrl":"https:\/\/sysmatec.ch\/wp-content\/uploads\/2018\/11\/LogoSysmatec.jpg","width":301,"height":297,"caption":"Sysmatec"},"image":{"@id":"https:\/\/sysmatec.ch\/de\/#\/schema\/logo\/image\/"}}]}},"_links":{"self":[{"href":"https:\/\/sysmatec.ch\/de\/wp-json\/wp\/v2\/product\/30274","targetHints":{"allow":["GET"]}}],"collection":[{"href":"https:\/\/sysmatec.ch\/de\/wp-json\/wp\/v2\/product"}],"about":[{"href":"https:\/\/sysmatec.ch\/de\/wp-json\/wp\/v2\/types\/product"}],"wp:featuredmedia":[{"embeddable":true,"href":"https:\/\/sysmatec.ch\/de\/wp-json\/wp\/v2\/media\/30278"}],"wp:attachment":[{"href":"https:\/\/sysmatec.ch\/de\/wp-json\/wp\/v2\/media?parent=30274"}],"wp:term":[{"taxonomy":"product_brand","embeddable":true,"href":"https:\/\/sysmatec.ch\/de\/wp-json\/wp\/v2\/product_brand?post=30274"},{"taxonomy":"product_cat","embeddable":true,"href":"https:\/\/sysmatec.ch\/de\/wp-json\/wp\/v2\/product_cat?post=30274"},{"taxonomy":"product_tag","embeddable":true,"href":"https:\/\/sysmatec.ch\/de\/wp-json\/wp\/v2\/product_tag?post=30274"}],"curies":[{"name":"wp","href":"https:\/\/api.w.org\/{rel}","templated":true}]}}