{"id":30255,"date":"2025-01-04T11:48:42","date_gmt":"2025-01-04T10:48:42","guid":{"rendered":"https:\/\/sysmatec.ch\/?post_type=product&#038;p=30255"},"modified":"2025-01-04T12:27:03","modified_gmt":"2025-01-04T11:27:03","slug":"wischprobenahme-sampibio","status":"publish","type":"product","link":"https:\/\/sysmatec.ch\/de\/Produkt\/wischprobenahme-sampibio\/","title":{"rendered":"Wischprobenahme SAMPIBIO\u00ae"},"content":{"rendered":"<p>Eine L\u00f6sung f\u00fcr sterile, biozidfreie Oberfl\u00e4chentests.<\/p>\n<p>Diese Wischprobenentnahme ist eine erstklassige L\u00f6sung, die sorgf\u00e4ltig entwickelt wurde, um den Vorschriften der Europ\u00e4ischen Kommission zu entsprechen. Unser innovatives Probenentnahmeset eignet sich f\u00fcr die Bewertung einer Reihe von Oberfl\u00e4chen, darunter Arbeitsfl\u00e4chen, B\u00f6den, Schneidebretter, B\u00e4nder, Gefrierschr\u00e4nke, Trichter und Decken, und ist daher ideal f\u00fcr Branchen wie Lebensmittel-, Milch-, Fleisch- und Gefl\u00fcgelverarbeitung sowie Aquakultur (z. B. Lachsfarmen).<\/p>\n<h2>Merkmale<\/h2>\n<ul>\n<li>Das Probenentnahmematerial ist rei\u00dffest, auslaufsicher und franst nicht aus, sodass eine zuverl\u00e4ssige Leistung gew\u00e4hrleistet ist.<\/li>\n<li>Zugeschnitten auf die Verwendung auf gefrorenen Oberfl\u00e4chen, garantiert konsistente Ergebnisse unter unterschiedlichen Bedingungen.<\/li>\n<li>Entspricht den ISO 18593-Standards und gew\u00e4hrleistet so die Integrit\u00e4t und Genauigkeit der entnommenen Probe<\/li>\n<li>Verk\u00fcrzt die Probenentnahmezeit und steigert die Gesamtproduktivit\u00e4t.<\/li>\n<li>Erh\u00e4ltlich mit trockenen oder vorgefeuchteten T\u00fcchern, mit der Option neutralisierender oder nicht neutralisierender L\u00f6sungen, um den unterschiedlichen Testanforderungen gerecht zu werden<\/li>\n<li>Gebrauchsfertig und nicht hemmend<\/li>\n<li>Mit Haltbarkeiten von bis zu 12 Monaten f\u00fcr vorgefeuchtete T\u00fccher und 24 Monaten f\u00fcr trockene Varianten<\/li>\n<\/ul>\n<h2>Oberfl\u00e4chenprobenentnahme Produktliste<\/h2>\n<table width=\"559\">\n<tbody>\n<tr>\n<td width=\"111\">Code<\/td>\n<td width=\"96\">Kilturmedium<\/td>\n<td width=\"80\">Handschuhe<\/td>\n<td width=\"112\">Bag Dimensionen<br \/>\nmm x mm<\/td>\n<td width=\"80\">Verpackung<\/td>\n<td width=\"80\">Haltbarkeit<\/td>\n<\/tr>\n<tr>\n<td>BW-180300-BPW<\/td>\n<td>13 ml (BPW)<\/td>\n<td>nein<\/td>\n<td>180 x 300<\/td>\n<td>100 (10&#215;100)<\/td>\n<td>24 Monate<\/td>\n<\/tr>\n<tr>\n<td>BW-180300-NB<\/td>\n<td>13 ml (DE)<\/td>\n<td>nein<\/td>\n<td>180 x 300<\/td>\n<td>100 (10&#215;100)<\/td>\n<td>24 Monate<\/td>\n<\/tr>\n<tr>\n<td>BWG-180300-BPW<\/td>\n<td>13 ml (LT)<\/td>\n<td>ja<\/td>\n<td>180 x 300<\/td>\n<td>100 (10&#215;100)<\/td>\n<td>24 Monate<\/td>\n<\/tr>\n<tr>\n<td>BWG-180300-NB<\/td>\n<td>13 ml (NB)<\/td>\n<td>ja<\/td>\n<td>180 x 300<\/td>\n<td>100 (10&#215;100)<\/td>\n<td>24 Monate<\/td>\n<\/tr>\n<tr>\n<td>BW-180300<\/td>\n<td>10 ml (BPW)<\/td>\n<td>nein<\/td>\n<td>180 x 300<\/td>\n<td>100 (10&#215;100)<\/td>\n<td>60 Monate<\/td>\n<\/tr>\n<\/tbody>\n<\/table>\n","protected":false},"excerpt":{"rendered":"<p>Wischprobenl\u00f6sung mit trockenen oder vorgefeuchteten T\u00fcchern<\/p>\n","protected":false},"featured_media":30259,"template":"","meta":{"_crdt_document":""},"product_brand":[],"product_cat":[134,279],"product_tag":[],"class_list":{"0":"post-30255","1":"product","2":"type-product","3":"status-publish","4":"has-post-thumbnail","6":"product_cat-probe","7":"product_cat-verbrauchsmaterial","9":"first","10":"instock","11":"taxable","12":"shipping-taxable","13":"product-type-simple"},"yoast_head":"<!-- This site is optimized with the Yoast SEO plugin v27.3 - https:\/\/yoast.com\/product\/yoast-seo-wordpress\/ -->\n<title>Wischprobenahme SAMPIBIO\u00ae - Sysmatec<\/title>\n<meta name=\"description\" content=\"Wischprobenl\u00f6sung f\u00fcr sterile, biozidfreie Oberfl\u00e4chenuntersuchungen, rei\u00dffest, auslaufsicher mit trockenen oder vorgefeuchteten T\u00fcchern\" \/>\n<meta name=\"robots\" content=\"index, follow, max-snippet:-1, max-image-preview:large, max-video-preview:-1\" \/>\n<link rel=\"canonical\" href=\"https:\/\/sysmatec.ch\/de\/Produkt\/wischprobenahme-sampibio\/\" \/>\n<meta property=\"og:locale\" content=\"de_DE\" \/>\n<meta property=\"og:type\" content=\"article\" \/>\n<meta property=\"og:title\" content=\"Wischprobenahme SAMPIBIO\u00ae - Sysmatec\" \/>\n<meta property=\"og:description\" content=\"Wischprobenl\u00f6sung f\u00fcr sterile, biozidfreie Oberfl\u00e4chenuntersuchungen, rei\u00dffest, auslaufsicher mit trockenen oder vorgefeuchteten T\u00fcchern\" \/>\n<meta property=\"og:url\" content=\"https:\/\/sysmatec.ch\/de\/Produkt\/wischprobenahme-sampibio\/\" \/>\n<meta property=\"og:site_name\" content=\"Sysmatec\" \/>\n<meta property=\"article:modified_time\" content=\"2025-01-04T11:27:03+00:00\" \/>\n<meta property=\"og:image\" content=\"https:\/\/sysmatec.ch\/wp-content\/uploads\/2025\/01\/Echantillon_WipeSampibio1.jpg\" \/>\n\t<meta property=\"og:image:width\" content=\"849\" \/>\n\t<meta property=\"og:image:height\" content=\"665\" \/>\n\t<meta property=\"og:image:type\" content=\"image\/jpeg\" \/>\n<meta name=\"twitter:card\" content=\"summary_large_image\" \/>\n<meta name=\"twitter:label1\" content=\"Gesch\u00e4tzte Lesezeit\" \/>\n\t<meta name=\"twitter:data1\" content=\"2\u00a0Minuten\" \/>\n<script type=\"application\/ld+json\" class=\"yoast-schema-graph\">{\"@context\":\"https:\\\/\\\/schema.org\",\"@graph\":[{\"@type\":\"WebPage\",\"@id\":\"https:\\\/\\\/sysmatec.ch\\\/de\\\/Produkt\\\/wischprobenahme-sampibio\\\/\",\"url\":\"https:\\\/\\\/sysmatec.ch\\\/de\\\/Produkt\\\/wischprobenahme-sampibio\\\/\",\"name\":\"Wischprobenahme SAMPIBIO\u00ae - Sysmatec\",\"isPartOf\":{\"@id\":\"https:\\\/\\\/sysmatec.ch\\\/de\\\/#website\"},\"primaryImageOfPage\":{\"@id\":\"https:\\\/\\\/sysmatec.ch\\\/de\\\/Produkt\\\/wischprobenahme-sampibio\\\/#primaryimage\"},\"image\":{\"@id\":\"https:\\\/\\\/sysmatec.ch\\\/de\\\/Produkt\\\/wischprobenahme-sampibio\\\/#primaryimage\"},\"thumbnailUrl\":\"https:\\\/\\\/sysmatec.ch\\\/wp-content\\\/uploads\\\/2025\\\/01\\\/Echantillon_WipeSampibio1.jpg\",\"datePublished\":\"2025-01-04T10:48:42+00:00\",\"dateModified\":\"2025-01-04T11:27:03+00:00\",\"description\":\"Wischprobenl\u00f6sung f\u00fcr sterile, biozidfreie Oberfl\u00e4chenuntersuchungen, rei\u00dffest, auslaufsicher mit trockenen oder vorgefeuchteten T\u00fcchern\",\"breadcrumb\":{\"@id\":\"https:\\\/\\\/sysmatec.ch\\\/de\\\/Produkt\\\/wischprobenahme-sampibio\\\/#breadcrumb\"},\"inLanguage\":\"de\",\"potentialAction\":[{\"@type\":\"ReadAction\",\"target\":[\"https:\\\/\\\/sysmatec.ch\\\/de\\\/Produkt\\\/wischprobenahme-sampibio\\\/\"]}]},{\"@type\":\"ImageObject\",\"inLanguage\":\"de\",\"@id\":\"https:\\\/\\\/sysmatec.ch\\\/de\\\/Produkt\\\/wischprobenahme-sampibio\\\/#primaryimage\",\"url\":\"https:\\\/\\\/sysmatec.ch\\\/wp-content\\\/uploads\\\/2025\\\/01\\\/Echantillon_WipeSampibio1.jpg\",\"contentUrl\":\"https:\\\/\\\/sysmatec.ch\\\/wp-content\\\/uploads\\\/2025\\\/01\\\/Echantillon_WipeSampibio1.jpg\",\"width\":849,\"height\":665},{\"@type\":\"BreadcrumbList\",\"@id\":\"https:\\\/\\\/sysmatec.ch\\\/de\\\/Produkt\\\/wischprobenahme-sampibio\\\/#breadcrumb\",\"itemListElement\":[{\"@type\":\"ListItem\",\"position\":1,\"name\":\"Accueil\",\"item\":\"https:\\\/\\\/sysmatec.ch\\\/de\\\/\"},{\"@type\":\"ListItem\",\"position\":2,\"name\":\"Die Aktivit\u00e4t von Sysmatec\",\"item\":\"https:\\\/\\\/sysmatec.ch\\\/de\\\/\"},{\"@type\":\"ListItem\",\"position\":3,\"name\":\"Wischprobenahme SAMPIBIO\u00ae\"}]},{\"@type\":\"WebSite\",\"@id\":\"https:\\\/\\\/sysmatec.ch\\\/de\\\/#website\",\"url\":\"https:\\\/\\\/sysmatec.ch\\\/de\\\/\",\"name\":\"Sysmatec\",\"description\":\"Equipement de laboratoire et logiciels\",\"publisher\":{\"@id\":\"https:\\\/\\\/sysmatec.ch\\\/de\\\/#organization\"},\"potentialAction\":[{\"@type\":\"SearchAction\",\"target\":{\"@type\":\"EntryPoint\",\"urlTemplate\":\"https:\\\/\\\/sysmatec.ch\\\/de\\\/?s={search_term_string}\"},\"query-input\":{\"@type\":\"PropertyValueSpecification\",\"valueRequired\":true,\"valueName\":\"search_term_string\"}}],\"inLanguage\":\"de\"},{\"@type\":\"Organization\",\"@id\":\"https:\\\/\\\/sysmatec.ch\\\/de\\\/#organization\",\"name\":\"Sysmatec\",\"url\":\"https:\\\/\\\/sysmatec.ch\\\/de\\\/\",\"logo\":{\"@type\":\"ImageObject\",\"inLanguage\":\"de\",\"@id\":\"https:\\\/\\\/sysmatec.ch\\\/de\\\/#\\\/schema\\\/logo\\\/image\\\/\",\"url\":\"https:\\\/\\\/sysmatec.ch\\\/wp-content\\\/uploads\\\/2018\\\/11\\\/LogoSysmatec.jpg\",\"contentUrl\":\"https:\\\/\\\/sysmatec.ch\\\/wp-content\\\/uploads\\\/2018\\\/11\\\/LogoSysmatec.jpg\",\"width\":301,\"height\":297,\"caption\":\"Sysmatec\"},\"image\":{\"@id\":\"https:\\\/\\\/sysmatec.ch\\\/de\\\/#\\\/schema\\\/logo\\\/image\\\/\"}}]}<\/script>\n<!-- \/ Yoast SEO plugin. -->","yoast_head_json":{"title":"Wischprobenahme SAMPIBIO\u00ae - Sysmatec","description":"Wischprobenl\u00f6sung f\u00fcr sterile, biozidfreie Oberfl\u00e4chenuntersuchungen, rei\u00dffest, auslaufsicher mit trockenen oder vorgefeuchteten T\u00fcchern","robots":{"index":"index","follow":"follow","max-snippet":"max-snippet:-1","max-image-preview":"max-image-preview:large","max-video-preview":"max-video-preview:-1"},"canonical":"https:\/\/sysmatec.ch\/de\/Produkt\/wischprobenahme-sampibio\/","og_locale":"de_DE","og_type":"article","og_title":"Wischprobenahme SAMPIBIO\u00ae - Sysmatec","og_description":"Wischprobenl\u00f6sung f\u00fcr sterile, biozidfreie Oberfl\u00e4chenuntersuchungen, rei\u00dffest, auslaufsicher mit trockenen oder vorgefeuchteten T\u00fcchern","og_url":"https:\/\/sysmatec.ch\/de\/Produkt\/wischprobenahme-sampibio\/","og_site_name":"Sysmatec","article_modified_time":"2025-01-04T11:27:03+00:00","og_image":[{"width":849,"height":665,"url":"https:\/\/sysmatec.ch\/wp-content\/uploads\/2025\/01\/Echantillon_WipeSampibio1.jpg","type":"image\/jpeg"}],"twitter_card":"summary_large_image","twitter_misc":{"Gesch\u00e4tzte Lesezeit":"2\u00a0Minuten"},"schema":{"@context":"https:\/\/schema.org","@graph":[{"@type":"WebPage","@id":"https:\/\/sysmatec.ch\/de\/Produkt\/wischprobenahme-sampibio\/","url":"https:\/\/sysmatec.ch\/de\/Produkt\/wischprobenahme-sampibio\/","name":"Wischprobenahme SAMPIBIO\u00ae - Sysmatec","isPartOf":{"@id":"https:\/\/sysmatec.ch\/de\/#website"},"primaryImageOfPage":{"@id":"https:\/\/sysmatec.ch\/de\/Produkt\/wischprobenahme-sampibio\/#primaryimage"},"image":{"@id":"https:\/\/sysmatec.ch\/de\/Produkt\/wischprobenahme-sampibio\/#primaryimage"},"thumbnailUrl":"https:\/\/sysmatec.ch\/wp-content\/uploads\/2025\/01\/Echantillon_WipeSampibio1.jpg","datePublished":"2025-01-04T10:48:42+00:00","dateModified":"2025-01-04T11:27:03+00:00","description":"Wischprobenl\u00f6sung f\u00fcr sterile, biozidfreie Oberfl\u00e4chenuntersuchungen, rei\u00dffest, auslaufsicher mit trockenen oder vorgefeuchteten T\u00fcchern","breadcrumb":{"@id":"https:\/\/sysmatec.ch\/de\/Produkt\/wischprobenahme-sampibio\/#breadcrumb"},"inLanguage":"de","potentialAction":[{"@type":"ReadAction","target":["https:\/\/sysmatec.ch\/de\/Produkt\/wischprobenahme-sampibio\/"]}]},{"@type":"ImageObject","inLanguage":"de","@id":"https:\/\/sysmatec.ch\/de\/Produkt\/wischprobenahme-sampibio\/#primaryimage","url":"https:\/\/sysmatec.ch\/wp-content\/uploads\/2025\/01\/Echantillon_WipeSampibio1.jpg","contentUrl":"https:\/\/sysmatec.ch\/wp-content\/uploads\/2025\/01\/Echantillon_WipeSampibio1.jpg","width":849,"height":665},{"@type":"BreadcrumbList","@id":"https:\/\/sysmatec.ch\/de\/Produkt\/wischprobenahme-sampibio\/#breadcrumb","itemListElement":[{"@type":"ListItem","position":1,"name":"Accueil","item":"https:\/\/sysmatec.ch\/de\/"},{"@type":"ListItem","position":2,"name":"Die Aktivit\u00e4t von Sysmatec","item":"https:\/\/sysmatec.ch\/de\/"},{"@type":"ListItem","position":3,"name":"Wischprobenahme SAMPIBIO\u00ae"}]},{"@type":"WebSite","@id":"https:\/\/sysmatec.ch\/de\/#website","url":"https:\/\/sysmatec.ch\/de\/","name":"Sysmatec","description":"Equipement de laboratoire et logiciels","publisher":{"@id":"https:\/\/sysmatec.ch\/de\/#organization"},"potentialAction":[{"@type":"SearchAction","target":{"@type":"EntryPoint","urlTemplate":"https:\/\/sysmatec.ch\/de\/?s={search_term_string}"},"query-input":{"@type":"PropertyValueSpecification","valueRequired":true,"valueName":"search_term_string"}}],"inLanguage":"de"},{"@type":"Organization","@id":"https:\/\/sysmatec.ch\/de\/#organization","name":"Sysmatec","url":"https:\/\/sysmatec.ch\/de\/","logo":{"@type":"ImageObject","inLanguage":"de","@id":"https:\/\/sysmatec.ch\/de\/#\/schema\/logo\/image\/","url":"https:\/\/sysmatec.ch\/wp-content\/uploads\/2018\/11\/LogoSysmatec.jpg","contentUrl":"https:\/\/sysmatec.ch\/wp-content\/uploads\/2018\/11\/LogoSysmatec.jpg","width":301,"height":297,"caption":"Sysmatec"},"image":{"@id":"https:\/\/sysmatec.ch\/de\/#\/schema\/logo\/image\/"}}]}},"_links":{"self":[{"href":"https:\/\/sysmatec.ch\/de\/wp-json\/wp\/v2\/product\/30255","targetHints":{"allow":["GET"]}}],"collection":[{"href":"https:\/\/sysmatec.ch\/de\/wp-json\/wp\/v2\/product"}],"about":[{"href":"https:\/\/sysmatec.ch\/de\/wp-json\/wp\/v2\/types\/product"}],"wp:featuredmedia":[{"embeddable":true,"href":"https:\/\/sysmatec.ch\/de\/wp-json\/wp\/v2\/media\/30259"}],"wp:attachment":[{"href":"https:\/\/sysmatec.ch\/de\/wp-json\/wp\/v2\/media?parent=30255"}],"wp:term":[{"taxonomy":"product_brand","embeddable":true,"href":"https:\/\/sysmatec.ch\/de\/wp-json\/wp\/v2\/product_brand?post=30255"},{"taxonomy":"product_cat","embeddable":true,"href":"https:\/\/sysmatec.ch\/de\/wp-json\/wp\/v2\/product_cat?post=30255"},{"taxonomy":"product_tag","embeddable":true,"href":"https:\/\/sysmatec.ch\/de\/wp-json\/wp\/v2\/product_tag?post=30255"}],"curies":[{"name":"wp","href":"https:\/\/api.w.org\/{rel}","templated":true}]}}