{"id":3024,"date":"2019-02-16T10:43:18","date_gmt":"2019-02-16T09:43:18","guid":{"rendered":"https:\/\/sysmatec.ch\/produit\/balance-plateforme-kern-eoc\/"},"modified":"2022-02-27T20:32:17","modified_gmt":"2022-02-27T19:32:17","slug":"plattformwaage-kern-eoc","status":"publish","type":"product","link":"https:\/\/sysmatec.ch\/de\/Produkt\/plattformwaage-kern-eoc\/","title":{"rendered":"Plattformwaage KERN EOC"},"content":{"rendered":"<ul>\n<li>Paketwaage mit praktischem Flip\/Flop-Auswerteger\u00e4t<\/li>\n<li>Hohe Mobilit\u00e4t: dank Akkubetrieb (optional), kompakter, flacher Bauweise und geringem Eigengewicht, die Waage ist geeignet zum Einsatz an mehreren Standorte<\/li>\n<li>Plattform: W\u00e4geplatte Edelstahl, Unterbau Stahl lackiert, silikonbeschichtete Aluminium-W\u00e4gezelle, Staub- und Spritzwasserschutz IP65<\/li>\n<li>Libelle und Fu\u00dfschrauben zum exakten Nivellieren der Waage serienm\u00e4\u00dfig, dadurch genaueste W\u00e4geergebnisse<\/li>\n<li>Prozentbestimmung: erm\u00f6glicht das Einw\u00e4gen auf einen vorgegebenen Wert (100 %) und das Feststellen von Abweichungen von diesem Sollwert<\/li>\n<li>W\u00e4gen mit Toleranzbereich (Checkweighing): ein optisches und akustisches Signal unterst\u00fctzt das Portionieren, Dosieren oder Sortieren<\/li>\n<li>Hold-Funktion: Bei unruhigen W\u00e4gebedingungen wird durch Mittelwertbildung ein stabiler W\u00e4gewert errechnet<\/li>\n<li>Tischfu\u00df inkl. Wandhalterung f\u00fcr das Auswerteger\u00e4t serienm\u00e4\u00dfig<\/li>\n<li>Wiegen statt Z\u00e4hlen! Die einfache Handhabung der Z\u00e4hlfunktion erm\u00f6glicht ein schnelles Erfassen von gro\u00dfen St\u00fcckzahlen kleiner Teile \u2013 das spart Zeit und Kosten!<\/li>\n<li>Praktisches Flip\/Flop-Auswerteger\u00e4t: vielseitig positionierbar z. B. freistehend oder an die Wand geschraubt (optional). Durch drehen der oberen Geh\u00e4useschale kann der Winkel des Displays sowie die Ausleitung der Kabel bestimmt werden (Factory Option im Werk gegen Aufpreis, siehe Zubeh\u00f6r)<\/li>\n<\/ul>\n<table border=\"1\" width=\"486\" cellspacing=\"0\" cellpadding=\"2\">\n<tbody>\n<tr>\n<td>Modell<\/td>\n<td width=\"10%\">Ablesbarkeit<\/td>\n<td width=\"10%\">W\u00e4gebereich<\/td>\n<td width=\"10%\">W\u00e4geplatte<\/td>\n<\/tr>\n<tr>\n<td><\/td>\n<td width=\"10%\">g<\/td>\n<td width=\"10%\">kg<\/td>\n<td width=\"10%\">mm<\/td>\n<\/tr>\n<tr>\n<td>EOC 6K-3<\/td>\n<td width=\"10%\">1\/2<\/td>\n<td width=\"10%\">3\/6<\/td>\n<td width=\"10%\">300&#215;300<\/td>\n<\/tr>\n<tr>\n<td>EOC 10K-3<\/td>\n<td width=\"10%\">2\/5<\/td>\n<td width=\"10%\">6\/12<\/td>\n<td width=\"10%\">300&#215;300<\/td>\n<\/tr>\n<tr>\n<td>EOC 30K-3<\/td>\n<td width=\"10%\">5\/10<\/td>\n<td width=\"10%\">15\/35<\/td>\n<td width=\"10%\">300&#215;300<\/td>\n<\/tr>\n<tr>\n<td>EOC 30K-3L<\/td>\n<td width=\"10%\">5\/10<\/td>\n<td width=\"10%\">15\/35<\/td>\n<td width=\"10%\">500&#215;400<\/td>\n<\/tr>\n<tr>\n<td>EOC 60K-2<\/td>\n<td width=\"10%\">10\/20<\/td>\n<td width=\"10%\">30\/60<\/td>\n<td width=\"10%\">500&#215;400<\/td>\n<\/tr>\n<tr>\n<td>EOC 60K-2L<\/td>\n<td width=\"10%\">10\/20<\/td>\n<td width=\"10%\">30\/60<\/td>\n<td width=\"10%\">500&#215;400<\/td>\n<\/tr>\n<tr>\n<td>EOC 100K-2<\/td>\n<td width=\"10%\">20\/50<\/td>\n<td width=\"10%\">60\/150<\/td>\n<td width=\"10%\">300&#215;300<\/td>\n<\/tr>\n<tr>\n<td>EOC 100K-2L<\/td>\n<td width=\"10%\">20\/50<\/td>\n<td width=\"10%\">60\/150<\/td>\n<td width=\"10%\">500&#215;400<\/td>\n<\/tr>\n<tr>\n<td>EOC 100K-2XL<\/td>\n<td width=\"10%\">20\/50<\/td>\n<td width=\"10%\">60\/150<\/td>\n<td width=\"10%\">600&#215;500<\/td>\n<\/tr>\n<tr>\n<td>EOC 100K-2XXL<\/td>\n<td width=\"10%\">20\/50<\/td>\n<td width=\"10%\">60\/150<\/td>\n<td width=\"10%\">950&#215;550<\/td>\n<\/tr>\n<tr>\n<td>EOC 300K-2<\/td>\n<td width=\"10%\">50\/100<\/td>\n<td width=\"10%\">150\/300<\/td>\n<td width=\"10%\">500&#215;400<\/td>\n<\/tr>\n<tr>\n<td>EOC 300K-2L<\/td>\n<td width=\"10%\">50\/100<\/td>\n<td width=\"10%\">150\/300<\/td>\n<td width=\"10%\">600&#215;500<\/td>\n<\/tr>\n<tr>\n<td>EOC 6K-4A<\/td>\n<td width=\"10%\">0.5<\/td>\n<td width=\"10%\">6<\/td>\n<td width=\"10%\">300&#215;300<\/td>\n<\/tr>\n<tr>\n<td>EOC 10K-3A<\/td>\n<td width=\"10%\">1<\/td>\n<td width=\"10%\">12<\/td>\n<td width=\"10%\">300&#215;300<\/td>\n<\/tr>\n<tr>\n<td>EOC 20K-3A<\/td>\n<td width=\"10%\">2<\/td>\n<td width=\"10%\">24<\/td>\n<td width=\"10%\">300&#215;300<\/td>\n<\/tr>\n<tr>\n<td>EOC 60K-3A<\/td>\n<td width=\"10%\">5<\/td>\n<td width=\"10%\">60<\/td>\n<td width=\"10%\">300&#215;300<\/td>\n<\/tr>\n<tr>\n<td>EOC 100K-2A<\/td>\n<td width=\"10%\">10<\/td>\n<td width=\"10%\">120<\/td>\n<td width=\"10%\">500&#215;400<\/td>\n<\/tr>\n<tr>\n<td>EOC 10K-4<\/td>\n<td width=\"10%\">0.2\/0.5<\/td>\n<td width=\"10%\">6\/15<\/td>\n<td width=\"10%\">300&#215;300<\/td>\n<\/tr>\n<tr>\n<td>EOC 30K-4<\/td>\n<td width=\"10%\">0.5\/1<\/td>\n<td width=\"10%\">15\/35<\/td>\n<td width=\"10%\">500&#215;400<\/td>\n<\/tr>\n<tr>\n<td>EOC 60K-3<\/td>\n<td width=\"10%\">1\/2<\/td>\n<td width=\"10%\">30\/60<\/td>\n<td width=\"10%\">300&#215;300<\/td>\n<\/tr>\n<tr>\n<td>EOC 60K-3L<\/td>\n<td width=\"10%\">1\/2<\/td>\n<td width=\"10%\">30\/60<\/td>\n<td width=\"10%\">500&#215;400<\/td>\n<\/tr>\n<tr>\n<td>EOC 100K-3<\/td>\n<td width=\"10%\">2\/5<\/td>\n<td width=\"10%\">60\/150<\/td>\n<td width=\"10%\">300&#215;300<\/td>\n<\/tr>\n<tr>\n<td>EOC 100K-3L<\/td>\n<td width=\"10%\">2\/5<\/td>\n<td width=\"10%\">60\/150<\/td>\n<td width=\"10%\">500&#215;400<\/td>\n<\/tr>\n<tr>\n<td>EOC 300K-3<\/td>\n<td width=\"10%\">5\/10<\/td>\n<td width=\"10%\">150\/300<\/td>\n<td width=\"10%\">500&#215;400<\/td>\n<\/tr>\n<\/tbody>\n<\/table>\n","protected":false},"excerpt":{"rendered":"<p>Plattformwaage 0-6 kg bis 0-300 kg<\/p>\n","protected":false},"featured_media":23293,"template":"","meta":{"_crdt_document":""},"product_brand":[],"product_cat":[165,339],"product_tag":[],"class_list":{"0":"post-3024","1":"product","2":"type-product","3":"status-publish","4":"has-post-thumbnail","6":"product_cat-gewicht","7":"product_cat-plattform","9":"first","10":"instock","11":"taxable","12":"shipping-taxable","13":"purchasable","14":"product-type-variable"},"yoast_head":"<!-- This site is optimized with the Yoast SEO plugin v27.3 - https:\/\/yoast.com\/product\/yoast-seo-wordpress\/ -->\n<title>Plattformwaage KERN EOC - Sysmatec<\/title>\n<meta name=\"description\" content=\"Plattformwaage mit unabh\u00e4ngigem Bildschirm. Das Wiegen reicht von 0-3 kg bis 0-300 kg. Viele Funktionen wie Wiegen, Z\u00e4hlen, Summieren.\" \/>\n<meta name=\"robots\" content=\"index, follow, max-snippet:-1, max-image-preview:large, max-video-preview:-1\" \/>\n<link rel=\"canonical\" href=\"https:\/\/sysmatec.ch\/de\/produit\/plattformwaage-kern-eoc\/\" \/>\n<meta property=\"og:locale\" content=\"de_DE\" \/>\n<meta property=\"og:type\" content=\"article\" \/>\n<meta property=\"og:title\" content=\"Plattformwaage KERN EOC - Sysmatec\" \/>\n<meta property=\"og:description\" content=\"Plattformwaage mit unabh\u00e4ngigem Bildschirm. Das Wiegen reicht von 0-3 kg bis 0-300 kg. Viele Funktionen wie Wiegen, Z\u00e4hlen, Summieren.\" \/>\n<meta property=\"og:url\" content=\"https:\/\/sysmatec.ch\/de\/produit\/plattformwaage-kern-eoc\/\" \/>\n<meta property=\"og:site_name\" content=\"Sysmatec\" \/>\n<meta property=\"article:modified_time\" content=\"2022-02-27T19:32:17+00:00\" \/>\n<meta property=\"og:image\" content=\"https:\/\/sysmatec.ch\/wp-content\/uploads\/2019\/02\/Balance_EOC-6K-3-scaled.jpg\" \/>\n\t<meta property=\"og:image:width\" content=\"2560\" \/>\n\t<meta property=\"og:image:height\" content=\"2061\" \/>\n\t<meta property=\"og:image:type\" content=\"image\/jpeg\" \/>\n<meta name=\"twitter:card\" content=\"summary_large_image\" \/>\n<meta name=\"twitter:label1\" content=\"Gesch\u00e4tzte Lesezeit\" \/>\n\t<meta name=\"twitter:data1\" content=\"2\u00a0Minuten\" \/>\n<script type=\"application\/ld+json\" class=\"yoast-schema-graph\">{\"@context\":\"https:\\\/\\\/schema.org\",\"@graph\":[{\"@type\":\"WebPage\",\"@id\":\"https:\\\/\\\/sysmatec.ch\\\/de\\\/produit\\\/plattformwaage-kern-eoc\\\/\",\"url\":\"https:\\\/\\\/sysmatec.ch\\\/de\\\/produit\\\/plattformwaage-kern-eoc\\\/\",\"name\":\"Plattformwaage KERN EOC - Sysmatec\",\"isPartOf\":{\"@id\":\"https:\\\/\\\/sysmatec.ch\\\/de\\\/#website\"},\"primaryImageOfPage\":{\"@id\":\"https:\\\/\\\/sysmatec.ch\\\/de\\\/produit\\\/plattformwaage-kern-eoc\\\/#primaryimage\"},\"image\":{\"@id\":\"https:\\\/\\\/sysmatec.ch\\\/de\\\/produit\\\/plattformwaage-kern-eoc\\\/#primaryimage\"},\"thumbnailUrl\":\"https:\\\/\\\/sysmatec.ch\\\/wp-content\\\/uploads\\\/2019\\\/02\\\/Balance_EOC-6K-3-scaled.jpg\",\"datePublished\":\"2019-02-16T09:43:18+00:00\",\"dateModified\":\"2022-02-27T19:32:17+00:00\",\"description\":\"Plattformwaage mit unabh\u00e4ngigem Bildschirm. Das Wiegen reicht von 0-3 kg bis 0-300 kg. Viele Funktionen wie Wiegen, Z\u00e4hlen, Summieren.\",\"breadcrumb\":{\"@id\":\"https:\\\/\\\/sysmatec.ch\\\/de\\\/produit\\\/plattformwaage-kern-eoc\\\/#breadcrumb\"},\"inLanguage\":\"de\",\"potentialAction\":[{\"@type\":\"ReadAction\",\"target\":[\"https:\\\/\\\/sysmatec.ch\\\/de\\\/produit\\\/plattformwaage-kern-eoc\\\/\"]}]},{\"@type\":\"ImageObject\",\"inLanguage\":\"de\",\"@id\":\"https:\\\/\\\/sysmatec.ch\\\/de\\\/produit\\\/plattformwaage-kern-eoc\\\/#primaryimage\",\"url\":\"https:\\\/\\\/sysmatec.ch\\\/wp-content\\\/uploads\\\/2019\\\/02\\\/Balance_EOC-6K-3-scaled.jpg\",\"contentUrl\":\"https:\\\/\\\/sysmatec.ch\\\/wp-content\\\/uploads\\\/2019\\\/02\\\/Balance_EOC-6K-3-scaled.jpg\",\"width\":2560,\"height\":2061},{\"@type\":\"BreadcrumbList\",\"@id\":\"https:\\\/\\\/sysmatec.ch\\\/de\\\/produit\\\/plattformwaage-kern-eoc\\\/#breadcrumb\",\"itemListElement\":[{\"@type\":\"ListItem\",\"position\":1,\"name\":\"Accueil\",\"item\":\"https:\\\/\\\/sysmatec.ch\\\/de\\\/\"},{\"@type\":\"ListItem\",\"position\":2,\"name\":\"Die Aktivit\u00e4t von Sysmatec\",\"item\":\"https:\\\/\\\/sysmatec.ch\\\/de\\\/\"},{\"@type\":\"ListItem\",\"position\":3,\"name\":\"Plattformwaage KERN EOC\"}]},{\"@type\":\"WebSite\",\"@id\":\"https:\\\/\\\/sysmatec.ch\\\/de\\\/#website\",\"url\":\"https:\\\/\\\/sysmatec.ch\\\/de\\\/\",\"name\":\"Sysmatec\",\"description\":\"Equipement de laboratoire et logiciels\",\"publisher\":{\"@id\":\"https:\\\/\\\/sysmatec.ch\\\/de\\\/#organization\"},\"potentialAction\":[{\"@type\":\"SearchAction\",\"target\":{\"@type\":\"EntryPoint\",\"urlTemplate\":\"https:\\\/\\\/sysmatec.ch\\\/de\\\/?s={search_term_string}\"},\"query-input\":{\"@type\":\"PropertyValueSpecification\",\"valueRequired\":true,\"valueName\":\"search_term_string\"}}],\"inLanguage\":\"de\"},{\"@type\":\"Organization\",\"@id\":\"https:\\\/\\\/sysmatec.ch\\\/de\\\/#organization\",\"name\":\"Sysmatec\",\"url\":\"https:\\\/\\\/sysmatec.ch\\\/de\\\/\",\"logo\":{\"@type\":\"ImageObject\",\"inLanguage\":\"de\",\"@id\":\"https:\\\/\\\/sysmatec.ch\\\/de\\\/#\\\/schema\\\/logo\\\/image\\\/\",\"url\":\"https:\\\/\\\/sysmatec.ch\\\/wp-content\\\/uploads\\\/2018\\\/11\\\/LogoSysmatec.jpg\",\"contentUrl\":\"https:\\\/\\\/sysmatec.ch\\\/wp-content\\\/uploads\\\/2018\\\/11\\\/LogoSysmatec.jpg\",\"width\":301,\"height\":297,\"caption\":\"Sysmatec\"},\"image\":{\"@id\":\"https:\\\/\\\/sysmatec.ch\\\/de\\\/#\\\/schema\\\/logo\\\/image\\\/\"}}]}<\/script>\n<!-- \/ Yoast SEO plugin. -->","yoast_head_json":{"title":"Plattformwaage KERN EOC - Sysmatec","description":"Plattformwaage mit unabh\u00e4ngigem Bildschirm. Das Wiegen reicht von 0-3 kg bis 0-300 kg. Viele Funktionen wie Wiegen, Z\u00e4hlen, Summieren.","robots":{"index":"index","follow":"follow","max-snippet":"max-snippet:-1","max-image-preview":"max-image-preview:large","max-video-preview":"max-video-preview:-1"},"canonical":"https:\/\/sysmatec.ch\/de\/produit\/plattformwaage-kern-eoc\/","og_locale":"de_DE","og_type":"article","og_title":"Plattformwaage KERN EOC - Sysmatec","og_description":"Plattformwaage mit unabh\u00e4ngigem Bildschirm. Das Wiegen reicht von 0-3 kg bis 0-300 kg. Viele Funktionen wie Wiegen, Z\u00e4hlen, Summieren.","og_url":"https:\/\/sysmatec.ch\/de\/produit\/plattformwaage-kern-eoc\/","og_site_name":"Sysmatec","article_modified_time":"2022-02-27T19:32:17+00:00","og_image":[{"width":2560,"height":2061,"url":"https:\/\/sysmatec.ch\/wp-content\/uploads\/2019\/02\/Balance_EOC-6K-3-scaled.jpg","type":"image\/jpeg"}],"twitter_card":"summary_large_image","twitter_misc":{"Gesch\u00e4tzte Lesezeit":"2\u00a0Minuten"},"schema":{"@context":"https:\/\/schema.org","@graph":[{"@type":"WebPage","@id":"https:\/\/sysmatec.ch\/de\/produit\/plattformwaage-kern-eoc\/","url":"https:\/\/sysmatec.ch\/de\/produit\/plattformwaage-kern-eoc\/","name":"Plattformwaage KERN EOC - Sysmatec","isPartOf":{"@id":"https:\/\/sysmatec.ch\/de\/#website"},"primaryImageOfPage":{"@id":"https:\/\/sysmatec.ch\/de\/produit\/plattformwaage-kern-eoc\/#primaryimage"},"image":{"@id":"https:\/\/sysmatec.ch\/de\/produit\/plattformwaage-kern-eoc\/#primaryimage"},"thumbnailUrl":"https:\/\/sysmatec.ch\/wp-content\/uploads\/2019\/02\/Balance_EOC-6K-3-scaled.jpg","datePublished":"2019-02-16T09:43:18+00:00","dateModified":"2022-02-27T19:32:17+00:00","description":"Plattformwaage mit unabh\u00e4ngigem Bildschirm. Das Wiegen reicht von 0-3 kg bis 0-300 kg. Viele Funktionen wie Wiegen, Z\u00e4hlen, Summieren.","breadcrumb":{"@id":"https:\/\/sysmatec.ch\/de\/produit\/plattformwaage-kern-eoc\/#breadcrumb"},"inLanguage":"de","potentialAction":[{"@type":"ReadAction","target":["https:\/\/sysmatec.ch\/de\/produit\/plattformwaage-kern-eoc\/"]}]},{"@type":"ImageObject","inLanguage":"de","@id":"https:\/\/sysmatec.ch\/de\/produit\/plattformwaage-kern-eoc\/#primaryimage","url":"https:\/\/sysmatec.ch\/wp-content\/uploads\/2019\/02\/Balance_EOC-6K-3-scaled.jpg","contentUrl":"https:\/\/sysmatec.ch\/wp-content\/uploads\/2019\/02\/Balance_EOC-6K-3-scaled.jpg","width":2560,"height":2061},{"@type":"BreadcrumbList","@id":"https:\/\/sysmatec.ch\/de\/produit\/plattformwaage-kern-eoc\/#breadcrumb","itemListElement":[{"@type":"ListItem","position":1,"name":"Accueil","item":"https:\/\/sysmatec.ch\/de\/"},{"@type":"ListItem","position":2,"name":"Die Aktivit\u00e4t von Sysmatec","item":"https:\/\/sysmatec.ch\/de\/"},{"@type":"ListItem","position":3,"name":"Plattformwaage KERN EOC"}]},{"@type":"WebSite","@id":"https:\/\/sysmatec.ch\/de\/#website","url":"https:\/\/sysmatec.ch\/de\/","name":"Sysmatec","description":"Equipement de laboratoire et logiciels","publisher":{"@id":"https:\/\/sysmatec.ch\/de\/#organization"},"potentialAction":[{"@type":"SearchAction","target":{"@type":"EntryPoint","urlTemplate":"https:\/\/sysmatec.ch\/de\/?s={search_term_string}"},"query-input":{"@type":"PropertyValueSpecification","valueRequired":true,"valueName":"search_term_string"}}],"inLanguage":"de"},{"@type":"Organization","@id":"https:\/\/sysmatec.ch\/de\/#organization","name":"Sysmatec","url":"https:\/\/sysmatec.ch\/de\/","logo":{"@type":"ImageObject","inLanguage":"de","@id":"https:\/\/sysmatec.ch\/de\/#\/schema\/logo\/image\/","url":"https:\/\/sysmatec.ch\/wp-content\/uploads\/2018\/11\/LogoSysmatec.jpg","contentUrl":"https:\/\/sysmatec.ch\/wp-content\/uploads\/2018\/11\/LogoSysmatec.jpg","width":301,"height":297,"caption":"Sysmatec"},"image":{"@id":"https:\/\/sysmatec.ch\/de\/#\/schema\/logo\/image\/"}}]}},"_links":{"self":[{"href":"https:\/\/sysmatec.ch\/de\/wp-json\/wp\/v2\/product\/3024","targetHints":{"allow":["GET"]}}],"collection":[{"href":"https:\/\/sysmatec.ch\/de\/wp-json\/wp\/v2\/product"}],"about":[{"href":"https:\/\/sysmatec.ch\/de\/wp-json\/wp\/v2\/types\/product"}],"wp:featuredmedia":[{"embeddable":true,"href":"https:\/\/sysmatec.ch\/de\/wp-json\/wp\/v2\/media\/23293"}],"wp:attachment":[{"href":"https:\/\/sysmatec.ch\/de\/wp-json\/wp\/v2\/media?parent=3024"}],"wp:term":[{"taxonomy":"product_brand","embeddable":true,"href":"https:\/\/sysmatec.ch\/de\/wp-json\/wp\/v2\/product_brand?post=3024"},{"taxonomy":"product_cat","embeddable":true,"href":"https:\/\/sysmatec.ch\/de\/wp-json\/wp\/v2\/product_cat?post=3024"},{"taxonomy":"product_tag","embeddable":true,"href":"https:\/\/sysmatec.ch\/de\/wp-json\/wp\/v2\/product_tag?post=3024"}],"curies":[{"name":"wp","href":"https:\/\/api.w.org\/{rel}","templated":true}]}}