{"id":30233,"date":"2025-01-03T21:40:04","date_gmt":"2025-01-03T20:40:04","guid":{"rendered":"https:\/\/sysmatec.ch\/?post_type=product&#038;p=30233"},"modified":"2025-01-04T11:36:31","modified_gmt":"2025-01-04T10:36:31","slug":"oberflaechenprobenentnahme-sampibio-stick-n-sponge","status":"publish","type":"product","link":"https:\/\/sysmatec.ch\/de\/Produkt\/oberflaechenprobenentnahme-sampibio-stick-n-sponge\/","title":{"rendered":"Oberfl\u00e4chenprobenentnahme SAMPIBIO\u00ae Stick n Sponge"},"content":{"rendered":"<p>Dieser innovative Ansatz zur Probenentnahme von Oberfl\u00e4chen wurde entwickelt, um den Anforderungen moderner Industrien gerecht zu werden und gleichzeitig Umweltvertr\u00e4glichkeit und Benutzerfreundlichkeit in den Vordergrund zu stellen.<\/p>\n<h2>Merkmale<\/h2>\n<p>Pr\u00e4zise Oberfl\u00e4chenprobenentnahme mit starrem Griff:- Navigieren Sie mit unserem flexiblen und dennoch robusten Griff m\u00fchelos durch schwer erreichbare Bereiche.- Die Daumenstopp-Unterst\u00fctzung verhindert Kontamination und Abrutschen und erm\u00f6glicht eine gr\u00fcndliche Oberfl\u00e4chenprobenentnahme.<\/p>\n<p>Ber\u00fchrungsloser Schwammfreigabemechanismus:- Erleben Sie eine problemlose Probenfreigabe mit unserem innovativen Stick.- Das Schnellfreigabesystem verhindert den direkten Handkontakt mit dem Schwamm und verringert so das Kontaminationsrisiko.- Verabschieden Sie sich von Plastik- und Klebstoffr\u00fcckst\u00e4nden in Ihren Proben und stellen Sie so die Reinheit w\u00e4hrend der Analyse sicher.<\/p>\n<p>Praktische Gebrauchsfertigkeit: W\u00e4hlen Sie zwischen biozidfreien Trockenoptionen oder vorgefeuchteten Kits f\u00fcr die sofortige Probenentnahme.- Heben Sie sich mit unserem auff\u00e4lligen, blau gef\u00e4rbten Langstabdesign ab, das sich perfekt f\u00fcr den Zugang zu schwierigen Oberfl\u00e4chen eignet.<\/p>\n<p>Branchen\u00fcbergreifende Vielseitigkeit:- Von L\u00fccken und Hohlr\u00e4umen bis hin zu Abfl\u00fcssen und Rohren ist der SAMPIBIO\u00ae Stick n Sponge Ihre L\u00f6sung f\u00fcr vielf\u00e4ltige Probenentnahmeanwendungen.- Erh\u00e4ltlich in trockenen oder vorgefeuchteten Formaten, komplett mit kalibrierten Verd\u00fcnnungsmitteln f\u00fcr reproduzierbare Ergebnisse.<\/p>\n<p>Sterile Verpackung f\u00fcr Integrit\u00e4t:- Jede SAMPIBIO\u00ae Stick n Sponge-L\u00f6sung ist in einem sterilen, auf Homogenisierung getesteten Beutel versiegelt, um maximale Probenintegrit\u00e4t zu gew\u00e4hrleisten.- Genie\u00dfen Sie den Komfort eines ausgewiesenen Bereichs zur Probenidentifizierung, der die R\u00fcckverfolgbarkeit gew\u00e4hrleistet.<\/p>\n<p>Ma\u00dfgeschneiderte Neutralisierungsl\u00f6sungen:- Passen Sie Ihre Probenentnahme mit einer Auswahl an Neutralisierungsl\u00f6sungen an Ihre Bed\u00fcrfnisse an.- Bewahren Sie mikrobielles Wachstum, ohne genaue Ergebnisse zu beeintr\u00e4chtigen.<\/p>\n<p>Verl\u00e4ngerte Haltbarkeit f\u00fcr ein beruhigendes Gef\u00fchl:- Mit einer Haltbarkeit von bis zu 12 Monaten f\u00fcr vorgefeuchtete Kits und 24 Monaten f\u00fcr trockene Kits k\u00f6nnen Sie auf die Langlebigkeit Ihrer SAMPIBIO\u00ae Stick n Sponge-Probenentnahmel\u00f6sung vertrauen.<\/p>\n<h2>Anwendung<\/h2>\n<ol>\n<li>\u00d6ffnen Sie den Beutel, indem Sie den abnehmbaren Teil entfernen.<\/li>\n<li>Entnehmen Sie die Probe, indem Sie den Schwamm kr\u00e4ftig \u00fcber den Zielbereich reiben, ohne den Stab unterhalb des Daumenstoppers zu ber\u00fchren.<\/li>\n<li>Ziehen Sie den Beutel von au\u00dfen nach unten, um den Stab freizugeben, ohne die Innenfl\u00e4che des Beutels zu ber\u00fchren.<\/li>\n<li>Stecken Sie den Stab wieder in den Beutel und ziehen Sie den Schwamm aus dem Stab heraus.<\/li>\n<li>Schlie\u00dfen Sie den Beutel und kennzeichnen Sie die Probe, indem Sie auf den wei\u00dfen Bereich des Beutels schreiben.<\/li>\n<\/ol>\n<h2>Oberfl\u00e4chenprobenahme Produktliste mit Zelluloseschwamm<\/h2>\n<table width=\"559\">\n<tbody>\n<tr>\n<td width=\"111\">Code<\/td>\n<td width=\"96\">Kulturmedien<\/td>\n<td width=\"80\">Handschuhe<\/td>\n<td width=\"112\">Bag Dimensionen<br \/>\nmm x mm<\/td>\n<td width=\"80\">Verpackung<\/td>\n<td width=\"80\">Haltbarkeit<\/td>\n<\/tr>\n<tr>\n<td>CSS-180300-BPW<\/td>\n<td>10 ml (BPW)<\/td>\n<td>nein<\/td>\n<td>180 x 300<\/td>\n<td>100 (5&#215;20)<\/td>\n<td>24 Monate<\/td>\n<\/tr>\n<tr>\n<td>CSS-180300-DE<\/td>\n<td>10 ml (DE)<\/td>\n<td>nein<\/td>\n<td>180 x 300<\/td>\n<td>100 (5&#215;20)<\/td>\n<td>15 Monate<\/td>\n<\/tr>\n<tr>\n<td>CSS-180300-LT<\/td>\n<td>10 ml (LT)<\/td>\n<td>nein<\/td>\n<td>180 x 300<\/td>\n<td>100 (5&#215;20)<\/td>\n<td>15 Monate<\/td>\n<\/tr>\n<tr>\n<td>CSS-180300-NB<\/td>\n<td>10 ml (NB)<\/td>\n<td>nein<\/td>\n<td>180 x 300<\/td>\n<td>100 (5&#215;20)<\/td>\n<td>24 Monate<\/td>\n<\/tr>\n<tr>\n<td>CSSG-180300-BPW<\/td>\n<td>10 ml (BPW)<\/td>\n<td>ja<\/td>\n<td>180 x 300<\/td>\n<td>100 (5&#215;20)<\/td>\n<td>24 Monate<\/td>\n<\/tr>\n<tr>\n<td>CSSG-180300-DE<\/td>\n<td>10 ml (DE)<\/td>\n<td>ja<\/td>\n<td>180 x 300<\/td>\n<td>100 (5&#215;20)<\/td>\n<td>15 Monate<\/td>\n<\/tr>\n<tr>\n<td>CSSG-180300-LT<\/td>\n<td>10 ml (LT)<\/td>\n<td>ja<\/td>\n<td>180 x 300<\/td>\n<td>100 (5&#215;20)<\/td>\n<td>15 Monate<\/td>\n<\/tr>\n<tr>\n<td>CSSG-180300-NB<\/td>\n<td>10 ml (NB)<\/td>\n<td>ja<\/td>\n<td>180 x 300<\/td>\n<td>100 (5&#215;20)<\/td>\n<td>24 Monate<\/td>\n<\/tr>\n<tr>\n<td>CSS-180300<\/td>\n<td>dry<\/td>\n<td>nein<\/td>\n<td>180 x 300<\/td>\n<td>100 (5&#215;20)<\/td>\n<td>60 Monate<\/td>\n<\/tr>\n<\/tbody>\n<\/table>\n<p>BPW: Gepuffertes Peptonwasser<\/p>\n<p>DE: D\/E Neutralisierend (neutralisiert eine breite Palette von Desinfektionsmitteln)<\/p>\n<p>LT: Letheen-Br\u00fche<\/p>\n<p>NB: Neutralisierungspuffer (dient als Konservierungspuffer f\u00fcr Mikroorganismen, verhindert deren Wachstum und erh\u00e4lt gleichzeitig ihre Lebensf\u00e4higkeit)<\/p>\n<h2>Oberfl\u00e4chenprobenahme Produktliste mit Polyurethanschwamm<\/h2>\n<table width=\"559\">\n<tbody>\n<tr>\n<td width=\"111\">Code<\/td>\n<td width=\"96\">Kulturmedien<\/td>\n<td width=\"80\">Handschuhe<\/td>\n<td width=\"112\">Bag Dimensionen<br \/>\nmm x mm<\/td>\n<td width=\"80\">Verpackung<\/td>\n<td width=\"80\">Haltbarkeit<\/td>\n<\/tr>\n<tr>\n<td>PSS-180300-BPW<\/td>\n<td>10 ml (BPW)<\/td>\n<td>no<\/td>\n<td>180 x 300<\/td>\n<td>100 (5&#215;20)<\/td>\n<td>24 Monate<\/td>\n<\/tr>\n<tr>\n<td>PSS-180300-DE<\/td>\n<td>10 ml (DE)<\/td>\n<td>no<\/td>\n<td>180 x 300<\/td>\n<td>100 (5&#215;20)<\/td>\n<td>15 Monate<\/td>\n<\/tr>\n<tr>\n<td>PSS-180300-LT<\/td>\n<td>10 ml (LT)<\/td>\n<td>no<\/td>\n<td>180 x 300<\/td>\n<td>100 (5&#215;20)<\/td>\n<td>15 Monate<\/td>\n<\/tr>\n<tr>\n<td>PSS-180300-NB<\/td>\n<td>10 ml (NB)<\/td>\n<td>no<\/td>\n<td>180 x 300<\/td>\n<td>100 (5&#215;20)<\/td>\n<td>24 Monate<\/td>\n<\/tr>\n<tr>\n<td>PSSG-180300-BPW<\/td>\n<td>10 ml (BPW)<\/td>\n<td>yes<\/td>\n<td>180 x 300<\/td>\n<td>100 (5&#215;20)<\/td>\n<td>24 Monate<\/td>\n<\/tr>\n<tr>\n<td>PSSG-180300-DE<\/td>\n<td>10 ml (DE)<\/td>\n<td>yes<\/td>\n<td>180 x 300<\/td>\n<td>100 (5&#215;20)<\/td>\n<td>15 Monate<\/td>\n<\/tr>\n<tr>\n<td>PSSG-180300-LT<\/td>\n<td>10 ml (LT)<\/td>\n<td>yes<\/td>\n<td>180 x 300<\/td>\n<td>100 (5&#215;20)<\/td>\n<td>15 Monate<\/td>\n<\/tr>\n<tr>\n<td>PSSG-180300-NB<\/td>\n<td>10 ml (NB)<\/td>\n<td>yes<\/td>\n<td>180 x 300<\/td>\n<td>100 (5&#215;20)<\/td>\n<td>24 Monate<\/td>\n<\/tr>\n<tr>\n<td>PSS-180300<\/td>\n<td>dry<\/td>\n<td>no<\/td>\n<td>180 x 300<\/td>\n<td>100 (5&#215;20)<\/td>\n<td>60 Monate<\/td>\n<\/tr>\n<\/tbody>\n<\/table>\n","protected":false},"excerpt":{"rendered":"<p>Oberfl\u00e4chenprobenentnahme mit starrem Griff, ber\u00fchrungsfreiem Schwamm<\/p>\n","protected":false},"featured_media":30237,"template":"","meta":{"_crdt_document":""},"product_brand":[],"product_cat":[134,279],"product_tag":[],"class_list":{"0":"post-30233","1":"product","2":"type-product","3":"status-publish","4":"has-post-thumbnail","6":"product_cat-probe","7":"product_cat-verbrauchsmaterial","9":"first","10":"instock","11":"taxable","12":"shipping-taxable","13":"product-type-simple"},"yoast_head":"<!-- This site is optimized with the Yoast SEO plugin v27.3 - https:\/\/yoast.com\/product\/yoast-seo-wordpress\/ -->\n<title>Oberfl\u00e4chenprobenentnahme SAMPIBIO\u00ae Stick n Sponge - Sysmatec<\/title>\n<meta name=\"description\" content=\"Oberfl\u00e4chenprobenentnahme mit starrem Griff, ber\u00fchrungsloser Schwammfreigabemechanismus. Erh\u00e4ltlich zur Neutralisierung einer breiten Palette von Desinfektionsmitteln.\" \/>\n<meta name=\"robots\" content=\"index, follow, max-snippet:-1, max-image-preview:large, max-video-preview:-1\" \/>\n<link rel=\"canonical\" href=\"https:\/\/sysmatec.ch\/de\/Produkt\/oberflaechenprobenentnahme-sampibio-stick-n-sponge\/\" \/>\n<meta property=\"og:locale\" content=\"de_DE\" \/>\n<meta property=\"og:type\" content=\"article\" \/>\n<meta property=\"og:title\" content=\"Oberfl\u00e4chenprobenentnahme SAMPIBIO\u00ae Stick n Sponge - Sysmatec\" \/>\n<meta property=\"og:description\" content=\"Oberfl\u00e4chenprobenentnahme mit starrem Griff, ber\u00fchrungsloser Schwammfreigabemechanismus. Erh\u00e4ltlich zur Neutralisierung einer breiten Palette von Desinfektionsmitteln.\" \/>\n<meta property=\"og:url\" content=\"https:\/\/sysmatec.ch\/de\/Produkt\/oberflaechenprobenentnahme-sampibio-stick-n-sponge\/\" \/>\n<meta property=\"og:site_name\" content=\"Sysmatec\" \/>\n<meta property=\"article:modified_time\" content=\"2025-01-04T10:36:31+00:00\" \/>\n<meta property=\"og:image\" content=\"https:\/\/sysmatec.ch\/wp-content\/uploads\/2025\/01\/EchantionnageSurface_SAMPIBIOSticknSponge.jpg\" \/>\n\t<meta property=\"og:image:width\" content=\"801\" \/>\n\t<meta property=\"og:image:height\" content=\"573\" \/>\n\t<meta property=\"og:image:type\" content=\"image\/jpeg\" \/>\n<meta name=\"twitter:card\" content=\"summary_large_image\" \/>\n<meta name=\"twitter:label1\" content=\"Gesch\u00e4tzte Lesezeit\" \/>\n\t<meta name=\"twitter:data1\" content=\"4\u00a0Minuten\" \/>\n<script type=\"application\/ld+json\" class=\"yoast-schema-graph\">{\"@context\":\"https:\\\/\\\/schema.org\",\"@graph\":[{\"@type\":\"WebPage\",\"@id\":\"https:\\\/\\\/sysmatec.ch\\\/de\\\/Produkt\\\/oberflaechenprobenentnahme-sampibio-stick-n-sponge\\\/\",\"url\":\"https:\\\/\\\/sysmatec.ch\\\/de\\\/Produkt\\\/oberflaechenprobenentnahme-sampibio-stick-n-sponge\\\/\",\"name\":\"Oberfl\u00e4chenprobenentnahme SAMPIBIO\u00ae Stick n Sponge - Sysmatec\",\"isPartOf\":{\"@id\":\"https:\\\/\\\/sysmatec.ch\\\/de\\\/#website\"},\"primaryImageOfPage\":{\"@id\":\"https:\\\/\\\/sysmatec.ch\\\/de\\\/Produkt\\\/oberflaechenprobenentnahme-sampibio-stick-n-sponge\\\/#primaryimage\"},\"image\":{\"@id\":\"https:\\\/\\\/sysmatec.ch\\\/de\\\/Produkt\\\/oberflaechenprobenentnahme-sampibio-stick-n-sponge\\\/#primaryimage\"},\"thumbnailUrl\":\"https:\\\/\\\/sysmatec.ch\\\/wp-content\\\/uploads\\\/2025\\\/01\\\/EchantionnageSurface_SAMPIBIOSticknSponge.jpg\",\"datePublished\":\"2025-01-03T20:40:04+00:00\",\"dateModified\":\"2025-01-04T10:36:31+00:00\",\"description\":\"Oberfl\u00e4chenprobenentnahme mit starrem Griff, ber\u00fchrungsloser Schwammfreigabemechanismus. Erh\u00e4ltlich zur Neutralisierung einer breiten Palette von Desinfektionsmitteln.\",\"breadcrumb\":{\"@id\":\"https:\\\/\\\/sysmatec.ch\\\/de\\\/Produkt\\\/oberflaechenprobenentnahme-sampibio-stick-n-sponge\\\/#breadcrumb\"},\"inLanguage\":\"de\",\"potentialAction\":[{\"@type\":\"ReadAction\",\"target\":[\"https:\\\/\\\/sysmatec.ch\\\/de\\\/Produkt\\\/oberflaechenprobenentnahme-sampibio-stick-n-sponge\\\/\"]}]},{\"@type\":\"ImageObject\",\"inLanguage\":\"de\",\"@id\":\"https:\\\/\\\/sysmatec.ch\\\/de\\\/Produkt\\\/oberflaechenprobenentnahme-sampibio-stick-n-sponge\\\/#primaryimage\",\"url\":\"https:\\\/\\\/sysmatec.ch\\\/wp-content\\\/uploads\\\/2025\\\/01\\\/EchantionnageSurface_SAMPIBIOSticknSponge.jpg\",\"contentUrl\":\"https:\\\/\\\/sysmatec.ch\\\/wp-content\\\/uploads\\\/2025\\\/01\\\/EchantionnageSurface_SAMPIBIOSticknSponge.jpg\",\"width\":801,\"height\":573},{\"@type\":\"BreadcrumbList\",\"@id\":\"https:\\\/\\\/sysmatec.ch\\\/de\\\/Produkt\\\/oberflaechenprobenentnahme-sampibio-stick-n-sponge\\\/#breadcrumb\",\"itemListElement\":[{\"@type\":\"ListItem\",\"position\":1,\"name\":\"Accueil\",\"item\":\"https:\\\/\\\/sysmatec.ch\\\/de\\\/\"},{\"@type\":\"ListItem\",\"position\":2,\"name\":\"Die Aktivit\u00e4t von Sysmatec\",\"item\":\"https:\\\/\\\/sysmatec.ch\\\/de\\\/\"},{\"@type\":\"ListItem\",\"position\":3,\"name\":\"Oberfl\u00e4chenprobenentnahme SAMPIBIO\u00ae Stick n Sponge\"}]},{\"@type\":\"WebSite\",\"@id\":\"https:\\\/\\\/sysmatec.ch\\\/de\\\/#website\",\"url\":\"https:\\\/\\\/sysmatec.ch\\\/de\\\/\",\"name\":\"Sysmatec\",\"description\":\"Equipement de laboratoire et logiciels\",\"publisher\":{\"@id\":\"https:\\\/\\\/sysmatec.ch\\\/de\\\/#organization\"},\"potentialAction\":[{\"@type\":\"SearchAction\",\"target\":{\"@type\":\"EntryPoint\",\"urlTemplate\":\"https:\\\/\\\/sysmatec.ch\\\/de\\\/?s={search_term_string}\"},\"query-input\":{\"@type\":\"PropertyValueSpecification\",\"valueRequired\":true,\"valueName\":\"search_term_string\"}}],\"inLanguage\":\"de\"},{\"@type\":\"Organization\",\"@id\":\"https:\\\/\\\/sysmatec.ch\\\/de\\\/#organization\",\"name\":\"Sysmatec\",\"url\":\"https:\\\/\\\/sysmatec.ch\\\/de\\\/\",\"logo\":{\"@type\":\"ImageObject\",\"inLanguage\":\"de\",\"@id\":\"https:\\\/\\\/sysmatec.ch\\\/de\\\/#\\\/schema\\\/logo\\\/image\\\/\",\"url\":\"https:\\\/\\\/sysmatec.ch\\\/wp-content\\\/uploads\\\/2018\\\/11\\\/LogoSysmatec.jpg\",\"contentUrl\":\"https:\\\/\\\/sysmatec.ch\\\/wp-content\\\/uploads\\\/2018\\\/11\\\/LogoSysmatec.jpg\",\"width\":301,\"height\":297,\"caption\":\"Sysmatec\"},\"image\":{\"@id\":\"https:\\\/\\\/sysmatec.ch\\\/de\\\/#\\\/schema\\\/logo\\\/image\\\/\"}}]}<\/script>\n<!-- \/ Yoast SEO plugin. -->","yoast_head_json":{"title":"Oberfl\u00e4chenprobenentnahme SAMPIBIO\u00ae Stick n Sponge - Sysmatec","description":"Oberfl\u00e4chenprobenentnahme mit starrem Griff, ber\u00fchrungsloser Schwammfreigabemechanismus. Erh\u00e4ltlich zur Neutralisierung einer breiten Palette von Desinfektionsmitteln.","robots":{"index":"index","follow":"follow","max-snippet":"max-snippet:-1","max-image-preview":"max-image-preview:large","max-video-preview":"max-video-preview:-1"},"canonical":"https:\/\/sysmatec.ch\/de\/Produkt\/oberflaechenprobenentnahme-sampibio-stick-n-sponge\/","og_locale":"de_DE","og_type":"article","og_title":"Oberfl\u00e4chenprobenentnahme SAMPIBIO\u00ae Stick n Sponge - Sysmatec","og_description":"Oberfl\u00e4chenprobenentnahme mit starrem Griff, ber\u00fchrungsloser Schwammfreigabemechanismus. Erh\u00e4ltlich zur Neutralisierung einer breiten Palette von Desinfektionsmitteln.","og_url":"https:\/\/sysmatec.ch\/de\/Produkt\/oberflaechenprobenentnahme-sampibio-stick-n-sponge\/","og_site_name":"Sysmatec","article_modified_time":"2025-01-04T10:36:31+00:00","og_image":[{"width":801,"height":573,"url":"https:\/\/sysmatec.ch\/wp-content\/uploads\/2025\/01\/EchantionnageSurface_SAMPIBIOSticknSponge.jpg","type":"image\/jpeg"}],"twitter_card":"summary_large_image","twitter_misc":{"Gesch\u00e4tzte Lesezeit":"4\u00a0Minuten"},"schema":{"@context":"https:\/\/schema.org","@graph":[{"@type":"WebPage","@id":"https:\/\/sysmatec.ch\/de\/Produkt\/oberflaechenprobenentnahme-sampibio-stick-n-sponge\/","url":"https:\/\/sysmatec.ch\/de\/Produkt\/oberflaechenprobenentnahme-sampibio-stick-n-sponge\/","name":"Oberfl\u00e4chenprobenentnahme SAMPIBIO\u00ae Stick n Sponge - Sysmatec","isPartOf":{"@id":"https:\/\/sysmatec.ch\/de\/#website"},"primaryImageOfPage":{"@id":"https:\/\/sysmatec.ch\/de\/Produkt\/oberflaechenprobenentnahme-sampibio-stick-n-sponge\/#primaryimage"},"image":{"@id":"https:\/\/sysmatec.ch\/de\/Produkt\/oberflaechenprobenentnahme-sampibio-stick-n-sponge\/#primaryimage"},"thumbnailUrl":"https:\/\/sysmatec.ch\/wp-content\/uploads\/2025\/01\/EchantionnageSurface_SAMPIBIOSticknSponge.jpg","datePublished":"2025-01-03T20:40:04+00:00","dateModified":"2025-01-04T10:36:31+00:00","description":"Oberfl\u00e4chenprobenentnahme mit starrem Griff, ber\u00fchrungsloser Schwammfreigabemechanismus. Erh\u00e4ltlich zur Neutralisierung einer breiten Palette von Desinfektionsmitteln.","breadcrumb":{"@id":"https:\/\/sysmatec.ch\/de\/Produkt\/oberflaechenprobenentnahme-sampibio-stick-n-sponge\/#breadcrumb"},"inLanguage":"de","potentialAction":[{"@type":"ReadAction","target":["https:\/\/sysmatec.ch\/de\/Produkt\/oberflaechenprobenentnahme-sampibio-stick-n-sponge\/"]}]},{"@type":"ImageObject","inLanguage":"de","@id":"https:\/\/sysmatec.ch\/de\/Produkt\/oberflaechenprobenentnahme-sampibio-stick-n-sponge\/#primaryimage","url":"https:\/\/sysmatec.ch\/wp-content\/uploads\/2025\/01\/EchantionnageSurface_SAMPIBIOSticknSponge.jpg","contentUrl":"https:\/\/sysmatec.ch\/wp-content\/uploads\/2025\/01\/EchantionnageSurface_SAMPIBIOSticknSponge.jpg","width":801,"height":573},{"@type":"BreadcrumbList","@id":"https:\/\/sysmatec.ch\/de\/Produkt\/oberflaechenprobenentnahme-sampibio-stick-n-sponge\/#breadcrumb","itemListElement":[{"@type":"ListItem","position":1,"name":"Accueil","item":"https:\/\/sysmatec.ch\/de\/"},{"@type":"ListItem","position":2,"name":"Die Aktivit\u00e4t von Sysmatec","item":"https:\/\/sysmatec.ch\/de\/"},{"@type":"ListItem","position":3,"name":"Oberfl\u00e4chenprobenentnahme SAMPIBIO\u00ae Stick n Sponge"}]},{"@type":"WebSite","@id":"https:\/\/sysmatec.ch\/de\/#website","url":"https:\/\/sysmatec.ch\/de\/","name":"Sysmatec","description":"Equipement de laboratoire et logiciels","publisher":{"@id":"https:\/\/sysmatec.ch\/de\/#organization"},"potentialAction":[{"@type":"SearchAction","target":{"@type":"EntryPoint","urlTemplate":"https:\/\/sysmatec.ch\/de\/?s={search_term_string}"},"query-input":{"@type":"PropertyValueSpecification","valueRequired":true,"valueName":"search_term_string"}}],"inLanguage":"de"},{"@type":"Organization","@id":"https:\/\/sysmatec.ch\/de\/#organization","name":"Sysmatec","url":"https:\/\/sysmatec.ch\/de\/","logo":{"@type":"ImageObject","inLanguage":"de","@id":"https:\/\/sysmatec.ch\/de\/#\/schema\/logo\/image\/","url":"https:\/\/sysmatec.ch\/wp-content\/uploads\/2018\/11\/LogoSysmatec.jpg","contentUrl":"https:\/\/sysmatec.ch\/wp-content\/uploads\/2018\/11\/LogoSysmatec.jpg","width":301,"height":297,"caption":"Sysmatec"},"image":{"@id":"https:\/\/sysmatec.ch\/de\/#\/schema\/logo\/image\/"}}]}},"_links":{"self":[{"href":"https:\/\/sysmatec.ch\/de\/wp-json\/wp\/v2\/product\/30233","targetHints":{"allow":["GET"]}}],"collection":[{"href":"https:\/\/sysmatec.ch\/de\/wp-json\/wp\/v2\/product"}],"about":[{"href":"https:\/\/sysmatec.ch\/de\/wp-json\/wp\/v2\/types\/product"}],"wp:featuredmedia":[{"embeddable":true,"href":"https:\/\/sysmatec.ch\/de\/wp-json\/wp\/v2\/media\/30237"}],"wp:attachment":[{"href":"https:\/\/sysmatec.ch\/de\/wp-json\/wp\/v2\/media?parent=30233"}],"wp:term":[{"taxonomy":"product_brand","embeddable":true,"href":"https:\/\/sysmatec.ch\/de\/wp-json\/wp\/v2\/product_brand?post=30233"},{"taxonomy":"product_cat","embeddable":true,"href":"https:\/\/sysmatec.ch\/de\/wp-json\/wp\/v2\/product_cat?post=30233"},{"taxonomy":"product_tag","embeddable":true,"href":"https:\/\/sysmatec.ch\/de\/wp-json\/wp\/v2\/product_tag?post=30233"}],"curies":[{"name":"wp","href":"https:\/\/api.w.org\/{rel}","templated":true}]}}