{"id":30220,"date":"2025-01-03T17:38:07","date_gmt":"2025-01-03T16:38:07","guid":{"rendered":"https:\/\/sysmatec.ch\/?post_type=product&#038;p=30220"},"modified":"2025-01-03T19:19:09","modified_gmt":"2025-01-03T18:19:09","slug":"steriler-probenbeutel-sampibio","status":"publish","type":"product","link":"https:\/\/sysmatec.ch\/de\/Produkt\/steriler-probenbeutel-sampibio\/","title":{"rendered":"Steriler Probenbeutel Sampibio"},"content":{"rendered":"<p>Die Probenbeutel sind vorsterilisiert und bewahren die Probenintegrit\u00e4t f\u00fcr pr\u00e4zise Ergebnisse.<\/p>\n<h2>Merkmale<\/h2>\n<ul>\n<li>Vielseitige Probenentnahmem\u00f6glichkeiten: Geeignet f\u00fcr eine Vielzahl fester, halbfester und fl\u00fcssiger Proben.<\/li>\n<li>Benutzerfreundlichkeit: Breite Beutel\u00f6ffnungen gew\u00e4hrleisten eine nahtlose und effiziente Probeneinf\u00fchrung.<\/li>\n<li>Anpassbare Optionen: Erh\u00e4ltlich in verschiedenen Gr\u00f6\u00dfen und Verschl\u00fcssen, die auf Ihre Probenentnahmeanforderungen zugeschnitten sind.<\/li>\n<li>Homogenisatorkompatibilit\u00e4t: L\u00e4sst sich problemlos mit Homogenisatoren integrieren, um Arbeitsabl\u00e4ufe zu optimieren.<\/li>\n<li>Reinheitsgarantie: RNase-, DNase- und Pyrogenfrei f\u00fcr h\u00f6chste Probenreinheit.<\/li>\n<li>Sterilit\u00e4tsr\u00fcckverfolgbarkeit: Jeder SAMPIBIO\u00ae-Beutel enth\u00e4lt Sterilit\u00e4tszertifikate mit Chargen- und Chargennummern.<\/li>\n<li>Sicherheitsverschlusssystem: Verf\u00fcgt \u00fcber Verschlusslaschen, die scharfe Spitzen vermeiden und so die Sicherheit des Benutzers und die Unversehrtheit der Handschuhe gew\u00e4hrleisten. Sicherer Verschluss durch dreimaliges Drehen oder Falten des Beutels.<\/li>\n<\/ul>\n<h2>Besonderheiten f\u00fcr Standbeutel<\/h2>\n<ul>\n<li>Diese sterilen Standbeutel bieten die Funktionalit\u00e4t von Flaschen, sind jedoch kosteng\u00fcnstiger. Die Beutel sind sterilisiert, unzerbrechlich und reduzieren die Transport- und Lagerkosten erheblich. Sie ben\u00f6tigen nur einen Bruchteil des Platzes, den herk\u00f6mmliche doppelseitige Beh\u00e4lter wie Flaschen ben\u00f6tigen.<\/li>\n<li>Leicht und tragbar: Optimieren Sie die Probenentnahmeeffizienz durch einfache Tragbarkeit und Handhabung.<\/li>\n<li>Vielseitige Verwendung: Behandeln Sie m\u00fchelos eine Vielzahl von Probentypen.<\/li>\n<li>Selbsttragendes Design: Beseitigen Sie den Bedarf an zus\u00e4tzlichen St\u00e4ndern und optimieren Sie so die Effizienz des Arbeitsplatzes.<\/li>\n<li>Thermische Belastbarkeit: Widerstehen verschiedenen Inkubationstemperaturen f\u00fcr verschiedene Anwendungen.<\/li>\n<li>Standbeutel rationalisieren die Probenhandhabung, sodass Benutzer wichtige Laboraufgaben freih\u00e4ndig durchf\u00fchren k\u00f6nnen. Wenn eine Probe hineingelegt wird, entfaltet sich der Boden des Beutels, sodass er aufrecht stehen kann.<\/li>\n<li>Effektive Sterilisation: Gew\u00e4hrleistet die Sterilit\u00e4t und Zuverl\u00e4ssigkeit der Probe f\u00fcr maximale Wirksamkeit und Sicherheit.<\/li>\n<\/ul>\n<h2>Specific features for Water Sampling Bags with active sodium thiosulfate<\/h2>\n<ul>\n<li>Das Wasserprobenentnahmeset vereinfacht die aseptische Entnahme, den Transport und die Analyse von Wasserproben. Jeder sterile Standbeutel enth\u00e4lt eine ungiftige, nicht nahrhafte Tablette mit aktivem Natriumthiosulfat zur Neutralisierung des Chlors bei der Entnahme. Es wurde speziell f\u00fcr die Entnahme von chloriertem Wasser in Gemeinden, Schwimmb\u00e4dern, Abwasser und anderen Orten entwickelt und erm\u00f6glicht die Erkennung potenzieller Krankheitserreger, w\u00e4hrend gleichzeitig die Zeit des Technikers, die Betriebskosten, der Lagerraum und die Entsorgungskosten durch den Ersatz alternativer Probenbeh\u00e4lter optimiert werden.<\/li>\n<li>Von der FDA zugelassenes reines Polyethylen: Gew\u00e4hrleistet Materialsicherheit und Einhaltung gesetzlicher Vorschriften.<\/li>\n<li>Genaue Volumenmessung: Abgestufte Volumenlinien erm\u00f6glichen ein pr\u00e4zises Probenvolumen<\/li>\n<li>Effizienter Probentransport bei kontrollierten Temperaturen<\/li>\n<li>Sterilisation: Erh\u00e4lt die Probenintegrit\u00e4t und minimiert das Kontaminationsrisiko.<\/li>\n<li>Anleitung:<br \/>\n1. Beginnen Sie mit der Probenentnahme: Suchen Sie die Perforation oben am Beutel und rei\u00dfen Sie sie auf.<\/li>\n<li>2. Einfaches \u00d6ffnen: Verwenden Sie Aufrei\u00dflaschen zum m\u00fchelosen \u00d6ffnen des Beutels.<\/li>\n<li>3. Aseptisches Einf\u00fchren der Probe: Wenden Sie aseptische Techniken an, um Ihre Probe in den Beutel zu geben.<\/li>\n<li>4. Sicherer Verschluss: Fassen Sie die Drahtenden fest an und wickeln Sie sie auf die gegen\u00fcberliegenden Seiten des Beutels.<\/li>\n<li>5. Zuverl\u00e4ssige Versiegelung: Wickeln Sie den Beutel f\u00fcr einen sicheren Verschluss mehrmals um die Dr\u00e4hte.<\/li>\n<li>6. Auslaufsicher: Falten Sie beide Drahtenden auf den Beutel, um einen luftdichten, auslaufsicheren Verschluss zu erzeugen.<\/li>\n<\/ul>\n<h2>Produktpalette\u00a0 Sterile, durchsichtige Probenbeutel<\/h2>\n<div class=\"table-responsive\">\n<table width=\"561\">\n<tbody>\n<tr>\n<td width=\"80\">Code<\/td>\n<td width=\"111\">Kabeltyp<\/td>\n<td width=\"116\">Dicke (Mikron)<\/td>\n<td width=\"80\">Gr\u00f6\u00dfe(mm)<\/td>\n<td width=\"94\">Volum (ml)<\/td>\n<td width=\"80\">Verpackung<\/td>\n<\/tr>\n<tr>\n<td>TRA-076127<\/td>\n<td>Rund<\/td>\n<td>70<\/td>\n<td>76 x 127<\/td>\n<td>60<\/td>\n<td>1000 (2&#215;500)<\/td>\n<\/tr>\n<tr>\n<td>TRA-076178<\/td>\n<td>Rund<\/td>\n<td>70<\/td>\n<td>76 x 178<\/td>\n<td>120<\/td>\n<td>1000 (2&#215;500)<\/td>\n<\/tr>\n<tr>\n<td>TRA-114229<\/td>\n<td>Rund<\/td>\n<td>70<\/td>\n<td>114 x 229<\/td>\n<td>530<\/td>\n<td>1000 (2&#215;500)<\/td>\n<\/tr>\n<tr>\n<td>TXA-114229<\/td>\n<td>1 Flach &amp; 1 Rund<\/td>\n<td>70<\/td>\n<td>114 x 229<\/td>\n<td>530<\/td>\n<td>1000 (2&#215;500)<\/td>\n<\/tr>\n<tr>\n<td>TRC-140229<\/td>\n<td>Rund<\/td>\n<td>90<\/td>\n<td>140 x 229<\/td>\n<td>700<\/td>\n<td>1000 (2&#215;500)<\/td>\n<\/tr>\n<tr>\n<td>TXC-140229<\/td>\n<td>1 Flach &amp; 1 Rund<\/td>\n<td>90<\/td>\n<td>140 x 229<\/td>\n<td>700<\/td>\n<td>1000 (2&#215;500)<\/td>\n<\/tr>\n<tr>\n<td>TRA-114304<\/td>\n<td>Rund<\/td>\n<td>70<\/td>\n<td>114 x 304<\/td>\n<td>800<\/td>\n<td>1000 (2&#215;500)<\/td>\n<\/tr>\n<tr>\n<td>TRA-114381<\/td>\n<td>Rund<\/td>\n<td>70<\/td>\n<td>114 x 381<\/td>\n<td>1000<\/td>\n<td>1000 (2&#215;500)<\/td>\n<\/tr>\n<tr>\n<td>TRC-140381<\/td>\n<td>Rund<\/td>\n<td>90<\/td>\n<td>140 x 381<\/td>\n<td>1200<\/td>\n<td>1000 (2&#215;500)<\/td>\n<\/tr>\n<tr>\n<td>TXC-140381<\/td>\n<td>1 Flach &amp; 1 Rund<\/td>\n<td>90<\/td>\n<td>140 x 381<\/td>\n<td>1200<\/td>\n<td>1000 (2&#215;500)<\/td>\n<\/tr>\n<tr>\n<td>TRD-180300<\/td>\n<td>Rund<\/td>\n<td>100<\/td>\n<td>180 x 300<\/td>\n<td>1650<\/td>\n<td>1000 (4&#215;250)<\/td>\n<\/tr>\n<tr>\n<td>TXD-180300<\/td>\n<td>1 Flach &amp; 1 Rund<\/td>\n<td>100<\/td>\n<td>180 x 300<\/td>\n<td>1650<\/td>\n<td>1000 (4&#215;250)<\/td>\n<\/tr>\n<tr>\n<td>TXD-254254<\/td>\n<td>1 Flach &amp; 1 Round<\/td>\n<td>100<\/td>\n<td>254 x 254<\/td>\n<td>1800<\/td>\n<td>1000 (4&#215;250)<\/td>\n<\/tr>\n<tr>\n<td>TXD-254356<\/td>\n<td>1 Flach &amp; 1 Rund<\/td>\n<td>100<\/td>\n<td>254 x 356<\/td>\n<td>3000<\/td>\n<td>1000 (4&#215;250)<\/td>\n<\/tr>\n<tr>\n<td>TFD-300356<\/td>\n<td>Flach<\/td>\n<td>100<\/td>\n<td>300 x 356<\/td>\n<td>3134<\/td>\n<td>250<\/td>\n<\/tr>\n<tr>\n<td>TFD-305406<\/td>\n<td>Flach<\/td>\n<td>100<\/td>\n<td>305 x 406<\/td>\n<td>3490<\/td>\n<td>250<\/td>\n<\/tr>\n<tr>\n<td>TFD-305457<\/td>\n<td>Flach<\/td>\n<td>100<\/td>\n<td>305 x 457<\/td>\n<td>3900<\/td>\n<td>250<\/td>\n<\/tr>\n<tr>\n<td>TFD-305508<\/td>\n<td>Flach<\/td>\n<td>100<\/td>\n<td>305 x 508<\/td>\n<td>4376<\/td>\n<td>250<\/td>\n<\/tr>\n<tr>\n<td>TFD-381508<\/td>\n<td>Flach<\/td>\n<td>100<\/td>\n<td>381 x\u00a0 508<\/td>\n<td>5440<\/td>\n<td>100<\/td>\n<\/tr>\n<tr>\n<td>TFD-381610<\/td>\n<td>Flach<\/td>\n<td>100<\/td>\n<td>381 x 610<\/td>\n<td>6505<\/td>\n<td>100<\/td>\n<\/tr>\n<\/tbody>\n<\/table>\n<h2>Produktpalette Sterile bedruckte Probenbeutel<\/h2>\n<table width=\"561\">\n<tbody>\n<tr>\n<td width=\"80\">Code<\/td>\n<td width=\"111\">Kabeltyp<\/td>\n<td width=\"116\">Dicke (Mikron)<\/td>\n<td width=\"80\">Gr\u00f6sse (mm)<\/td>\n<td width=\"94\">Volum (ml)<\/td>\n<td width=\"80\">Verpackung<\/td>\n<\/tr>\n<tr>\n<td>PRA-076127<\/td>\n<td>Rund<\/td>\n<td>70<\/td>\n<td>76 x 127<\/td>\n<td>60<\/td>\n<td>1000 (2&#215;500)<\/td>\n<\/tr>\n<tr>\n<td>PRA-076178<\/td>\n<td>Rund<\/td>\n<td>70<\/td>\n<td>76 x 178<\/td>\n<td>120<\/td>\n<td>1000 (2&#215;500)<\/td>\n<\/tr>\n<tr>\n<td>PRA-114229<\/td>\n<td>Rund<\/td>\n<td>70<\/td>\n<td>114 x 229<\/td>\n<td>530<\/td>\n<td>1000 (2&#215;500)<\/td>\n<\/tr>\n<tr>\n<td>PXA-114229<\/td>\n<td>1 Flach &amp; 1 Rund<\/td>\n<td>70<\/td>\n<td>114 x 229<\/td>\n<td>530<\/td>\n<td>1000 (2&#215;500)<\/td>\n<\/tr>\n<tr>\n<td>PRC-140229<\/td>\n<td>Rund<\/td>\n<td>90<\/td>\n<td>140 x 229<\/td>\n<td>700<\/td>\n<td>1000 (2&#215;500)<\/td>\n<\/tr>\n<tr>\n<td>PXC-140229<\/td>\n<td>1 Flach &amp; 1 Rund<\/td>\n<td>90<\/td>\n<td>140 x 229<\/td>\n<td>700<\/td>\n<td>1000 (2&#215;500)<\/td>\n<\/tr>\n<tr>\n<td>PRA-114304<\/td>\n<td>Rund<\/td>\n<td>70<\/td>\n<td>114 x 304<\/td>\n<td>800<\/td>\n<td>1000 (2&#215;500)<\/td>\n<\/tr>\n<tr>\n<td>PRA-114381<\/td>\n<td>Rund<\/td>\n<td>70<\/td>\n<td>114 x 381<\/td>\n<td>1000<\/td>\n<td>1000 (2&#215;500)<\/td>\n<\/tr>\n<tr>\n<td>PRC-140381<\/td>\n<td>Rund<\/td>\n<td>90<\/td>\n<td>140 x 381<\/td>\n<td>1200<\/td>\n<td>1000 (2&#215;500)<\/td>\n<\/tr>\n<tr>\n<td>PXC-140381<\/td>\n<td>1 Flach &amp; 1 Rund<\/td>\n<td>90<\/td>\n<td>140 x 381<\/td>\n<td>1200<\/td>\n<td>1000 (2&#215;500)<\/td>\n<\/tr>\n<tr>\n<td>PRD-180300<\/td>\n<td>Rund<\/td>\n<td>100<\/td>\n<td>180 x 300<\/td>\n<td>1650<\/td>\n<td>1000 (4&#215;250)<\/td>\n<\/tr>\n<tr>\n<td>PXD-180300<\/td>\n<td>1 Flach &amp; 1 Rund<\/td>\n<td>100<\/td>\n<td>180 x 300<\/td>\n<td>1650<\/td>\n<td>1000 (4&#215;250)<\/td>\n<\/tr>\n<tr>\n<td>PXD-254254<\/td>\n<td>1 Flach &amp; 1 Rund<\/td>\n<td>100<\/td>\n<td>254 x 254<\/td>\n<td>1800<\/td>\n<td>1000 (4&#215;250)<\/td>\n<\/tr>\n<tr>\n<td>PXD-254356<\/td>\n<td>1 Flach &amp; 1 Rund<\/td>\n<td>100<\/td>\n<td>254 x 356<\/td>\n<td>3000<\/td>\n<td>1000 (4&#215;250)<\/td>\n<\/tr>\n<\/tbody>\n<\/table>\n<h2>Produktpalette\u00a0 Sterile, durchsichtige Standup-Probenbeutel<\/h2>\n<table width=\"580\">\n<tbody>\n<tr>\n<td width=\"99\">Code<\/td>\n<td width=\"111\">Kabeltyp<\/td>\n<td width=\"116\">Dicke (Mikron)<\/td>\n<td width=\"80\">Gr\u00f6sse (mm)<\/td>\n<td width=\"94\">Volum (ml)<\/td>\n<td width=\"80\">Verpackung<\/td>\n<\/tr>\n<tr>\n<td>TRA-075185-UP<\/td>\n<td>Rund<\/td>\n<td>70<\/td>\n<td>\u00a0185 x 75<\/td>\n<td>120<\/td>\n<td>1000 (2&#215;500)<\/td>\n<\/tr>\n<tr>\n<td>TRA-115230-UP<\/td>\n<td>Rund<\/td>\n<td>70<\/td>\n<td>230 x 115<\/td>\n<td>530<\/td>\n<td>1000 (2&#215;500)<\/td>\n<\/tr>\n<tr>\n<td>TRC-150230-UP<\/td>\n<td>Rund<\/td>\n<td>90<\/td>\n<td>230 x 115<\/td>\n<td>700<\/td>\n<td>1000 (2&#215;500)<\/td>\n<\/tr>\n<tr>\n<td>TRC-125305-UP<\/td>\n<td>Rund<\/td>\n<td>90<\/td>\n<td>305 x 125<\/td>\n<td>800<\/td>\n<td>1000 (4&#215;250)<\/td>\n<\/tr>\n<tr>\n<td>TRD-125380-UP<\/td>\n<td>Rund<\/td>\n<td>100<\/td>\n<td>380 x 125<\/td>\n<td>1000<\/td>\n<td>1000 (4&#215;250)<\/td>\n<\/tr>\n<tr>\n<td>TRD-150380-UP<\/td>\n<td>Rund<\/td>\n<td>100<\/td>\n<td>380 x 150<\/td>\n<td>1200<\/td>\n<td>1000 (4&#215;250)<\/td>\n<\/tr>\n<tr>\n<td>TRD-190380-UP<\/td>\n<td>Rund<\/td>\n<td>100<\/td>\n<td>380 x190<\/td>\n<td>2000<\/td>\n<td>1000 (4&#215;250)<\/td>\n<\/tr>\n<\/tbody>\n<\/table>\n<h2>Produktpalette Sterile Wasserprobenbeutel mit Natriumthiosulfat-Tabletten<\/h2>\n<table width=\"580\">\n<tbody>\n<tr>\n<td width=\"99\">Code<\/td>\n<td width=\"111\">Kabeltyp<\/td>\n<td width=\"116\">Dicke (Mikron)<\/td>\n<td width=\"80\">Gr\u00f6sse (mm)<\/td>\n<td width=\"94\">Volum (ml)<\/td>\n<td width=\"80\">Verpackung<\/td>\n<\/tr>\n<tr>\n<td>PRA-076178-TH<\/td>\n<td>Rund<\/td>\n<td>70<\/td>\n<td>76 x 178<\/td>\n<td>120<\/td>\n<td>100<\/td>\n<\/tr>\n<tr>\n<td>PRA-114229-TH<\/td>\n<td>Rund<\/td>\n<td>70<\/td>\n<td>114 x 229<\/td>\n<td>530<\/td>\n<td>100<\/td>\n<\/tr>\n<tr>\n<td>PXC-140229-TH<\/td>\n<td>1 Flach &amp; 1 Rund<\/td>\n<td>90<\/td>\n<td>140 x 229<\/td>\n<td>700<\/td>\n<td>100<\/td>\n<\/tr>\n<tr>\n<td>PXD-180300-TH<\/td>\n<td>1 Flach &amp; 1 Rund<\/td>\n<td>100<\/td>\n<td>180 x 300<\/td>\n<td>1650<\/td>\n<td>100<\/td>\n<\/tr>\n<\/tbody>\n<\/table>\n<\/div>\n","protected":false},"excerpt":{"rendered":"<p>Steriler Probenbeutel<\/p>\n","protected":false},"featured_media":30225,"template":"","meta":{"_crdt_document":""},"product_brand":[],"product_cat":[134,279],"product_tag":[],"class_list":{"0":"post-30220","1":"product","2":"type-product","3":"status-publish","4":"has-post-thumbnail","6":"product_cat-probe","7":"product_cat-verbrauchsmaterial","9":"first","10":"instock","11":"taxable","12":"shipping-taxable","13":"product-type-simple"},"yoast_head":"<!-- This site is optimized with the Yoast SEO plugin v27.4 - https:\/\/yoast.com\/product\/yoast-seo-wordpress\/ -->\n<title>Steriler Probenbeutel Sampibio - Sysmatec<\/title>\n<meta name=\"description\" content=\"Steriler Probenbeutel f\u00fcr M\u00fchlen. Er kann fl\u00fcssige oder feste Produkte enthalten. Er ist R-NASE-frei, D-NASE-frei und pyrogenfrei.\" \/>\n<meta name=\"robots\" content=\"index, follow, max-snippet:-1, max-image-preview:large, max-video-preview:-1\" \/>\n<link rel=\"canonical\" href=\"https:\/\/sysmatec.ch\/de\/Produkt\/steriler-probenbeutel-sampibio\/\" \/>\n<meta property=\"og:locale\" content=\"de_DE\" \/>\n<meta property=\"og:type\" content=\"article\" \/>\n<meta property=\"og:title\" content=\"Steriler Probenbeutel Sampibio - Sysmatec\" \/>\n<meta property=\"og:description\" content=\"Steriler Probenbeutel f\u00fcr M\u00fchlen. Er kann fl\u00fcssige oder feste Produkte enthalten. Er ist R-NASE-frei, D-NASE-frei und pyrogenfrei.\" \/>\n<meta property=\"og:url\" content=\"https:\/\/sysmatec.ch\/de\/Produkt\/steriler-probenbeutel-sampibio\/\" \/>\n<meta property=\"og:site_name\" content=\"Sysmatec\" \/>\n<meta property=\"article:modified_time\" content=\"2025-01-03T18:19:09+00:00\" \/>\n<meta property=\"og:image\" content=\"https:\/\/sysmatec.ch\/wp-content\/uploads\/2025\/01\/SacEchantillon_Sampibio1.jpg\" \/>\n\t<meta property=\"og:image:width\" content=\"479\" \/>\n\t<meta property=\"og:image:height\" content=\"600\" \/>\n\t<meta property=\"og:image:type\" content=\"image\/jpeg\" \/>\n<meta name=\"twitter:card\" content=\"summary_large_image\" \/>\n<meta name=\"twitter:label1\" content=\"Gesch\u00e4tzte Lesezeit\" \/>\n\t<meta name=\"twitter:data1\" content=\"5\u00a0Minuten\" \/>\n<script type=\"application\/ld+json\" class=\"yoast-schema-graph\">{\"@context\":\"https:\\\/\\\/schema.org\",\"@graph\":[{\"@type\":\"WebPage\",\"@id\":\"https:\\\/\\\/sysmatec.ch\\\/de\\\/Produkt\\\/steriler-probenbeutel-sampibio\\\/\",\"url\":\"https:\\\/\\\/sysmatec.ch\\\/de\\\/Produkt\\\/steriler-probenbeutel-sampibio\\\/\",\"name\":\"Steriler Probenbeutel Sampibio - Sysmatec\",\"isPartOf\":{\"@id\":\"https:\\\/\\\/sysmatec.ch\\\/de\\\/#website\"},\"primaryImageOfPage\":{\"@id\":\"https:\\\/\\\/sysmatec.ch\\\/de\\\/Produkt\\\/steriler-probenbeutel-sampibio\\\/#primaryimage\"},\"image\":{\"@id\":\"https:\\\/\\\/sysmatec.ch\\\/de\\\/Produkt\\\/steriler-probenbeutel-sampibio\\\/#primaryimage\"},\"thumbnailUrl\":\"https:\\\/\\\/sysmatec.ch\\\/wp-content\\\/uploads\\\/2025\\\/01\\\/SacEchantillon_Sampibio1.jpg\",\"datePublished\":\"2025-01-03T16:38:07+00:00\",\"dateModified\":\"2025-01-03T18:19:09+00:00\",\"description\":\"Steriler Probenbeutel f\u00fcr M\u00fchlen. Er kann fl\u00fcssige oder feste Produkte enthalten. Er ist R-NASE-frei, D-NASE-frei und pyrogenfrei.\",\"breadcrumb\":{\"@id\":\"https:\\\/\\\/sysmatec.ch\\\/de\\\/Produkt\\\/steriler-probenbeutel-sampibio\\\/#breadcrumb\"},\"inLanguage\":\"de\",\"potentialAction\":[{\"@type\":\"ReadAction\",\"target\":[\"https:\\\/\\\/sysmatec.ch\\\/de\\\/Produkt\\\/steriler-probenbeutel-sampibio\\\/\"]}]},{\"@type\":\"ImageObject\",\"inLanguage\":\"de\",\"@id\":\"https:\\\/\\\/sysmatec.ch\\\/de\\\/Produkt\\\/steriler-probenbeutel-sampibio\\\/#primaryimage\",\"url\":\"https:\\\/\\\/sysmatec.ch\\\/wp-content\\\/uploads\\\/2025\\\/01\\\/SacEchantillon_Sampibio1.jpg\",\"contentUrl\":\"https:\\\/\\\/sysmatec.ch\\\/wp-content\\\/uploads\\\/2025\\\/01\\\/SacEchantillon_Sampibio1.jpg\",\"width\":479,\"height\":600},{\"@type\":\"BreadcrumbList\",\"@id\":\"https:\\\/\\\/sysmatec.ch\\\/de\\\/Produkt\\\/steriler-probenbeutel-sampibio\\\/#breadcrumb\",\"itemListElement\":[{\"@type\":\"ListItem\",\"position\":1,\"name\":\"Accueil\",\"item\":\"https:\\\/\\\/sysmatec.ch\\\/de\\\/\"},{\"@type\":\"ListItem\",\"position\":2,\"name\":\"Die Aktivit\u00e4t von Sysmatec\",\"item\":\"https:\\\/\\\/sysmatec.ch\\\/de\\\/\"},{\"@type\":\"ListItem\",\"position\":3,\"name\":\"Steriler Probenbeutel Sampibio\"}]},{\"@type\":\"WebSite\",\"@id\":\"https:\\\/\\\/sysmatec.ch\\\/de\\\/#website\",\"url\":\"https:\\\/\\\/sysmatec.ch\\\/de\\\/\",\"name\":\"Sysmatec\",\"description\":\"Equipement de laboratoire et logiciels\",\"publisher\":{\"@id\":\"https:\\\/\\\/sysmatec.ch\\\/de\\\/#organization\"},\"potentialAction\":[{\"@type\":\"SearchAction\",\"target\":{\"@type\":\"EntryPoint\",\"urlTemplate\":\"https:\\\/\\\/sysmatec.ch\\\/de\\\/?s={search_term_string}\"},\"query-input\":{\"@type\":\"PropertyValueSpecification\",\"valueRequired\":true,\"valueName\":\"search_term_string\"}}],\"inLanguage\":\"de\"},{\"@type\":\"Organization\",\"@id\":\"https:\\\/\\\/sysmatec.ch\\\/de\\\/#organization\",\"name\":\"Sysmatec\",\"url\":\"https:\\\/\\\/sysmatec.ch\\\/de\\\/\",\"logo\":{\"@type\":\"ImageObject\",\"inLanguage\":\"de\",\"@id\":\"https:\\\/\\\/sysmatec.ch\\\/de\\\/#\\\/schema\\\/logo\\\/image\\\/\",\"url\":\"https:\\\/\\\/sysmatec.ch\\\/wp-content\\\/uploads\\\/2018\\\/11\\\/LogoSysmatec.jpg\",\"contentUrl\":\"https:\\\/\\\/sysmatec.ch\\\/wp-content\\\/uploads\\\/2018\\\/11\\\/LogoSysmatec.jpg\",\"width\":301,\"height\":297,\"caption\":\"Sysmatec\"},\"image\":{\"@id\":\"https:\\\/\\\/sysmatec.ch\\\/de\\\/#\\\/schema\\\/logo\\\/image\\\/\"}}]}<\/script>\n<!-- \/ Yoast SEO plugin. -->","yoast_head_json":{"title":"Steriler Probenbeutel Sampibio - Sysmatec","description":"Steriler Probenbeutel f\u00fcr M\u00fchlen. Er kann fl\u00fcssige oder feste Produkte enthalten. Er ist R-NASE-frei, D-NASE-frei und pyrogenfrei.","robots":{"index":"index","follow":"follow","max-snippet":"max-snippet:-1","max-image-preview":"max-image-preview:large","max-video-preview":"max-video-preview:-1"},"canonical":"https:\/\/sysmatec.ch\/de\/Produkt\/steriler-probenbeutel-sampibio\/","og_locale":"de_DE","og_type":"article","og_title":"Steriler Probenbeutel Sampibio - Sysmatec","og_description":"Steriler Probenbeutel f\u00fcr M\u00fchlen. Er kann fl\u00fcssige oder feste Produkte enthalten. Er ist R-NASE-frei, D-NASE-frei und pyrogenfrei.","og_url":"https:\/\/sysmatec.ch\/de\/Produkt\/steriler-probenbeutel-sampibio\/","og_site_name":"Sysmatec","article_modified_time":"2025-01-03T18:19:09+00:00","og_image":[{"width":479,"height":600,"url":"https:\/\/sysmatec.ch\/wp-content\/uploads\/2025\/01\/SacEchantillon_Sampibio1.jpg","type":"image\/jpeg"}],"twitter_card":"summary_large_image","twitter_misc":{"Gesch\u00e4tzte Lesezeit":"5\u00a0Minuten"},"schema":{"@context":"https:\/\/schema.org","@graph":[{"@type":"WebPage","@id":"https:\/\/sysmatec.ch\/de\/Produkt\/steriler-probenbeutel-sampibio\/","url":"https:\/\/sysmatec.ch\/de\/Produkt\/steriler-probenbeutel-sampibio\/","name":"Steriler Probenbeutel Sampibio - Sysmatec","isPartOf":{"@id":"https:\/\/sysmatec.ch\/de\/#website"},"primaryImageOfPage":{"@id":"https:\/\/sysmatec.ch\/de\/Produkt\/steriler-probenbeutel-sampibio\/#primaryimage"},"image":{"@id":"https:\/\/sysmatec.ch\/de\/Produkt\/steriler-probenbeutel-sampibio\/#primaryimage"},"thumbnailUrl":"https:\/\/sysmatec.ch\/wp-content\/uploads\/2025\/01\/SacEchantillon_Sampibio1.jpg","datePublished":"2025-01-03T16:38:07+00:00","dateModified":"2025-01-03T18:19:09+00:00","description":"Steriler Probenbeutel f\u00fcr M\u00fchlen. Er kann fl\u00fcssige oder feste Produkte enthalten. Er ist R-NASE-frei, D-NASE-frei und pyrogenfrei.","breadcrumb":{"@id":"https:\/\/sysmatec.ch\/de\/Produkt\/steriler-probenbeutel-sampibio\/#breadcrumb"},"inLanguage":"de","potentialAction":[{"@type":"ReadAction","target":["https:\/\/sysmatec.ch\/de\/Produkt\/steriler-probenbeutel-sampibio\/"]}]},{"@type":"ImageObject","inLanguage":"de","@id":"https:\/\/sysmatec.ch\/de\/Produkt\/steriler-probenbeutel-sampibio\/#primaryimage","url":"https:\/\/sysmatec.ch\/wp-content\/uploads\/2025\/01\/SacEchantillon_Sampibio1.jpg","contentUrl":"https:\/\/sysmatec.ch\/wp-content\/uploads\/2025\/01\/SacEchantillon_Sampibio1.jpg","width":479,"height":600},{"@type":"BreadcrumbList","@id":"https:\/\/sysmatec.ch\/de\/Produkt\/steriler-probenbeutel-sampibio\/#breadcrumb","itemListElement":[{"@type":"ListItem","position":1,"name":"Accueil","item":"https:\/\/sysmatec.ch\/de\/"},{"@type":"ListItem","position":2,"name":"Die Aktivit\u00e4t von Sysmatec","item":"https:\/\/sysmatec.ch\/de\/"},{"@type":"ListItem","position":3,"name":"Steriler Probenbeutel Sampibio"}]},{"@type":"WebSite","@id":"https:\/\/sysmatec.ch\/de\/#website","url":"https:\/\/sysmatec.ch\/de\/","name":"Sysmatec","description":"Equipement de laboratoire et logiciels","publisher":{"@id":"https:\/\/sysmatec.ch\/de\/#organization"},"potentialAction":[{"@type":"SearchAction","target":{"@type":"EntryPoint","urlTemplate":"https:\/\/sysmatec.ch\/de\/?s={search_term_string}"},"query-input":{"@type":"PropertyValueSpecification","valueRequired":true,"valueName":"search_term_string"}}],"inLanguage":"de"},{"@type":"Organization","@id":"https:\/\/sysmatec.ch\/de\/#organization","name":"Sysmatec","url":"https:\/\/sysmatec.ch\/de\/","logo":{"@type":"ImageObject","inLanguage":"de","@id":"https:\/\/sysmatec.ch\/de\/#\/schema\/logo\/image\/","url":"https:\/\/sysmatec.ch\/wp-content\/uploads\/2018\/11\/LogoSysmatec.jpg","contentUrl":"https:\/\/sysmatec.ch\/wp-content\/uploads\/2018\/11\/LogoSysmatec.jpg","width":301,"height":297,"caption":"Sysmatec"},"image":{"@id":"https:\/\/sysmatec.ch\/de\/#\/schema\/logo\/image\/"}}]}},"_links":{"self":[{"href":"https:\/\/sysmatec.ch\/de\/wp-json\/wp\/v2\/product\/30220","targetHints":{"allow":["GET"]}}],"collection":[{"href":"https:\/\/sysmatec.ch\/de\/wp-json\/wp\/v2\/product"}],"about":[{"href":"https:\/\/sysmatec.ch\/de\/wp-json\/wp\/v2\/types\/product"}],"wp:featuredmedia":[{"embeddable":true,"href":"https:\/\/sysmatec.ch\/de\/wp-json\/wp\/v2\/media\/30225"}],"wp:attachment":[{"href":"https:\/\/sysmatec.ch\/de\/wp-json\/wp\/v2\/media?parent=30220"}],"wp:term":[{"taxonomy":"product_brand","embeddable":true,"href":"https:\/\/sysmatec.ch\/de\/wp-json\/wp\/v2\/product_brand?post=30220"},{"taxonomy":"product_cat","embeddable":true,"href":"https:\/\/sysmatec.ch\/de\/wp-json\/wp\/v2\/product_cat?post=30220"},{"taxonomy":"product_tag","embeddable":true,"href":"https:\/\/sysmatec.ch\/de\/wp-json\/wp\/v2\/product_tag?post=30220"}],"curies":[{"name":"wp","href":"https:\/\/api.w.org\/{rel}","templated":true}]}}