{"id":30209,"date":"2024-12-19T21:23:10","date_gmt":"2024-12-19T20:23:10","guid":{"rendered":"https:\/\/sysmatec.ch\/?post_type=product&#038;p=30209"},"modified":"2024-12-19T22:05:59","modified_gmt":"2024-12-19T21:05:59","slug":"tragbarer-inkubator-dh","status":"publish","type":"product","link":"https:\/\/sysmatec.ch\/de\/Produkt\/tragbarer-inkubator-dh\/","title":{"rendered":"Tragbarer Inkubator DH"},"content":{"rendered":"<p>Es handelt sich um einen kompakten Inkubator, der au\u00dferhalb des Labors verwendet werden kann. Er kann an eine 12-V-Autobatterie angeschlossen werden.<\/p>\n<p>Er verf\u00fcgt \u00fcber eine nat\u00fcrliche Luftkonvektion im Inneren und eine Heizmethode mit vier Seiten, um eine gleichm\u00e4\u00dfige Temperatur im Inneren zu gew\u00e4hrleisten.<\/p>\n<p>Der Innenteil besteht aus hochgl\u00e4nzendem Edelstahl mit einem leicht zu reinigenden Bogen\u00fcbergang an vier Ecken.<\/p>\n<p>Er ist mit einem PID-Regler mit \u00dcbertemperaturschutzfunktion, \u00dcbertemperaturalarm, Sensorfehleralarm, Festwertbetrieb, Normalbetrieb, Abweichungskorrektur und Men\u00fcsperre ausgestattet.<\/p>\n<p>Die T\u00fcr ist mit einem hochwertigen Glasfenster ausgestattet. Ein LED-Licht an der T\u00fcr erm\u00f6glicht die Beobachtung der Proben im Inneren, insbesondere bei Dunkelheit.<\/p>\n<h2>Merkmale<\/h2>\n<table width=\"649\">\n<tbody>\n<tr>\n<td colspan=\"2\" width=\"273\">Modell<\/td>\n<td width=\"188\">DH2500AB<\/td>\n<td width=\"188\">DH3000AB<\/td>\n<\/tr>\n<tr>\n<td colspan=\"2\" width=\"273\">ModeNat\u00fcrliche Konvektion<\/td>\n<td colspan=\"2\" width=\"376\"><\/td>\n<\/tr>\n<tr>\n<td rowspan=\"4\" width=\"95\">Funktion<\/td>\n<td width=\"179\">Temp Bereich<\/td>\n<td colspan=\"2\" width=\"376\">RT+5-65 \u00b0C<\/td>\n<\/tr>\n<tr>\n<td width=\"179\">Temp. Aufl\u00f6sung<\/td>\n<td colspan=\"2\" width=\"376\">0.1 \u00b0C<\/td>\n<\/tr>\n<tr>\n<td width=\"179\">Temp. Genauigkeit<\/td>\n<td colspan=\"2\" width=\"376\">\u00b10.5 \u00b0C<\/td>\n<\/tr>\n<tr>\n<td width=\"179\">Temp. Uniformit\u00e4t<\/td>\n<td colspan=\"2\" width=\"376\">\u00b11.5 \u00b0C<\/td>\n<\/tr>\n<tr>\n<td rowspan=\"5\" width=\"95\">Struktur<\/td>\n<td width=\"179\">Kammer Innen<\/td>\n<td colspan=\"2\" width=\"376\">Spiegel Edelstahl<\/td>\n<\/tr>\n<tr>\n<td width=\"179\">Au\u00dfenschale<\/td>\n<td colspan=\"2\" width=\"376\">Elektrostatisches Spritzen von kaltgewalztem Stahl au\u00dfen<\/td>\n<\/tr>\n<tr>\n<td width=\"179\">Isolierschicht<\/td>\n<td colspan=\"2\" width=\"376\">Polyurethane<\/td>\n<\/tr>\n<tr>\n<td width=\"179\">Heizung<\/td>\n<td colspan=\"2\" width=\"376\">Heizdraht<\/td>\n<\/tr>\n<tr>\n<td width=\"179\">Leistung<\/td>\n<td width=\"188\">0.08kW<\/td>\n<td width=\"188\">0.12kW<\/td>\n<\/tr>\n<tr>\n<td rowspan=\"7\" width=\"95\">Regelung<\/td>\n<td width=\"179\">Temperaturkontrollmodus<\/td>\n<td colspan=\"2\" width=\"376\">PID<\/td>\n<\/tr>\n<tr>\n<td width=\"179\">Temperatur-Einstellmodus<\/td>\n<td colspan=\"2\" width=\"376\">Tasten<\/td>\n<\/tr>\n<tr>\n<td width=\"179\">Temperaturanzeigemodus<\/td>\n<td colspan=\"2\" width=\"376\">Temperaturmessung: LED obere Reihe; Temperatureinstellung: untere Reihe<\/td>\n<\/tr>\n<tr>\n<td width=\"179\">Timer<\/td>\n<td colspan=\"2\" width=\"376\">0-9999min (mit Zeitwartefunktion)<\/td>\n<\/tr>\n<tr>\n<td width=\"179\">Betriebsfunktion<\/td>\n<td colspan=\"2\" width=\"376\">Betrieb bei fester Temperatur, Zeitfunktion, automatischer Stopp.<\/td>\n<\/tr>\n<tr>\n<td width=\"179\">Zusatzfunktion<\/td>\n<td colspan=\"2\" width=\"376\">Sensorabweichungskorrektur, Selbstoptimierung bei Temperatur\u00fcberschreitung, interne Parametersperre, Parameterspeicher bei ausgeschalteter Stromversorgung<\/td>\n<\/tr>\n<tr>\n<td width=\"179\">Sensor<\/td>\n<td colspan=\"2\" width=\"376\">PT100<\/td>\n<\/tr>\n<tr>\n<td colspan=\"2\" width=\"273\">Sicherheitseinrichtung<\/td>\n<td colspan=\"2\" width=\"376\">Ton-Licht-Alarm bei \u00dcbertemperatur<\/td>\n<\/tr>\n<tr>\n<td rowspan=\"9\" width=\"95\">Merkmale<\/td>\n<td width=\"179\">Gr\u00f6\u00dfe der Innenkammer (B x L x H) (mm)<\/td>\n<td width=\"188\">230*200*200<\/td>\n<td width=\"188\">230*200*280<\/td>\n<\/tr>\n<tr>\n<td width=\"179\">Au\u00dfenma\u00dfe (B*L*H)(mm)<\/td>\n<td width=\"188\">310*276*298<\/td>\n<td width=\"188\">310*276*378<\/td>\n<\/tr>\n<tr>\n<td width=\"179\">Verpackungsgr\u00f6\u00dfe (B*L*H)(mm)<\/td>\n<td width=\"188\">350*312*377<\/td>\n<td width=\"188\">350*312*457<\/td>\n<\/tr>\n<tr>\n<td width=\"179\">Volum<\/td>\n<td width=\"188\">9.2L<\/td>\n<td width=\"188\">12.8L<\/td>\n<\/tr>\n<tr>\n<td width=\"179\">Anzahl Regale<\/td>\n<td colspan=\"2\" width=\"376\">2<\/td>\n<\/tr>\n<tr>\n<td width=\"179\">Belastung pro Rack<\/td>\n<td colspan=\"2\" width=\"376\">5 kg<\/td>\n<\/tr>\n<tr>\n<td width=\"179\">Regaltiefe<\/td>\n<td colspan=\"2\" width=\"376\">35 mm<\/td>\n<\/tr>\n<tr>\n<td width=\"179\">Versorgung (50\/60 Hz) Nennstrom<\/td>\n<td width=\"188\">AC220V\/0.36A<\/td>\n<td width=\"188\">AC220V\/0.36A<\/td>\n<\/tr>\n<tr>\n<td width=\"179\">NG\/GG (kg\uff09<\/td>\n<td width=\"188\">8\/10<\/td>\n<td width=\"188\">12\/14<\/td>\n<\/tr>\n<tr>\n<td colspan=\"2\" width=\"273\">Optionales Zubeh\u00f6r<\/td>\n<td colspan=\"2\" width=\"376\">Fahrzeug-\/DC12V-\/AC110V-\/AC220V-Versorgung<\/td>\n<\/tr>\n<\/tbody>\n<\/table>\n","protected":false},"excerpt":{"rendered":"<p>Tragbarer Mini-Inkubator f\u00fcr Temperaturen bis zu 65 \u00b0C.<\/p>\n","protected":false},"featured_media":30214,"template":"","meta":{"_crdt_document":""},"product_brand":[],"product_cat":[105],"product_tag":[],"class_list":{"0":"post-30209","1":"product","2":"type-product","3":"status-publish","4":"has-post-thumbnail","6":"product_cat-inkubator","8":"first","9":"instock","10":"taxable","11":"shipping-taxable","12":"product-type-simple"},"yoast_head":"<!-- This site is optimized with the Yoast SEO plugin v27.3 - https:\/\/yoast.com\/product\/yoast-seo-wordpress\/ -->\n<title>Tragbarer Inkubator DH - Sysmatec<\/title>\n<meta name=\"description\" content=\"Tragbarer Mini-Inkubator f\u00fcr Temperaturen bis zu 65 \u00b0C. Er nimmt wenig Platz auf der Laborbank ein.\" \/>\n<meta name=\"robots\" content=\"index, follow, max-snippet:-1, max-image-preview:large, max-video-preview:-1\" \/>\n<link rel=\"canonical\" href=\"https:\/\/sysmatec.ch\/de\/Produkt\/tragbarer-inkubator-dh\/\" \/>\n<meta property=\"og:locale\" content=\"de_DE\" \/>\n<meta property=\"og:type\" content=\"article\" \/>\n<meta property=\"og:title\" content=\"Tragbarer Inkubator DH - Sysmatec\" \/>\n<meta property=\"og:description\" content=\"Tragbarer Mini-Inkubator f\u00fcr Temperaturen bis zu 65 \u00b0C. Er nimmt wenig Platz auf der Laborbank ein.\" \/>\n<meta property=\"og:url\" content=\"https:\/\/sysmatec.ch\/de\/Produkt\/tragbarer-inkubator-dh\/\" \/>\n<meta property=\"og:site_name\" content=\"Sysmatec\" \/>\n<meta property=\"article:modified_time\" content=\"2024-12-19T21:05:59+00:00\" \/>\n<meta property=\"og:image\" content=\"https:\/\/sysmatec.ch\/wp-content\/uploads\/2024\/12\/Incubateur_DHBioaquo.jpg\" \/>\n\t<meta property=\"og:image:width\" content=\"646\" \/>\n\t<meta property=\"og:image:height\" content=\"591\" \/>\n\t<meta property=\"og:image:type\" content=\"image\/jpeg\" \/>\n<meta name=\"twitter:card\" content=\"summary_large_image\" \/>\n<meta name=\"twitter:label1\" content=\"Gesch\u00e4tzte Lesezeit\" \/>\n\t<meta name=\"twitter:data1\" content=\"2\u00a0Minuten\" \/>\n<script type=\"application\/ld+json\" class=\"yoast-schema-graph\">{\"@context\":\"https:\\\/\\\/schema.org\",\"@graph\":[{\"@type\":\"WebPage\",\"@id\":\"https:\\\/\\\/sysmatec.ch\\\/de\\\/Produkt\\\/tragbarer-inkubator-dh\\\/\",\"url\":\"https:\\\/\\\/sysmatec.ch\\\/de\\\/Produkt\\\/tragbarer-inkubator-dh\\\/\",\"name\":\"Tragbarer Inkubator DH - Sysmatec\",\"isPartOf\":{\"@id\":\"https:\\\/\\\/sysmatec.ch\\\/de\\\/#website\"},\"primaryImageOfPage\":{\"@id\":\"https:\\\/\\\/sysmatec.ch\\\/de\\\/Produkt\\\/tragbarer-inkubator-dh\\\/#primaryimage\"},\"image\":{\"@id\":\"https:\\\/\\\/sysmatec.ch\\\/de\\\/Produkt\\\/tragbarer-inkubator-dh\\\/#primaryimage\"},\"thumbnailUrl\":\"https:\\\/\\\/sysmatec.ch\\\/wp-content\\\/uploads\\\/2024\\\/12\\\/Incubateur_DHBioaquo.jpg\",\"datePublished\":\"2024-12-19T20:23:10+00:00\",\"dateModified\":\"2024-12-19T21:05:59+00:00\",\"description\":\"Tragbarer Mini-Inkubator f\u00fcr Temperaturen bis zu 65 \u00b0C. Er nimmt wenig Platz auf der Laborbank ein.\",\"breadcrumb\":{\"@id\":\"https:\\\/\\\/sysmatec.ch\\\/de\\\/Produkt\\\/tragbarer-inkubator-dh\\\/#breadcrumb\"},\"inLanguage\":\"de\",\"potentialAction\":[{\"@type\":\"ReadAction\",\"target\":[\"https:\\\/\\\/sysmatec.ch\\\/de\\\/Produkt\\\/tragbarer-inkubator-dh\\\/\"]}]},{\"@type\":\"ImageObject\",\"inLanguage\":\"de\",\"@id\":\"https:\\\/\\\/sysmatec.ch\\\/de\\\/Produkt\\\/tragbarer-inkubator-dh\\\/#primaryimage\",\"url\":\"https:\\\/\\\/sysmatec.ch\\\/wp-content\\\/uploads\\\/2024\\\/12\\\/Incubateur_DHBioaquo.jpg\",\"contentUrl\":\"https:\\\/\\\/sysmatec.ch\\\/wp-content\\\/uploads\\\/2024\\\/12\\\/Incubateur_DHBioaquo.jpg\",\"width\":646,\"height\":591},{\"@type\":\"BreadcrumbList\",\"@id\":\"https:\\\/\\\/sysmatec.ch\\\/de\\\/Produkt\\\/tragbarer-inkubator-dh\\\/#breadcrumb\",\"itemListElement\":[{\"@type\":\"ListItem\",\"position\":1,\"name\":\"Accueil\",\"item\":\"https:\\\/\\\/sysmatec.ch\\\/de\\\/\"},{\"@type\":\"ListItem\",\"position\":2,\"name\":\"Die Aktivit\u00e4t von Sysmatec\",\"item\":\"https:\\\/\\\/sysmatec.ch\\\/de\\\/\"},{\"@type\":\"ListItem\",\"position\":3,\"name\":\"Tragbarer Inkubator DH\"}]},{\"@type\":\"WebSite\",\"@id\":\"https:\\\/\\\/sysmatec.ch\\\/de\\\/#website\",\"url\":\"https:\\\/\\\/sysmatec.ch\\\/de\\\/\",\"name\":\"Sysmatec\",\"description\":\"Equipement de laboratoire et logiciels\",\"publisher\":{\"@id\":\"https:\\\/\\\/sysmatec.ch\\\/de\\\/#organization\"},\"potentialAction\":[{\"@type\":\"SearchAction\",\"target\":{\"@type\":\"EntryPoint\",\"urlTemplate\":\"https:\\\/\\\/sysmatec.ch\\\/de\\\/?s={search_term_string}\"},\"query-input\":{\"@type\":\"PropertyValueSpecification\",\"valueRequired\":true,\"valueName\":\"search_term_string\"}}],\"inLanguage\":\"de\"},{\"@type\":\"Organization\",\"@id\":\"https:\\\/\\\/sysmatec.ch\\\/de\\\/#organization\",\"name\":\"Sysmatec\",\"url\":\"https:\\\/\\\/sysmatec.ch\\\/de\\\/\",\"logo\":{\"@type\":\"ImageObject\",\"inLanguage\":\"de\",\"@id\":\"https:\\\/\\\/sysmatec.ch\\\/de\\\/#\\\/schema\\\/logo\\\/image\\\/\",\"url\":\"https:\\\/\\\/sysmatec.ch\\\/wp-content\\\/uploads\\\/2018\\\/11\\\/LogoSysmatec.jpg\",\"contentUrl\":\"https:\\\/\\\/sysmatec.ch\\\/wp-content\\\/uploads\\\/2018\\\/11\\\/LogoSysmatec.jpg\",\"width\":301,\"height\":297,\"caption\":\"Sysmatec\"},\"image\":{\"@id\":\"https:\\\/\\\/sysmatec.ch\\\/de\\\/#\\\/schema\\\/logo\\\/image\\\/\"}}]}<\/script>\n<!-- \/ Yoast SEO plugin. -->","yoast_head_json":{"title":"Tragbarer Inkubator DH - Sysmatec","description":"Tragbarer Mini-Inkubator f\u00fcr Temperaturen bis zu 65 \u00b0C. Er nimmt wenig Platz auf der Laborbank ein.","robots":{"index":"index","follow":"follow","max-snippet":"max-snippet:-1","max-image-preview":"max-image-preview:large","max-video-preview":"max-video-preview:-1"},"canonical":"https:\/\/sysmatec.ch\/de\/Produkt\/tragbarer-inkubator-dh\/","og_locale":"de_DE","og_type":"article","og_title":"Tragbarer Inkubator DH - Sysmatec","og_description":"Tragbarer Mini-Inkubator f\u00fcr Temperaturen bis zu 65 \u00b0C. Er nimmt wenig Platz auf der Laborbank ein.","og_url":"https:\/\/sysmatec.ch\/de\/Produkt\/tragbarer-inkubator-dh\/","og_site_name":"Sysmatec","article_modified_time":"2024-12-19T21:05:59+00:00","og_image":[{"width":646,"height":591,"url":"https:\/\/sysmatec.ch\/wp-content\/uploads\/2024\/12\/Incubateur_DHBioaquo.jpg","type":"image\/jpeg"}],"twitter_card":"summary_large_image","twitter_misc":{"Gesch\u00e4tzte Lesezeit":"2\u00a0Minuten"},"schema":{"@context":"https:\/\/schema.org","@graph":[{"@type":"WebPage","@id":"https:\/\/sysmatec.ch\/de\/Produkt\/tragbarer-inkubator-dh\/","url":"https:\/\/sysmatec.ch\/de\/Produkt\/tragbarer-inkubator-dh\/","name":"Tragbarer Inkubator DH - Sysmatec","isPartOf":{"@id":"https:\/\/sysmatec.ch\/de\/#website"},"primaryImageOfPage":{"@id":"https:\/\/sysmatec.ch\/de\/Produkt\/tragbarer-inkubator-dh\/#primaryimage"},"image":{"@id":"https:\/\/sysmatec.ch\/de\/Produkt\/tragbarer-inkubator-dh\/#primaryimage"},"thumbnailUrl":"https:\/\/sysmatec.ch\/wp-content\/uploads\/2024\/12\/Incubateur_DHBioaquo.jpg","datePublished":"2024-12-19T20:23:10+00:00","dateModified":"2024-12-19T21:05:59+00:00","description":"Tragbarer Mini-Inkubator f\u00fcr Temperaturen bis zu 65 \u00b0C. Er nimmt wenig Platz auf der Laborbank ein.","breadcrumb":{"@id":"https:\/\/sysmatec.ch\/de\/Produkt\/tragbarer-inkubator-dh\/#breadcrumb"},"inLanguage":"de","potentialAction":[{"@type":"ReadAction","target":["https:\/\/sysmatec.ch\/de\/Produkt\/tragbarer-inkubator-dh\/"]}]},{"@type":"ImageObject","inLanguage":"de","@id":"https:\/\/sysmatec.ch\/de\/Produkt\/tragbarer-inkubator-dh\/#primaryimage","url":"https:\/\/sysmatec.ch\/wp-content\/uploads\/2024\/12\/Incubateur_DHBioaquo.jpg","contentUrl":"https:\/\/sysmatec.ch\/wp-content\/uploads\/2024\/12\/Incubateur_DHBioaquo.jpg","width":646,"height":591},{"@type":"BreadcrumbList","@id":"https:\/\/sysmatec.ch\/de\/Produkt\/tragbarer-inkubator-dh\/#breadcrumb","itemListElement":[{"@type":"ListItem","position":1,"name":"Accueil","item":"https:\/\/sysmatec.ch\/de\/"},{"@type":"ListItem","position":2,"name":"Die Aktivit\u00e4t von Sysmatec","item":"https:\/\/sysmatec.ch\/de\/"},{"@type":"ListItem","position":3,"name":"Tragbarer Inkubator DH"}]},{"@type":"WebSite","@id":"https:\/\/sysmatec.ch\/de\/#website","url":"https:\/\/sysmatec.ch\/de\/","name":"Sysmatec","description":"Equipement de laboratoire et logiciels","publisher":{"@id":"https:\/\/sysmatec.ch\/de\/#organization"},"potentialAction":[{"@type":"SearchAction","target":{"@type":"EntryPoint","urlTemplate":"https:\/\/sysmatec.ch\/de\/?s={search_term_string}"},"query-input":{"@type":"PropertyValueSpecification","valueRequired":true,"valueName":"search_term_string"}}],"inLanguage":"de"},{"@type":"Organization","@id":"https:\/\/sysmatec.ch\/de\/#organization","name":"Sysmatec","url":"https:\/\/sysmatec.ch\/de\/","logo":{"@type":"ImageObject","inLanguage":"de","@id":"https:\/\/sysmatec.ch\/de\/#\/schema\/logo\/image\/","url":"https:\/\/sysmatec.ch\/wp-content\/uploads\/2018\/11\/LogoSysmatec.jpg","contentUrl":"https:\/\/sysmatec.ch\/wp-content\/uploads\/2018\/11\/LogoSysmatec.jpg","width":301,"height":297,"caption":"Sysmatec"},"image":{"@id":"https:\/\/sysmatec.ch\/de\/#\/schema\/logo\/image\/"}}]}},"_links":{"self":[{"href":"https:\/\/sysmatec.ch\/de\/wp-json\/wp\/v2\/product\/30209","targetHints":{"allow":["GET"]}}],"collection":[{"href":"https:\/\/sysmatec.ch\/de\/wp-json\/wp\/v2\/product"}],"about":[{"href":"https:\/\/sysmatec.ch\/de\/wp-json\/wp\/v2\/types\/product"}],"wp:featuredmedia":[{"embeddable":true,"href":"https:\/\/sysmatec.ch\/de\/wp-json\/wp\/v2\/media\/30214"}],"wp:attachment":[{"href":"https:\/\/sysmatec.ch\/de\/wp-json\/wp\/v2\/media?parent=30209"}],"wp:term":[{"taxonomy":"product_brand","embeddable":true,"href":"https:\/\/sysmatec.ch\/de\/wp-json\/wp\/v2\/product_brand?post=30209"},{"taxonomy":"product_cat","embeddable":true,"href":"https:\/\/sysmatec.ch\/de\/wp-json\/wp\/v2\/product_cat?post=30209"},{"taxonomy":"product_tag","embeddable":true,"href":"https:\/\/sysmatec.ch\/de\/wp-json\/wp\/v2\/product_tag?post=30209"}],"curies":[{"name":"wp","href":"https:\/\/api.w.org\/{rel}","templated":true}]}}