{"id":30198,"date":"2024-12-18T16:21:07","date_gmt":"2024-12-18T15:21:07","guid":{"rendered":"https:\/\/sysmatec.ch\/?post_type=product&#038;p=30198"},"modified":"2024-12-18T16:47:00","modified_gmt":"2024-12-18T15:47:00","slug":"16-kanaele-digitaleingang-8-kanaele-relaisausgangsmodul-w-m1b502","status":"publish","type":"product","link":"https:\/\/sysmatec.ch\/de\/Produkt\/16-kanaele-digitaleingang-8-kanaele-relaisausgangsmodul-w-m1b502\/","title":{"rendered":"16 Kan\u00e4le Digitaleingang \/ 8 Kan\u00e4le Relaisausgangsmodul W-M1B502"},"content":{"rendered":"<p>Dies ist ein 16-Kanal-Digitaleingangs- und 8-Kanal-Relaisausgangsmodul, dessen \u00dcberspannungsschutzdesign f\u00fcr robuste Eigenschaften sorgt. In Anlehnung an die Merkmale der Wolf-Serie beh\u00e4lt es eine benutzerfreundliche Konfiguration bei, die den Komfort f\u00fcr den Masseneinsatz bietet.<\/p>\n<h2>Merkmale<\/h2>\n<p>Digitaleingang<\/p>\n<ul>\n<li>Kanal: 16 Kan\u00e4le<\/li>\n<li>\u00dcberspannungsschutz: 70 VDC<\/li>\n<li>Frequenzbereich 100 Hz (16 Bit)<\/li>\n<li>Trockenkontakt Logikpegel 0: Offen; Logikpegel 1: Nahe GND<\/li>\n<li>Nasskontakt Logikpegel 0: 3 V (max.); Logikpegel 1: 10 bis 50 V<\/li>\n<\/ul>\n<p>Relaisausgang<\/p>\n<ul>\n<li>Kanal: 8 Kan\u00e4le<\/li>\n<li>Ausgangstyp 4 Form A, 4 Form C<\/li>\n<li>Ausgangsspannungsbereich 3,5 ~ 30 VDC<\/li>\n<li>Kontaktleistung 30 VDC<\/li>\n<li>Frequenzbereich 100 Hz (16 Bit)<\/li>\n<li>Normaler Ausgangsstrom 500 mA pro Kanal<\/li>\n<li>Betriebs-\/Freigabezeit 10 ms max. \/ 5 ms max.<\/li>\n<li>Elektrische Lebensdauer 100000 Operationen bei 5 A ohmscher Last<\/li>\n<\/ul>\n<p>Allgemein<\/p>\n<ul>\n<li>Schnittstelle RS-485<\/li>\n<li>Stromverbrauch 2,8 W bei 24 VDC<\/li>\n<li>Strombedarf 10 ~ 60 VDC<\/li>\n<li>Watchdog-Timer-System (1,6 Sekunden fest)<\/li>\n<li>Intramodul-Isolierung, Feld-zu-Logik 2500 VDC<\/li>\n<li>Kommunikationsprotokoll: Modbus RTU<\/li>\n<\/ul>\n","protected":false},"excerpt":{"rendered":"<p>16 digitale Eing\u00e4nge und 8 Relais mit RS485 Modbus-Schnittstelle<\/p>\n","protected":false},"featured_media":30202,"template":"","meta":{"_crdt_document":""},"product_brand":[],"product_cat":[191,357],"product_tag":[],"class_list":{"0":"post-30198","1":"product","2":"type-product","3":"status-publish","4":"has-post-thumbnail","6":"product_cat-automation-de","7":"product_cat-e-a-module","9":"first","10":"instock","11":"taxable","12":"shipping-taxable","13":"product-type-simple"},"yoast_head":"<!-- This site is optimized with the Yoast SEO plugin v27.3 - https:\/\/yoast.com\/product\/yoast-seo-wordpress\/ -->\n<title>16 Kan\u00e4le Digitaleingang \/ 8 Kan\u00e4le Relaisausgangsmodul W-M1B502 - Sysmatec<\/title>\n<meta name=\"description\" content=\"Digitales Ein-\/Ausgabemodul mit RS485-Modbus-Kommunikation, 16 digitalen Eing\u00e4ngen und 8 Relais.\" \/>\n<meta name=\"robots\" content=\"index, follow, max-snippet:-1, max-image-preview:large, max-video-preview:-1\" \/>\n<link rel=\"canonical\" href=\"https:\/\/sysmatec.ch\/de\/Produkt\/16-kanaele-digitaleingang-8-kanaele-relaisausgangsmodul-w-m1b502\/\" \/>\n<meta property=\"og:locale\" content=\"de_DE\" \/>\n<meta property=\"og:type\" content=\"article\" \/>\n<meta property=\"og:title\" content=\"16 Kan\u00e4le Digitaleingang \/ 8 Kan\u00e4le Relaisausgangsmodul W-M1B502 - Sysmatec\" \/>\n<meta property=\"og:description\" content=\"Digitales Ein-\/Ausgabemodul mit RS485-Modbus-Kommunikation, 16 digitalen Eing\u00e4ngen und 8 Relais.\" \/>\n<meta property=\"og:url\" content=\"https:\/\/sysmatec.ch\/de\/Produkt\/16-kanaele-digitaleingang-8-kanaele-relaisausgangsmodul-w-m1b502\/\" \/>\n<meta property=\"og:site_name\" content=\"Sysmatec\" \/>\n<meta property=\"article:modified_time\" content=\"2024-12-18T15:47:00+00:00\" \/>\n<meta name=\"twitter:card\" content=\"summary_large_image\" \/>\n<meta name=\"twitter:label1\" content=\"Gesch\u00e4tzte Lesezeit\" \/>\n\t<meta name=\"twitter:data1\" content=\"1\u00a0Minute\" \/>\n<script type=\"application\/ld+json\" class=\"yoast-schema-graph\">{\"@context\":\"https:\\\/\\\/schema.org\",\"@graph\":[{\"@type\":\"WebPage\",\"@id\":\"https:\\\/\\\/sysmatec.ch\\\/de\\\/Produkt\\\/16-kanaele-digitaleingang-8-kanaele-relaisausgangsmodul-w-m1b502\\\/\",\"url\":\"https:\\\/\\\/sysmatec.ch\\\/de\\\/Produkt\\\/16-kanaele-digitaleingang-8-kanaele-relaisausgangsmodul-w-m1b502\\\/\",\"name\":\"16 Kan\u00e4le Digitaleingang \\\/ 8 Kan\u00e4le Relaisausgangsmodul W-M1B502 - Sysmatec\",\"isPartOf\":{\"@id\":\"https:\\\/\\\/sysmatec.ch\\\/de\\\/#website\"},\"primaryImageOfPage\":{\"@id\":\"https:\\\/\\\/sysmatec.ch\\\/de\\\/Produkt\\\/16-kanaele-digitaleingang-8-kanaele-relaisausgangsmodul-w-m1b502\\\/#primaryimage\"},\"image\":{\"@id\":\"https:\\\/\\\/sysmatec.ch\\\/de\\\/Produkt\\\/16-kanaele-digitaleingang-8-kanaele-relaisausgangsmodul-w-m1b502\\\/#primaryimage\"},\"thumbnailUrl\":\"https:\\\/\\\/sysmatec.ch\\\/wp-content\\\/uploads\\\/2024\\\/12\\\/EntreeSortie_ArborWM1B502.jpg\",\"datePublished\":\"2024-12-18T15:21:07+00:00\",\"dateModified\":\"2024-12-18T15:47:00+00:00\",\"description\":\"Digitales Ein-\\\/Ausgabemodul mit RS485-Modbus-Kommunikation, 16 digitalen Eing\u00e4ngen und 8 Relais.\",\"breadcrumb\":{\"@id\":\"https:\\\/\\\/sysmatec.ch\\\/de\\\/Produkt\\\/16-kanaele-digitaleingang-8-kanaele-relaisausgangsmodul-w-m1b502\\\/#breadcrumb\"},\"inLanguage\":\"de\",\"potentialAction\":[{\"@type\":\"ReadAction\",\"target\":[\"https:\\\/\\\/sysmatec.ch\\\/de\\\/Produkt\\\/16-kanaele-digitaleingang-8-kanaele-relaisausgangsmodul-w-m1b502\\\/\"]}]},{\"@type\":\"ImageObject\",\"inLanguage\":\"de\",\"@id\":\"https:\\\/\\\/sysmatec.ch\\\/de\\\/Produkt\\\/16-kanaele-digitaleingang-8-kanaele-relaisausgangsmodul-w-m1b502\\\/#primaryimage\",\"url\":\"https:\\\/\\\/sysmatec.ch\\\/wp-content\\\/uploads\\\/2024\\\/12\\\/EntreeSortie_ArborWM1B502.jpg\",\"contentUrl\":\"https:\\\/\\\/sysmatec.ch\\\/wp-content\\\/uploads\\\/2024\\\/12\\\/EntreeSortie_ArborWM1B502.jpg\",\"width\":763,\"height\":698},{\"@type\":\"BreadcrumbList\",\"@id\":\"https:\\\/\\\/sysmatec.ch\\\/de\\\/Produkt\\\/16-kanaele-digitaleingang-8-kanaele-relaisausgangsmodul-w-m1b502\\\/#breadcrumb\",\"itemListElement\":[{\"@type\":\"ListItem\",\"position\":1,\"name\":\"Accueil\",\"item\":\"https:\\\/\\\/sysmatec.ch\\\/de\\\/\"},{\"@type\":\"ListItem\",\"position\":2,\"name\":\"Die Aktivit\u00e4t von Sysmatec\",\"item\":\"https:\\\/\\\/sysmatec.ch\\\/de\\\/\"},{\"@type\":\"ListItem\",\"position\":3,\"name\":\"16 Kan\u00e4le Digitaleingang \\\/ 8 Kan\u00e4le Relaisausgangsmodul W-M1B502\"}]},{\"@type\":\"WebSite\",\"@id\":\"https:\\\/\\\/sysmatec.ch\\\/de\\\/#website\",\"url\":\"https:\\\/\\\/sysmatec.ch\\\/de\\\/\",\"name\":\"Sysmatec\",\"description\":\"Equipement de laboratoire et logiciels\",\"publisher\":{\"@id\":\"https:\\\/\\\/sysmatec.ch\\\/de\\\/#organization\"},\"potentialAction\":[{\"@type\":\"SearchAction\",\"target\":{\"@type\":\"EntryPoint\",\"urlTemplate\":\"https:\\\/\\\/sysmatec.ch\\\/de\\\/?s={search_term_string}\"},\"query-input\":{\"@type\":\"PropertyValueSpecification\",\"valueRequired\":true,\"valueName\":\"search_term_string\"}}],\"inLanguage\":\"de\"},{\"@type\":\"Organization\",\"@id\":\"https:\\\/\\\/sysmatec.ch\\\/de\\\/#organization\",\"name\":\"Sysmatec\",\"url\":\"https:\\\/\\\/sysmatec.ch\\\/de\\\/\",\"logo\":{\"@type\":\"ImageObject\",\"inLanguage\":\"de\",\"@id\":\"https:\\\/\\\/sysmatec.ch\\\/de\\\/#\\\/schema\\\/logo\\\/image\\\/\",\"url\":\"https:\\\/\\\/sysmatec.ch\\\/wp-content\\\/uploads\\\/2018\\\/11\\\/LogoSysmatec.jpg\",\"contentUrl\":\"https:\\\/\\\/sysmatec.ch\\\/wp-content\\\/uploads\\\/2018\\\/11\\\/LogoSysmatec.jpg\",\"width\":301,\"height\":297,\"caption\":\"Sysmatec\"},\"image\":{\"@id\":\"https:\\\/\\\/sysmatec.ch\\\/de\\\/#\\\/schema\\\/logo\\\/image\\\/\"}}]}<\/script>\n<!-- \/ Yoast SEO plugin. -->","yoast_head_json":{"title":"16 Kan\u00e4le Digitaleingang \/ 8 Kan\u00e4le Relaisausgangsmodul W-M1B502 - Sysmatec","description":"Digitales Ein-\/Ausgabemodul mit RS485-Modbus-Kommunikation, 16 digitalen Eing\u00e4ngen und 8 Relais.","robots":{"index":"index","follow":"follow","max-snippet":"max-snippet:-1","max-image-preview":"max-image-preview:large","max-video-preview":"max-video-preview:-1"},"canonical":"https:\/\/sysmatec.ch\/de\/Produkt\/16-kanaele-digitaleingang-8-kanaele-relaisausgangsmodul-w-m1b502\/","og_locale":"de_DE","og_type":"article","og_title":"16 Kan\u00e4le Digitaleingang \/ 8 Kan\u00e4le Relaisausgangsmodul W-M1B502 - Sysmatec","og_description":"Digitales Ein-\/Ausgabemodul mit RS485-Modbus-Kommunikation, 16 digitalen Eing\u00e4ngen und 8 Relais.","og_url":"https:\/\/sysmatec.ch\/de\/Produkt\/16-kanaele-digitaleingang-8-kanaele-relaisausgangsmodul-w-m1b502\/","og_site_name":"Sysmatec","article_modified_time":"2024-12-18T15:47:00+00:00","twitter_card":"summary_large_image","twitter_misc":{"Gesch\u00e4tzte Lesezeit":"1\u00a0Minute"},"schema":{"@context":"https:\/\/schema.org","@graph":[{"@type":"WebPage","@id":"https:\/\/sysmatec.ch\/de\/Produkt\/16-kanaele-digitaleingang-8-kanaele-relaisausgangsmodul-w-m1b502\/","url":"https:\/\/sysmatec.ch\/de\/Produkt\/16-kanaele-digitaleingang-8-kanaele-relaisausgangsmodul-w-m1b502\/","name":"16 Kan\u00e4le Digitaleingang \/ 8 Kan\u00e4le Relaisausgangsmodul W-M1B502 - Sysmatec","isPartOf":{"@id":"https:\/\/sysmatec.ch\/de\/#website"},"primaryImageOfPage":{"@id":"https:\/\/sysmatec.ch\/de\/Produkt\/16-kanaele-digitaleingang-8-kanaele-relaisausgangsmodul-w-m1b502\/#primaryimage"},"image":{"@id":"https:\/\/sysmatec.ch\/de\/Produkt\/16-kanaele-digitaleingang-8-kanaele-relaisausgangsmodul-w-m1b502\/#primaryimage"},"thumbnailUrl":"https:\/\/sysmatec.ch\/wp-content\/uploads\/2024\/12\/EntreeSortie_ArborWM1B502.jpg","datePublished":"2024-12-18T15:21:07+00:00","dateModified":"2024-12-18T15:47:00+00:00","description":"Digitales Ein-\/Ausgabemodul mit RS485-Modbus-Kommunikation, 16 digitalen Eing\u00e4ngen und 8 Relais.","breadcrumb":{"@id":"https:\/\/sysmatec.ch\/de\/Produkt\/16-kanaele-digitaleingang-8-kanaele-relaisausgangsmodul-w-m1b502\/#breadcrumb"},"inLanguage":"de","potentialAction":[{"@type":"ReadAction","target":["https:\/\/sysmatec.ch\/de\/Produkt\/16-kanaele-digitaleingang-8-kanaele-relaisausgangsmodul-w-m1b502\/"]}]},{"@type":"ImageObject","inLanguage":"de","@id":"https:\/\/sysmatec.ch\/de\/Produkt\/16-kanaele-digitaleingang-8-kanaele-relaisausgangsmodul-w-m1b502\/#primaryimage","url":"https:\/\/sysmatec.ch\/wp-content\/uploads\/2024\/12\/EntreeSortie_ArborWM1B502.jpg","contentUrl":"https:\/\/sysmatec.ch\/wp-content\/uploads\/2024\/12\/EntreeSortie_ArborWM1B502.jpg","width":763,"height":698},{"@type":"BreadcrumbList","@id":"https:\/\/sysmatec.ch\/de\/Produkt\/16-kanaele-digitaleingang-8-kanaele-relaisausgangsmodul-w-m1b502\/#breadcrumb","itemListElement":[{"@type":"ListItem","position":1,"name":"Accueil","item":"https:\/\/sysmatec.ch\/de\/"},{"@type":"ListItem","position":2,"name":"Die Aktivit\u00e4t von Sysmatec","item":"https:\/\/sysmatec.ch\/de\/"},{"@type":"ListItem","position":3,"name":"16 Kan\u00e4le Digitaleingang \/ 8 Kan\u00e4le Relaisausgangsmodul W-M1B502"}]},{"@type":"WebSite","@id":"https:\/\/sysmatec.ch\/de\/#website","url":"https:\/\/sysmatec.ch\/de\/","name":"Sysmatec","description":"Equipement de laboratoire et logiciels","publisher":{"@id":"https:\/\/sysmatec.ch\/de\/#organization"},"potentialAction":[{"@type":"SearchAction","target":{"@type":"EntryPoint","urlTemplate":"https:\/\/sysmatec.ch\/de\/?s={search_term_string}"},"query-input":{"@type":"PropertyValueSpecification","valueRequired":true,"valueName":"search_term_string"}}],"inLanguage":"de"},{"@type":"Organization","@id":"https:\/\/sysmatec.ch\/de\/#organization","name":"Sysmatec","url":"https:\/\/sysmatec.ch\/de\/","logo":{"@type":"ImageObject","inLanguage":"de","@id":"https:\/\/sysmatec.ch\/de\/#\/schema\/logo\/image\/","url":"https:\/\/sysmatec.ch\/wp-content\/uploads\/2018\/11\/LogoSysmatec.jpg","contentUrl":"https:\/\/sysmatec.ch\/wp-content\/uploads\/2018\/11\/LogoSysmatec.jpg","width":301,"height":297,"caption":"Sysmatec"},"image":{"@id":"https:\/\/sysmatec.ch\/de\/#\/schema\/logo\/image\/"}}]}},"_links":{"self":[{"href":"https:\/\/sysmatec.ch\/de\/wp-json\/wp\/v2\/product\/30198","targetHints":{"allow":["GET"]}}],"collection":[{"href":"https:\/\/sysmatec.ch\/de\/wp-json\/wp\/v2\/product"}],"about":[{"href":"https:\/\/sysmatec.ch\/de\/wp-json\/wp\/v2\/types\/product"}],"wp:featuredmedia":[{"embeddable":true,"href":"https:\/\/sysmatec.ch\/de\/wp-json\/wp\/v2\/media\/30202"}],"wp:attachment":[{"href":"https:\/\/sysmatec.ch\/de\/wp-json\/wp\/v2\/media?parent=30198"}],"wp:term":[{"taxonomy":"product_brand","embeddable":true,"href":"https:\/\/sysmatec.ch\/de\/wp-json\/wp\/v2\/product_brand?post=30198"},{"taxonomy":"product_cat","embeddable":true,"href":"https:\/\/sysmatec.ch\/de\/wp-json\/wp\/v2\/product_cat?post=30198"},{"taxonomy":"product_tag","embeddable":true,"href":"https:\/\/sysmatec.ch\/de\/wp-json\/wp\/v2\/product_tag?post=30198"}],"curies":[{"name":"wp","href":"https:\/\/api.w.org\/{rel}","templated":true}]}}