{"id":30191,"date":"2024-12-18T09:23:55","date_gmt":"2024-12-18T08:23:55","guid":{"rendered":"https:\/\/sysmatec.ch\/?post_type=product&#038;p=30191"},"modified":"2024-12-18T09:43:51","modified_gmt":"2024-12-18T08:43:51","slug":"8-kanal-analogausgangsmodul-w-m1b201","status":"publish","type":"product","link":"https:\/\/sysmatec.ch\/de\/Produkt\/8-kanal-analogausgangsmodul-w-m1b201\/","title":{"rendered":"8-Kanal-Analogausgangsmodul W-M1B201"},"content":{"rendered":"<p>Es handelt sich um ein 8-Kanal-Analogausgangsmodul, bei dem zuverl\u00e4ssige Leistung und hohe Kosteneffizienz den reibungslosen Betrieb vor Ort unterst\u00fctzen. Es verf\u00fcgt \u00fcber Strom- und Spannungsausg\u00e4nge<\/p>\n<h2>Merkmale<\/h2>\n<ul>\n<li>Stromausgangskapazit\u00e4t 500\u03a9<\/li>\n<li>8 LEDs als Analogausgang und Fehleranzeigen<\/li>\n<li>Unterbrechungserkennung 4-20 mA<\/li>\n<li>Kommunikationsprotokoll: Modbus RTU<\/li>\n<li>Ausgabetyp: Spannung \/ Strom<\/li>\n<li>Spannungsausgang: Bereich \u00b15 V, \u00b110 V, 0-5 V, 0-10 V<\/li>\n<li>Stromausgangsbereich 4 ~ 20 mA, 0 ~ 20 mA<\/li>\n<li>Ausgabereaktionszeit: 10 ms<\/li>\n<li>Aufl\u00f6sung: 12 Bit<\/li>\n<li>Genauigkeit: \u00b1 0,1 % FSR<\/li>\n<li>Programmierbare Ausgabesteigung: Spannung: 0,0625 ~ 512 V\/Sek. \/\u00a0 Strom: 0,125 ~ 1024 mA\/Sek.<\/li>\n<li>Spannungsausgang: Kapazit\u00e4t 10 V bei 10 mA<\/li>\n<li>Stromausgang: Kapazit\u00e4t 500\u03a9<\/li>\n<li>Kanalunabh\u00e4ngige Konfiguration: Ja<\/li>\n<li>Einschaltwert \/ Sicherheitswert: Programmierbar<\/li>\n<li>Schnittstelle RS-485<\/li>\n<li>Strom Verbrauch 0,5 W bei 24 V (Leerlauf), 3,6 W bei 24 V (Maximallast)<\/li>\n<li>Strombedarf 10 \u2013 60 VDC<\/li>\n<li>Watchdog-Timer-System (1,6 Sekunden fest)<\/li>\n<li>LED-Anzeige 8 LEDs als Analogausgang<\/li>\n<li>8 LEDs als Fehleranzeigen<\/li>\n<li>Isolationsschutz 2500 VDC<\/li>\n<li>Intramodul-Isolation, Feld-zu-Logik: 2500 VDC<\/li>\n<li>Kommunikation: Protokoll: Modbus RTU<\/li>\n<li>Geschwindigkeit von 1200 \u2013 115,2 kbit\/s<\/li>\n<li>Entfernung 1,2 km bei 9,6 kbit\/s<\/li>\n<li>Betriebstemperatur \u201325 \u2013 70 \u00b0C<\/li>\n<li>Lagertemperatur \u201330 \u2013 75 \u00b0C<\/li>\n<li>Relative Luftfeuchtigkeit bei Betrieb 10 % bis 90 % (nicht kondensierend)<\/li>\n<li>Gewicht 65 g (Durchschnitt)<\/li>\n<li>Abmessungen 472 x 121 x 120 mm<\/li>\n<\/ul>\n","protected":false},"excerpt":{"rendered":"<p>8 analoge Strom- und Spannungsausg\u00e4nge mit RS485 Modbus Schnittstelle<\/p>\n","protected":false},"featured_media":30195,"template":"","meta":{"_crdt_document":""},"product_brand":[],"product_cat":[191,357],"product_tag":[],"class_list":{"0":"post-30191","1":"product","2":"type-product","3":"status-publish","4":"has-post-thumbnail","6":"product_cat-automation-de","7":"product_cat-e-a-module","9":"first","10":"instock","11":"taxable","12":"shipping-taxable","13":"product-type-simple"},"yoast_head":"<!-- This site is optimized with the Yoast SEO plugin v27.4 - https:\/\/yoast.com\/product\/yoast-seo-wordpress\/ -->\n<title>8-Kanal-Analogausgangsmodul W-M1B201 - Sysmatec<\/title>\n<meta name=\"description\" content=\"Ein-\/Ausgabemodul mit RS485 Modbus-Kommunikation, 8 analoge Strom- und Spannungsausg\u00e4nge\" \/>\n<meta name=\"robots\" content=\"index, follow, max-snippet:-1, max-image-preview:large, max-video-preview:-1\" \/>\n<link rel=\"canonical\" href=\"https:\/\/sysmatec.ch\/de\/Produkt\/8-kanal-analogausgangsmodul-w-m1b201\/\" \/>\n<meta property=\"og:locale\" content=\"de_DE\" \/>\n<meta property=\"og:type\" content=\"article\" \/>\n<meta property=\"og:title\" content=\"8-Kanal-Analogausgangsmodul W-M1B201 - Sysmatec\" \/>\n<meta property=\"og:description\" content=\"Ein-\/Ausgabemodul mit RS485 Modbus-Kommunikation, 8 analoge Strom- und Spannungsausg\u00e4nge\" \/>\n<meta property=\"og:url\" content=\"https:\/\/sysmatec.ch\/de\/Produkt\/8-kanal-analogausgangsmodul-w-m1b201\/\" \/>\n<meta property=\"og:site_name\" content=\"Sysmatec\" \/>\n<meta property=\"article:modified_time\" content=\"2024-12-18T08:43:51+00:00\" \/>\n<meta property=\"og:image\" content=\"https:\/\/sysmatec.ch\/wp-content\/uploads\/2024\/12\/EntreSortie_ArborWM1B201.jpg\" \/>\n\t<meta property=\"og:image:width\" content=\"703\" \/>\n\t<meta property=\"og:image:height\" content=\"716\" \/>\n\t<meta property=\"og:image:type\" content=\"image\/jpeg\" \/>\n<meta name=\"twitter:card\" content=\"summary_large_image\" \/>\n<meta name=\"twitter:label1\" content=\"Gesch\u00e4tzte Lesezeit\" \/>\n\t<meta name=\"twitter:data1\" content=\"2\u00a0Minuten\" \/>\n<script type=\"application\/ld+json\" class=\"yoast-schema-graph\">{\"@context\":\"https:\\\/\\\/schema.org\",\"@graph\":[{\"@type\":\"WebPage\",\"@id\":\"https:\\\/\\\/sysmatec.ch\\\/de\\\/Produkt\\\/8-kanal-analogausgangsmodul-w-m1b201\\\/\",\"url\":\"https:\\\/\\\/sysmatec.ch\\\/de\\\/Produkt\\\/8-kanal-analogausgangsmodul-w-m1b201\\\/\",\"name\":\"8-Kanal-Analogausgangsmodul W-M1B201 - Sysmatec\",\"isPartOf\":{\"@id\":\"https:\\\/\\\/sysmatec.ch\\\/de\\\/#website\"},\"primaryImageOfPage\":{\"@id\":\"https:\\\/\\\/sysmatec.ch\\\/de\\\/Produkt\\\/8-kanal-analogausgangsmodul-w-m1b201\\\/#primaryimage\"},\"image\":{\"@id\":\"https:\\\/\\\/sysmatec.ch\\\/de\\\/Produkt\\\/8-kanal-analogausgangsmodul-w-m1b201\\\/#primaryimage\"},\"thumbnailUrl\":\"https:\\\/\\\/sysmatec.ch\\\/wp-content\\\/uploads\\\/2024\\\/12\\\/EntreSortie_ArborWM1B201.jpg\",\"datePublished\":\"2024-12-18T08:23:55+00:00\",\"dateModified\":\"2024-12-18T08:43:51+00:00\",\"description\":\"Ein-\\\/Ausgabemodul mit RS485 Modbus-Kommunikation, 8 analoge Strom- und Spannungsausg\u00e4nge\",\"breadcrumb\":{\"@id\":\"https:\\\/\\\/sysmatec.ch\\\/de\\\/Produkt\\\/8-kanal-analogausgangsmodul-w-m1b201\\\/#breadcrumb\"},\"inLanguage\":\"de\",\"potentialAction\":[{\"@type\":\"ReadAction\",\"target\":[\"https:\\\/\\\/sysmatec.ch\\\/de\\\/Produkt\\\/8-kanal-analogausgangsmodul-w-m1b201\\\/\"]}]},{\"@type\":\"ImageObject\",\"inLanguage\":\"de\",\"@id\":\"https:\\\/\\\/sysmatec.ch\\\/de\\\/Produkt\\\/8-kanal-analogausgangsmodul-w-m1b201\\\/#primaryimage\",\"url\":\"https:\\\/\\\/sysmatec.ch\\\/wp-content\\\/uploads\\\/2024\\\/12\\\/EntreSortie_ArborWM1B201.jpg\",\"contentUrl\":\"https:\\\/\\\/sysmatec.ch\\\/wp-content\\\/uploads\\\/2024\\\/12\\\/EntreSortie_ArborWM1B201.jpg\",\"width\":703,\"height\":716},{\"@type\":\"BreadcrumbList\",\"@id\":\"https:\\\/\\\/sysmatec.ch\\\/de\\\/Produkt\\\/8-kanal-analogausgangsmodul-w-m1b201\\\/#breadcrumb\",\"itemListElement\":[{\"@type\":\"ListItem\",\"position\":1,\"name\":\"Accueil\",\"item\":\"https:\\\/\\\/sysmatec.ch\\\/de\\\/\"},{\"@type\":\"ListItem\",\"position\":2,\"name\":\"Die Aktivit\u00e4t von Sysmatec\",\"item\":\"https:\\\/\\\/sysmatec.ch\\\/de\\\/\"},{\"@type\":\"ListItem\",\"position\":3,\"name\":\"8-Kanal-Analogausgangsmodul W-M1B201\"}]},{\"@type\":\"WebSite\",\"@id\":\"https:\\\/\\\/sysmatec.ch\\\/de\\\/#website\",\"url\":\"https:\\\/\\\/sysmatec.ch\\\/de\\\/\",\"name\":\"Sysmatec\",\"description\":\"Equipement de laboratoire et logiciels\",\"publisher\":{\"@id\":\"https:\\\/\\\/sysmatec.ch\\\/de\\\/#organization\"},\"potentialAction\":[{\"@type\":\"SearchAction\",\"target\":{\"@type\":\"EntryPoint\",\"urlTemplate\":\"https:\\\/\\\/sysmatec.ch\\\/de\\\/?s={search_term_string}\"},\"query-input\":{\"@type\":\"PropertyValueSpecification\",\"valueRequired\":true,\"valueName\":\"search_term_string\"}}],\"inLanguage\":\"de\"},{\"@type\":\"Organization\",\"@id\":\"https:\\\/\\\/sysmatec.ch\\\/de\\\/#organization\",\"name\":\"Sysmatec\",\"url\":\"https:\\\/\\\/sysmatec.ch\\\/de\\\/\",\"logo\":{\"@type\":\"ImageObject\",\"inLanguage\":\"de\",\"@id\":\"https:\\\/\\\/sysmatec.ch\\\/de\\\/#\\\/schema\\\/logo\\\/image\\\/\",\"url\":\"https:\\\/\\\/sysmatec.ch\\\/wp-content\\\/uploads\\\/2018\\\/11\\\/LogoSysmatec.jpg\",\"contentUrl\":\"https:\\\/\\\/sysmatec.ch\\\/wp-content\\\/uploads\\\/2018\\\/11\\\/LogoSysmatec.jpg\",\"width\":301,\"height\":297,\"caption\":\"Sysmatec\"},\"image\":{\"@id\":\"https:\\\/\\\/sysmatec.ch\\\/de\\\/#\\\/schema\\\/logo\\\/image\\\/\"}}]}<\/script>\n<!-- \/ Yoast SEO plugin. -->","yoast_head_json":{"title":"8-Kanal-Analogausgangsmodul W-M1B201 - Sysmatec","description":"Ein-\/Ausgabemodul mit RS485 Modbus-Kommunikation, 8 analoge Strom- und Spannungsausg\u00e4nge","robots":{"index":"index","follow":"follow","max-snippet":"max-snippet:-1","max-image-preview":"max-image-preview:large","max-video-preview":"max-video-preview:-1"},"canonical":"https:\/\/sysmatec.ch\/de\/Produkt\/8-kanal-analogausgangsmodul-w-m1b201\/","og_locale":"de_DE","og_type":"article","og_title":"8-Kanal-Analogausgangsmodul W-M1B201 - Sysmatec","og_description":"Ein-\/Ausgabemodul mit RS485 Modbus-Kommunikation, 8 analoge Strom- und Spannungsausg\u00e4nge","og_url":"https:\/\/sysmatec.ch\/de\/Produkt\/8-kanal-analogausgangsmodul-w-m1b201\/","og_site_name":"Sysmatec","article_modified_time":"2024-12-18T08:43:51+00:00","og_image":[{"width":703,"height":716,"url":"https:\/\/sysmatec.ch\/wp-content\/uploads\/2024\/12\/EntreSortie_ArborWM1B201.jpg","type":"image\/jpeg"}],"twitter_card":"summary_large_image","twitter_misc":{"Gesch\u00e4tzte Lesezeit":"2\u00a0Minuten"},"schema":{"@context":"https:\/\/schema.org","@graph":[{"@type":"WebPage","@id":"https:\/\/sysmatec.ch\/de\/Produkt\/8-kanal-analogausgangsmodul-w-m1b201\/","url":"https:\/\/sysmatec.ch\/de\/Produkt\/8-kanal-analogausgangsmodul-w-m1b201\/","name":"8-Kanal-Analogausgangsmodul W-M1B201 - Sysmatec","isPartOf":{"@id":"https:\/\/sysmatec.ch\/de\/#website"},"primaryImageOfPage":{"@id":"https:\/\/sysmatec.ch\/de\/Produkt\/8-kanal-analogausgangsmodul-w-m1b201\/#primaryimage"},"image":{"@id":"https:\/\/sysmatec.ch\/de\/Produkt\/8-kanal-analogausgangsmodul-w-m1b201\/#primaryimage"},"thumbnailUrl":"https:\/\/sysmatec.ch\/wp-content\/uploads\/2024\/12\/EntreSortie_ArborWM1B201.jpg","datePublished":"2024-12-18T08:23:55+00:00","dateModified":"2024-12-18T08:43:51+00:00","description":"Ein-\/Ausgabemodul mit RS485 Modbus-Kommunikation, 8 analoge Strom- und Spannungsausg\u00e4nge","breadcrumb":{"@id":"https:\/\/sysmatec.ch\/de\/Produkt\/8-kanal-analogausgangsmodul-w-m1b201\/#breadcrumb"},"inLanguage":"de","potentialAction":[{"@type":"ReadAction","target":["https:\/\/sysmatec.ch\/de\/Produkt\/8-kanal-analogausgangsmodul-w-m1b201\/"]}]},{"@type":"ImageObject","inLanguage":"de","@id":"https:\/\/sysmatec.ch\/de\/Produkt\/8-kanal-analogausgangsmodul-w-m1b201\/#primaryimage","url":"https:\/\/sysmatec.ch\/wp-content\/uploads\/2024\/12\/EntreSortie_ArborWM1B201.jpg","contentUrl":"https:\/\/sysmatec.ch\/wp-content\/uploads\/2024\/12\/EntreSortie_ArborWM1B201.jpg","width":703,"height":716},{"@type":"BreadcrumbList","@id":"https:\/\/sysmatec.ch\/de\/Produkt\/8-kanal-analogausgangsmodul-w-m1b201\/#breadcrumb","itemListElement":[{"@type":"ListItem","position":1,"name":"Accueil","item":"https:\/\/sysmatec.ch\/de\/"},{"@type":"ListItem","position":2,"name":"Die Aktivit\u00e4t von Sysmatec","item":"https:\/\/sysmatec.ch\/de\/"},{"@type":"ListItem","position":3,"name":"8-Kanal-Analogausgangsmodul W-M1B201"}]},{"@type":"WebSite","@id":"https:\/\/sysmatec.ch\/de\/#website","url":"https:\/\/sysmatec.ch\/de\/","name":"Sysmatec","description":"Equipement de laboratoire et logiciels","publisher":{"@id":"https:\/\/sysmatec.ch\/de\/#organization"},"potentialAction":[{"@type":"SearchAction","target":{"@type":"EntryPoint","urlTemplate":"https:\/\/sysmatec.ch\/de\/?s={search_term_string}"},"query-input":{"@type":"PropertyValueSpecification","valueRequired":true,"valueName":"search_term_string"}}],"inLanguage":"de"},{"@type":"Organization","@id":"https:\/\/sysmatec.ch\/de\/#organization","name":"Sysmatec","url":"https:\/\/sysmatec.ch\/de\/","logo":{"@type":"ImageObject","inLanguage":"de","@id":"https:\/\/sysmatec.ch\/de\/#\/schema\/logo\/image\/","url":"https:\/\/sysmatec.ch\/wp-content\/uploads\/2018\/11\/LogoSysmatec.jpg","contentUrl":"https:\/\/sysmatec.ch\/wp-content\/uploads\/2018\/11\/LogoSysmatec.jpg","width":301,"height":297,"caption":"Sysmatec"},"image":{"@id":"https:\/\/sysmatec.ch\/de\/#\/schema\/logo\/image\/"}}]}},"_links":{"self":[{"href":"https:\/\/sysmatec.ch\/de\/wp-json\/wp\/v2\/product\/30191","targetHints":{"allow":["GET"]}}],"collection":[{"href":"https:\/\/sysmatec.ch\/de\/wp-json\/wp\/v2\/product"}],"about":[{"href":"https:\/\/sysmatec.ch\/de\/wp-json\/wp\/v2\/types\/product"}],"wp:featuredmedia":[{"embeddable":true,"href":"https:\/\/sysmatec.ch\/de\/wp-json\/wp\/v2\/media\/30195"}],"wp:attachment":[{"href":"https:\/\/sysmatec.ch\/de\/wp-json\/wp\/v2\/media?parent=30191"}],"wp:term":[{"taxonomy":"product_brand","embeddable":true,"href":"https:\/\/sysmatec.ch\/de\/wp-json\/wp\/v2\/product_brand?post=30191"},{"taxonomy":"product_cat","embeddable":true,"href":"https:\/\/sysmatec.ch\/de\/wp-json\/wp\/v2\/product_cat?post=30191"},{"taxonomy":"product_tag","embeddable":true,"href":"https:\/\/sysmatec.ch\/de\/wp-json\/wp\/v2\/product_tag?post=30191"}],"curies":[{"name":"wp","href":"https:\/\/api.w.org\/{rel}","templated":true}]}}