{"id":30179,"date":"2024-12-08T20:40:31","date_gmt":"2024-12-08T19:40:31","guid":{"rendered":"https:\/\/sysmatec.ch\/?post_type=product&#038;p=30179"},"modified":"2024-12-08T21:08:16","modified_gmt":"2024-12-08T20:08:16","slug":"einweg-antibeschlag-gesichtsmaske-mit-band-oder-ohrschlaufe","status":"publish","type":"product","link":"https:\/\/sysmatec.ch\/de\/Produkt\/einweg-antibeschlag-gesichtsmaske-mit-band-oder-ohrschlaufe\/","title":{"rendered":"Einweg-Antibeschlag-Gesichtsmaske mit Band oder Ohrschlaufe"},"content":{"rendered":"<p>Diese Maske besteht aus hochwertigem Vliesmaterial mit dreilagiger Gewebestruktur. Sie filtert Partikel effizient. Sie ist mit verstellbaren, geschn\u00fcrten Ohrschlaufen ausgestattet, die daf\u00fcr sorgen, dass die Maske gut auf dem Gesicht sitzt und den Tragekomfort bei l\u00e4ngerem Tragen erh\u00f6ht.<\/p>\n<p>Auch mit Ohrschlaufe erh\u00e4ltlich<\/p>\n<ul>\n<li>Material: SPP, MB<\/li>\n<li>Farbe: wei\u00df, blau, gr\u00fcn<\/li>\n<li>Gr\u00f6\u00dfe: 17,5 x 9,5 cm<\/li>\n<li>Verpackung: 50 St\u00fcck\/Beutel<\/li>\n<li>Stil: dreilagiges Gewebe, Blendschutzstreifen<\/li>\n<\/ul>\n","protected":false},"excerpt":{"rendered":"<p>Einweg-Antibeschlag-Mundschutz mit Band oder Ohrschlaufe<\/p>\n","protected":false},"featured_media":30183,"template":"","meta":{"_crdt_document":""},"product_brand":[],"product_cat":[381,279],"product_tag":[],"class_list":{"0":"post-30179","1":"product","2":"type-product","3":"status-publish","4":"has-post-thumbnail","6":"product_cat-schutz","7":"product_cat-verbrauchsmaterial","9":"first","10":"instock","11":"taxable","12":"shipping-taxable","13":"product-type-simple"},"yoast_head":"<!-- This site is optimized with the Yoast SEO plugin v27.4 - https:\/\/yoast.com\/product\/yoast-seo-wordpress\/ -->\n<title>Einweg-Antibeschlag-Gesichtsmaske mit Band oder Ohrschlaufe - Sysmatec<\/title>\n<meta name=\"description\" content=\"Einweg-Antibeschlag-Mundschutz mit Band oder Ohrschlaufe\" \/>\n<meta name=\"robots\" content=\"index, follow, max-snippet:-1, max-image-preview:large, max-video-preview:-1\" \/>\n<link rel=\"canonical\" href=\"https:\/\/sysmatec.ch\/de\/Produkt\/einweg-antibeschlag-gesichtsmaske-mit-band-oder-ohrschlaufe\/\" \/>\n<meta property=\"og:locale\" content=\"de_DE\" \/>\n<meta property=\"og:type\" content=\"article\" \/>\n<meta property=\"og:title\" content=\"Einweg-Antibeschlag-Gesichtsmaske mit Band oder Ohrschlaufe - Sysmatec\" \/>\n<meta property=\"og:description\" content=\"Einweg-Antibeschlag-Mundschutz mit Band oder Ohrschlaufe\" \/>\n<meta property=\"og:url\" content=\"https:\/\/sysmatec.ch\/de\/Produkt\/einweg-antibeschlag-gesichtsmaske-mit-band-oder-ohrschlaufe\/\" \/>\n<meta property=\"og:site_name\" content=\"Sysmatec\" \/>\n<meta property=\"article:modified_time\" content=\"2024-12-08T20:08:16+00:00\" \/>\n<meta property=\"og:image\" content=\"https:\/\/sysmatec.ch\/wp-content\/uploads\/2024\/12\/Antifogmask_Intco1.jpg\" \/>\n\t<meta property=\"og:image:width\" content=\"349\" \/>\n\t<meta property=\"og:image:height\" content=\"253\" \/>\n\t<meta property=\"og:image:type\" content=\"image\/jpeg\" \/>\n<meta name=\"twitter:card\" content=\"summary_large_image\" \/>\n<meta name=\"twitter:label1\" content=\"Gesch\u00e4tzte Lesezeit\" \/>\n\t<meta name=\"twitter:data1\" content=\"1\u00a0Minute\" \/>\n<script type=\"application\/ld+json\" class=\"yoast-schema-graph\">{\"@context\":\"https:\\\/\\\/schema.org\",\"@graph\":[{\"@type\":\"WebPage\",\"@id\":\"https:\\\/\\\/sysmatec.ch\\\/de\\\/Produkt\\\/einweg-antibeschlag-gesichtsmaske-mit-band-oder-ohrschlaufe\\\/\",\"url\":\"https:\\\/\\\/sysmatec.ch\\\/de\\\/Produkt\\\/einweg-antibeschlag-gesichtsmaske-mit-band-oder-ohrschlaufe\\\/\",\"name\":\"Einweg-Antibeschlag-Gesichtsmaske mit Band oder Ohrschlaufe - Sysmatec\",\"isPartOf\":{\"@id\":\"https:\\\/\\\/sysmatec.ch\\\/de\\\/#website\"},\"primaryImageOfPage\":{\"@id\":\"https:\\\/\\\/sysmatec.ch\\\/de\\\/Produkt\\\/einweg-antibeschlag-gesichtsmaske-mit-band-oder-ohrschlaufe\\\/#primaryimage\"},\"image\":{\"@id\":\"https:\\\/\\\/sysmatec.ch\\\/de\\\/Produkt\\\/einweg-antibeschlag-gesichtsmaske-mit-band-oder-ohrschlaufe\\\/#primaryimage\"},\"thumbnailUrl\":\"https:\\\/\\\/sysmatec.ch\\\/wp-content\\\/uploads\\\/2024\\\/12\\\/Antifogmask_Intco1.jpg\",\"datePublished\":\"2024-12-08T19:40:31+00:00\",\"dateModified\":\"2024-12-08T20:08:16+00:00\",\"description\":\"Einweg-Antibeschlag-Mundschutz mit Band oder Ohrschlaufe\",\"breadcrumb\":{\"@id\":\"https:\\\/\\\/sysmatec.ch\\\/de\\\/Produkt\\\/einweg-antibeschlag-gesichtsmaske-mit-band-oder-ohrschlaufe\\\/#breadcrumb\"},\"inLanguage\":\"de\",\"potentialAction\":[{\"@type\":\"ReadAction\",\"target\":[\"https:\\\/\\\/sysmatec.ch\\\/de\\\/Produkt\\\/einweg-antibeschlag-gesichtsmaske-mit-band-oder-ohrschlaufe\\\/\"]}]},{\"@type\":\"ImageObject\",\"inLanguage\":\"de\",\"@id\":\"https:\\\/\\\/sysmatec.ch\\\/de\\\/Produkt\\\/einweg-antibeschlag-gesichtsmaske-mit-band-oder-ohrschlaufe\\\/#primaryimage\",\"url\":\"https:\\\/\\\/sysmatec.ch\\\/wp-content\\\/uploads\\\/2024\\\/12\\\/Antifogmask_Intco1.jpg\",\"contentUrl\":\"https:\\\/\\\/sysmatec.ch\\\/wp-content\\\/uploads\\\/2024\\\/12\\\/Antifogmask_Intco1.jpg\",\"width\":349,\"height\":253},{\"@type\":\"BreadcrumbList\",\"@id\":\"https:\\\/\\\/sysmatec.ch\\\/de\\\/Produkt\\\/einweg-antibeschlag-gesichtsmaske-mit-band-oder-ohrschlaufe\\\/#breadcrumb\",\"itemListElement\":[{\"@type\":\"ListItem\",\"position\":1,\"name\":\"Accueil\",\"item\":\"https:\\\/\\\/sysmatec.ch\\\/de\\\/\"},{\"@type\":\"ListItem\",\"position\":2,\"name\":\"Die Aktivit\u00e4t von Sysmatec\",\"item\":\"https:\\\/\\\/sysmatec.ch\\\/de\\\/\"},{\"@type\":\"ListItem\",\"position\":3,\"name\":\"Einweg-Antibeschlag-Gesichtsmaske mit Band oder Ohrschlaufe\"}]},{\"@type\":\"WebSite\",\"@id\":\"https:\\\/\\\/sysmatec.ch\\\/de\\\/#website\",\"url\":\"https:\\\/\\\/sysmatec.ch\\\/de\\\/\",\"name\":\"Sysmatec\",\"description\":\"Equipement de laboratoire et logiciels\",\"publisher\":{\"@id\":\"https:\\\/\\\/sysmatec.ch\\\/de\\\/#organization\"},\"potentialAction\":[{\"@type\":\"SearchAction\",\"target\":{\"@type\":\"EntryPoint\",\"urlTemplate\":\"https:\\\/\\\/sysmatec.ch\\\/de\\\/?s={search_term_string}\"},\"query-input\":{\"@type\":\"PropertyValueSpecification\",\"valueRequired\":true,\"valueName\":\"search_term_string\"}}],\"inLanguage\":\"de\"},{\"@type\":\"Organization\",\"@id\":\"https:\\\/\\\/sysmatec.ch\\\/de\\\/#organization\",\"name\":\"Sysmatec\",\"url\":\"https:\\\/\\\/sysmatec.ch\\\/de\\\/\",\"logo\":{\"@type\":\"ImageObject\",\"inLanguage\":\"de\",\"@id\":\"https:\\\/\\\/sysmatec.ch\\\/de\\\/#\\\/schema\\\/logo\\\/image\\\/\",\"url\":\"https:\\\/\\\/sysmatec.ch\\\/wp-content\\\/uploads\\\/2018\\\/11\\\/LogoSysmatec.jpg\",\"contentUrl\":\"https:\\\/\\\/sysmatec.ch\\\/wp-content\\\/uploads\\\/2018\\\/11\\\/LogoSysmatec.jpg\",\"width\":301,\"height\":297,\"caption\":\"Sysmatec\"},\"image\":{\"@id\":\"https:\\\/\\\/sysmatec.ch\\\/de\\\/#\\\/schema\\\/logo\\\/image\\\/\"}}]}<\/script>\n<!-- \/ Yoast SEO plugin. -->","yoast_head_json":{"title":"Einweg-Antibeschlag-Gesichtsmaske mit Band oder Ohrschlaufe - Sysmatec","description":"Einweg-Antibeschlag-Mundschutz mit Band oder Ohrschlaufe","robots":{"index":"index","follow":"follow","max-snippet":"max-snippet:-1","max-image-preview":"max-image-preview:large","max-video-preview":"max-video-preview:-1"},"canonical":"https:\/\/sysmatec.ch\/de\/Produkt\/einweg-antibeschlag-gesichtsmaske-mit-band-oder-ohrschlaufe\/","og_locale":"de_DE","og_type":"article","og_title":"Einweg-Antibeschlag-Gesichtsmaske mit Band oder Ohrschlaufe - Sysmatec","og_description":"Einweg-Antibeschlag-Mundschutz mit Band oder Ohrschlaufe","og_url":"https:\/\/sysmatec.ch\/de\/Produkt\/einweg-antibeschlag-gesichtsmaske-mit-band-oder-ohrschlaufe\/","og_site_name":"Sysmatec","article_modified_time":"2024-12-08T20:08:16+00:00","og_image":[{"width":349,"height":253,"url":"https:\/\/sysmatec.ch\/wp-content\/uploads\/2024\/12\/Antifogmask_Intco1.jpg","type":"image\/jpeg"}],"twitter_card":"summary_large_image","twitter_misc":{"Gesch\u00e4tzte Lesezeit":"1\u00a0Minute"},"schema":{"@context":"https:\/\/schema.org","@graph":[{"@type":"WebPage","@id":"https:\/\/sysmatec.ch\/de\/Produkt\/einweg-antibeschlag-gesichtsmaske-mit-band-oder-ohrschlaufe\/","url":"https:\/\/sysmatec.ch\/de\/Produkt\/einweg-antibeschlag-gesichtsmaske-mit-band-oder-ohrschlaufe\/","name":"Einweg-Antibeschlag-Gesichtsmaske mit Band oder Ohrschlaufe - Sysmatec","isPartOf":{"@id":"https:\/\/sysmatec.ch\/de\/#website"},"primaryImageOfPage":{"@id":"https:\/\/sysmatec.ch\/de\/Produkt\/einweg-antibeschlag-gesichtsmaske-mit-band-oder-ohrschlaufe\/#primaryimage"},"image":{"@id":"https:\/\/sysmatec.ch\/de\/Produkt\/einweg-antibeschlag-gesichtsmaske-mit-band-oder-ohrschlaufe\/#primaryimage"},"thumbnailUrl":"https:\/\/sysmatec.ch\/wp-content\/uploads\/2024\/12\/Antifogmask_Intco1.jpg","datePublished":"2024-12-08T19:40:31+00:00","dateModified":"2024-12-08T20:08:16+00:00","description":"Einweg-Antibeschlag-Mundschutz mit Band oder Ohrschlaufe","breadcrumb":{"@id":"https:\/\/sysmatec.ch\/de\/Produkt\/einweg-antibeschlag-gesichtsmaske-mit-band-oder-ohrschlaufe\/#breadcrumb"},"inLanguage":"de","potentialAction":[{"@type":"ReadAction","target":["https:\/\/sysmatec.ch\/de\/Produkt\/einweg-antibeschlag-gesichtsmaske-mit-band-oder-ohrschlaufe\/"]}]},{"@type":"ImageObject","inLanguage":"de","@id":"https:\/\/sysmatec.ch\/de\/Produkt\/einweg-antibeschlag-gesichtsmaske-mit-band-oder-ohrschlaufe\/#primaryimage","url":"https:\/\/sysmatec.ch\/wp-content\/uploads\/2024\/12\/Antifogmask_Intco1.jpg","contentUrl":"https:\/\/sysmatec.ch\/wp-content\/uploads\/2024\/12\/Antifogmask_Intco1.jpg","width":349,"height":253},{"@type":"BreadcrumbList","@id":"https:\/\/sysmatec.ch\/de\/Produkt\/einweg-antibeschlag-gesichtsmaske-mit-band-oder-ohrschlaufe\/#breadcrumb","itemListElement":[{"@type":"ListItem","position":1,"name":"Accueil","item":"https:\/\/sysmatec.ch\/de\/"},{"@type":"ListItem","position":2,"name":"Die Aktivit\u00e4t von Sysmatec","item":"https:\/\/sysmatec.ch\/de\/"},{"@type":"ListItem","position":3,"name":"Einweg-Antibeschlag-Gesichtsmaske mit Band oder Ohrschlaufe"}]},{"@type":"WebSite","@id":"https:\/\/sysmatec.ch\/de\/#website","url":"https:\/\/sysmatec.ch\/de\/","name":"Sysmatec","description":"Equipement de laboratoire et logiciels","publisher":{"@id":"https:\/\/sysmatec.ch\/de\/#organization"},"potentialAction":[{"@type":"SearchAction","target":{"@type":"EntryPoint","urlTemplate":"https:\/\/sysmatec.ch\/de\/?s={search_term_string}"},"query-input":{"@type":"PropertyValueSpecification","valueRequired":true,"valueName":"search_term_string"}}],"inLanguage":"de"},{"@type":"Organization","@id":"https:\/\/sysmatec.ch\/de\/#organization","name":"Sysmatec","url":"https:\/\/sysmatec.ch\/de\/","logo":{"@type":"ImageObject","inLanguage":"de","@id":"https:\/\/sysmatec.ch\/de\/#\/schema\/logo\/image\/","url":"https:\/\/sysmatec.ch\/wp-content\/uploads\/2018\/11\/LogoSysmatec.jpg","contentUrl":"https:\/\/sysmatec.ch\/wp-content\/uploads\/2018\/11\/LogoSysmatec.jpg","width":301,"height":297,"caption":"Sysmatec"},"image":{"@id":"https:\/\/sysmatec.ch\/de\/#\/schema\/logo\/image\/"}}]}},"_links":{"self":[{"href":"https:\/\/sysmatec.ch\/de\/wp-json\/wp\/v2\/product\/30179","targetHints":{"allow":["GET"]}}],"collection":[{"href":"https:\/\/sysmatec.ch\/de\/wp-json\/wp\/v2\/product"}],"about":[{"href":"https:\/\/sysmatec.ch\/de\/wp-json\/wp\/v2\/types\/product"}],"wp:featuredmedia":[{"embeddable":true,"href":"https:\/\/sysmatec.ch\/de\/wp-json\/wp\/v2\/media\/30183"}],"wp:attachment":[{"href":"https:\/\/sysmatec.ch\/de\/wp-json\/wp\/v2\/media?parent=30179"}],"wp:term":[{"taxonomy":"product_brand","embeddable":true,"href":"https:\/\/sysmatec.ch\/de\/wp-json\/wp\/v2\/product_brand?post=30179"},{"taxonomy":"product_cat","embeddable":true,"href":"https:\/\/sysmatec.ch\/de\/wp-json\/wp\/v2\/product_cat?post=30179"},{"taxonomy":"product_tag","embeddable":true,"href":"https:\/\/sysmatec.ch\/de\/wp-json\/wp\/v2\/product_tag?post=30179"}],"curies":[{"name":"wp","href":"https:\/\/api.w.org\/{rel}","templated":true}]}}