{"id":30173,"date":"2024-12-08T09:18:45","date_gmt":"2024-12-08T08:18:45","guid":{"rendered":"https:\/\/sysmatec.ch\/?post_type=product&#038;p=30173"},"modified":"2024-12-08T09:39:01","modified_gmt":"2024-12-08T08:39:01","slug":"dynamische-waage-dwm","status":"publish","type":"product","link":"https:\/\/sysmatec.ch\/de\/Produkt\/dynamische-waage-dwm\/","title":{"rendered":"Dynamische Waage DWM"},"content":{"rendered":"<p>aagenmodul f\u00fcr dynamisches W\u00e4gen. Diese Multifunktionswaagen sind MID-zertifiziert, was sicherstellt, dass sie den Massen- und Ma\u00dfvorschriften in allen diesen Branchen entsprechen. Diese automatischen Ger\u00e4te basieren auf einem magnetoelektrischen Massenwandler, der die Geschwindigkeit und Genauigkeit der Messung garantiert. Sie profitieren von einer hohen \u00dcberlastfestigkeit.<\/p>\n<p>Dynamische Waagen werden dank ihres modularen Aufbaus den Anforderungen jeder Produktionslinie gerecht. Ein kompletter Satz von Abdeckungen, Diskriminatoren, Sensoren, Signal- und \u00dcberwachungsmodulen wird den Bed\u00fcrfnissen jedes einzelnen Kunden gerecht, und eine Reihe von Transportl\u00f6sungen erm\u00f6glichen die Anpassung des Ger\u00e4ts an die Anforderungen eines bestimmten Produkts.<\/p>\n<h2>Merkmale<\/h2>\n<table id=\"#mytable\" border=\"0\" cellspacing=\"0\">\n<tbody>\n<tr id=\"lang_n_parametry_parametry_metrologiczneID\" class=\"linijeczka_param\" data-testy=\"lang_obciazenie_maksymalne\">\n<td>W\u00e4gebereich [Max]<\/td>\n<td>7500\u00a0g<\/td>\n<\/tr>\n<tr id=\"lang_n_parametry_parametry_metrologiczneID\" class=\"linijeczka_param\" data-testy=\"lang_dokladnosc_odczytu\">\n<td>Ziffernschritt [d]<\/td>\n<td>0,1\u00a0g<\/td>\n<\/tr>\n<tr id=\"lang_n_parametry_parametry_metrologiczneID\" class=\"linijeczka_param\" data-testy=\"lang_zakres_tary\">\n<td>Tarierbereich<\/td>\n<td>-7500\u00a0g<\/td>\n<\/tr>\n<tr id=\"lang_n_parametry_parametry_metrologiczneID\" class=\"linijeczka_param\" data-testy=\"lang_parametry_produktu_Klasa-OIML\">\n<td>OIML-Klasse<\/td>\n<td>XIII (1), Y (a)<\/td>\n<\/tr>\n<tr id=\"lang_n_parametry_parametry_fizyczneID\" class=\"linijeczka_param\" data-testy=\"lang_wyswietlacz\">\n<td>Display<\/td>\n<td>12\u201d grafisch farbiger Touchscreen<\/td>\n<\/tr>\n<tr id=\"lang_n_parametry_konstrukcjaID\" class=\"linijeczka_param\" data-testy=\"lang_parametr_stopien_ochrony\">\n<td>Schutzart<\/td>\n<td>IP 55, IP 65<\/td>\n<\/tr>\n<tr id=\"lang_n_parametry_konstrukcjaID\" class=\"linijeczka_param\" data-testy=\"lang_parametry_produktu_klawiatura\">\n<td>Tastatur<\/td>\n<td>Touchscreen-Panel<\/td>\n<\/tr>\n<tr id=\"lang_n_parametry_konstrukcjaID\" class=\"linijeczka_param\" data-testy=\"lang_parametry_produktu_Konstruktion\">\n<td>Konstruktion<\/td>\n<td>pulverbeschichteter Stahl \/ Edelstahl<\/td>\n<\/tr>\n<tr id=\"lang_n_parametry_interfejs_komunikacyjnyID\" class=\"linijeczka_param\" data-testy=\"lang_interfejs\">\n<td>Schnittstellen<\/td>\n<td>Ethernet, USB, RS232, I \/ O<\/td>\n<\/tr>\n<tr id=\"lang_n_parametry_warunki_srodowiskoweID\" class=\"linijeczka_param\" data-testy=\"lang_temperatura_pracy\">\n<td>Umgebungstemperatur<\/td>\n<td>+5 \u2013 +40\u00a0\u00b0C<\/td>\n<\/tr>\n<tr id=\"lang_n_parametry_cechy_uzytkoweID\" class=\"linijeczka_param\" data-testy=\"lang_parametry_produktu_wydajnosc\">\n<td>Leistung<\/td>\n<td>max 500 St.\/min<\/td>\n<\/tr>\n<\/tbody>\n<\/table>\n<div class=\"znaczki_CE\">\n<div><\/div>\n<\/div>\n","protected":false},"excerpt":{"rendered":"<p>Dynamische Waage zum Wiegen beweglicher Elemente, Bereich 0-7500 g<\/p>\n","protected":false},"featured_media":30177,"template":"","meta":{"_crdt_document":""},"product_brand":[],"product_cat":[165,339],"product_tag":[],"class_list":{"0":"post-30173","1":"product","2":"type-product","3":"status-publish","4":"has-post-thumbnail","6":"product_cat-gewicht","7":"product_cat-plattform","9":"first","10":"instock","11":"taxable","12":"shipping-taxable","13":"purchasable","14":"product-type-simple"},"yoast_head":"<!-- This site is optimized with the Yoast SEO plugin v27.3 - https:\/\/yoast.com\/product\/yoast-seo-wordpress\/ -->\n<title>Dynamische Waage DWM - Sysmatec<\/title>\n<meta name=\"description\" content=\"Dynamische Waage zum Wiegen bewegter Elemente im Bereich von 0 bis 7500 g. Erh\u00e4ltlich mit verschiedenen Zusatzmodulen.\" \/>\n<meta name=\"robots\" content=\"index, follow, max-snippet:-1, max-image-preview:large, max-video-preview:-1\" \/>\n<link rel=\"canonical\" href=\"https:\/\/sysmatec.ch\/de\/Produkt\/dynamische-waage-dwm\/\" \/>\n<meta property=\"og:locale\" content=\"de_DE\" \/>\n<meta property=\"og:type\" content=\"article\" \/>\n<meta property=\"og:title\" content=\"Dynamische Waage DWM - Sysmatec\" \/>\n<meta property=\"og:description\" content=\"Dynamische Waage zum Wiegen bewegter Elemente im Bereich von 0 bis 7500 g. Erh\u00e4ltlich mit verschiedenen Zusatzmodulen.\" \/>\n<meta property=\"og:url\" content=\"https:\/\/sysmatec.ch\/de\/Produkt\/dynamische-waage-dwm\/\" \/>\n<meta property=\"og:site_name\" content=\"Sysmatec\" \/>\n<meta property=\"article:modified_time\" content=\"2024-12-08T08:39:01+00:00\" \/>\n<meta property=\"og:image\" content=\"https:\/\/sysmatec.ch\/wp-content\/uploads\/2024\/12\/Balance_RadwagDWM.jpg\" \/>\n\t<meta property=\"og:image:width\" content=\"542\" \/>\n\t<meta property=\"og:image:height\" content=\"595\" \/>\n\t<meta property=\"og:image:type\" content=\"image\/jpeg\" \/>\n<meta name=\"twitter:card\" content=\"summary_large_image\" \/>\n<meta name=\"twitter:label1\" content=\"Gesch\u00e4tzte Lesezeit\" \/>\n\t<meta name=\"twitter:data1\" content=\"1\u00a0Minute\" \/>\n<script type=\"application\/ld+json\" class=\"yoast-schema-graph\">{\"@context\":\"https:\\\/\\\/schema.org\",\"@graph\":[{\"@type\":\"WebPage\",\"@id\":\"https:\\\/\\\/sysmatec.ch\\\/de\\\/Produkt\\\/dynamische-waage-dwm\\\/\",\"url\":\"https:\\\/\\\/sysmatec.ch\\\/de\\\/Produkt\\\/dynamische-waage-dwm\\\/\",\"name\":\"Dynamische Waage DWM - Sysmatec\",\"isPartOf\":{\"@id\":\"https:\\\/\\\/sysmatec.ch\\\/de\\\/#website\"},\"primaryImageOfPage\":{\"@id\":\"https:\\\/\\\/sysmatec.ch\\\/de\\\/Produkt\\\/dynamische-waage-dwm\\\/#primaryimage\"},\"image\":{\"@id\":\"https:\\\/\\\/sysmatec.ch\\\/de\\\/Produkt\\\/dynamische-waage-dwm\\\/#primaryimage\"},\"thumbnailUrl\":\"https:\\\/\\\/sysmatec.ch\\\/wp-content\\\/uploads\\\/2024\\\/12\\\/Balance_RadwagDWM.jpg\",\"datePublished\":\"2024-12-08T08:18:45+00:00\",\"dateModified\":\"2024-12-08T08:39:01+00:00\",\"description\":\"Dynamische Waage zum Wiegen bewegter Elemente im Bereich von 0 bis 7500 g. Erh\u00e4ltlich mit verschiedenen Zusatzmodulen.\",\"breadcrumb\":{\"@id\":\"https:\\\/\\\/sysmatec.ch\\\/de\\\/Produkt\\\/dynamische-waage-dwm\\\/#breadcrumb\"},\"inLanguage\":\"de\",\"potentialAction\":[{\"@type\":\"ReadAction\",\"target\":[\"https:\\\/\\\/sysmatec.ch\\\/de\\\/Produkt\\\/dynamische-waage-dwm\\\/\"]}]},{\"@type\":\"ImageObject\",\"inLanguage\":\"de\",\"@id\":\"https:\\\/\\\/sysmatec.ch\\\/de\\\/Produkt\\\/dynamische-waage-dwm\\\/#primaryimage\",\"url\":\"https:\\\/\\\/sysmatec.ch\\\/wp-content\\\/uploads\\\/2024\\\/12\\\/Balance_RadwagDWM.jpg\",\"contentUrl\":\"https:\\\/\\\/sysmatec.ch\\\/wp-content\\\/uploads\\\/2024\\\/12\\\/Balance_RadwagDWM.jpg\",\"width\":542,\"height\":595},{\"@type\":\"BreadcrumbList\",\"@id\":\"https:\\\/\\\/sysmatec.ch\\\/de\\\/Produkt\\\/dynamische-waage-dwm\\\/#breadcrumb\",\"itemListElement\":[{\"@type\":\"ListItem\",\"position\":1,\"name\":\"Accueil\",\"item\":\"https:\\\/\\\/sysmatec.ch\\\/de\\\/\"},{\"@type\":\"ListItem\",\"position\":2,\"name\":\"Die Aktivit\u00e4t von Sysmatec\",\"item\":\"https:\\\/\\\/sysmatec.ch\\\/de\\\/\"},{\"@type\":\"ListItem\",\"position\":3,\"name\":\"Dynamische Waage DWM\"}]},{\"@type\":\"WebSite\",\"@id\":\"https:\\\/\\\/sysmatec.ch\\\/de\\\/#website\",\"url\":\"https:\\\/\\\/sysmatec.ch\\\/de\\\/\",\"name\":\"Sysmatec\",\"description\":\"Equipement de laboratoire et logiciels\",\"publisher\":{\"@id\":\"https:\\\/\\\/sysmatec.ch\\\/de\\\/#organization\"},\"potentialAction\":[{\"@type\":\"SearchAction\",\"target\":{\"@type\":\"EntryPoint\",\"urlTemplate\":\"https:\\\/\\\/sysmatec.ch\\\/de\\\/?s={search_term_string}\"},\"query-input\":{\"@type\":\"PropertyValueSpecification\",\"valueRequired\":true,\"valueName\":\"search_term_string\"}}],\"inLanguage\":\"de\"},{\"@type\":\"Organization\",\"@id\":\"https:\\\/\\\/sysmatec.ch\\\/de\\\/#organization\",\"name\":\"Sysmatec\",\"url\":\"https:\\\/\\\/sysmatec.ch\\\/de\\\/\",\"logo\":{\"@type\":\"ImageObject\",\"inLanguage\":\"de\",\"@id\":\"https:\\\/\\\/sysmatec.ch\\\/de\\\/#\\\/schema\\\/logo\\\/image\\\/\",\"url\":\"https:\\\/\\\/sysmatec.ch\\\/wp-content\\\/uploads\\\/2018\\\/11\\\/LogoSysmatec.jpg\",\"contentUrl\":\"https:\\\/\\\/sysmatec.ch\\\/wp-content\\\/uploads\\\/2018\\\/11\\\/LogoSysmatec.jpg\",\"width\":301,\"height\":297,\"caption\":\"Sysmatec\"},\"image\":{\"@id\":\"https:\\\/\\\/sysmatec.ch\\\/de\\\/#\\\/schema\\\/logo\\\/image\\\/\"}}]}<\/script>\n<!-- \/ Yoast SEO plugin. -->","yoast_head_json":{"title":"Dynamische Waage DWM - Sysmatec","description":"Dynamische Waage zum Wiegen bewegter Elemente im Bereich von 0 bis 7500 g. Erh\u00e4ltlich mit verschiedenen Zusatzmodulen.","robots":{"index":"index","follow":"follow","max-snippet":"max-snippet:-1","max-image-preview":"max-image-preview:large","max-video-preview":"max-video-preview:-1"},"canonical":"https:\/\/sysmatec.ch\/de\/Produkt\/dynamische-waage-dwm\/","og_locale":"de_DE","og_type":"article","og_title":"Dynamische Waage DWM - Sysmatec","og_description":"Dynamische Waage zum Wiegen bewegter Elemente im Bereich von 0 bis 7500 g. Erh\u00e4ltlich mit verschiedenen Zusatzmodulen.","og_url":"https:\/\/sysmatec.ch\/de\/Produkt\/dynamische-waage-dwm\/","og_site_name":"Sysmatec","article_modified_time":"2024-12-08T08:39:01+00:00","og_image":[{"width":542,"height":595,"url":"https:\/\/sysmatec.ch\/wp-content\/uploads\/2024\/12\/Balance_RadwagDWM.jpg","type":"image\/jpeg"}],"twitter_card":"summary_large_image","twitter_misc":{"Gesch\u00e4tzte Lesezeit":"1\u00a0Minute"},"schema":{"@context":"https:\/\/schema.org","@graph":[{"@type":"WebPage","@id":"https:\/\/sysmatec.ch\/de\/Produkt\/dynamische-waage-dwm\/","url":"https:\/\/sysmatec.ch\/de\/Produkt\/dynamische-waage-dwm\/","name":"Dynamische Waage DWM - Sysmatec","isPartOf":{"@id":"https:\/\/sysmatec.ch\/de\/#website"},"primaryImageOfPage":{"@id":"https:\/\/sysmatec.ch\/de\/Produkt\/dynamische-waage-dwm\/#primaryimage"},"image":{"@id":"https:\/\/sysmatec.ch\/de\/Produkt\/dynamische-waage-dwm\/#primaryimage"},"thumbnailUrl":"https:\/\/sysmatec.ch\/wp-content\/uploads\/2024\/12\/Balance_RadwagDWM.jpg","datePublished":"2024-12-08T08:18:45+00:00","dateModified":"2024-12-08T08:39:01+00:00","description":"Dynamische Waage zum Wiegen bewegter Elemente im Bereich von 0 bis 7500 g. Erh\u00e4ltlich mit verschiedenen Zusatzmodulen.","breadcrumb":{"@id":"https:\/\/sysmatec.ch\/de\/Produkt\/dynamische-waage-dwm\/#breadcrumb"},"inLanguage":"de","potentialAction":[{"@type":"ReadAction","target":["https:\/\/sysmatec.ch\/de\/Produkt\/dynamische-waage-dwm\/"]}]},{"@type":"ImageObject","inLanguage":"de","@id":"https:\/\/sysmatec.ch\/de\/Produkt\/dynamische-waage-dwm\/#primaryimage","url":"https:\/\/sysmatec.ch\/wp-content\/uploads\/2024\/12\/Balance_RadwagDWM.jpg","contentUrl":"https:\/\/sysmatec.ch\/wp-content\/uploads\/2024\/12\/Balance_RadwagDWM.jpg","width":542,"height":595},{"@type":"BreadcrumbList","@id":"https:\/\/sysmatec.ch\/de\/Produkt\/dynamische-waage-dwm\/#breadcrumb","itemListElement":[{"@type":"ListItem","position":1,"name":"Accueil","item":"https:\/\/sysmatec.ch\/de\/"},{"@type":"ListItem","position":2,"name":"Die Aktivit\u00e4t von Sysmatec","item":"https:\/\/sysmatec.ch\/de\/"},{"@type":"ListItem","position":3,"name":"Dynamische Waage DWM"}]},{"@type":"WebSite","@id":"https:\/\/sysmatec.ch\/de\/#website","url":"https:\/\/sysmatec.ch\/de\/","name":"Sysmatec","description":"Equipement de laboratoire et logiciels","publisher":{"@id":"https:\/\/sysmatec.ch\/de\/#organization"},"potentialAction":[{"@type":"SearchAction","target":{"@type":"EntryPoint","urlTemplate":"https:\/\/sysmatec.ch\/de\/?s={search_term_string}"},"query-input":{"@type":"PropertyValueSpecification","valueRequired":true,"valueName":"search_term_string"}}],"inLanguage":"de"},{"@type":"Organization","@id":"https:\/\/sysmatec.ch\/de\/#organization","name":"Sysmatec","url":"https:\/\/sysmatec.ch\/de\/","logo":{"@type":"ImageObject","inLanguage":"de","@id":"https:\/\/sysmatec.ch\/de\/#\/schema\/logo\/image\/","url":"https:\/\/sysmatec.ch\/wp-content\/uploads\/2018\/11\/LogoSysmatec.jpg","contentUrl":"https:\/\/sysmatec.ch\/wp-content\/uploads\/2018\/11\/LogoSysmatec.jpg","width":301,"height":297,"caption":"Sysmatec"},"image":{"@id":"https:\/\/sysmatec.ch\/de\/#\/schema\/logo\/image\/"}}]}},"_links":{"self":[{"href":"https:\/\/sysmatec.ch\/de\/wp-json\/wp\/v2\/product\/30173","targetHints":{"allow":["GET"]}}],"collection":[{"href":"https:\/\/sysmatec.ch\/de\/wp-json\/wp\/v2\/product"}],"about":[{"href":"https:\/\/sysmatec.ch\/de\/wp-json\/wp\/v2\/types\/product"}],"wp:featuredmedia":[{"embeddable":true,"href":"https:\/\/sysmatec.ch\/de\/wp-json\/wp\/v2\/media\/30177"}],"wp:attachment":[{"href":"https:\/\/sysmatec.ch\/de\/wp-json\/wp\/v2\/media?parent=30173"}],"wp:term":[{"taxonomy":"product_brand","embeddable":true,"href":"https:\/\/sysmatec.ch\/de\/wp-json\/wp\/v2\/product_brand?post=30173"},{"taxonomy":"product_cat","embeddable":true,"href":"https:\/\/sysmatec.ch\/de\/wp-json\/wp\/v2\/product_cat?post=30173"},{"taxonomy":"product_tag","embeddable":true,"href":"https:\/\/sysmatec.ch\/de\/wp-json\/wp\/v2\/product_tag?post=30173"}],"curies":[{"name":"wp","href":"https:\/\/api.w.org\/{rel}","templated":true}]}}