{"id":3016,"date":"2019-02-16T10:28:03","date_gmt":"2019-02-16T09:28:03","guid":{"rendered":"https:\/\/sysmatec.ch\/produit\/balance-plateforme-kern-eos-f\/"},"modified":"2022-03-30T10:54:38","modified_gmt":"2022-03-30T08:54:38","slug":"kompaktes-faseroptisches-ph-meter-sma-lg1","status":"publish","type":"product","link":"https:\/\/sysmatec.ch\/de\/Produkt\/kompaktes-faseroptisches-ph-meter-sma-lg1\/","title":{"rendered":"Kompaktes faseroptisches pH-Meter SMA LG1"},"content":{"rendered":"<p><span class=\"VIiyi\" lang=\"de\"><span class=\"JLqJ4b ChMk0b\" data-language-for-alternatives=\"de\" data-language-to-translate-into=\"en\" data-phrase-index=\"0\" data-number-of-phrases=\"6\">Es ist kompatibel mit nicht-invasiven Sensoren, Tauchsonden und Durchflusszellen vom Typ LG1 (Messbereich pH 4.0 &#8211; 7.5).<\/span> <span class=\"JLqJ4b ChMk0b\" data-language-for-alternatives=\"de\" data-language-to-translate-into=\"en\" data-phrase-index=\"1\" data-number-of-phrases=\"6\">pH-1 SMA LG1 verf\u00fcgt \u00fcber eine Temperaturkompensation, sodass auch in Umgebungen mit wechselnden Temperaturen pr\u00e4zise pH-Messungen durchgef\u00fchrt werden k\u00f6nnen.<\/span> <span class=\"JLqJ4b ChMk0b\" data-language-for-alternatives=\"de\" data-language-to-translate-into=\"en\" data-phrase-index=\"2\" data-number-of-phrases=\"6\">Der optische pH-Sensor kann direkt in Bioreaktoren und Kultivierungsgef\u00e4\u00dfe integriert werden und mit pH-1 SMA LG1 nicht-invasiv von au\u00dfen ausgelesen werden.<\/span> <span class=\"JLqJ4b ChMk0b\" data-language-for-alternatives=\"de\" data-language-to-translate-into=\"en\" data-phrase-index=\"3\" data-number-of-phrases=\"6\">Es ist nicht erforderlich, das Gef\u00e4\u00df zu \u00f6ffnen oder Proben f\u00fcr Messungen zu entnehmen, sodass keine Kontaminationsgefahr besteht.<\/span> <span class=\"JLqJ4b ChMk0b\" data-language-for-alternatives=\"de\" data-language-to-translate-into=\"en\" data-phrase-index=\"4\" data-number-of-phrases=\"6\">Dieses USB-betriebene pH-Meter wird mit der Software PreSens Measurement Studio 2 betrieben, die die gleichzeitige Steuerung mehrerer PreSens pH-, O2- und CO2-Ger\u00e4te erm\u00f6glicht, sodass Messnetzwerke aufgebaut werden k\u00f6nnen.<\/span> <span class=\"JLqJ4b ChMk0b\" data-language-for-alternatives=\"de\" data-language-to-translate-into=\"en\" data-phrase-index=\"5\" data-number-of-phrases=\"6\">Mit zahlreichen Funktionen macht die Software das pH-1 SMA LG1 in fast jeder Anwendung einsetzbar, in der pr\u00e4zise pH-Messungen erforderlich sind.<\/span><\/span><\/p>\n<h2><span class=\"VIiyi\" lang=\"de\"><span class=\"JLqJ4b\" data-language-for-alternatives=\"de\" data-language-to-translate-into=\"en\" data-phrase-index=\"0\" data-number-of-phrases=\"1\">Merkmale des faseroptischen pH-Meters<\/span><\/span><\/h2>\n<ul>\n<li><span class=\"VIiyi\" lang=\"de\"><span class=\"JLqJ4b\" data-language-for-alternatives=\"de\" data-language-to-translate-into=\"en\" data-phrase-index=\"0\" data-number-of-phrases=\"1\">Messbereich von pH 4.0 &#8211; 7.5<\/span><\/span><\/li>\n<li><span class=\"VIiyi\" lang=\"de\"><span class=\"JLqJ4b\" data-language-for-alternatives=\"de\" data-language-to-translate-into=\"en\" data-phrase-index=\"0\" data-number-of-phrases=\"1\">Kompaktes System mit kleinen Au\u00dfenabmessungen<\/span><\/span><\/li>\n<li><span class=\"VIiyi\" lang=\"de\"><span class=\"JLqJ4b\" data-language-for-alternatives=\"de\" data-language-to-translate-into=\"en\" data-phrase-index=\"0\" data-number-of-phrases=\"1\">Leicht (nur 128 g)<\/span><\/span><\/li>\n<li><span class=\"VIiyi\" lang=\"de\"><span class=\"JLqJ4b\" data-language-for-alternatives=\"de\" data-language-to-translate-into=\"en\" data-phrase-index=\"0\" data-number-of-phrases=\"1\">USB-betrieben<\/span><\/span><\/li>\n<li><span class=\"VIiyi\" lang=\"de\"><span class=\"JLqJ4b\" data-language-for-alternatives=\"de\" data-language-to-translate-into=\"en\" data-phrase-index=\"0\" data-number-of-phrases=\"1\">Gesteuert von PreSens Measurement Studio 2<\/span><\/span><\/li>\n<li><span class=\"VIiyi\" lang=\"de\"><span class=\"JLqJ4b\" data-language-for-alternatives=\"de\" data-language-to-translate-into=\"en\" data-phrase-index=\"0\" data-number-of-phrases=\"1\">Zur Verwendung mit nicht-invasiven Sensoren, Tauchsonden und Durchflusszellen<\/span><\/span><\/li>\n<li><span class=\"VIiyi\" lang=\"de\"><span class=\"JLqJ4b\" data-language-for-alternatives=\"de\" data-language-to-translate-into=\"en\" data-phrase-index=\"0\" data-number-of-phrases=\"1\">Eine Kalibrierung f\u00fcr eine Vielzahl von Sensorpunkten<\/span><\/span><\/li>\n<\/ul>\n","protected":false},"excerpt":{"rendered":"<p><span class=\"VIiyi\" lang=\"de\"><span class=\"JLqJ4b\" data-language-for-alternatives=\"de\" data-language-to-translate-into=\"en\" data-phrase-index=\"0\" data-number-of-phrases=\"1\">Nicht-invasive pH-Messung mit Lichtleiter f\u00fcr den Bereich 4.0 bis 7.5.<\/span><\/span><\/p>\n","protected":false},"featured_media":27093,"template":"","meta":{"_crdt_document":""},"product_brand":[],"product_cat":[180,241],"product_tag":[],"class_list":{"0":"post-3016","1":"product","2":"type-product","3":"status-publish","4":"has-post-thumbnail","6":"product_cat-messung","7":"product_cat-ph-de","9":"first","10":"instock","11":"taxable","12":"shipping-taxable","13":"product-type-simple"},"yoast_head":"<!-- This site is optimized with the Yoast SEO plugin v27.3 - https:\/\/yoast.com\/product\/yoast-seo-wordpress\/ -->\n<title>Kompaktes faseroptisches pH-Meter SMA LG1 - Sysmatec<\/title>\n<meta name=\"description\" content=\"Kompakte nicht-invasive pH-Messung mit Lichtleiter. Messbereich von pH 4.0 bis 7.5. Temperaturkompensation ist m\u00f6glich.\" \/>\n<meta name=\"robots\" content=\"index, follow, max-snippet:-1, max-image-preview:large, max-video-preview:-1\" \/>\n<link rel=\"canonical\" href=\"https:\/\/sysmatec.ch\/de\/produit\/kompaktes-faseroptisches-ph-meter-sma-lg1\/\" \/>\n<meta property=\"og:locale\" content=\"de_DE\" \/>\n<meta property=\"og:type\" content=\"article\" \/>\n<meta property=\"og:title\" content=\"Kompaktes faseroptisches pH-Meter SMA LG1 - Sysmatec\" \/>\n<meta property=\"og:description\" content=\"Kompakte nicht-invasive pH-Messung mit Lichtleiter. Messbereich von pH 4.0 bis 7.5. Temperaturkompensation ist m\u00f6glich.\" \/>\n<meta property=\"og:url\" content=\"https:\/\/sysmatec.ch\/de\/produit\/kompaktes-faseroptisches-ph-meter-sma-lg1\/\" \/>\n<meta property=\"og:site_name\" content=\"Sysmatec\" \/>\n<meta property=\"article:modified_time\" content=\"2022-03-30T08:54:38+00:00\" \/>\n<meta property=\"og:image\" content=\"https:\/\/sysmatec.ch\/wp-content\/uploads\/2019\/05\/pH_PresenspH-1-SMA-HP5.jpg\" \/>\n\t<meta property=\"og:image:width\" content=\"700\" \/>\n\t<meta property=\"og:image:height\" content=\"700\" \/>\n\t<meta property=\"og:image:type\" content=\"image\/jpeg\" \/>\n<meta name=\"twitter:card\" content=\"summary_large_image\" \/>\n<meta name=\"twitter:label1\" content=\"Gesch\u00e4tzte Lesezeit\" \/>\n\t<meta name=\"twitter:data1\" content=\"1\u00a0Minute\" \/>\n<script type=\"application\/ld+json\" class=\"yoast-schema-graph\">{\"@context\":\"https:\\\/\\\/schema.org\",\"@graph\":[{\"@type\":\"WebPage\",\"@id\":\"https:\\\/\\\/sysmatec.ch\\\/de\\\/produit\\\/kompaktes-faseroptisches-ph-meter-sma-lg1\\\/\",\"url\":\"https:\\\/\\\/sysmatec.ch\\\/de\\\/produit\\\/kompaktes-faseroptisches-ph-meter-sma-lg1\\\/\",\"name\":\"Kompaktes faseroptisches pH-Meter SMA LG1 - Sysmatec\",\"isPartOf\":{\"@id\":\"https:\\\/\\\/sysmatec.ch\\\/de\\\/#website\"},\"primaryImageOfPage\":{\"@id\":\"https:\\\/\\\/sysmatec.ch\\\/de\\\/produit\\\/kompaktes-faseroptisches-ph-meter-sma-lg1\\\/#primaryimage\"},\"image\":{\"@id\":\"https:\\\/\\\/sysmatec.ch\\\/de\\\/produit\\\/kompaktes-faseroptisches-ph-meter-sma-lg1\\\/#primaryimage\"},\"thumbnailUrl\":\"https:\\\/\\\/sysmatec.ch\\\/wp-content\\\/uploads\\\/2019\\\/05\\\/pH_PresenspH-1-SMA-HP5.jpg\",\"datePublished\":\"2019-02-16T09:28:03+00:00\",\"dateModified\":\"2022-03-30T08:54:38+00:00\",\"description\":\"Kompakte nicht-invasive pH-Messung mit Lichtleiter. Messbereich von pH 4.0 bis 7.5. Temperaturkompensation ist m\u00f6glich.\",\"breadcrumb\":{\"@id\":\"https:\\\/\\\/sysmatec.ch\\\/de\\\/produit\\\/kompaktes-faseroptisches-ph-meter-sma-lg1\\\/#breadcrumb\"},\"inLanguage\":\"de\",\"potentialAction\":[{\"@type\":\"ReadAction\",\"target\":[\"https:\\\/\\\/sysmatec.ch\\\/de\\\/produit\\\/kompaktes-faseroptisches-ph-meter-sma-lg1\\\/\"]}]},{\"@type\":\"ImageObject\",\"inLanguage\":\"de\",\"@id\":\"https:\\\/\\\/sysmatec.ch\\\/de\\\/produit\\\/kompaktes-faseroptisches-ph-meter-sma-lg1\\\/#primaryimage\",\"url\":\"https:\\\/\\\/sysmatec.ch\\\/wp-content\\\/uploads\\\/2019\\\/05\\\/pH_PresenspH-1-SMA-HP5.jpg\",\"contentUrl\":\"https:\\\/\\\/sysmatec.ch\\\/wp-content\\\/uploads\\\/2019\\\/05\\\/pH_PresenspH-1-SMA-HP5.jpg\",\"width\":700,\"height\":700},{\"@type\":\"BreadcrumbList\",\"@id\":\"https:\\\/\\\/sysmatec.ch\\\/de\\\/produit\\\/kompaktes-faseroptisches-ph-meter-sma-lg1\\\/#breadcrumb\",\"itemListElement\":[{\"@type\":\"ListItem\",\"position\":1,\"name\":\"Accueil\",\"item\":\"https:\\\/\\\/sysmatec.ch\\\/de\\\/\"},{\"@type\":\"ListItem\",\"position\":2,\"name\":\"Die Aktivit\u00e4t von Sysmatec\",\"item\":\"https:\\\/\\\/sysmatec.ch\\\/de\\\/\"},{\"@type\":\"ListItem\",\"position\":3,\"name\":\"Kompaktes faseroptisches pH-Meter SMA LG1\"}]},{\"@type\":\"WebSite\",\"@id\":\"https:\\\/\\\/sysmatec.ch\\\/de\\\/#website\",\"url\":\"https:\\\/\\\/sysmatec.ch\\\/de\\\/\",\"name\":\"Sysmatec\",\"description\":\"Equipement de laboratoire et logiciels\",\"publisher\":{\"@id\":\"https:\\\/\\\/sysmatec.ch\\\/de\\\/#organization\"},\"potentialAction\":[{\"@type\":\"SearchAction\",\"target\":{\"@type\":\"EntryPoint\",\"urlTemplate\":\"https:\\\/\\\/sysmatec.ch\\\/de\\\/?s={search_term_string}\"},\"query-input\":{\"@type\":\"PropertyValueSpecification\",\"valueRequired\":true,\"valueName\":\"search_term_string\"}}],\"inLanguage\":\"de\"},{\"@type\":\"Organization\",\"@id\":\"https:\\\/\\\/sysmatec.ch\\\/de\\\/#organization\",\"name\":\"Sysmatec\",\"url\":\"https:\\\/\\\/sysmatec.ch\\\/de\\\/\",\"logo\":{\"@type\":\"ImageObject\",\"inLanguage\":\"de\",\"@id\":\"https:\\\/\\\/sysmatec.ch\\\/de\\\/#\\\/schema\\\/logo\\\/image\\\/\",\"url\":\"https:\\\/\\\/sysmatec.ch\\\/wp-content\\\/uploads\\\/2018\\\/11\\\/LogoSysmatec.jpg\",\"contentUrl\":\"https:\\\/\\\/sysmatec.ch\\\/wp-content\\\/uploads\\\/2018\\\/11\\\/LogoSysmatec.jpg\",\"width\":301,\"height\":297,\"caption\":\"Sysmatec\"},\"image\":{\"@id\":\"https:\\\/\\\/sysmatec.ch\\\/de\\\/#\\\/schema\\\/logo\\\/image\\\/\"}}]}<\/script>\n<!-- \/ Yoast SEO plugin. -->","yoast_head_json":{"title":"Kompaktes faseroptisches pH-Meter SMA LG1 - Sysmatec","description":"Kompakte nicht-invasive pH-Messung mit Lichtleiter. Messbereich von pH 4.0 bis 7.5. Temperaturkompensation ist m\u00f6glich.","robots":{"index":"index","follow":"follow","max-snippet":"max-snippet:-1","max-image-preview":"max-image-preview:large","max-video-preview":"max-video-preview:-1"},"canonical":"https:\/\/sysmatec.ch\/de\/produit\/kompaktes-faseroptisches-ph-meter-sma-lg1\/","og_locale":"de_DE","og_type":"article","og_title":"Kompaktes faseroptisches pH-Meter SMA LG1 - Sysmatec","og_description":"Kompakte nicht-invasive pH-Messung mit Lichtleiter. Messbereich von pH 4.0 bis 7.5. Temperaturkompensation ist m\u00f6glich.","og_url":"https:\/\/sysmatec.ch\/de\/produit\/kompaktes-faseroptisches-ph-meter-sma-lg1\/","og_site_name":"Sysmatec","article_modified_time":"2022-03-30T08:54:38+00:00","og_image":[{"width":700,"height":700,"url":"https:\/\/sysmatec.ch\/wp-content\/uploads\/2019\/05\/pH_PresenspH-1-SMA-HP5.jpg","type":"image\/jpeg"}],"twitter_card":"summary_large_image","twitter_misc":{"Gesch\u00e4tzte Lesezeit":"1\u00a0Minute"},"schema":{"@context":"https:\/\/schema.org","@graph":[{"@type":"WebPage","@id":"https:\/\/sysmatec.ch\/de\/produit\/kompaktes-faseroptisches-ph-meter-sma-lg1\/","url":"https:\/\/sysmatec.ch\/de\/produit\/kompaktes-faseroptisches-ph-meter-sma-lg1\/","name":"Kompaktes faseroptisches pH-Meter SMA LG1 - Sysmatec","isPartOf":{"@id":"https:\/\/sysmatec.ch\/de\/#website"},"primaryImageOfPage":{"@id":"https:\/\/sysmatec.ch\/de\/produit\/kompaktes-faseroptisches-ph-meter-sma-lg1\/#primaryimage"},"image":{"@id":"https:\/\/sysmatec.ch\/de\/produit\/kompaktes-faseroptisches-ph-meter-sma-lg1\/#primaryimage"},"thumbnailUrl":"https:\/\/sysmatec.ch\/wp-content\/uploads\/2019\/05\/pH_PresenspH-1-SMA-HP5.jpg","datePublished":"2019-02-16T09:28:03+00:00","dateModified":"2022-03-30T08:54:38+00:00","description":"Kompakte nicht-invasive pH-Messung mit Lichtleiter. Messbereich von pH 4.0 bis 7.5. Temperaturkompensation ist m\u00f6glich.","breadcrumb":{"@id":"https:\/\/sysmatec.ch\/de\/produit\/kompaktes-faseroptisches-ph-meter-sma-lg1\/#breadcrumb"},"inLanguage":"de","potentialAction":[{"@type":"ReadAction","target":["https:\/\/sysmatec.ch\/de\/produit\/kompaktes-faseroptisches-ph-meter-sma-lg1\/"]}]},{"@type":"ImageObject","inLanguage":"de","@id":"https:\/\/sysmatec.ch\/de\/produit\/kompaktes-faseroptisches-ph-meter-sma-lg1\/#primaryimage","url":"https:\/\/sysmatec.ch\/wp-content\/uploads\/2019\/05\/pH_PresenspH-1-SMA-HP5.jpg","contentUrl":"https:\/\/sysmatec.ch\/wp-content\/uploads\/2019\/05\/pH_PresenspH-1-SMA-HP5.jpg","width":700,"height":700},{"@type":"BreadcrumbList","@id":"https:\/\/sysmatec.ch\/de\/produit\/kompaktes-faseroptisches-ph-meter-sma-lg1\/#breadcrumb","itemListElement":[{"@type":"ListItem","position":1,"name":"Accueil","item":"https:\/\/sysmatec.ch\/de\/"},{"@type":"ListItem","position":2,"name":"Die Aktivit\u00e4t von Sysmatec","item":"https:\/\/sysmatec.ch\/de\/"},{"@type":"ListItem","position":3,"name":"Kompaktes faseroptisches pH-Meter SMA LG1"}]},{"@type":"WebSite","@id":"https:\/\/sysmatec.ch\/de\/#website","url":"https:\/\/sysmatec.ch\/de\/","name":"Sysmatec","description":"Equipement de laboratoire et logiciels","publisher":{"@id":"https:\/\/sysmatec.ch\/de\/#organization"},"potentialAction":[{"@type":"SearchAction","target":{"@type":"EntryPoint","urlTemplate":"https:\/\/sysmatec.ch\/de\/?s={search_term_string}"},"query-input":{"@type":"PropertyValueSpecification","valueRequired":true,"valueName":"search_term_string"}}],"inLanguage":"de"},{"@type":"Organization","@id":"https:\/\/sysmatec.ch\/de\/#organization","name":"Sysmatec","url":"https:\/\/sysmatec.ch\/de\/","logo":{"@type":"ImageObject","inLanguage":"de","@id":"https:\/\/sysmatec.ch\/de\/#\/schema\/logo\/image\/","url":"https:\/\/sysmatec.ch\/wp-content\/uploads\/2018\/11\/LogoSysmatec.jpg","contentUrl":"https:\/\/sysmatec.ch\/wp-content\/uploads\/2018\/11\/LogoSysmatec.jpg","width":301,"height":297,"caption":"Sysmatec"},"image":{"@id":"https:\/\/sysmatec.ch\/de\/#\/schema\/logo\/image\/"}}]}},"_links":{"self":[{"href":"https:\/\/sysmatec.ch\/de\/wp-json\/wp\/v2\/product\/3016","targetHints":{"allow":["GET"]}}],"collection":[{"href":"https:\/\/sysmatec.ch\/de\/wp-json\/wp\/v2\/product"}],"about":[{"href":"https:\/\/sysmatec.ch\/de\/wp-json\/wp\/v2\/types\/product"}],"wp:featuredmedia":[{"embeddable":true,"href":"https:\/\/sysmatec.ch\/de\/wp-json\/wp\/v2\/media\/27093"}],"wp:attachment":[{"href":"https:\/\/sysmatec.ch\/de\/wp-json\/wp\/v2\/media?parent=3016"}],"wp:term":[{"taxonomy":"product_brand","embeddable":true,"href":"https:\/\/sysmatec.ch\/de\/wp-json\/wp\/v2\/product_brand?post=3016"},{"taxonomy":"product_cat","embeddable":true,"href":"https:\/\/sysmatec.ch\/de\/wp-json\/wp\/v2\/product_cat?post=3016"},{"taxonomy":"product_tag","embeddable":true,"href":"https:\/\/sysmatec.ch\/de\/wp-json\/wp\/v2\/product_tag?post=3016"}],"curies":[{"name":"wp","href":"https:\/\/api.w.org\/{rel}","templated":true}]}}