{"id":30154,"date":"2024-12-05T18:06:57","date_gmt":"2024-12-05T17:06:57","guid":{"rendered":"https:\/\/sysmatec.ch\/?post_type=product&#038;p=30154"},"modified":"2024-12-05T18:58:11","modified_gmt":"2024-12-05T17:58:11","slug":"schlauch-teknoprene-tpv","status":"publish","type":"product","link":"https:\/\/sysmatec.ch\/de\/Produkt\/schlauch-teknoprene-tpv\/","title":{"rendered":"Schlauch Teknoprene TPV"},"content":{"rendered":"<p>Dieser thermoplastische Schlauch zeichnet sich durch eine gute chemische Best\u00e4ndigkeit und eine hervorragende Lebensdauer aus.<\/p>\n<h2>Merkmale<\/h2>\n<ul>\n<li>beh\u00e4lt seine Eigenschaften von -40\u00b0 bis +120\u00b0 C<\/li>\n<li>best\u00e4ndig gegen Ozon, Sonneneinstrahlung, Wasser, S\u00e4uren, \u00f6lige Fl\u00fcssigkeiten, Fette usw.<\/li>\n<li>kann sowohl mit Dampf als auch mit Ethylenoxid sterilisiert werden<\/li>\n<li>beh\u00e4lt seine Eigenschaften auch nach stundenlangem Zerkleinern<\/li>\n<li>nach internationalen Standards f\u00fcr den Lebensmittelgebrauch zugelassen (Dokumente anfordern)<\/li>\n<li>die Rohrw\u00e4nde verkleben auch dann nicht, wenn die Maschine l\u00e4ngere Zeit nicht in Betrieb war<\/li>\n<li>Referenz SANT64AL: H\u00e4rte: 64 Sh A \u2013 Farbe: natur (beige) \u2013 zugelassen nach FDA-Standards.<\/li>\n<li>andere H\u00e4rten (45, 55, 73, 80, 87 Sh. A) und Farben auf Anfrage<\/li>\n<\/ul>\n<table width=\"561\">\n<tbody>\n<tr>\n<td width=\"91\">Referenz<\/td>\n<td width=\"154\">Innendurchmesser ( mm)<\/td>\n<td width=\"155\">Aussendurchmsesser ( mm)<\/td>\n<td width=\"81\">Wand (mm)<\/td>\n<td width=\"80\">Maximal empfohlener Druck (bar)<\/td>\n<\/tr>\n<tr>\n<td><\/td>\n<td>1.6<\/td>\n<td>4.8<\/td>\n<td>1.6<\/td>\n<td>1.93<\/td>\n<\/tr>\n<tr>\n<td><\/td>\n<td>3.2<\/td>\n<td>6.4<\/td>\n<td>1.6<\/td>\n<td>1.18<\/td>\n<\/tr>\n<tr>\n<td><\/td>\n<td>4.8<\/td>\n<td>8<\/td>\n<td>1.6<\/td>\n<td>0.86<\/td>\n<\/tr>\n<tr>\n<td><\/td>\n<td>6.4<\/td>\n<td>9.6<\/td>\n<td>1.6<\/td>\n<td>0.69<\/td>\n<\/tr>\n<tr>\n<td><\/td>\n<td>8<\/td>\n<td>11.2<\/td>\n<td>1.6<\/td>\n<td>0.58<\/td>\n<\/tr>\n<tr>\n<td><\/td>\n<td>9.6<\/td>\n<td>16<\/td>\n<td>3.2<\/td>\n<td>0.86<\/td>\n<\/tr>\n<tr>\n<td><\/td>\n<td>12.7<\/td>\n<td>19.1<\/td>\n<td>3.2<\/td>\n<td>0.69<\/td>\n<\/tr>\n<tr>\n<td><\/td>\n<td>19<\/td>\n<td>31.8<\/td>\n<td>6.4<\/td>\n<td>0.86<\/td>\n<\/tr>\n<tr>\n<td><\/td>\n<td>25.4<\/td>\n<td>35<\/td>\n<td>4.8<\/td>\n<td>0.52<\/td>\n<\/tr>\n<\/tbody>\n<\/table>\n","protected":false},"excerpt":{"rendered":"<p>TPV Teknoprene-Schlauch f\u00fcr Schlauchpumpe mit H\u00e4rte 62 +\/-5 Shore A<\/p>\n","protected":false},"featured_media":30158,"template":"","meta":{"_crdt_document":""},"product_brand":[],"product_cat":[285,279],"product_tag":[],"class_list":{"0":"post-30154","1":"product","2":"type-product","3":"status-publish","4":"has-post-thumbnail","6":"product_cat-schlauch","7":"product_cat-verbrauchsmaterial","9":"first","10":"instock","11":"taxable","12":"shipping-taxable","13":"product-type-simple"},"yoast_head":"<!-- This site is optimized with the Yoast SEO plugin v27.4 - https:\/\/yoast.com\/product\/yoast-seo-wordpress\/ -->\n<title>Schlauch Teknoprene TPV - Sysmatec<\/title>\n<meta name=\"description\" content=\"Flexibler Teknoprene-TPV-Schlauch, ideal f\u00fcr Schlauchpumpen, H\u00e4rte 62 +\/-5 Shore A\" \/>\n<meta name=\"robots\" content=\"index, follow, max-snippet:-1, max-image-preview:large, max-video-preview:-1\" \/>\n<link rel=\"canonical\" href=\"https:\/\/sysmatec.ch\/de\/Produkt\/schlauch-teknoprene-tpv\/\" \/>\n<meta property=\"og:locale\" content=\"de_DE\" \/>\n<meta property=\"og:type\" content=\"article\" \/>\n<meta property=\"og:title\" content=\"Schlauch Teknoprene TPV - Sysmatec\" \/>\n<meta property=\"og:description\" content=\"Flexibler Teknoprene-TPV-Schlauch, ideal f\u00fcr Schlauchpumpen, H\u00e4rte 62 +\/-5 Shore A\" \/>\n<meta property=\"og:url\" content=\"https:\/\/sysmatec.ch\/de\/Produkt\/schlauch-teknoprene-tpv\/\" \/>\n<meta property=\"og:site_name\" content=\"Sysmatec\" \/>\n<meta property=\"article:modified_time\" content=\"2024-12-05T17:58:11+00:00\" \/>\n<meta property=\"og:image\" content=\"https:\/\/sysmatec.ch\/wp-content\/uploads\/2024\/12\/Tuyau_Teknoprene.jpg\" \/>\n\t<meta property=\"og:image:width\" content=\"477\" \/>\n\t<meta property=\"og:image:height\" content=\"273\" \/>\n\t<meta property=\"og:image:type\" content=\"image\/jpeg\" \/>\n<meta name=\"twitter:card\" content=\"summary_large_image\" \/>\n<meta name=\"twitter:label1\" content=\"Gesch\u00e4tzte Lesezeit\" \/>\n\t<meta name=\"twitter:data1\" content=\"1\u00a0Minute\" \/>\n<script type=\"application\/ld+json\" class=\"yoast-schema-graph\">{\"@context\":\"https:\\\/\\\/schema.org\",\"@graph\":[{\"@type\":\"WebPage\",\"@id\":\"https:\\\/\\\/sysmatec.ch\\\/de\\\/Produkt\\\/schlauch-teknoprene-tpv\\\/\",\"url\":\"https:\\\/\\\/sysmatec.ch\\\/de\\\/Produkt\\\/schlauch-teknoprene-tpv\\\/\",\"name\":\"Schlauch Teknoprene TPV - Sysmatec\",\"isPartOf\":{\"@id\":\"https:\\\/\\\/sysmatec.ch\\\/de\\\/#website\"},\"primaryImageOfPage\":{\"@id\":\"https:\\\/\\\/sysmatec.ch\\\/de\\\/Produkt\\\/schlauch-teknoprene-tpv\\\/#primaryimage\"},\"image\":{\"@id\":\"https:\\\/\\\/sysmatec.ch\\\/de\\\/Produkt\\\/schlauch-teknoprene-tpv\\\/#primaryimage\"},\"thumbnailUrl\":\"https:\\\/\\\/sysmatec.ch\\\/wp-content\\\/uploads\\\/2024\\\/12\\\/Tuyau_Teknoprene.jpg\",\"datePublished\":\"2024-12-05T17:06:57+00:00\",\"dateModified\":\"2024-12-05T17:58:11+00:00\",\"description\":\"Flexibler Teknoprene-TPV-Schlauch, ideal f\u00fcr Schlauchpumpen, H\u00e4rte 62 +\\\/-5 Shore A\",\"breadcrumb\":{\"@id\":\"https:\\\/\\\/sysmatec.ch\\\/de\\\/Produkt\\\/schlauch-teknoprene-tpv\\\/#breadcrumb\"},\"inLanguage\":\"de\",\"potentialAction\":[{\"@type\":\"ReadAction\",\"target\":[\"https:\\\/\\\/sysmatec.ch\\\/de\\\/Produkt\\\/schlauch-teknoprene-tpv\\\/\"]}]},{\"@type\":\"ImageObject\",\"inLanguage\":\"de\",\"@id\":\"https:\\\/\\\/sysmatec.ch\\\/de\\\/Produkt\\\/schlauch-teknoprene-tpv\\\/#primaryimage\",\"url\":\"https:\\\/\\\/sysmatec.ch\\\/wp-content\\\/uploads\\\/2024\\\/12\\\/Tuyau_Teknoprene.jpg\",\"contentUrl\":\"https:\\\/\\\/sysmatec.ch\\\/wp-content\\\/uploads\\\/2024\\\/12\\\/Tuyau_Teknoprene.jpg\",\"width\":477,\"height\":273},{\"@type\":\"BreadcrumbList\",\"@id\":\"https:\\\/\\\/sysmatec.ch\\\/de\\\/Produkt\\\/schlauch-teknoprene-tpv\\\/#breadcrumb\",\"itemListElement\":[{\"@type\":\"ListItem\",\"position\":1,\"name\":\"Accueil\",\"item\":\"https:\\\/\\\/sysmatec.ch\\\/de\\\/\"},{\"@type\":\"ListItem\",\"position\":2,\"name\":\"Die Aktivit\u00e4t von Sysmatec\",\"item\":\"https:\\\/\\\/sysmatec.ch\\\/de\\\/\"},{\"@type\":\"ListItem\",\"position\":3,\"name\":\"Schlauch Teknoprene TPV\"}]},{\"@type\":\"WebSite\",\"@id\":\"https:\\\/\\\/sysmatec.ch\\\/de\\\/#website\",\"url\":\"https:\\\/\\\/sysmatec.ch\\\/de\\\/\",\"name\":\"Sysmatec\",\"description\":\"Equipement de laboratoire et logiciels\",\"publisher\":{\"@id\":\"https:\\\/\\\/sysmatec.ch\\\/de\\\/#organization\"},\"potentialAction\":[{\"@type\":\"SearchAction\",\"target\":{\"@type\":\"EntryPoint\",\"urlTemplate\":\"https:\\\/\\\/sysmatec.ch\\\/de\\\/?s={search_term_string}\"},\"query-input\":{\"@type\":\"PropertyValueSpecification\",\"valueRequired\":true,\"valueName\":\"search_term_string\"}}],\"inLanguage\":\"de\"},{\"@type\":\"Organization\",\"@id\":\"https:\\\/\\\/sysmatec.ch\\\/de\\\/#organization\",\"name\":\"Sysmatec\",\"url\":\"https:\\\/\\\/sysmatec.ch\\\/de\\\/\",\"logo\":{\"@type\":\"ImageObject\",\"inLanguage\":\"de\",\"@id\":\"https:\\\/\\\/sysmatec.ch\\\/de\\\/#\\\/schema\\\/logo\\\/image\\\/\",\"url\":\"https:\\\/\\\/sysmatec.ch\\\/wp-content\\\/uploads\\\/2018\\\/11\\\/LogoSysmatec.jpg\",\"contentUrl\":\"https:\\\/\\\/sysmatec.ch\\\/wp-content\\\/uploads\\\/2018\\\/11\\\/LogoSysmatec.jpg\",\"width\":301,\"height\":297,\"caption\":\"Sysmatec\"},\"image\":{\"@id\":\"https:\\\/\\\/sysmatec.ch\\\/de\\\/#\\\/schema\\\/logo\\\/image\\\/\"}}]}<\/script>\n<!-- \/ Yoast SEO plugin. -->","yoast_head_json":{"title":"Schlauch Teknoprene TPV - Sysmatec","description":"Flexibler Teknoprene-TPV-Schlauch, ideal f\u00fcr Schlauchpumpen, H\u00e4rte 62 +\/-5 Shore A","robots":{"index":"index","follow":"follow","max-snippet":"max-snippet:-1","max-image-preview":"max-image-preview:large","max-video-preview":"max-video-preview:-1"},"canonical":"https:\/\/sysmatec.ch\/de\/Produkt\/schlauch-teknoprene-tpv\/","og_locale":"de_DE","og_type":"article","og_title":"Schlauch Teknoprene TPV - Sysmatec","og_description":"Flexibler Teknoprene-TPV-Schlauch, ideal f\u00fcr Schlauchpumpen, H\u00e4rte 62 +\/-5 Shore A","og_url":"https:\/\/sysmatec.ch\/de\/Produkt\/schlauch-teknoprene-tpv\/","og_site_name":"Sysmatec","article_modified_time":"2024-12-05T17:58:11+00:00","og_image":[{"width":477,"height":273,"url":"https:\/\/sysmatec.ch\/wp-content\/uploads\/2024\/12\/Tuyau_Teknoprene.jpg","type":"image\/jpeg"}],"twitter_card":"summary_large_image","twitter_misc":{"Gesch\u00e4tzte Lesezeit":"1\u00a0Minute"},"schema":{"@context":"https:\/\/schema.org","@graph":[{"@type":"WebPage","@id":"https:\/\/sysmatec.ch\/de\/Produkt\/schlauch-teknoprene-tpv\/","url":"https:\/\/sysmatec.ch\/de\/Produkt\/schlauch-teknoprene-tpv\/","name":"Schlauch Teknoprene TPV - Sysmatec","isPartOf":{"@id":"https:\/\/sysmatec.ch\/de\/#website"},"primaryImageOfPage":{"@id":"https:\/\/sysmatec.ch\/de\/Produkt\/schlauch-teknoprene-tpv\/#primaryimage"},"image":{"@id":"https:\/\/sysmatec.ch\/de\/Produkt\/schlauch-teknoprene-tpv\/#primaryimage"},"thumbnailUrl":"https:\/\/sysmatec.ch\/wp-content\/uploads\/2024\/12\/Tuyau_Teknoprene.jpg","datePublished":"2024-12-05T17:06:57+00:00","dateModified":"2024-12-05T17:58:11+00:00","description":"Flexibler Teknoprene-TPV-Schlauch, ideal f\u00fcr Schlauchpumpen, H\u00e4rte 62 +\/-5 Shore A","breadcrumb":{"@id":"https:\/\/sysmatec.ch\/de\/Produkt\/schlauch-teknoprene-tpv\/#breadcrumb"},"inLanguage":"de","potentialAction":[{"@type":"ReadAction","target":["https:\/\/sysmatec.ch\/de\/Produkt\/schlauch-teknoprene-tpv\/"]}]},{"@type":"ImageObject","inLanguage":"de","@id":"https:\/\/sysmatec.ch\/de\/Produkt\/schlauch-teknoprene-tpv\/#primaryimage","url":"https:\/\/sysmatec.ch\/wp-content\/uploads\/2024\/12\/Tuyau_Teknoprene.jpg","contentUrl":"https:\/\/sysmatec.ch\/wp-content\/uploads\/2024\/12\/Tuyau_Teknoprene.jpg","width":477,"height":273},{"@type":"BreadcrumbList","@id":"https:\/\/sysmatec.ch\/de\/Produkt\/schlauch-teknoprene-tpv\/#breadcrumb","itemListElement":[{"@type":"ListItem","position":1,"name":"Accueil","item":"https:\/\/sysmatec.ch\/de\/"},{"@type":"ListItem","position":2,"name":"Die Aktivit\u00e4t von Sysmatec","item":"https:\/\/sysmatec.ch\/de\/"},{"@type":"ListItem","position":3,"name":"Schlauch Teknoprene TPV"}]},{"@type":"WebSite","@id":"https:\/\/sysmatec.ch\/de\/#website","url":"https:\/\/sysmatec.ch\/de\/","name":"Sysmatec","description":"Equipement de laboratoire et logiciels","publisher":{"@id":"https:\/\/sysmatec.ch\/de\/#organization"},"potentialAction":[{"@type":"SearchAction","target":{"@type":"EntryPoint","urlTemplate":"https:\/\/sysmatec.ch\/de\/?s={search_term_string}"},"query-input":{"@type":"PropertyValueSpecification","valueRequired":true,"valueName":"search_term_string"}}],"inLanguage":"de"},{"@type":"Organization","@id":"https:\/\/sysmatec.ch\/de\/#organization","name":"Sysmatec","url":"https:\/\/sysmatec.ch\/de\/","logo":{"@type":"ImageObject","inLanguage":"de","@id":"https:\/\/sysmatec.ch\/de\/#\/schema\/logo\/image\/","url":"https:\/\/sysmatec.ch\/wp-content\/uploads\/2018\/11\/LogoSysmatec.jpg","contentUrl":"https:\/\/sysmatec.ch\/wp-content\/uploads\/2018\/11\/LogoSysmatec.jpg","width":301,"height":297,"caption":"Sysmatec"},"image":{"@id":"https:\/\/sysmatec.ch\/de\/#\/schema\/logo\/image\/"}}]}},"_links":{"self":[{"href":"https:\/\/sysmatec.ch\/de\/wp-json\/wp\/v2\/product\/30154","targetHints":{"allow":["GET"]}}],"collection":[{"href":"https:\/\/sysmatec.ch\/de\/wp-json\/wp\/v2\/product"}],"about":[{"href":"https:\/\/sysmatec.ch\/de\/wp-json\/wp\/v2\/types\/product"}],"wp:featuredmedia":[{"embeddable":true,"href":"https:\/\/sysmatec.ch\/de\/wp-json\/wp\/v2\/media\/30158"}],"wp:attachment":[{"href":"https:\/\/sysmatec.ch\/de\/wp-json\/wp\/v2\/media?parent=30154"}],"wp:term":[{"taxonomy":"product_brand","embeddable":true,"href":"https:\/\/sysmatec.ch\/de\/wp-json\/wp\/v2\/product_brand?post=30154"},{"taxonomy":"product_cat","embeddable":true,"href":"https:\/\/sysmatec.ch\/de\/wp-json\/wp\/v2\/product_cat?post=30154"},{"taxonomy":"product_tag","embeddable":true,"href":"https:\/\/sysmatec.ch\/de\/wp-json\/wp\/v2\/product_tag?post=30154"}],"curies":[{"name":"wp","href":"https:\/\/api.w.org\/{rel}","templated":true}]}}