{"id":30141,"date":"2024-12-03T18:21:07","date_gmt":"2024-12-03T17:21:07","guid":{"rendered":"https:\/\/sysmatec.ch\/?post_type=product&#038;p=30141"},"modified":"2024-12-03T20:20:16","modified_gmt":"2024-12-03T19:20:16","slug":"tuyau-viton-lez-vit-pp55","status":"publish","type":"product","link":"https:\/\/sysmatec.ch\/de\/Produkt\/tuyau-viton-lez-vit-pp55\/","title":{"rendered":"Tuyau Viton LEZ-VIT PP55"},"content":{"rendered":"<p>Dieser Fluorelastomerschlauch besteht zu 100 % aus Viton\u00ae. Es wurde entwickelt, um eine h\u00f6chstm\u00f6gliche Dosiergenauigkeit der Schlauchpumpe zu gew\u00e4hrleisten. Der Schlauch ist auf einem Dorn vulkanisiert und kann durch seine geringe H\u00e4rte eine sichere F\u00f6rderung gew\u00e4hrleisten.<\/p>\n<h2>Merkmale<\/h2>\n<ul>\n<li>Elastomerbasis: FKM 100 % Viton\u00ae<\/li>\n<li>H\u00e4rte: 55 +\/-5 Shore A<\/li>\n<li>Dichte: 1,98 g\/cm\u00b3<\/li>\n<li>Farbe: Schwarz<\/li>\n<li>Temperaturbereich: -15\u00b0C bis +200\u00b0C, kurzfristig bis +250\u00b0C<\/li>\n<li>Toleranz: DIN ISO 3302.1-E1<\/li>\n<\/ul>\n<p>Best\u00e4ndig gegen aliphatische, aromatische und halogenierte Kohlenwasserstoffe, Kraftstoffe, \u00d6le und Fette, Glykole und Hydraulikfl\u00fcssigkeiten, verd\u00fcnnte S\u00e4uren und Basen<\/p>\n<table width=\"481\">\n<tbody>\n<tr>\n<td width=\"80\">Referenz<\/td>\n<td width=\"155\">Innendurchmesser (mm)<\/td>\n<td width=\"156\">Aussendurchmesser (mm)<\/td>\n<td width=\"90\">Wandst\u00e4rke (mm)<\/td>\n<\/tr>\n<tr>\n<td><\/td>\n<td>0.8<\/td>\n<td>4<\/td>\n<td>1.6<\/td>\n<\/tr>\n<tr>\n<td><\/td>\n<td>1.6<\/td>\n<td>1.6<\/td>\n<td>4.8<\/td>\n<\/tr>\n<tr>\n<td><\/td>\n<td>3<\/td>\n<td>1<\/td>\n<td>5<\/td>\n<\/tr>\n<tr>\n<td><\/td>\n<td>3.2<\/td>\n<td>1.6<\/td>\n<td>6.4<\/td>\n<\/tr>\n<tr>\n<td><\/td>\n<td>4<\/td>\n<td>1.6<\/td>\n<td>7.2<\/td>\n<\/tr>\n<tr>\n<td><\/td>\n<td>4.8<\/td>\n<td>1.6<\/td>\n<td>8<\/td>\n<\/tr>\n<tr>\n<td><\/td>\n<td>6.4<\/td>\n<td>1.6<\/td>\n<td>9.6<\/td>\n<\/tr>\n<tr>\n<td><\/td>\n<td>6.4<\/td>\n<td>2.4<\/td>\n<td>11.2<\/td>\n<\/tr>\n<tr>\n<td><\/td>\n<td>9.5<\/td>\n<td>2.4<\/td>\n<td>14.3<\/td>\n<\/tr>\n<tr>\n<td><\/td>\n<td>12.7<\/td>\n<td>3.2<\/td>\n<td>19<\/td>\n<\/tr>\n<tr>\n<td><\/td>\n<td>15.9<\/td>\n<td>3.2<\/td>\n<td>22.3<\/td>\n<\/tr>\n<\/tbody>\n<\/table>\n","protected":false},"excerpt":{"rendered":"<p>Vitonschlauch f\u00fcr Schlauchpumpe mit H\u00e4rte 55 +\/-5 Shore A<\/p>\n","protected":false},"featured_media":30145,"template":"","meta":{"_crdt_document":""},"product_brand":[],"product_cat":[285,279],"product_tag":[],"class_list":{"0":"post-30141","1":"product","2":"type-product","3":"status-publish","4":"has-post-thumbnail","6":"product_cat-schlauch","7":"product_cat-verbrauchsmaterial","9":"first","10":"instock","11":"taxable","12":"shipping-taxable","13":"product-type-simple"},"yoast_head":"<!-- This site is optimized with the Yoast SEO plugin v27.3 - https:\/\/yoast.com\/product\/yoast-seo-wordpress\/ -->\n<title>Tuyau Viton LEZ-VIT PP55 - Sysmatec<\/title>\n<meta name=\"description\" content=\"Flexibler Viton-Schlauch ideal f\u00fcr Schlauchpumpen, H\u00e4rte 55 +\/-5 Shore A\" \/>\n<meta name=\"robots\" content=\"index, follow, max-snippet:-1, max-image-preview:large, max-video-preview:-1\" \/>\n<link rel=\"canonical\" href=\"https:\/\/sysmatec.ch\/de\/Produkt\/tuyau-viton-lez-vit-pp55\/\" \/>\n<meta property=\"og:locale\" content=\"de_DE\" \/>\n<meta property=\"og:type\" content=\"article\" \/>\n<meta property=\"og:title\" content=\"Tuyau Viton LEZ-VIT PP55 - Sysmatec\" \/>\n<meta property=\"og:description\" content=\"Flexibler Viton-Schlauch ideal f\u00fcr Schlauchpumpen, H\u00e4rte 55 +\/-5 Shore A\" \/>\n<meta property=\"og:url\" content=\"https:\/\/sysmatec.ch\/de\/Produkt\/tuyau-viton-lez-vit-pp55\/\" \/>\n<meta property=\"og:site_name\" content=\"Sysmatec\" \/>\n<meta property=\"article:modified_time\" content=\"2024-12-03T19:20:16+00:00\" \/>\n<meta property=\"og:image\" content=\"https:\/\/sysmatec.ch\/wp-content\/uploads\/2024\/12\/TuyauViton_LEZVITPP55.jpg\" \/>\n\t<meta property=\"og:image:width\" content=\"640\" \/>\n\t<meta property=\"og:image:height\" content=\"426\" \/>\n\t<meta property=\"og:image:type\" content=\"image\/jpeg\" \/>\n<meta name=\"twitter:card\" content=\"summary_large_image\" \/>\n<meta name=\"twitter:label1\" content=\"Gesch\u00e4tzte Lesezeit\" \/>\n\t<meta name=\"twitter:data1\" content=\"1\u00a0Minute\" \/>\n<script type=\"application\/ld+json\" class=\"yoast-schema-graph\">{\"@context\":\"https:\\\/\\\/schema.org\",\"@graph\":[{\"@type\":\"WebPage\",\"@id\":\"https:\\\/\\\/sysmatec.ch\\\/de\\\/Produkt\\\/tuyau-viton-lez-vit-pp55\\\/\",\"url\":\"https:\\\/\\\/sysmatec.ch\\\/de\\\/Produkt\\\/tuyau-viton-lez-vit-pp55\\\/\",\"name\":\"Tuyau Viton LEZ-VIT PP55 - Sysmatec\",\"isPartOf\":{\"@id\":\"https:\\\/\\\/sysmatec.ch\\\/de\\\/#website\"},\"primaryImageOfPage\":{\"@id\":\"https:\\\/\\\/sysmatec.ch\\\/de\\\/Produkt\\\/tuyau-viton-lez-vit-pp55\\\/#primaryimage\"},\"image\":{\"@id\":\"https:\\\/\\\/sysmatec.ch\\\/de\\\/Produkt\\\/tuyau-viton-lez-vit-pp55\\\/#primaryimage\"},\"thumbnailUrl\":\"https:\\\/\\\/sysmatec.ch\\\/wp-content\\\/uploads\\\/2024\\\/12\\\/TuyauViton_LEZVITPP55.jpg\",\"datePublished\":\"2024-12-03T17:21:07+00:00\",\"dateModified\":\"2024-12-03T19:20:16+00:00\",\"description\":\"Flexibler Viton-Schlauch ideal f\u00fcr Schlauchpumpen, H\u00e4rte 55 +\\\/-5 Shore A\",\"breadcrumb\":{\"@id\":\"https:\\\/\\\/sysmatec.ch\\\/de\\\/Produkt\\\/tuyau-viton-lez-vit-pp55\\\/#breadcrumb\"},\"inLanguage\":\"de\",\"potentialAction\":[{\"@type\":\"ReadAction\",\"target\":[\"https:\\\/\\\/sysmatec.ch\\\/de\\\/Produkt\\\/tuyau-viton-lez-vit-pp55\\\/\"]}]},{\"@type\":\"ImageObject\",\"inLanguage\":\"de\",\"@id\":\"https:\\\/\\\/sysmatec.ch\\\/de\\\/Produkt\\\/tuyau-viton-lez-vit-pp55\\\/#primaryimage\",\"url\":\"https:\\\/\\\/sysmatec.ch\\\/wp-content\\\/uploads\\\/2024\\\/12\\\/TuyauViton_LEZVITPP55.jpg\",\"contentUrl\":\"https:\\\/\\\/sysmatec.ch\\\/wp-content\\\/uploads\\\/2024\\\/12\\\/TuyauViton_LEZVITPP55.jpg\",\"width\":640,\"height\":426},{\"@type\":\"BreadcrumbList\",\"@id\":\"https:\\\/\\\/sysmatec.ch\\\/de\\\/Produkt\\\/tuyau-viton-lez-vit-pp55\\\/#breadcrumb\",\"itemListElement\":[{\"@type\":\"ListItem\",\"position\":1,\"name\":\"Accueil\",\"item\":\"https:\\\/\\\/sysmatec.ch\\\/de\\\/\"},{\"@type\":\"ListItem\",\"position\":2,\"name\":\"Die Aktivit\u00e4t von Sysmatec\",\"item\":\"https:\\\/\\\/sysmatec.ch\\\/de\\\/\"},{\"@type\":\"ListItem\",\"position\":3,\"name\":\"Tuyau Viton LEZ-VIT PP55\"}]},{\"@type\":\"WebSite\",\"@id\":\"https:\\\/\\\/sysmatec.ch\\\/de\\\/#website\",\"url\":\"https:\\\/\\\/sysmatec.ch\\\/de\\\/\",\"name\":\"Sysmatec\",\"description\":\"Equipement de laboratoire et logiciels\",\"publisher\":{\"@id\":\"https:\\\/\\\/sysmatec.ch\\\/de\\\/#organization\"},\"potentialAction\":[{\"@type\":\"SearchAction\",\"target\":{\"@type\":\"EntryPoint\",\"urlTemplate\":\"https:\\\/\\\/sysmatec.ch\\\/de\\\/?s={search_term_string}\"},\"query-input\":{\"@type\":\"PropertyValueSpecification\",\"valueRequired\":true,\"valueName\":\"search_term_string\"}}],\"inLanguage\":\"de\"},{\"@type\":\"Organization\",\"@id\":\"https:\\\/\\\/sysmatec.ch\\\/de\\\/#organization\",\"name\":\"Sysmatec\",\"url\":\"https:\\\/\\\/sysmatec.ch\\\/de\\\/\",\"logo\":{\"@type\":\"ImageObject\",\"inLanguage\":\"de\",\"@id\":\"https:\\\/\\\/sysmatec.ch\\\/de\\\/#\\\/schema\\\/logo\\\/image\\\/\",\"url\":\"https:\\\/\\\/sysmatec.ch\\\/wp-content\\\/uploads\\\/2018\\\/11\\\/LogoSysmatec.jpg\",\"contentUrl\":\"https:\\\/\\\/sysmatec.ch\\\/wp-content\\\/uploads\\\/2018\\\/11\\\/LogoSysmatec.jpg\",\"width\":301,\"height\":297,\"caption\":\"Sysmatec\"},\"image\":{\"@id\":\"https:\\\/\\\/sysmatec.ch\\\/de\\\/#\\\/schema\\\/logo\\\/image\\\/\"}}]}<\/script>\n<!-- \/ Yoast SEO plugin. -->","yoast_head_json":{"title":"Tuyau Viton LEZ-VIT PP55 - Sysmatec","description":"Flexibler Viton-Schlauch ideal f\u00fcr Schlauchpumpen, H\u00e4rte 55 +\/-5 Shore A","robots":{"index":"index","follow":"follow","max-snippet":"max-snippet:-1","max-image-preview":"max-image-preview:large","max-video-preview":"max-video-preview:-1"},"canonical":"https:\/\/sysmatec.ch\/de\/Produkt\/tuyau-viton-lez-vit-pp55\/","og_locale":"de_DE","og_type":"article","og_title":"Tuyau Viton LEZ-VIT PP55 - Sysmatec","og_description":"Flexibler Viton-Schlauch ideal f\u00fcr Schlauchpumpen, H\u00e4rte 55 +\/-5 Shore A","og_url":"https:\/\/sysmatec.ch\/de\/Produkt\/tuyau-viton-lez-vit-pp55\/","og_site_name":"Sysmatec","article_modified_time":"2024-12-03T19:20:16+00:00","og_image":[{"width":640,"height":426,"url":"https:\/\/sysmatec.ch\/wp-content\/uploads\/2024\/12\/TuyauViton_LEZVITPP55.jpg","type":"image\/jpeg"}],"twitter_card":"summary_large_image","twitter_misc":{"Gesch\u00e4tzte Lesezeit":"1\u00a0Minute"},"schema":{"@context":"https:\/\/schema.org","@graph":[{"@type":"WebPage","@id":"https:\/\/sysmatec.ch\/de\/Produkt\/tuyau-viton-lez-vit-pp55\/","url":"https:\/\/sysmatec.ch\/de\/Produkt\/tuyau-viton-lez-vit-pp55\/","name":"Tuyau Viton LEZ-VIT PP55 - Sysmatec","isPartOf":{"@id":"https:\/\/sysmatec.ch\/de\/#website"},"primaryImageOfPage":{"@id":"https:\/\/sysmatec.ch\/de\/Produkt\/tuyau-viton-lez-vit-pp55\/#primaryimage"},"image":{"@id":"https:\/\/sysmatec.ch\/de\/Produkt\/tuyau-viton-lez-vit-pp55\/#primaryimage"},"thumbnailUrl":"https:\/\/sysmatec.ch\/wp-content\/uploads\/2024\/12\/TuyauViton_LEZVITPP55.jpg","datePublished":"2024-12-03T17:21:07+00:00","dateModified":"2024-12-03T19:20:16+00:00","description":"Flexibler Viton-Schlauch ideal f\u00fcr Schlauchpumpen, H\u00e4rte 55 +\/-5 Shore A","breadcrumb":{"@id":"https:\/\/sysmatec.ch\/de\/Produkt\/tuyau-viton-lez-vit-pp55\/#breadcrumb"},"inLanguage":"de","potentialAction":[{"@type":"ReadAction","target":["https:\/\/sysmatec.ch\/de\/Produkt\/tuyau-viton-lez-vit-pp55\/"]}]},{"@type":"ImageObject","inLanguage":"de","@id":"https:\/\/sysmatec.ch\/de\/Produkt\/tuyau-viton-lez-vit-pp55\/#primaryimage","url":"https:\/\/sysmatec.ch\/wp-content\/uploads\/2024\/12\/TuyauViton_LEZVITPP55.jpg","contentUrl":"https:\/\/sysmatec.ch\/wp-content\/uploads\/2024\/12\/TuyauViton_LEZVITPP55.jpg","width":640,"height":426},{"@type":"BreadcrumbList","@id":"https:\/\/sysmatec.ch\/de\/Produkt\/tuyau-viton-lez-vit-pp55\/#breadcrumb","itemListElement":[{"@type":"ListItem","position":1,"name":"Accueil","item":"https:\/\/sysmatec.ch\/de\/"},{"@type":"ListItem","position":2,"name":"Die Aktivit\u00e4t von Sysmatec","item":"https:\/\/sysmatec.ch\/de\/"},{"@type":"ListItem","position":3,"name":"Tuyau Viton LEZ-VIT PP55"}]},{"@type":"WebSite","@id":"https:\/\/sysmatec.ch\/de\/#website","url":"https:\/\/sysmatec.ch\/de\/","name":"Sysmatec","description":"Equipement de laboratoire et logiciels","publisher":{"@id":"https:\/\/sysmatec.ch\/de\/#organization"},"potentialAction":[{"@type":"SearchAction","target":{"@type":"EntryPoint","urlTemplate":"https:\/\/sysmatec.ch\/de\/?s={search_term_string}"},"query-input":{"@type":"PropertyValueSpecification","valueRequired":true,"valueName":"search_term_string"}}],"inLanguage":"de"},{"@type":"Organization","@id":"https:\/\/sysmatec.ch\/de\/#organization","name":"Sysmatec","url":"https:\/\/sysmatec.ch\/de\/","logo":{"@type":"ImageObject","inLanguage":"de","@id":"https:\/\/sysmatec.ch\/de\/#\/schema\/logo\/image\/","url":"https:\/\/sysmatec.ch\/wp-content\/uploads\/2018\/11\/LogoSysmatec.jpg","contentUrl":"https:\/\/sysmatec.ch\/wp-content\/uploads\/2018\/11\/LogoSysmatec.jpg","width":301,"height":297,"caption":"Sysmatec"},"image":{"@id":"https:\/\/sysmatec.ch\/de\/#\/schema\/logo\/image\/"}}]}},"_links":{"self":[{"href":"https:\/\/sysmatec.ch\/de\/wp-json\/wp\/v2\/product\/30141","targetHints":{"allow":["GET"]}}],"collection":[{"href":"https:\/\/sysmatec.ch\/de\/wp-json\/wp\/v2\/product"}],"about":[{"href":"https:\/\/sysmatec.ch\/de\/wp-json\/wp\/v2\/types\/product"}],"wp:featuredmedia":[{"embeddable":true,"href":"https:\/\/sysmatec.ch\/de\/wp-json\/wp\/v2\/media\/30145"}],"wp:attachment":[{"href":"https:\/\/sysmatec.ch\/de\/wp-json\/wp\/v2\/media?parent=30141"}],"wp:term":[{"taxonomy":"product_brand","embeddable":true,"href":"https:\/\/sysmatec.ch\/de\/wp-json\/wp\/v2\/product_brand?post=30141"},{"taxonomy":"product_cat","embeddable":true,"href":"https:\/\/sysmatec.ch\/de\/wp-json\/wp\/v2\/product_cat?post=30141"},{"taxonomy":"product_tag","embeddable":true,"href":"https:\/\/sysmatec.ch\/de\/wp-json\/wp\/v2\/product_tag?post=30141"}],"curies":[{"name":"wp","href":"https:\/\/api.w.org\/{rel}","templated":true}]}}