{"id":30130,"date":"2024-11-19T19:26:44","date_gmt":"2024-11-19T18:26:44","guid":{"rendered":"https:\/\/sysmatec.ch\/?post_type=product&#038;p=30130"},"modified":"2024-11-19T21:09:50","modified_gmt":"2024-11-19T20:09:50","slug":"ph-redox-und-ionenmessung-seven2go","status":"publish","type":"product","link":"https:\/\/sysmatec.ch\/de\/Produkt\/ph-redox-und-ionenmessung-seven2go\/","title":{"rendered":"pH-, Redox- und Ionenmessung Seven2Go"},"content":{"rendered":"<p>Hierbei handelt es sich um ein Multifunktionsger\u00e4t zur Messung von pH-Wert, Redoxpotential oder Ionen (ISM-Elektrode), abh\u00e4ngig von der angeschlossenen Elektrode.<\/p>\n<p>Messbare Ionen: Ca1+, Cl-, CN-, Cu2+, F-, I-, K+, Na+, NO3-, Pb2+, NH4+,<\/p>\n<p>Wenn ein InLab ISM-Sensor (Intelligent Sensor Management) angeschlossen ist, erkennt das Ger\u00e4t ihn automatisch und zeichnet seine ID, Seriennummer und die neuesten Kalibrierungsdaten auf.<\/p>\n<h2>Merkmale<\/h2>\n<h2><\/h2>\n<table width=\"672\">\n<tbody>\n<tr>\n<td width=\"149\">Parameter<\/td>\n<td width=\"192\"><\/td>\n<td width=\"119\">S2 pH \/ redox<\/td>\n<td width=\"212\">S8 pH\/ions<\/td>\n<\/tr>\n<tr>\n<td>pH<\/td>\n<td>Messbereich<\/td>\n<td>\u20132 bis 20 pH<\/td>\n<td>\u20132 bis 19,99 pH<\/td>\n<\/tr>\n<tr>\n<td><\/td>\n<td>Aufl\u00f6sung<\/td>\n<td>0,01 \/ 0,1<\/td>\n<td>\u00a00,001 \/ 0,01 \/ 0,1<\/td>\n<\/tr>\n<tr>\n<td><\/td>\n<td>Genauigkeit (Sensoreingang)<\/td>\n<td>\u00b1 0,01<\/td>\n<td>\u00b1 0,002<\/td>\n<\/tr>\n<tr>\n<td>Redox Potentiel<\/td>\n<td>Messbereich<\/td>\n<td>\u20131 999 bis 1 999 mV<\/td>\n<td>\u20132 000 bis 2 000 mV<\/td>\n<\/tr>\n<tr>\n<td><\/td>\n<td>Aufl\u00f6sung<\/td>\n<td>1<\/td>\n<td>\u00a00,1 \/ 1<\/td>\n<\/tr>\n<tr>\n<td><\/td>\n<td>Genauigkeit (Sensoreingang)<\/td>\n<td>\u00b1 1<\/td>\n<td>\u00b1 0,1<\/td>\n<\/tr>\n<tr>\n<td><\/td>\n<td>Einheit<\/td>\n<td>mV, mV rel.<\/td>\n<td>mV, mV rel.<\/td>\n<\/tr>\n<tr>\n<td>Ionen<\/td>\n<td>Messbereich<\/td>\n<td><\/td>\n<td>1,00e-09 bis 9,99e+09<\/td>\n<\/tr>\n<tr>\n<td><\/td>\n<td>Aufl\u00f6sung<\/td>\n<td><\/td>\n<td>3 oder 4 Ziffer (Auto)<\/td>\n<\/tr>\n<tr>\n<td><\/td>\n<td>Genauigkeit (Sensoreingang)<\/td>\n<td><\/td>\n<td>\u00b1 0,5 %<\/td>\n<\/tr>\n<tr>\n<td><\/td>\n<td>Einheit<\/td>\n<td><\/td>\n<td>mg\/L, mmol\/L, mol\/L, %, ppm, pX<\/td>\n<\/tr>\n<tr>\n<td>Temperatur<\/td>\n<td>Messbereich<\/td>\n<td>\u20135,0 bis 105,0 \u00b0C<\/td>\n<td width=\"212\">\u20135,0 bis 130,0 (ATC) \/ -30,0 bis 130,0 \u00b0C (MTC)<\/td>\n<\/tr>\n<tr>\n<td><\/td>\n<td>Aufl\u00f6sung<\/td>\n<td>\u00a00,1 \u00b0C<\/td>\n<td>\u00a00,1 \u00b0C<\/td>\n<\/tr>\n<tr>\n<td><\/td>\n<td>Genauigkeit (Sensoreingang)<\/td>\n<td>\u00b1 0,5 \u00b0C<\/td>\n<td width=\"212\">\u00b1 0,2 \u00b0C si T = 0 \u00b0C\u2026105 \u00b0C<br \/>\n\u00b1 0,5 \u00b0C si T &lt; 0 \u00b0C ou T &gt; 105 \u00b0C<\/td>\n<\/tr>\n<tr>\n<td><\/td>\n<td>Automatische\/manuelle Temperaturkompensation<\/td>\n<td>Ja<\/td>\n<td>Ja<\/td>\n<\/tr>\n<tr>\n<td>\u00a0Kalibration (pH)<\/td>\n<td>Kalibrierungspunkte<\/td>\n<td>5<\/td>\n<td>5<\/td>\n<\/tr>\n<tr>\n<td><\/td>\n<td>Vordefinierte Puffers\u00e4tze<\/td>\n<td>4<\/td>\n<td>8<\/td>\n<\/tr>\n<tr>\n<td><\/td>\n<td>Benutzerdefinierter Puffersatz<\/td>\n<td>Ja<\/td>\n<td>Ja<\/td>\n<\/tr>\n<tr>\n<td><\/td>\n<td>Automatische Stempelerkennung<\/td>\n<td>Ja<\/td>\n<td>Ja<\/td>\n<\/tr>\n<tr>\n<td><\/td>\n<td>Kalibrierungsmethoden<\/td>\n<td>Linear, segmentiert<\/td>\n<td>Linear, segmentiert<\/td>\n<\/tr>\n<tr>\n<td width=\"149\">Datenspeicherung<\/td>\n<td>Datum und Zeit<\/td>\n<td>Nein<\/td>\n<td>Ja<\/td>\n<\/tr>\n<tr>\n<td><\/td>\n<td>Benutzerstufen (Routine, Experte, Outdoor)<\/td>\n<td>Nein<\/td>\n<td>Ja<\/td>\n<\/tr>\n<tr>\n<td><\/td>\n<td>Speicher<\/td>\n<td>200<\/td>\n<td>2 000 (GLP-Konformit\u00e4t)<\/td>\n<\/tr>\n<tr>\n<td><\/td>\n<td>Kalibrierungserinnerung<\/td>\n<td>Nein<\/td>\n<td>Ja<\/td>\n<\/tr>\n<tr>\n<td><\/td>\n<td width=\"192\">Seriennummer des ID-Sensors; Proben-ID;<br \/>\nBenutzer-ID<\/td>\n<td>Nein<\/td>\n<td>Ja<\/td>\n<\/tr>\n<tr>\n<td><\/td>\n<td>Benutzerdefinierte Alarmschwellen<\/td>\n<td>Nein<\/td>\n<td>Ja<\/td>\n<\/tr>\n<tr>\n<td><\/td>\n<td>PIN-Code-Schutz<\/td>\n<td>Nein<\/td>\n<td>Ja<\/td>\n<\/tr>\n<tr>\n<td>Geh\u00e4use<\/td>\n<td>Sensoreing\u00e4nge<\/td>\n<td>BNC (1012 \u2126) \/ RCA (cinch)<\/td>\n<td width=\"212\">BNC (1012 \u2126) \/ RCA (cinch) \/ 2 mm Bananenstecker<\/td>\n<\/tr>\n<tr>\n<td><\/td>\n<td>Kommunikationsschnittstellen<\/td>\n<td>Nein<\/td>\n<td>Micro-USB<\/td>\n<\/tr>\n<tr>\n<td><\/td>\n<td>Abmessungen\/Gewicht des Instruments<\/td>\n<td>222 x 70 x 35 mm \/ 270 g<\/td>\n<td>222 x 70 x 35 mm \/ 290 g<\/td>\n<\/tr>\n<tr>\n<td><\/td>\n<td>Stromspeisung<\/td>\n<td>4 x 1,5 V AA oder Akku. NiMH 1,3 V<\/td>\n<td>\u00a04 x 1,5 V AA, Akku. NiMH 1,3 V oderUSB<\/td>\n<\/tr>\n<tr>\n<td><\/td>\n<td>Betriebsstunden<\/td>\n<td>250 bis 400 h<\/td>\n<td>200 bis 250 h<\/td>\n<\/tr>\n<tr>\n<td><\/td>\n<td>Bildschirm<\/td>\n<td>Segment-LCD-Anzeige<\/td>\n<td>LCD-Grafikdisplay<\/td>\n<\/tr>\n<\/tbody>\n<\/table>\n","protected":false},"excerpt":{"rendered":"<p>Messung von pH-Wert, Redoxpotential und Ionen<\/p>\n","protected":false},"featured_media":30134,"template":"","meta":{"_crdt_document":""},"product_brand":[],"product_cat":[241,242],"product_tag":[],"class_list":{"0":"post-30130","1":"product","2":"type-product","3":"status-publish","4":"has-post-thumbnail","6":"product_cat-ph-de","7":"product_cat-redox-de","9":"first","10":"instock","11":"taxable","12":"shipping-taxable","13":"purchasable","14":"product-type-simple"},"yoast_head":"<!-- This site is optimized with the Yoast SEO plugin v27.4 - https:\/\/yoast.com\/product\/yoast-seo-wordpress\/ -->\n<title>pH-, Redox- und Ionenmessung Seven2Go - Sysmatec<\/title>\n<meta name=\"description\" content=\"Kompaktes Ger\u00e4t zur Messung von pH-Wert, Redoxpotential und Ionen in L\u00f6sung abh\u00e4ngig von der angeschlossenen Elektrode.\" \/>\n<meta name=\"robots\" content=\"index, follow, max-snippet:-1, max-image-preview:large, max-video-preview:-1\" \/>\n<link rel=\"canonical\" href=\"https:\/\/sysmatec.ch\/de\/Produkt\/ph-redox-und-ionenmessung-seven2go\/\" \/>\n<meta property=\"og:locale\" content=\"de_DE\" \/>\n<meta property=\"og:type\" content=\"article\" \/>\n<meta property=\"og:title\" content=\"pH-, Redox- und Ionenmessung Seven2Go - Sysmatec\" \/>\n<meta property=\"og:description\" content=\"Kompaktes Ger\u00e4t zur Messung von pH-Wert, Redoxpotential und Ionen in L\u00f6sung abh\u00e4ngig von der angeschlossenen Elektrode.\" \/>\n<meta property=\"og:url\" content=\"https:\/\/sysmatec.ch\/de\/Produkt\/ph-redox-und-ionenmessung-seven2go\/\" \/>\n<meta property=\"og:site_name\" content=\"Sysmatec\" \/>\n<meta property=\"article:modified_time\" content=\"2024-11-19T20:09:50+00:00\" \/>\n<meta property=\"og:image\" content=\"https:\/\/sysmatec.ch\/wp-content\/uploads\/2024\/11\/pHmetre_MettlerSeven2Go.jpg\" \/>\n\t<meta property=\"og:image:width\" content=\"378\" \/>\n\t<meta property=\"og:image:height\" content=\"735\" \/>\n\t<meta property=\"og:image:type\" content=\"image\/jpeg\" \/>\n<meta name=\"twitter:card\" content=\"summary_large_image\" \/>\n<meta name=\"twitter:label1\" content=\"Gesch\u00e4tzte Lesezeit\" \/>\n\t<meta name=\"twitter:data1\" content=\"2\u00a0Minuten\" \/>\n<script type=\"application\/ld+json\" class=\"yoast-schema-graph\">{\"@context\":\"https:\\\/\\\/schema.org\",\"@graph\":[{\"@type\":\"WebPage\",\"@id\":\"https:\\\/\\\/sysmatec.ch\\\/de\\\/Produkt\\\/ph-redox-und-ionenmessung-seven2go\\\/\",\"url\":\"https:\\\/\\\/sysmatec.ch\\\/de\\\/Produkt\\\/ph-redox-und-ionenmessung-seven2go\\\/\",\"name\":\"pH-, Redox- und Ionenmessung Seven2Go - Sysmatec\",\"isPartOf\":{\"@id\":\"https:\\\/\\\/sysmatec.ch\\\/de\\\/#website\"},\"primaryImageOfPage\":{\"@id\":\"https:\\\/\\\/sysmatec.ch\\\/de\\\/Produkt\\\/ph-redox-und-ionenmessung-seven2go\\\/#primaryimage\"},\"image\":{\"@id\":\"https:\\\/\\\/sysmatec.ch\\\/de\\\/Produkt\\\/ph-redox-und-ionenmessung-seven2go\\\/#primaryimage\"},\"thumbnailUrl\":\"https:\\\/\\\/sysmatec.ch\\\/wp-content\\\/uploads\\\/2024\\\/11\\\/pHmetre_MettlerSeven2Go.jpg\",\"datePublished\":\"2024-11-19T18:26:44+00:00\",\"dateModified\":\"2024-11-19T20:09:50+00:00\",\"description\":\"Kompaktes Ger\u00e4t zur Messung von pH-Wert, Redoxpotential und Ionen in L\u00f6sung abh\u00e4ngig von der angeschlossenen Elektrode.\",\"breadcrumb\":{\"@id\":\"https:\\\/\\\/sysmatec.ch\\\/de\\\/Produkt\\\/ph-redox-und-ionenmessung-seven2go\\\/#breadcrumb\"},\"inLanguage\":\"de\",\"potentialAction\":[{\"@type\":\"ReadAction\",\"target\":[\"https:\\\/\\\/sysmatec.ch\\\/de\\\/Produkt\\\/ph-redox-und-ionenmessung-seven2go\\\/\"]}]},{\"@type\":\"ImageObject\",\"inLanguage\":\"de\",\"@id\":\"https:\\\/\\\/sysmatec.ch\\\/de\\\/Produkt\\\/ph-redox-und-ionenmessung-seven2go\\\/#primaryimage\",\"url\":\"https:\\\/\\\/sysmatec.ch\\\/wp-content\\\/uploads\\\/2024\\\/11\\\/pHmetre_MettlerSeven2Go.jpg\",\"contentUrl\":\"https:\\\/\\\/sysmatec.ch\\\/wp-content\\\/uploads\\\/2024\\\/11\\\/pHmetre_MettlerSeven2Go.jpg\",\"width\":378,\"height\":735},{\"@type\":\"BreadcrumbList\",\"@id\":\"https:\\\/\\\/sysmatec.ch\\\/de\\\/Produkt\\\/ph-redox-und-ionenmessung-seven2go\\\/#breadcrumb\",\"itemListElement\":[{\"@type\":\"ListItem\",\"position\":1,\"name\":\"Accueil\",\"item\":\"https:\\\/\\\/sysmatec.ch\\\/de\\\/\"},{\"@type\":\"ListItem\",\"position\":2,\"name\":\"Die Aktivit\u00e4t von Sysmatec\",\"item\":\"https:\\\/\\\/sysmatec.ch\\\/de\\\/\"},{\"@type\":\"ListItem\",\"position\":3,\"name\":\"pH-, Redox- und Ionenmessung Seven2Go\"}]},{\"@type\":\"WebSite\",\"@id\":\"https:\\\/\\\/sysmatec.ch\\\/de\\\/#website\",\"url\":\"https:\\\/\\\/sysmatec.ch\\\/de\\\/\",\"name\":\"Sysmatec\",\"description\":\"Equipement de laboratoire et logiciels\",\"publisher\":{\"@id\":\"https:\\\/\\\/sysmatec.ch\\\/de\\\/#organization\"},\"potentialAction\":[{\"@type\":\"SearchAction\",\"target\":{\"@type\":\"EntryPoint\",\"urlTemplate\":\"https:\\\/\\\/sysmatec.ch\\\/de\\\/?s={search_term_string}\"},\"query-input\":{\"@type\":\"PropertyValueSpecification\",\"valueRequired\":true,\"valueName\":\"search_term_string\"}}],\"inLanguage\":\"de\"},{\"@type\":\"Organization\",\"@id\":\"https:\\\/\\\/sysmatec.ch\\\/de\\\/#organization\",\"name\":\"Sysmatec\",\"url\":\"https:\\\/\\\/sysmatec.ch\\\/de\\\/\",\"logo\":{\"@type\":\"ImageObject\",\"inLanguage\":\"de\",\"@id\":\"https:\\\/\\\/sysmatec.ch\\\/de\\\/#\\\/schema\\\/logo\\\/image\\\/\",\"url\":\"https:\\\/\\\/sysmatec.ch\\\/wp-content\\\/uploads\\\/2018\\\/11\\\/LogoSysmatec.jpg\",\"contentUrl\":\"https:\\\/\\\/sysmatec.ch\\\/wp-content\\\/uploads\\\/2018\\\/11\\\/LogoSysmatec.jpg\",\"width\":301,\"height\":297,\"caption\":\"Sysmatec\"},\"image\":{\"@id\":\"https:\\\/\\\/sysmatec.ch\\\/de\\\/#\\\/schema\\\/logo\\\/image\\\/\"}}]}<\/script>\n<!-- \/ Yoast SEO plugin. -->","yoast_head_json":{"title":"pH-, Redox- und Ionenmessung Seven2Go - Sysmatec","description":"Kompaktes Ger\u00e4t zur Messung von pH-Wert, Redoxpotential und Ionen in L\u00f6sung abh\u00e4ngig von der angeschlossenen Elektrode.","robots":{"index":"index","follow":"follow","max-snippet":"max-snippet:-1","max-image-preview":"max-image-preview:large","max-video-preview":"max-video-preview:-1"},"canonical":"https:\/\/sysmatec.ch\/de\/Produkt\/ph-redox-und-ionenmessung-seven2go\/","og_locale":"de_DE","og_type":"article","og_title":"pH-, Redox- und Ionenmessung Seven2Go - Sysmatec","og_description":"Kompaktes Ger\u00e4t zur Messung von pH-Wert, Redoxpotential und Ionen in L\u00f6sung abh\u00e4ngig von der angeschlossenen Elektrode.","og_url":"https:\/\/sysmatec.ch\/de\/Produkt\/ph-redox-und-ionenmessung-seven2go\/","og_site_name":"Sysmatec","article_modified_time":"2024-11-19T20:09:50+00:00","og_image":[{"width":378,"height":735,"url":"https:\/\/sysmatec.ch\/wp-content\/uploads\/2024\/11\/pHmetre_MettlerSeven2Go.jpg","type":"image\/jpeg"}],"twitter_card":"summary_large_image","twitter_misc":{"Gesch\u00e4tzte Lesezeit":"2\u00a0Minuten"},"schema":{"@context":"https:\/\/schema.org","@graph":[{"@type":"WebPage","@id":"https:\/\/sysmatec.ch\/de\/Produkt\/ph-redox-und-ionenmessung-seven2go\/","url":"https:\/\/sysmatec.ch\/de\/Produkt\/ph-redox-und-ionenmessung-seven2go\/","name":"pH-, Redox- und Ionenmessung Seven2Go - Sysmatec","isPartOf":{"@id":"https:\/\/sysmatec.ch\/de\/#website"},"primaryImageOfPage":{"@id":"https:\/\/sysmatec.ch\/de\/Produkt\/ph-redox-und-ionenmessung-seven2go\/#primaryimage"},"image":{"@id":"https:\/\/sysmatec.ch\/de\/Produkt\/ph-redox-und-ionenmessung-seven2go\/#primaryimage"},"thumbnailUrl":"https:\/\/sysmatec.ch\/wp-content\/uploads\/2024\/11\/pHmetre_MettlerSeven2Go.jpg","datePublished":"2024-11-19T18:26:44+00:00","dateModified":"2024-11-19T20:09:50+00:00","description":"Kompaktes Ger\u00e4t zur Messung von pH-Wert, Redoxpotential und Ionen in L\u00f6sung abh\u00e4ngig von der angeschlossenen Elektrode.","breadcrumb":{"@id":"https:\/\/sysmatec.ch\/de\/Produkt\/ph-redox-und-ionenmessung-seven2go\/#breadcrumb"},"inLanguage":"de","potentialAction":[{"@type":"ReadAction","target":["https:\/\/sysmatec.ch\/de\/Produkt\/ph-redox-und-ionenmessung-seven2go\/"]}]},{"@type":"ImageObject","inLanguage":"de","@id":"https:\/\/sysmatec.ch\/de\/Produkt\/ph-redox-und-ionenmessung-seven2go\/#primaryimage","url":"https:\/\/sysmatec.ch\/wp-content\/uploads\/2024\/11\/pHmetre_MettlerSeven2Go.jpg","contentUrl":"https:\/\/sysmatec.ch\/wp-content\/uploads\/2024\/11\/pHmetre_MettlerSeven2Go.jpg","width":378,"height":735},{"@type":"BreadcrumbList","@id":"https:\/\/sysmatec.ch\/de\/Produkt\/ph-redox-und-ionenmessung-seven2go\/#breadcrumb","itemListElement":[{"@type":"ListItem","position":1,"name":"Accueil","item":"https:\/\/sysmatec.ch\/de\/"},{"@type":"ListItem","position":2,"name":"Die Aktivit\u00e4t von Sysmatec","item":"https:\/\/sysmatec.ch\/de\/"},{"@type":"ListItem","position":3,"name":"pH-, Redox- und Ionenmessung Seven2Go"}]},{"@type":"WebSite","@id":"https:\/\/sysmatec.ch\/de\/#website","url":"https:\/\/sysmatec.ch\/de\/","name":"Sysmatec","description":"Equipement de laboratoire et logiciels","publisher":{"@id":"https:\/\/sysmatec.ch\/de\/#organization"},"potentialAction":[{"@type":"SearchAction","target":{"@type":"EntryPoint","urlTemplate":"https:\/\/sysmatec.ch\/de\/?s={search_term_string}"},"query-input":{"@type":"PropertyValueSpecification","valueRequired":true,"valueName":"search_term_string"}}],"inLanguage":"de"},{"@type":"Organization","@id":"https:\/\/sysmatec.ch\/de\/#organization","name":"Sysmatec","url":"https:\/\/sysmatec.ch\/de\/","logo":{"@type":"ImageObject","inLanguage":"de","@id":"https:\/\/sysmatec.ch\/de\/#\/schema\/logo\/image\/","url":"https:\/\/sysmatec.ch\/wp-content\/uploads\/2018\/11\/LogoSysmatec.jpg","contentUrl":"https:\/\/sysmatec.ch\/wp-content\/uploads\/2018\/11\/LogoSysmatec.jpg","width":301,"height":297,"caption":"Sysmatec"},"image":{"@id":"https:\/\/sysmatec.ch\/de\/#\/schema\/logo\/image\/"}}]}},"_links":{"self":[{"href":"https:\/\/sysmatec.ch\/de\/wp-json\/wp\/v2\/product\/30130","targetHints":{"allow":["GET"]}}],"collection":[{"href":"https:\/\/sysmatec.ch\/de\/wp-json\/wp\/v2\/product"}],"about":[{"href":"https:\/\/sysmatec.ch\/de\/wp-json\/wp\/v2\/types\/product"}],"wp:featuredmedia":[{"embeddable":true,"href":"https:\/\/sysmatec.ch\/de\/wp-json\/wp\/v2\/media\/30134"}],"wp:attachment":[{"href":"https:\/\/sysmatec.ch\/de\/wp-json\/wp\/v2\/media?parent=30130"}],"wp:term":[{"taxonomy":"product_brand","embeddable":true,"href":"https:\/\/sysmatec.ch\/de\/wp-json\/wp\/v2\/product_brand?post=30130"},{"taxonomy":"product_cat","embeddable":true,"href":"https:\/\/sysmatec.ch\/de\/wp-json\/wp\/v2\/product_cat?post=30130"},{"taxonomy":"product_tag","embeddable":true,"href":"https:\/\/sysmatec.ch\/de\/wp-json\/wp\/v2\/product_tag?post=30130"}],"curies":[{"name":"wp","href":"https:\/\/api.w.org\/{rel}","templated":true}]}}