{"id":30118,"date":"2024-11-17T10:59:50","date_gmt":"2024-11-17T09:59:50","guid":{"rendered":"https:\/\/sysmatec.ch\/?post_type=product&#038;p=30118"},"modified":"2024-11-17T11:23:37","modified_gmt":"2024-11-17T10:23:37","slug":"rotation-viskosimeter-rotatemp-lo-vi-package","status":"publish","type":"product","link":"https:\/\/sysmatec.ch\/de\/Produkt\/rotation-viskosimeter-rotatemp-lo-vi-package\/","title":{"rendered":"Rotation Viskosimeter ROTATEMP lo-vi Package"},"content":{"rendered":"<p>ROTAVISC lo-vi ist ein leistungsstarkes Rotationsviskosimeter f\u00fcr Anwendungen in einem Messbereich von 1 bis 6.000.000 mPas.<\/p>\n<p>Das Package kombiniert das ROTAVISC lo-vi Rotationsviskosimeter mit dem Hochtemperatursystem ROTATEMP, um eine optimale Temperaturkontrolle w\u00e4hrend des Messprozesses zu gew\u00e4hrleisten.<\/p>\n<p>Das platzsparende ROTATEMP Hochtemperatursystem ist die perfekte Erg\u00e4nzung f\u00fcr die Messung temperaturabh\u00e4ngiger Proben, die bei Raumtemperatur nicht flie\u00dff\u00e4hig sind, wie beispielsweise Asphalt, Bitumen, Wachs, Polymeren, Bonbonmasse oder Schmelzklebstoffen. Dank genauer und effizienter Temperaturregelung, basierend auf der bew\u00e4hrten IKA Magnetr\u00fchrer-Technologie, k\u00f6nnen Proben in nur 16 Minuten auf bis zu 300 \u00b0C erhitzt werden ohne zu \u00fcberhitzen. So k\u00f6nnen pr\u00e4zise und reproduzierbare Messungen durchgef\u00fchrt werden.<\/p>\n<h2>Technische Daten<\/h2>\n<table id=\"tech_data\" cellspacing=\"0\" cellpadding=\"0\">\n<tbody>\n<tr class=\"ika-flex-table-row\">\n<td class=\"ika-flex-table-column\">Viskosit\u00e4t-Me\u00dfbereich<\/td>\n<td class=\"ika-flex-table-column\">6000000 mPas<\/td>\n<\/tr>\n<tr class=\"ika-flex-table-row\">\n<td class=\"ika-flex-table-column\">Viskosit\u00e4t-Genauigkeit (FSR)<\/td>\n<td class=\"ika-flex-table-column\">1 %<\/td>\n<\/tr>\n<tr class=\"ika-flex-table-row\">\n<td class=\"ika-flex-table-column\">Viskosit\u00e4t Wiederholgenauigkeit (FSR)<\/td>\n<td class=\"ika-flex-table-column\">0.2 %<\/td>\n<\/tr>\n<tr class=\"ika-flex-table-row\">\n<td class=\"ika-flex-table-column\">Feder &#8211; Drehmoment<\/td>\n<td class=\"ika-flex-table-column\">0.0673 mNm<\/td>\n<\/tr>\n<tr class=\"ika-flex-table-row\">\n<td class=\"ika-flex-table-column\">F\u00fchrungsschiene<\/td>\n<td class=\"ika-flex-table-column\">lo-vi<\/td>\n<\/tr>\n<tr class=\"ika-flex-table-row\">\n<td class=\"ika-flex-table-column\">Mess-Spindeln<\/td>\n<td class=\"ika-flex-table-column\">SP set-1<\/td>\n<\/tr>\n<tr class=\"ika-flex-table-row\">\n<td class=\"ika-flex-table-column\">Motorleistung Abgabe<\/td>\n<td class=\"ika-flex-table-column\">4.8 W<\/td>\n<\/tr>\n<tr class=\"ika-flex-table-row\">\n<td class=\"ika-flex-table-column\">Schutz vor \u00dcberlast<\/td>\n<td class=\"ika-flex-table-column\">ja<\/td>\n<\/tr>\n<tr class=\"ika-flex-table-row\">\n<td class=\"ika-flex-table-column\">Drehrichtung Motor<\/td>\n<td class=\"ika-flex-table-column\">rechts<\/td>\n<\/tr>\n<tr class=\"ika-flex-table-row\">\n<td class=\"ika-flex-table-column\">Anzeige<\/td>\n<td class=\"ika-flex-table-column\">TFT<\/td>\n<\/tr>\n<tr class=\"ika-flex-table-row\">\n<td class=\"ika-flex-table-column\">Drehzahlanzeige<\/td>\n<td class=\"ika-flex-table-column\">TFT<\/td>\n<\/tr>\n<tr class=\"ika-flex-table-row\">\n<td class=\"ika-flex-table-column\">Drehzahlbereich<\/td>\n<td class=\"ika-flex-table-column\">0.01 &#8211; 200 rpm<\/td>\n<\/tr>\n<tr class=\"ika-flex-table-row\">\n<td class=\"ika-flex-table-column\">Einstellgenauigkeit Drehzahl<\/td>\n<td class=\"ika-flex-table-column\">\u00b10.01 rpm<\/td>\n<\/tr>\n<tr class=\"ika-flex-table-row\">\n<td class=\"ika-flex-table-column\">Einstellm\u00f6glichkeit Drehzahl<\/td>\n<td class=\"ika-flex-table-column\">TFT<\/td>\n<\/tr>\n<tr class=\"ika-flex-table-row\">\n<td class=\"ika-flex-table-column\">Drehmomentanzeige<\/td>\n<td class=\"ika-flex-table-column\">ja<\/td>\n<\/tr>\n<tr class=\"ika-flex-table-row\">\n<td class=\"ika-flex-table-column\">Drehmomentmessung<\/td>\n<td class=\"ika-flex-table-column\">ja<\/td>\n<\/tr>\n<tr class=\"ika-flex-table-row\">\n<td class=\"ika-flex-table-column\">Zeitschaltuhr<\/td>\n<td class=\"ika-flex-table-column\">ja<\/td>\n<\/tr>\n<tr class=\"ika-flex-table-row\">\n<td class=\"ika-flex-table-column\">Anzeige Zeitschaltuhr<\/td>\n<td class=\"ika-flex-table-column\">TFT<\/td>\n<\/tr>\n<tr class=\"ika-flex-table-row\">\n<td class=\"ika-flex-table-column\">Zeiteinstellbereich<\/td>\n<td class=\"ika-flex-table-column\">0.017 &#8211; 6000 min<\/td>\n<\/tr>\n<tr class=\"ika-flex-table-row\">\n<td class=\"ika-flex-table-column\">Aufl\u00f6sung Temperaturmessung<\/td>\n<td class=\"ika-flex-table-column\">0.1 K<\/td>\n<\/tr>\n<tr class=\"ika-flex-table-row\">\n<td class=\"ika-flex-table-column\">Arbeitstemperaturanzeige<\/td>\n<td class=\"ika-flex-table-column\">TFT<\/td>\n<\/tr>\n<tr class=\"ika-flex-table-row\">\n<td class=\"ika-flex-table-column\">Anschluss f\u00fcr ext. Temperaturmessf\u00fchler<\/td>\n<td class=\"ika-flex-table-column\">PT 100<\/td>\n<\/tr>\n<tr class=\"ika-flex-table-row\">\n<td class=\"ika-flex-table-column\">Graph Funktion<\/td>\n<td class=\"ika-flex-table-column\">ja<\/td>\n<\/tr>\n<tr class=\"ika-flex-table-row\">\n<td class=\"ika-flex-table-column\">Betriebsart<\/td>\n<td class=\"ika-flex-table-column\">Timer- und Dauerbetrieb<\/td>\n<\/tr>\n<tr class=\"ika-flex-table-row\">\n<td class=\"ika-flex-table-column\">Kalibrierungsm\u00f6glichkeit<\/td>\n<td class=\"ika-flex-table-column\">ja<\/td>\n<\/tr>\n<tr class=\"ika-flex-table-row\">\n<td class=\"ika-flex-table-column\">Touchfunktion<\/td>\n<td class=\"ika-flex-table-column\">ja<\/td>\n<\/tr>\n<tr class=\"ika-flex-table-row\">\n<td class=\"ika-flex-table-column\">Zul\u00e4ssige Dichte<\/td>\n<td class=\"ika-flex-table-column\">9999 kg\/dm3<\/td>\n<\/tr>\n<tr class=\"ika-flex-table-row\">\n<td class=\"ika-flex-table-column\">Arbeitstemperatur<\/td>\n<td class=\"ika-flex-table-column\">-100 &#8211; 300 \u00b0C<\/td>\n<\/tr>\n<tr class=\"ika-flex-table-row\">\n<td class=\"ika-flex-table-column\">Befestigung am Stativ<\/td>\n<td class=\"ika-flex-table-column\">Ausleger<\/td>\n<\/tr>\n<tr class=\"ika-flex-table-row\">\n<td class=\"ika-flex-table-column\">Stativstangendurchmesser (bei integrierter Befestigung am Stativ)<\/td>\n<td class=\"ika-flex-table-column\">16 mm<\/td>\n<\/tr>\n<tr class=\"ika-flex-table-row\">\n<td class=\"ika-flex-table-column\">Hub Teleskopstativ<\/td>\n<td class=\"ika-flex-table-column\">200 mm<\/td>\n<\/tr>\n<tr class=\"ika-flex-table-row\">\n<td class=\"ika-flex-table-column\">Steckkupplung (\u00d8)<\/td>\n<td class=\"ika-flex-table-column\">12 mm<\/td>\n<\/tr>\n<tr class=\"ika-flex-table-row\">\n<td class=\"ika-flex-table-column\">Basisgef\u00e4\u00dfvolumen<\/td>\n<td class=\"ika-flex-table-column\">600 ml<\/td>\n<\/tr>\n<tr class=\"ika-flex-table-row\">\n<td class=\"ika-flex-table-column\">Stativ<\/td>\n<td class=\"ika-flex-table-column\">Rotastand<\/td>\n<\/tr>\n<tr class=\"ika-flex-table-row\">\n<td class=\"ika-flex-table-column\">Hub max.<\/td>\n<td class=\"ika-flex-table-column\">61 mm<\/td>\n<\/tr>\n<tr class=\"ika-flex-table-row\">\n<td class=\"ika-flex-table-column\">Durchmesser<\/td>\n<td class=\"ika-flex-table-column\">16 mm<\/td>\n<\/tr>\n<tr class=\"ika-flex-table-row\">\n<td class=\"ika-flex-table-column\">Dynamische Last<\/td>\n<td class=\"ika-flex-table-column\">5 kg<\/td>\n<\/tr>\n<tr class=\"ika-flex-table-row\">\n<td class=\"ika-flex-table-column\">Abmessungen (B x H x T)<\/td>\n<td class=\"ika-flex-table-column\">351 x 629 x 372 mm<\/td>\n<\/tr>\n<tr class=\"ika-flex-table-row\">\n<td class=\"ika-flex-table-column\">Gewicht<\/td>\n<td class=\"ika-flex-table-column\">7.1 kg<\/td>\n<\/tr>\n<tr class=\"ika-flex-table-row\">\n<td class=\"ika-flex-table-column\">Zul\u00e4ssiger Umgebungstemperaturbereich<\/td>\n<td class=\"ika-flex-table-column\">5 &#8211; 40 \u00b0C<\/td>\n<\/tr>\n<tr class=\"ika-flex-table-row\">\n<td class=\"ika-flex-table-column\">Zul\u00e4ssige Relative Feuchte<\/td>\n<td class=\"ika-flex-table-column\">80 %<\/td>\n<\/tr>\n<tr class=\"ika-flex-table-row\">\n<td class=\"ika-flex-table-column\">Schutzart nach DIN EN 60529<\/td>\n<td class=\"ika-flex-table-column\">IP 40<\/td>\n<\/tr>\n<tr class=\"ika-flex-table-row\">\n<td class=\"ika-flex-table-column\">RS 232 Schnittstelle<\/td>\n<td class=\"ika-flex-table-column\">ja<\/td>\n<\/tr>\n<tr class=\"ika-flex-table-row\">\n<td class=\"ika-flex-table-column\">USB Schnittstelle<\/td>\n<td class=\"ika-flex-table-column\">ja<\/td>\n<\/tr>\n<tr class=\"ika-flex-table-row\">\n<td class=\"ika-flex-table-column\">Spannung<\/td>\n<td class=\"ika-flex-table-column\">100 &#8211; 240 V<\/td>\n<\/tr>\n<tr class=\"ika-flex-table-row\">\n<td class=\"ika-flex-table-column\">Frequenz<\/td>\n<td class=\"ika-flex-table-column\">50\/60 Hz<\/td>\n<\/tr>\n<tr class=\"ika-flex-table-row\">\n<td class=\"ika-flex-table-column\">Ger\u00e4teaufnahmeleistung<\/td>\n<td class=\"ika-flex-table-column\">24 W<\/td>\n<\/tr>\n<tr class=\"ika-flex-table-row\">\n<td class=\"ika-flex-table-column\">Ger\u00e4teaufnahmeleistung Standby<\/td>\n<td class=\"ika-flex-table-column\">1.6 W<\/td>\n<\/tr>\n<tr class=\"ika-flex-table-row\">\n<td class=\"ika-flex-table-column\">Gleichspannung<\/td>\n<td class=\"ika-flex-table-column\">24 V=<\/td>\n<\/tr>\n<tr class=\"ika-flex-table-row\">\n<td class=\"ika-flex-table-column\">Stromaufnahme<\/td>\n<td class=\"ika-flex-table-column\">1000 mA<\/td>\n<\/tr>\n<\/tbody>\n<\/table>\n<h2>Lieferumfang<\/h2>\n<ul>\n<li>ROTAVISC lo-vi control<\/li>\n<li>ROTASTAND<\/li>\n<li>ROTATEMP<\/li>\n<li>SP set-1, Spindle Set<\/li>\n<li>PT 100.8<\/li>\n<\/ul>\n","protected":false},"excerpt":{"rendered":"<p>Digitales Rotationsviskosimeter f\u00fcr Bereiche von 1 mPas bis 6 000 000 mPas<\/p>\n","protected":false},"featured_media":30121,"template":"","meta":{"_crdt_document":""},"product_brand":[],"product_cat":[260],"product_tag":[],"class_list":{"0":"post-30118","1":"product","2":"type-product","3":"status-publish","4":"has-post-thumbnail","6":"product_cat-viskositaet","8":"first","9":"instock","10":"taxable","11":"shipping-taxable","12":"product-type-simple"},"yoast_head":"<!-- This site is optimized with the Yoast SEO plugin v27.3 - https:\/\/yoast.com\/product\/yoast-seo-wordpress\/ -->\n<title>Rotation Viskosimeter ROTATEMP lo-vi Package - Sysmatec<\/title>\n<meta name=\"description\" content=\"Digitales Rotationsviskosimeter. Abh\u00e4ngig von der zu messenden Viskosit\u00e4t werden unterschiedliche Rotoren eingesetzt. f\u00fcr Bereiche von 1 bis 6 000 000 mPas.\" \/>\n<meta name=\"robots\" content=\"index, follow, max-snippet:-1, max-image-preview:large, max-video-preview:-1\" \/>\n<link rel=\"canonical\" href=\"https:\/\/sysmatec.ch\/de\/Produkt\/rotation-viskosimeter-rotatemp-lo-vi-package\/\" \/>\n<meta property=\"og:locale\" content=\"de_DE\" \/>\n<meta property=\"og:type\" content=\"article\" \/>\n<meta property=\"og:title\" content=\"Rotation Viskosimeter ROTATEMP lo-vi Package - Sysmatec\" \/>\n<meta property=\"og:description\" content=\"Digitales Rotationsviskosimeter. Abh\u00e4ngig von der zu messenden Viskosit\u00e4t werden unterschiedliche Rotoren eingesetzt. f\u00fcr Bereiche von 1 bis 6 000 000 mPas.\" \/>\n<meta property=\"og:url\" content=\"https:\/\/sysmatec.ch\/de\/Produkt\/rotation-viskosimeter-rotatemp-lo-vi-package\/\" \/>\n<meta property=\"og:site_name\" content=\"Sysmatec\" \/>\n<meta property=\"article:modified_time\" content=\"2024-11-17T10:23:37+00:00\" \/>\n<meta property=\"og:image\" content=\"https:\/\/sysmatec.ch\/wp-content\/uploads\/2024\/11\/Viscosimetre_IKARotaTemp.jpg\" \/>\n\t<meta property=\"og:image:width\" content=\"667\" \/>\n\t<meta property=\"og:image:height\" content=\"807\" \/>\n\t<meta property=\"og:image:type\" content=\"image\/jpeg\" \/>\n<meta name=\"twitter:card\" content=\"summary_large_image\" \/>\n<meta name=\"twitter:label1\" content=\"Gesch\u00e4tzte Lesezeit\" \/>\n\t<meta name=\"twitter:data1\" content=\"2\u00a0Minuten\" \/>\n<script type=\"application\/ld+json\" class=\"yoast-schema-graph\">{\"@context\":\"https:\\\/\\\/schema.org\",\"@graph\":[{\"@type\":\"WebPage\",\"@id\":\"https:\\\/\\\/sysmatec.ch\\\/de\\\/Produkt\\\/rotation-viskosimeter-rotatemp-lo-vi-package\\\/\",\"url\":\"https:\\\/\\\/sysmatec.ch\\\/de\\\/Produkt\\\/rotation-viskosimeter-rotatemp-lo-vi-package\\\/\",\"name\":\"Rotation Viskosimeter ROTATEMP lo-vi Package - Sysmatec\",\"isPartOf\":{\"@id\":\"https:\\\/\\\/sysmatec.ch\\\/de\\\/#website\"},\"primaryImageOfPage\":{\"@id\":\"https:\\\/\\\/sysmatec.ch\\\/de\\\/Produkt\\\/rotation-viskosimeter-rotatemp-lo-vi-package\\\/#primaryimage\"},\"image\":{\"@id\":\"https:\\\/\\\/sysmatec.ch\\\/de\\\/Produkt\\\/rotation-viskosimeter-rotatemp-lo-vi-package\\\/#primaryimage\"},\"thumbnailUrl\":\"https:\\\/\\\/sysmatec.ch\\\/wp-content\\\/uploads\\\/2024\\\/11\\\/Viscosimetre_IKARotaTemp.jpg\",\"datePublished\":\"2024-11-17T09:59:50+00:00\",\"dateModified\":\"2024-11-17T10:23:37+00:00\",\"description\":\"Digitales Rotationsviskosimeter. Abh\u00e4ngig von der zu messenden Viskosit\u00e4t werden unterschiedliche Rotoren eingesetzt. f\u00fcr Bereiche von 1 bis 6 000 000 mPas.\",\"breadcrumb\":{\"@id\":\"https:\\\/\\\/sysmatec.ch\\\/de\\\/Produkt\\\/rotation-viskosimeter-rotatemp-lo-vi-package\\\/#breadcrumb\"},\"inLanguage\":\"de\",\"potentialAction\":[{\"@type\":\"ReadAction\",\"target\":[\"https:\\\/\\\/sysmatec.ch\\\/de\\\/Produkt\\\/rotation-viskosimeter-rotatemp-lo-vi-package\\\/\"]}]},{\"@type\":\"ImageObject\",\"inLanguage\":\"de\",\"@id\":\"https:\\\/\\\/sysmatec.ch\\\/de\\\/Produkt\\\/rotation-viskosimeter-rotatemp-lo-vi-package\\\/#primaryimage\",\"url\":\"https:\\\/\\\/sysmatec.ch\\\/wp-content\\\/uploads\\\/2024\\\/11\\\/Viscosimetre_IKARotaTemp.jpg\",\"contentUrl\":\"https:\\\/\\\/sysmatec.ch\\\/wp-content\\\/uploads\\\/2024\\\/11\\\/Viscosimetre_IKARotaTemp.jpg\",\"width\":667,\"height\":807},{\"@type\":\"BreadcrumbList\",\"@id\":\"https:\\\/\\\/sysmatec.ch\\\/de\\\/Produkt\\\/rotation-viskosimeter-rotatemp-lo-vi-package\\\/#breadcrumb\",\"itemListElement\":[{\"@type\":\"ListItem\",\"position\":1,\"name\":\"Accueil\",\"item\":\"https:\\\/\\\/sysmatec.ch\\\/de\\\/\"},{\"@type\":\"ListItem\",\"position\":2,\"name\":\"Die Aktivit\u00e4t von Sysmatec\",\"item\":\"https:\\\/\\\/sysmatec.ch\\\/de\\\/\"},{\"@type\":\"ListItem\",\"position\":3,\"name\":\"Rotation Viskosimeter ROTATEMP lo-vi Package\"}]},{\"@type\":\"WebSite\",\"@id\":\"https:\\\/\\\/sysmatec.ch\\\/de\\\/#website\",\"url\":\"https:\\\/\\\/sysmatec.ch\\\/de\\\/\",\"name\":\"Sysmatec\",\"description\":\"Equipement de laboratoire et logiciels\",\"publisher\":{\"@id\":\"https:\\\/\\\/sysmatec.ch\\\/de\\\/#organization\"},\"potentialAction\":[{\"@type\":\"SearchAction\",\"target\":{\"@type\":\"EntryPoint\",\"urlTemplate\":\"https:\\\/\\\/sysmatec.ch\\\/de\\\/?s={search_term_string}\"},\"query-input\":{\"@type\":\"PropertyValueSpecification\",\"valueRequired\":true,\"valueName\":\"search_term_string\"}}],\"inLanguage\":\"de\"},{\"@type\":\"Organization\",\"@id\":\"https:\\\/\\\/sysmatec.ch\\\/de\\\/#organization\",\"name\":\"Sysmatec\",\"url\":\"https:\\\/\\\/sysmatec.ch\\\/de\\\/\",\"logo\":{\"@type\":\"ImageObject\",\"inLanguage\":\"de\",\"@id\":\"https:\\\/\\\/sysmatec.ch\\\/de\\\/#\\\/schema\\\/logo\\\/image\\\/\",\"url\":\"https:\\\/\\\/sysmatec.ch\\\/wp-content\\\/uploads\\\/2018\\\/11\\\/LogoSysmatec.jpg\",\"contentUrl\":\"https:\\\/\\\/sysmatec.ch\\\/wp-content\\\/uploads\\\/2018\\\/11\\\/LogoSysmatec.jpg\",\"width\":301,\"height\":297,\"caption\":\"Sysmatec\"},\"image\":{\"@id\":\"https:\\\/\\\/sysmatec.ch\\\/de\\\/#\\\/schema\\\/logo\\\/image\\\/\"}}]}<\/script>\n<!-- \/ Yoast SEO plugin. -->","yoast_head_json":{"title":"Rotation Viskosimeter ROTATEMP lo-vi Package - Sysmatec","description":"Digitales Rotationsviskosimeter. Abh\u00e4ngig von der zu messenden Viskosit\u00e4t werden unterschiedliche Rotoren eingesetzt. f\u00fcr Bereiche von 1 bis 6 000 000 mPas.","robots":{"index":"index","follow":"follow","max-snippet":"max-snippet:-1","max-image-preview":"max-image-preview:large","max-video-preview":"max-video-preview:-1"},"canonical":"https:\/\/sysmatec.ch\/de\/Produkt\/rotation-viskosimeter-rotatemp-lo-vi-package\/","og_locale":"de_DE","og_type":"article","og_title":"Rotation Viskosimeter ROTATEMP lo-vi Package - Sysmatec","og_description":"Digitales Rotationsviskosimeter. Abh\u00e4ngig von der zu messenden Viskosit\u00e4t werden unterschiedliche Rotoren eingesetzt. f\u00fcr Bereiche von 1 bis 6 000 000 mPas.","og_url":"https:\/\/sysmatec.ch\/de\/Produkt\/rotation-viskosimeter-rotatemp-lo-vi-package\/","og_site_name":"Sysmatec","article_modified_time":"2024-11-17T10:23:37+00:00","og_image":[{"width":667,"height":807,"url":"https:\/\/sysmatec.ch\/wp-content\/uploads\/2024\/11\/Viscosimetre_IKARotaTemp.jpg","type":"image\/jpeg"}],"twitter_card":"summary_large_image","twitter_misc":{"Gesch\u00e4tzte Lesezeit":"2\u00a0Minuten"},"schema":{"@context":"https:\/\/schema.org","@graph":[{"@type":"WebPage","@id":"https:\/\/sysmatec.ch\/de\/Produkt\/rotation-viskosimeter-rotatemp-lo-vi-package\/","url":"https:\/\/sysmatec.ch\/de\/Produkt\/rotation-viskosimeter-rotatemp-lo-vi-package\/","name":"Rotation Viskosimeter ROTATEMP lo-vi Package - Sysmatec","isPartOf":{"@id":"https:\/\/sysmatec.ch\/de\/#website"},"primaryImageOfPage":{"@id":"https:\/\/sysmatec.ch\/de\/Produkt\/rotation-viskosimeter-rotatemp-lo-vi-package\/#primaryimage"},"image":{"@id":"https:\/\/sysmatec.ch\/de\/Produkt\/rotation-viskosimeter-rotatemp-lo-vi-package\/#primaryimage"},"thumbnailUrl":"https:\/\/sysmatec.ch\/wp-content\/uploads\/2024\/11\/Viscosimetre_IKARotaTemp.jpg","datePublished":"2024-11-17T09:59:50+00:00","dateModified":"2024-11-17T10:23:37+00:00","description":"Digitales Rotationsviskosimeter. Abh\u00e4ngig von der zu messenden Viskosit\u00e4t werden unterschiedliche Rotoren eingesetzt. f\u00fcr Bereiche von 1 bis 6 000 000 mPas.","breadcrumb":{"@id":"https:\/\/sysmatec.ch\/de\/Produkt\/rotation-viskosimeter-rotatemp-lo-vi-package\/#breadcrumb"},"inLanguage":"de","potentialAction":[{"@type":"ReadAction","target":["https:\/\/sysmatec.ch\/de\/Produkt\/rotation-viskosimeter-rotatemp-lo-vi-package\/"]}]},{"@type":"ImageObject","inLanguage":"de","@id":"https:\/\/sysmatec.ch\/de\/Produkt\/rotation-viskosimeter-rotatemp-lo-vi-package\/#primaryimage","url":"https:\/\/sysmatec.ch\/wp-content\/uploads\/2024\/11\/Viscosimetre_IKARotaTemp.jpg","contentUrl":"https:\/\/sysmatec.ch\/wp-content\/uploads\/2024\/11\/Viscosimetre_IKARotaTemp.jpg","width":667,"height":807},{"@type":"BreadcrumbList","@id":"https:\/\/sysmatec.ch\/de\/Produkt\/rotation-viskosimeter-rotatemp-lo-vi-package\/#breadcrumb","itemListElement":[{"@type":"ListItem","position":1,"name":"Accueil","item":"https:\/\/sysmatec.ch\/de\/"},{"@type":"ListItem","position":2,"name":"Die Aktivit\u00e4t von Sysmatec","item":"https:\/\/sysmatec.ch\/de\/"},{"@type":"ListItem","position":3,"name":"Rotation Viskosimeter ROTATEMP lo-vi Package"}]},{"@type":"WebSite","@id":"https:\/\/sysmatec.ch\/de\/#website","url":"https:\/\/sysmatec.ch\/de\/","name":"Sysmatec","description":"Equipement de laboratoire et logiciels","publisher":{"@id":"https:\/\/sysmatec.ch\/de\/#organization"},"potentialAction":[{"@type":"SearchAction","target":{"@type":"EntryPoint","urlTemplate":"https:\/\/sysmatec.ch\/de\/?s={search_term_string}"},"query-input":{"@type":"PropertyValueSpecification","valueRequired":true,"valueName":"search_term_string"}}],"inLanguage":"de"},{"@type":"Organization","@id":"https:\/\/sysmatec.ch\/de\/#organization","name":"Sysmatec","url":"https:\/\/sysmatec.ch\/de\/","logo":{"@type":"ImageObject","inLanguage":"de","@id":"https:\/\/sysmatec.ch\/de\/#\/schema\/logo\/image\/","url":"https:\/\/sysmatec.ch\/wp-content\/uploads\/2018\/11\/LogoSysmatec.jpg","contentUrl":"https:\/\/sysmatec.ch\/wp-content\/uploads\/2018\/11\/LogoSysmatec.jpg","width":301,"height":297,"caption":"Sysmatec"},"image":{"@id":"https:\/\/sysmatec.ch\/de\/#\/schema\/logo\/image\/"}}]}},"_links":{"self":[{"href":"https:\/\/sysmatec.ch\/de\/wp-json\/wp\/v2\/product\/30118","targetHints":{"allow":["GET"]}}],"collection":[{"href":"https:\/\/sysmatec.ch\/de\/wp-json\/wp\/v2\/product"}],"about":[{"href":"https:\/\/sysmatec.ch\/de\/wp-json\/wp\/v2\/types\/product"}],"wp:featuredmedia":[{"embeddable":true,"href":"https:\/\/sysmatec.ch\/de\/wp-json\/wp\/v2\/media\/30121"}],"wp:attachment":[{"href":"https:\/\/sysmatec.ch\/de\/wp-json\/wp\/v2\/media?parent=30118"}],"wp:term":[{"taxonomy":"product_brand","embeddable":true,"href":"https:\/\/sysmatec.ch\/de\/wp-json\/wp\/v2\/product_brand?post=30118"},{"taxonomy":"product_cat","embeddable":true,"href":"https:\/\/sysmatec.ch\/de\/wp-json\/wp\/v2\/product_cat?post=30118"},{"taxonomy":"product_tag","embeddable":true,"href":"https:\/\/sysmatec.ch\/de\/wp-json\/wp\/v2\/product_tag?post=30118"}],"curies":[{"name":"wp","href":"https:\/\/api.w.org\/{rel}","templated":true}]}}