{"id":30097,"date":"2024-11-10T11:16:21","date_gmt":"2024-11-10T10:16:21","guid":{"rendered":"https:\/\/sysmatec.ch\/?post_type=product&#038;p=30097"},"modified":"2024-11-10T11:37:26","modified_gmt":"2024-11-10T10:37:26","slug":"dual-lan-ethernet-i-o-modul-daisy-chained-ex9217-mtcp","status":"publish","type":"product","link":"https:\/\/sysmatec.ch\/de\/Produkt\/dual-lan-ethernet-i-o-modul-daisy-chained-ex9217-mtcp\/","title":{"rendered":"Dual-LAN-Ethernet-I\/O-Modul (Daisy Chained) EX9217-MTCP"},"content":{"rendered":"<p>Das EX9217-MTCP-Modul ist ein integriertes 10\/100-E\/A-Modul mit hoher Dichte und zwei Ports (RJ-45), das auf einer T-Schnittstelle f\u00fcr nahtlose Ethernet-Konnektivit\u00e4t basiert. Es verf\u00fcgt \u00fcber 8 analoge Eing\u00e4nge (\u00b110 V, \u00b15 V, \u00b12,5 V, \u00b11 V, \u00b1500 mV, \u00b115 mV, 0 bis 20 mA, 4 bis 20 mA), 2 digitale Eing\u00e4nge (bei Single-Ended mit Isolation) und einen digitalen Ausgang (Open-Drain-P-MOSFET-Isolation)<\/p>\n<p>Daisy-Chain-Konnektivit\u00e4t erm\u00f6glicht eine flexible Verkabelung und Platzersparnis. Dank der automatischen Ethernet-Bypass-Funktion werden versehentliche Stromausf\u00e4lle verhindert, wenn eines der Module unerwartet abschaltet.<\/p>\n<h2>Merkmale<\/h2>\n<ul>\n<li>2 Ports (RJ-45) Ethernet 10\/100 Based-T Comm.<\/li>\n<li>Daisy-Chain-Verbindung mit automatischem Bypass-Schutz<\/li>\n<li>Unterst\u00fctzt Modbus\/TCP, TCP\/IP, UDP, ICMP, ARP<\/li>\n<li>Unterst\u00fctzung f\u00fcr automatische DIO-Synchronisierung (Peer-to-Peer).<\/li>\n<li>DO automatischer Deaktivierungsmodus.<\/li>\n<li>Unterst\u00fctzung f\u00fcr 2 isolierte DI und 1* DO<\/li>\n<li>Unterst\u00fctzt 6 RTD-\/8 Analog-\/8 Thermoelement-Eingangskan\u00e4le<\/li>\n<li>Vollst\u00e4ndige Fotoisolierung 3750 Vrms<\/li>\n<li>Protokoll: ASCII- und Modbus TCP-Format<\/li>\n<\/ul>\n<h2>Spezifikationen<\/h2>\n<ul>\n<li>8 analoge Eing\u00e4nge (\u00b110 V, \u00b15 V, \u00b12,5 V, \u00b11 V, \u00b1500 mV, \u00b115 mV, 0 bis 20 mA, 4 bis 20 mA)<\/li>\n<li>2 digitale Eing\u00e4nge (single-ended mit Isolation)<\/li>\n<li>1 digitaler Ausgang (Open-Drain-P-MOSFET-Isolation)<\/li>\n<\/ul>\n","protected":false},"excerpt":{"rendered":"<p>8 analoge Eing\u00e4nge, 2 digitale Eing\u00e4nge und 1 digitaler Ausgang mit LAN-Schnittstelle<\/p>\n","protected":false},"featured_media":29017,"template":"","meta":{"_crdt_document":""},"product_brand":[],"product_cat":[191,357],"product_tag":[],"class_list":{"0":"post-30097","1":"product","2":"type-product","3":"status-publish","4":"has-post-thumbnail","6":"product_cat-automation-de","7":"product_cat-e-a-module","9":"first","10":"instock","11":"taxable","12":"shipping-taxable","13":"product-type-simple"},"yoast_head":"<!-- This site is optimized with the Yoast SEO plugin v27.3 - https:\/\/yoast.com\/product\/yoast-seo-wordpress\/ -->\n<title>Dual-LAN-Ethernet-I\/O-Modul (Daisy Chained) EX9217-MTCP - Sysmatec<\/title>\n<meta name=\"description\" content=\"Ein-\/Ausgabemodul mit serieller LAN-Kommunikation, 8 analogen Eing\u00e4ngen, 2 digitalen Eing\u00e4ngen und 1 digitalen Ausgang\" \/>\n<meta name=\"robots\" content=\"index, follow, max-snippet:-1, max-image-preview:large, max-video-preview:-1\" \/>\n<link rel=\"canonical\" href=\"https:\/\/sysmatec.ch\/de\/Produkt\/dual-lan-ethernet-i-o-modul-daisy-chained-ex9217-mtcp\/\" \/>\n<meta property=\"og:locale\" content=\"de_DE\" \/>\n<meta property=\"og:type\" content=\"article\" \/>\n<meta property=\"og:title\" content=\"Dual-LAN-Ethernet-I\/O-Modul (Daisy Chained) EX9217-MTCP - Sysmatec\" \/>\n<meta property=\"og:description\" content=\"Ein-\/Ausgabemodul mit serieller LAN-Kommunikation, 8 analogen Eing\u00e4ngen, 2 digitalen Eing\u00e4ngen und 1 digitalen Ausgang\" \/>\n<meta property=\"og:url\" content=\"https:\/\/sysmatec.ch\/de\/Produkt\/dual-lan-ethernet-i-o-modul-daisy-chained-ex9217-mtcp\/\" \/>\n<meta property=\"og:site_name\" content=\"Sysmatec\" \/>\n<meta property=\"article:modified_time\" content=\"2024-11-10T10:37:26+00:00\" \/>\n<meta property=\"og:image\" content=\"https:\/\/sysmatec.ch\/wp-content\/uploads\/2024\/02\/EX9250_1_TOPSCC.jpg\" \/>\n\t<meta property=\"og:image:width\" content=\"649\" \/>\n\t<meta property=\"og:image:height\" content=\"494\" \/>\n\t<meta property=\"og:image:type\" content=\"image\/jpeg\" \/>\n<meta name=\"twitter:card\" content=\"summary_large_image\" \/>\n<meta name=\"twitter:label1\" content=\"Gesch\u00e4tzte Lesezeit\" \/>\n\t<meta name=\"twitter:data1\" content=\"2\u00a0Minuten\" \/>\n<script type=\"application\/ld+json\" class=\"yoast-schema-graph\">{\"@context\":\"https:\\\/\\\/schema.org\",\"@graph\":[{\"@type\":\"WebPage\",\"@id\":\"https:\\\/\\\/sysmatec.ch\\\/de\\\/Produkt\\\/dual-lan-ethernet-i-o-modul-daisy-chained-ex9217-mtcp\\\/\",\"url\":\"https:\\\/\\\/sysmatec.ch\\\/de\\\/Produkt\\\/dual-lan-ethernet-i-o-modul-daisy-chained-ex9217-mtcp\\\/\",\"name\":\"Dual-LAN-Ethernet-I\\\/O-Modul (Daisy Chained) EX9217-MTCP - Sysmatec\",\"isPartOf\":{\"@id\":\"https:\\\/\\\/sysmatec.ch\\\/de\\\/#website\"},\"primaryImageOfPage\":{\"@id\":\"https:\\\/\\\/sysmatec.ch\\\/de\\\/Produkt\\\/dual-lan-ethernet-i-o-modul-daisy-chained-ex9217-mtcp\\\/#primaryimage\"},\"image\":{\"@id\":\"https:\\\/\\\/sysmatec.ch\\\/de\\\/Produkt\\\/dual-lan-ethernet-i-o-modul-daisy-chained-ex9217-mtcp\\\/#primaryimage\"},\"thumbnailUrl\":\"https:\\\/\\\/sysmatec.ch\\\/wp-content\\\/uploads\\\/2024\\\/02\\\/EX9250_1_TOPSCC.jpg\",\"datePublished\":\"2024-11-10T10:16:21+00:00\",\"dateModified\":\"2024-11-10T10:37:26+00:00\",\"description\":\"Ein-\\\/Ausgabemodul mit serieller LAN-Kommunikation, 8 analogen Eing\u00e4ngen, 2 digitalen Eing\u00e4ngen und 1 digitalen Ausgang\",\"breadcrumb\":{\"@id\":\"https:\\\/\\\/sysmatec.ch\\\/de\\\/Produkt\\\/dual-lan-ethernet-i-o-modul-daisy-chained-ex9217-mtcp\\\/#breadcrumb\"},\"inLanguage\":\"de\",\"potentialAction\":[{\"@type\":\"ReadAction\",\"target\":[\"https:\\\/\\\/sysmatec.ch\\\/de\\\/Produkt\\\/dual-lan-ethernet-i-o-modul-daisy-chained-ex9217-mtcp\\\/\"]}]},{\"@type\":\"ImageObject\",\"inLanguage\":\"de\",\"@id\":\"https:\\\/\\\/sysmatec.ch\\\/de\\\/Produkt\\\/dual-lan-ethernet-i-o-modul-daisy-chained-ex9217-mtcp\\\/#primaryimage\",\"url\":\"https:\\\/\\\/sysmatec.ch\\\/wp-content\\\/uploads\\\/2024\\\/02\\\/EX9250_1_TOPSCC.jpg\",\"contentUrl\":\"https:\\\/\\\/sysmatec.ch\\\/wp-content\\\/uploads\\\/2024\\\/02\\\/EX9250_1_TOPSCC.jpg\",\"width\":649,\"height\":494},{\"@type\":\"BreadcrumbList\",\"@id\":\"https:\\\/\\\/sysmatec.ch\\\/de\\\/Produkt\\\/dual-lan-ethernet-i-o-modul-daisy-chained-ex9217-mtcp\\\/#breadcrumb\",\"itemListElement\":[{\"@type\":\"ListItem\",\"position\":1,\"name\":\"Accueil\",\"item\":\"https:\\\/\\\/sysmatec.ch\\\/de\\\/\"},{\"@type\":\"ListItem\",\"position\":2,\"name\":\"Die Aktivit\u00e4t von Sysmatec\",\"item\":\"https:\\\/\\\/sysmatec.ch\\\/de\\\/\"},{\"@type\":\"ListItem\",\"position\":3,\"name\":\"Dual-LAN-Ethernet-I\\\/O-Modul (Daisy Chained) EX9217-MTCP\"}]},{\"@type\":\"WebSite\",\"@id\":\"https:\\\/\\\/sysmatec.ch\\\/de\\\/#website\",\"url\":\"https:\\\/\\\/sysmatec.ch\\\/de\\\/\",\"name\":\"Sysmatec\",\"description\":\"Equipement de laboratoire et logiciels\",\"publisher\":{\"@id\":\"https:\\\/\\\/sysmatec.ch\\\/de\\\/#organization\"},\"potentialAction\":[{\"@type\":\"SearchAction\",\"target\":{\"@type\":\"EntryPoint\",\"urlTemplate\":\"https:\\\/\\\/sysmatec.ch\\\/de\\\/?s={search_term_string}\"},\"query-input\":{\"@type\":\"PropertyValueSpecification\",\"valueRequired\":true,\"valueName\":\"search_term_string\"}}],\"inLanguage\":\"de\"},{\"@type\":\"Organization\",\"@id\":\"https:\\\/\\\/sysmatec.ch\\\/de\\\/#organization\",\"name\":\"Sysmatec\",\"url\":\"https:\\\/\\\/sysmatec.ch\\\/de\\\/\",\"logo\":{\"@type\":\"ImageObject\",\"inLanguage\":\"de\",\"@id\":\"https:\\\/\\\/sysmatec.ch\\\/de\\\/#\\\/schema\\\/logo\\\/image\\\/\",\"url\":\"https:\\\/\\\/sysmatec.ch\\\/wp-content\\\/uploads\\\/2018\\\/11\\\/LogoSysmatec.jpg\",\"contentUrl\":\"https:\\\/\\\/sysmatec.ch\\\/wp-content\\\/uploads\\\/2018\\\/11\\\/LogoSysmatec.jpg\",\"width\":301,\"height\":297,\"caption\":\"Sysmatec\"},\"image\":{\"@id\":\"https:\\\/\\\/sysmatec.ch\\\/de\\\/#\\\/schema\\\/logo\\\/image\\\/\"}}]}<\/script>\n<!-- \/ Yoast SEO plugin. -->","yoast_head_json":{"title":"Dual-LAN-Ethernet-I\/O-Modul (Daisy Chained) EX9217-MTCP - Sysmatec","description":"Ein-\/Ausgabemodul mit serieller LAN-Kommunikation, 8 analogen Eing\u00e4ngen, 2 digitalen Eing\u00e4ngen und 1 digitalen Ausgang","robots":{"index":"index","follow":"follow","max-snippet":"max-snippet:-1","max-image-preview":"max-image-preview:large","max-video-preview":"max-video-preview:-1"},"canonical":"https:\/\/sysmatec.ch\/de\/Produkt\/dual-lan-ethernet-i-o-modul-daisy-chained-ex9217-mtcp\/","og_locale":"de_DE","og_type":"article","og_title":"Dual-LAN-Ethernet-I\/O-Modul (Daisy Chained) EX9217-MTCP - Sysmatec","og_description":"Ein-\/Ausgabemodul mit serieller LAN-Kommunikation, 8 analogen Eing\u00e4ngen, 2 digitalen Eing\u00e4ngen und 1 digitalen Ausgang","og_url":"https:\/\/sysmatec.ch\/de\/Produkt\/dual-lan-ethernet-i-o-modul-daisy-chained-ex9217-mtcp\/","og_site_name":"Sysmatec","article_modified_time":"2024-11-10T10:37:26+00:00","og_image":[{"width":649,"height":494,"url":"https:\/\/sysmatec.ch\/wp-content\/uploads\/2024\/02\/EX9250_1_TOPSCC.jpg","type":"image\/jpeg"}],"twitter_card":"summary_large_image","twitter_misc":{"Gesch\u00e4tzte Lesezeit":"2\u00a0Minuten"},"schema":{"@context":"https:\/\/schema.org","@graph":[{"@type":"WebPage","@id":"https:\/\/sysmatec.ch\/de\/Produkt\/dual-lan-ethernet-i-o-modul-daisy-chained-ex9217-mtcp\/","url":"https:\/\/sysmatec.ch\/de\/Produkt\/dual-lan-ethernet-i-o-modul-daisy-chained-ex9217-mtcp\/","name":"Dual-LAN-Ethernet-I\/O-Modul (Daisy Chained) EX9217-MTCP - Sysmatec","isPartOf":{"@id":"https:\/\/sysmatec.ch\/de\/#website"},"primaryImageOfPage":{"@id":"https:\/\/sysmatec.ch\/de\/Produkt\/dual-lan-ethernet-i-o-modul-daisy-chained-ex9217-mtcp\/#primaryimage"},"image":{"@id":"https:\/\/sysmatec.ch\/de\/Produkt\/dual-lan-ethernet-i-o-modul-daisy-chained-ex9217-mtcp\/#primaryimage"},"thumbnailUrl":"https:\/\/sysmatec.ch\/wp-content\/uploads\/2024\/02\/EX9250_1_TOPSCC.jpg","datePublished":"2024-11-10T10:16:21+00:00","dateModified":"2024-11-10T10:37:26+00:00","description":"Ein-\/Ausgabemodul mit serieller LAN-Kommunikation, 8 analogen Eing\u00e4ngen, 2 digitalen Eing\u00e4ngen und 1 digitalen Ausgang","breadcrumb":{"@id":"https:\/\/sysmatec.ch\/de\/Produkt\/dual-lan-ethernet-i-o-modul-daisy-chained-ex9217-mtcp\/#breadcrumb"},"inLanguage":"de","potentialAction":[{"@type":"ReadAction","target":["https:\/\/sysmatec.ch\/de\/Produkt\/dual-lan-ethernet-i-o-modul-daisy-chained-ex9217-mtcp\/"]}]},{"@type":"ImageObject","inLanguage":"de","@id":"https:\/\/sysmatec.ch\/de\/Produkt\/dual-lan-ethernet-i-o-modul-daisy-chained-ex9217-mtcp\/#primaryimage","url":"https:\/\/sysmatec.ch\/wp-content\/uploads\/2024\/02\/EX9250_1_TOPSCC.jpg","contentUrl":"https:\/\/sysmatec.ch\/wp-content\/uploads\/2024\/02\/EX9250_1_TOPSCC.jpg","width":649,"height":494},{"@type":"BreadcrumbList","@id":"https:\/\/sysmatec.ch\/de\/Produkt\/dual-lan-ethernet-i-o-modul-daisy-chained-ex9217-mtcp\/#breadcrumb","itemListElement":[{"@type":"ListItem","position":1,"name":"Accueil","item":"https:\/\/sysmatec.ch\/de\/"},{"@type":"ListItem","position":2,"name":"Die Aktivit\u00e4t von Sysmatec","item":"https:\/\/sysmatec.ch\/de\/"},{"@type":"ListItem","position":3,"name":"Dual-LAN-Ethernet-I\/O-Modul (Daisy Chained) EX9217-MTCP"}]},{"@type":"WebSite","@id":"https:\/\/sysmatec.ch\/de\/#website","url":"https:\/\/sysmatec.ch\/de\/","name":"Sysmatec","description":"Equipement de laboratoire et logiciels","publisher":{"@id":"https:\/\/sysmatec.ch\/de\/#organization"},"potentialAction":[{"@type":"SearchAction","target":{"@type":"EntryPoint","urlTemplate":"https:\/\/sysmatec.ch\/de\/?s={search_term_string}"},"query-input":{"@type":"PropertyValueSpecification","valueRequired":true,"valueName":"search_term_string"}}],"inLanguage":"de"},{"@type":"Organization","@id":"https:\/\/sysmatec.ch\/de\/#organization","name":"Sysmatec","url":"https:\/\/sysmatec.ch\/de\/","logo":{"@type":"ImageObject","inLanguage":"de","@id":"https:\/\/sysmatec.ch\/de\/#\/schema\/logo\/image\/","url":"https:\/\/sysmatec.ch\/wp-content\/uploads\/2018\/11\/LogoSysmatec.jpg","contentUrl":"https:\/\/sysmatec.ch\/wp-content\/uploads\/2018\/11\/LogoSysmatec.jpg","width":301,"height":297,"caption":"Sysmatec"},"image":{"@id":"https:\/\/sysmatec.ch\/de\/#\/schema\/logo\/image\/"}}]}},"_links":{"self":[{"href":"https:\/\/sysmatec.ch\/de\/wp-json\/wp\/v2\/product\/30097","targetHints":{"allow":["GET"]}}],"collection":[{"href":"https:\/\/sysmatec.ch\/de\/wp-json\/wp\/v2\/product"}],"about":[{"href":"https:\/\/sysmatec.ch\/de\/wp-json\/wp\/v2\/types\/product"}],"wp:featuredmedia":[{"embeddable":true,"href":"https:\/\/sysmatec.ch\/de\/wp-json\/wp\/v2\/media\/29017"}],"wp:attachment":[{"href":"https:\/\/sysmatec.ch\/de\/wp-json\/wp\/v2\/media?parent=30097"}],"wp:term":[{"taxonomy":"product_brand","embeddable":true,"href":"https:\/\/sysmatec.ch\/de\/wp-json\/wp\/v2\/product_brand?post=30097"},{"taxonomy":"product_cat","embeddable":true,"href":"https:\/\/sysmatec.ch\/de\/wp-json\/wp\/v2\/product_cat?post=30097"},{"taxonomy":"product_tag","embeddable":true,"href":"https:\/\/sysmatec.ch\/de\/wp-json\/wp\/v2\/product_tag?post=30097"}],"curies":[{"name":"wp","href":"https:\/\/api.w.org\/{rel}","templated":true}]}}