{"id":30085,"date":"2024-11-09T14:59:03","date_gmt":"2024-11-09T13:59:03","guid":{"rendered":"https:\/\/sysmatec.ch\/?post_type=product&#038;p=30085"},"modified":"2024-11-09T15:27:56","modified_gmt":"2024-11-09T14:27:56","slug":"osmometer-om-6080","status":"publish","type":"product","link":"https:\/\/sysmatec.ch\/de\/Produkt\/osmometer-om-6080\/","title":{"rendered":"Osmometer OM-6080"},"content":{"rendered":"<p>Es handelt sich um ein automatisches Gefrierpunktosmometer, das in Pharmaunternehmen weit verbreitet ist, darunter bei Herstellern von Injektionen, Augentropfen und Impfstoffen.<\/p>\n<p>Dieses Osmometer verf\u00fcgt \u00fcber eine automatische Probeninjektion, sodass keine Pipette erforderlich ist. Das Probenvolumen wird vom System pr\u00e4zise gesteuert und die Probenerkennung erfolgt automatisch. Nach Abschluss der Messung reinigt das System automatisch das gesamte System, einschlie\u00dflich der Schl\u00e4uche und Messkomponenten, ohne menschliches Eingreifen.<\/p>\n<p>Die Standardkalibrierungspunkte sind 2000, 700 und 100 mosm\/kg, wodurch der Messbereich von 0 bis 2000 mosm\/kg kalibriert werden kann.<\/p>\n<p>Benutzerdefinierte Kalibrierungspunkte: Es k\u00f6nnen zwei beliebige Punkte au\u00dfer 0 mosm kalibriert werden, sodass Benutzer den oberen und unteren Kalibrierungspunkt entsprechend ihren Messanforderungen anpassen k\u00f6nnen.<\/p>\n<p>Die Messschnittstelle zeigt haupts\u00e4chlich die Probennummer, die Temperaturkurve und die Messdaten in Echtzeit an und bietet eine klare und intuitive Ansicht des Testprozesses und der Daten.<\/p>\n<h2>Technische Spezifikationen<\/h2>\n<table width=\"252\">\n<tbody>\n<tr>\n<td width=\"172\">Probentyp<\/td>\n<td width=\"80\">w\u00e4ssrige L\u00f6sung<\/td>\n<\/tr>\n<tr>\n<td>Probenvolumen<\/td>\n<td>200\u03bcl oder mehr<\/td>\n<\/tr>\n<tr>\n<td>Testdauer<\/td>\n<td>ca. 2 Minuten \/ Probe<\/td>\n<\/tr>\n<tr>\n<td>Anzahl Proben<\/td>\n<td>24 Proben<\/td>\n<\/tr>\n<tr>\n<td>Aufl\u00f6sung<\/td>\n<td>1 mOsm\/kg H2O<\/td>\n<\/tr>\n<tr>\n<td>Messbereich<\/td>\n<td>0-2000 mOsm\/kg H2O<\/td>\n<\/tr>\n<tr>\n<td>Genauigkeit<\/td>\n<td>0-400 mOsm\/kg H2O: \u00b13 mOsm\/kg H2O (1 SD)<\/td>\n<\/tr>\n<tr>\n<td><\/td>\n<td>400-2000 mOsm\/kg H2O: \u00b10.75% (1 SD)<\/td>\n<\/tr>\n<tr>\n<td>Reproduzierbarkeit<\/td>\n<td>0-400 mOsm\/kg H2O: SD\u22643 mOsm\/kg H2O<\/td>\n<\/tr>\n<tr>\n<td><\/td>\n<td>400-2000 mOsm\/kg H2O: CV\u22640.75%<\/td>\n<\/tr>\n<tr>\n<td>Spachen<\/td>\n<td>Chinese, English<\/td>\n<\/tr>\n<tr>\n<td>Spannung<\/td>\n<td>100-240 VAC(50\/60Hz)<\/td>\n<\/tr>\n<tr>\n<td>Leistung<\/td>\n<td>100W<\/td>\n<\/tr>\n<tr>\n<td>Dimension (B\u00d7T\u00d7H)<\/td>\n<td>320x460x447 mm<\/td>\n<\/tr>\n<tr>\n<td>Gewicht<\/td>\n<td>18 kg<\/td>\n<\/tr>\n<tr>\n<td>Lagerungstemperatur<\/td>\n<td>-20\u2103~+45\u2103<\/td>\n<\/tr>\n<tr>\n<td>Betriebsbedingungen<\/td>\n<td>Temperatur: 18\u00b0C ~ 35\u00b0C, 5% ~ 80% relative Luftfeuchtigkeit (nicht kondensierend)<\/td>\n<\/tr>\n<\/tbody>\n<\/table>\n<h2>Im Lieferumfang des Osmometers enthalten<\/h2>\n<ul>\n<li>OM-6080 Mehrproben-Osmometer<\/li>\n<li>Kalibrierl\u00f6sungssatz (inkl. 700 und 100mosm Kalibrierstandard)<\/li>\n<li>Reinigungsl\u00f6sung, 500 ml<\/li>\n<li>Reinigungsflasche<\/li>\n<li>Abfallflasche<\/li>\n<li>Externer Nadeldrucker<\/li>\n<\/ul>\n","protected":false},"excerpt":{"rendered":"<p>Gefrierpunktosmometer mit Probenautomat.<\/p>\n","protected":false},"featured_media":30089,"template":"","meta":{"_crdt_document":""},"product_brand":[],"product_cat":[251],"product_tag":[],"class_list":{"0":"post-30085","1":"product","2":"type-product","3":"status-publish","4":"has-post-thumbnail","6":"product_cat-osmometer-de","8":"first","9":"instock","10":"taxable","11":"shipping-taxable","12":"product-type-simple"},"yoast_head":"<!-- This site is optimized with the Yoast SEO plugin v27.4 - https:\/\/yoast.com\/product\/yoast-seo-wordpress\/ -->\n<title>Osmometer OM-6080 - Sysmatec<\/title>\n<meta name=\"description\" content=\"Gefrierpunktosmometer f\u00fcr Proben bis 200 \u00b5L. Messbereich 0-2000 mOsm\/kg. Mit Proben-Autosampler.\" \/>\n<meta name=\"robots\" content=\"index, follow, max-snippet:-1, max-image-preview:large, max-video-preview:-1\" \/>\n<link rel=\"canonical\" href=\"https:\/\/sysmatec.ch\/de\/Produkt\/osmometer-om-6080\/\" \/>\n<meta property=\"og:locale\" content=\"de_DE\" \/>\n<meta property=\"og:type\" content=\"article\" \/>\n<meta property=\"og:title\" content=\"Osmometer OM-6080 - Sysmatec\" \/>\n<meta property=\"og:description\" content=\"Gefrierpunktosmometer f\u00fcr Proben bis 200 \u00b5L. Messbereich 0-2000 mOsm\/kg. Mit Proben-Autosampler.\" \/>\n<meta property=\"og:url\" content=\"https:\/\/sysmatec.ch\/de\/Produkt\/osmometer-om-6080\/\" \/>\n<meta property=\"og:site_name\" content=\"Sysmatec\" \/>\n<meta property=\"article:modified_time\" content=\"2024-11-09T14:27:56+00:00\" \/>\n<meta property=\"og:image\" content=\"https:\/\/sysmatec.ch\/wp-content\/uploads\/2024\/11\/Osmometre_YASNOM6080.jpg\" \/>\n\t<meta property=\"og:image:width\" content=\"689\" \/>\n\t<meta property=\"og:image:height\" content=\"779\" \/>\n\t<meta property=\"og:image:type\" content=\"image\/jpeg\" \/>\n<meta name=\"twitter:card\" content=\"summary_large_image\" \/>\n<meta name=\"twitter:label1\" content=\"Gesch\u00e4tzte Lesezeit\" \/>\n\t<meta name=\"twitter:data1\" content=\"2\u00a0Minuten\" \/>\n<script type=\"application\/ld+json\" class=\"yoast-schema-graph\">{\"@context\":\"https:\\\/\\\/schema.org\",\"@graph\":[{\"@type\":\"WebPage\",\"@id\":\"https:\\\/\\\/sysmatec.ch\\\/de\\\/Produkt\\\/osmometer-om-6080\\\/\",\"url\":\"https:\\\/\\\/sysmatec.ch\\\/de\\\/Produkt\\\/osmometer-om-6080\\\/\",\"name\":\"Osmometer OM-6080 - Sysmatec\",\"isPartOf\":{\"@id\":\"https:\\\/\\\/sysmatec.ch\\\/de\\\/#website\"},\"primaryImageOfPage\":{\"@id\":\"https:\\\/\\\/sysmatec.ch\\\/de\\\/Produkt\\\/osmometer-om-6080\\\/#primaryimage\"},\"image\":{\"@id\":\"https:\\\/\\\/sysmatec.ch\\\/de\\\/Produkt\\\/osmometer-om-6080\\\/#primaryimage\"},\"thumbnailUrl\":\"https:\\\/\\\/sysmatec.ch\\\/wp-content\\\/uploads\\\/2024\\\/11\\\/Osmometre_YASNOM6080.jpg\",\"datePublished\":\"2024-11-09T13:59:03+00:00\",\"dateModified\":\"2024-11-09T14:27:56+00:00\",\"description\":\"Gefrierpunktosmometer f\u00fcr Proben bis 200 \u00b5L. Messbereich 0-2000 mOsm\\\/kg. Mit Proben-Autosampler.\",\"breadcrumb\":{\"@id\":\"https:\\\/\\\/sysmatec.ch\\\/de\\\/Produkt\\\/osmometer-om-6080\\\/#breadcrumb\"},\"inLanguage\":\"de\",\"potentialAction\":[{\"@type\":\"ReadAction\",\"target\":[\"https:\\\/\\\/sysmatec.ch\\\/de\\\/Produkt\\\/osmometer-om-6080\\\/\"]}]},{\"@type\":\"ImageObject\",\"inLanguage\":\"de\",\"@id\":\"https:\\\/\\\/sysmatec.ch\\\/de\\\/Produkt\\\/osmometer-om-6080\\\/#primaryimage\",\"url\":\"https:\\\/\\\/sysmatec.ch\\\/wp-content\\\/uploads\\\/2024\\\/11\\\/Osmometre_YASNOM6080.jpg\",\"contentUrl\":\"https:\\\/\\\/sysmatec.ch\\\/wp-content\\\/uploads\\\/2024\\\/11\\\/Osmometre_YASNOM6080.jpg\",\"width\":689,\"height\":779},{\"@type\":\"BreadcrumbList\",\"@id\":\"https:\\\/\\\/sysmatec.ch\\\/de\\\/Produkt\\\/osmometer-om-6080\\\/#breadcrumb\",\"itemListElement\":[{\"@type\":\"ListItem\",\"position\":1,\"name\":\"Accueil\",\"item\":\"https:\\\/\\\/sysmatec.ch\\\/de\\\/\"},{\"@type\":\"ListItem\",\"position\":2,\"name\":\"Die Aktivit\u00e4t von Sysmatec\",\"item\":\"https:\\\/\\\/sysmatec.ch\\\/de\\\/\"},{\"@type\":\"ListItem\",\"position\":3,\"name\":\"Osmometer OM-6080\"}]},{\"@type\":\"WebSite\",\"@id\":\"https:\\\/\\\/sysmatec.ch\\\/de\\\/#website\",\"url\":\"https:\\\/\\\/sysmatec.ch\\\/de\\\/\",\"name\":\"Sysmatec\",\"description\":\"Equipement de laboratoire et logiciels\",\"publisher\":{\"@id\":\"https:\\\/\\\/sysmatec.ch\\\/de\\\/#organization\"},\"potentialAction\":[{\"@type\":\"SearchAction\",\"target\":{\"@type\":\"EntryPoint\",\"urlTemplate\":\"https:\\\/\\\/sysmatec.ch\\\/de\\\/?s={search_term_string}\"},\"query-input\":{\"@type\":\"PropertyValueSpecification\",\"valueRequired\":true,\"valueName\":\"search_term_string\"}}],\"inLanguage\":\"de\"},{\"@type\":\"Organization\",\"@id\":\"https:\\\/\\\/sysmatec.ch\\\/de\\\/#organization\",\"name\":\"Sysmatec\",\"url\":\"https:\\\/\\\/sysmatec.ch\\\/de\\\/\",\"logo\":{\"@type\":\"ImageObject\",\"inLanguage\":\"de\",\"@id\":\"https:\\\/\\\/sysmatec.ch\\\/de\\\/#\\\/schema\\\/logo\\\/image\\\/\",\"url\":\"https:\\\/\\\/sysmatec.ch\\\/wp-content\\\/uploads\\\/2018\\\/11\\\/LogoSysmatec.jpg\",\"contentUrl\":\"https:\\\/\\\/sysmatec.ch\\\/wp-content\\\/uploads\\\/2018\\\/11\\\/LogoSysmatec.jpg\",\"width\":301,\"height\":297,\"caption\":\"Sysmatec\"},\"image\":{\"@id\":\"https:\\\/\\\/sysmatec.ch\\\/de\\\/#\\\/schema\\\/logo\\\/image\\\/\"}}]}<\/script>\n<!-- \/ Yoast SEO plugin. -->","yoast_head_json":{"title":"Osmometer OM-6080 - Sysmatec","description":"Gefrierpunktosmometer f\u00fcr Proben bis 200 \u00b5L. Messbereich 0-2000 mOsm\/kg. Mit Proben-Autosampler.","robots":{"index":"index","follow":"follow","max-snippet":"max-snippet:-1","max-image-preview":"max-image-preview:large","max-video-preview":"max-video-preview:-1"},"canonical":"https:\/\/sysmatec.ch\/de\/Produkt\/osmometer-om-6080\/","og_locale":"de_DE","og_type":"article","og_title":"Osmometer OM-6080 - Sysmatec","og_description":"Gefrierpunktosmometer f\u00fcr Proben bis 200 \u00b5L. Messbereich 0-2000 mOsm\/kg. Mit Proben-Autosampler.","og_url":"https:\/\/sysmatec.ch\/de\/Produkt\/osmometer-om-6080\/","og_site_name":"Sysmatec","article_modified_time":"2024-11-09T14:27:56+00:00","og_image":[{"width":689,"height":779,"url":"https:\/\/sysmatec.ch\/wp-content\/uploads\/2024\/11\/Osmometre_YASNOM6080.jpg","type":"image\/jpeg"}],"twitter_card":"summary_large_image","twitter_misc":{"Gesch\u00e4tzte Lesezeit":"2\u00a0Minuten"},"schema":{"@context":"https:\/\/schema.org","@graph":[{"@type":"WebPage","@id":"https:\/\/sysmatec.ch\/de\/Produkt\/osmometer-om-6080\/","url":"https:\/\/sysmatec.ch\/de\/Produkt\/osmometer-om-6080\/","name":"Osmometer OM-6080 - Sysmatec","isPartOf":{"@id":"https:\/\/sysmatec.ch\/de\/#website"},"primaryImageOfPage":{"@id":"https:\/\/sysmatec.ch\/de\/Produkt\/osmometer-om-6080\/#primaryimage"},"image":{"@id":"https:\/\/sysmatec.ch\/de\/Produkt\/osmometer-om-6080\/#primaryimage"},"thumbnailUrl":"https:\/\/sysmatec.ch\/wp-content\/uploads\/2024\/11\/Osmometre_YASNOM6080.jpg","datePublished":"2024-11-09T13:59:03+00:00","dateModified":"2024-11-09T14:27:56+00:00","description":"Gefrierpunktosmometer f\u00fcr Proben bis 200 \u00b5L. Messbereich 0-2000 mOsm\/kg. Mit Proben-Autosampler.","breadcrumb":{"@id":"https:\/\/sysmatec.ch\/de\/Produkt\/osmometer-om-6080\/#breadcrumb"},"inLanguage":"de","potentialAction":[{"@type":"ReadAction","target":["https:\/\/sysmatec.ch\/de\/Produkt\/osmometer-om-6080\/"]}]},{"@type":"ImageObject","inLanguage":"de","@id":"https:\/\/sysmatec.ch\/de\/Produkt\/osmometer-om-6080\/#primaryimage","url":"https:\/\/sysmatec.ch\/wp-content\/uploads\/2024\/11\/Osmometre_YASNOM6080.jpg","contentUrl":"https:\/\/sysmatec.ch\/wp-content\/uploads\/2024\/11\/Osmometre_YASNOM6080.jpg","width":689,"height":779},{"@type":"BreadcrumbList","@id":"https:\/\/sysmatec.ch\/de\/Produkt\/osmometer-om-6080\/#breadcrumb","itemListElement":[{"@type":"ListItem","position":1,"name":"Accueil","item":"https:\/\/sysmatec.ch\/de\/"},{"@type":"ListItem","position":2,"name":"Die Aktivit\u00e4t von Sysmatec","item":"https:\/\/sysmatec.ch\/de\/"},{"@type":"ListItem","position":3,"name":"Osmometer OM-6080"}]},{"@type":"WebSite","@id":"https:\/\/sysmatec.ch\/de\/#website","url":"https:\/\/sysmatec.ch\/de\/","name":"Sysmatec","description":"Equipement de laboratoire et logiciels","publisher":{"@id":"https:\/\/sysmatec.ch\/de\/#organization"},"potentialAction":[{"@type":"SearchAction","target":{"@type":"EntryPoint","urlTemplate":"https:\/\/sysmatec.ch\/de\/?s={search_term_string}"},"query-input":{"@type":"PropertyValueSpecification","valueRequired":true,"valueName":"search_term_string"}}],"inLanguage":"de"},{"@type":"Organization","@id":"https:\/\/sysmatec.ch\/de\/#organization","name":"Sysmatec","url":"https:\/\/sysmatec.ch\/de\/","logo":{"@type":"ImageObject","inLanguage":"de","@id":"https:\/\/sysmatec.ch\/de\/#\/schema\/logo\/image\/","url":"https:\/\/sysmatec.ch\/wp-content\/uploads\/2018\/11\/LogoSysmatec.jpg","contentUrl":"https:\/\/sysmatec.ch\/wp-content\/uploads\/2018\/11\/LogoSysmatec.jpg","width":301,"height":297,"caption":"Sysmatec"},"image":{"@id":"https:\/\/sysmatec.ch\/de\/#\/schema\/logo\/image\/"}}]}},"_links":{"self":[{"href":"https:\/\/sysmatec.ch\/de\/wp-json\/wp\/v2\/product\/30085","targetHints":{"allow":["GET"]}}],"collection":[{"href":"https:\/\/sysmatec.ch\/de\/wp-json\/wp\/v2\/product"}],"about":[{"href":"https:\/\/sysmatec.ch\/de\/wp-json\/wp\/v2\/types\/product"}],"wp:featuredmedia":[{"embeddable":true,"href":"https:\/\/sysmatec.ch\/de\/wp-json\/wp\/v2\/media\/30089"}],"wp:attachment":[{"href":"https:\/\/sysmatec.ch\/de\/wp-json\/wp\/v2\/media?parent=30085"}],"wp:term":[{"taxonomy":"product_brand","embeddable":true,"href":"https:\/\/sysmatec.ch\/de\/wp-json\/wp\/v2\/product_brand?post=30085"},{"taxonomy":"product_cat","embeddable":true,"href":"https:\/\/sysmatec.ch\/de\/wp-json\/wp\/v2\/product_cat?post=30085"},{"taxonomy":"product_tag","embeddable":true,"href":"https:\/\/sysmatec.ch\/de\/wp-json\/wp\/v2\/product_tag?post=30085"}],"curies":[{"name":"wp","href":"https:\/\/api.w.org\/{rel}","templated":true}]}}