{"id":30066,"date":"2024-10-21T18:50:08","date_gmt":"2024-10-21T16:50:08","guid":{"rendered":"https:\/\/sysmatec.ch\/?post_type=product&#038;p=30066"},"modified":"2024-10-21T19:13:58","modified_gmt":"2024-10-21T17:13:58","slug":"sauerstoff-transmitter-senztx","status":"publish","type":"product","link":"https:\/\/sysmatec.ch\/de\/Produkt\/sauerstoff-transmitter-senztx\/","title":{"rendered":"Sauerstoff-Transmitter SenzTx"},"content":{"rendered":"<p>Dieser intelligente, kompakte Sauerstofftransmitter verwendet bew\u00e4hrte Zirkonia- oder elektrochemische Technologie zur zuverl\u00e4ssigen Messung der Sauerstoffkonzentration. Der Zirkonia-Sensor bietet schnelle Reaktionszeiten und eine lange Lebensdauer bei geringer Drift, w\u00e4hrend der elektrochemische Sensor die Messung von Hintergrundgasen erm\u00f6glicht, die Kohlenwasserstoffe enthalten. SenzTx ist ein wartungsarmer Sauerstofftransmitter, der sich leicht integrieren l\u00e4sst. Es ist eine einzigartige L\u00f6sung, die zuverl\u00e4ssige Leistung in kritischen Prozessanwendungen bietet.<\/p>\n<h2>Vorteile<\/h2>\n<ul>\n<li>Gro\u00dfe Auswahl an ppm- und %-Messbereichen<\/li>\n<li>Entwickelt f\u00fcr Inline- und Extraktionsgasanwendungen<\/li>\n<li>Kombinierter Sensor und hochintegrierte Elektronik<\/li>\n<li>Kompakte integrierte L\u00f6sung mit einer Reihe von Prozessanschl\u00fcssen<\/li>\n<li>Analoge 4 bis 20 mA und digitale Modbus-Ausg\u00e4nge<\/li>\n<li>Modulares Design mit kundenspezifischer Beschriftung verf\u00fcgbar<\/li>\n<li>F\u00fcr die Gaserzeugung (Sauerstoff und Stickstoff), Handschuhkasten- und Eind\u00e4mmungsl\u00f6sungen, Inertgas\u00fcberlagerung, industrielle Gaspr\u00fcfung\/-analyse<\/li>\n<\/ul>\n<h2>Vorteile<\/h2>\n<ul>\n<li>Messbereich: 0&#8230;1000 ppmV, 0&#8230;1 %, 0\u202625 %, 0\u202696 %, 0\u2026100 % f\u00fcr Zirkonia-Version, 0\u20261.000 ppmV, 0&#8230;1 %, 0\u202625 % f\u00fcr elektrochemische (EC) Version<\/li>\n<li>Ausgangsaufl\u00f6sung (4&#8230;20 mA) 1 ppm V \/ 0,01 %<\/li>\n<li>Untere Nachweisgrenze (LDL) 1 ppmV (ppm-Bereiche) \/ 0,01 % (%-Bereiche)<\/li>\n<li>Probenflussrate (anwendungsabh\u00e4ngig) Durchfluss \/ Extrahierung: 100&#8230;500 ml\/min (250 ml\/min optimal) in bel\u00fcfteter Atmosph\u00e4re, Direkteinf\u00fchrung: Bis zu 6 m\/s<\/li>\n<li>Druckbereich 900 bis 1100 mBar abs<\/li>\n<li>Reaktionszeit (T90) &lt; 15 Sekunden bei 25 \u00b0C (77 \u00b0F) innerhalb des ausgew\u00e4hlten Bereichs<\/li>\n<li>Betriebstemperaturbereich: -25 \u00b0C\u2026+60 \u00b0C (Zirkonoxid), 0 \u00b0C\u2026+45 \u00b0C (elektrochemisch)<\/li>\n<li>Lebenserwartung (anwendungsabh\u00e4ngig) Bis zu 5 Jahre (Zirkonoxid), Bis zu 18 Monate (elektrochemisch)<\/li>\n<li>Feuchtigkeit 0\u202695 %rF nicht kondensierend (bei normaler Verwendung)<\/li>\n<li>Haltbarkeit (in Originalverpackung) Unbegrenzt Bis zu 3 Monate<\/li>\n<li>Kalibrierungsintervall: (anwendungsabh\u00e4ngig) 12 (Zirkonoxid), Monate 3\u20266 Monate (elektrochemisch)<\/li>\n<li>Ausgangssignal 4\u202620 mA<\/li>\n<li>Digitale Kommunikation RS485 Modbus<\/li>\n<li>Elektrische Schnittstelle Industriestandard M12<\/li>\n<li>Stromversorgung 24 V DC +\/- 15 %<\/li>\n<li>Maximaler Stromverbrauch 4,8 W 2,4 W<\/li>\n<li>Kabell\u00e4nge 1 Meter (standardm\u00e4\u00dfig mitgeliefert) \/ 3 Meter \/ 10 Meter<\/li>\n<li>Schutzart IP66<\/li>\n<li>Geh\u00e4usematerial Chromatiertes Aluminium<\/li>\n<li>Prozessanschluss Durchfluss (1\/8\u201d NPT) oder KF40-Flansch<\/li>\n<\/ul>\n<p>&nbsp;<\/p>\n","protected":false},"excerpt":{"rendered":"<p>Sauerstoffsensor mit 4-20 mA-Ausgang.<\/p>\n","protected":false},"featured_media":30072,"template":"","meta":{"_crdt_document":""},"product_brand":[],"product_cat":[180,246],"product_tag":[],"class_list":{"0":"post-30066","1":"product","2":"type-product","3":"status-publish","4":"has-post-thumbnail","6":"product_cat-messung","7":"product_cat-sauerstoff","9":"first","10":"instock","11":"taxable","12":"shipping-taxable","13":"product-type-simple"},"yoast_head":"<!-- This site is optimized with the Yoast SEO plugin v27.3 - https:\/\/yoast.com\/product\/yoast-seo-wordpress\/ -->\n<title>Sauerstoff-Transmitter SenzTx - Sysmatec<\/title>\n<meta name=\"description\" content=\"Sauerstoffsensor f\u00fcr Gas mit 4-20 mA-Ausgang. Bereiche 0 bis 1000 ppmV, 0 bis 1 %, 0 bis 25 %, 0 bis 96 %, 0 bis 100 %\" \/>\n<meta name=\"robots\" content=\"index, follow, max-snippet:-1, max-image-preview:large, max-video-preview:-1\" \/>\n<link rel=\"canonical\" href=\"https:\/\/sysmatec.ch\/de\/Produkt\/sauerstoff-transmitter-senztx\/\" \/>\n<meta property=\"og:locale\" content=\"de_DE\" \/>\n<meta property=\"og:type\" content=\"article\" \/>\n<meta property=\"og:title\" content=\"Sauerstoff-Transmitter SenzTx - Sysmatec\" \/>\n<meta property=\"og:description\" content=\"Sauerstoffsensor f\u00fcr Gas mit 4-20 mA-Ausgang. Bereiche 0 bis 1000 ppmV, 0 bis 1 %, 0 bis 25 %, 0 bis 96 %, 0 bis 100 %\" \/>\n<meta property=\"og:url\" content=\"https:\/\/sysmatec.ch\/de\/Produkt\/sauerstoff-transmitter-senztx\/\" \/>\n<meta property=\"og:site_name\" content=\"Sysmatec\" \/>\n<meta property=\"article:modified_time\" content=\"2024-10-21T17:13:58+00:00\" \/>\n<meta property=\"og:image\" content=\"https:\/\/sysmatec.ch\/wp-content\/uploads\/2024\/10\/Oxygene_ProcessSensing2.jpg\" \/>\n\t<meta property=\"og:image:width\" content=\"598\" \/>\n\t<meta property=\"og:image:height\" content=\"570\" \/>\n\t<meta property=\"og:image:type\" content=\"image\/jpeg\" \/>\n<meta name=\"twitter:card\" content=\"summary_large_image\" \/>\n<meta name=\"twitter:label1\" content=\"Gesch\u00e4tzte Lesezeit\" \/>\n\t<meta name=\"twitter:data1\" content=\"2\u00a0Minuten\" \/>\n<script type=\"application\/ld+json\" class=\"yoast-schema-graph\">{\"@context\":\"https:\\\/\\\/schema.org\",\"@graph\":[{\"@type\":\"WebPage\",\"@id\":\"https:\\\/\\\/sysmatec.ch\\\/de\\\/Produkt\\\/sauerstoff-transmitter-senztx\\\/\",\"url\":\"https:\\\/\\\/sysmatec.ch\\\/de\\\/Produkt\\\/sauerstoff-transmitter-senztx\\\/\",\"name\":\"Sauerstoff-Transmitter SenzTx - Sysmatec\",\"isPartOf\":{\"@id\":\"https:\\\/\\\/sysmatec.ch\\\/de\\\/#website\"},\"primaryImageOfPage\":{\"@id\":\"https:\\\/\\\/sysmatec.ch\\\/de\\\/Produkt\\\/sauerstoff-transmitter-senztx\\\/#primaryimage\"},\"image\":{\"@id\":\"https:\\\/\\\/sysmatec.ch\\\/de\\\/Produkt\\\/sauerstoff-transmitter-senztx\\\/#primaryimage\"},\"thumbnailUrl\":\"https:\\\/\\\/sysmatec.ch\\\/wp-content\\\/uploads\\\/2024\\\/10\\\/Oxygene_ProcessSensing2.jpg\",\"datePublished\":\"2024-10-21T16:50:08+00:00\",\"dateModified\":\"2024-10-21T17:13:58+00:00\",\"description\":\"Sauerstoffsensor f\u00fcr Gas mit 4-20 mA-Ausgang. Bereiche 0 bis 1000 ppmV, 0 bis 1 %, 0 bis 25 %, 0 bis 96 %, 0 bis 100 %\",\"breadcrumb\":{\"@id\":\"https:\\\/\\\/sysmatec.ch\\\/de\\\/Produkt\\\/sauerstoff-transmitter-senztx\\\/#breadcrumb\"},\"inLanguage\":\"de\",\"potentialAction\":[{\"@type\":\"ReadAction\",\"target\":[\"https:\\\/\\\/sysmatec.ch\\\/de\\\/Produkt\\\/sauerstoff-transmitter-senztx\\\/\"]}]},{\"@type\":\"ImageObject\",\"inLanguage\":\"de\",\"@id\":\"https:\\\/\\\/sysmatec.ch\\\/de\\\/Produkt\\\/sauerstoff-transmitter-senztx\\\/#primaryimage\",\"url\":\"https:\\\/\\\/sysmatec.ch\\\/wp-content\\\/uploads\\\/2024\\\/10\\\/Oxygene_ProcessSensing2.jpg\",\"contentUrl\":\"https:\\\/\\\/sysmatec.ch\\\/wp-content\\\/uploads\\\/2024\\\/10\\\/Oxygene_ProcessSensing2.jpg\",\"width\":598,\"height\":570},{\"@type\":\"BreadcrumbList\",\"@id\":\"https:\\\/\\\/sysmatec.ch\\\/de\\\/Produkt\\\/sauerstoff-transmitter-senztx\\\/#breadcrumb\",\"itemListElement\":[{\"@type\":\"ListItem\",\"position\":1,\"name\":\"Accueil\",\"item\":\"https:\\\/\\\/sysmatec.ch\\\/de\\\/\"},{\"@type\":\"ListItem\",\"position\":2,\"name\":\"Die Aktivit\u00e4t von Sysmatec\",\"item\":\"https:\\\/\\\/sysmatec.ch\\\/de\\\/\"},{\"@type\":\"ListItem\",\"position\":3,\"name\":\"Sauerstoff-Transmitter SenzTx\"}]},{\"@type\":\"WebSite\",\"@id\":\"https:\\\/\\\/sysmatec.ch\\\/de\\\/#website\",\"url\":\"https:\\\/\\\/sysmatec.ch\\\/de\\\/\",\"name\":\"Sysmatec\",\"description\":\"Equipement de laboratoire et logiciels\",\"publisher\":{\"@id\":\"https:\\\/\\\/sysmatec.ch\\\/de\\\/#organization\"},\"potentialAction\":[{\"@type\":\"SearchAction\",\"target\":{\"@type\":\"EntryPoint\",\"urlTemplate\":\"https:\\\/\\\/sysmatec.ch\\\/de\\\/?s={search_term_string}\"},\"query-input\":{\"@type\":\"PropertyValueSpecification\",\"valueRequired\":true,\"valueName\":\"search_term_string\"}}],\"inLanguage\":\"de\"},{\"@type\":\"Organization\",\"@id\":\"https:\\\/\\\/sysmatec.ch\\\/de\\\/#organization\",\"name\":\"Sysmatec\",\"url\":\"https:\\\/\\\/sysmatec.ch\\\/de\\\/\",\"logo\":{\"@type\":\"ImageObject\",\"inLanguage\":\"de\",\"@id\":\"https:\\\/\\\/sysmatec.ch\\\/de\\\/#\\\/schema\\\/logo\\\/image\\\/\",\"url\":\"https:\\\/\\\/sysmatec.ch\\\/wp-content\\\/uploads\\\/2018\\\/11\\\/LogoSysmatec.jpg\",\"contentUrl\":\"https:\\\/\\\/sysmatec.ch\\\/wp-content\\\/uploads\\\/2018\\\/11\\\/LogoSysmatec.jpg\",\"width\":301,\"height\":297,\"caption\":\"Sysmatec\"},\"image\":{\"@id\":\"https:\\\/\\\/sysmatec.ch\\\/de\\\/#\\\/schema\\\/logo\\\/image\\\/\"}}]}<\/script>\n<!-- \/ Yoast SEO plugin. -->","yoast_head_json":{"title":"Sauerstoff-Transmitter SenzTx - Sysmatec","description":"Sauerstoffsensor f\u00fcr Gas mit 4-20 mA-Ausgang. Bereiche 0 bis 1000 ppmV, 0 bis 1 %, 0 bis 25 %, 0 bis 96 %, 0 bis 100 %","robots":{"index":"index","follow":"follow","max-snippet":"max-snippet:-1","max-image-preview":"max-image-preview:large","max-video-preview":"max-video-preview:-1"},"canonical":"https:\/\/sysmatec.ch\/de\/Produkt\/sauerstoff-transmitter-senztx\/","og_locale":"de_DE","og_type":"article","og_title":"Sauerstoff-Transmitter SenzTx - Sysmatec","og_description":"Sauerstoffsensor f\u00fcr Gas mit 4-20 mA-Ausgang. Bereiche 0 bis 1000 ppmV, 0 bis 1 %, 0 bis 25 %, 0 bis 96 %, 0 bis 100 %","og_url":"https:\/\/sysmatec.ch\/de\/Produkt\/sauerstoff-transmitter-senztx\/","og_site_name":"Sysmatec","article_modified_time":"2024-10-21T17:13:58+00:00","og_image":[{"width":598,"height":570,"url":"https:\/\/sysmatec.ch\/wp-content\/uploads\/2024\/10\/Oxygene_ProcessSensing2.jpg","type":"image\/jpeg"}],"twitter_card":"summary_large_image","twitter_misc":{"Gesch\u00e4tzte Lesezeit":"2\u00a0Minuten"},"schema":{"@context":"https:\/\/schema.org","@graph":[{"@type":"WebPage","@id":"https:\/\/sysmatec.ch\/de\/Produkt\/sauerstoff-transmitter-senztx\/","url":"https:\/\/sysmatec.ch\/de\/Produkt\/sauerstoff-transmitter-senztx\/","name":"Sauerstoff-Transmitter SenzTx - Sysmatec","isPartOf":{"@id":"https:\/\/sysmatec.ch\/de\/#website"},"primaryImageOfPage":{"@id":"https:\/\/sysmatec.ch\/de\/Produkt\/sauerstoff-transmitter-senztx\/#primaryimage"},"image":{"@id":"https:\/\/sysmatec.ch\/de\/Produkt\/sauerstoff-transmitter-senztx\/#primaryimage"},"thumbnailUrl":"https:\/\/sysmatec.ch\/wp-content\/uploads\/2024\/10\/Oxygene_ProcessSensing2.jpg","datePublished":"2024-10-21T16:50:08+00:00","dateModified":"2024-10-21T17:13:58+00:00","description":"Sauerstoffsensor f\u00fcr Gas mit 4-20 mA-Ausgang. Bereiche 0 bis 1000 ppmV, 0 bis 1 %, 0 bis 25 %, 0 bis 96 %, 0 bis 100 %","breadcrumb":{"@id":"https:\/\/sysmatec.ch\/de\/Produkt\/sauerstoff-transmitter-senztx\/#breadcrumb"},"inLanguage":"de","potentialAction":[{"@type":"ReadAction","target":["https:\/\/sysmatec.ch\/de\/Produkt\/sauerstoff-transmitter-senztx\/"]}]},{"@type":"ImageObject","inLanguage":"de","@id":"https:\/\/sysmatec.ch\/de\/Produkt\/sauerstoff-transmitter-senztx\/#primaryimage","url":"https:\/\/sysmatec.ch\/wp-content\/uploads\/2024\/10\/Oxygene_ProcessSensing2.jpg","contentUrl":"https:\/\/sysmatec.ch\/wp-content\/uploads\/2024\/10\/Oxygene_ProcessSensing2.jpg","width":598,"height":570},{"@type":"BreadcrumbList","@id":"https:\/\/sysmatec.ch\/de\/Produkt\/sauerstoff-transmitter-senztx\/#breadcrumb","itemListElement":[{"@type":"ListItem","position":1,"name":"Accueil","item":"https:\/\/sysmatec.ch\/de\/"},{"@type":"ListItem","position":2,"name":"Die Aktivit\u00e4t von Sysmatec","item":"https:\/\/sysmatec.ch\/de\/"},{"@type":"ListItem","position":3,"name":"Sauerstoff-Transmitter SenzTx"}]},{"@type":"WebSite","@id":"https:\/\/sysmatec.ch\/de\/#website","url":"https:\/\/sysmatec.ch\/de\/","name":"Sysmatec","description":"Equipement de laboratoire et logiciels","publisher":{"@id":"https:\/\/sysmatec.ch\/de\/#organization"},"potentialAction":[{"@type":"SearchAction","target":{"@type":"EntryPoint","urlTemplate":"https:\/\/sysmatec.ch\/de\/?s={search_term_string}"},"query-input":{"@type":"PropertyValueSpecification","valueRequired":true,"valueName":"search_term_string"}}],"inLanguage":"de"},{"@type":"Organization","@id":"https:\/\/sysmatec.ch\/de\/#organization","name":"Sysmatec","url":"https:\/\/sysmatec.ch\/de\/","logo":{"@type":"ImageObject","inLanguage":"de","@id":"https:\/\/sysmatec.ch\/de\/#\/schema\/logo\/image\/","url":"https:\/\/sysmatec.ch\/wp-content\/uploads\/2018\/11\/LogoSysmatec.jpg","contentUrl":"https:\/\/sysmatec.ch\/wp-content\/uploads\/2018\/11\/LogoSysmatec.jpg","width":301,"height":297,"caption":"Sysmatec"},"image":{"@id":"https:\/\/sysmatec.ch\/de\/#\/schema\/logo\/image\/"}}]}},"_links":{"self":[{"href":"https:\/\/sysmatec.ch\/de\/wp-json\/wp\/v2\/product\/30066","targetHints":{"allow":["GET"]}}],"collection":[{"href":"https:\/\/sysmatec.ch\/de\/wp-json\/wp\/v2\/product"}],"about":[{"href":"https:\/\/sysmatec.ch\/de\/wp-json\/wp\/v2\/types\/product"}],"wp:featuredmedia":[{"embeddable":true,"href":"https:\/\/sysmatec.ch\/de\/wp-json\/wp\/v2\/media\/30072"}],"wp:attachment":[{"href":"https:\/\/sysmatec.ch\/de\/wp-json\/wp\/v2\/media?parent=30066"}],"wp:term":[{"taxonomy":"product_brand","embeddable":true,"href":"https:\/\/sysmatec.ch\/de\/wp-json\/wp\/v2\/product_brand?post=30066"},{"taxonomy":"product_cat","embeddable":true,"href":"https:\/\/sysmatec.ch\/de\/wp-json\/wp\/v2\/product_cat?post=30066"},{"taxonomy":"product_tag","embeddable":true,"href":"https:\/\/sysmatec.ch\/de\/wp-json\/wp\/v2\/product_tag?post=30066"}],"curies":[{"name":"wp","href":"https:\/\/api.w.org\/{rel}","templated":true}]}}