{"id":30059,"date":"2024-10-21T18:08:31","date_gmt":"2024-10-21T16:08:31","guid":{"rendered":"https:\/\/sysmatec.ch\/?post_type=product&#038;p=30059"},"modified":"2024-10-21T18:43:59","modified_gmt":"2024-10-21T16:43:59","slug":"eigensicherer-sauerstofftransmitter-minox-i","status":"publish","type":"product","link":"https:\/\/sysmatec.ch\/de\/Produkt\/eigensicherer-sauerstofftransmitter-minox-i\/","title":{"rendered":"Eigensicherer Sauerstofftransmitter Minox i"},"content":{"rendered":"<p>Dieser eigensichere (I.S.) 2-adrige Sauerstofftransmitter mit Schleifenspeisung ist f\u00fcr explosionsgef\u00e4hrdete Bereiche zugelassen und verf\u00fcgt \u00fcber einen 4- bis 20-mA-Ausgang. Er wurde mit bew\u00e4hrter Sensortechnologie entwickelt, um O2 in einer Vielzahl von Gasen in den anspruchsvollsten Anwendungen und gef\u00e4hrlichen Umgebungen genau zu messen.<\/p>\n<p>Minox i hat einen geringen Platzbedarf und bietet eine Vielzahl von Prozessanschl\u00fcssen f\u00fcr die Sauerstoffmessung. Mit einem elektrischen Stecker nach Industriestandard kann dieser kompakte Transmitter einfach und kosteng\u00fcnstig in jede OEM-Anwendung eingebaut werden.<\/p>\n<p>Ideal f\u00fcr: Inertisierung, H2- und N2-Gaserzeugung, Handschuhkasten- und Eind\u00e4mmungsl\u00f6sungen, Sieb- und Pulvertransfersysteme, Biogas und Biomethan<\/p>\n<h2>Vorteile<\/h2>\n<ul>\n<li>Messbereiche von 0 -10 ppmV bis 0-1000 ppmV<\/li>\n<li>Entwickelt f\u00fcr Inline- und Extraktionsgasanwendungen<\/li>\n<li>Weltweite Zertifizierung f\u00fcr Gefahrenbereiche<\/li>\n<li>2-adrig, schleifengespeist, 4 bis 20 mA-Ausgang f\u00fcr einfache Integration<\/li>\n<li>Kombinierter Sensor und Elektronik<\/li>\n<li>Elektrochemische und Festk\u00f6rpersensortechnologie<\/li>\n<li>Durchfluss- und Direkteinsteckmodelle<\/li>\n<\/ul>\n<h2>Merkmale<\/h2>\n<ul>\n<li>Modelle OC-60 und OC-69 (f\u00fcr CO2-Gas)<\/li>\n<li>Messbereich: 0 bis 10, 0 bis 100, 0 bis 1000 ppmV<\/li>\n<li>Ausgangsaufl\u00f6sung (4 bis 20 mA): 1 ppmV<\/li>\n<li>Untere Nachweisgrenze (LDL): 1 ppmV<br \/>\nProbendurchflussrate (anwendungsabh\u00e4ngig) Durchfluss\/Extraktion: 100 bis 500 ml\/min (optimal 250 ml\/min) in einer bel\u00fcfteten Atmosph\u00e4re; Direkteinf\u00fchrung: Bis zu 6 m\/s<\/li>\n<li>Druckbereich 900 bis 1100 mBar abs<\/li>\n<li>Reaktionszeit (T90): &lt; 15 Sekunden bei 25 \u00b0C (77 \u00b0F) innerhalb des ausgew\u00e4hlten Bereichs<\/li>\n<li>Betriebstemperaturbereich: +5 \u00b0C bis +45 \u00b0C oder -10 \u00b0C bis +45 \u00b0C<\/li>\n<li>Luftfeuchtigkeit 0 bis 95 %rF nicht kondensierend (bei normaler Verwendung)<\/li>\n<li>Lebenserwartung (anwendungsabh\u00e4ngig): 3 bis 6 Monate<\/li>\n<li>Kalibrierungsintervall (anwendungsabh\u00e4ngig): 3 bis 6 Monate<\/li>\n<li>Elektrische Schnittstelle Industriestandard M12<\/li>\n<li>Stromversorgung 24 V DC +\/- 10 % (eine geeignete I.S.-Barriere ist erforderlich)<\/li>\n<li>Schutzart IP66 (NEMA4)<\/li>\n<li>Geh\u00e4usematerial Edelstahl 316<\/li>\n<li>Prozessanschluss Durchfluss (1\/8\u201d NPT), KF40-Flansch, Tri-Clamp<\/li>\n<li>Gasbenetzte Materialien Edelstahl 316<\/li>\n<li>O-Ring-Material Nitril<\/li>\n<li>Gewicht 800 g<\/li>\n<li>Zertifizierung f\u00fcr explosionsgef\u00e4hrdete Bereiche: Ex ia IIC T4 Ga (-20 \u00b0C \u2264 Ta \u2264 +55 \u00b0C), Ex ia IIC T4 Ga (-20 \u00b0C \u2264 Ta \u2264 +55 \u00b0C), Ex ia IIIC T200135 \u00b0C Da (-20 \u00b0C \u2264 Ta \u2264 +55 \u00b0C)<\/li>\n<\/ul>\n<p>&nbsp;<\/p>\n","protected":false},"excerpt":{"rendered":"<p>Sauerstoffsensor mit 4-20 mA-Ausgang.<\/p>\n","protected":false},"featured_media":30064,"template":"","meta":{"_crdt_document":""},"product_brand":[],"product_cat":[180,246],"product_tag":[],"class_list":{"0":"post-30059","1":"product","2":"type-product","3":"status-publish","4":"has-post-thumbnail","6":"product_cat-messung","7":"product_cat-sauerstoff","9":"first","10":"instock","11":"taxable","12":"shipping-taxable","13":"product-type-simple"},"yoast_head":"<!-- This site is optimized with the Yoast SEO plugin v27.3 - https:\/\/yoast.com\/product\/yoast-seo-wordpress\/ -->\n<title>Eigensicherer Sauerstofftransmitter Minox i - Sysmatec<\/title>\n<meta name=\"description\" content=\"Sauerstoffsensor f\u00fcr Gas mit 4-20 mA Ausgang. Bereiche: 0\u201310 ppm O2, 0\u2013100 ppm und 0\u20131000 ppm.\" \/>\n<meta name=\"robots\" content=\"index, follow, max-snippet:-1, max-image-preview:large, max-video-preview:-1\" \/>\n<link rel=\"canonical\" href=\"https:\/\/sysmatec.ch\/de\/Produkt\/eigensicherer-sauerstofftransmitter-minox-i\/\" \/>\n<meta property=\"og:locale\" content=\"de_DE\" \/>\n<meta property=\"og:type\" content=\"article\" \/>\n<meta property=\"og:title\" content=\"Eigensicherer Sauerstofftransmitter Minox i - Sysmatec\" \/>\n<meta property=\"og:description\" content=\"Sauerstoffsensor f\u00fcr Gas mit 4-20 mA Ausgang. Bereiche: 0\u201310 ppm O2, 0\u2013100 ppm und 0\u20131000 ppm.\" \/>\n<meta property=\"og:url\" content=\"https:\/\/sysmatec.ch\/de\/Produkt\/eigensicherer-sauerstofftransmitter-minox-i\/\" \/>\n<meta property=\"og:site_name\" content=\"Sysmatec\" \/>\n<meta property=\"article:modified_time\" content=\"2024-10-21T16:43:59+00:00\" \/>\n<meta property=\"og:image\" content=\"https:\/\/sysmatec.ch\/wp-content\/uploads\/2024\/10\/Oxygene_ProcessSensing.jpg\" \/>\n\t<meta property=\"og:image:width\" content=\"730\" \/>\n\t<meta property=\"og:image:height\" content=\"623\" \/>\n\t<meta property=\"og:image:type\" content=\"image\/jpeg\" \/>\n<meta name=\"twitter:card\" content=\"summary_large_image\" \/>\n<meta name=\"twitter:label1\" content=\"Gesch\u00e4tzte Lesezeit\" \/>\n\t<meta name=\"twitter:data1\" content=\"2\u00a0Minuten\" \/>\n<script type=\"application\/ld+json\" class=\"yoast-schema-graph\">{\"@context\":\"https:\\\/\\\/schema.org\",\"@graph\":[{\"@type\":\"WebPage\",\"@id\":\"https:\\\/\\\/sysmatec.ch\\\/de\\\/Produkt\\\/eigensicherer-sauerstofftransmitter-minox-i\\\/\",\"url\":\"https:\\\/\\\/sysmatec.ch\\\/de\\\/Produkt\\\/eigensicherer-sauerstofftransmitter-minox-i\\\/\",\"name\":\"Eigensicherer Sauerstofftransmitter Minox i - Sysmatec\",\"isPartOf\":{\"@id\":\"https:\\\/\\\/sysmatec.ch\\\/de\\\/#website\"},\"primaryImageOfPage\":{\"@id\":\"https:\\\/\\\/sysmatec.ch\\\/de\\\/Produkt\\\/eigensicherer-sauerstofftransmitter-minox-i\\\/#primaryimage\"},\"image\":{\"@id\":\"https:\\\/\\\/sysmatec.ch\\\/de\\\/Produkt\\\/eigensicherer-sauerstofftransmitter-minox-i\\\/#primaryimage\"},\"thumbnailUrl\":\"https:\\\/\\\/sysmatec.ch\\\/wp-content\\\/uploads\\\/2024\\\/10\\\/Oxygene_ProcessSensing.jpg\",\"datePublished\":\"2024-10-21T16:08:31+00:00\",\"dateModified\":\"2024-10-21T16:43:59+00:00\",\"description\":\"Sauerstoffsensor f\u00fcr Gas mit 4-20 mA Ausgang. Bereiche: 0\u201310 ppm O2, 0\u2013100 ppm und 0\u20131000 ppm.\",\"breadcrumb\":{\"@id\":\"https:\\\/\\\/sysmatec.ch\\\/de\\\/Produkt\\\/eigensicherer-sauerstofftransmitter-minox-i\\\/#breadcrumb\"},\"inLanguage\":\"de\",\"potentialAction\":[{\"@type\":\"ReadAction\",\"target\":[\"https:\\\/\\\/sysmatec.ch\\\/de\\\/Produkt\\\/eigensicherer-sauerstofftransmitter-minox-i\\\/\"]}]},{\"@type\":\"ImageObject\",\"inLanguage\":\"de\",\"@id\":\"https:\\\/\\\/sysmatec.ch\\\/de\\\/Produkt\\\/eigensicherer-sauerstofftransmitter-minox-i\\\/#primaryimage\",\"url\":\"https:\\\/\\\/sysmatec.ch\\\/wp-content\\\/uploads\\\/2024\\\/10\\\/Oxygene_ProcessSensing.jpg\",\"contentUrl\":\"https:\\\/\\\/sysmatec.ch\\\/wp-content\\\/uploads\\\/2024\\\/10\\\/Oxygene_ProcessSensing.jpg\",\"width\":730,\"height\":623},{\"@type\":\"BreadcrumbList\",\"@id\":\"https:\\\/\\\/sysmatec.ch\\\/de\\\/Produkt\\\/eigensicherer-sauerstofftransmitter-minox-i\\\/#breadcrumb\",\"itemListElement\":[{\"@type\":\"ListItem\",\"position\":1,\"name\":\"Accueil\",\"item\":\"https:\\\/\\\/sysmatec.ch\\\/de\\\/\"},{\"@type\":\"ListItem\",\"position\":2,\"name\":\"Die Aktivit\u00e4t von Sysmatec\",\"item\":\"https:\\\/\\\/sysmatec.ch\\\/de\\\/\"},{\"@type\":\"ListItem\",\"position\":3,\"name\":\"Eigensicherer Sauerstofftransmitter Minox i\"}]},{\"@type\":\"WebSite\",\"@id\":\"https:\\\/\\\/sysmatec.ch\\\/de\\\/#website\",\"url\":\"https:\\\/\\\/sysmatec.ch\\\/de\\\/\",\"name\":\"Sysmatec\",\"description\":\"Equipement de laboratoire et logiciels\",\"publisher\":{\"@id\":\"https:\\\/\\\/sysmatec.ch\\\/de\\\/#organization\"},\"potentialAction\":[{\"@type\":\"SearchAction\",\"target\":{\"@type\":\"EntryPoint\",\"urlTemplate\":\"https:\\\/\\\/sysmatec.ch\\\/de\\\/?s={search_term_string}\"},\"query-input\":{\"@type\":\"PropertyValueSpecification\",\"valueRequired\":true,\"valueName\":\"search_term_string\"}}],\"inLanguage\":\"de\"},{\"@type\":\"Organization\",\"@id\":\"https:\\\/\\\/sysmatec.ch\\\/de\\\/#organization\",\"name\":\"Sysmatec\",\"url\":\"https:\\\/\\\/sysmatec.ch\\\/de\\\/\",\"logo\":{\"@type\":\"ImageObject\",\"inLanguage\":\"de\",\"@id\":\"https:\\\/\\\/sysmatec.ch\\\/de\\\/#\\\/schema\\\/logo\\\/image\\\/\",\"url\":\"https:\\\/\\\/sysmatec.ch\\\/wp-content\\\/uploads\\\/2018\\\/11\\\/LogoSysmatec.jpg\",\"contentUrl\":\"https:\\\/\\\/sysmatec.ch\\\/wp-content\\\/uploads\\\/2018\\\/11\\\/LogoSysmatec.jpg\",\"width\":301,\"height\":297,\"caption\":\"Sysmatec\"},\"image\":{\"@id\":\"https:\\\/\\\/sysmatec.ch\\\/de\\\/#\\\/schema\\\/logo\\\/image\\\/\"}}]}<\/script>\n<!-- \/ Yoast SEO plugin. -->","yoast_head_json":{"title":"Eigensicherer Sauerstofftransmitter Minox i - Sysmatec","description":"Sauerstoffsensor f\u00fcr Gas mit 4-20 mA Ausgang. Bereiche: 0\u201310 ppm O2, 0\u2013100 ppm und 0\u20131000 ppm.","robots":{"index":"index","follow":"follow","max-snippet":"max-snippet:-1","max-image-preview":"max-image-preview:large","max-video-preview":"max-video-preview:-1"},"canonical":"https:\/\/sysmatec.ch\/de\/Produkt\/eigensicherer-sauerstofftransmitter-minox-i\/","og_locale":"de_DE","og_type":"article","og_title":"Eigensicherer Sauerstofftransmitter Minox i - Sysmatec","og_description":"Sauerstoffsensor f\u00fcr Gas mit 4-20 mA Ausgang. Bereiche: 0\u201310 ppm O2, 0\u2013100 ppm und 0\u20131000 ppm.","og_url":"https:\/\/sysmatec.ch\/de\/Produkt\/eigensicherer-sauerstofftransmitter-minox-i\/","og_site_name":"Sysmatec","article_modified_time":"2024-10-21T16:43:59+00:00","og_image":[{"width":730,"height":623,"url":"https:\/\/sysmatec.ch\/wp-content\/uploads\/2024\/10\/Oxygene_ProcessSensing.jpg","type":"image\/jpeg"}],"twitter_card":"summary_large_image","twitter_misc":{"Gesch\u00e4tzte Lesezeit":"2\u00a0Minuten"},"schema":{"@context":"https:\/\/schema.org","@graph":[{"@type":"WebPage","@id":"https:\/\/sysmatec.ch\/de\/Produkt\/eigensicherer-sauerstofftransmitter-minox-i\/","url":"https:\/\/sysmatec.ch\/de\/Produkt\/eigensicherer-sauerstofftransmitter-minox-i\/","name":"Eigensicherer Sauerstofftransmitter Minox i - Sysmatec","isPartOf":{"@id":"https:\/\/sysmatec.ch\/de\/#website"},"primaryImageOfPage":{"@id":"https:\/\/sysmatec.ch\/de\/Produkt\/eigensicherer-sauerstofftransmitter-minox-i\/#primaryimage"},"image":{"@id":"https:\/\/sysmatec.ch\/de\/Produkt\/eigensicherer-sauerstofftransmitter-minox-i\/#primaryimage"},"thumbnailUrl":"https:\/\/sysmatec.ch\/wp-content\/uploads\/2024\/10\/Oxygene_ProcessSensing.jpg","datePublished":"2024-10-21T16:08:31+00:00","dateModified":"2024-10-21T16:43:59+00:00","description":"Sauerstoffsensor f\u00fcr Gas mit 4-20 mA Ausgang. Bereiche: 0\u201310 ppm O2, 0\u2013100 ppm und 0\u20131000 ppm.","breadcrumb":{"@id":"https:\/\/sysmatec.ch\/de\/Produkt\/eigensicherer-sauerstofftransmitter-minox-i\/#breadcrumb"},"inLanguage":"de","potentialAction":[{"@type":"ReadAction","target":["https:\/\/sysmatec.ch\/de\/Produkt\/eigensicherer-sauerstofftransmitter-minox-i\/"]}]},{"@type":"ImageObject","inLanguage":"de","@id":"https:\/\/sysmatec.ch\/de\/Produkt\/eigensicherer-sauerstofftransmitter-minox-i\/#primaryimage","url":"https:\/\/sysmatec.ch\/wp-content\/uploads\/2024\/10\/Oxygene_ProcessSensing.jpg","contentUrl":"https:\/\/sysmatec.ch\/wp-content\/uploads\/2024\/10\/Oxygene_ProcessSensing.jpg","width":730,"height":623},{"@type":"BreadcrumbList","@id":"https:\/\/sysmatec.ch\/de\/Produkt\/eigensicherer-sauerstofftransmitter-minox-i\/#breadcrumb","itemListElement":[{"@type":"ListItem","position":1,"name":"Accueil","item":"https:\/\/sysmatec.ch\/de\/"},{"@type":"ListItem","position":2,"name":"Die Aktivit\u00e4t von Sysmatec","item":"https:\/\/sysmatec.ch\/de\/"},{"@type":"ListItem","position":3,"name":"Eigensicherer Sauerstofftransmitter Minox i"}]},{"@type":"WebSite","@id":"https:\/\/sysmatec.ch\/de\/#website","url":"https:\/\/sysmatec.ch\/de\/","name":"Sysmatec","description":"Equipement de laboratoire et logiciels","publisher":{"@id":"https:\/\/sysmatec.ch\/de\/#organization"},"potentialAction":[{"@type":"SearchAction","target":{"@type":"EntryPoint","urlTemplate":"https:\/\/sysmatec.ch\/de\/?s={search_term_string}"},"query-input":{"@type":"PropertyValueSpecification","valueRequired":true,"valueName":"search_term_string"}}],"inLanguage":"de"},{"@type":"Organization","@id":"https:\/\/sysmatec.ch\/de\/#organization","name":"Sysmatec","url":"https:\/\/sysmatec.ch\/de\/","logo":{"@type":"ImageObject","inLanguage":"de","@id":"https:\/\/sysmatec.ch\/de\/#\/schema\/logo\/image\/","url":"https:\/\/sysmatec.ch\/wp-content\/uploads\/2018\/11\/LogoSysmatec.jpg","contentUrl":"https:\/\/sysmatec.ch\/wp-content\/uploads\/2018\/11\/LogoSysmatec.jpg","width":301,"height":297,"caption":"Sysmatec"},"image":{"@id":"https:\/\/sysmatec.ch\/de\/#\/schema\/logo\/image\/"}}]}},"_links":{"self":[{"href":"https:\/\/sysmatec.ch\/de\/wp-json\/wp\/v2\/product\/30059","targetHints":{"allow":["GET"]}}],"collection":[{"href":"https:\/\/sysmatec.ch\/de\/wp-json\/wp\/v2\/product"}],"about":[{"href":"https:\/\/sysmatec.ch\/de\/wp-json\/wp\/v2\/types\/product"}],"wp:featuredmedia":[{"embeddable":true,"href":"https:\/\/sysmatec.ch\/de\/wp-json\/wp\/v2\/media\/30064"}],"wp:attachment":[{"href":"https:\/\/sysmatec.ch\/de\/wp-json\/wp\/v2\/media?parent=30059"}],"wp:term":[{"taxonomy":"product_brand","embeddable":true,"href":"https:\/\/sysmatec.ch\/de\/wp-json\/wp\/v2\/product_brand?post=30059"},{"taxonomy":"product_cat","embeddable":true,"href":"https:\/\/sysmatec.ch\/de\/wp-json\/wp\/v2\/product_cat?post=30059"},{"taxonomy":"product_tag","embeddable":true,"href":"https:\/\/sysmatec.ch\/de\/wp-json\/wp\/v2\/product_tag?post=30059"}],"curies":[{"name":"wp","href":"https:\/\/api.w.org\/{rel}","templated":true}]}}