{"id":30035,"date":"2024-09-24T18:33:36","date_gmt":"2024-09-24T16:33:36","guid":{"rendered":"https:\/\/sysmatec.ch\/?post_type=product&#038;p=30035"},"modified":"2025-04-30T13:50:02","modified_gmt":"2025-04-30T11:50:02","slug":"veraschungsofen-aaf-3-und-7-liter","status":"publish","type":"product","link":"https:\/\/sysmatec.ch\/de\/Produkt\/veraschungsofen-aaf-3-und-7-liter\/","title":{"rendered":"Veraschungsofen AAF 3 und 7 Liter"},"content":{"rendered":"<p>Die Veraschungsofen Modelle\u00a0 AAF 11\/3 &amp; 11\/7, die durch ihr intelligentes Design eine kontinuierlichen Strom vorgeheizter Luft durch die Ofenkammer saugen, halten folgende Industrie-Standards zu Veraschungen ein: ISO 1171:2010, ASTM D3174-04: 2010 und ASTM D4422.<\/p>\n<h2>Standardaustattung<\/h2>\n<ul>\n<li>Maximaltemperaturen bis 1100 \u00b0C<\/li>\n<li>Carbolite Gero\u00a0301 Regler\u00a0mit Rampen-, Sollwert- und Prozesstimer-Funktion<\/li>\n<li>Gro\u00dfer Kammerboden erlaubt eine gro\u00dfe Anzahl von Proben zu stellen<\/li>\n<li>Ideal f\u00fcr die Veraschung von Lebensmitteln, Kunststoffen, Kohle und anderen kohlenwasserstoffhaltigen Materialien<\/li>\n<li>Folgende Industrie-Standards zu Veraschungen werden eingehalten: ISO 1171:2010, ASTM D3174-04: 2010 und ASTM D4422<\/li>\n<li>Die Widerstandsdrahtheizelemente sind vor chemischer\u00a0und mechanischer Besch\u00e4digung durch eine dichte keramische Muffel\u00a0optimal gesch\u00fctzt<\/li>\n<li>Heizelemente an vier Seiten der Kammer (links, rechts, oben, unten)<\/li>\n<li>Spezielle Frischluftzufuhr f\u00fcr ca. 4-5 Luftwechsel\/Minute<\/li>\n<li>Durch die geringe H\u00f6he der Kammer f\u00fchrt der Luftstrom direkt \u00fcber die Proben hinweg und sorgt dabei f\u00fcr eine optimale Verbrennung<\/li>\n<li>Leistungsf\u00e4hige Heizelemente mit graduierter Wicklung verringern den W\u00e4rmeverlust infolge des\u00a0hohen Luftwechsels<\/li>\n<li>Vorgew\u00e4rmte Zuluft f\u00fcr eine optimale Temperaturverteilung<\/li>\n<li>Inconelschalen mit abnehmbarem Griff<\/li>\n<\/ul>\n<h2>Optionen<\/h2>\n<ul>\n<li>Gro\u00dfe Auswahl digitaler PID-Regler, Programmregler und Schreiber mit verschiedenen digitalen Schnittstellen<\/li>\n<li>Digitaler \u00dcbertemperaturschutz (empfohlen bei unbeaufsichtigtem Einsatz), frei einstellbar, zum Schutz des Ger\u00e4ts und von wertvollem Probenmaterial<\/li>\n<li>Zus\u00e4tzliche Inconel-Einlegeschalen auf Anfrage<\/li>\n<\/ul>\n<h2>Spezifikationen<\/h2>\n<table>\n<thead>\n<tr>\n<th><\/th>\n<th>AAF 11\/3<\/th>\n<th>AAF 11\/7<\/th>\n<\/tr>\n<\/thead>\n<tbody>\n<tr>\n<td>Maximaltemperatur (\u00b0C)<\/td>\n<td>1100<\/td>\n<td>1100<\/td>\n<\/tr>\n<tr>\n<td>Aufheizzeit (min)<\/td>\n<td>155<\/td>\n<td>155<\/td>\n<\/tr>\n<tr>\n<td>Dauerbetriebstemperatur (\u00b0C)<\/td>\n<td>1000<\/td>\n<td>1000<\/td>\n<\/tr>\n<tr>\n<td>Abmessungen: Innen H x B x T (mm)<\/td>\n<td>90 x 150 x 250<\/td>\n<td>90 x 170 x 455<\/td>\n<\/tr>\n<tr>\n<td>Au\u00dfenabmessungen H x B x T (mm)<\/td>\n<td>585 x 375 x 485<\/td>\n<td>650 x 430 x 740<\/td>\n<\/tr>\n<tr>\n<td>Abmessungen: Au\u00dfen mit ge\u00f6ffneter T\u00fcr H x B x T (mm)<\/td>\n<td>800 x 375 x 485<\/td>\n<td>905 x 430 x 740<\/td>\n<\/tr>\n<tr>\n<td>Abmessungen: H\u00f6he des Kamins (mm)<\/td>\n<td>780<\/td>\n<td>1060<\/td>\n<\/tr>\n<tr>\n<td>Volumen (Liter)<\/td>\n<td>3<\/td>\n<td>7<\/td>\n<\/tr>\n<tr>\n<td>Max. Leistung (W)<\/td>\n<td>2100<\/td>\n<td>4000<\/td>\n<\/tr>\n<tr>\n<td>Halteleistung (W)<\/td>\n<td>1270<\/td>\n<td>2624<\/td>\n<\/tr>\n<tr>\n<td>Thermoelement Typ<\/td>\n<td>K<\/td>\n<td>K<\/td>\n<\/tr>\n<tr>\n<td>Gewicht (kg)<\/td>\n<td>22<\/td>\n<td>63<\/td>\n<\/tr>\n<\/tbody>\n<\/table>\n","protected":false},"excerpt":{"rendered":"<p>Veraschungsofen mit Luftdurchfluss f\u00fcr Temperatur bis maximal1100 &#8222;C.<\/p>\n","protected":false},"featured_media":30038,"template":"","meta":{"_crdt_document":""},"product_brand":[],"product_cat":[107],"product_tag":[],"class_list":{"0":"post-30035","1":"product","2":"type-product","3":"status-publish","4":"has-post-thumbnail","6":"product_cat-ofen","8":"first","9":"instock","10":"taxable","11":"shipping-taxable","12":"product-type-simple"},"yoast_head":"<!-- This site is optimized with the Yoast SEO plugin v27.3 - https:\/\/yoast.com\/product\/yoast-seo-wordpress\/ -->\n<title>Veraschungsofen AAF 3 und 7 Liter - Sysmatec<\/title>\n<meta name=\"description\" content=\"Veraschungsofen mit Luftdurchfluss f\u00fcr Temperatur bis maximal1100 &quot;C . Kammervolum 3 und 7 L.\" \/>\n<meta name=\"robots\" content=\"index, follow, max-snippet:-1, max-image-preview:large, max-video-preview:-1\" \/>\n<link rel=\"canonical\" href=\"https:\/\/sysmatec.ch\/de\/Produkt\/veraschungsofen-aaf-3-und-7-liter\/\" \/>\n<meta property=\"og:locale\" content=\"de_DE\" \/>\n<meta property=\"og:type\" content=\"article\" \/>\n<meta property=\"og:title\" content=\"Veraschungsofen AAF 3 und 7 Liter - Sysmatec\" \/>\n<meta property=\"og:description\" content=\"Veraschungsofen mit Luftdurchfluss f\u00fcr Temperatur bis maximal1100 &quot;C . Kammervolum 3 und 7 L.\" \/>\n<meta property=\"og:url\" content=\"https:\/\/sysmatec.ch\/de\/Produkt\/veraschungsofen-aaf-3-und-7-liter\/\" \/>\n<meta property=\"og:site_name\" content=\"Sysmatec\" \/>\n<meta property=\"article:modified_time\" content=\"2025-04-30T11:50:02+00:00\" \/>\n<meta property=\"og:image\" content=\"https:\/\/sysmatec.ch\/wp-content\/uploads\/2024\/09\/Four_MineralisationAAF11.jpg\" \/>\n\t<meta property=\"og:image:width\" content=\"395\" \/>\n\t<meta property=\"og:image:height\" content=\"412\" \/>\n\t<meta property=\"og:image:type\" content=\"image\/jpeg\" \/>\n<meta name=\"twitter:card\" content=\"summary_large_image\" \/>\n<meta name=\"twitter:label1\" content=\"Gesch\u00e4tzte Lesezeit\" \/>\n\t<meta name=\"twitter:data1\" content=\"2\u00a0Minuten\" \/>\n<script type=\"application\/ld+json\" class=\"yoast-schema-graph\">{\"@context\":\"https:\\\/\\\/schema.org\",\"@graph\":[{\"@type\":\"WebPage\",\"@id\":\"https:\\\/\\\/sysmatec.ch\\\/de\\\/Produkt\\\/veraschungsofen-aaf-3-und-7-liter\\\/\",\"url\":\"https:\\\/\\\/sysmatec.ch\\\/de\\\/Produkt\\\/veraschungsofen-aaf-3-und-7-liter\\\/\",\"name\":\"Veraschungsofen AAF 3 und 7 Liter - Sysmatec\",\"isPartOf\":{\"@id\":\"https:\\\/\\\/sysmatec.ch\\\/de\\\/#website\"},\"primaryImageOfPage\":{\"@id\":\"https:\\\/\\\/sysmatec.ch\\\/de\\\/Produkt\\\/veraschungsofen-aaf-3-und-7-liter\\\/#primaryimage\"},\"image\":{\"@id\":\"https:\\\/\\\/sysmatec.ch\\\/de\\\/Produkt\\\/veraschungsofen-aaf-3-und-7-liter\\\/#primaryimage\"},\"thumbnailUrl\":\"https:\\\/\\\/sysmatec.ch\\\/wp-content\\\/uploads\\\/2024\\\/09\\\/Four_MineralisationAAF11.jpg\",\"datePublished\":\"2024-09-24T16:33:36+00:00\",\"dateModified\":\"2025-04-30T11:50:02+00:00\",\"description\":\"Veraschungsofen mit Luftdurchfluss f\u00fcr Temperatur bis maximal1100 \\\"C . Kammervolum 3 und 7 L.\",\"breadcrumb\":{\"@id\":\"https:\\\/\\\/sysmatec.ch\\\/de\\\/Produkt\\\/veraschungsofen-aaf-3-und-7-liter\\\/#breadcrumb\"},\"inLanguage\":\"de\",\"potentialAction\":[{\"@type\":\"ReadAction\",\"target\":[\"https:\\\/\\\/sysmatec.ch\\\/de\\\/Produkt\\\/veraschungsofen-aaf-3-und-7-liter\\\/\"]}]},{\"@type\":\"ImageObject\",\"inLanguage\":\"de\",\"@id\":\"https:\\\/\\\/sysmatec.ch\\\/de\\\/Produkt\\\/veraschungsofen-aaf-3-und-7-liter\\\/#primaryimage\",\"url\":\"https:\\\/\\\/sysmatec.ch\\\/wp-content\\\/uploads\\\/2024\\\/09\\\/Four_MineralisationAAF11.jpg\",\"contentUrl\":\"https:\\\/\\\/sysmatec.ch\\\/wp-content\\\/uploads\\\/2024\\\/09\\\/Four_MineralisationAAF11.jpg\",\"width\":395,\"height\":412},{\"@type\":\"BreadcrumbList\",\"@id\":\"https:\\\/\\\/sysmatec.ch\\\/de\\\/Produkt\\\/veraschungsofen-aaf-3-und-7-liter\\\/#breadcrumb\",\"itemListElement\":[{\"@type\":\"ListItem\",\"position\":1,\"name\":\"Accueil\",\"item\":\"https:\\\/\\\/sysmatec.ch\\\/de\\\/\"},{\"@type\":\"ListItem\",\"position\":2,\"name\":\"Die Aktivit\u00e4t von Sysmatec\",\"item\":\"https:\\\/\\\/sysmatec.ch\\\/de\\\/\"},{\"@type\":\"ListItem\",\"position\":3,\"name\":\"Veraschungsofen AAF 3 und 7 Liter\"}]},{\"@type\":\"WebSite\",\"@id\":\"https:\\\/\\\/sysmatec.ch\\\/de\\\/#website\",\"url\":\"https:\\\/\\\/sysmatec.ch\\\/de\\\/\",\"name\":\"Sysmatec\",\"description\":\"Equipement de laboratoire et logiciels\",\"publisher\":{\"@id\":\"https:\\\/\\\/sysmatec.ch\\\/de\\\/#organization\"},\"potentialAction\":[{\"@type\":\"SearchAction\",\"target\":{\"@type\":\"EntryPoint\",\"urlTemplate\":\"https:\\\/\\\/sysmatec.ch\\\/de\\\/?s={search_term_string}\"},\"query-input\":{\"@type\":\"PropertyValueSpecification\",\"valueRequired\":true,\"valueName\":\"search_term_string\"}}],\"inLanguage\":\"de\"},{\"@type\":\"Organization\",\"@id\":\"https:\\\/\\\/sysmatec.ch\\\/de\\\/#organization\",\"name\":\"Sysmatec\",\"url\":\"https:\\\/\\\/sysmatec.ch\\\/de\\\/\",\"logo\":{\"@type\":\"ImageObject\",\"inLanguage\":\"de\",\"@id\":\"https:\\\/\\\/sysmatec.ch\\\/de\\\/#\\\/schema\\\/logo\\\/image\\\/\",\"url\":\"https:\\\/\\\/sysmatec.ch\\\/wp-content\\\/uploads\\\/2018\\\/11\\\/LogoSysmatec.jpg\",\"contentUrl\":\"https:\\\/\\\/sysmatec.ch\\\/wp-content\\\/uploads\\\/2018\\\/11\\\/LogoSysmatec.jpg\",\"width\":301,\"height\":297,\"caption\":\"Sysmatec\"},\"image\":{\"@id\":\"https:\\\/\\\/sysmatec.ch\\\/de\\\/#\\\/schema\\\/logo\\\/image\\\/\"}}]}<\/script>\n<!-- \/ Yoast SEO plugin. -->","yoast_head_json":{"title":"Veraschungsofen AAF 3 und 7 Liter - Sysmatec","description":"Veraschungsofen mit Luftdurchfluss f\u00fcr Temperatur bis maximal1100 \"C . Kammervolum 3 und 7 L.","robots":{"index":"index","follow":"follow","max-snippet":"max-snippet:-1","max-image-preview":"max-image-preview:large","max-video-preview":"max-video-preview:-1"},"canonical":"https:\/\/sysmatec.ch\/de\/Produkt\/veraschungsofen-aaf-3-und-7-liter\/","og_locale":"de_DE","og_type":"article","og_title":"Veraschungsofen AAF 3 und 7 Liter - Sysmatec","og_description":"Veraschungsofen mit Luftdurchfluss f\u00fcr Temperatur bis maximal1100 \"C . Kammervolum 3 und 7 L.","og_url":"https:\/\/sysmatec.ch\/de\/Produkt\/veraschungsofen-aaf-3-und-7-liter\/","og_site_name":"Sysmatec","article_modified_time":"2025-04-30T11:50:02+00:00","og_image":[{"width":395,"height":412,"url":"https:\/\/sysmatec.ch\/wp-content\/uploads\/2024\/09\/Four_MineralisationAAF11.jpg","type":"image\/jpeg"}],"twitter_card":"summary_large_image","twitter_misc":{"Gesch\u00e4tzte Lesezeit":"2\u00a0Minuten"},"schema":{"@context":"https:\/\/schema.org","@graph":[{"@type":"WebPage","@id":"https:\/\/sysmatec.ch\/de\/Produkt\/veraschungsofen-aaf-3-und-7-liter\/","url":"https:\/\/sysmatec.ch\/de\/Produkt\/veraschungsofen-aaf-3-und-7-liter\/","name":"Veraschungsofen AAF 3 und 7 Liter - Sysmatec","isPartOf":{"@id":"https:\/\/sysmatec.ch\/de\/#website"},"primaryImageOfPage":{"@id":"https:\/\/sysmatec.ch\/de\/Produkt\/veraschungsofen-aaf-3-und-7-liter\/#primaryimage"},"image":{"@id":"https:\/\/sysmatec.ch\/de\/Produkt\/veraschungsofen-aaf-3-und-7-liter\/#primaryimage"},"thumbnailUrl":"https:\/\/sysmatec.ch\/wp-content\/uploads\/2024\/09\/Four_MineralisationAAF11.jpg","datePublished":"2024-09-24T16:33:36+00:00","dateModified":"2025-04-30T11:50:02+00:00","description":"Veraschungsofen mit Luftdurchfluss f\u00fcr Temperatur bis maximal1100 \"C . Kammervolum 3 und 7 L.","breadcrumb":{"@id":"https:\/\/sysmatec.ch\/de\/Produkt\/veraschungsofen-aaf-3-und-7-liter\/#breadcrumb"},"inLanguage":"de","potentialAction":[{"@type":"ReadAction","target":["https:\/\/sysmatec.ch\/de\/Produkt\/veraschungsofen-aaf-3-und-7-liter\/"]}]},{"@type":"ImageObject","inLanguage":"de","@id":"https:\/\/sysmatec.ch\/de\/Produkt\/veraschungsofen-aaf-3-und-7-liter\/#primaryimage","url":"https:\/\/sysmatec.ch\/wp-content\/uploads\/2024\/09\/Four_MineralisationAAF11.jpg","contentUrl":"https:\/\/sysmatec.ch\/wp-content\/uploads\/2024\/09\/Four_MineralisationAAF11.jpg","width":395,"height":412},{"@type":"BreadcrumbList","@id":"https:\/\/sysmatec.ch\/de\/Produkt\/veraschungsofen-aaf-3-und-7-liter\/#breadcrumb","itemListElement":[{"@type":"ListItem","position":1,"name":"Accueil","item":"https:\/\/sysmatec.ch\/de\/"},{"@type":"ListItem","position":2,"name":"Die Aktivit\u00e4t von Sysmatec","item":"https:\/\/sysmatec.ch\/de\/"},{"@type":"ListItem","position":3,"name":"Veraschungsofen AAF 3 und 7 Liter"}]},{"@type":"WebSite","@id":"https:\/\/sysmatec.ch\/de\/#website","url":"https:\/\/sysmatec.ch\/de\/","name":"Sysmatec","description":"Equipement de laboratoire et logiciels","publisher":{"@id":"https:\/\/sysmatec.ch\/de\/#organization"},"potentialAction":[{"@type":"SearchAction","target":{"@type":"EntryPoint","urlTemplate":"https:\/\/sysmatec.ch\/de\/?s={search_term_string}"},"query-input":{"@type":"PropertyValueSpecification","valueRequired":true,"valueName":"search_term_string"}}],"inLanguage":"de"},{"@type":"Organization","@id":"https:\/\/sysmatec.ch\/de\/#organization","name":"Sysmatec","url":"https:\/\/sysmatec.ch\/de\/","logo":{"@type":"ImageObject","inLanguage":"de","@id":"https:\/\/sysmatec.ch\/de\/#\/schema\/logo\/image\/","url":"https:\/\/sysmatec.ch\/wp-content\/uploads\/2018\/11\/LogoSysmatec.jpg","contentUrl":"https:\/\/sysmatec.ch\/wp-content\/uploads\/2018\/11\/LogoSysmatec.jpg","width":301,"height":297,"caption":"Sysmatec"},"image":{"@id":"https:\/\/sysmatec.ch\/de\/#\/schema\/logo\/image\/"}}]}},"_links":{"self":[{"href":"https:\/\/sysmatec.ch\/de\/wp-json\/wp\/v2\/product\/30035","targetHints":{"allow":["GET"]}}],"collection":[{"href":"https:\/\/sysmatec.ch\/de\/wp-json\/wp\/v2\/product"}],"about":[{"href":"https:\/\/sysmatec.ch\/de\/wp-json\/wp\/v2\/types\/product"}],"wp:featuredmedia":[{"embeddable":true,"href":"https:\/\/sysmatec.ch\/de\/wp-json\/wp\/v2\/media\/30038"}],"wp:attachment":[{"href":"https:\/\/sysmatec.ch\/de\/wp-json\/wp\/v2\/media?parent=30035"}],"wp:term":[{"taxonomy":"product_brand","embeddable":true,"href":"https:\/\/sysmatec.ch\/de\/wp-json\/wp\/v2\/product_brand?post=30035"},{"taxonomy":"product_cat","embeddable":true,"href":"https:\/\/sysmatec.ch\/de\/wp-json\/wp\/v2\/product_cat?post=30035"},{"taxonomy":"product_tag","embeddable":true,"href":"https:\/\/sysmatec.ch\/de\/wp-json\/wp\/v2\/product_tag?post=30035"}],"curies":[{"name":"wp","href":"https:\/\/api.w.org\/{rel}","templated":true}]}}