{"id":30027,"date":"2024-09-23T16:51:00","date_gmt":"2024-09-23T14:51:00","guid":{"rendered":"https:\/\/sysmatec.ch\/?post_type=product&#038;p=30027"},"modified":"2024-09-23T18:56:16","modified_gmt":"2024-09-23T16:56:16","slug":"schock-indikatoren-shockwatch-2","status":"publish","type":"product","link":"https:\/\/sysmatec.ch\/de\/Produkt\/schock-indikatoren-shockwatch-2\/","title":{"rendered":"Schock Indikatoren ShockWatch 2"},"content":{"rendered":"<p>ShockWatch\u00ae 2-Aufprallindikatoren sind Einwegger\u00e4te, die feststellen, ob zerbrechliche Produkte w\u00e4hrend des Transports oder bei der Lagerung heruntergefallen sind. Die Indikatoren sind vor Ort schaltbare, manipulationssichere Ger\u00e4te, die hellrot werden, wenn ein Aufprall \u00fcber einem bestimmten Schwellenwert aufgetreten ist.<\/p>\n<p>Jeder ShockWatch\u00ae 2 hat eine eindeutige Kennung zur Unterst\u00fctzung der R\u00fcckverfolgbarkeit.<\/p>\n<p>ShockWatch\u00ae 2 ist ein patentiertes Produkt, das durch die US-Patente Nr. 8.234.994 und Nr. 9.423.312 gesch\u00fctzt ist.<\/p>\n<p>Kleben Sie diesen Einwegindikator einfach vor dem Versand auf das Paket oder die Komponente. Wenn er bei der Lieferung rot ist, wurde das Paket einem Aufprall ausgesetzt, der den zul\u00e4ssigen Schwellenwert \u00fcberschreitet. Vielleicht wurde es fallen gelassen oder hat sich w\u00e4hrend des Transports gel\u00f6st. Vielleicht ist andere Fracht darauf gefallen. Vielleicht waren Zugkupplungen oder Flugzeuglandungen besonders heftig. Was auch immer der Grund sein mag, ein kurzer Blick zeigt deutlich, dass w\u00e4hrend des Transports etwas passiert ist, das den Artikel besch\u00e4digt haben k\u00f6nnte.<\/p>\n<h2>Vorteile<\/h2>\n<ul>\n<li>Wirkt als optische Abschreckung gegen unsachgem\u00e4\u00dfe Handhabung<\/li>\n<li>Reduziert Fehlbehandlung durch Bewusstsein<\/li>\n<li>Bietet zweifelsfreie Beweise f\u00fcr Fehlbehandlung<\/li>\n<li>F\u00f6rdert die Verantwortungskette f\u00fcr die gesamte Produkthandhabung<\/li>\n<li>Best\u00e4tigt die Wirksamkeit der Verpackung<\/li>\n<li>Hilft bei der Identifizierung von Problemstellen in der Lieferkette, von der Produktion bis hin zu Transport und Lagerung<\/li>\n<li>Hilft bei der Verbesserung der Produktqualit\u00e4t von Dock zu Dock<\/li>\n<\/ul>\n<h2>Specifikationen<\/h2>\n<ul>\n<li>Empfindlichkeitsbereich 5 G, 10 G, 15 G, 25 G, 37 G, 75 G<\/li>\n<li>Aufpralldauer 0,5 &#8211; 50 ms<\/li>\n<li>Toleranz \u00b115 % bei 20 \u00b0C, 1 ATM<\/li>\n<li>Betriebstemperatur -25 \u00b0C bis 80 \u00b0C<\/li>\n<li>Abmessungen: (42,93 mm x 42,93 mm x 6,35 mm)<\/li>\n<li>Sicherheit Manipulationssicher, Seriennummer<\/li>\n<li>Klebstoff Acryl<\/li>\n<li>Produktlebensdauer 2 Jahre bei Lagerung bei 20 \u00b0C\/68 \u00b0F, 1 ATM<\/li>\n<li>Lagerempfehlungen 20 \u00b0C\/68 \u00b0F. 1 ATM, 0 % &#8211; 99 % relative Luftfeuchtigkeit, nicht kondensierend<\/li>\n<li>Gewicht (variiert je nach Empfindlichkeit) ~5,05 g<\/li>\n<li>Verpackung: 10 St\u00fcck<\/li>\n<\/ul>\n<h2>Auswahlhilfe je nach Gr\u00f6\u00dfe und Gewicht<\/h2>\n<table width=\"681\">\n<tbody>\n<tr>\n<td width=\"121\">Volum<\/td>\n<td width=\"80\">0.14-0.42 m3<\/td>\n<td width=\"80\">0.42-1.4 m3<\/td>\n<td width=\"80\">1.4-2.8 m3<\/td>\n<td width=\"80\">2.8- 7 m3<\/td>\n<td width=\"80\">7 m3-14 m3<\/td>\n<td width=\"80\">14-300 m3<\/td>\n<td width=\"80\">300- mehr m3<\/td>\n<\/tr>\n<tr>\n<td>Gewicht<\/td>\n<td><\/td>\n<td><\/td>\n<td><\/td>\n<td><\/td>\n<td><\/td>\n<td><\/td>\n<td><\/td>\n<\/tr>\n<tr>\n<td>0-5 kg<\/td>\n<td>75 G<\/td>\n<td>75 G<\/td>\n<td>50 G<\/td>\n<td>37 G<\/td>\n<td>&#8211;<\/td>\n<td>&#8211;<\/td>\n<td>&#8211;<\/td>\n<\/tr>\n<tr>\n<td>5-11 kg<\/td>\n<td>75 G<\/td>\n<td>50 G<\/td>\n<td>50 G<\/td>\n<td>37 G<\/td>\n<td>25 G<\/td>\n<td>&#8211;<\/td>\n<td>&#8211;<\/td>\n<\/tr>\n<tr>\n<td>11-23 kg<\/td>\n<td>50 G<\/td>\n<td>50 G<\/td>\n<td>37 G<\/td>\n<td>25 G<\/td>\n<td>25 G<\/td>\n<td>15G<\/td>\n<td>&#8211;<\/td>\n<\/tr>\n<tr>\n<td>23-45 kg<\/td>\n<td>50 G<\/td>\n<td>37 G<\/td>\n<td>37 G<\/td>\n<td>25 G<\/td>\n<td>15G<\/td>\n<td>15G<\/td>\n<td>10G<\/td>\n<\/tr>\n<tr>\n<td>45-113 kg<\/td>\n<td>37 G<\/td>\n<td>37 G<\/td>\n<td>25 G<\/td>\n<td>25 G<\/td>\n<td>15G<\/td>\n<td>15G<\/td>\n<td>10G<\/td>\n<\/tr>\n<tr>\n<td>113-454 kg<\/td>\n<td>37 G<\/td>\n<td>25 G<\/td>\n<td>25 G<\/td>\n<td>15G<\/td>\n<td>15G<\/td>\n<td>10G<\/td>\n<td>10G<\/td>\n<\/tr>\n<tr>\n<td>454-907 kg<\/td>\n<td>25 G<\/td>\n<td>25 G<\/td>\n<td>25 G<\/td>\n<td>15G<\/td>\n<td>15G<\/td>\n<td>10G<\/td>\n<td>5G<\/td>\n<\/tr>\n<tr>\n<td>907-2268 kg<\/td>\n<td>25 G<\/td>\n<td>25 G<\/td>\n<td>15G<\/td>\n<td>15G<\/td>\n<td>10G<\/td>\n<td>10G<\/td>\n<td>5G<\/td>\n<\/tr>\n<tr>\n<td>2268-4536 kg<\/td>\n<td>25 G<\/td>\n<td>15G<\/td>\n<td>15G<\/td>\n<td>15G<\/td>\n<td>10G<\/td>\n<td>10G<\/td>\n<td>5G<\/td>\n<\/tr>\n<tr>\n<td>4536-6804 kg<\/td>\n<td>&#8211;<\/td>\n<td>15G<\/td>\n<td>15G<\/td>\n<td>10G<\/td>\n<td>10G<\/td>\n<td>5G<\/td>\n<td>5G<\/td>\n<\/tr>\n<tr>\n<td>6804-9072 kg<\/td>\n<td>&#8211;<\/td>\n<td>&#8211;<\/td>\n<td>10G<\/td>\n<td>10G<\/td>\n<td>5G<\/td>\n<td>5G<\/td>\n<td>5G<\/td>\n<\/tr>\n<tr>\n<td>9072-13608 kg<\/td>\n<td>&#8211;<\/td>\n<td>&#8211;<\/td>\n<td>&#8211;<\/td>\n<td>5G<\/td>\n<td>5G<\/td>\n<td>5G<\/td>\n<td>5G<\/td>\n<\/tr>\n<tr>\n<td>13608 kg &#8211; mehr<\/td>\n<td>&#8211;<\/td>\n<td>&#8211;<\/td>\n<td>&#8211;<\/td>\n<td>&#8211;<\/td>\n<td>5G<\/td>\n<td>5G<\/td>\n<td>5G<\/td>\n<\/tr>\n<\/tbody>\n<\/table>\n<h2>Anweisungen<\/h2>\n<p>1) Montieren Sie den ShockWatch 2-Aufprallindikator im unteren Drittel des Pakets\/der Palette so nah wie m\u00f6glich am Rand. Vermeiden Sie die Mitte des Pakets, da die Montagestellen strukturell stabil sein sollten.<\/p>\n<p>2) Wenn das Paket doppelt so lang wie breit ist, verwenden Sie zwei ShockWatch 2-Aufprallindikatoren. Platzieren Sie einen zweiten Indikator an derselben Stelle<br \/>\nauf der gegen\u00fcberliegenden Seite des Pakets<\/p>\n<p>3) Bringen Sie den Warnaufkleber auf Ihrem Frachtbrief an, um die Empf\u00e4nger daran zu erinnern, den ShockWatch 2-Indikator<br \/>\nsofort nach der Ankunft zu \u00fcberpr\u00fcfen<\/p>\n","protected":false},"excerpt":{"rendered":"<p>Einweg-Sto\u00dfindikator \/ Schock Indikator<\/p>\n","protected":false},"featured_media":30032,"template":"","meta":{"_crdt_document":""},"product_brand":[],"product_cat":[288,168],"product_tag":[],"class_list":{"0":"post-30027","1":"product","2":"type-product","3":"status-publish","4":"has-post-thumbnail","6":"product_cat-beschleunigung","7":"product_cat-datenlogger","9":"first","10":"instock","11":"taxable","12":"shipping-taxable","13":"product-type-simple"},"yoast_head":"<!-- This site is optimized with the Yoast SEO plugin v27.4 - https:\/\/yoast.com\/product\/yoast-seo-wordpress\/ -->\n<title>Schock Indikatoren ShockWatch 2 - Sysmatec<\/title>\n<meta name=\"description\" content=\"Einweg-Sto\u00dfindikator \/ Schock Indikator zur Feststellung, ob zerbrechliche Produkte w\u00e4hrend des Transports oder der Lagerung heruntergefallen sind\" \/>\n<meta name=\"robots\" content=\"index, follow, max-snippet:-1, max-image-preview:large, max-video-preview:-1\" \/>\n<link rel=\"canonical\" href=\"https:\/\/sysmatec.ch\/de\/Produkt\/schock-indikatoren-shockwatch-2\/\" \/>\n<meta property=\"og:locale\" content=\"de_DE\" \/>\n<meta property=\"og:type\" content=\"article\" \/>\n<meta property=\"og:title\" content=\"Schock Indikatoren ShockWatch 2 - Sysmatec\" \/>\n<meta property=\"og:description\" content=\"Einweg-Sto\u00dfindikator \/ Schock Indikator zur Feststellung, ob zerbrechliche Produkte w\u00e4hrend des Transports oder der Lagerung heruntergefallen sind\" \/>\n<meta property=\"og:url\" content=\"https:\/\/sysmatec.ch\/de\/Produkt\/schock-indikatoren-shockwatch-2\/\" \/>\n<meta property=\"og:site_name\" content=\"Sysmatec\" \/>\n<meta property=\"article:modified_time\" content=\"2024-09-23T16:56:16+00:00\" \/>\n<meta property=\"og:image\" content=\"https:\/\/sysmatec.ch\/wp-content\/uploads\/2024\/09\/IndicateurChoc_SchockWatch2.jpg\" \/>\n\t<meta property=\"og:image:width\" content=\"832\" \/>\n\t<meta property=\"og:image:height\" content=\"436\" \/>\n\t<meta property=\"og:image:type\" content=\"image\/jpeg\" \/>\n<meta name=\"twitter:card\" content=\"summary_large_image\" \/>\n<meta name=\"twitter:label1\" content=\"Gesch\u00e4tzte Lesezeit\" \/>\n\t<meta name=\"twitter:data1\" content=\"3\u00a0Minuten\" \/>\n<script type=\"application\/ld+json\" class=\"yoast-schema-graph\">{\"@context\":\"https:\\\/\\\/schema.org\",\"@graph\":[{\"@type\":\"WebPage\",\"@id\":\"https:\\\/\\\/sysmatec.ch\\\/de\\\/Produkt\\\/schock-indikatoren-shockwatch-2\\\/\",\"url\":\"https:\\\/\\\/sysmatec.ch\\\/de\\\/Produkt\\\/schock-indikatoren-shockwatch-2\\\/\",\"name\":\"Schock Indikatoren ShockWatch 2 - Sysmatec\",\"isPartOf\":{\"@id\":\"https:\\\/\\\/sysmatec.ch\\\/de\\\/#website\"},\"primaryImageOfPage\":{\"@id\":\"https:\\\/\\\/sysmatec.ch\\\/de\\\/Produkt\\\/schock-indikatoren-shockwatch-2\\\/#primaryimage\"},\"image\":{\"@id\":\"https:\\\/\\\/sysmatec.ch\\\/de\\\/Produkt\\\/schock-indikatoren-shockwatch-2\\\/#primaryimage\"},\"thumbnailUrl\":\"https:\\\/\\\/sysmatec.ch\\\/wp-content\\\/uploads\\\/2024\\\/09\\\/IndicateurChoc_SchockWatch2.jpg\",\"datePublished\":\"2024-09-23T14:51:00+00:00\",\"dateModified\":\"2024-09-23T16:56:16+00:00\",\"description\":\"Einweg-Sto\u00dfindikator \\\/ Schock Indikator zur Feststellung, ob zerbrechliche Produkte w\u00e4hrend des Transports oder der Lagerung heruntergefallen sind\",\"breadcrumb\":{\"@id\":\"https:\\\/\\\/sysmatec.ch\\\/de\\\/Produkt\\\/schock-indikatoren-shockwatch-2\\\/#breadcrumb\"},\"inLanguage\":\"de\",\"potentialAction\":[{\"@type\":\"ReadAction\",\"target\":[\"https:\\\/\\\/sysmatec.ch\\\/de\\\/Produkt\\\/schock-indikatoren-shockwatch-2\\\/\"]}]},{\"@type\":\"ImageObject\",\"inLanguage\":\"de\",\"@id\":\"https:\\\/\\\/sysmatec.ch\\\/de\\\/Produkt\\\/schock-indikatoren-shockwatch-2\\\/#primaryimage\",\"url\":\"https:\\\/\\\/sysmatec.ch\\\/wp-content\\\/uploads\\\/2024\\\/09\\\/IndicateurChoc_SchockWatch2.jpg\",\"contentUrl\":\"https:\\\/\\\/sysmatec.ch\\\/wp-content\\\/uploads\\\/2024\\\/09\\\/IndicateurChoc_SchockWatch2.jpg\",\"width\":832,\"height\":436},{\"@type\":\"BreadcrumbList\",\"@id\":\"https:\\\/\\\/sysmatec.ch\\\/de\\\/Produkt\\\/schock-indikatoren-shockwatch-2\\\/#breadcrumb\",\"itemListElement\":[{\"@type\":\"ListItem\",\"position\":1,\"name\":\"Accueil\",\"item\":\"https:\\\/\\\/sysmatec.ch\\\/de\\\/\"},{\"@type\":\"ListItem\",\"position\":2,\"name\":\"Die Aktivit\u00e4t von Sysmatec\",\"item\":\"https:\\\/\\\/sysmatec.ch\\\/de\\\/\"},{\"@type\":\"ListItem\",\"position\":3,\"name\":\"Schock Indikatoren ShockWatch 2\"}]},{\"@type\":\"WebSite\",\"@id\":\"https:\\\/\\\/sysmatec.ch\\\/de\\\/#website\",\"url\":\"https:\\\/\\\/sysmatec.ch\\\/de\\\/\",\"name\":\"Sysmatec\",\"description\":\"Equipement de laboratoire et logiciels\",\"publisher\":{\"@id\":\"https:\\\/\\\/sysmatec.ch\\\/de\\\/#organization\"},\"potentialAction\":[{\"@type\":\"SearchAction\",\"target\":{\"@type\":\"EntryPoint\",\"urlTemplate\":\"https:\\\/\\\/sysmatec.ch\\\/de\\\/?s={search_term_string}\"},\"query-input\":{\"@type\":\"PropertyValueSpecification\",\"valueRequired\":true,\"valueName\":\"search_term_string\"}}],\"inLanguage\":\"de\"},{\"@type\":\"Organization\",\"@id\":\"https:\\\/\\\/sysmatec.ch\\\/de\\\/#organization\",\"name\":\"Sysmatec\",\"url\":\"https:\\\/\\\/sysmatec.ch\\\/de\\\/\",\"logo\":{\"@type\":\"ImageObject\",\"inLanguage\":\"de\",\"@id\":\"https:\\\/\\\/sysmatec.ch\\\/de\\\/#\\\/schema\\\/logo\\\/image\\\/\",\"url\":\"https:\\\/\\\/sysmatec.ch\\\/wp-content\\\/uploads\\\/2018\\\/11\\\/LogoSysmatec.jpg\",\"contentUrl\":\"https:\\\/\\\/sysmatec.ch\\\/wp-content\\\/uploads\\\/2018\\\/11\\\/LogoSysmatec.jpg\",\"width\":301,\"height\":297,\"caption\":\"Sysmatec\"},\"image\":{\"@id\":\"https:\\\/\\\/sysmatec.ch\\\/de\\\/#\\\/schema\\\/logo\\\/image\\\/\"}}]}<\/script>\n<!-- \/ Yoast SEO plugin. -->","yoast_head_json":{"title":"Schock Indikatoren ShockWatch 2 - Sysmatec","description":"Einweg-Sto\u00dfindikator \/ Schock Indikator zur Feststellung, ob zerbrechliche Produkte w\u00e4hrend des Transports oder der Lagerung heruntergefallen sind","robots":{"index":"index","follow":"follow","max-snippet":"max-snippet:-1","max-image-preview":"max-image-preview:large","max-video-preview":"max-video-preview:-1"},"canonical":"https:\/\/sysmatec.ch\/de\/Produkt\/schock-indikatoren-shockwatch-2\/","og_locale":"de_DE","og_type":"article","og_title":"Schock Indikatoren ShockWatch 2 - Sysmatec","og_description":"Einweg-Sto\u00dfindikator \/ Schock Indikator zur Feststellung, ob zerbrechliche Produkte w\u00e4hrend des Transports oder der Lagerung heruntergefallen sind","og_url":"https:\/\/sysmatec.ch\/de\/Produkt\/schock-indikatoren-shockwatch-2\/","og_site_name":"Sysmatec","article_modified_time":"2024-09-23T16:56:16+00:00","og_image":[{"width":832,"height":436,"url":"https:\/\/sysmatec.ch\/wp-content\/uploads\/2024\/09\/IndicateurChoc_SchockWatch2.jpg","type":"image\/jpeg"}],"twitter_card":"summary_large_image","twitter_misc":{"Gesch\u00e4tzte Lesezeit":"3\u00a0Minuten"},"schema":{"@context":"https:\/\/schema.org","@graph":[{"@type":"WebPage","@id":"https:\/\/sysmatec.ch\/de\/Produkt\/schock-indikatoren-shockwatch-2\/","url":"https:\/\/sysmatec.ch\/de\/Produkt\/schock-indikatoren-shockwatch-2\/","name":"Schock Indikatoren ShockWatch 2 - Sysmatec","isPartOf":{"@id":"https:\/\/sysmatec.ch\/de\/#website"},"primaryImageOfPage":{"@id":"https:\/\/sysmatec.ch\/de\/Produkt\/schock-indikatoren-shockwatch-2\/#primaryimage"},"image":{"@id":"https:\/\/sysmatec.ch\/de\/Produkt\/schock-indikatoren-shockwatch-2\/#primaryimage"},"thumbnailUrl":"https:\/\/sysmatec.ch\/wp-content\/uploads\/2024\/09\/IndicateurChoc_SchockWatch2.jpg","datePublished":"2024-09-23T14:51:00+00:00","dateModified":"2024-09-23T16:56:16+00:00","description":"Einweg-Sto\u00dfindikator \/ Schock Indikator zur Feststellung, ob zerbrechliche Produkte w\u00e4hrend des Transports oder der Lagerung heruntergefallen sind","breadcrumb":{"@id":"https:\/\/sysmatec.ch\/de\/Produkt\/schock-indikatoren-shockwatch-2\/#breadcrumb"},"inLanguage":"de","potentialAction":[{"@type":"ReadAction","target":["https:\/\/sysmatec.ch\/de\/Produkt\/schock-indikatoren-shockwatch-2\/"]}]},{"@type":"ImageObject","inLanguage":"de","@id":"https:\/\/sysmatec.ch\/de\/Produkt\/schock-indikatoren-shockwatch-2\/#primaryimage","url":"https:\/\/sysmatec.ch\/wp-content\/uploads\/2024\/09\/IndicateurChoc_SchockWatch2.jpg","contentUrl":"https:\/\/sysmatec.ch\/wp-content\/uploads\/2024\/09\/IndicateurChoc_SchockWatch2.jpg","width":832,"height":436},{"@type":"BreadcrumbList","@id":"https:\/\/sysmatec.ch\/de\/Produkt\/schock-indikatoren-shockwatch-2\/#breadcrumb","itemListElement":[{"@type":"ListItem","position":1,"name":"Accueil","item":"https:\/\/sysmatec.ch\/de\/"},{"@type":"ListItem","position":2,"name":"Die Aktivit\u00e4t von Sysmatec","item":"https:\/\/sysmatec.ch\/de\/"},{"@type":"ListItem","position":3,"name":"Schock Indikatoren ShockWatch 2"}]},{"@type":"WebSite","@id":"https:\/\/sysmatec.ch\/de\/#website","url":"https:\/\/sysmatec.ch\/de\/","name":"Sysmatec","description":"Equipement de laboratoire et logiciels","publisher":{"@id":"https:\/\/sysmatec.ch\/de\/#organization"},"potentialAction":[{"@type":"SearchAction","target":{"@type":"EntryPoint","urlTemplate":"https:\/\/sysmatec.ch\/de\/?s={search_term_string}"},"query-input":{"@type":"PropertyValueSpecification","valueRequired":true,"valueName":"search_term_string"}}],"inLanguage":"de"},{"@type":"Organization","@id":"https:\/\/sysmatec.ch\/de\/#organization","name":"Sysmatec","url":"https:\/\/sysmatec.ch\/de\/","logo":{"@type":"ImageObject","inLanguage":"de","@id":"https:\/\/sysmatec.ch\/de\/#\/schema\/logo\/image\/","url":"https:\/\/sysmatec.ch\/wp-content\/uploads\/2018\/11\/LogoSysmatec.jpg","contentUrl":"https:\/\/sysmatec.ch\/wp-content\/uploads\/2018\/11\/LogoSysmatec.jpg","width":301,"height":297,"caption":"Sysmatec"},"image":{"@id":"https:\/\/sysmatec.ch\/de\/#\/schema\/logo\/image\/"}}]}},"_links":{"self":[{"href":"https:\/\/sysmatec.ch\/de\/wp-json\/wp\/v2\/product\/30027","targetHints":{"allow":["GET"]}}],"collection":[{"href":"https:\/\/sysmatec.ch\/de\/wp-json\/wp\/v2\/product"}],"about":[{"href":"https:\/\/sysmatec.ch\/de\/wp-json\/wp\/v2\/types\/product"}],"wp:featuredmedia":[{"embeddable":true,"href":"https:\/\/sysmatec.ch\/de\/wp-json\/wp\/v2\/media\/30032"}],"wp:attachment":[{"href":"https:\/\/sysmatec.ch\/de\/wp-json\/wp\/v2\/media?parent=30027"}],"wp:term":[{"taxonomy":"product_brand","embeddable":true,"href":"https:\/\/sysmatec.ch\/de\/wp-json\/wp\/v2\/product_brand?post=30027"},{"taxonomy":"product_cat","embeddable":true,"href":"https:\/\/sysmatec.ch\/de\/wp-json\/wp\/v2\/product_cat?post=30027"},{"taxonomy":"product_tag","embeddable":true,"href":"https:\/\/sysmatec.ch\/de\/wp-json\/wp\/v2\/product_tag?post=30027"}],"curies":[{"name":"wp","href":"https:\/\/api.w.org\/{rel}","templated":true}]}}