{"id":30019,"date":"2024-09-21T12:20:21","date_gmt":"2024-09-21T10:20:21","guid":{"rendered":"https:\/\/sysmatec.ch\/?post_type=product&#038;p=30019"},"modified":"2024-09-23T16:49:15","modified_gmt":"2024-09-23T14:49:15","slug":"temperaturindikatoren-warmmark","status":"publish","type":"product","link":"https:\/\/sysmatec.ch\/de\/Produkt\/temperaturindikatoren-warmmark\/","title":{"rendered":"Temperaturindikatoren WarmMark\u00ae"},"content":{"rendered":"<p>Diese Zeit-Temperatur-Indikatoren warnen Benutzer vor unannehmbar hohen Temperaturbedingungen und der Gesamtdauer \u00fcber dem Temperaturgrenzwert. Ohne sie kann ein Versto\u00df gegen die K\u00fchlkette unbemerkt bleiben, was zu einer Beeintr\u00e4chtigung der Produktqualit\u00e4t f\u00fchren kann.<\/p>\n<p>Sie sind ein kosteng\u00fcnstiges Werkzeug zur \u00dcberwachung der Temperatur Ihrer Verpackung. Es handelt sich um Einwegger\u00e4te, die genaue, irreversible Beweise f\u00fcr eine Temperaturabweichung liefern. Mit den Informationen, die Sie aus diesen Indikatoren gewinnen, k\u00f6nnen Sie intelligentere Entscheidungen in Ihrer K\u00fchlkette treffen.<\/p>\n<h2>Vorteile<\/h2>\n<ul>\n<li>Liefert irreversible Beweise f\u00fcr die Einwirkung inakzeptabler Temperaturbedingungen<\/li>\n<li>Bietet eine kosteng\u00fcnstige L\u00f6sung f\u00fcr die \u00dcberwachung der letzten Meile<\/li>\n<li>Erm\u00f6glicht einfache Annahme-\/Ablehnungsentscheidungen<\/li>\n<li>Hilft bei der \u00dcberpr\u00fcfung der Angemessenheit der K\u00fchlkettenverpackung<\/li>\n<li>Unterst\u00fctzt die Einhaltung gesetzlicher Richtlinien<\/li>\n<li>Spart Geld und Platz, da vor Ort aktivierbare Indikatoren keine spezielle Verpackung oder Lagerung erfordern<\/li>\n<li>Verf\u00fcgbar in vorkonfigurierten Konfigurationen f\u00fcr Verpackungsumgebungen mit hohem Volumen<\/li>\n<\/ul>\n<h2>Specifikationen<\/h2>\n<ul>\n<li>Temperaturgenauigkeit \u00b1 1 \u00b0C<\/li>\n<li>Lagerbedingungen F\u00fcr optimale Haltbarkeit unterhalb der Ansprechtemperatur und unter 55 % relativer Luftfeuchtigkeit lagern.<\/li>\n<li>Haltbarkeit 2 Jahre ab Verkaufsdatum<\/li>\n<\/ul>\n<table width=\"350\">\n<tbody>\n<tr>\n<td colspan=\"3\" width=\"270\">Verf\u00fcgbare Temperatur-Auslaufzeiten<\/td>\n<td width=\"80\"><\/td>\n<\/tr>\n<tr>\n<td><\/td>\n<td><\/td>\n<td><\/td>\n<td><\/td>\n<\/tr>\n<tr>\n<td>Temperatur<\/td>\n<td>kurz<\/td>\n<td>m\u00e4\u00dfig<\/td>\n<td>verl\u00e4ngert<\/td>\n<\/tr>\n<tr>\n<td><\/td>\n<td>Stunde<\/td>\n<td>Stunde<\/td>\n<td>Stunde<\/td>\n<\/tr>\n<tr>\n<td>-18 \u00b0C<\/td>\n<td>1<\/td>\n<td>3<\/td>\n<td>12<\/td>\n<\/tr>\n<tr>\n<td>0 \u00b0C<\/td>\n<td>2<\/td>\n<td>12<\/td>\n<td>48<\/td>\n<\/tr>\n<tr>\n<td>5 \u00b0C<\/td>\n<td>0.5<\/td>\n<td>2<\/td>\n<td>8<\/td>\n<\/tr>\n<tr>\n<td>8 \u00b0C<\/td>\n<td>2<\/td>\n<td>12<\/td>\n<td>48<\/td>\n<\/tr>\n<tr>\n<td>10 \u00b0C<\/td>\n<td>2<\/td>\n<td>12<\/td>\n<td>48<\/td>\n<\/tr>\n<tr>\n<td>20 \u00b0C<\/td>\n<td>2<\/td>\n<td>12<\/td>\n<td>48<\/td>\n<\/tr>\n<tr>\n<td>25 \u00b0C<\/td>\n<td>0.5<\/td>\n<td>2<\/td>\n<td>8<\/td>\n<\/tr>\n<tr>\n<td>30 \u00b0C<\/td>\n<td>0.5<\/td>\n<td>2<\/td>\n<td>8<\/td>\n<\/tr>\n<tr>\n<td>37 \u00b0C<\/td>\n<td>0.5<\/td>\n<td>2<\/td>\n<td>8<\/td>\n<\/tr>\n<\/tbody>\n<\/table>\n<p>Die Auslaufzeiten basieren auf einer konstanten Temperatur von 2 \u00b0C \u00fcber dem Indikatorschwellenwert. Bei h\u00f6heren Temperaturen ist die Auslaufzeit k\u00fcrzer<\/p>\n<h2>Gebrauchsanweisung<\/h2>\n<p>1. Alle WarmMark-Sicherheitsfenster sollten vor dem Scharfschalten des Ger\u00e4ts wei\u00df sein.<br \/>\n2. Vor dem Scharfschalten sollte der WarmMark-Indikator mindestens 30 Minuten lang in einer Umgebung platziert werden, die mindestens 5 \u00b0C (9 \u00b0F) unter der Aktivierungsschwellentemperatur des WarmMark liegt.<br \/>\n3. Um den WarmMark-Indikator zu aktivieren, klappen Sie die Aktivierungslasche des Indikators hoch und ziehen Sie sie heraus, bis die Lasche und die Sperrfolie vollst\u00e4ndig entfernt sind.<br \/>\n4. Wenn Sie einen WarmMark-Indikator mit einer Schwellentemperatur unterhalb der Umgebungstemperatur verwenden, platzieren Sie den Indikator sofort in der zu \u00fcberwachenden Umgebung, um eine vorzeitige Aktivierung zu vermeiden.<br \/>\n5. Entfernen Sie die Klebefolie vom WarmMark und kleben Sie den Indikator auf eine saubere, trockene Oberfl\u00e4che.<br \/>\na. Der WarmMark sollte so platziert werden, dass er f\u00fcr den Empf\u00e4nger der \u00fcberwachten Sendung sichtbar ist.<br \/>\nb. Der WarmMark kann direkt auf das zu \u00fcberwachende Produkt geklebt oder in der Verpackung platziert werden.<br \/>\n6. Jegliche Farbver\u00e4nderung in den Durchbruchfenstern nach dem Scharfschalten, einschlie\u00dflich Hellrosa, Rosa oder Rot, ist ein Zeichen f\u00fcr eine Temperaturabweichung, die der Zeit- und Temperaturspezifikation entspricht oder diese \u00fcberschreitet.<\/p>\n","protected":false},"excerpt":{"rendered":"<p>Selbstklebende Etiketten, die bei Erreichen einer bestimmten Temperatur ihre Farbe \u00e4ndern.<\/p>\n","protected":false},"featured_media":30022,"template":"","meta":{"_crdt_document":""},"product_brand":[],"product_cat":[180,173],"product_tag":[],"class_list":{"0":"post-30019","1":"product","2":"type-product","3":"status-publish","4":"has-post-thumbnail","6":"product_cat-messung","7":"product_cat-temperatur","9":"first","10":"instock","11":"taxable","12":"shipping-taxable","13":"product-type-simple"},"yoast_head":"<!-- This site is optimized with the Yoast SEO plugin v27.4 - https:\/\/yoast.com\/product\/yoast-seo-wordpress\/ -->\n<title>Temperaturindikatoren WarmMark\u00ae - Sysmatec<\/title>\n<meta name=\"description\" content=\"Bei diesen Temperaturindikatoren handelt es sich um selbstklebende Etiketten, die bei Erreichen einer bestimmten Temperatur ihre Farbe \u00e4ndern und zur Kontrolle der K\u00fchlkette dienen.\" \/>\n<meta name=\"robots\" content=\"index, follow, max-snippet:-1, max-image-preview:large, max-video-preview:-1\" \/>\n<link rel=\"canonical\" href=\"https:\/\/sysmatec.ch\/de\/Produkt\/temperaturindikatoren-warmmark\/\" \/>\n<meta property=\"og:locale\" content=\"de_DE\" \/>\n<meta property=\"og:type\" content=\"article\" \/>\n<meta property=\"og:title\" content=\"Temperaturindikatoren WarmMark\u00ae - Sysmatec\" \/>\n<meta property=\"og:description\" content=\"Bei diesen Temperaturindikatoren handelt es sich um selbstklebende Etiketten, die bei Erreichen einer bestimmten Temperatur ihre Farbe \u00e4ndern und zur Kontrolle der K\u00fchlkette dienen.\" \/>\n<meta property=\"og:url\" content=\"https:\/\/sysmatec.ch\/de\/Produkt\/temperaturindikatoren-warmmark\/\" \/>\n<meta property=\"og:site_name\" content=\"Sysmatec\" \/>\n<meta property=\"article:modified_time\" content=\"2024-09-23T14:49:15+00:00\" \/>\n<meta property=\"og:image\" content=\"https:\/\/sysmatec.ch\/wp-content\/uploads\/2024\/09\/IndicateurTemperature_WarmMarkSpotSee.jpg\" \/>\n\t<meta property=\"og:image:width\" content=\"543\" \/>\n\t<meta property=\"og:image:height\" content=\"1200\" \/>\n\t<meta property=\"og:image:type\" content=\"image\/jpeg\" \/>\n<meta name=\"twitter:card\" content=\"summary_large_image\" \/>\n<meta name=\"twitter:label1\" content=\"Gesch\u00e4tzte Lesezeit\" \/>\n\t<meta name=\"twitter:data1\" content=\"3\u00a0Minuten\" \/>\n<script type=\"application\/ld+json\" class=\"yoast-schema-graph\">{\"@context\":\"https:\\\/\\\/schema.org\",\"@graph\":[{\"@type\":\"WebPage\",\"@id\":\"https:\\\/\\\/sysmatec.ch\\\/de\\\/Produkt\\\/temperaturindikatoren-warmmark\\\/\",\"url\":\"https:\\\/\\\/sysmatec.ch\\\/de\\\/Produkt\\\/temperaturindikatoren-warmmark\\\/\",\"name\":\"Temperaturindikatoren WarmMark\u00ae - Sysmatec\",\"isPartOf\":{\"@id\":\"https:\\\/\\\/sysmatec.ch\\\/de\\\/#website\"},\"primaryImageOfPage\":{\"@id\":\"https:\\\/\\\/sysmatec.ch\\\/de\\\/Produkt\\\/temperaturindikatoren-warmmark\\\/#primaryimage\"},\"image\":{\"@id\":\"https:\\\/\\\/sysmatec.ch\\\/de\\\/Produkt\\\/temperaturindikatoren-warmmark\\\/#primaryimage\"},\"thumbnailUrl\":\"https:\\\/\\\/sysmatec.ch\\\/wp-content\\\/uploads\\\/2024\\\/09\\\/IndicateurTemperature_WarmMarkSpotSee.jpg\",\"datePublished\":\"2024-09-21T10:20:21+00:00\",\"dateModified\":\"2024-09-23T14:49:15+00:00\",\"description\":\"Bei diesen Temperaturindikatoren handelt es sich um selbstklebende Etiketten, die bei Erreichen einer bestimmten Temperatur ihre Farbe \u00e4ndern und zur Kontrolle der K\u00fchlkette dienen.\",\"breadcrumb\":{\"@id\":\"https:\\\/\\\/sysmatec.ch\\\/de\\\/Produkt\\\/temperaturindikatoren-warmmark\\\/#breadcrumb\"},\"inLanguage\":\"de\",\"potentialAction\":[{\"@type\":\"ReadAction\",\"target\":[\"https:\\\/\\\/sysmatec.ch\\\/de\\\/Produkt\\\/temperaturindikatoren-warmmark\\\/\"]}]},{\"@type\":\"ImageObject\",\"inLanguage\":\"de\",\"@id\":\"https:\\\/\\\/sysmatec.ch\\\/de\\\/Produkt\\\/temperaturindikatoren-warmmark\\\/#primaryimage\",\"url\":\"https:\\\/\\\/sysmatec.ch\\\/wp-content\\\/uploads\\\/2024\\\/09\\\/IndicateurTemperature_WarmMarkSpotSee.jpg\",\"contentUrl\":\"https:\\\/\\\/sysmatec.ch\\\/wp-content\\\/uploads\\\/2024\\\/09\\\/IndicateurTemperature_WarmMarkSpotSee.jpg\",\"width\":543,\"height\":1200},{\"@type\":\"BreadcrumbList\",\"@id\":\"https:\\\/\\\/sysmatec.ch\\\/de\\\/Produkt\\\/temperaturindikatoren-warmmark\\\/#breadcrumb\",\"itemListElement\":[{\"@type\":\"ListItem\",\"position\":1,\"name\":\"Accueil\",\"item\":\"https:\\\/\\\/sysmatec.ch\\\/de\\\/\"},{\"@type\":\"ListItem\",\"position\":2,\"name\":\"Die Aktivit\u00e4t von Sysmatec\",\"item\":\"https:\\\/\\\/sysmatec.ch\\\/de\\\/\"},{\"@type\":\"ListItem\",\"position\":3,\"name\":\"Temperaturindikatoren WarmMark\u00ae\"}]},{\"@type\":\"WebSite\",\"@id\":\"https:\\\/\\\/sysmatec.ch\\\/de\\\/#website\",\"url\":\"https:\\\/\\\/sysmatec.ch\\\/de\\\/\",\"name\":\"Sysmatec\",\"description\":\"Equipement de laboratoire et logiciels\",\"publisher\":{\"@id\":\"https:\\\/\\\/sysmatec.ch\\\/de\\\/#organization\"},\"potentialAction\":[{\"@type\":\"SearchAction\",\"target\":{\"@type\":\"EntryPoint\",\"urlTemplate\":\"https:\\\/\\\/sysmatec.ch\\\/de\\\/?s={search_term_string}\"},\"query-input\":{\"@type\":\"PropertyValueSpecification\",\"valueRequired\":true,\"valueName\":\"search_term_string\"}}],\"inLanguage\":\"de\"},{\"@type\":\"Organization\",\"@id\":\"https:\\\/\\\/sysmatec.ch\\\/de\\\/#organization\",\"name\":\"Sysmatec\",\"url\":\"https:\\\/\\\/sysmatec.ch\\\/de\\\/\",\"logo\":{\"@type\":\"ImageObject\",\"inLanguage\":\"de\",\"@id\":\"https:\\\/\\\/sysmatec.ch\\\/de\\\/#\\\/schema\\\/logo\\\/image\\\/\",\"url\":\"https:\\\/\\\/sysmatec.ch\\\/wp-content\\\/uploads\\\/2018\\\/11\\\/LogoSysmatec.jpg\",\"contentUrl\":\"https:\\\/\\\/sysmatec.ch\\\/wp-content\\\/uploads\\\/2018\\\/11\\\/LogoSysmatec.jpg\",\"width\":301,\"height\":297,\"caption\":\"Sysmatec\"},\"image\":{\"@id\":\"https:\\\/\\\/sysmatec.ch\\\/de\\\/#\\\/schema\\\/logo\\\/image\\\/\"}}]}<\/script>\n<!-- \/ Yoast SEO plugin. -->","yoast_head_json":{"title":"Temperaturindikatoren WarmMark\u00ae - Sysmatec","description":"Bei diesen Temperaturindikatoren handelt es sich um selbstklebende Etiketten, die bei Erreichen einer bestimmten Temperatur ihre Farbe \u00e4ndern und zur Kontrolle der K\u00fchlkette dienen.","robots":{"index":"index","follow":"follow","max-snippet":"max-snippet:-1","max-image-preview":"max-image-preview:large","max-video-preview":"max-video-preview:-1"},"canonical":"https:\/\/sysmatec.ch\/de\/Produkt\/temperaturindikatoren-warmmark\/","og_locale":"de_DE","og_type":"article","og_title":"Temperaturindikatoren WarmMark\u00ae - Sysmatec","og_description":"Bei diesen Temperaturindikatoren handelt es sich um selbstklebende Etiketten, die bei Erreichen einer bestimmten Temperatur ihre Farbe \u00e4ndern und zur Kontrolle der K\u00fchlkette dienen.","og_url":"https:\/\/sysmatec.ch\/de\/Produkt\/temperaturindikatoren-warmmark\/","og_site_name":"Sysmatec","article_modified_time":"2024-09-23T14:49:15+00:00","og_image":[{"width":543,"height":1200,"url":"https:\/\/sysmatec.ch\/wp-content\/uploads\/2024\/09\/IndicateurTemperature_WarmMarkSpotSee.jpg","type":"image\/jpeg"}],"twitter_card":"summary_large_image","twitter_misc":{"Gesch\u00e4tzte Lesezeit":"3\u00a0Minuten"},"schema":{"@context":"https:\/\/schema.org","@graph":[{"@type":"WebPage","@id":"https:\/\/sysmatec.ch\/de\/Produkt\/temperaturindikatoren-warmmark\/","url":"https:\/\/sysmatec.ch\/de\/Produkt\/temperaturindikatoren-warmmark\/","name":"Temperaturindikatoren WarmMark\u00ae - Sysmatec","isPartOf":{"@id":"https:\/\/sysmatec.ch\/de\/#website"},"primaryImageOfPage":{"@id":"https:\/\/sysmatec.ch\/de\/Produkt\/temperaturindikatoren-warmmark\/#primaryimage"},"image":{"@id":"https:\/\/sysmatec.ch\/de\/Produkt\/temperaturindikatoren-warmmark\/#primaryimage"},"thumbnailUrl":"https:\/\/sysmatec.ch\/wp-content\/uploads\/2024\/09\/IndicateurTemperature_WarmMarkSpotSee.jpg","datePublished":"2024-09-21T10:20:21+00:00","dateModified":"2024-09-23T14:49:15+00:00","description":"Bei diesen Temperaturindikatoren handelt es sich um selbstklebende Etiketten, die bei Erreichen einer bestimmten Temperatur ihre Farbe \u00e4ndern und zur Kontrolle der K\u00fchlkette dienen.","breadcrumb":{"@id":"https:\/\/sysmatec.ch\/de\/Produkt\/temperaturindikatoren-warmmark\/#breadcrumb"},"inLanguage":"de","potentialAction":[{"@type":"ReadAction","target":["https:\/\/sysmatec.ch\/de\/Produkt\/temperaturindikatoren-warmmark\/"]}]},{"@type":"ImageObject","inLanguage":"de","@id":"https:\/\/sysmatec.ch\/de\/Produkt\/temperaturindikatoren-warmmark\/#primaryimage","url":"https:\/\/sysmatec.ch\/wp-content\/uploads\/2024\/09\/IndicateurTemperature_WarmMarkSpotSee.jpg","contentUrl":"https:\/\/sysmatec.ch\/wp-content\/uploads\/2024\/09\/IndicateurTemperature_WarmMarkSpotSee.jpg","width":543,"height":1200},{"@type":"BreadcrumbList","@id":"https:\/\/sysmatec.ch\/de\/Produkt\/temperaturindikatoren-warmmark\/#breadcrumb","itemListElement":[{"@type":"ListItem","position":1,"name":"Accueil","item":"https:\/\/sysmatec.ch\/de\/"},{"@type":"ListItem","position":2,"name":"Die Aktivit\u00e4t von Sysmatec","item":"https:\/\/sysmatec.ch\/de\/"},{"@type":"ListItem","position":3,"name":"Temperaturindikatoren WarmMark\u00ae"}]},{"@type":"WebSite","@id":"https:\/\/sysmatec.ch\/de\/#website","url":"https:\/\/sysmatec.ch\/de\/","name":"Sysmatec","description":"Equipement de laboratoire et logiciels","publisher":{"@id":"https:\/\/sysmatec.ch\/de\/#organization"},"potentialAction":[{"@type":"SearchAction","target":{"@type":"EntryPoint","urlTemplate":"https:\/\/sysmatec.ch\/de\/?s={search_term_string}"},"query-input":{"@type":"PropertyValueSpecification","valueRequired":true,"valueName":"search_term_string"}}],"inLanguage":"de"},{"@type":"Organization","@id":"https:\/\/sysmatec.ch\/de\/#organization","name":"Sysmatec","url":"https:\/\/sysmatec.ch\/de\/","logo":{"@type":"ImageObject","inLanguage":"de","@id":"https:\/\/sysmatec.ch\/de\/#\/schema\/logo\/image\/","url":"https:\/\/sysmatec.ch\/wp-content\/uploads\/2018\/11\/LogoSysmatec.jpg","contentUrl":"https:\/\/sysmatec.ch\/wp-content\/uploads\/2018\/11\/LogoSysmatec.jpg","width":301,"height":297,"caption":"Sysmatec"},"image":{"@id":"https:\/\/sysmatec.ch\/de\/#\/schema\/logo\/image\/"}}]}},"_links":{"self":[{"href":"https:\/\/sysmatec.ch\/de\/wp-json\/wp\/v2\/product\/30019","targetHints":{"allow":["GET"]}}],"collection":[{"href":"https:\/\/sysmatec.ch\/de\/wp-json\/wp\/v2\/product"}],"about":[{"href":"https:\/\/sysmatec.ch\/de\/wp-json\/wp\/v2\/types\/product"}],"wp:featuredmedia":[{"embeddable":true,"href":"https:\/\/sysmatec.ch\/de\/wp-json\/wp\/v2\/media\/30022"}],"wp:attachment":[{"href":"https:\/\/sysmatec.ch\/de\/wp-json\/wp\/v2\/media?parent=30019"}],"wp:term":[{"taxonomy":"product_brand","embeddable":true,"href":"https:\/\/sysmatec.ch\/de\/wp-json\/wp\/v2\/product_brand?post=30019"},{"taxonomy":"product_cat","embeddable":true,"href":"https:\/\/sysmatec.ch\/de\/wp-json\/wp\/v2\/product_cat?post=30019"},{"taxonomy":"product_tag","embeddable":true,"href":"https:\/\/sysmatec.ch\/de\/wp-json\/wp\/v2\/product_tag?post=30019"}],"curies":[{"name":"wp","href":"https:\/\/api.w.org\/{rel}","templated":true}]}}