{"id":30015,"date":"2024-09-21T11:59:02","date_gmt":"2024-09-21T09:59:02","guid":{"rendered":"https:\/\/sysmatec.ch\/?post_type=product&#038;p=30015"},"modified":"2025-02-15T15:28:02","modified_gmt":"2025-02-15T14:28:02","slug":"anaerobes-gefaess-laj-a10","status":"publish","type":"product","link":"https:\/\/sysmatec.ch\/de\/Produkt\/anaerobes-gefaess-laj-a10\/","title":{"rendered":"Anaerobes Gef\u00e4\u00df LAJ-A10"},"content":{"rendered":"<p>Das anaerobe Gef\u00e4\u00df hat ein Fassungsverm\u00f6gen von 1.5 l und ist aus transparentem PMMA gefertigt. Ein hochwertiger O-Ring sorgt f\u00fcr eine dichte Abdichtung zwischen Gef\u00e4\u00df und Deckel. Die Schnellverschlusskupplung erm\u00f6glicht eine schnelle Verbindung mit dem System mit einer einzigen sanften Bewegung. Die Anzahl der ben\u00f6tigten Gaspackungen kann je nach Marke und Packungsgr\u00f6\u00dfe variieren und ist erforderlich, um anaerobe Bedingungen im Gef\u00e4\u00df zu schaffen.<\/p>\n<h2>Merkmale<\/h2>\n<ul>\n<li>1.5 L Volum<\/li>\n<li>Tragbares, leichtes Design<\/li>\n<li>Transparentes Gef\u00e4\u00df und Deckel<\/li>\n<li>Starke Gef\u00e4\u00dfdeckel-Klemmenkonstruktion<\/li>\n<li>Hochwertige luftdichte Leistung<\/li>\n<li>Farblose, langlebige Edelstahlklemme<\/li>\n<li>Verwendung von Alkohol zum Reinigen des Gef\u00e4\u00dfes<\/li>\n<li>Inhalt: 1 Stapel mit 06 Schalen (90 bis 100 mm Durchmesser)<\/li>\n<li>Referenz Petrischalenhalter: 15 R<\/li>\n<li>Anzahl der Gaspackungen: 1<\/li>\n<li>Zeit bis zum Erreichen des anaeroben Zustands: 2 bis 4 Stunden<\/li>\n<li>Material: PMMA<\/li>\n<li>Klemme: Farbiger Edelstahl<\/li>\n<li>Schnellverschlusskupplung<\/li>\n<\/ul>\n","protected":false},"excerpt":{"rendered":"<p>Gl\u00e4ser f\u00fcr anaerobe und mikroaerophile Kultur. Zur Verwendung mit Gaspacks. F\u00fcr Petrischalen und Kulturr\u00f6hrchen.<\/p>\n","protected":false},"featured_media":30431,"template":"","meta":{"_crdt_document":""},"product_brand":[],"product_cat":[131],"product_tag":[],"class_list":{"0":"post-30015","1":"product","2":"type-product","3":"status-publish","4":"has-post-thumbnail","6":"product_cat-anaerobe","8":"first","9":"instock","10":"taxable","11":"shipping-taxable","12":"product-type-simple"},"yoast_head":"<!-- This site is optimized with the Yoast SEO plugin v27.4 - https:\/\/yoast.com\/product\/yoast-seo-wordpress\/ -->\n<title>Anaerobes Gef\u00e4\u00df LAJ-A10 - Sysmatec<\/title>\n<meta name=\"description\" content=\"Anaerobes Gef\u00e4\u00df zur Kultivierung anaerober oder mikroaerophiler Mikroorganismen. Verwendet chemische Reagenzien.\" \/>\n<meta name=\"robots\" content=\"index, follow, max-snippet:-1, max-image-preview:large, max-video-preview:-1\" \/>\n<link rel=\"canonical\" href=\"https:\/\/sysmatec.ch\/de\/Produkt\/anaerobes-gefaess-laj-a10\/\" \/>\n<meta property=\"og:locale\" content=\"de_DE\" \/>\n<meta property=\"og:type\" content=\"article\" \/>\n<meta property=\"og:title\" content=\"Anaerobes Gef\u00e4\u00df LAJ-A10 - Sysmatec\" \/>\n<meta property=\"og:description\" content=\"Anaerobes Gef\u00e4\u00df zur Kultivierung anaerober oder mikroaerophiler Mikroorganismen. Verwendet chemische Reagenzien.\" \/>\n<meta property=\"og:url\" content=\"https:\/\/sysmatec.ch\/de\/Produkt\/anaerobes-gefaess-laj-a10\/\" \/>\n<meta property=\"og:site_name\" content=\"Sysmatec\" \/>\n<meta property=\"article:modified_time\" content=\"2025-02-15T14:28:02+00:00\" \/>\n<meta property=\"og:image\" content=\"https:\/\/sysmatec.ch\/wp-content\/uploads\/2024\/09\/JarreAnaerobie_LAJA10Labtron.jpg\" \/>\n\t<meta property=\"og:image:width\" content=\"491\" \/>\n\t<meta property=\"og:image:height\" content=\"506\" \/>\n\t<meta property=\"og:image:type\" content=\"image\/jpeg\" \/>\n<meta name=\"twitter:card\" content=\"summary_large_image\" \/>\n<meta name=\"twitter:label1\" content=\"Gesch\u00e4tzte Lesezeit\" \/>\n\t<meta name=\"twitter:data1\" content=\"1\u00a0Minute\" \/>\n<script type=\"application\/ld+json\" class=\"yoast-schema-graph\">{\"@context\":\"https:\\\/\\\/schema.org\",\"@graph\":[{\"@type\":\"WebPage\",\"@id\":\"https:\\\/\\\/sysmatec.ch\\\/de\\\/Produkt\\\/anaerobes-gefaess-laj-a10\\\/\",\"url\":\"https:\\\/\\\/sysmatec.ch\\\/de\\\/Produkt\\\/anaerobes-gefaess-laj-a10\\\/\",\"name\":\"Anaerobes Gef\u00e4\u00df LAJ-A10 - Sysmatec\",\"isPartOf\":{\"@id\":\"https:\\\/\\\/sysmatec.ch\\\/de\\\/#website\"},\"primaryImageOfPage\":{\"@id\":\"https:\\\/\\\/sysmatec.ch\\\/de\\\/Produkt\\\/anaerobes-gefaess-laj-a10\\\/#primaryimage\"},\"image\":{\"@id\":\"https:\\\/\\\/sysmatec.ch\\\/de\\\/Produkt\\\/anaerobes-gefaess-laj-a10\\\/#primaryimage\"},\"thumbnailUrl\":\"https:\\\/\\\/sysmatec.ch\\\/wp-content\\\/uploads\\\/2024\\\/09\\\/JarreAnaerobie_LAJA10Labtron.jpg\",\"datePublished\":\"2024-09-21T09:59:02+00:00\",\"dateModified\":\"2025-02-15T14:28:02+00:00\",\"description\":\"Anaerobes Gef\u00e4\u00df zur Kultivierung anaerober oder mikroaerophiler Mikroorganismen. Verwendet chemische Reagenzien.\",\"breadcrumb\":{\"@id\":\"https:\\\/\\\/sysmatec.ch\\\/de\\\/Produkt\\\/anaerobes-gefaess-laj-a10\\\/#breadcrumb\"},\"inLanguage\":\"de\",\"potentialAction\":[{\"@type\":\"ReadAction\",\"target\":[\"https:\\\/\\\/sysmatec.ch\\\/de\\\/Produkt\\\/anaerobes-gefaess-laj-a10\\\/\"]}]},{\"@type\":\"ImageObject\",\"inLanguage\":\"de\",\"@id\":\"https:\\\/\\\/sysmatec.ch\\\/de\\\/Produkt\\\/anaerobes-gefaess-laj-a10\\\/#primaryimage\",\"url\":\"https:\\\/\\\/sysmatec.ch\\\/wp-content\\\/uploads\\\/2024\\\/09\\\/JarreAnaerobie_LAJA10Labtron.jpg\",\"contentUrl\":\"https:\\\/\\\/sysmatec.ch\\\/wp-content\\\/uploads\\\/2024\\\/09\\\/JarreAnaerobie_LAJA10Labtron.jpg\",\"width\":491,\"height\":506},{\"@type\":\"BreadcrumbList\",\"@id\":\"https:\\\/\\\/sysmatec.ch\\\/de\\\/Produkt\\\/anaerobes-gefaess-laj-a10\\\/#breadcrumb\",\"itemListElement\":[{\"@type\":\"ListItem\",\"position\":1,\"name\":\"Accueil\",\"item\":\"https:\\\/\\\/sysmatec.ch\\\/de\\\/\"},{\"@type\":\"ListItem\",\"position\":2,\"name\":\"Die Aktivit\u00e4t von Sysmatec\",\"item\":\"https:\\\/\\\/sysmatec.ch\\\/de\\\/\"},{\"@type\":\"ListItem\",\"position\":3,\"name\":\"Anaerobes Gef\u00e4\u00df LAJ-A10\"}]},{\"@type\":\"WebSite\",\"@id\":\"https:\\\/\\\/sysmatec.ch\\\/de\\\/#website\",\"url\":\"https:\\\/\\\/sysmatec.ch\\\/de\\\/\",\"name\":\"Sysmatec\",\"description\":\"Equipement de laboratoire et logiciels\",\"publisher\":{\"@id\":\"https:\\\/\\\/sysmatec.ch\\\/de\\\/#organization\"},\"potentialAction\":[{\"@type\":\"SearchAction\",\"target\":{\"@type\":\"EntryPoint\",\"urlTemplate\":\"https:\\\/\\\/sysmatec.ch\\\/de\\\/?s={search_term_string}\"},\"query-input\":{\"@type\":\"PropertyValueSpecification\",\"valueRequired\":true,\"valueName\":\"search_term_string\"}}],\"inLanguage\":\"de\"},{\"@type\":\"Organization\",\"@id\":\"https:\\\/\\\/sysmatec.ch\\\/de\\\/#organization\",\"name\":\"Sysmatec\",\"url\":\"https:\\\/\\\/sysmatec.ch\\\/de\\\/\",\"logo\":{\"@type\":\"ImageObject\",\"inLanguage\":\"de\",\"@id\":\"https:\\\/\\\/sysmatec.ch\\\/de\\\/#\\\/schema\\\/logo\\\/image\\\/\",\"url\":\"https:\\\/\\\/sysmatec.ch\\\/wp-content\\\/uploads\\\/2018\\\/11\\\/LogoSysmatec.jpg\",\"contentUrl\":\"https:\\\/\\\/sysmatec.ch\\\/wp-content\\\/uploads\\\/2018\\\/11\\\/LogoSysmatec.jpg\",\"width\":301,\"height\":297,\"caption\":\"Sysmatec\"},\"image\":{\"@id\":\"https:\\\/\\\/sysmatec.ch\\\/de\\\/#\\\/schema\\\/logo\\\/image\\\/\"}}]}<\/script>\n<!-- \/ Yoast SEO plugin. -->","yoast_head_json":{"title":"Anaerobes Gef\u00e4\u00df LAJ-A10 - Sysmatec","description":"Anaerobes Gef\u00e4\u00df zur Kultivierung anaerober oder mikroaerophiler Mikroorganismen. Verwendet chemische Reagenzien.","robots":{"index":"index","follow":"follow","max-snippet":"max-snippet:-1","max-image-preview":"max-image-preview:large","max-video-preview":"max-video-preview:-1"},"canonical":"https:\/\/sysmatec.ch\/de\/Produkt\/anaerobes-gefaess-laj-a10\/","og_locale":"de_DE","og_type":"article","og_title":"Anaerobes Gef\u00e4\u00df LAJ-A10 - Sysmatec","og_description":"Anaerobes Gef\u00e4\u00df zur Kultivierung anaerober oder mikroaerophiler Mikroorganismen. Verwendet chemische Reagenzien.","og_url":"https:\/\/sysmatec.ch\/de\/Produkt\/anaerobes-gefaess-laj-a10\/","og_site_name":"Sysmatec","article_modified_time":"2025-02-15T14:28:02+00:00","og_image":[{"width":491,"height":506,"url":"https:\/\/sysmatec.ch\/wp-content\/uploads\/2024\/09\/JarreAnaerobie_LAJA10Labtron.jpg","type":"image\/jpeg"}],"twitter_card":"summary_large_image","twitter_misc":{"Gesch\u00e4tzte Lesezeit":"1\u00a0Minute"},"schema":{"@context":"https:\/\/schema.org","@graph":[{"@type":"WebPage","@id":"https:\/\/sysmatec.ch\/de\/Produkt\/anaerobes-gefaess-laj-a10\/","url":"https:\/\/sysmatec.ch\/de\/Produkt\/anaerobes-gefaess-laj-a10\/","name":"Anaerobes Gef\u00e4\u00df LAJ-A10 - Sysmatec","isPartOf":{"@id":"https:\/\/sysmatec.ch\/de\/#website"},"primaryImageOfPage":{"@id":"https:\/\/sysmatec.ch\/de\/Produkt\/anaerobes-gefaess-laj-a10\/#primaryimage"},"image":{"@id":"https:\/\/sysmatec.ch\/de\/Produkt\/anaerobes-gefaess-laj-a10\/#primaryimage"},"thumbnailUrl":"https:\/\/sysmatec.ch\/wp-content\/uploads\/2024\/09\/JarreAnaerobie_LAJA10Labtron.jpg","datePublished":"2024-09-21T09:59:02+00:00","dateModified":"2025-02-15T14:28:02+00:00","description":"Anaerobes Gef\u00e4\u00df zur Kultivierung anaerober oder mikroaerophiler Mikroorganismen. Verwendet chemische Reagenzien.","breadcrumb":{"@id":"https:\/\/sysmatec.ch\/de\/Produkt\/anaerobes-gefaess-laj-a10\/#breadcrumb"},"inLanguage":"de","potentialAction":[{"@type":"ReadAction","target":["https:\/\/sysmatec.ch\/de\/Produkt\/anaerobes-gefaess-laj-a10\/"]}]},{"@type":"ImageObject","inLanguage":"de","@id":"https:\/\/sysmatec.ch\/de\/Produkt\/anaerobes-gefaess-laj-a10\/#primaryimage","url":"https:\/\/sysmatec.ch\/wp-content\/uploads\/2024\/09\/JarreAnaerobie_LAJA10Labtron.jpg","contentUrl":"https:\/\/sysmatec.ch\/wp-content\/uploads\/2024\/09\/JarreAnaerobie_LAJA10Labtron.jpg","width":491,"height":506},{"@type":"BreadcrumbList","@id":"https:\/\/sysmatec.ch\/de\/Produkt\/anaerobes-gefaess-laj-a10\/#breadcrumb","itemListElement":[{"@type":"ListItem","position":1,"name":"Accueil","item":"https:\/\/sysmatec.ch\/de\/"},{"@type":"ListItem","position":2,"name":"Die Aktivit\u00e4t von Sysmatec","item":"https:\/\/sysmatec.ch\/de\/"},{"@type":"ListItem","position":3,"name":"Anaerobes Gef\u00e4\u00df LAJ-A10"}]},{"@type":"WebSite","@id":"https:\/\/sysmatec.ch\/de\/#website","url":"https:\/\/sysmatec.ch\/de\/","name":"Sysmatec","description":"Equipement de laboratoire et logiciels","publisher":{"@id":"https:\/\/sysmatec.ch\/de\/#organization"},"potentialAction":[{"@type":"SearchAction","target":{"@type":"EntryPoint","urlTemplate":"https:\/\/sysmatec.ch\/de\/?s={search_term_string}"},"query-input":{"@type":"PropertyValueSpecification","valueRequired":true,"valueName":"search_term_string"}}],"inLanguage":"de"},{"@type":"Organization","@id":"https:\/\/sysmatec.ch\/de\/#organization","name":"Sysmatec","url":"https:\/\/sysmatec.ch\/de\/","logo":{"@type":"ImageObject","inLanguage":"de","@id":"https:\/\/sysmatec.ch\/de\/#\/schema\/logo\/image\/","url":"https:\/\/sysmatec.ch\/wp-content\/uploads\/2018\/11\/LogoSysmatec.jpg","contentUrl":"https:\/\/sysmatec.ch\/wp-content\/uploads\/2018\/11\/LogoSysmatec.jpg","width":301,"height":297,"caption":"Sysmatec"},"image":{"@id":"https:\/\/sysmatec.ch\/de\/#\/schema\/logo\/image\/"}}]}},"_links":{"self":[{"href":"https:\/\/sysmatec.ch\/de\/wp-json\/wp\/v2\/product\/30015","targetHints":{"allow":["GET"]}}],"collection":[{"href":"https:\/\/sysmatec.ch\/de\/wp-json\/wp\/v2\/product"}],"about":[{"href":"https:\/\/sysmatec.ch\/de\/wp-json\/wp\/v2\/types\/product"}],"wp:featuredmedia":[{"embeddable":true,"href":"https:\/\/sysmatec.ch\/de\/wp-json\/wp\/v2\/media\/30431"}],"wp:attachment":[{"href":"https:\/\/sysmatec.ch\/de\/wp-json\/wp\/v2\/media?parent=30015"}],"wp:term":[{"taxonomy":"product_brand","embeddable":true,"href":"https:\/\/sysmatec.ch\/de\/wp-json\/wp\/v2\/product_brand?post=30015"},{"taxonomy":"product_cat","embeddable":true,"href":"https:\/\/sysmatec.ch\/de\/wp-json\/wp\/v2\/product_cat?post=30015"},{"taxonomy":"product_tag","embeddable":true,"href":"https:\/\/sysmatec.ch\/de\/wp-json\/wp\/v2\/product_tag?post=30015"}],"curies":[{"name":"wp","href":"https:\/\/api.w.org\/{rel}","templated":true}]}}