{"id":30001,"date":"2024-09-08T18:33:31","date_gmt":"2024-09-08T16:33:31","guid":{"rendered":"https:\/\/sysmatec.ch\/?post_type=product&#038;p=30001"},"modified":"2024-09-08T18:46:40","modified_gmt":"2024-09-08T16:46:40","slug":"feuchteregler-hst","status":"publish","type":"product","link":"https:\/\/sysmatec.ch\/de\/Produkt\/feuchteregler-hst\/","title":{"rendered":"Feuchteregler HST"},"content":{"rendered":"<p>Ein Hygrostat ist ein Ger\u00e4t zur Messung und Regelung der Luftfeuchtigkeit.<\/p>\n<p>Dieses Ger\u00e4t zeigt abwechselnd Temperatur und Luftfeuchtigkeit an und verf\u00fcgt \u00fcber ein programmierbares Relais f\u00fcr zwei Schwellenwerte f\u00fcr die relative Luftfeuchtigkeit.<\/p>\n<h2>Merkmale<\/h2>\n<div class=\"property-table__column\">\n<div class=\"product__benefit\">\n<div class=\"product__benefit\">\n<div class=\"product__benefit\">\n<ul>\n<li>Messbereiche: 5 bis 95 % rF<\/li>\n<li>10-stelliges LCD-Display<\/li>\n<li>Ein 3A\/230-VAC-Umschaltrelais<\/li>\n<li>Rote LED auf der Vorderseite<\/li>\n<li>Konfiguration per Software oder per DIP-Schalter<\/li>\n<li>1-zeiliges Display<\/li>\n<li>IP-Schutz: IP 65<\/li>\n<li>Standards: UKCA, 2011\/65\/EU RoHS II, 2012\/19\/EU WEEE, 2014\/30 EU EMC, 2014\/35\/EU Niederspannung<\/li>\n<li>Stromversorgung: 24 Vac\/Vdc \u00b110 %<\/li>\n<li>Betriebstemperatur: 0\u201350 \u00b0C oder -20 bis +80 \u00b0C, je nach Modell<\/li>\n<li>Abmessungen: 90 mm (B) x 46 mm (T) x 109 mm (H)<\/li>\n<li>Gewicht: 146g<\/li>\n<\/ul>\n<\/div>\n<\/div>\n<\/div>\n<\/div>\n","protected":false},"excerpt":{"rendered":"<p>Feuchtigkeitsregler<\/p>\n","protected":false},"featured_media":30005,"template":"","meta":{"_crdt_document":""},"product_brand":[],"product_cat":[175,180],"product_tag":[],"class_list":{"0":"post-30001","1":"product","2":"type-product","3":"status-publish","4":"has-post-thumbnail","6":"product_cat-feuchte","7":"product_cat-messung","9":"first","10":"instock","11":"taxable","12":"shipping-taxable","13":"product-type-simple"},"yoast_head":"<!-- This site is optimized with the Yoast SEO plugin v27.3 - https:\/\/yoast.com\/product\/yoast-seo-wordpress\/ -->\n<title>Feuchteregler HST - Sysmatec<\/title>\n<meta name=\"description\" content=\"Feuchtigkeitsregler f\u00fcr den Bereich 5 bis 95 % rF. Es verf\u00fcgt \u00fcber einen programmierbaren Relaisausgang f\u00fcr zwei relative Luftfeuchtigkeitsschwellen.\" \/>\n<meta name=\"robots\" content=\"index, follow, max-snippet:-1, max-image-preview:large, max-video-preview:-1\" \/>\n<link rel=\"canonical\" href=\"https:\/\/sysmatec.ch\/de\/Produkt\/feuchteregler-hst\/\" \/>\n<meta property=\"og:locale\" content=\"de_DE\" \/>\n<meta property=\"og:type\" content=\"article\" \/>\n<meta property=\"og:title\" content=\"Feuchteregler HST - Sysmatec\" \/>\n<meta property=\"og:description\" content=\"Feuchtigkeitsregler f\u00fcr den Bereich 5 bis 95 % rF. Es verf\u00fcgt \u00fcber einen programmierbaren Relaisausgang f\u00fcr zwei relative Luftfeuchtigkeitsschwellen.\" \/>\n<meta property=\"og:url\" content=\"https:\/\/sysmatec.ch\/de\/Produkt\/feuchteregler-hst\/\" \/>\n<meta property=\"og:site_name\" content=\"Sysmatec\" \/>\n<meta property=\"article:modified_time\" content=\"2024-09-08T16:46:40+00:00\" \/>\n<meta property=\"og:image\" content=\"https:\/\/sysmatec.ch\/wp-content\/uploads\/2024\/09\/RegulateurHumidite_KimoHST.jpg\" \/>\n\t<meta property=\"og:image:width\" content=\"628\" \/>\n\t<meta property=\"og:image:height\" content=\"664\" \/>\n\t<meta property=\"og:image:type\" content=\"image\/jpeg\" \/>\n<meta name=\"twitter:card\" content=\"summary_large_image\" \/>\n<meta name=\"twitter:label1\" content=\"Gesch\u00e4tzte Lesezeit\" \/>\n\t<meta name=\"twitter:data1\" content=\"1\u00a0Minute\" \/>\n<script type=\"application\/ld+json\" class=\"yoast-schema-graph\">{\"@context\":\"https:\\\/\\\/schema.org\",\"@graph\":[{\"@type\":\"WebPage\",\"@id\":\"https:\\\/\\\/sysmatec.ch\\\/de\\\/Produkt\\\/feuchteregler-hst\\\/\",\"url\":\"https:\\\/\\\/sysmatec.ch\\\/de\\\/Produkt\\\/feuchteregler-hst\\\/\",\"name\":\"Feuchteregler HST - Sysmatec\",\"isPartOf\":{\"@id\":\"https:\\\/\\\/sysmatec.ch\\\/de\\\/#website\"},\"primaryImageOfPage\":{\"@id\":\"https:\\\/\\\/sysmatec.ch\\\/de\\\/Produkt\\\/feuchteregler-hst\\\/#primaryimage\"},\"image\":{\"@id\":\"https:\\\/\\\/sysmatec.ch\\\/de\\\/Produkt\\\/feuchteregler-hst\\\/#primaryimage\"},\"thumbnailUrl\":\"https:\\\/\\\/sysmatec.ch\\\/wp-content\\\/uploads\\\/2024\\\/09\\\/RegulateurHumidite_KimoHST.jpg\",\"datePublished\":\"2024-09-08T16:33:31+00:00\",\"dateModified\":\"2024-09-08T16:46:40+00:00\",\"description\":\"Feuchtigkeitsregler f\u00fcr den Bereich 5 bis 95 % rF. Es verf\u00fcgt \u00fcber einen programmierbaren Relaisausgang f\u00fcr zwei relative Luftfeuchtigkeitsschwellen.\",\"breadcrumb\":{\"@id\":\"https:\\\/\\\/sysmatec.ch\\\/de\\\/Produkt\\\/feuchteregler-hst\\\/#breadcrumb\"},\"inLanguage\":\"de\",\"potentialAction\":[{\"@type\":\"ReadAction\",\"target\":[\"https:\\\/\\\/sysmatec.ch\\\/de\\\/Produkt\\\/feuchteregler-hst\\\/\"]}]},{\"@type\":\"ImageObject\",\"inLanguage\":\"de\",\"@id\":\"https:\\\/\\\/sysmatec.ch\\\/de\\\/Produkt\\\/feuchteregler-hst\\\/#primaryimage\",\"url\":\"https:\\\/\\\/sysmatec.ch\\\/wp-content\\\/uploads\\\/2024\\\/09\\\/RegulateurHumidite_KimoHST.jpg\",\"contentUrl\":\"https:\\\/\\\/sysmatec.ch\\\/wp-content\\\/uploads\\\/2024\\\/09\\\/RegulateurHumidite_KimoHST.jpg\",\"width\":628,\"height\":664},{\"@type\":\"BreadcrumbList\",\"@id\":\"https:\\\/\\\/sysmatec.ch\\\/de\\\/Produkt\\\/feuchteregler-hst\\\/#breadcrumb\",\"itemListElement\":[{\"@type\":\"ListItem\",\"position\":1,\"name\":\"Accueil\",\"item\":\"https:\\\/\\\/sysmatec.ch\\\/de\\\/\"},{\"@type\":\"ListItem\",\"position\":2,\"name\":\"Die Aktivit\u00e4t von Sysmatec\",\"item\":\"https:\\\/\\\/sysmatec.ch\\\/de\\\/\"},{\"@type\":\"ListItem\",\"position\":3,\"name\":\"Feuchteregler HST\"}]},{\"@type\":\"WebSite\",\"@id\":\"https:\\\/\\\/sysmatec.ch\\\/de\\\/#website\",\"url\":\"https:\\\/\\\/sysmatec.ch\\\/de\\\/\",\"name\":\"Sysmatec\",\"description\":\"Equipement de laboratoire et logiciels\",\"publisher\":{\"@id\":\"https:\\\/\\\/sysmatec.ch\\\/de\\\/#organization\"},\"potentialAction\":[{\"@type\":\"SearchAction\",\"target\":{\"@type\":\"EntryPoint\",\"urlTemplate\":\"https:\\\/\\\/sysmatec.ch\\\/de\\\/?s={search_term_string}\"},\"query-input\":{\"@type\":\"PropertyValueSpecification\",\"valueRequired\":true,\"valueName\":\"search_term_string\"}}],\"inLanguage\":\"de\"},{\"@type\":\"Organization\",\"@id\":\"https:\\\/\\\/sysmatec.ch\\\/de\\\/#organization\",\"name\":\"Sysmatec\",\"url\":\"https:\\\/\\\/sysmatec.ch\\\/de\\\/\",\"logo\":{\"@type\":\"ImageObject\",\"inLanguage\":\"de\",\"@id\":\"https:\\\/\\\/sysmatec.ch\\\/de\\\/#\\\/schema\\\/logo\\\/image\\\/\",\"url\":\"https:\\\/\\\/sysmatec.ch\\\/wp-content\\\/uploads\\\/2018\\\/11\\\/LogoSysmatec.jpg\",\"contentUrl\":\"https:\\\/\\\/sysmatec.ch\\\/wp-content\\\/uploads\\\/2018\\\/11\\\/LogoSysmatec.jpg\",\"width\":301,\"height\":297,\"caption\":\"Sysmatec\"},\"image\":{\"@id\":\"https:\\\/\\\/sysmatec.ch\\\/de\\\/#\\\/schema\\\/logo\\\/image\\\/\"}}]}<\/script>\n<!-- \/ Yoast SEO plugin. -->","yoast_head_json":{"title":"Feuchteregler HST - Sysmatec","description":"Feuchtigkeitsregler f\u00fcr den Bereich 5 bis 95 % rF. Es verf\u00fcgt \u00fcber einen programmierbaren Relaisausgang f\u00fcr zwei relative Luftfeuchtigkeitsschwellen.","robots":{"index":"index","follow":"follow","max-snippet":"max-snippet:-1","max-image-preview":"max-image-preview:large","max-video-preview":"max-video-preview:-1"},"canonical":"https:\/\/sysmatec.ch\/de\/Produkt\/feuchteregler-hst\/","og_locale":"de_DE","og_type":"article","og_title":"Feuchteregler HST - Sysmatec","og_description":"Feuchtigkeitsregler f\u00fcr den Bereich 5 bis 95 % rF. Es verf\u00fcgt \u00fcber einen programmierbaren Relaisausgang f\u00fcr zwei relative Luftfeuchtigkeitsschwellen.","og_url":"https:\/\/sysmatec.ch\/de\/Produkt\/feuchteregler-hst\/","og_site_name":"Sysmatec","article_modified_time":"2024-09-08T16:46:40+00:00","og_image":[{"width":628,"height":664,"url":"https:\/\/sysmatec.ch\/wp-content\/uploads\/2024\/09\/RegulateurHumidite_KimoHST.jpg","type":"image\/jpeg"}],"twitter_card":"summary_large_image","twitter_misc":{"Gesch\u00e4tzte Lesezeit":"1\u00a0Minute"},"schema":{"@context":"https:\/\/schema.org","@graph":[{"@type":"WebPage","@id":"https:\/\/sysmatec.ch\/de\/Produkt\/feuchteregler-hst\/","url":"https:\/\/sysmatec.ch\/de\/Produkt\/feuchteregler-hst\/","name":"Feuchteregler HST - Sysmatec","isPartOf":{"@id":"https:\/\/sysmatec.ch\/de\/#website"},"primaryImageOfPage":{"@id":"https:\/\/sysmatec.ch\/de\/Produkt\/feuchteregler-hst\/#primaryimage"},"image":{"@id":"https:\/\/sysmatec.ch\/de\/Produkt\/feuchteregler-hst\/#primaryimage"},"thumbnailUrl":"https:\/\/sysmatec.ch\/wp-content\/uploads\/2024\/09\/RegulateurHumidite_KimoHST.jpg","datePublished":"2024-09-08T16:33:31+00:00","dateModified":"2024-09-08T16:46:40+00:00","description":"Feuchtigkeitsregler f\u00fcr den Bereich 5 bis 95 % rF. Es verf\u00fcgt \u00fcber einen programmierbaren Relaisausgang f\u00fcr zwei relative Luftfeuchtigkeitsschwellen.","breadcrumb":{"@id":"https:\/\/sysmatec.ch\/de\/Produkt\/feuchteregler-hst\/#breadcrumb"},"inLanguage":"de","potentialAction":[{"@type":"ReadAction","target":["https:\/\/sysmatec.ch\/de\/Produkt\/feuchteregler-hst\/"]}]},{"@type":"ImageObject","inLanguage":"de","@id":"https:\/\/sysmatec.ch\/de\/Produkt\/feuchteregler-hst\/#primaryimage","url":"https:\/\/sysmatec.ch\/wp-content\/uploads\/2024\/09\/RegulateurHumidite_KimoHST.jpg","contentUrl":"https:\/\/sysmatec.ch\/wp-content\/uploads\/2024\/09\/RegulateurHumidite_KimoHST.jpg","width":628,"height":664},{"@type":"BreadcrumbList","@id":"https:\/\/sysmatec.ch\/de\/Produkt\/feuchteregler-hst\/#breadcrumb","itemListElement":[{"@type":"ListItem","position":1,"name":"Accueil","item":"https:\/\/sysmatec.ch\/de\/"},{"@type":"ListItem","position":2,"name":"Die Aktivit\u00e4t von Sysmatec","item":"https:\/\/sysmatec.ch\/de\/"},{"@type":"ListItem","position":3,"name":"Feuchteregler HST"}]},{"@type":"WebSite","@id":"https:\/\/sysmatec.ch\/de\/#website","url":"https:\/\/sysmatec.ch\/de\/","name":"Sysmatec","description":"Equipement de laboratoire et logiciels","publisher":{"@id":"https:\/\/sysmatec.ch\/de\/#organization"},"potentialAction":[{"@type":"SearchAction","target":{"@type":"EntryPoint","urlTemplate":"https:\/\/sysmatec.ch\/de\/?s={search_term_string}"},"query-input":{"@type":"PropertyValueSpecification","valueRequired":true,"valueName":"search_term_string"}}],"inLanguage":"de"},{"@type":"Organization","@id":"https:\/\/sysmatec.ch\/de\/#organization","name":"Sysmatec","url":"https:\/\/sysmatec.ch\/de\/","logo":{"@type":"ImageObject","inLanguage":"de","@id":"https:\/\/sysmatec.ch\/de\/#\/schema\/logo\/image\/","url":"https:\/\/sysmatec.ch\/wp-content\/uploads\/2018\/11\/LogoSysmatec.jpg","contentUrl":"https:\/\/sysmatec.ch\/wp-content\/uploads\/2018\/11\/LogoSysmatec.jpg","width":301,"height":297,"caption":"Sysmatec"},"image":{"@id":"https:\/\/sysmatec.ch\/de\/#\/schema\/logo\/image\/"}}]}},"_links":{"self":[{"href":"https:\/\/sysmatec.ch\/de\/wp-json\/wp\/v2\/product\/30001","targetHints":{"allow":["GET"]}}],"collection":[{"href":"https:\/\/sysmatec.ch\/de\/wp-json\/wp\/v2\/product"}],"about":[{"href":"https:\/\/sysmatec.ch\/de\/wp-json\/wp\/v2\/types\/product"}],"wp:featuredmedia":[{"embeddable":true,"href":"https:\/\/sysmatec.ch\/de\/wp-json\/wp\/v2\/media\/30005"}],"wp:attachment":[{"href":"https:\/\/sysmatec.ch\/de\/wp-json\/wp\/v2\/media?parent=30001"}],"wp:term":[{"taxonomy":"product_brand","embeddable":true,"href":"https:\/\/sysmatec.ch\/de\/wp-json\/wp\/v2\/product_brand?post=30001"},{"taxonomy":"product_cat","embeddable":true,"href":"https:\/\/sysmatec.ch\/de\/wp-json\/wp\/v2\/product_cat?post=30001"},{"taxonomy":"product_tag","embeddable":true,"href":"https:\/\/sysmatec.ch\/de\/wp-json\/wp\/v2\/product_tag?post=30001"}],"curies":[{"name":"wp","href":"https:\/\/api.w.org\/{rel}","templated":true}]}}