{"id":2997,"date":"2019-02-16T10:03:43","date_gmt":"2019-02-16T09:03:43","guid":{"rendered":"https:\/\/sysmatec.ch\/produit\/balance-plateforme-kern-eob\/"},"modified":"2022-02-28T08:45:28","modified_gmt":"2022-02-28T07:45:28","slug":"plattformwaage-kern-eob","status":"publish","type":"product","link":"https:\/\/sysmatec.ch\/de\/Produkt\/plattformwaage-kern-eob\/","title":{"rendered":"Plattformwaage KERN EOB"},"content":{"rendered":"<ul>\n<li>Paket- und Veterin\u00e4rwaagen &#8211; auch mit XL-Plattform und gro\u00dfen W\u00e4gebereichen<\/li>\n<li>W\u00e4geplatte Edelstahl, Unterbau Stahl lackiert<\/li>\n<li>Einfache und komfortable 4-Tasten-Bedienung<\/li>\n<li>Wandhalterung zur Wandmontage des Auswerteger\u00e4ts<\/li>\n<li>Hold-Funktion: Bei unruhigen W\u00e4gebedingungen wird durch Mittelwertbildung ein stabiler W\u00e4gewert errechnet<\/li>\n<\/ul>\n<table border=\"1\" width=\"486\" cellspacing=\"0\" cellpadding=\"2\">\n<tbody>\n<tr>\n<td>Waage Modell<\/td>\n<td width=\"10%\">Ablesbarkeit<\/td>\n<td width=\"10%\">W\u00e4gebereich<\/td>\n<td width=\"10%\">W\u00e4geplatte<\/td>\n<\/tr>\n<tr>\n<td><\/td>\n<td width=\"10%\">g<\/td>\n<td width=\"10%\">kg<\/td>\n<td width=\"10%\">mm<\/td>\n<\/tr>\n<tr>\n<td>EOB 15K5-2017<\/td>\n<td width=\"10%\">5<\/td>\n<td width=\"10%\">15<\/td>\n<td width=\"10%\">300&#215;300<\/td>\n<\/tr>\n<tr>\n<td>EOB 35K10-2017<\/td>\n<td width=\"10%\">10<\/td>\n<td width=\"10%\">35<\/td>\n<td width=\"10%\">300&#215;300<\/td>\n<\/tr>\n<tr>\n<td>EOB 60K20-2017<\/td>\n<td width=\"10%\">20<\/td>\n<td width=\"10%\">60<\/td>\n<td width=\"10%\">300&#215;300<\/td>\n<\/tr>\n<tr>\n<td>EOB 60K20L-2017<\/td>\n<td width=\"10%\">20<\/td>\n<td width=\"10%\">60<\/td>\n<td width=\"10%\">550&#215;550<\/td>\n<\/tr>\n<tr>\n<td>EOB 150K50-2017<\/td>\n<td width=\"10%\">50<\/td>\n<td width=\"10%\">150<\/td>\n<td width=\"10%\">300&#215;300<\/td>\n<\/tr>\n<tr>\n<td>EOB 150K50L-2017<\/td>\n<td width=\"10%\">50<\/td>\n<td width=\"10%\">150<\/td>\n<td width=\"10%\">550&#215;550<\/td>\n<\/tr>\n<tr>\n<td>EOB 150K50XL-2017<\/td>\n<td width=\"10%\">50<\/td>\n<td width=\"10%\">150<\/td>\n<td width=\"10%\">950&#215;500<\/td>\n<\/tr>\n<tr>\n<td>EOB 300K100XL-2017<\/td>\n<td width=\"10%\">100<\/td>\n<td width=\"10%\">300<\/td>\n<td width=\"10%\">945&#215;505<\/td>\n<\/tr>\n<tr>\n<td>EOB 300K100A-2017<\/td>\n<td width=\"10%\">100<\/td>\n<td width=\"10%\">300<\/td>\n<td width=\"10%\">300&#215;300<\/td>\n<\/tr>\n<tr>\n<td>EOB 300K100L-2017<\/td>\n<td width=\"10%\">100<\/td>\n<td width=\"10%\">300<\/td>\n<td width=\"10%\">550&#215;550<\/td>\n<\/tr>\n<\/tbody>\n<\/table>\n","protected":false},"excerpt":{"rendered":"<p>Plattformwaage 0-15 kg bis 0-300 kg<\/p>\n","protected":false},"featured_media":23481,"template":"","meta":{"_crdt_document":""},"product_brand":[],"product_cat":[165,339],"product_tag":[],"class_list":{"0":"post-2997","1":"product","2":"type-product","3":"status-publish","4":"has-post-thumbnail","6":"product_cat-gewicht","7":"product_cat-plattform","9":"first","10":"instock","11":"taxable","12":"shipping-taxable","13":"purchasable","14":"product-type-variable"},"yoast_head":"<!-- This site is optimized with the Yoast SEO plugin v27.3 - https:\/\/yoast.com\/product\/yoast-seo-wordpress\/ -->\n<title>Plattformwaage KERN EOB - Sysmatec<\/title>\n<meta name=\"description\" content=\"Plattformwaage mit unabh\u00e4ngigem Bildschirm. Der Wiegebereich reicht von 0-15 kg bis 0-300 kg. Leicht und einfach zu tragen.\" \/>\n<meta name=\"robots\" content=\"index, follow, max-snippet:-1, max-image-preview:large, max-video-preview:-1\" \/>\n<link rel=\"canonical\" href=\"https:\/\/sysmatec.ch\/de\/produit\/plattformwaage-kern-eob\/\" \/>\n<meta property=\"og:locale\" content=\"de_DE\" \/>\n<meta property=\"og:type\" content=\"article\" \/>\n<meta property=\"og:title\" content=\"Plattformwaage KERN EOB - Sysmatec\" \/>\n<meta property=\"og:description\" content=\"Plattformwaage mit unabh\u00e4ngigem Bildschirm. Der Wiegebereich reicht von 0-15 kg bis 0-300 kg. Leicht und einfach zu tragen.\" \/>\n<meta property=\"og:url\" content=\"https:\/\/sysmatec.ch\/de\/produit\/plattformwaage-kern-eob\/\" \/>\n<meta property=\"og:site_name\" content=\"Sysmatec\" \/>\n<meta property=\"article:modified_time\" content=\"2022-02-28T07:45:28+00:00\" \/>\n<meta property=\"og:image\" content=\"https:\/\/sysmatec.ch\/wp-content\/uploads\/2019\/02\/Balance_EOB-550x550mm_2019.jpg\" \/>\n\t<meta property=\"og:image:width\" content=\"912\" \/>\n\t<meta property=\"og:image:height\" content=\"799\" \/>\n\t<meta property=\"og:image:type\" content=\"image\/jpeg\" \/>\n<meta name=\"twitter:card\" content=\"summary_large_image\" \/>\n<meta name=\"twitter:label1\" content=\"Gesch\u00e4tzte Lesezeit\" \/>\n\t<meta name=\"twitter:data1\" content=\"1\u00a0Minute\" \/>\n<script type=\"application\/ld+json\" class=\"yoast-schema-graph\">{\"@context\":\"https:\\\/\\\/schema.org\",\"@graph\":[{\"@type\":\"WebPage\",\"@id\":\"https:\\\/\\\/sysmatec.ch\\\/de\\\/produit\\\/plattformwaage-kern-eob\\\/\",\"url\":\"https:\\\/\\\/sysmatec.ch\\\/de\\\/produit\\\/plattformwaage-kern-eob\\\/\",\"name\":\"Plattformwaage KERN EOB - Sysmatec\",\"isPartOf\":{\"@id\":\"https:\\\/\\\/sysmatec.ch\\\/de\\\/#website\"},\"primaryImageOfPage\":{\"@id\":\"https:\\\/\\\/sysmatec.ch\\\/de\\\/produit\\\/plattformwaage-kern-eob\\\/#primaryimage\"},\"image\":{\"@id\":\"https:\\\/\\\/sysmatec.ch\\\/de\\\/produit\\\/plattformwaage-kern-eob\\\/#primaryimage\"},\"thumbnailUrl\":\"https:\\\/\\\/sysmatec.ch\\\/wp-content\\\/uploads\\\/2019\\\/02\\\/Balance_EOB-550x550mm_2019.jpg\",\"datePublished\":\"2019-02-16T09:03:43+00:00\",\"dateModified\":\"2022-02-28T07:45:28+00:00\",\"description\":\"Plattformwaage mit unabh\u00e4ngigem Bildschirm. Der Wiegebereich reicht von 0-15 kg bis 0-300 kg. Leicht und einfach zu tragen.\",\"breadcrumb\":{\"@id\":\"https:\\\/\\\/sysmatec.ch\\\/de\\\/produit\\\/plattformwaage-kern-eob\\\/#breadcrumb\"},\"inLanguage\":\"de\",\"potentialAction\":[{\"@type\":\"ReadAction\",\"target\":[\"https:\\\/\\\/sysmatec.ch\\\/de\\\/produit\\\/plattformwaage-kern-eob\\\/\"]}]},{\"@type\":\"ImageObject\",\"inLanguage\":\"de\",\"@id\":\"https:\\\/\\\/sysmatec.ch\\\/de\\\/produit\\\/plattformwaage-kern-eob\\\/#primaryimage\",\"url\":\"https:\\\/\\\/sysmatec.ch\\\/wp-content\\\/uploads\\\/2019\\\/02\\\/Balance_EOB-550x550mm_2019.jpg\",\"contentUrl\":\"https:\\\/\\\/sysmatec.ch\\\/wp-content\\\/uploads\\\/2019\\\/02\\\/Balance_EOB-550x550mm_2019.jpg\",\"width\":912,\"height\":799},{\"@type\":\"BreadcrumbList\",\"@id\":\"https:\\\/\\\/sysmatec.ch\\\/de\\\/produit\\\/plattformwaage-kern-eob\\\/#breadcrumb\",\"itemListElement\":[{\"@type\":\"ListItem\",\"position\":1,\"name\":\"Accueil\",\"item\":\"https:\\\/\\\/sysmatec.ch\\\/de\\\/\"},{\"@type\":\"ListItem\",\"position\":2,\"name\":\"Die Aktivit\u00e4t von Sysmatec\",\"item\":\"https:\\\/\\\/sysmatec.ch\\\/de\\\/\"},{\"@type\":\"ListItem\",\"position\":3,\"name\":\"Plattformwaage KERN EOB\"}]},{\"@type\":\"WebSite\",\"@id\":\"https:\\\/\\\/sysmatec.ch\\\/de\\\/#website\",\"url\":\"https:\\\/\\\/sysmatec.ch\\\/de\\\/\",\"name\":\"Sysmatec\",\"description\":\"Equipement de laboratoire et logiciels\",\"publisher\":{\"@id\":\"https:\\\/\\\/sysmatec.ch\\\/de\\\/#organization\"},\"potentialAction\":[{\"@type\":\"SearchAction\",\"target\":{\"@type\":\"EntryPoint\",\"urlTemplate\":\"https:\\\/\\\/sysmatec.ch\\\/de\\\/?s={search_term_string}\"},\"query-input\":{\"@type\":\"PropertyValueSpecification\",\"valueRequired\":true,\"valueName\":\"search_term_string\"}}],\"inLanguage\":\"de\"},{\"@type\":\"Organization\",\"@id\":\"https:\\\/\\\/sysmatec.ch\\\/de\\\/#organization\",\"name\":\"Sysmatec\",\"url\":\"https:\\\/\\\/sysmatec.ch\\\/de\\\/\",\"logo\":{\"@type\":\"ImageObject\",\"inLanguage\":\"de\",\"@id\":\"https:\\\/\\\/sysmatec.ch\\\/de\\\/#\\\/schema\\\/logo\\\/image\\\/\",\"url\":\"https:\\\/\\\/sysmatec.ch\\\/wp-content\\\/uploads\\\/2018\\\/11\\\/LogoSysmatec.jpg\",\"contentUrl\":\"https:\\\/\\\/sysmatec.ch\\\/wp-content\\\/uploads\\\/2018\\\/11\\\/LogoSysmatec.jpg\",\"width\":301,\"height\":297,\"caption\":\"Sysmatec\"},\"image\":{\"@id\":\"https:\\\/\\\/sysmatec.ch\\\/de\\\/#\\\/schema\\\/logo\\\/image\\\/\"}}]}<\/script>\n<!-- \/ Yoast SEO plugin. -->","yoast_head_json":{"title":"Plattformwaage KERN EOB - Sysmatec","description":"Plattformwaage mit unabh\u00e4ngigem Bildschirm. Der Wiegebereich reicht von 0-15 kg bis 0-300 kg. Leicht und einfach zu tragen.","robots":{"index":"index","follow":"follow","max-snippet":"max-snippet:-1","max-image-preview":"max-image-preview:large","max-video-preview":"max-video-preview:-1"},"canonical":"https:\/\/sysmatec.ch\/de\/produit\/plattformwaage-kern-eob\/","og_locale":"de_DE","og_type":"article","og_title":"Plattformwaage KERN EOB - Sysmatec","og_description":"Plattformwaage mit unabh\u00e4ngigem Bildschirm. Der Wiegebereich reicht von 0-15 kg bis 0-300 kg. Leicht und einfach zu tragen.","og_url":"https:\/\/sysmatec.ch\/de\/produit\/plattformwaage-kern-eob\/","og_site_name":"Sysmatec","article_modified_time":"2022-02-28T07:45:28+00:00","og_image":[{"width":912,"height":799,"url":"https:\/\/sysmatec.ch\/wp-content\/uploads\/2019\/02\/Balance_EOB-550x550mm_2019.jpg","type":"image\/jpeg"}],"twitter_card":"summary_large_image","twitter_misc":{"Gesch\u00e4tzte Lesezeit":"1\u00a0Minute"},"schema":{"@context":"https:\/\/schema.org","@graph":[{"@type":"WebPage","@id":"https:\/\/sysmatec.ch\/de\/produit\/plattformwaage-kern-eob\/","url":"https:\/\/sysmatec.ch\/de\/produit\/plattformwaage-kern-eob\/","name":"Plattformwaage KERN EOB - Sysmatec","isPartOf":{"@id":"https:\/\/sysmatec.ch\/de\/#website"},"primaryImageOfPage":{"@id":"https:\/\/sysmatec.ch\/de\/produit\/plattformwaage-kern-eob\/#primaryimage"},"image":{"@id":"https:\/\/sysmatec.ch\/de\/produit\/plattformwaage-kern-eob\/#primaryimage"},"thumbnailUrl":"https:\/\/sysmatec.ch\/wp-content\/uploads\/2019\/02\/Balance_EOB-550x550mm_2019.jpg","datePublished":"2019-02-16T09:03:43+00:00","dateModified":"2022-02-28T07:45:28+00:00","description":"Plattformwaage mit unabh\u00e4ngigem Bildschirm. Der Wiegebereich reicht von 0-15 kg bis 0-300 kg. Leicht und einfach zu tragen.","breadcrumb":{"@id":"https:\/\/sysmatec.ch\/de\/produit\/plattformwaage-kern-eob\/#breadcrumb"},"inLanguage":"de","potentialAction":[{"@type":"ReadAction","target":["https:\/\/sysmatec.ch\/de\/produit\/plattformwaage-kern-eob\/"]}]},{"@type":"ImageObject","inLanguage":"de","@id":"https:\/\/sysmatec.ch\/de\/produit\/plattformwaage-kern-eob\/#primaryimage","url":"https:\/\/sysmatec.ch\/wp-content\/uploads\/2019\/02\/Balance_EOB-550x550mm_2019.jpg","contentUrl":"https:\/\/sysmatec.ch\/wp-content\/uploads\/2019\/02\/Balance_EOB-550x550mm_2019.jpg","width":912,"height":799},{"@type":"BreadcrumbList","@id":"https:\/\/sysmatec.ch\/de\/produit\/plattformwaage-kern-eob\/#breadcrumb","itemListElement":[{"@type":"ListItem","position":1,"name":"Accueil","item":"https:\/\/sysmatec.ch\/de\/"},{"@type":"ListItem","position":2,"name":"Die Aktivit\u00e4t von Sysmatec","item":"https:\/\/sysmatec.ch\/de\/"},{"@type":"ListItem","position":3,"name":"Plattformwaage KERN EOB"}]},{"@type":"WebSite","@id":"https:\/\/sysmatec.ch\/de\/#website","url":"https:\/\/sysmatec.ch\/de\/","name":"Sysmatec","description":"Equipement de laboratoire et logiciels","publisher":{"@id":"https:\/\/sysmatec.ch\/de\/#organization"},"potentialAction":[{"@type":"SearchAction","target":{"@type":"EntryPoint","urlTemplate":"https:\/\/sysmatec.ch\/de\/?s={search_term_string}"},"query-input":{"@type":"PropertyValueSpecification","valueRequired":true,"valueName":"search_term_string"}}],"inLanguage":"de"},{"@type":"Organization","@id":"https:\/\/sysmatec.ch\/de\/#organization","name":"Sysmatec","url":"https:\/\/sysmatec.ch\/de\/","logo":{"@type":"ImageObject","inLanguage":"de","@id":"https:\/\/sysmatec.ch\/de\/#\/schema\/logo\/image\/","url":"https:\/\/sysmatec.ch\/wp-content\/uploads\/2018\/11\/LogoSysmatec.jpg","contentUrl":"https:\/\/sysmatec.ch\/wp-content\/uploads\/2018\/11\/LogoSysmatec.jpg","width":301,"height":297,"caption":"Sysmatec"},"image":{"@id":"https:\/\/sysmatec.ch\/de\/#\/schema\/logo\/image\/"}}]}},"_links":{"self":[{"href":"https:\/\/sysmatec.ch\/de\/wp-json\/wp\/v2\/product\/2997","targetHints":{"allow":["GET"]}}],"collection":[{"href":"https:\/\/sysmatec.ch\/de\/wp-json\/wp\/v2\/product"}],"about":[{"href":"https:\/\/sysmatec.ch\/de\/wp-json\/wp\/v2\/types\/product"}],"wp:featuredmedia":[{"embeddable":true,"href":"https:\/\/sysmatec.ch\/de\/wp-json\/wp\/v2\/media\/23481"}],"wp:attachment":[{"href":"https:\/\/sysmatec.ch\/de\/wp-json\/wp\/v2\/media?parent=2997"}],"wp:term":[{"taxonomy":"product_brand","embeddable":true,"href":"https:\/\/sysmatec.ch\/de\/wp-json\/wp\/v2\/product_brand?post=2997"},{"taxonomy":"product_cat","embeddable":true,"href":"https:\/\/sysmatec.ch\/de\/wp-json\/wp\/v2\/product_cat?post=2997"},{"taxonomy":"product_tag","embeddable":true,"href":"https:\/\/sysmatec.ch\/de\/wp-json\/wp\/v2\/product_tag?post=2997"}],"curies":[{"name":"wp","href":"https:\/\/api.w.org\/{rel}","templated":true}]}}