{"id":29961,"date":"2024-09-05T21:15:28","date_gmt":"2024-09-05T19:15:28","guid":{"rendered":"https:\/\/sysmatec.ch\/?post_type=product&#038;p=29961"},"modified":"2024-09-06T09:44:28","modified_gmt":"2024-09-06T07:44:28","slug":"co2-und-raumluftqualitaetslogger-si-c320","status":"publish","type":"product","link":"https:\/\/sysmatec.ch\/de\/Produkt\/co2-und-raumluftqualitaetslogger-si-c320\/","title":{"rendered":"CO2- und Raumluftqualit\u00e4tslogger Si-C320"},"content":{"rendered":"<p>Es kann den Differenzdruck und zwei Parameter wie Atmosph\u00e4rendruck, Temperatur + Luftfeuchtigkeit, Luftgeschwindigkeit + Temperatur, Temperatur, CO, CO2 und VOC aufzeichnen. Es gibt eine integrierte Version.<\/p>\n<h2>Merkmale<\/h2>\n<div class=\"property-table__column\"><\/div>\n<div class=\"property-table__column\">\n<div class=\"property-table__column\">\n<div class=\"property-table__column\">\n<div>4 konfigurierbare Analogausg\u00e4nge (4-20 mA \/ 0-20 mA oder 0-10 V \/ 0-5 V)<br \/>\n1 RS-485-Schnittstelle f\u00fcr das Kommunikationsprotokoll Modbus RTU<br \/>\n2 Eing\u00e4nge f\u00fcr externe austauschbare Sonden<br \/>\n1 Steckplatz f\u00fcr Differenzdruckmodul (optional) von -50\/50 Pa bis -10.000\/10.000 Pa<br \/>\n1 Steckplatz f\u00fcr Relaismodul (optional)<br \/>\n1 Steckplatz f\u00fcr drahtloses Kommunikationsmodul (optional)<br \/>\nDatenprotokollierung mit Downloadm\u00f6glichkeit \u00fcber die Sauermann Control Software\/App<br \/>\nM\u00f6glichkeit, den Namen der Kan\u00e4le zu \u00e4ndern<br \/>\nIP66-Geh\u00e4use, best\u00e4ndig gegen verdampftes Wasserstoffperoxid<br \/>\n24 VAC\/24 VD-Stromversorgung<\/div>\n<div>Module f\u00fcr die 2 Eing\u00e4nge<\/div>\n<ul>\n<li>Atmosph\u00e4rendrucksonde: 800 bis 1100 hPa<\/li>\n<li>Relative Luftfeuchtigkeits-\/Temperatursonde: 0 bis 100 % RH und -40 bis 150 \u00b0C<\/li>\n<li>Temperaturf\u00fchler: -80 bis 150 \u00b0C<\/li>\n<li>Luftgeschwindigkeits-\/Temperatursonde: 0 bis 30 m\/s und 0 bis 50 \u00b0C<\/li>\n<li>CO-Sonde: 0 bis 500 ppm<\/li>\n<li>CO2-Sonde: 0 bis 10.000 ppm<\/li>\n<li>VOC-Sonde: 0 bis 1000 ppb<\/li>\n<\/ul>\n<div>RS-485-Kommunikation Modbus RTU-Protokoll, konfigurierbare Kommunikationsgeschwindigkeit von 2400 bis 115.200 Baud<br \/>\nDrahtlose Kommunikation (Option): Reichweite bis zu 15 m<br \/>\nAkustischer Alarm: Summer (60 dB bei 10 cm)<br \/>\nSchutzart: IP66<br \/>\nAbmessungen: 159 x 135 x 77 mm<br \/>\nGewicht: 626g<\/div>\n<div><\/div>\n<div><\/div>\n<\/div>\n<\/div>\n<\/div>\n","protected":false},"excerpt":{"rendered":"<p>Raumluftqualit\u00e4tsmonitor f\u00fcr CO2, Luftfeuchtigkeit, Temperatur, Druck, VOC und CO<\/p>\n","protected":false},"featured_media":29966,"template":"","meta":{"_crdt_document":""},"product_brand":[],"product_cat":[185,248,374],"product_tag":[],"class_list":{"0":"post-29961","1":"product","2":"type-product","3":"status-publish","4":"has-post-thumbnail","6":"product_cat-analyzer-de","7":"product_cat-co2-de","8":"product_cat-gas-de","10":"first","11":"instock","12":"taxable","13":"shipping-taxable","14":"product-type-simple"},"yoast_head":"<!-- This site is optimized with the Yoast SEO plugin v27.4 - https:\/\/yoast.com\/product\/yoast-seo-wordpress\/ -->\n<title>CO2- und Raumluftqualit\u00e4tslogger Si-C320 - Sysmatec<\/title>\n<meta name=\"description\" content=\"Logger f\u00fcr die Luftqualit\u00e4t in Innenr\u00e4umen zur Messung von CO2, Temperatur, Luftfeuchtigkeit und Druck, CO, VOC, Druck und Luftgeschwindigkeit\" \/>\n<meta name=\"robots\" content=\"index, follow, max-snippet:-1, max-image-preview:large, max-video-preview:-1\" \/>\n<link rel=\"canonical\" href=\"https:\/\/sysmatec.ch\/de\/Produkt\/co2-und-raumluftqualitaetslogger-si-c320\/\" \/>\n<meta property=\"og:locale\" content=\"de_DE\" \/>\n<meta property=\"og:type\" content=\"article\" \/>\n<meta property=\"og:title\" content=\"CO2- und Raumluftqualit\u00e4tslogger Si-C320 - Sysmatec\" \/>\n<meta property=\"og:description\" content=\"Logger f\u00fcr die Luftqualit\u00e4t in Innenr\u00e4umen zur Messung von CO2, Temperatur, Luftfeuchtigkeit und Druck, CO, VOC, Druck und Luftgeschwindigkeit\" \/>\n<meta property=\"og:url\" content=\"https:\/\/sysmatec.ch\/de\/Produkt\/co2-und-raumluftqualitaetslogger-si-c320\/\" \/>\n<meta property=\"og:site_name\" content=\"Sysmatec\" \/>\n<meta property=\"article:modified_time\" content=\"2024-09-06T07:44:28+00:00\" \/>\n<meta property=\"og:image\" content=\"https:\/\/sysmatec.ch\/wp-content\/uploads\/2024\/09\/EnregistreurCO2_SiC320SKimo.jpg\" \/>\n\t<meta property=\"og:image:width\" content=\"646\" \/>\n\t<meta property=\"og:image:height\" content=\"673\" \/>\n\t<meta property=\"og:image:type\" content=\"image\/jpeg\" \/>\n<meta name=\"twitter:card\" content=\"summary_large_image\" \/>\n<meta name=\"twitter:label1\" content=\"Gesch\u00e4tzte Lesezeit\" \/>\n\t<meta name=\"twitter:data1\" content=\"2\u00a0Minuten\" \/>\n<script type=\"application\/ld+json\" class=\"yoast-schema-graph\">{\"@context\":\"https:\\\/\\\/schema.org\",\"@graph\":[{\"@type\":\"WebPage\",\"@id\":\"https:\\\/\\\/sysmatec.ch\\\/de\\\/Produkt\\\/co2-und-raumluftqualitaetslogger-si-c320\\\/\",\"url\":\"https:\\\/\\\/sysmatec.ch\\\/de\\\/Produkt\\\/co2-und-raumluftqualitaetslogger-si-c320\\\/\",\"name\":\"CO2- und Raumluftqualit\u00e4tslogger Si-C320 - Sysmatec\",\"isPartOf\":{\"@id\":\"https:\\\/\\\/sysmatec.ch\\\/de\\\/#website\"},\"primaryImageOfPage\":{\"@id\":\"https:\\\/\\\/sysmatec.ch\\\/de\\\/Produkt\\\/co2-und-raumluftqualitaetslogger-si-c320\\\/#primaryimage\"},\"image\":{\"@id\":\"https:\\\/\\\/sysmatec.ch\\\/de\\\/Produkt\\\/co2-und-raumluftqualitaetslogger-si-c320\\\/#primaryimage\"},\"thumbnailUrl\":\"https:\\\/\\\/sysmatec.ch\\\/wp-content\\\/uploads\\\/2024\\\/09\\\/EnregistreurCO2_SiC320SKimo.jpg\",\"datePublished\":\"2024-09-05T19:15:28+00:00\",\"dateModified\":\"2024-09-06T07:44:28+00:00\",\"description\":\"Logger f\u00fcr die Luftqualit\u00e4t in Innenr\u00e4umen zur Messung von CO2, Temperatur, Luftfeuchtigkeit und Druck, CO, VOC, Druck und Luftgeschwindigkeit\",\"breadcrumb\":{\"@id\":\"https:\\\/\\\/sysmatec.ch\\\/de\\\/Produkt\\\/co2-und-raumluftqualitaetslogger-si-c320\\\/#breadcrumb\"},\"inLanguage\":\"de\",\"potentialAction\":[{\"@type\":\"ReadAction\",\"target\":[\"https:\\\/\\\/sysmatec.ch\\\/de\\\/Produkt\\\/co2-und-raumluftqualitaetslogger-si-c320\\\/\"]}]},{\"@type\":\"ImageObject\",\"inLanguage\":\"de\",\"@id\":\"https:\\\/\\\/sysmatec.ch\\\/de\\\/Produkt\\\/co2-und-raumluftqualitaetslogger-si-c320\\\/#primaryimage\",\"url\":\"https:\\\/\\\/sysmatec.ch\\\/wp-content\\\/uploads\\\/2024\\\/09\\\/EnregistreurCO2_SiC320SKimo.jpg\",\"contentUrl\":\"https:\\\/\\\/sysmatec.ch\\\/wp-content\\\/uploads\\\/2024\\\/09\\\/EnregistreurCO2_SiC320SKimo.jpg\",\"width\":646,\"height\":673},{\"@type\":\"BreadcrumbList\",\"@id\":\"https:\\\/\\\/sysmatec.ch\\\/de\\\/Produkt\\\/co2-und-raumluftqualitaetslogger-si-c320\\\/#breadcrumb\",\"itemListElement\":[{\"@type\":\"ListItem\",\"position\":1,\"name\":\"Accueil\",\"item\":\"https:\\\/\\\/sysmatec.ch\\\/de\\\/\"},{\"@type\":\"ListItem\",\"position\":2,\"name\":\"Die Aktivit\u00e4t von Sysmatec\",\"item\":\"https:\\\/\\\/sysmatec.ch\\\/de\\\/\"},{\"@type\":\"ListItem\",\"position\":3,\"name\":\"CO2- und Raumluftqualit\u00e4tslogger Si-C320\"}]},{\"@type\":\"WebSite\",\"@id\":\"https:\\\/\\\/sysmatec.ch\\\/de\\\/#website\",\"url\":\"https:\\\/\\\/sysmatec.ch\\\/de\\\/\",\"name\":\"Sysmatec\",\"description\":\"Equipement de laboratoire et logiciels\",\"publisher\":{\"@id\":\"https:\\\/\\\/sysmatec.ch\\\/de\\\/#organization\"},\"potentialAction\":[{\"@type\":\"SearchAction\",\"target\":{\"@type\":\"EntryPoint\",\"urlTemplate\":\"https:\\\/\\\/sysmatec.ch\\\/de\\\/?s={search_term_string}\"},\"query-input\":{\"@type\":\"PropertyValueSpecification\",\"valueRequired\":true,\"valueName\":\"search_term_string\"}}],\"inLanguage\":\"de\"},{\"@type\":\"Organization\",\"@id\":\"https:\\\/\\\/sysmatec.ch\\\/de\\\/#organization\",\"name\":\"Sysmatec\",\"url\":\"https:\\\/\\\/sysmatec.ch\\\/de\\\/\",\"logo\":{\"@type\":\"ImageObject\",\"inLanguage\":\"de\",\"@id\":\"https:\\\/\\\/sysmatec.ch\\\/de\\\/#\\\/schema\\\/logo\\\/image\\\/\",\"url\":\"https:\\\/\\\/sysmatec.ch\\\/wp-content\\\/uploads\\\/2018\\\/11\\\/LogoSysmatec.jpg\",\"contentUrl\":\"https:\\\/\\\/sysmatec.ch\\\/wp-content\\\/uploads\\\/2018\\\/11\\\/LogoSysmatec.jpg\",\"width\":301,\"height\":297,\"caption\":\"Sysmatec\"},\"image\":{\"@id\":\"https:\\\/\\\/sysmatec.ch\\\/de\\\/#\\\/schema\\\/logo\\\/image\\\/\"}}]}<\/script>\n<!-- \/ Yoast SEO plugin. -->","yoast_head_json":{"title":"CO2- und Raumluftqualit\u00e4tslogger Si-C320 - Sysmatec","description":"Logger f\u00fcr die Luftqualit\u00e4t in Innenr\u00e4umen zur Messung von CO2, Temperatur, Luftfeuchtigkeit und Druck, CO, VOC, Druck und Luftgeschwindigkeit","robots":{"index":"index","follow":"follow","max-snippet":"max-snippet:-1","max-image-preview":"max-image-preview:large","max-video-preview":"max-video-preview:-1"},"canonical":"https:\/\/sysmatec.ch\/de\/Produkt\/co2-und-raumluftqualitaetslogger-si-c320\/","og_locale":"de_DE","og_type":"article","og_title":"CO2- und Raumluftqualit\u00e4tslogger Si-C320 - Sysmatec","og_description":"Logger f\u00fcr die Luftqualit\u00e4t in Innenr\u00e4umen zur Messung von CO2, Temperatur, Luftfeuchtigkeit und Druck, CO, VOC, Druck und Luftgeschwindigkeit","og_url":"https:\/\/sysmatec.ch\/de\/Produkt\/co2-und-raumluftqualitaetslogger-si-c320\/","og_site_name":"Sysmatec","article_modified_time":"2024-09-06T07:44:28+00:00","og_image":[{"width":646,"height":673,"url":"https:\/\/sysmatec.ch\/wp-content\/uploads\/2024\/09\/EnregistreurCO2_SiC320SKimo.jpg","type":"image\/jpeg"}],"twitter_card":"summary_large_image","twitter_misc":{"Gesch\u00e4tzte Lesezeit":"2\u00a0Minuten"},"schema":{"@context":"https:\/\/schema.org","@graph":[{"@type":"WebPage","@id":"https:\/\/sysmatec.ch\/de\/Produkt\/co2-und-raumluftqualitaetslogger-si-c320\/","url":"https:\/\/sysmatec.ch\/de\/Produkt\/co2-und-raumluftqualitaetslogger-si-c320\/","name":"CO2- und Raumluftqualit\u00e4tslogger Si-C320 - Sysmatec","isPartOf":{"@id":"https:\/\/sysmatec.ch\/de\/#website"},"primaryImageOfPage":{"@id":"https:\/\/sysmatec.ch\/de\/Produkt\/co2-und-raumluftqualitaetslogger-si-c320\/#primaryimage"},"image":{"@id":"https:\/\/sysmatec.ch\/de\/Produkt\/co2-und-raumluftqualitaetslogger-si-c320\/#primaryimage"},"thumbnailUrl":"https:\/\/sysmatec.ch\/wp-content\/uploads\/2024\/09\/EnregistreurCO2_SiC320SKimo.jpg","datePublished":"2024-09-05T19:15:28+00:00","dateModified":"2024-09-06T07:44:28+00:00","description":"Logger f\u00fcr die Luftqualit\u00e4t in Innenr\u00e4umen zur Messung von CO2, Temperatur, Luftfeuchtigkeit und Druck, CO, VOC, Druck und Luftgeschwindigkeit","breadcrumb":{"@id":"https:\/\/sysmatec.ch\/de\/Produkt\/co2-und-raumluftqualitaetslogger-si-c320\/#breadcrumb"},"inLanguage":"de","potentialAction":[{"@type":"ReadAction","target":["https:\/\/sysmatec.ch\/de\/Produkt\/co2-und-raumluftqualitaetslogger-si-c320\/"]}]},{"@type":"ImageObject","inLanguage":"de","@id":"https:\/\/sysmatec.ch\/de\/Produkt\/co2-und-raumluftqualitaetslogger-si-c320\/#primaryimage","url":"https:\/\/sysmatec.ch\/wp-content\/uploads\/2024\/09\/EnregistreurCO2_SiC320SKimo.jpg","contentUrl":"https:\/\/sysmatec.ch\/wp-content\/uploads\/2024\/09\/EnregistreurCO2_SiC320SKimo.jpg","width":646,"height":673},{"@type":"BreadcrumbList","@id":"https:\/\/sysmatec.ch\/de\/Produkt\/co2-und-raumluftqualitaetslogger-si-c320\/#breadcrumb","itemListElement":[{"@type":"ListItem","position":1,"name":"Accueil","item":"https:\/\/sysmatec.ch\/de\/"},{"@type":"ListItem","position":2,"name":"Die Aktivit\u00e4t von Sysmatec","item":"https:\/\/sysmatec.ch\/de\/"},{"@type":"ListItem","position":3,"name":"CO2- und Raumluftqualit\u00e4tslogger Si-C320"}]},{"@type":"WebSite","@id":"https:\/\/sysmatec.ch\/de\/#website","url":"https:\/\/sysmatec.ch\/de\/","name":"Sysmatec","description":"Equipement de laboratoire et logiciels","publisher":{"@id":"https:\/\/sysmatec.ch\/de\/#organization"},"potentialAction":[{"@type":"SearchAction","target":{"@type":"EntryPoint","urlTemplate":"https:\/\/sysmatec.ch\/de\/?s={search_term_string}"},"query-input":{"@type":"PropertyValueSpecification","valueRequired":true,"valueName":"search_term_string"}}],"inLanguage":"de"},{"@type":"Organization","@id":"https:\/\/sysmatec.ch\/de\/#organization","name":"Sysmatec","url":"https:\/\/sysmatec.ch\/de\/","logo":{"@type":"ImageObject","inLanguage":"de","@id":"https:\/\/sysmatec.ch\/de\/#\/schema\/logo\/image\/","url":"https:\/\/sysmatec.ch\/wp-content\/uploads\/2018\/11\/LogoSysmatec.jpg","contentUrl":"https:\/\/sysmatec.ch\/wp-content\/uploads\/2018\/11\/LogoSysmatec.jpg","width":301,"height":297,"caption":"Sysmatec"},"image":{"@id":"https:\/\/sysmatec.ch\/de\/#\/schema\/logo\/image\/"}}]}},"_links":{"self":[{"href":"https:\/\/sysmatec.ch\/de\/wp-json\/wp\/v2\/product\/29961","targetHints":{"allow":["GET"]}}],"collection":[{"href":"https:\/\/sysmatec.ch\/de\/wp-json\/wp\/v2\/product"}],"about":[{"href":"https:\/\/sysmatec.ch\/de\/wp-json\/wp\/v2\/types\/product"}],"wp:featuredmedia":[{"embeddable":true,"href":"https:\/\/sysmatec.ch\/de\/wp-json\/wp\/v2\/media\/29966"}],"wp:attachment":[{"href":"https:\/\/sysmatec.ch\/de\/wp-json\/wp\/v2\/media?parent=29961"}],"wp:term":[{"taxonomy":"product_brand","embeddable":true,"href":"https:\/\/sysmatec.ch\/de\/wp-json\/wp\/v2\/product_brand?post=29961"},{"taxonomy":"product_cat","embeddable":true,"href":"https:\/\/sysmatec.ch\/de\/wp-json\/wp\/v2\/product_cat?post=29961"},{"taxonomy":"product_tag","embeddable":true,"href":"https:\/\/sysmatec.ch\/de\/wp-json\/wp\/v2\/product_tag?post=29961"}],"curies":[{"name":"wp","href":"https:\/\/api.w.org\/{rel}","templated":true}]}}