{"id":29954,"date":"2024-09-05T09:40:09","date_gmt":"2024-09-05T07:40:09","guid":{"rendered":"https:\/\/sysmatec.ch\/?post_type=product&#038;p=29954"},"modified":"2024-09-05T10:47:23","modified_gmt":"2024-09-05T08:47:23","slug":"co2-und-raumluftqualitaetslogger-kcc320","status":"publish","type":"product","link":"https:\/\/sysmatec.ch\/de\/Produkt\/co2-und-raumluftqualitaetslogger-kcc320\/","title":{"rendered":"CO2- und Raumluftqualit\u00e4tslogger KCC320"},"content":{"rendered":"<p>Es kann 4 Parameter aufzeichnen: Temperatur, Luftfeuchtigkeit, Luftdruck und CO2-Konzentration. Die PC-Software kann kostenlos heruntergeladen werden.<\/p>\n<h2>Merkmale<\/h2>\n<div class=\"property-table__column\">\n<div class=\"property-label\">Messfrequenz: von 1 Minute bis 24 Stunden (15 Sekunden im Online-Modus<\/div>\n<div class=\"property-label\">Messbereich<\/div>\n<ul>\n<li class=\"property-label\">Temperatur: -20 bis 70 \u00b0C<\/li>\n<li class=\"property-label\">Luftfeuchtigkeit: 0 bis 100 % relative Luftfeuchtigkeit<\/li>\n<li class=\"property-label\">Atmosph\u00e4rendruck: von 800 bis 1100 hPa<\/li>\n<li class=\"property-label\">CO2: von 0 bis 5000 ppm<\/li>\n<\/ul>\n<div class=\"property-label\">Sensortyp<\/div>\n<ul>\n<li class=\"property-label\">Temperatur: NTC<\/li>\n<li class=\"property-label\">Luftfeuchtigkeit: kapazitiv<\/li>\n<li class=\"property-label\">Atmosph\u00e4rendruck: piezoresistiv<\/li>\n<li class=\"property-label\">CO2: NDIR<\/li>\n<\/ul>\n<div class=\"property-label\">Pr\u00e4zision<\/div>\n<ul>\n<li class=\"property-label\">Temperatur: \u00b10,4 \u00b0C von 0 bis 50 \u00b0C, \u00b10,8 \u00b0C unter 0 \u00b0C oder \u00fcber 50 \u00b0C<\/li>\n<li class=\"property-label\">Luftfeuchtigkeit: \u00b12 % RH von 5 bis 95 % RH, von 15 bis 25 \u00b0C<\/li>\n<li class=\"property-label\">Atmosph\u00e4rendruck: \u00b13 hPa<\/li>\n<li class=\"property-label\">CO2: \u00b150 ppm \u00b13 % des Messwertes<\/li>\n<li class=\"property-label\">Aufl\u00f6sung 0,1 \u00b0C, 0,1 \u00b0F, 1 ppm, 0,1 % RH, 1 hPa<\/li>\n<\/ul>\n<div class=\"property-label\">Speicher: 2.000.000 Werte<\/div>\n<div class=\"property-label\">Daten\u00fcbertragung: Micro-USB-Anschluss<\/div>\n<div class=\"property-label\">Einheiten: \u00b0F, \u00b0C, %RH, ppm, hPa<\/div>\n<div class=\"property-label\">Alarm: 2 programmierbare Alarmschwellen<\/div>\n<div class=\"property-label\">IP-Schutz: IP 40<\/div>\n<div class=\"property-label\">Batterielebensdauer (2 AA 3,6 V Lithiumbatterien): 2 Jahre<\/div>\n<div class=\"property-label\">Sichere Montage: diebstahlsichere Wandhalterung mit Vorh\u00e4ngeschloss<\/div>\n<div class=\"property-label\">Abmessungen: 110 x 79 x 35 mm<\/div>\n<div class=\"property-label\">Gewicht: 206g<\/div>\n<\/div>\n<div class=\"property-table__column\">\n<div class=\"property-table__column\">\n<div>\n<div class=\"property-table__column\">\n<div><\/div>\n<\/div>\n<\/div>\n<\/div>\n<\/div>\n","protected":false},"excerpt":{"rendered":"<p>Raumluftqualit\u00e4tsmonitor, der CO2, Luftfeuchtigkeit, Temperatur und Druck aufzeichnet.<\/p>\n","protected":false},"featured_media":29958,"template":"","meta":{"_crdt_document":""},"product_brand":[],"product_cat":[185,248,374],"product_tag":[],"class_list":{"0":"post-29954","1":"product","2":"type-product","3":"status-publish","4":"has-post-thumbnail","6":"product_cat-analyzer-de","7":"product_cat-co2-de","8":"product_cat-gas-de","10":"first","11":"instock","12":"taxable","13":"shipping-taxable","14":"product-type-simple"},"yoast_head":"<!-- This site is optimized with the Yoast SEO plugin v27.3 - https:\/\/yoast.com\/product\/yoast-seo-wordpress\/ -->\n<title>CO2- und Raumluftqualit\u00e4tslogger KCC320 - Sysmatec<\/title>\n<meta name=\"description\" content=\"Logger f\u00fcr die Luftqualit\u00e4t in Innenr\u00e4umen zur Messung von CO2, Temperatur, Luftfeuchtigkeit und Druck.\" \/>\n<meta name=\"robots\" content=\"index, follow, max-snippet:-1, max-image-preview:large, max-video-preview:-1\" \/>\n<link rel=\"canonical\" href=\"https:\/\/sysmatec.ch\/de\/Produkt\/co2-und-raumluftqualitaetslogger-kcc320\/\" \/>\n<meta property=\"og:locale\" content=\"de_DE\" \/>\n<meta property=\"og:type\" content=\"article\" \/>\n<meta property=\"og:title\" content=\"CO2- und Raumluftqualit\u00e4tslogger KCC320 - Sysmatec\" \/>\n<meta property=\"og:description\" content=\"Logger f\u00fcr die Luftqualit\u00e4t in Innenr\u00e4umen zur Messung von CO2, Temperatur, Luftfeuchtigkeit und Druck.\" \/>\n<meta property=\"og:url\" content=\"https:\/\/sysmatec.ch\/de\/Produkt\/co2-und-raumluftqualitaetslogger-kcc320\/\" \/>\n<meta property=\"og:site_name\" content=\"Sysmatec\" \/>\n<meta property=\"article:modified_time\" content=\"2024-09-05T08:47:23+00:00\" \/>\n<meta property=\"og:image\" content=\"https:\/\/sysmatec.ch\/wp-content\/uploads\/2024\/09\/EnregistreurCO2_KimoKCC320.jpg\" \/>\n\t<meta property=\"og:image:width\" content=\"515\" \/>\n\t<meta property=\"og:image:height\" content=\"589\" \/>\n\t<meta property=\"og:image:type\" content=\"image\/jpeg\" \/>\n<meta name=\"twitter:card\" content=\"summary_large_image\" \/>\n<meta name=\"twitter:label1\" content=\"Gesch\u00e4tzte Lesezeit\" \/>\n\t<meta name=\"twitter:data1\" content=\"2\u00a0Minuten\" \/>\n<script type=\"application\/ld+json\" class=\"yoast-schema-graph\">{\"@context\":\"https:\\\/\\\/schema.org\",\"@graph\":[{\"@type\":\"WebPage\",\"@id\":\"https:\\\/\\\/sysmatec.ch\\\/de\\\/Produkt\\\/co2-und-raumluftqualitaetslogger-kcc320\\\/\",\"url\":\"https:\\\/\\\/sysmatec.ch\\\/de\\\/Produkt\\\/co2-und-raumluftqualitaetslogger-kcc320\\\/\",\"name\":\"CO2- und Raumluftqualit\u00e4tslogger KCC320 - Sysmatec\",\"isPartOf\":{\"@id\":\"https:\\\/\\\/sysmatec.ch\\\/de\\\/#website\"},\"primaryImageOfPage\":{\"@id\":\"https:\\\/\\\/sysmatec.ch\\\/de\\\/Produkt\\\/co2-und-raumluftqualitaetslogger-kcc320\\\/#primaryimage\"},\"image\":{\"@id\":\"https:\\\/\\\/sysmatec.ch\\\/de\\\/Produkt\\\/co2-und-raumluftqualitaetslogger-kcc320\\\/#primaryimage\"},\"thumbnailUrl\":\"https:\\\/\\\/sysmatec.ch\\\/wp-content\\\/uploads\\\/2024\\\/09\\\/EnregistreurCO2_KimoKCC320.jpg\",\"datePublished\":\"2024-09-05T07:40:09+00:00\",\"dateModified\":\"2024-09-05T08:47:23+00:00\",\"description\":\"Logger f\u00fcr die Luftqualit\u00e4t in Innenr\u00e4umen zur Messung von CO2, Temperatur, Luftfeuchtigkeit und Druck.\",\"breadcrumb\":{\"@id\":\"https:\\\/\\\/sysmatec.ch\\\/de\\\/Produkt\\\/co2-und-raumluftqualitaetslogger-kcc320\\\/#breadcrumb\"},\"inLanguage\":\"de\",\"potentialAction\":[{\"@type\":\"ReadAction\",\"target\":[\"https:\\\/\\\/sysmatec.ch\\\/de\\\/Produkt\\\/co2-und-raumluftqualitaetslogger-kcc320\\\/\"]}]},{\"@type\":\"ImageObject\",\"inLanguage\":\"de\",\"@id\":\"https:\\\/\\\/sysmatec.ch\\\/de\\\/Produkt\\\/co2-und-raumluftqualitaetslogger-kcc320\\\/#primaryimage\",\"url\":\"https:\\\/\\\/sysmatec.ch\\\/wp-content\\\/uploads\\\/2024\\\/09\\\/EnregistreurCO2_KimoKCC320.jpg\",\"contentUrl\":\"https:\\\/\\\/sysmatec.ch\\\/wp-content\\\/uploads\\\/2024\\\/09\\\/EnregistreurCO2_KimoKCC320.jpg\",\"width\":515,\"height\":589},{\"@type\":\"BreadcrumbList\",\"@id\":\"https:\\\/\\\/sysmatec.ch\\\/de\\\/Produkt\\\/co2-und-raumluftqualitaetslogger-kcc320\\\/#breadcrumb\",\"itemListElement\":[{\"@type\":\"ListItem\",\"position\":1,\"name\":\"Accueil\",\"item\":\"https:\\\/\\\/sysmatec.ch\\\/de\\\/\"},{\"@type\":\"ListItem\",\"position\":2,\"name\":\"Die Aktivit\u00e4t von Sysmatec\",\"item\":\"https:\\\/\\\/sysmatec.ch\\\/de\\\/\"},{\"@type\":\"ListItem\",\"position\":3,\"name\":\"CO2- und Raumluftqualit\u00e4tslogger KCC320\"}]},{\"@type\":\"WebSite\",\"@id\":\"https:\\\/\\\/sysmatec.ch\\\/de\\\/#website\",\"url\":\"https:\\\/\\\/sysmatec.ch\\\/de\\\/\",\"name\":\"Sysmatec\",\"description\":\"Equipement de laboratoire et logiciels\",\"publisher\":{\"@id\":\"https:\\\/\\\/sysmatec.ch\\\/de\\\/#organization\"},\"potentialAction\":[{\"@type\":\"SearchAction\",\"target\":{\"@type\":\"EntryPoint\",\"urlTemplate\":\"https:\\\/\\\/sysmatec.ch\\\/de\\\/?s={search_term_string}\"},\"query-input\":{\"@type\":\"PropertyValueSpecification\",\"valueRequired\":true,\"valueName\":\"search_term_string\"}}],\"inLanguage\":\"de\"},{\"@type\":\"Organization\",\"@id\":\"https:\\\/\\\/sysmatec.ch\\\/de\\\/#organization\",\"name\":\"Sysmatec\",\"url\":\"https:\\\/\\\/sysmatec.ch\\\/de\\\/\",\"logo\":{\"@type\":\"ImageObject\",\"inLanguage\":\"de\",\"@id\":\"https:\\\/\\\/sysmatec.ch\\\/de\\\/#\\\/schema\\\/logo\\\/image\\\/\",\"url\":\"https:\\\/\\\/sysmatec.ch\\\/wp-content\\\/uploads\\\/2018\\\/11\\\/LogoSysmatec.jpg\",\"contentUrl\":\"https:\\\/\\\/sysmatec.ch\\\/wp-content\\\/uploads\\\/2018\\\/11\\\/LogoSysmatec.jpg\",\"width\":301,\"height\":297,\"caption\":\"Sysmatec\"},\"image\":{\"@id\":\"https:\\\/\\\/sysmatec.ch\\\/de\\\/#\\\/schema\\\/logo\\\/image\\\/\"}}]}<\/script>\n<!-- \/ Yoast SEO plugin. -->","yoast_head_json":{"title":"CO2- und Raumluftqualit\u00e4tslogger KCC320 - Sysmatec","description":"Logger f\u00fcr die Luftqualit\u00e4t in Innenr\u00e4umen zur Messung von CO2, Temperatur, Luftfeuchtigkeit und Druck.","robots":{"index":"index","follow":"follow","max-snippet":"max-snippet:-1","max-image-preview":"max-image-preview:large","max-video-preview":"max-video-preview:-1"},"canonical":"https:\/\/sysmatec.ch\/de\/Produkt\/co2-und-raumluftqualitaetslogger-kcc320\/","og_locale":"de_DE","og_type":"article","og_title":"CO2- und Raumluftqualit\u00e4tslogger KCC320 - Sysmatec","og_description":"Logger f\u00fcr die Luftqualit\u00e4t in Innenr\u00e4umen zur Messung von CO2, Temperatur, Luftfeuchtigkeit und Druck.","og_url":"https:\/\/sysmatec.ch\/de\/Produkt\/co2-und-raumluftqualitaetslogger-kcc320\/","og_site_name":"Sysmatec","article_modified_time":"2024-09-05T08:47:23+00:00","og_image":[{"width":515,"height":589,"url":"https:\/\/sysmatec.ch\/wp-content\/uploads\/2024\/09\/EnregistreurCO2_KimoKCC320.jpg","type":"image\/jpeg"}],"twitter_card":"summary_large_image","twitter_misc":{"Gesch\u00e4tzte Lesezeit":"2\u00a0Minuten"},"schema":{"@context":"https:\/\/schema.org","@graph":[{"@type":"WebPage","@id":"https:\/\/sysmatec.ch\/de\/Produkt\/co2-und-raumluftqualitaetslogger-kcc320\/","url":"https:\/\/sysmatec.ch\/de\/Produkt\/co2-und-raumluftqualitaetslogger-kcc320\/","name":"CO2- und Raumluftqualit\u00e4tslogger KCC320 - Sysmatec","isPartOf":{"@id":"https:\/\/sysmatec.ch\/de\/#website"},"primaryImageOfPage":{"@id":"https:\/\/sysmatec.ch\/de\/Produkt\/co2-und-raumluftqualitaetslogger-kcc320\/#primaryimage"},"image":{"@id":"https:\/\/sysmatec.ch\/de\/Produkt\/co2-und-raumluftqualitaetslogger-kcc320\/#primaryimage"},"thumbnailUrl":"https:\/\/sysmatec.ch\/wp-content\/uploads\/2024\/09\/EnregistreurCO2_KimoKCC320.jpg","datePublished":"2024-09-05T07:40:09+00:00","dateModified":"2024-09-05T08:47:23+00:00","description":"Logger f\u00fcr die Luftqualit\u00e4t in Innenr\u00e4umen zur Messung von CO2, Temperatur, Luftfeuchtigkeit und Druck.","breadcrumb":{"@id":"https:\/\/sysmatec.ch\/de\/Produkt\/co2-und-raumluftqualitaetslogger-kcc320\/#breadcrumb"},"inLanguage":"de","potentialAction":[{"@type":"ReadAction","target":["https:\/\/sysmatec.ch\/de\/Produkt\/co2-und-raumluftqualitaetslogger-kcc320\/"]}]},{"@type":"ImageObject","inLanguage":"de","@id":"https:\/\/sysmatec.ch\/de\/Produkt\/co2-und-raumluftqualitaetslogger-kcc320\/#primaryimage","url":"https:\/\/sysmatec.ch\/wp-content\/uploads\/2024\/09\/EnregistreurCO2_KimoKCC320.jpg","contentUrl":"https:\/\/sysmatec.ch\/wp-content\/uploads\/2024\/09\/EnregistreurCO2_KimoKCC320.jpg","width":515,"height":589},{"@type":"BreadcrumbList","@id":"https:\/\/sysmatec.ch\/de\/Produkt\/co2-und-raumluftqualitaetslogger-kcc320\/#breadcrumb","itemListElement":[{"@type":"ListItem","position":1,"name":"Accueil","item":"https:\/\/sysmatec.ch\/de\/"},{"@type":"ListItem","position":2,"name":"Die Aktivit\u00e4t von Sysmatec","item":"https:\/\/sysmatec.ch\/de\/"},{"@type":"ListItem","position":3,"name":"CO2- und Raumluftqualit\u00e4tslogger KCC320"}]},{"@type":"WebSite","@id":"https:\/\/sysmatec.ch\/de\/#website","url":"https:\/\/sysmatec.ch\/de\/","name":"Sysmatec","description":"Equipement de laboratoire et logiciels","publisher":{"@id":"https:\/\/sysmatec.ch\/de\/#organization"},"potentialAction":[{"@type":"SearchAction","target":{"@type":"EntryPoint","urlTemplate":"https:\/\/sysmatec.ch\/de\/?s={search_term_string}"},"query-input":{"@type":"PropertyValueSpecification","valueRequired":true,"valueName":"search_term_string"}}],"inLanguage":"de"},{"@type":"Organization","@id":"https:\/\/sysmatec.ch\/de\/#organization","name":"Sysmatec","url":"https:\/\/sysmatec.ch\/de\/","logo":{"@type":"ImageObject","inLanguage":"de","@id":"https:\/\/sysmatec.ch\/de\/#\/schema\/logo\/image\/","url":"https:\/\/sysmatec.ch\/wp-content\/uploads\/2018\/11\/LogoSysmatec.jpg","contentUrl":"https:\/\/sysmatec.ch\/wp-content\/uploads\/2018\/11\/LogoSysmatec.jpg","width":301,"height":297,"caption":"Sysmatec"},"image":{"@id":"https:\/\/sysmatec.ch\/de\/#\/schema\/logo\/image\/"}}]}},"_links":{"self":[{"href":"https:\/\/sysmatec.ch\/de\/wp-json\/wp\/v2\/product\/29954","targetHints":{"allow":["GET"]}}],"collection":[{"href":"https:\/\/sysmatec.ch\/de\/wp-json\/wp\/v2\/product"}],"about":[{"href":"https:\/\/sysmatec.ch\/de\/wp-json\/wp\/v2\/types\/product"}],"wp:featuredmedia":[{"embeddable":true,"href":"https:\/\/sysmatec.ch\/de\/wp-json\/wp\/v2\/media\/29958"}],"wp:attachment":[{"href":"https:\/\/sysmatec.ch\/de\/wp-json\/wp\/v2\/media?parent=29954"}],"wp:term":[{"taxonomy":"product_brand","embeddable":true,"href":"https:\/\/sysmatec.ch\/de\/wp-json\/wp\/v2\/product_brand?post=29954"},{"taxonomy":"product_cat","embeddable":true,"href":"https:\/\/sysmatec.ch\/de\/wp-json\/wp\/v2\/product_cat?post=29954"},{"taxonomy":"product_tag","embeddable":true,"href":"https:\/\/sysmatec.ch\/de\/wp-json\/wp\/v2\/product_tag?post=29954"}],"curies":[{"name":"wp","href":"https:\/\/api.w.org\/{rel}","templated":true}]}}