{"id":29919,"date":"2024-09-03T18:24:03","date_gmt":"2024-09-03T16:24:03","guid":{"rendered":"https:\/\/sysmatec.ch\/?post_type=product&#038;p=29919"},"modified":"2025-10-27T14:15:16","modified_gmt":"2025-10-27T13:15:16","slug":"rotor-fuer-sorvall-lynx-4000-zentrifugenrotor","status":"publish","type":"product","link":"https:\/\/sysmatec.ch\/de\/Produkt\/rotor-fuer-sorvall-lynx-4000-zentrifugenrotor\/","title":{"rendered":"Rotor f\u00fcr Sorvall LYNX 4000 Zentrifugenrotor"},"content":{"rendered":"<p>Modell: Fiberlite Nr. F21-8x50y<\/p>\n<p>Eigenschaften: 52 000 x g, 21 000 U\/min, 8 x 50 ml<\/p>\n<p>Jahr der ersten Nutzung: 2017<\/p>\n<p>Der Rotor besteht aus korrosionsbest\u00e4ndiger Kohlefaser, was Rotorausf\u00e4llen vorbeugt und eine einfache Reinigung und Wartung gew\u00e4hrleistet.<br \/>\nDar\u00fcber hinaus verf\u00fcgt es \u00fcber erweiterte Sicherheitsfunktionen mit einem Bioseal-Deckel, um sicherzustellen, dass die Proben an Ort und Stelle bleiben und Benutzer vor gef\u00e4hrlichen Chemikalien gesch\u00fctzt sind. Der F21-8x50y-Rotor passt auf konische Einwegr\u00f6hrchen, wodurch das Risiko einer Kreuzkontamination verringert und viele unproduktive Aufgaben wie Probentransfers und Autoklavieren entfallen.<\/p>\n<p>fast ungebraucht, praktisch neu<\/p>\n<p>Neupreis: 10 000 CHF<\/p>\n<p>Verkaufspreis: 1 500 CHF<\/p>\n","protected":false},"excerpt":{"rendered":"<p>Rotor f\u00fcr Sorvall LYNX 4000 Zentrifuge<\/p>\n","protected":false},"featured_media":29928,"template":"","meta":{"_crdt_document":""},"product_brand":[],"product_cat":[272,359],"product_tag":[],"class_list":{"0":"post-29919","1":"product","2":"type-product","3":"status-publish","4":"has-post-thumbnail","6":"product_cat-gebraucht","7":"product_cat-laborgerate","9":"first","10":"instock","11":"taxable","12":"shipping-taxable","13":"product-type-simple"},"yoast_head":"<!-- This site is optimized with the Yoast SEO plugin v27.4 - https:\/\/yoast.com\/product\/yoast-seo-wordpress\/ -->\n<title>Rotor f\u00fcr Sorvall LYNX 4000 Zentrifugenrotor - Sysmatec<\/title>\n<meta name=\"description\" content=\"Rotor f\u00fcr Sorvall LYNX 4000 Zentrifuge. Kapazit\u00e4t: 8x50 ml. Maximale Drehzahl: 21 000 U\/min. Maximale relative Zentrifugalbeschleunigung: 52 800 g.\" \/>\n<meta name=\"robots\" content=\"index, follow, max-snippet:-1, max-image-preview:large, max-video-preview:-1\" \/>\n<link rel=\"canonical\" href=\"https:\/\/sysmatec.ch\/de\/Produkt\/rotor-fuer-sorvall-lynx-4000-zentrifugenrotor\/\" \/>\n<meta property=\"og:locale\" content=\"de_DE\" \/>\n<meta property=\"og:type\" content=\"article\" \/>\n<meta property=\"og:title\" content=\"Rotor f\u00fcr Sorvall LYNX 4000 Zentrifugenrotor - Sysmatec\" \/>\n<meta property=\"og:description\" content=\"Rotor f\u00fcr Sorvall LYNX 4000 Zentrifuge. Kapazit\u00e4t: 8x50 ml. Maximale Drehzahl: 21 000 U\/min. Maximale relative Zentrifugalbeschleunigung: 52 800 g.\" \/>\n<meta property=\"og:url\" content=\"https:\/\/sysmatec.ch\/de\/Produkt\/rotor-fuer-sorvall-lynx-4000-zentrifugenrotor\/\" \/>\n<meta property=\"og:site_name\" content=\"Sysmatec\" \/>\n<meta property=\"article:modified_time\" content=\"2025-10-27T13:15:16+00:00\" \/>\n<meta property=\"og:image\" content=\"https:\/\/sysmatec.ch\/wp-content\/uploads\/2024\/09\/RotorCentrifugeuse_Sorvall-LYNX-4000.jpg\" \/>\n\t<meta property=\"og:image:width\" content=\"750\" \/>\n\t<meta property=\"og:image:height\" content=\"495\" \/>\n\t<meta property=\"og:image:type\" content=\"image\/jpeg\" \/>\n<meta name=\"twitter:card\" content=\"summary_large_image\" \/>\n<meta name=\"twitter:label1\" content=\"Gesch\u00e4tzte Lesezeit\" \/>\n\t<meta name=\"twitter:data1\" content=\"1\u00a0Minute\" \/>\n<script type=\"application\/ld+json\" class=\"yoast-schema-graph\">{\"@context\":\"https:\\\/\\\/schema.org\",\"@graph\":[{\"@type\":\"WebPage\",\"@id\":\"https:\\\/\\\/sysmatec.ch\\\/de\\\/Produkt\\\/rotor-fuer-sorvall-lynx-4000-zentrifugenrotor\\\/\",\"url\":\"https:\\\/\\\/sysmatec.ch\\\/de\\\/Produkt\\\/rotor-fuer-sorvall-lynx-4000-zentrifugenrotor\\\/\",\"name\":\"Rotor f\u00fcr Sorvall LYNX 4000 Zentrifugenrotor - Sysmatec\",\"isPartOf\":{\"@id\":\"https:\\\/\\\/sysmatec.ch\\\/de\\\/#website\"},\"primaryImageOfPage\":{\"@id\":\"https:\\\/\\\/sysmatec.ch\\\/de\\\/Produkt\\\/rotor-fuer-sorvall-lynx-4000-zentrifugenrotor\\\/#primaryimage\"},\"image\":{\"@id\":\"https:\\\/\\\/sysmatec.ch\\\/de\\\/Produkt\\\/rotor-fuer-sorvall-lynx-4000-zentrifugenrotor\\\/#primaryimage\"},\"thumbnailUrl\":\"https:\\\/\\\/sysmatec.ch\\\/wp-content\\\/uploads\\\/2024\\\/09\\\/RotorCentrifugeuse_Sorvall-LYNX-4000.jpg\",\"datePublished\":\"2024-09-03T16:24:03+00:00\",\"dateModified\":\"2025-10-27T13:15:16+00:00\",\"description\":\"Rotor f\u00fcr Sorvall LYNX 4000 Zentrifuge. Kapazit\u00e4t: 8x50 ml. Maximale Drehzahl: 21 000 U\\\/min. Maximale relative Zentrifugalbeschleunigung: 52 800 g.\",\"breadcrumb\":{\"@id\":\"https:\\\/\\\/sysmatec.ch\\\/de\\\/Produkt\\\/rotor-fuer-sorvall-lynx-4000-zentrifugenrotor\\\/#breadcrumb\"},\"inLanguage\":\"de\",\"potentialAction\":[{\"@type\":\"ReadAction\",\"target\":[\"https:\\\/\\\/sysmatec.ch\\\/de\\\/Produkt\\\/rotor-fuer-sorvall-lynx-4000-zentrifugenrotor\\\/\"]}]},{\"@type\":\"ImageObject\",\"inLanguage\":\"de\",\"@id\":\"https:\\\/\\\/sysmatec.ch\\\/de\\\/Produkt\\\/rotor-fuer-sorvall-lynx-4000-zentrifugenrotor\\\/#primaryimage\",\"url\":\"https:\\\/\\\/sysmatec.ch\\\/wp-content\\\/uploads\\\/2024\\\/09\\\/RotorCentrifugeuse_Sorvall-LYNX-4000.jpg\",\"contentUrl\":\"https:\\\/\\\/sysmatec.ch\\\/wp-content\\\/uploads\\\/2024\\\/09\\\/RotorCentrifugeuse_Sorvall-LYNX-4000.jpg\",\"width\":750,\"height\":495},{\"@type\":\"BreadcrumbList\",\"@id\":\"https:\\\/\\\/sysmatec.ch\\\/de\\\/Produkt\\\/rotor-fuer-sorvall-lynx-4000-zentrifugenrotor\\\/#breadcrumb\",\"itemListElement\":[{\"@type\":\"ListItem\",\"position\":1,\"name\":\"Accueil\",\"item\":\"https:\\\/\\\/sysmatec.ch\\\/de\\\/\"},{\"@type\":\"ListItem\",\"position\":2,\"name\":\"Die Aktivit\u00e4t von Sysmatec\",\"item\":\"https:\\\/\\\/sysmatec.ch\\\/de\\\/\"},{\"@type\":\"ListItem\",\"position\":3,\"name\":\"Rotor f\u00fcr Sorvall LYNX 4000 Zentrifugenrotor\"}]},{\"@type\":\"WebSite\",\"@id\":\"https:\\\/\\\/sysmatec.ch\\\/de\\\/#website\",\"url\":\"https:\\\/\\\/sysmatec.ch\\\/de\\\/\",\"name\":\"Sysmatec\",\"description\":\"Equipement de laboratoire et logiciels\",\"publisher\":{\"@id\":\"https:\\\/\\\/sysmatec.ch\\\/de\\\/#organization\"},\"potentialAction\":[{\"@type\":\"SearchAction\",\"target\":{\"@type\":\"EntryPoint\",\"urlTemplate\":\"https:\\\/\\\/sysmatec.ch\\\/de\\\/?s={search_term_string}\"},\"query-input\":{\"@type\":\"PropertyValueSpecification\",\"valueRequired\":true,\"valueName\":\"search_term_string\"}}],\"inLanguage\":\"de\"},{\"@type\":\"Organization\",\"@id\":\"https:\\\/\\\/sysmatec.ch\\\/de\\\/#organization\",\"name\":\"Sysmatec\",\"url\":\"https:\\\/\\\/sysmatec.ch\\\/de\\\/\",\"logo\":{\"@type\":\"ImageObject\",\"inLanguage\":\"de\",\"@id\":\"https:\\\/\\\/sysmatec.ch\\\/de\\\/#\\\/schema\\\/logo\\\/image\\\/\",\"url\":\"https:\\\/\\\/sysmatec.ch\\\/wp-content\\\/uploads\\\/2018\\\/11\\\/LogoSysmatec.jpg\",\"contentUrl\":\"https:\\\/\\\/sysmatec.ch\\\/wp-content\\\/uploads\\\/2018\\\/11\\\/LogoSysmatec.jpg\",\"width\":301,\"height\":297,\"caption\":\"Sysmatec\"},\"image\":{\"@id\":\"https:\\\/\\\/sysmatec.ch\\\/de\\\/#\\\/schema\\\/logo\\\/image\\\/\"}}]}<\/script>\n<!-- \/ Yoast SEO plugin. -->","yoast_head_json":{"title":"Rotor f\u00fcr Sorvall LYNX 4000 Zentrifugenrotor - Sysmatec","description":"Rotor f\u00fcr Sorvall LYNX 4000 Zentrifuge. Kapazit\u00e4t: 8x50 ml. Maximale Drehzahl: 21 000 U\/min. Maximale relative Zentrifugalbeschleunigung: 52 800 g.","robots":{"index":"index","follow":"follow","max-snippet":"max-snippet:-1","max-image-preview":"max-image-preview:large","max-video-preview":"max-video-preview:-1"},"canonical":"https:\/\/sysmatec.ch\/de\/Produkt\/rotor-fuer-sorvall-lynx-4000-zentrifugenrotor\/","og_locale":"de_DE","og_type":"article","og_title":"Rotor f\u00fcr Sorvall LYNX 4000 Zentrifugenrotor - Sysmatec","og_description":"Rotor f\u00fcr Sorvall LYNX 4000 Zentrifuge. Kapazit\u00e4t: 8x50 ml. Maximale Drehzahl: 21 000 U\/min. Maximale relative Zentrifugalbeschleunigung: 52 800 g.","og_url":"https:\/\/sysmatec.ch\/de\/Produkt\/rotor-fuer-sorvall-lynx-4000-zentrifugenrotor\/","og_site_name":"Sysmatec","article_modified_time":"2025-10-27T13:15:16+00:00","og_image":[{"width":750,"height":495,"url":"https:\/\/sysmatec.ch\/wp-content\/uploads\/2024\/09\/RotorCentrifugeuse_Sorvall-LYNX-4000.jpg","type":"image\/jpeg"}],"twitter_card":"summary_large_image","twitter_misc":{"Gesch\u00e4tzte Lesezeit":"1\u00a0Minute"},"schema":{"@context":"https:\/\/schema.org","@graph":[{"@type":"WebPage","@id":"https:\/\/sysmatec.ch\/de\/Produkt\/rotor-fuer-sorvall-lynx-4000-zentrifugenrotor\/","url":"https:\/\/sysmatec.ch\/de\/Produkt\/rotor-fuer-sorvall-lynx-4000-zentrifugenrotor\/","name":"Rotor f\u00fcr Sorvall LYNX 4000 Zentrifugenrotor - Sysmatec","isPartOf":{"@id":"https:\/\/sysmatec.ch\/de\/#website"},"primaryImageOfPage":{"@id":"https:\/\/sysmatec.ch\/de\/Produkt\/rotor-fuer-sorvall-lynx-4000-zentrifugenrotor\/#primaryimage"},"image":{"@id":"https:\/\/sysmatec.ch\/de\/Produkt\/rotor-fuer-sorvall-lynx-4000-zentrifugenrotor\/#primaryimage"},"thumbnailUrl":"https:\/\/sysmatec.ch\/wp-content\/uploads\/2024\/09\/RotorCentrifugeuse_Sorvall-LYNX-4000.jpg","datePublished":"2024-09-03T16:24:03+00:00","dateModified":"2025-10-27T13:15:16+00:00","description":"Rotor f\u00fcr Sorvall LYNX 4000 Zentrifuge. Kapazit\u00e4t: 8x50 ml. Maximale Drehzahl: 21 000 U\/min. Maximale relative Zentrifugalbeschleunigung: 52 800 g.","breadcrumb":{"@id":"https:\/\/sysmatec.ch\/de\/Produkt\/rotor-fuer-sorvall-lynx-4000-zentrifugenrotor\/#breadcrumb"},"inLanguage":"de","potentialAction":[{"@type":"ReadAction","target":["https:\/\/sysmatec.ch\/de\/Produkt\/rotor-fuer-sorvall-lynx-4000-zentrifugenrotor\/"]}]},{"@type":"ImageObject","inLanguage":"de","@id":"https:\/\/sysmatec.ch\/de\/Produkt\/rotor-fuer-sorvall-lynx-4000-zentrifugenrotor\/#primaryimage","url":"https:\/\/sysmatec.ch\/wp-content\/uploads\/2024\/09\/RotorCentrifugeuse_Sorvall-LYNX-4000.jpg","contentUrl":"https:\/\/sysmatec.ch\/wp-content\/uploads\/2024\/09\/RotorCentrifugeuse_Sorvall-LYNX-4000.jpg","width":750,"height":495},{"@type":"BreadcrumbList","@id":"https:\/\/sysmatec.ch\/de\/Produkt\/rotor-fuer-sorvall-lynx-4000-zentrifugenrotor\/#breadcrumb","itemListElement":[{"@type":"ListItem","position":1,"name":"Accueil","item":"https:\/\/sysmatec.ch\/de\/"},{"@type":"ListItem","position":2,"name":"Die Aktivit\u00e4t von Sysmatec","item":"https:\/\/sysmatec.ch\/de\/"},{"@type":"ListItem","position":3,"name":"Rotor f\u00fcr Sorvall LYNX 4000 Zentrifugenrotor"}]},{"@type":"WebSite","@id":"https:\/\/sysmatec.ch\/de\/#website","url":"https:\/\/sysmatec.ch\/de\/","name":"Sysmatec","description":"Equipement de laboratoire et logiciels","publisher":{"@id":"https:\/\/sysmatec.ch\/de\/#organization"},"potentialAction":[{"@type":"SearchAction","target":{"@type":"EntryPoint","urlTemplate":"https:\/\/sysmatec.ch\/de\/?s={search_term_string}"},"query-input":{"@type":"PropertyValueSpecification","valueRequired":true,"valueName":"search_term_string"}}],"inLanguage":"de"},{"@type":"Organization","@id":"https:\/\/sysmatec.ch\/de\/#organization","name":"Sysmatec","url":"https:\/\/sysmatec.ch\/de\/","logo":{"@type":"ImageObject","inLanguage":"de","@id":"https:\/\/sysmatec.ch\/de\/#\/schema\/logo\/image\/","url":"https:\/\/sysmatec.ch\/wp-content\/uploads\/2018\/11\/LogoSysmatec.jpg","contentUrl":"https:\/\/sysmatec.ch\/wp-content\/uploads\/2018\/11\/LogoSysmatec.jpg","width":301,"height":297,"caption":"Sysmatec"},"image":{"@id":"https:\/\/sysmatec.ch\/de\/#\/schema\/logo\/image\/"}}]}},"_links":{"self":[{"href":"https:\/\/sysmatec.ch\/de\/wp-json\/wp\/v2\/product\/29919","targetHints":{"allow":["GET"]}}],"collection":[{"href":"https:\/\/sysmatec.ch\/de\/wp-json\/wp\/v2\/product"}],"about":[{"href":"https:\/\/sysmatec.ch\/de\/wp-json\/wp\/v2\/types\/product"}],"wp:featuredmedia":[{"embeddable":true,"href":"https:\/\/sysmatec.ch\/de\/wp-json\/wp\/v2\/media\/29928"}],"wp:attachment":[{"href":"https:\/\/sysmatec.ch\/de\/wp-json\/wp\/v2\/media?parent=29919"}],"wp:term":[{"taxonomy":"product_brand","embeddable":true,"href":"https:\/\/sysmatec.ch\/de\/wp-json\/wp\/v2\/product_brand?post=29919"},{"taxonomy":"product_cat","embeddable":true,"href":"https:\/\/sysmatec.ch\/de\/wp-json\/wp\/v2\/product_cat?post=29919"},{"taxonomy":"product_tag","embeddable":true,"href":"https:\/\/sysmatec.ch\/de\/wp-json\/wp\/v2\/product_tag?post=29919"}],"curies":[{"name":"wp","href":"https:\/\/api.w.org\/{rel}","templated":true}]}}