{"id":29900,"date":"2024-08-15T09:52:05","date_gmt":"2024-08-15T07:52:05","guid":{"rendered":"https:\/\/sysmatec.ch\/?post_type=product&#038;p=29900"},"modified":"2024-08-15T10:13:03","modified_gmt":"2024-08-15T08:13:03","slug":"luftqualitaetsmonitor-temptop-lkc-1000s","status":"publish","type":"product","link":"https:\/\/sysmatec.ch\/de\/Produkt\/luftqualitaetsmonitor-temptop-lkc-1000s\/","title":{"rendered":"Luftqualit\u00e4tsmonitor Temptop LKC-1000S"},"content":{"rendered":"<p>Dieser Luftqualit\u00e4tsdetektor misst PM2,5- und PM10-Partikel, HCHO (Formaldehyd), TVOC, Temperatur und Luftfeuchtigkeit.<\/p>\n<p>Der fortschrittliche Laserpartikelsensor der dritten Generation von Tempop hat eine Lebensdauer von bis zu 20.000 Stunden. In Kombination mit dem einzigartigen Partikelschwarmoptimierungsalgorithmus wird die Partikelmessung genauer und stabiler.<\/p>\n<p>Die vorkalibrierten elektrochemischen Sensoren erfassen Formaldehydmolek\u00fcle pr\u00e4zise und verf\u00fcgen \u00fcber eine Erkennungsfunktion, die ein breites Spektrum organischer Schadstoffe abdeckt.<\/p>\n<h2>Technische Daten<\/h2>\n<ul>\n<li>Batteriekapazit\u00e4t: 3000 mAh<\/li>\n<li>Batterielebensdauer: 6-8 Stunden nach vollst\u00e4ndiger Aufladung<\/li>\n<li>Eingang: DC5V\/1A<\/li>\n<li>Arbeitsumgebung 0 bis 50 \u00b0C, 0 bis 90 % relative Luftfeuchtigkeit<\/li>\n<li>PM2.5-Messbereich: 0\u2013999 \u03bcg\/m\u00b3 (Aufl\u00f6sung: 0,1 \u03bcg\/m\u00b3)<\/li>\n<li>PM2.5-Genauigkeit: \u00b110 \u03bcg\/m\u00b3 (0\u2013100 \u03bcg\/m\u00b3), \u00b110 % (100\u2013500 \u03bcg\/m\u00b3)<\/li>\n<li>PM10-Messbereich: 0\u2013999 \u03bcg\/m\u00b3 (Aufl\u00f6sung: 0,1 \u03bcg\/m\u00b3)<\/li>\n<li>PM10-Genauigkeit: \u00b115 \u03bcg\/m\u00b3 (0\u2013100 \u03bcg\/m\u00b3), \u00b115 % (100\u2013500 \u03bcg\/m\u00b3)<\/li>\n<li>HCHO-Messbereich Bereich: 0\u20132 mg\/m\u00b3 (Aufl\u00f6sung: 0,01 mg\/m\u00b3)<\/li>\n<li>HCHO-Genauigkeit: \u00b10,03 mg\/m\u00b3 (0\u20130,3 mg\/m\u00b3), \u00b115 % (0,3\u20132 mg\/m\u00b3)<\/li>\n<li>St\u00f6rgase von HCHO: CO, H2S, H2, SO2, NO2, NO, CL2, C2H4, NH3. CO2, Methanol, Ethanol, Phenole<\/li>\n<\/ul>\n","protected":false},"excerpt":{"rendered":"<p>Dieser Detektor misst die Partikelwerte PM2,5 und PM10, VOCs, Formaldehyd, Temperatur und Luftfeuchtigkeit<\/p>\n","protected":false},"featured_media":29903,"template":"","meta":{"_crdt_document":""},"product_brand":[],"product_cat":[185,248,374],"product_tag":[],"class_list":{"0":"post-29900","1":"product","2":"type-product","3":"status-publish","4":"has-post-thumbnail","6":"product_cat-analyzer-de","7":"product_cat-co2-de","8":"product_cat-gas-de","10":"first","11":"instock","12":"taxable","13":"shipping-taxable","14":"product-type-simple"},"yoast_head":"<!-- This site is optimized with the Yoast SEO plugin v27.4 - https:\/\/yoast.com\/product\/yoast-seo-wordpress\/ -->\n<title>Luftqualit\u00e4tsmonitor Temptop LKC-1000S - Sysmatec<\/title>\n<meta name=\"description\" content=\"Luftqualit\u00e4tsmessger\u00e4t, PM2,5, PM10. Es misst auch Temperatur, Luftfeuchtigkeit, VOCs und Formaldehyd.\" \/>\n<meta name=\"robots\" content=\"index, follow, max-snippet:-1, max-image-preview:large, max-video-preview:-1\" \/>\n<link rel=\"canonical\" href=\"https:\/\/sysmatec.ch\/de\/Produkt\/luftqualitaetsmonitor-temptop-lkc-1000s\/\" \/>\n<meta property=\"og:locale\" content=\"de_DE\" \/>\n<meta property=\"og:type\" content=\"article\" \/>\n<meta property=\"og:title\" content=\"Luftqualit\u00e4tsmonitor Temptop LKC-1000S - Sysmatec\" \/>\n<meta property=\"og:description\" content=\"Luftqualit\u00e4tsmessger\u00e4t, PM2,5, PM10. Es misst auch Temperatur, Luftfeuchtigkeit, VOCs und Formaldehyd.\" \/>\n<meta property=\"og:url\" content=\"https:\/\/sysmatec.ch\/de\/Produkt\/luftqualitaetsmonitor-temptop-lkc-1000s\/\" \/>\n<meta property=\"og:site_name\" content=\"Sysmatec\" \/>\n<meta property=\"article:modified_time\" content=\"2024-08-15T08:13:03+00:00\" \/>\n<meta property=\"og:image\" content=\"https:\/\/sysmatec.ch\/wp-content\/uploads\/2024\/08\/QualiteAir_TemtopLKC1000S.jpg\" \/>\n\t<meta property=\"og:image:width\" content=\"1200\" \/>\n\t<meta property=\"og:image:height\" content=\"1200\" \/>\n\t<meta property=\"og:image:type\" content=\"image\/jpeg\" \/>\n<meta name=\"twitter:card\" content=\"summary_large_image\" \/>\n<meta name=\"twitter:label1\" content=\"Gesch\u00e4tzte Lesezeit\" \/>\n\t<meta name=\"twitter:data1\" content=\"1\u00a0Minute\" \/>\n<script type=\"application\/ld+json\" class=\"yoast-schema-graph\">{\"@context\":\"https:\\\/\\\/schema.org\",\"@graph\":[{\"@type\":\"WebPage\",\"@id\":\"https:\\\/\\\/sysmatec.ch\\\/de\\\/Produkt\\\/luftqualitaetsmonitor-temptop-lkc-1000s\\\/\",\"url\":\"https:\\\/\\\/sysmatec.ch\\\/de\\\/Produkt\\\/luftqualitaetsmonitor-temptop-lkc-1000s\\\/\",\"name\":\"Luftqualit\u00e4tsmonitor Temptop LKC-1000S - Sysmatec\",\"isPartOf\":{\"@id\":\"https:\\\/\\\/sysmatec.ch\\\/de\\\/#website\"},\"primaryImageOfPage\":{\"@id\":\"https:\\\/\\\/sysmatec.ch\\\/de\\\/Produkt\\\/luftqualitaetsmonitor-temptop-lkc-1000s\\\/#primaryimage\"},\"image\":{\"@id\":\"https:\\\/\\\/sysmatec.ch\\\/de\\\/Produkt\\\/luftqualitaetsmonitor-temptop-lkc-1000s\\\/#primaryimage\"},\"thumbnailUrl\":\"https:\\\/\\\/sysmatec.ch\\\/wp-content\\\/uploads\\\/2024\\\/08\\\/QualiteAir_TemtopLKC1000S.jpg\",\"datePublished\":\"2024-08-15T07:52:05+00:00\",\"dateModified\":\"2024-08-15T08:13:03+00:00\",\"description\":\"Luftqualit\u00e4tsmessger\u00e4t, PM2,5, PM10. Es misst auch Temperatur, Luftfeuchtigkeit, VOCs und Formaldehyd.\",\"breadcrumb\":{\"@id\":\"https:\\\/\\\/sysmatec.ch\\\/de\\\/Produkt\\\/luftqualitaetsmonitor-temptop-lkc-1000s\\\/#breadcrumb\"},\"inLanguage\":\"de\",\"potentialAction\":[{\"@type\":\"ReadAction\",\"target\":[\"https:\\\/\\\/sysmatec.ch\\\/de\\\/Produkt\\\/luftqualitaetsmonitor-temptop-lkc-1000s\\\/\"]}]},{\"@type\":\"ImageObject\",\"inLanguage\":\"de\",\"@id\":\"https:\\\/\\\/sysmatec.ch\\\/de\\\/Produkt\\\/luftqualitaetsmonitor-temptop-lkc-1000s\\\/#primaryimage\",\"url\":\"https:\\\/\\\/sysmatec.ch\\\/wp-content\\\/uploads\\\/2024\\\/08\\\/QualiteAir_TemtopLKC1000S.jpg\",\"contentUrl\":\"https:\\\/\\\/sysmatec.ch\\\/wp-content\\\/uploads\\\/2024\\\/08\\\/QualiteAir_TemtopLKC1000S.jpg\",\"width\":1200,\"height\":1200},{\"@type\":\"BreadcrumbList\",\"@id\":\"https:\\\/\\\/sysmatec.ch\\\/de\\\/Produkt\\\/luftqualitaetsmonitor-temptop-lkc-1000s\\\/#breadcrumb\",\"itemListElement\":[{\"@type\":\"ListItem\",\"position\":1,\"name\":\"Accueil\",\"item\":\"https:\\\/\\\/sysmatec.ch\\\/de\\\/\"},{\"@type\":\"ListItem\",\"position\":2,\"name\":\"Die Aktivit\u00e4t von Sysmatec\",\"item\":\"https:\\\/\\\/sysmatec.ch\\\/de\\\/\"},{\"@type\":\"ListItem\",\"position\":3,\"name\":\"Luftqualit\u00e4tsmonitor Temptop LKC-1000S\"}]},{\"@type\":\"WebSite\",\"@id\":\"https:\\\/\\\/sysmatec.ch\\\/de\\\/#website\",\"url\":\"https:\\\/\\\/sysmatec.ch\\\/de\\\/\",\"name\":\"Sysmatec\",\"description\":\"Equipement de laboratoire et logiciels\",\"publisher\":{\"@id\":\"https:\\\/\\\/sysmatec.ch\\\/de\\\/#organization\"},\"potentialAction\":[{\"@type\":\"SearchAction\",\"target\":{\"@type\":\"EntryPoint\",\"urlTemplate\":\"https:\\\/\\\/sysmatec.ch\\\/de\\\/?s={search_term_string}\"},\"query-input\":{\"@type\":\"PropertyValueSpecification\",\"valueRequired\":true,\"valueName\":\"search_term_string\"}}],\"inLanguage\":\"de\"},{\"@type\":\"Organization\",\"@id\":\"https:\\\/\\\/sysmatec.ch\\\/de\\\/#organization\",\"name\":\"Sysmatec\",\"url\":\"https:\\\/\\\/sysmatec.ch\\\/de\\\/\",\"logo\":{\"@type\":\"ImageObject\",\"inLanguage\":\"de\",\"@id\":\"https:\\\/\\\/sysmatec.ch\\\/de\\\/#\\\/schema\\\/logo\\\/image\\\/\",\"url\":\"https:\\\/\\\/sysmatec.ch\\\/wp-content\\\/uploads\\\/2018\\\/11\\\/LogoSysmatec.jpg\",\"contentUrl\":\"https:\\\/\\\/sysmatec.ch\\\/wp-content\\\/uploads\\\/2018\\\/11\\\/LogoSysmatec.jpg\",\"width\":301,\"height\":297,\"caption\":\"Sysmatec\"},\"image\":{\"@id\":\"https:\\\/\\\/sysmatec.ch\\\/de\\\/#\\\/schema\\\/logo\\\/image\\\/\"}}]}<\/script>\n<!-- \/ Yoast SEO plugin. -->","yoast_head_json":{"title":"Luftqualit\u00e4tsmonitor Temptop LKC-1000S - Sysmatec","description":"Luftqualit\u00e4tsmessger\u00e4t, PM2,5, PM10. Es misst auch Temperatur, Luftfeuchtigkeit, VOCs und Formaldehyd.","robots":{"index":"index","follow":"follow","max-snippet":"max-snippet:-1","max-image-preview":"max-image-preview:large","max-video-preview":"max-video-preview:-1"},"canonical":"https:\/\/sysmatec.ch\/de\/Produkt\/luftqualitaetsmonitor-temptop-lkc-1000s\/","og_locale":"de_DE","og_type":"article","og_title":"Luftqualit\u00e4tsmonitor Temptop LKC-1000S - Sysmatec","og_description":"Luftqualit\u00e4tsmessger\u00e4t, PM2,5, PM10. Es misst auch Temperatur, Luftfeuchtigkeit, VOCs und Formaldehyd.","og_url":"https:\/\/sysmatec.ch\/de\/Produkt\/luftqualitaetsmonitor-temptop-lkc-1000s\/","og_site_name":"Sysmatec","article_modified_time":"2024-08-15T08:13:03+00:00","og_image":[{"width":1200,"height":1200,"url":"https:\/\/sysmatec.ch\/wp-content\/uploads\/2024\/08\/QualiteAir_TemtopLKC1000S.jpg","type":"image\/jpeg"}],"twitter_card":"summary_large_image","twitter_misc":{"Gesch\u00e4tzte Lesezeit":"1\u00a0Minute"},"schema":{"@context":"https:\/\/schema.org","@graph":[{"@type":"WebPage","@id":"https:\/\/sysmatec.ch\/de\/Produkt\/luftqualitaetsmonitor-temptop-lkc-1000s\/","url":"https:\/\/sysmatec.ch\/de\/Produkt\/luftqualitaetsmonitor-temptop-lkc-1000s\/","name":"Luftqualit\u00e4tsmonitor Temptop LKC-1000S - Sysmatec","isPartOf":{"@id":"https:\/\/sysmatec.ch\/de\/#website"},"primaryImageOfPage":{"@id":"https:\/\/sysmatec.ch\/de\/Produkt\/luftqualitaetsmonitor-temptop-lkc-1000s\/#primaryimage"},"image":{"@id":"https:\/\/sysmatec.ch\/de\/Produkt\/luftqualitaetsmonitor-temptop-lkc-1000s\/#primaryimage"},"thumbnailUrl":"https:\/\/sysmatec.ch\/wp-content\/uploads\/2024\/08\/QualiteAir_TemtopLKC1000S.jpg","datePublished":"2024-08-15T07:52:05+00:00","dateModified":"2024-08-15T08:13:03+00:00","description":"Luftqualit\u00e4tsmessger\u00e4t, PM2,5, PM10. Es misst auch Temperatur, Luftfeuchtigkeit, VOCs und Formaldehyd.","breadcrumb":{"@id":"https:\/\/sysmatec.ch\/de\/Produkt\/luftqualitaetsmonitor-temptop-lkc-1000s\/#breadcrumb"},"inLanguage":"de","potentialAction":[{"@type":"ReadAction","target":["https:\/\/sysmatec.ch\/de\/Produkt\/luftqualitaetsmonitor-temptop-lkc-1000s\/"]}]},{"@type":"ImageObject","inLanguage":"de","@id":"https:\/\/sysmatec.ch\/de\/Produkt\/luftqualitaetsmonitor-temptop-lkc-1000s\/#primaryimage","url":"https:\/\/sysmatec.ch\/wp-content\/uploads\/2024\/08\/QualiteAir_TemtopLKC1000S.jpg","contentUrl":"https:\/\/sysmatec.ch\/wp-content\/uploads\/2024\/08\/QualiteAir_TemtopLKC1000S.jpg","width":1200,"height":1200},{"@type":"BreadcrumbList","@id":"https:\/\/sysmatec.ch\/de\/Produkt\/luftqualitaetsmonitor-temptop-lkc-1000s\/#breadcrumb","itemListElement":[{"@type":"ListItem","position":1,"name":"Accueil","item":"https:\/\/sysmatec.ch\/de\/"},{"@type":"ListItem","position":2,"name":"Die Aktivit\u00e4t von Sysmatec","item":"https:\/\/sysmatec.ch\/de\/"},{"@type":"ListItem","position":3,"name":"Luftqualit\u00e4tsmonitor Temptop LKC-1000S"}]},{"@type":"WebSite","@id":"https:\/\/sysmatec.ch\/de\/#website","url":"https:\/\/sysmatec.ch\/de\/","name":"Sysmatec","description":"Equipement de laboratoire et logiciels","publisher":{"@id":"https:\/\/sysmatec.ch\/de\/#organization"},"potentialAction":[{"@type":"SearchAction","target":{"@type":"EntryPoint","urlTemplate":"https:\/\/sysmatec.ch\/de\/?s={search_term_string}"},"query-input":{"@type":"PropertyValueSpecification","valueRequired":true,"valueName":"search_term_string"}}],"inLanguage":"de"},{"@type":"Organization","@id":"https:\/\/sysmatec.ch\/de\/#organization","name":"Sysmatec","url":"https:\/\/sysmatec.ch\/de\/","logo":{"@type":"ImageObject","inLanguage":"de","@id":"https:\/\/sysmatec.ch\/de\/#\/schema\/logo\/image\/","url":"https:\/\/sysmatec.ch\/wp-content\/uploads\/2018\/11\/LogoSysmatec.jpg","contentUrl":"https:\/\/sysmatec.ch\/wp-content\/uploads\/2018\/11\/LogoSysmatec.jpg","width":301,"height":297,"caption":"Sysmatec"},"image":{"@id":"https:\/\/sysmatec.ch\/de\/#\/schema\/logo\/image\/"}}]}},"_links":{"self":[{"href":"https:\/\/sysmatec.ch\/de\/wp-json\/wp\/v2\/product\/29900","targetHints":{"allow":["GET"]}}],"collection":[{"href":"https:\/\/sysmatec.ch\/de\/wp-json\/wp\/v2\/product"}],"about":[{"href":"https:\/\/sysmatec.ch\/de\/wp-json\/wp\/v2\/types\/product"}],"wp:featuredmedia":[{"embeddable":true,"href":"https:\/\/sysmatec.ch\/de\/wp-json\/wp\/v2\/media\/29903"}],"wp:attachment":[{"href":"https:\/\/sysmatec.ch\/de\/wp-json\/wp\/v2\/media?parent=29900"}],"wp:term":[{"taxonomy":"product_brand","embeddable":true,"href":"https:\/\/sysmatec.ch\/de\/wp-json\/wp\/v2\/product_brand?post=29900"},{"taxonomy":"product_cat","embeddable":true,"href":"https:\/\/sysmatec.ch\/de\/wp-json\/wp\/v2\/product_cat?post=29900"},{"taxonomy":"product_tag","embeddable":true,"href":"https:\/\/sysmatec.ch\/de\/wp-json\/wp\/v2\/product_tag?post=29900"}],"curies":[{"name":"wp","href":"https:\/\/api.w.org\/{rel}","templated":true}]}}