{"id":29888,"date":"2024-08-08T21:30:25","date_gmt":"2024-08-08T19:30:25","guid":{"rendered":"https:\/\/sysmatec.ch\/?post_type=product&#038;p=29888"},"modified":"2024-08-08T21:45:54","modified_gmt":"2024-08-08T19:45:54","slug":"faser-bragg-gitter-system-braggsenz","status":"publish","type":"product","link":"https:\/\/sysmatec.ch\/de\/Produkt\/faser-bragg-gitter-system-braggsenz\/","title":{"rendered":"Faser-Bragg-Gitter-System BraggSenz"},"content":{"rendered":"<p>Das Faser-Bragg-Gitter (FBG) funktioniert wie ein verteilter Bragg-Reflektor (DBR), der auf einer Glasfaser aufgebaut ist und die periodische Variation des Brechungsindex des Singlemode-Faserkerns nutzt. Wenn Licht durch das FBG geleitet wird, reflektiert es eine bestimmte Wellenl\u00e4nge des Lichts und l\u00e4sst alle anderen durch. Wenn sich die Temperatur oder die Belastung um das Gitter herum \u00e4ndert, wird eine Verschiebung der reflektierten Wellenl\u00e4nge beobachtet.<\/p>\n<h2>Merkmale<\/h2>\n<ul>\n<li>Diese Technologie erm\u00f6glicht Multiplexing. Tats\u00e4chlich k\u00f6nnen mehrere Gitter auf eine einzige Glasfaser geschrieben werden.<\/li>\n<li>Es k\u00f6nnen mehrere Parameter gleichzeitig gemessen werden, wie Temperatur, Dehnung, Vibration usw.<\/li>\n<li>Einzel- und Mehrpunktmessung.<\/li>\n<li>Klein und leicht.<\/li>\n<li>Hohe Empfindlichkeit und langfristige Zuverl\u00e4ssigkeit.<\/li>\n<li>Eigensicherer Betrieb.<\/li>\n<li>Einsatz in rauen Umgebungen m\u00f6glich.<\/li>\n<li>Unempfindlich gegen elektromagnetische und HF-St\u00f6rungen<\/li>\n<li>Temperaturmessbereich: -20 \u00b0C \u2013 250 \u00b0C, -20 \u00b0C \u2013 450 \u00b0C, -20 \u00b0C \u2013 650 \u00b0C<\/li>\n<li>Anzahl der Kan\u00e4le 4 (max.)<\/li>\n<li>Anzahl der FBGs pro Kanal 1 (min.), 20 (max.)<\/li>\n<li>Gitterl\u00e4nge 10\u201315 mm<\/li>\n<li>Sensorkabell\u00e4nge Bis zu 500 m<\/li>\n<li>Fasertyp SMF 28 e<\/li>\n<li>Faseranschluss FC\/AP<\/li>\n<\/ul>\n<h2>Anwendungen<\/h2>\n<ul>\n<li>\u00dcberwachung von Wasserkraftwerke<\/li>\n<li>\u00dcberwachung von Tunneln und Pipelines<\/li>\n<li>Erd\u00f6l- und Erdgasf\u00f6rderung<\/li>\n<li>Medizinindustrie<\/li>\n<li>Luftfahrtindustrie<\/li>\n<\/ul>\n","protected":false},"excerpt":{"rendered":"<p>Faser-Bragg-Gitter-Thermometer<\/p>\n","protected":false},"featured_media":29892,"template":"","meta":{"_crdt_document":""},"product_brand":[],"product_cat":[180,173],"product_tag":[],"class_list":{"0":"post-29888","1":"product","2":"type-product","3":"status-publish","4":"has-post-thumbnail","6":"product_cat-messung","7":"product_cat-temperatur","9":"first","10":"instock","11":"taxable","12":"shipping-taxable","13":"product-type-simple"},"yoast_head":"<!-- This site is optimized with the Yoast SEO plugin v27.3 - https:\/\/yoast.com\/product\/yoast-seo-wordpress\/ -->\n<title>Faser-Bragg-Gitter-System BraggSenz - Sysmatec<\/title>\n<meta name=\"description\" content=\"Thermometer mit Faser-Bragg-Gitter-System. Kabelsystem zur Erkennung von Temperatur\u00e4nderungen entlang eines Kabels.\" \/>\n<meta name=\"robots\" content=\"index, follow, max-snippet:-1, max-image-preview:large, max-video-preview:-1\" \/>\n<link rel=\"canonical\" href=\"https:\/\/sysmatec.ch\/de\/Produkt\/faser-bragg-gitter-system-braggsenz\/\" \/>\n<meta property=\"og:locale\" content=\"de_DE\" \/>\n<meta property=\"og:type\" content=\"article\" \/>\n<meta property=\"og:title\" content=\"Faser-Bragg-Gitter-System BraggSenz - Sysmatec\" \/>\n<meta property=\"og:description\" content=\"Thermometer mit Faser-Bragg-Gitter-System. Kabelsystem zur Erkennung von Temperatur\u00e4nderungen entlang eines Kabels.\" \/>\n<meta property=\"og:url\" content=\"https:\/\/sysmatec.ch\/de\/Produkt\/faser-bragg-gitter-system-braggsenz\/\" \/>\n<meta property=\"og:site_name\" content=\"Sysmatec\" \/>\n<meta property=\"article:modified_time\" content=\"2024-08-08T19:45:54+00:00\" \/>\n<meta property=\"og:image\" content=\"https:\/\/sysmatec.ch\/wp-content\/uploads\/2024\/08\/Thermometre_BragSenz.jpg\" \/>\n\t<meta property=\"og:image:width\" content=\"626\" \/>\n\t<meta property=\"og:image:height\" content=\"452\" \/>\n\t<meta property=\"og:image:type\" content=\"image\/jpeg\" \/>\n<meta name=\"twitter:card\" content=\"summary_large_image\" \/>\n<meta name=\"twitter:label1\" content=\"Gesch\u00e4tzte Lesezeit\" \/>\n\t<meta name=\"twitter:data1\" content=\"2\u00a0Minuten\" \/>\n<script type=\"application\/ld+json\" class=\"yoast-schema-graph\">{\"@context\":\"https:\\\/\\\/schema.org\",\"@graph\":[{\"@type\":\"WebPage\",\"@id\":\"https:\\\/\\\/sysmatec.ch\\\/de\\\/Produkt\\\/faser-bragg-gitter-system-braggsenz\\\/\",\"url\":\"https:\\\/\\\/sysmatec.ch\\\/de\\\/Produkt\\\/faser-bragg-gitter-system-braggsenz\\\/\",\"name\":\"Faser-Bragg-Gitter-System BraggSenz - Sysmatec\",\"isPartOf\":{\"@id\":\"https:\\\/\\\/sysmatec.ch\\\/de\\\/#website\"},\"primaryImageOfPage\":{\"@id\":\"https:\\\/\\\/sysmatec.ch\\\/de\\\/Produkt\\\/faser-bragg-gitter-system-braggsenz\\\/#primaryimage\"},\"image\":{\"@id\":\"https:\\\/\\\/sysmatec.ch\\\/de\\\/Produkt\\\/faser-bragg-gitter-system-braggsenz\\\/#primaryimage\"},\"thumbnailUrl\":\"https:\\\/\\\/sysmatec.ch\\\/wp-content\\\/uploads\\\/2024\\\/08\\\/Thermometre_BragSenz.jpg\",\"datePublished\":\"2024-08-08T19:30:25+00:00\",\"dateModified\":\"2024-08-08T19:45:54+00:00\",\"description\":\"Thermometer mit Faser-Bragg-Gitter-System. Kabelsystem zur Erkennung von Temperatur\u00e4nderungen entlang eines Kabels.\",\"breadcrumb\":{\"@id\":\"https:\\\/\\\/sysmatec.ch\\\/de\\\/Produkt\\\/faser-bragg-gitter-system-braggsenz\\\/#breadcrumb\"},\"inLanguage\":\"de\",\"potentialAction\":[{\"@type\":\"ReadAction\",\"target\":[\"https:\\\/\\\/sysmatec.ch\\\/de\\\/Produkt\\\/faser-bragg-gitter-system-braggsenz\\\/\"]}]},{\"@type\":\"ImageObject\",\"inLanguage\":\"de\",\"@id\":\"https:\\\/\\\/sysmatec.ch\\\/de\\\/Produkt\\\/faser-bragg-gitter-system-braggsenz\\\/#primaryimage\",\"url\":\"https:\\\/\\\/sysmatec.ch\\\/wp-content\\\/uploads\\\/2024\\\/08\\\/Thermometre_BragSenz.jpg\",\"contentUrl\":\"https:\\\/\\\/sysmatec.ch\\\/wp-content\\\/uploads\\\/2024\\\/08\\\/Thermometre_BragSenz.jpg\",\"width\":626,\"height\":452},{\"@type\":\"BreadcrumbList\",\"@id\":\"https:\\\/\\\/sysmatec.ch\\\/de\\\/Produkt\\\/faser-bragg-gitter-system-braggsenz\\\/#breadcrumb\",\"itemListElement\":[{\"@type\":\"ListItem\",\"position\":1,\"name\":\"Accueil\",\"item\":\"https:\\\/\\\/sysmatec.ch\\\/de\\\/\"},{\"@type\":\"ListItem\",\"position\":2,\"name\":\"Die Aktivit\u00e4t von Sysmatec\",\"item\":\"https:\\\/\\\/sysmatec.ch\\\/de\\\/\"},{\"@type\":\"ListItem\",\"position\":3,\"name\":\"Faser-Bragg-Gitter-System BraggSenz\"}]},{\"@type\":\"WebSite\",\"@id\":\"https:\\\/\\\/sysmatec.ch\\\/de\\\/#website\",\"url\":\"https:\\\/\\\/sysmatec.ch\\\/de\\\/\",\"name\":\"Sysmatec\",\"description\":\"Equipement de laboratoire et logiciels\",\"publisher\":{\"@id\":\"https:\\\/\\\/sysmatec.ch\\\/de\\\/#organization\"},\"potentialAction\":[{\"@type\":\"SearchAction\",\"target\":{\"@type\":\"EntryPoint\",\"urlTemplate\":\"https:\\\/\\\/sysmatec.ch\\\/de\\\/?s={search_term_string}\"},\"query-input\":{\"@type\":\"PropertyValueSpecification\",\"valueRequired\":true,\"valueName\":\"search_term_string\"}}],\"inLanguage\":\"de\"},{\"@type\":\"Organization\",\"@id\":\"https:\\\/\\\/sysmatec.ch\\\/de\\\/#organization\",\"name\":\"Sysmatec\",\"url\":\"https:\\\/\\\/sysmatec.ch\\\/de\\\/\",\"logo\":{\"@type\":\"ImageObject\",\"inLanguage\":\"de\",\"@id\":\"https:\\\/\\\/sysmatec.ch\\\/de\\\/#\\\/schema\\\/logo\\\/image\\\/\",\"url\":\"https:\\\/\\\/sysmatec.ch\\\/wp-content\\\/uploads\\\/2018\\\/11\\\/LogoSysmatec.jpg\",\"contentUrl\":\"https:\\\/\\\/sysmatec.ch\\\/wp-content\\\/uploads\\\/2018\\\/11\\\/LogoSysmatec.jpg\",\"width\":301,\"height\":297,\"caption\":\"Sysmatec\"},\"image\":{\"@id\":\"https:\\\/\\\/sysmatec.ch\\\/de\\\/#\\\/schema\\\/logo\\\/image\\\/\"}}]}<\/script>\n<!-- \/ Yoast SEO plugin. -->","yoast_head_json":{"title":"Faser-Bragg-Gitter-System BraggSenz - Sysmatec","description":"Thermometer mit Faser-Bragg-Gitter-System. Kabelsystem zur Erkennung von Temperatur\u00e4nderungen entlang eines Kabels.","robots":{"index":"index","follow":"follow","max-snippet":"max-snippet:-1","max-image-preview":"max-image-preview:large","max-video-preview":"max-video-preview:-1"},"canonical":"https:\/\/sysmatec.ch\/de\/Produkt\/faser-bragg-gitter-system-braggsenz\/","og_locale":"de_DE","og_type":"article","og_title":"Faser-Bragg-Gitter-System BraggSenz - Sysmatec","og_description":"Thermometer mit Faser-Bragg-Gitter-System. Kabelsystem zur Erkennung von Temperatur\u00e4nderungen entlang eines Kabels.","og_url":"https:\/\/sysmatec.ch\/de\/Produkt\/faser-bragg-gitter-system-braggsenz\/","og_site_name":"Sysmatec","article_modified_time":"2024-08-08T19:45:54+00:00","og_image":[{"width":626,"height":452,"url":"https:\/\/sysmatec.ch\/wp-content\/uploads\/2024\/08\/Thermometre_BragSenz.jpg","type":"image\/jpeg"}],"twitter_card":"summary_large_image","twitter_misc":{"Gesch\u00e4tzte Lesezeit":"2\u00a0Minuten"},"schema":{"@context":"https:\/\/schema.org","@graph":[{"@type":"WebPage","@id":"https:\/\/sysmatec.ch\/de\/Produkt\/faser-bragg-gitter-system-braggsenz\/","url":"https:\/\/sysmatec.ch\/de\/Produkt\/faser-bragg-gitter-system-braggsenz\/","name":"Faser-Bragg-Gitter-System BraggSenz - Sysmatec","isPartOf":{"@id":"https:\/\/sysmatec.ch\/de\/#website"},"primaryImageOfPage":{"@id":"https:\/\/sysmatec.ch\/de\/Produkt\/faser-bragg-gitter-system-braggsenz\/#primaryimage"},"image":{"@id":"https:\/\/sysmatec.ch\/de\/Produkt\/faser-bragg-gitter-system-braggsenz\/#primaryimage"},"thumbnailUrl":"https:\/\/sysmatec.ch\/wp-content\/uploads\/2024\/08\/Thermometre_BragSenz.jpg","datePublished":"2024-08-08T19:30:25+00:00","dateModified":"2024-08-08T19:45:54+00:00","description":"Thermometer mit Faser-Bragg-Gitter-System. Kabelsystem zur Erkennung von Temperatur\u00e4nderungen entlang eines Kabels.","breadcrumb":{"@id":"https:\/\/sysmatec.ch\/de\/Produkt\/faser-bragg-gitter-system-braggsenz\/#breadcrumb"},"inLanguage":"de","potentialAction":[{"@type":"ReadAction","target":["https:\/\/sysmatec.ch\/de\/Produkt\/faser-bragg-gitter-system-braggsenz\/"]}]},{"@type":"ImageObject","inLanguage":"de","@id":"https:\/\/sysmatec.ch\/de\/Produkt\/faser-bragg-gitter-system-braggsenz\/#primaryimage","url":"https:\/\/sysmatec.ch\/wp-content\/uploads\/2024\/08\/Thermometre_BragSenz.jpg","contentUrl":"https:\/\/sysmatec.ch\/wp-content\/uploads\/2024\/08\/Thermometre_BragSenz.jpg","width":626,"height":452},{"@type":"BreadcrumbList","@id":"https:\/\/sysmatec.ch\/de\/Produkt\/faser-bragg-gitter-system-braggsenz\/#breadcrumb","itemListElement":[{"@type":"ListItem","position":1,"name":"Accueil","item":"https:\/\/sysmatec.ch\/de\/"},{"@type":"ListItem","position":2,"name":"Die Aktivit\u00e4t von Sysmatec","item":"https:\/\/sysmatec.ch\/de\/"},{"@type":"ListItem","position":3,"name":"Faser-Bragg-Gitter-System BraggSenz"}]},{"@type":"WebSite","@id":"https:\/\/sysmatec.ch\/de\/#website","url":"https:\/\/sysmatec.ch\/de\/","name":"Sysmatec","description":"Equipement de laboratoire et logiciels","publisher":{"@id":"https:\/\/sysmatec.ch\/de\/#organization"},"potentialAction":[{"@type":"SearchAction","target":{"@type":"EntryPoint","urlTemplate":"https:\/\/sysmatec.ch\/de\/?s={search_term_string}"},"query-input":{"@type":"PropertyValueSpecification","valueRequired":true,"valueName":"search_term_string"}}],"inLanguage":"de"},{"@type":"Organization","@id":"https:\/\/sysmatec.ch\/de\/#organization","name":"Sysmatec","url":"https:\/\/sysmatec.ch\/de\/","logo":{"@type":"ImageObject","inLanguage":"de","@id":"https:\/\/sysmatec.ch\/de\/#\/schema\/logo\/image\/","url":"https:\/\/sysmatec.ch\/wp-content\/uploads\/2018\/11\/LogoSysmatec.jpg","contentUrl":"https:\/\/sysmatec.ch\/wp-content\/uploads\/2018\/11\/LogoSysmatec.jpg","width":301,"height":297,"caption":"Sysmatec"},"image":{"@id":"https:\/\/sysmatec.ch\/de\/#\/schema\/logo\/image\/"}}]}},"_links":{"self":[{"href":"https:\/\/sysmatec.ch\/de\/wp-json\/wp\/v2\/product\/29888","targetHints":{"allow":["GET"]}}],"collection":[{"href":"https:\/\/sysmatec.ch\/de\/wp-json\/wp\/v2\/product"}],"about":[{"href":"https:\/\/sysmatec.ch\/de\/wp-json\/wp\/v2\/types\/product"}],"wp:featuredmedia":[{"embeddable":true,"href":"https:\/\/sysmatec.ch\/de\/wp-json\/wp\/v2\/media\/29892"}],"wp:attachment":[{"href":"https:\/\/sysmatec.ch\/de\/wp-json\/wp\/v2\/media?parent=29888"}],"wp:term":[{"taxonomy":"product_brand","embeddable":true,"href":"https:\/\/sysmatec.ch\/de\/wp-json\/wp\/v2\/product_brand?post=29888"},{"taxonomy":"product_cat","embeddable":true,"href":"https:\/\/sysmatec.ch\/de\/wp-json\/wp\/v2\/product_cat?post=29888"},{"taxonomy":"product_tag","embeddable":true,"href":"https:\/\/sysmatec.ch\/de\/wp-json\/wp\/v2\/product_tag?post=29888"}],"curies":[{"name":"wp","href":"https:\/\/api.w.org\/{rel}","templated":true}]}}