{"id":29879,"date":"2024-08-08T20:55:04","date_gmt":"2024-08-08T18:55:04","guid":{"rendered":"https:\/\/sysmatec.ch\/?post_type=product&#038;p=29879"},"modified":"2024-08-08T21:09:31","modified_gmt":"2024-08-08T19:09:31","slug":"glasfaser-temperaturueberwachungssystem-fluorosenz","status":"publish","type":"product","link":"https:\/\/sysmatec.ch\/de\/Produkt\/glasfaser-temperaturueberwachungssystem-fluorosenz\/","title":{"rendered":"Glasfaser-Temperatur\u00fcberwachungssystem FluoroSenz"},"content":{"rendered":"<p>Dieses fluoreszenzbasierte Glasfaser-\u00dcberwachungssystem f\u00fchrt eine Echtzeit\u00fcberwachung durch, um die Temperatur der Hotspots der Transformatorwicklungen und der Kontaktpunkte der Schaltanlage genau zu messen. Es eignet sich f\u00fcr den Einsatz in rauen Umgebungen wie hohem Druck, hohen Temperaturen und starkem Elektromagnetismus. Der Sensor ist sehr klein und kann mit hoher Messgenauigkeit und hoher Reaktionsfrequenz einfach am Messpunkt installiert werden.<\/p>\n<h2>Vorteile<\/h2>\n<ul>\n<li>Sehr stabil, mit hohem Grad an Genauigkeit, kalibrierungsfrei, austauschbar.<\/li>\n<li>Unempfindlich gegen elektromagnetische St\u00f6rungen und Mikrowellen. Gute Isolationsleistung, integriert in intelligente Schaltanlagen.<\/li>\n<li>Ergibt genaue und zuverl\u00e4ssige Temperaturmessungen, wo Thermoelemente und RTDs nicht verwendet werden k\u00f6nnen.<\/li>\n<li>Lange Lebensdauer, wartungsfrei.<\/li>\n<li>Die Sonde ist klein und kann verwendet werden, um den Hotspot gr\u00fcndlich zu messen, um eine echte und effektive \u00dcberwachung des Hotspots zu erm\u00f6glichen.<\/li>\n<li>Sie kann lokal angezeigt und bequem in das Steuerungssystem integriert werden.<\/li>\n<li>G\u00fcnstiges Preis-Leistungs-Verh\u00e4ltnis<\/li>\n<\/ul>\n<h2>Technische Daten<\/h2>\n<ul>\n<li>Pr\u00e4ziser \u00dcberwachungsbetrieb zur Erkennung von Temperaturtrends in Transformatoren<\/li>\n<li>Echtzeit-Temperatur\u00fcberwachung durch integrierte 7-Segment-Anzeige<\/li>\n<li>Bis zu 16 Kan\u00e4le je nach Bedarf des Benutzers<\/li>\n<li>Industriestandard-Analog- und Digitalausgang einschlie\u00dflich 4-20 mA, RS-485, Ethernet, Glasfaser-Transceiver und Relaisausgang<\/li>\n<li>Datenprotokollierung \u00fcber USB und SD-Karte<\/li>\n<li>Speziell entwickelter robuster Formfaktor f\u00fcr raue Umgebungen<\/li>\n<li>Temperaturmessbereich -40 \u00b0C bis 200 \u00b0C<\/li>\n<li>Temperaturgenauigkeit \u00b1 2 \u00b0C<\/li>\n<li>Temperaturaufl\u00f6sung 0,1 \u00b0C<\/li>\n<li>Anzeige 7-Segment-Digitalr\u00f6hrenanzeige<\/li>\n<li>Anzahl der Kan\u00e4le bis zu 16<\/li>\n<li>Temperatureinheit C\u00b0 oder F\u00b0<\/li>\n<li>Reaktionsfrequenz 2 Sekunden pro Kanal<\/li>\n<li>Kommunikationsanschl\u00fcsse RS-485, Ethernet (RJ-45)<\/li>\n<li>Kommunikationsprotokoll MODBUS<\/li>\n<li>Relaisausgang 8 programmierbare Relais<\/li>\n<li>Analogausgang 4-20 mA (einer f\u00fcr jeden Kanal)<\/li>\n<li>Datenprotokollierung 1 GB SD-Karte in Industriequalit\u00e4t<\/li>\n<li>Stromversorgung 24 V DC ausgestattet mit 220V auf 24V<\/li>\n<li>AC\/DC-Konverter<\/li>\n<li>Stromverbrauch \u226410 W<\/li>\n<li>Lichtwellenleiterl\u00e4nge 1 m bis 25 m<\/li>\n<li>Betriebstemperatur -20\u00b0C bis 65\u00b0C<\/li>\n<\/ul>\n","protected":false},"excerpt":{"rendered":"<p>Glasfaserthermometer<\/p>\n","protected":false},"featured_media":29882,"template":"","meta":{"_crdt_document":""},"product_brand":[],"product_cat":[180,173],"product_tag":[],"class_list":{"0":"post-29879","1":"product","2":"type-product","3":"status-publish","4":"has-post-thumbnail","6":"product_cat-messung","7":"product_cat-temperatur","9":"first","10":"instock","11":"taxable","12":"shipping-taxable","13":"product-type-simple"},"yoast_head":"<!-- This site is optimized with the Yoast SEO plugin v27.4 - https:\/\/yoast.com\/product\/yoast-seo-wordpress\/ -->\n<title>Glasfaser-Temperatur\u00fcberwachungssystem FluoroSenz - Sysmatec<\/title>\n<meta name=\"description\" content=\"Faseroptisches Thermometer, unempfindlich gegen\u00fcber Mikrowellen\/RF und Plasmastrahlung. Temperaturbereich -40 bis 250 \u00b0C.\" \/>\n<meta name=\"robots\" content=\"index, follow, max-snippet:-1, max-image-preview:large, max-video-preview:-1\" \/>\n<link rel=\"canonical\" href=\"https:\/\/sysmatec.ch\/de\/Produkt\/glasfaser-temperaturueberwachungssystem-fluorosenz\/\" \/>\n<meta property=\"og:locale\" content=\"de_DE\" \/>\n<meta property=\"og:type\" content=\"article\" \/>\n<meta property=\"og:title\" content=\"Glasfaser-Temperatur\u00fcberwachungssystem FluoroSenz - Sysmatec\" \/>\n<meta property=\"og:description\" content=\"Faseroptisches Thermometer, unempfindlich gegen\u00fcber Mikrowellen\/RF und Plasmastrahlung. Temperaturbereich -40 bis 250 \u00b0C.\" \/>\n<meta property=\"og:url\" content=\"https:\/\/sysmatec.ch\/de\/Produkt\/glasfaser-temperaturueberwachungssystem-fluorosenz\/\" \/>\n<meta property=\"og:site_name\" content=\"Sysmatec\" \/>\n<meta property=\"article:modified_time\" content=\"2024-08-08T19:09:31+00:00\" \/>\n<meta property=\"og:image\" content=\"https:\/\/sysmatec.ch\/wp-content\/uploads\/2024\/08\/Thermometre_FluoroSenz.jpg\" \/>\n\t<meta property=\"og:image:width\" content=\"675\" \/>\n\t<meta property=\"og:image:height\" content=\"471\" \/>\n\t<meta property=\"og:image:type\" content=\"image\/jpeg\" \/>\n<meta name=\"twitter:card\" content=\"summary_large_image\" \/>\n<meta name=\"twitter:label1\" content=\"Gesch\u00e4tzte Lesezeit\" \/>\n\t<meta name=\"twitter:data1\" content=\"2\u00a0Minuten\" \/>\n<script type=\"application\/ld+json\" class=\"yoast-schema-graph\">{\"@context\":\"https:\\\/\\\/schema.org\",\"@graph\":[{\"@type\":\"WebPage\",\"@id\":\"https:\\\/\\\/sysmatec.ch\\\/de\\\/Produkt\\\/glasfaser-temperaturueberwachungssystem-fluorosenz\\\/\",\"url\":\"https:\\\/\\\/sysmatec.ch\\\/de\\\/Produkt\\\/glasfaser-temperaturueberwachungssystem-fluorosenz\\\/\",\"name\":\"Glasfaser-Temperatur\u00fcberwachungssystem FluoroSenz - Sysmatec\",\"isPartOf\":{\"@id\":\"https:\\\/\\\/sysmatec.ch\\\/de\\\/#website\"},\"primaryImageOfPage\":{\"@id\":\"https:\\\/\\\/sysmatec.ch\\\/de\\\/Produkt\\\/glasfaser-temperaturueberwachungssystem-fluorosenz\\\/#primaryimage\"},\"image\":{\"@id\":\"https:\\\/\\\/sysmatec.ch\\\/de\\\/Produkt\\\/glasfaser-temperaturueberwachungssystem-fluorosenz\\\/#primaryimage\"},\"thumbnailUrl\":\"https:\\\/\\\/sysmatec.ch\\\/wp-content\\\/uploads\\\/2024\\\/08\\\/Thermometre_FluoroSenz.jpg\",\"datePublished\":\"2024-08-08T18:55:04+00:00\",\"dateModified\":\"2024-08-08T19:09:31+00:00\",\"description\":\"Faseroptisches Thermometer, unempfindlich gegen\u00fcber Mikrowellen\\\/RF und Plasmastrahlung. Temperaturbereich -40 bis 250 \u00b0C.\",\"breadcrumb\":{\"@id\":\"https:\\\/\\\/sysmatec.ch\\\/de\\\/Produkt\\\/glasfaser-temperaturueberwachungssystem-fluorosenz\\\/#breadcrumb\"},\"inLanguage\":\"de\",\"potentialAction\":[{\"@type\":\"ReadAction\",\"target\":[\"https:\\\/\\\/sysmatec.ch\\\/de\\\/Produkt\\\/glasfaser-temperaturueberwachungssystem-fluorosenz\\\/\"]}]},{\"@type\":\"ImageObject\",\"inLanguage\":\"de\",\"@id\":\"https:\\\/\\\/sysmatec.ch\\\/de\\\/Produkt\\\/glasfaser-temperaturueberwachungssystem-fluorosenz\\\/#primaryimage\",\"url\":\"https:\\\/\\\/sysmatec.ch\\\/wp-content\\\/uploads\\\/2024\\\/08\\\/Thermometre_FluoroSenz.jpg\",\"contentUrl\":\"https:\\\/\\\/sysmatec.ch\\\/wp-content\\\/uploads\\\/2024\\\/08\\\/Thermometre_FluoroSenz.jpg\",\"width\":675,\"height\":471},{\"@type\":\"BreadcrumbList\",\"@id\":\"https:\\\/\\\/sysmatec.ch\\\/de\\\/Produkt\\\/glasfaser-temperaturueberwachungssystem-fluorosenz\\\/#breadcrumb\",\"itemListElement\":[{\"@type\":\"ListItem\",\"position\":1,\"name\":\"Accueil\",\"item\":\"https:\\\/\\\/sysmatec.ch\\\/de\\\/\"},{\"@type\":\"ListItem\",\"position\":2,\"name\":\"Die Aktivit\u00e4t von Sysmatec\",\"item\":\"https:\\\/\\\/sysmatec.ch\\\/de\\\/\"},{\"@type\":\"ListItem\",\"position\":3,\"name\":\"Glasfaser-Temperatur\u00fcberwachungssystem FluoroSenz\"}]},{\"@type\":\"WebSite\",\"@id\":\"https:\\\/\\\/sysmatec.ch\\\/de\\\/#website\",\"url\":\"https:\\\/\\\/sysmatec.ch\\\/de\\\/\",\"name\":\"Sysmatec\",\"description\":\"Equipement de laboratoire et logiciels\",\"publisher\":{\"@id\":\"https:\\\/\\\/sysmatec.ch\\\/de\\\/#organization\"},\"potentialAction\":[{\"@type\":\"SearchAction\",\"target\":{\"@type\":\"EntryPoint\",\"urlTemplate\":\"https:\\\/\\\/sysmatec.ch\\\/de\\\/?s={search_term_string}\"},\"query-input\":{\"@type\":\"PropertyValueSpecification\",\"valueRequired\":true,\"valueName\":\"search_term_string\"}}],\"inLanguage\":\"de\"},{\"@type\":\"Organization\",\"@id\":\"https:\\\/\\\/sysmatec.ch\\\/de\\\/#organization\",\"name\":\"Sysmatec\",\"url\":\"https:\\\/\\\/sysmatec.ch\\\/de\\\/\",\"logo\":{\"@type\":\"ImageObject\",\"inLanguage\":\"de\",\"@id\":\"https:\\\/\\\/sysmatec.ch\\\/de\\\/#\\\/schema\\\/logo\\\/image\\\/\",\"url\":\"https:\\\/\\\/sysmatec.ch\\\/wp-content\\\/uploads\\\/2018\\\/11\\\/LogoSysmatec.jpg\",\"contentUrl\":\"https:\\\/\\\/sysmatec.ch\\\/wp-content\\\/uploads\\\/2018\\\/11\\\/LogoSysmatec.jpg\",\"width\":301,\"height\":297,\"caption\":\"Sysmatec\"},\"image\":{\"@id\":\"https:\\\/\\\/sysmatec.ch\\\/de\\\/#\\\/schema\\\/logo\\\/image\\\/\"}}]}<\/script>\n<!-- \/ Yoast SEO plugin. -->","yoast_head_json":{"title":"Glasfaser-Temperatur\u00fcberwachungssystem FluoroSenz - Sysmatec","description":"Faseroptisches Thermometer, unempfindlich gegen\u00fcber Mikrowellen\/RF und Plasmastrahlung. Temperaturbereich -40 bis 250 \u00b0C.","robots":{"index":"index","follow":"follow","max-snippet":"max-snippet:-1","max-image-preview":"max-image-preview:large","max-video-preview":"max-video-preview:-1"},"canonical":"https:\/\/sysmatec.ch\/de\/Produkt\/glasfaser-temperaturueberwachungssystem-fluorosenz\/","og_locale":"de_DE","og_type":"article","og_title":"Glasfaser-Temperatur\u00fcberwachungssystem FluoroSenz - Sysmatec","og_description":"Faseroptisches Thermometer, unempfindlich gegen\u00fcber Mikrowellen\/RF und Plasmastrahlung. Temperaturbereich -40 bis 250 \u00b0C.","og_url":"https:\/\/sysmatec.ch\/de\/Produkt\/glasfaser-temperaturueberwachungssystem-fluorosenz\/","og_site_name":"Sysmatec","article_modified_time":"2024-08-08T19:09:31+00:00","og_image":[{"width":675,"height":471,"url":"https:\/\/sysmatec.ch\/wp-content\/uploads\/2024\/08\/Thermometre_FluoroSenz.jpg","type":"image\/jpeg"}],"twitter_card":"summary_large_image","twitter_misc":{"Gesch\u00e4tzte Lesezeit":"2\u00a0Minuten"},"schema":{"@context":"https:\/\/schema.org","@graph":[{"@type":"WebPage","@id":"https:\/\/sysmatec.ch\/de\/Produkt\/glasfaser-temperaturueberwachungssystem-fluorosenz\/","url":"https:\/\/sysmatec.ch\/de\/Produkt\/glasfaser-temperaturueberwachungssystem-fluorosenz\/","name":"Glasfaser-Temperatur\u00fcberwachungssystem FluoroSenz - Sysmatec","isPartOf":{"@id":"https:\/\/sysmatec.ch\/de\/#website"},"primaryImageOfPage":{"@id":"https:\/\/sysmatec.ch\/de\/Produkt\/glasfaser-temperaturueberwachungssystem-fluorosenz\/#primaryimage"},"image":{"@id":"https:\/\/sysmatec.ch\/de\/Produkt\/glasfaser-temperaturueberwachungssystem-fluorosenz\/#primaryimage"},"thumbnailUrl":"https:\/\/sysmatec.ch\/wp-content\/uploads\/2024\/08\/Thermometre_FluoroSenz.jpg","datePublished":"2024-08-08T18:55:04+00:00","dateModified":"2024-08-08T19:09:31+00:00","description":"Faseroptisches Thermometer, unempfindlich gegen\u00fcber Mikrowellen\/RF und Plasmastrahlung. Temperaturbereich -40 bis 250 \u00b0C.","breadcrumb":{"@id":"https:\/\/sysmatec.ch\/de\/Produkt\/glasfaser-temperaturueberwachungssystem-fluorosenz\/#breadcrumb"},"inLanguage":"de","potentialAction":[{"@type":"ReadAction","target":["https:\/\/sysmatec.ch\/de\/Produkt\/glasfaser-temperaturueberwachungssystem-fluorosenz\/"]}]},{"@type":"ImageObject","inLanguage":"de","@id":"https:\/\/sysmatec.ch\/de\/Produkt\/glasfaser-temperaturueberwachungssystem-fluorosenz\/#primaryimage","url":"https:\/\/sysmatec.ch\/wp-content\/uploads\/2024\/08\/Thermometre_FluoroSenz.jpg","contentUrl":"https:\/\/sysmatec.ch\/wp-content\/uploads\/2024\/08\/Thermometre_FluoroSenz.jpg","width":675,"height":471},{"@type":"BreadcrumbList","@id":"https:\/\/sysmatec.ch\/de\/Produkt\/glasfaser-temperaturueberwachungssystem-fluorosenz\/#breadcrumb","itemListElement":[{"@type":"ListItem","position":1,"name":"Accueil","item":"https:\/\/sysmatec.ch\/de\/"},{"@type":"ListItem","position":2,"name":"Die Aktivit\u00e4t von Sysmatec","item":"https:\/\/sysmatec.ch\/de\/"},{"@type":"ListItem","position":3,"name":"Glasfaser-Temperatur\u00fcberwachungssystem FluoroSenz"}]},{"@type":"WebSite","@id":"https:\/\/sysmatec.ch\/de\/#website","url":"https:\/\/sysmatec.ch\/de\/","name":"Sysmatec","description":"Equipement de laboratoire et logiciels","publisher":{"@id":"https:\/\/sysmatec.ch\/de\/#organization"},"potentialAction":[{"@type":"SearchAction","target":{"@type":"EntryPoint","urlTemplate":"https:\/\/sysmatec.ch\/de\/?s={search_term_string}"},"query-input":{"@type":"PropertyValueSpecification","valueRequired":true,"valueName":"search_term_string"}}],"inLanguage":"de"},{"@type":"Organization","@id":"https:\/\/sysmatec.ch\/de\/#organization","name":"Sysmatec","url":"https:\/\/sysmatec.ch\/de\/","logo":{"@type":"ImageObject","inLanguage":"de","@id":"https:\/\/sysmatec.ch\/de\/#\/schema\/logo\/image\/","url":"https:\/\/sysmatec.ch\/wp-content\/uploads\/2018\/11\/LogoSysmatec.jpg","contentUrl":"https:\/\/sysmatec.ch\/wp-content\/uploads\/2018\/11\/LogoSysmatec.jpg","width":301,"height":297,"caption":"Sysmatec"},"image":{"@id":"https:\/\/sysmatec.ch\/de\/#\/schema\/logo\/image\/"}}]}},"_links":{"self":[{"href":"https:\/\/sysmatec.ch\/de\/wp-json\/wp\/v2\/product\/29879","targetHints":{"allow":["GET"]}}],"collection":[{"href":"https:\/\/sysmatec.ch\/de\/wp-json\/wp\/v2\/product"}],"about":[{"href":"https:\/\/sysmatec.ch\/de\/wp-json\/wp\/v2\/types\/product"}],"wp:featuredmedia":[{"embeddable":true,"href":"https:\/\/sysmatec.ch\/de\/wp-json\/wp\/v2\/media\/29882"}],"wp:attachment":[{"href":"https:\/\/sysmatec.ch\/de\/wp-json\/wp\/v2\/media?parent=29879"}],"wp:term":[{"taxonomy":"product_brand","embeddable":true,"href":"https:\/\/sysmatec.ch\/de\/wp-json\/wp\/v2\/product_brand?post=29879"},{"taxonomy":"product_cat","embeddable":true,"href":"https:\/\/sysmatec.ch\/de\/wp-json\/wp\/v2\/product_cat?post=29879"},{"taxonomy":"product_tag","embeddable":true,"href":"https:\/\/sysmatec.ch\/de\/wp-json\/wp\/v2\/product_tag?post=29879"}],"curies":[{"name":"wp","href":"https:\/\/api.w.org\/{rel}","templated":true}]}}