{"id":29870,"date":"2024-07-29T14:40:59","date_gmt":"2024-07-29T12:40:59","guid":{"rendered":"https:\/\/sysmatec.ch\/?post_type=product&#038;p=29870"},"modified":"2024-07-29T15:06:18","modified_gmt":"2024-07-29T13:06:18","slug":"testkits-fuer-hyaluronsaeure-natriumhyaluronat","status":"publish","type":"product","link":"https:\/\/sysmatec.ch\/de\/Produkt\/testkits-fuer-hyaluronsaeure-natriumhyaluronat\/","title":{"rendered":"Testkits f\u00fcr Hyalurons\u00e4ure (Natriumhyaluronat)"},"content":{"rendered":"<p>Das Hyalurons\u00e4ure-Testkit ist eine quantitative Analyse von pharmazeutischen, kosmetischen und Wasserproben.<\/p>\n<p>Die Hyalurons\u00e4ure-Kits erm\u00f6glichen die kolorimetrische quantitative Bestimmung von Natriumhyaluronat mithilfe eines einfachen Spektralphotometers. Diese Kits sind perfekt f\u00fcr pharmazeutische und kosmetische Proben, aber auch f\u00fcr medizinische Ger\u00e4te und funktionelle nat\u00fcrliche W\u00e4sser oder di\u00e4tetische Getr\u00e4nke geeignet, denen die Hyalurons\u00e4ure absichtlich zugesetzt wurde.<\/p>\n<p>Die Bestimmung von vernetzter Hyalurons\u00e4ure kann erfolgreich durchgef\u00fchrt werden, ohne dass das Testprotokoll ge\u00e4ndert werden muss. Fl\u00fcssige, feste und gelf\u00f6rmige Proben k\u00f6nnen problemlos analysiert werden: Nur wenn dies unbedingt erforderlich ist, kann vor der Analyse ein Wasserverd\u00fcnnungsschritt erforderlich sein.<\/p>\n<h2 class=\"description--advantages-title\">Technische Daten<\/h2>\n<ul>\n<li class=\"firstItem\">Quantitative Bestimmung in festen, fl\u00fcssigen und gelf\u00f6rmigen Proben ohne Vorbehandlung<\/li>\n<li class=\"firstItem\">Ein Verd\u00fcnnungsschritt mit Wasser kann nur in einigen F\u00e4llen erforderlich sein<\/li>\n<li class=\"firstItem\">Ablesen der Testergebnisse mittels eines einfachen sichtbaren Spektralphotometers (680 nm)<\/li>\n<li class=\"firstItem\">Lange Haltbarkeit: 12 Monate ab Produktionsdatum<\/li>\n<li class=\"firstItem\">Lange Stabilit\u00e4t der Reagenzien nach dem \u00d6ffnen der Flaschen<\/li>\n<li class=\"firstItem\">Keine Kalibrierungskurve erforderlich<\/li>\n<li class=\"firstItem\">Ergebnisse in ca. 20 Minuten<\/li>\n<li class=\"firstItem\">Analytischer Bereich (ohne Probenverd\u00fcnnung): von 0,001 % bis 0,01 %<\/li>\n<li class=\"firstItem\">Hervorragende Genauigkeit und Wiederholbarkeit<\/li>\n<li class=\"firstItem\">Eine Tabelle zur schnellen Berechnung der Testergebnisse ist auf Anfrage erh\u00e4ltlich<\/li>\n<li class=\"firstItem\">Lagerbedingungen: bei Raumtemperatur (HRPL40 und HRPL80); bei 3\u20135 \u00b0C (andere Referenzen)<\/li>\n<li>2 Kitformate: 40 und 80 Tests<\/li>\n<li>Ref. HRPL140 \u2013 Hyalurons\u00e4ure-Kit (Natriumhyaluronat), spektrophotometrisches quantitatives Kit, 40 Tests<\/li>\n<li class=\"firstItem\">Ref. HRPL280 \u2013 Hyalurons\u00e4ure-Kit (Natriumhyaluronat), spektrophotometrisches quantitatives Kit, 80 Tests<\/li>\n<\/ul>\n","protected":false},"excerpt":{"rendered":"<p>Hyalurons\u00e4urebestimmung<\/p>\n","protected":false},"featured_media":29874,"template":"","meta":{"_crdt_document":""},"product_brand":[],"product_cat":[188,368],"product_tag":[],"class_list":{"0":"post-29870","1":"product","2":"type-product","3":"status-publish","4":"has-post-thumbnail","6":"product_cat-analyse-de","7":"product_cat-chemische-verbindung","9":"first","10":"instock","11":"taxable","12":"shipping-taxable","13":"product-type-simple"},"yoast_head":"<!-- This site is optimized with the Yoast SEO plugin v27.3 - https:\/\/yoast.com\/product\/yoast-seo-wordpress\/ -->\n<title>Testkits f\u00fcr Hyalurons\u00e4ure (Natriumhyaluronat) - Sysmatec<\/title>\n<meta name=\"description\" content=\"Einfach anzuwendender quantitativer Test zur Bestimmung von Hyalurons\u00e4ure im Bereich von 0,001\u00a0% bis 0,01\u00a0% mit einem Spektralphotometer.\" \/>\n<meta name=\"robots\" content=\"index, follow, max-snippet:-1, max-image-preview:large, max-video-preview:-1\" \/>\n<link rel=\"canonical\" href=\"https:\/\/sysmatec.ch\/de\/Produkt\/testkits-fuer-hyaluronsaeure-natriumhyaluronat\/\" \/>\n<meta property=\"og:locale\" content=\"de_DE\" \/>\n<meta property=\"og:type\" content=\"article\" \/>\n<meta property=\"og:title\" content=\"Testkits f\u00fcr Hyalurons\u00e4ure (Natriumhyaluronat) - Sysmatec\" \/>\n<meta property=\"og:description\" content=\"Einfach anzuwendender quantitativer Test zur Bestimmung von Hyalurons\u00e4ure im Bereich von 0,001\u00a0% bis 0,01\u00a0% mit einem Spektralphotometer.\" \/>\n<meta property=\"og:url\" content=\"https:\/\/sysmatec.ch\/de\/Produkt\/testkits-fuer-hyaluronsaeure-natriumhyaluronat\/\" \/>\n<meta property=\"og:site_name\" content=\"Sysmatec\" \/>\n<meta property=\"article:modified_time\" content=\"2024-07-29T13:06:18+00:00\" \/>\n<meta property=\"og:image\" content=\"https:\/\/sysmatec.ch\/wp-content\/uploads\/2024\/07\/AcideHyaluronic_Astori.jpg\" \/>\n\t<meta property=\"og:image:width\" content=\"635\" \/>\n\t<meta property=\"og:image:height\" content=\"766\" \/>\n\t<meta property=\"og:image:type\" content=\"image\/jpeg\" \/>\n<meta name=\"twitter:card\" content=\"summary_large_image\" \/>\n<meta name=\"twitter:label1\" content=\"Gesch\u00e4tzte Lesezeit\" \/>\n\t<meta name=\"twitter:data1\" content=\"2\u00a0Minuten\" \/>\n<script type=\"application\/ld+json\" class=\"yoast-schema-graph\">{\"@context\":\"https:\\\/\\\/schema.org\",\"@graph\":[{\"@type\":\"WebPage\",\"@id\":\"https:\\\/\\\/sysmatec.ch\\\/de\\\/Produkt\\\/testkits-fuer-hyaluronsaeure-natriumhyaluronat\\\/\",\"url\":\"https:\\\/\\\/sysmatec.ch\\\/de\\\/Produkt\\\/testkits-fuer-hyaluronsaeure-natriumhyaluronat\\\/\",\"name\":\"Testkits f\u00fcr Hyalurons\u00e4ure (Natriumhyaluronat) - Sysmatec\",\"isPartOf\":{\"@id\":\"https:\\\/\\\/sysmatec.ch\\\/de\\\/#website\"},\"primaryImageOfPage\":{\"@id\":\"https:\\\/\\\/sysmatec.ch\\\/de\\\/Produkt\\\/testkits-fuer-hyaluronsaeure-natriumhyaluronat\\\/#primaryimage\"},\"image\":{\"@id\":\"https:\\\/\\\/sysmatec.ch\\\/de\\\/Produkt\\\/testkits-fuer-hyaluronsaeure-natriumhyaluronat\\\/#primaryimage\"},\"thumbnailUrl\":\"https:\\\/\\\/sysmatec.ch\\\/wp-content\\\/uploads\\\/2024\\\/07\\\/AcideHyaluronic_Astori.jpg\",\"datePublished\":\"2024-07-29T12:40:59+00:00\",\"dateModified\":\"2024-07-29T13:06:18+00:00\",\"description\":\"Einfach anzuwendender quantitativer Test zur Bestimmung von Hyalurons\u00e4ure im Bereich von 0,001\u00a0% bis 0,01\u00a0% mit einem Spektralphotometer.\",\"breadcrumb\":{\"@id\":\"https:\\\/\\\/sysmatec.ch\\\/de\\\/Produkt\\\/testkits-fuer-hyaluronsaeure-natriumhyaluronat\\\/#breadcrumb\"},\"inLanguage\":\"de\",\"potentialAction\":[{\"@type\":\"ReadAction\",\"target\":[\"https:\\\/\\\/sysmatec.ch\\\/de\\\/Produkt\\\/testkits-fuer-hyaluronsaeure-natriumhyaluronat\\\/\"]}]},{\"@type\":\"ImageObject\",\"inLanguage\":\"de\",\"@id\":\"https:\\\/\\\/sysmatec.ch\\\/de\\\/Produkt\\\/testkits-fuer-hyaluronsaeure-natriumhyaluronat\\\/#primaryimage\",\"url\":\"https:\\\/\\\/sysmatec.ch\\\/wp-content\\\/uploads\\\/2024\\\/07\\\/AcideHyaluronic_Astori.jpg\",\"contentUrl\":\"https:\\\/\\\/sysmatec.ch\\\/wp-content\\\/uploads\\\/2024\\\/07\\\/AcideHyaluronic_Astori.jpg\",\"width\":635,\"height\":766},{\"@type\":\"BreadcrumbList\",\"@id\":\"https:\\\/\\\/sysmatec.ch\\\/de\\\/Produkt\\\/testkits-fuer-hyaluronsaeure-natriumhyaluronat\\\/#breadcrumb\",\"itemListElement\":[{\"@type\":\"ListItem\",\"position\":1,\"name\":\"Accueil\",\"item\":\"https:\\\/\\\/sysmatec.ch\\\/de\\\/\"},{\"@type\":\"ListItem\",\"position\":2,\"name\":\"Die Aktivit\u00e4t von Sysmatec\",\"item\":\"https:\\\/\\\/sysmatec.ch\\\/de\\\/\"},{\"@type\":\"ListItem\",\"position\":3,\"name\":\"Testkits f\u00fcr Hyalurons\u00e4ure (Natriumhyaluronat)\"}]},{\"@type\":\"WebSite\",\"@id\":\"https:\\\/\\\/sysmatec.ch\\\/de\\\/#website\",\"url\":\"https:\\\/\\\/sysmatec.ch\\\/de\\\/\",\"name\":\"Sysmatec\",\"description\":\"Equipement de laboratoire et logiciels\",\"publisher\":{\"@id\":\"https:\\\/\\\/sysmatec.ch\\\/de\\\/#organization\"},\"potentialAction\":[{\"@type\":\"SearchAction\",\"target\":{\"@type\":\"EntryPoint\",\"urlTemplate\":\"https:\\\/\\\/sysmatec.ch\\\/de\\\/?s={search_term_string}\"},\"query-input\":{\"@type\":\"PropertyValueSpecification\",\"valueRequired\":true,\"valueName\":\"search_term_string\"}}],\"inLanguage\":\"de\"},{\"@type\":\"Organization\",\"@id\":\"https:\\\/\\\/sysmatec.ch\\\/de\\\/#organization\",\"name\":\"Sysmatec\",\"url\":\"https:\\\/\\\/sysmatec.ch\\\/de\\\/\",\"logo\":{\"@type\":\"ImageObject\",\"inLanguage\":\"de\",\"@id\":\"https:\\\/\\\/sysmatec.ch\\\/de\\\/#\\\/schema\\\/logo\\\/image\\\/\",\"url\":\"https:\\\/\\\/sysmatec.ch\\\/wp-content\\\/uploads\\\/2018\\\/11\\\/LogoSysmatec.jpg\",\"contentUrl\":\"https:\\\/\\\/sysmatec.ch\\\/wp-content\\\/uploads\\\/2018\\\/11\\\/LogoSysmatec.jpg\",\"width\":301,\"height\":297,\"caption\":\"Sysmatec\"},\"image\":{\"@id\":\"https:\\\/\\\/sysmatec.ch\\\/de\\\/#\\\/schema\\\/logo\\\/image\\\/\"}}]}<\/script>\n<!-- \/ Yoast SEO plugin. -->","yoast_head_json":{"title":"Testkits f\u00fcr Hyalurons\u00e4ure (Natriumhyaluronat) - Sysmatec","description":"Einfach anzuwendender quantitativer Test zur Bestimmung von Hyalurons\u00e4ure im Bereich von 0,001\u00a0% bis 0,01\u00a0% mit einem Spektralphotometer.","robots":{"index":"index","follow":"follow","max-snippet":"max-snippet:-1","max-image-preview":"max-image-preview:large","max-video-preview":"max-video-preview:-1"},"canonical":"https:\/\/sysmatec.ch\/de\/Produkt\/testkits-fuer-hyaluronsaeure-natriumhyaluronat\/","og_locale":"de_DE","og_type":"article","og_title":"Testkits f\u00fcr Hyalurons\u00e4ure (Natriumhyaluronat) - Sysmatec","og_description":"Einfach anzuwendender quantitativer Test zur Bestimmung von Hyalurons\u00e4ure im Bereich von 0,001\u00a0% bis 0,01\u00a0% mit einem Spektralphotometer.","og_url":"https:\/\/sysmatec.ch\/de\/Produkt\/testkits-fuer-hyaluronsaeure-natriumhyaluronat\/","og_site_name":"Sysmatec","article_modified_time":"2024-07-29T13:06:18+00:00","og_image":[{"width":635,"height":766,"url":"https:\/\/sysmatec.ch\/wp-content\/uploads\/2024\/07\/AcideHyaluronic_Astori.jpg","type":"image\/jpeg"}],"twitter_card":"summary_large_image","twitter_misc":{"Gesch\u00e4tzte Lesezeit":"2\u00a0Minuten"},"schema":{"@context":"https:\/\/schema.org","@graph":[{"@type":"WebPage","@id":"https:\/\/sysmatec.ch\/de\/Produkt\/testkits-fuer-hyaluronsaeure-natriumhyaluronat\/","url":"https:\/\/sysmatec.ch\/de\/Produkt\/testkits-fuer-hyaluronsaeure-natriumhyaluronat\/","name":"Testkits f\u00fcr Hyalurons\u00e4ure (Natriumhyaluronat) - Sysmatec","isPartOf":{"@id":"https:\/\/sysmatec.ch\/de\/#website"},"primaryImageOfPage":{"@id":"https:\/\/sysmatec.ch\/de\/Produkt\/testkits-fuer-hyaluronsaeure-natriumhyaluronat\/#primaryimage"},"image":{"@id":"https:\/\/sysmatec.ch\/de\/Produkt\/testkits-fuer-hyaluronsaeure-natriumhyaluronat\/#primaryimage"},"thumbnailUrl":"https:\/\/sysmatec.ch\/wp-content\/uploads\/2024\/07\/AcideHyaluronic_Astori.jpg","datePublished":"2024-07-29T12:40:59+00:00","dateModified":"2024-07-29T13:06:18+00:00","description":"Einfach anzuwendender quantitativer Test zur Bestimmung von Hyalurons\u00e4ure im Bereich von 0,001\u00a0% bis 0,01\u00a0% mit einem Spektralphotometer.","breadcrumb":{"@id":"https:\/\/sysmatec.ch\/de\/Produkt\/testkits-fuer-hyaluronsaeure-natriumhyaluronat\/#breadcrumb"},"inLanguage":"de","potentialAction":[{"@type":"ReadAction","target":["https:\/\/sysmatec.ch\/de\/Produkt\/testkits-fuer-hyaluronsaeure-natriumhyaluronat\/"]}]},{"@type":"ImageObject","inLanguage":"de","@id":"https:\/\/sysmatec.ch\/de\/Produkt\/testkits-fuer-hyaluronsaeure-natriumhyaluronat\/#primaryimage","url":"https:\/\/sysmatec.ch\/wp-content\/uploads\/2024\/07\/AcideHyaluronic_Astori.jpg","contentUrl":"https:\/\/sysmatec.ch\/wp-content\/uploads\/2024\/07\/AcideHyaluronic_Astori.jpg","width":635,"height":766},{"@type":"BreadcrumbList","@id":"https:\/\/sysmatec.ch\/de\/Produkt\/testkits-fuer-hyaluronsaeure-natriumhyaluronat\/#breadcrumb","itemListElement":[{"@type":"ListItem","position":1,"name":"Accueil","item":"https:\/\/sysmatec.ch\/de\/"},{"@type":"ListItem","position":2,"name":"Die Aktivit\u00e4t von Sysmatec","item":"https:\/\/sysmatec.ch\/de\/"},{"@type":"ListItem","position":3,"name":"Testkits f\u00fcr Hyalurons\u00e4ure (Natriumhyaluronat)"}]},{"@type":"WebSite","@id":"https:\/\/sysmatec.ch\/de\/#website","url":"https:\/\/sysmatec.ch\/de\/","name":"Sysmatec","description":"Equipement de laboratoire et logiciels","publisher":{"@id":"https:\/\/sysmatec.ch\/de\/#organization"},"potentialAction":[{"@type":"SearchAction","target":{"@type":"EntryPoint","urlTemplate":"https:\/\/sysmatec.ch\/de\/?s={search_term_string}"},"query-input":{"@type":"PropertyValueSpecification","valueRequired":true,"valueName":"search_term_string"}}],"inLanguage":"de"},{"@type":"Organization","@id":"https:\/\/sysmatec.ch\/de\/#organization","name":"Sysmatec","url":"https:\/\/sysmatec.ch\/de\/","logo":{"@type":"ImageObject","inLanguage":"de","@id":"https:\/\/sysmatec.ch\/de\/#\/schema\/logo\/image\/","url":"https:\/\/sysmatec.ch\/wp-content\/uploads\/2018\/11\/LogoSysmatec.jpg","contentUrl":"https:\/\/sysmatec.ch\/wp-content\/uploads\/2018\/11\/LogoSysmatec.jpg","width":301,"height":297,"caption":"Sysmatec"},"image":{"@id":"https:\/\/sysmatec.ch\/de\/#\/schema\/logo\/image\/"}}]}},"_links":{"self":[{"href":"https:\/\/sysmatec.ch\/de\/wp-json\/wp\/v2\/product\/29870","targetHints":{"allow":["GET"]}}],"collection":[{"href":"https:\/\/sysmatec.ch\/de\/wp-json\/wp\/v2\/product"}],"about":[{"href":"https:\/\/sysmatec.ch\/de\/wp-json\/wp\/v2\/types\/product"}],"wp:featuredmedia":[{"embeddable":true,"href":"https:\/\/sysmatec.ch\/de\/wp-json\/wp\/v2\/media\/29874"}],"wp:attachment":[{"href":"https:\/\/sysmatec.ch\/de\/wp-json\/wp\/v2\/media?parent=29870"}],"wp:term":[{"taxonomy":"product_brand","embeddable":true,"href":"https:\/\/sysmatec.ch\/de\/wp-json\/wp\/v2\/product_brand?post=29870"},{"taxonomy":"product_cat","embeddable":true,"href":"https:\/\/sysmatec.ch\/de\/wp-json\/wp\/v2\/product_cat?post=29870"},{"taxonomy":"product_tag","embeddable":true,"href":"https:\/\/sysmatec.ch\/de\/wp-json\/wp\/v2\/product_tag?post=29870"}],"curies":[{"name":"wp","href":"https:\/\/api.w.org\/{rel}","templated":true}]}}