{"id":29824,"date":"2024-07-24T16:37:49","date_gmt":"2024-07-24T14:37:49","guid":{"rendered":"https:\/\/sysmatec.ch\/?post_type=product&#038;p=29824"},"modified":"2024-07-24T16:55:31","modified_gmt":"2024-07-24T14:55:31","slug":"rotationsverdampfer-rv-3-pro-v-complete","status":"publish","type":"product","link":"https:\/\/sysmatec.ch\/de\/Produkt\/rotationsverdampfer-rv-3-pro-v-complete\/","title":{"rendered":"Rotationsverdampfer RV 3 pro V Complete"},"content":{"rendered":"<p>Neben dem Rotationsverdampfer RV 3 V beinhaltet das Package das Heizbad HB eco mit 4 Litern Fassungsverm\u00f6gen und einem Heiztemperaturbereich von RT bis 99 \u00b0C, einen hocheffizienten vertikalen Glask\u00fchler-Satz mit 1L-Auffang- und Verdampferkolben sowie die Vakuumpumpe VACSTAR digital mit Vakuumcontroller VC 10 lite und den Umw\u00e4lzk\u00fchler RC 2 lite. Alle f\u00fcr den Betrieb notwendigen Komponenten und Anschl\u00fcsse sind damit enthalten.<\/p>\n<p>Die im Lieferumfang enthaltene Vakuumpumpe VACSTAR digital ist extrem platzsparend und erreicht ein minimales Vakuum von 2 mbar. Gesteuert wird sie \u00fcber den mitgelieferten Vakuumcontroller VC 10 lite. Dieser erm\u00f6glicht neben der Regelung des Umw\u00e4lzk\u00fchlers auch eine manuelle Sollwert-Eingabe des Vakuums sowie die programmgesteuerte Funktion.<\/p>\n<p>Der kompakte Umw\u00e4lzk\u00fchler RC 2 lite mit starker 400 Watt K\u00e4lteleistung und kraftvoller Druck- und Saugpumpe (0,35 bar) ist konzipiert f\u00fcr einfache K\u00fchlaufgaben bis -10 \u00b0C. Der gut zug\u00e4ngliche und leicht zu reinigende Maschenfilter aus Edelstahl stellt eine gleichbleibend hohe K\u00fchlleistung \u00fcber Jahre hinweg sicher. Durch das nat\u00fcrliche K\u00e4ltemittel R290 ist der RC 2 lite besonders umweltfreundlich und bestens vorbereitet auf die Zukunft.<\/p>\n<h1 class=\"ika-flex-table-header\">Technische Daten<\/h1>\n<table id=\"tech_data\" cellspacing=\"0\" cellpadding=\"0\">\n<tbody>\n<tr class=\"ika-flex-table-row\">\n<td class=\"ika-flex-table-column\">K\u00fchlerbauart<\/td>\n<td class=\"ika-flex-table-column\">senkrecht<\/td>\n<\/tr>\n<tr class=\"ika-flex-table-row\">\n<td class=\"ika-flex-table-column\">K\u00fchlfl\u00e4che<\/td>\n<td class=\"ika-flex-table-column\">1600 cm2<\/td>\n<\/tr>\n<tr class=\"ika-flex-table-row\">\n<td class=\"ika-flex-table-column\">Motorprinzip<\/td>\n<td class=\"ika-flex-table-column\">Gleichstrom<\/td>\n<\/tr>\n<tr class=\"ika-flex-table-row\">\n<td class=\"ika-flex-table-column\">Drehzahlbereich<\/td>\n<td class=\"ika-flex-table-column\">20 &#8211; 300 rpm<\/td>\n<\/tr>\n<tr class=\"ika-flex-table-row\">\n<td class=\"ika-flex-table-column\">Drehzahltoleranz Solldrehzahl &lt;100rpm<\/td>\n<td class=\"ika-flex-table-column\">\u00b11 rpm<\/td>\n<\/tr>\n<tr class=\"ika-flex-table-row\">\n<td class=\"ika-flex-table-column\">Drehzahltoleranz Solldrehzahl &gt;100rpm<\/td>\n<td class=\"ika-flex-table-column\">\u00b11 %<\/td>\n<\/tr>\n<tr class=\"ika-flex-table-row\">\n<td class=\"ika-flex-table-column\">Lift<\/td>\n<td class=\"ika-flex-table-column\">manuell<\/td>\n<\/tr>\n<tr class=\"ika-flex-table-row\">\n<td class=\"ika-flex-table-column\">Hub<\/td>\n<td class=\"ika-flex-table-column\">150 mm<\/td>\n<\/tr>\n<tr class=\"ika-flex-table-row\">\n<td class=\"ika-flex-table-column\">Heiztemperaturbereich<\/td>\n<td class=\"ika-flex-table-column\">Raumtemp. &#8211; 99 \u00b0C<\/td>\n<\/tr>\n<tr class=\"ika-flex-table-row\">\n<td class=\"ika-flex-table-column\">Abmessungen (B x H x T)<\/td>\n<td class=\"ika-flex-table-column\">440 x 530 x 330 mm<\/td>\n<\/tr>\n<tr class=\"ika-flex-table-row\">\n<td class=\"ika-flex-table-column\">Gewicht<\/td>\n<td class=\"ika-flex-table-column\">28.3 kg<\/td>\n<\/tr>\n<tr class=\"ika-flex-table-row\">\n<td class=\"ika-flex-table-column\">Zul\u00e4ssiger Umgebungstemperaturbereich<\/td>\n<td class=\"ika-flex-table-column\">5 &#8211; 40 \u00b0C<\/td>\n<\/tr>\n<tr class=\"ika-flex-table-row\">\n<td class=\"ika-flex-table-column\">Zul\u00e4ssige Relative Feuchte<\/td>\n<td class=\"ika-flex-table-column\">80 %<\/td>\n<\/tr>\n<tr class=\"ika-flex-table-row\">\n<td class=\"ika-flex-table-column\">Schutzart nach DIN EN 60529<\/td>\n<td class=\"ika-flex-table-column\">IP 20<\/td>\n<\/tr>\n<tr class=\"ika-flex-table-row\">\n<td class=\"ika-flex-table-column\">Spannung<\/td>\n<td class=\"ika-flex-table-column\">100 &#8211; 240 V<\/td>\n<\/tr>\n<tr class=\"ika-flex-table-row\">\n<td class=\"ika-flex-table-column\">Frequenz<\/td>\n<td class=\"ika-flex-table-column\">50\/60 Hz<\/td>\n<\/tr>\n<tr class=\"ika-flex-table-row\">\n<td class=\"ika-flex-table-column\">Ger\u00e4teaufnahmeleistung<\/td>\n<td class=\"ika-flex-table-column\">1400 W<\/td>\n<\/tr>\n<\/tbody>\n<\/table>\n","protected":false},"excerpt":{"rendered":"<p>Kompletter Rotationsverdampfer<\/p>\n","protected":false},"featured_media":1327,"template":"","meta":{"_crdt_document":""},"product_brand":[],"product_cat":[121],"product_tag":[],"class_list":{"0":"post-29824","1":"product","2":"type-product","3":"status-publish","4":"has-post-thumbnail","6":"product_cat-verdampfung","8":"first","9":"instock","10":"taxable","11":"shipping-taxable","12":"product-type-simple"},"yoast_head":"<!-- This site is optimized with the Yoast SEO plugin v27.3 - https:\/\/yoast.com\/product\/yoast-seo-wordpress\/ -->\n<title>Rotationsverdampfer RV 3 pro V Complete - Sysmatec<\/title>\n<meta name=\"description\" content=\"Kompletter Rotationsverdampfer inklusive Heizbad, eine Vakuumpumpe sorgt f\u00fcr ein thermostatisch geregeltes Umw\u00e4lzbad zur K\u00fchlung.\" \/>\n<meta name=\"robots\" content=\"index, follow, max-snippet:-1, max-image-preview:large, max-video-preview:-1\" \/>\n<link rel=\"canonical\" href=\"https:\/\/sysmatec.ch\/de\/Produkt\/rotationsverdampfer-rv-3-pro-v-complete\/\" \/>\n<meta property=\"og:locale\" content=\"de_DE\" \/>\n<meta property=\"og:type\" content=\"article\" \/>\n<meta property=\"og:title\" content=\"Rotationsverdampfer RV 3 pro V Complete - Sysmatec\" \/>\n<meta property=\"og:description\" content=\"Kompletter Rotationsverdampfer inklusive Heizbad, eine Vakuumpumpe sorgt f\u00fcr ein thermostatisch geregeltes Umw\u00e4lzbad zur K\u00fchlung.\" \/>\n<meta property=\"og:url\" content=\"https:\/\/sysmatec.ch\/de\/Produkt\/rotationsverdampfer-rv-3-pro-v-complete\/\" \/>\n<meta property=\"og:site_name\" content=\"Sysmatec\" \/>\n<meta property=\"article:modified_time\" content=\"2024-07-24T14:55:31+00:00\" \/>\n<meta property=\"og:image\" content=\"https:\/\/sysmatec.ch\/wp-content\/uploads\/2019\/01\/Evaporation_AELabAERE.jpg\" \/>\n\t<meta property=\"og:image:width\" content=\"188\" \/>\n\t<meta property=\"og:image:height\" content=\"235\" \/>\n\t<meta property=\"og:image:type\" content=\"image\/jpeg\" \/>\n<meta name=\"twitter:card\" content=\"summary_large_image\" \/>\n<meta name=\"twitter:label1\" content=\"Gesch\u00e4tzte Lesezeit\" \/>\n\t<meta name=\"twitter:data1\" content=\"2\u00a0Minuten\" \/>\n<script type=\"application\/ld+json\" class=\"yoast-schema-graph\">{\"@context\":\"https:\\\/\\\/schema.org\",\"@graph\":[{\"@type\":\"WebPage\",\"@id\":\"https:\\\/\\\/sysmatec.ch\\\/de\\\/Produkt\\\/rotationsverdampfer-rv-3-pro-v-complete\\\/\",\"url\":\"https:\\\/\\\/sysmatec.ch\\\/de\\\/Produkt\\\/rotationsverdampfer-rv-3-pro-v-complete\\\/\",\"name\":\"Rotationsverdampfer RV 3 pro V Complete - Sysmatec\",\"isPartOf\":{\"@id\":\"https:\\\/\\\/sysmatec.ch\\\/de\\\/#website\"},\"primaryImageOfPage\":{\"@id\":\"https:\\\/\\\/sysmatec.ch\\\/de\\\/Produkt\\\/rotationsverdampfer-rv-3-pro-v-complete\\\/#primaryimage\"},\"image\":{\"@id\":\"https:\\\/\\\/sysmatec.ch\\\/de\\\/Produkt\\\/rotationsverdampfer-rv-3-pro-v-complete\\\/#primaryimage\"},\"thumbnailUrl\":\"https:\\\/\\\/sysmatec.ch\\\/wp-content\\\/uploads\\\/2019\\\/01\\\/Evaporation_AELabAERE.jpg\",\"datePublished\":\"2024-07-24T14:37:49+00:00\",\"dateModified\":\"2024-07-24T14:55:31+00:00\",\"description\":\"Kompletter Rotationsverdampfer inklusive Heizbad, eine Vakuumpumpe sorgt f\u00fcr ein thermostatisch geregeltes Umw\u00e4lzbad zur K\u00fchlung.\",\"breadcrumb\":{\"@id\":\"https:\\\/\\\/sysmatec.ch\\\/de\\\/Produkt\\\/rotationsverdampfer-rv-3-pro-v-complete\\\/#breadcrumb\"},\"inLanguage\":\"de\",\"potentialAction\":[{\"@type\":\"ReadAction\",\"target\":[\"https:\\\/\\\/sysmatec.ch\\\/de\\\/Produkt\\\/rotationsverdampfer-rv-3-pro-v-complete\\\/\"]}]},{\"@type\":\"ImageObject\",\"inLanguage\":\"de\",\"@id\":\"https:\\\/\\\/sysmatec.ch\\\/de\\\/Produkt\\\/rotationsverdampfer-rv-3-pro-v-complete\\\/#primaryimage\",\"url\":\"https:\\\/\\\/sysmatec.ch\\\/wp-content\\\/uploads\\\/2019\\\/01\\\/Evaporation_AELabAERE.jpg\",\"contentUrl\":\"https:\\\/\\\/sysmatec.ch\\\/wp-content\\\/uploads\\\/2019\\\/01\\\/Evaporation_AELabAERE.jpg\",\"width\":188,\"height\":235},{\"@type\":\"BreadcrumbList\",\"@id\":\"https:\\\/\\\/sysmatec.ch\\\/de\\\/Produkt\\\/rotationsverdampfer-rv-3-pro-v-complete\\\/#breadcrumb\",\"itemListElement\":[{\"@type\":\"ListItem\",\"position\":1,\"name\":\"Accueil\",\"item\":\"https:\\\/\\\/sysmatec.ch\\\/de\\\/\"},{\"@type\":\"ListItem\",\"position\":2,\"name\":\"Die Aktivit\u00e4t von Sysmatec\",\"item\":\"https:\\\/\\\/sysmatec.ch\\\/de\\\/\"},{\"@type\":\"ListItem\",\"position\":3,\"name\":\"Rotationsverdampfer RV 3 pro V Complete\"}]},{\"@type\":\"WebSite\",\"@id\":\"https:\\\/\\\/sysmatec.ch\\\/de\\\/#website\",\"url\":\"https:\\\/\\\/sysmatec.ch\\\/de\\\/\",\"name\":\"Sysmatec\",\"description\":\"Equipement de laboratoire et logiciels\",\"publisher\":{\"@id\":\"https:\\\/\\\/sysmatec.ch\\\/de\\\/#organization\"},\"potentialAction\":[{\"@type\":\"SearchAction\",\"target\":{\"@type\":\"EntryPoint\",\"urlTemplate\":\"https:\\\/\\\/sysmatec.ch\\\/de\\\/?s={search_term_string}\"},\"query-input\":{\"@type\":\"PropertyValueSpecification\",\"valueRequired\":true,\"valueName\":\"search_term_string\"}}],\"inLanguage\":\"de\"},{\"@type\":\"Organization\",\"@id\":\"https:\\\/\\\/sysmatec.ch\\\/de\\\/#organization\",\"name\":\"Sysmatec\",\"url\":\"https:\\\/\\\/sysmatec.ch\\\/de\\\/\",\"logo\":{\"@type\":\"ImageObject\",\"inLanguage\":\"de\",\"@id\":\"https:\\\/\\\/sysmatec.ch\\\/de\\\/#\\\/schema\\\/logo\\\/image\\\/\",\"url\":\"https:\\\/\\\/sysmatec.ch\\\/wp-content\\\/uploads\\\/2018\\\/11\\\/LogoSysmatec.jpg\",\"contentUrl\":\"https:\\\/\\\/sysmatec.ch\\\/wp-content\\\/uploads\\\/2018\\\/11\\\/LogoSysmatec.jpg\",\"width\":301,\"height\":297,\"caption\":\"Sysmatec\"},\"image\":{\"@id\":\"https:\\\/\\\/sysmatec.ch\\\/de\\\/#\\\/schema\\\/logo\\\/image\\\/\"}}]}<\/script>\n<!-- \/ Yoast SEO plugin. -->","yoast_head_json":{"title":"Rotationsverdampfer RV 3 pro V Complete - Sysmatec","description":"Kompletter Rotationsverdampfer inklusive Heizbad, eine Vakuumpumpe sorgt f\u00fcr ein thermostatisch geregeltes Umw\u00e4lzbad zur K\u00fchlung.","robots":{"index":"index","follow":"follow","max-snippet":"max-snippet:-1","max-image-preview":"max-image-preview:large","max-video-preview":"max-video-preview:-1"},"canonical":"https:\/\/sysmatec.ch\/de\/Produkt\/rotationsverdampfer-rv-3-pro-v-complete\/","og_locale":"de_DE","og_type":"article","og_title":"Rotationsverdampfer RV 3 pro V Complete - Sysmatec","og_description":"Kompletter Rotationsverdampfer inklusive Heizbad, eine Vakuumpumpe sorgt f\u00fcr ein thermostatisch geregeltes Umw\u00e4lzbad zur K\u00fchlung.","og_url":"https:\/\/sysmatec.ch\/de\/Produkt\/rotationsverdampfer-rv-3-pro-v-complete\/","og_site_name":"Sysmatec","article_modified_time":"2024-07-24T14:55:31+00:00","og_image":[{"width":188,"height":235,"url":"https:\/\/sysmatec.ch\/wp-content\/uploads\/2019\/01\/Evaporation_AELabAERE.jpg","type":"image\/jpeg"}],"twitter_card":"summary_large_image","twitter_misc":{"Gesch\u00e4tzte Lesezeit":"2\u00a0Minuten"},"schema":{"@context":"https:\/\/schema.org","@graph":[{"@type":"WebPage","@id":"https:\/\/sysmatec.ch\/de\/Produkt\/rotationsverdampfer-rv-3-pro-v-complete\/","url":"https:\/\/sysmatec.ch\/de\/Produkt\/rotationsverdampfer-rv-3-pro-v-complete\/","name":"Rotationsverdampfer RV 3 pro V Complete - Sysmatec","isPartOf":{"@id":"https:\/\/sysmatec.ch\/de\/#website"},"primaryImageOfPage":{"@id":"https:\/\/sysmatec.ch\/de\/Produkt\/rotationsverdampfer-rv-3-pro-v-complete\/#primaryimage"},"image":{"@id":"https:\/\/sysmatec.ch\/de\/Produkt\/rotationsverdampfer-rv-3-pro-v-complete\/#primaryimage"},"thumbnailUrl":"https:\/\/sysmatec.ch\/wp-content\/uploads\/2019\/01\/Evaporation_AELabAERE.jpg","datePublished":"2024-07-24T14:37:49+00:00","dateModified":"2024-07-24T14:55:31+00:00","description":"Kompletter Rotationsverdampfer inklusive Heizbad, eine Vakuumpumpe sorgt f\u00fcr ein thermostatisch geregeltes Umw\u00e4lzbad zur K\u00fchlung.","breadcrumb":{"@id":"https:\/\/sysmatec.ch\/de\/Produkt\/rotationsverdampfer-rv-3-pro-v-complete\/#breadcrumb"},"inLanguage":"de","potentialAction":[{"@type":"ReadAction","target":["https:\/\/sysmatec.ch\/de\/Produkt\/rotationsverdampfer-rv-3-pro-v-complete\/"]}]},{"@type":"ImageObject","inLanguage":"de","@id":"https:\/\/sysmatec.ch\/de\/Produkt\/rotationsverdampfer-rv-3-pro-v-complete\/#primaryimage","url":"https:\/\/sysmatec.ch\/wp-content\/uploads\/2019\/01\/Evaporation_AELabAERE.jpg","contentUrl":"https:\/\/sysmatec.ch\/wp-content\/uploads\/2019\/01\/Evaporation_AELabAERE.jpg","width":188,"height":235},{"@type":"BreadcrumbList","@id":"https:\/\/sysmatec.ch\/de\/Produkt\/rotationsverdampfer-rv-3-pro-v-complete\/#breadcrumb","itemListElement":[{"@type":"ListItem","position":1,"name":"Accueil","item":"https:\/\/sysmatec.ch\/de\/"},{"@type":"ListItem","position":2,"name":"Die Aktivit\u00e4t von Sysmatec","item":"https:\/\/sysmatec.ch\/de\/"},{"@type":"ListItem","position":3,"name":"Rotationsverdampfer RV 3 pro V Complete"}]},{"@type":"WebSite","@id":"https:\/\/sysmatec.ch\/de\/#website","url":"https:\/\/sysmatec.ch\/de\/","name":"Sysmatec","description":"Equipement de laboratoire et logiciels","publisher":{"@id":"https:\/\/sysmatec.ch\/de\/#organization"},"potentialAction":[{"@type":"SearchAction","target":{"@type":"EntryPoint","urlTemplate":"https:\/\/sysmatec.ch\/de\/?s={search_term_string}"},"query-input":{"@type":"PropertyValueSpecification","valueRequired":true,"valueName":"search_term_string"}}],"inLanguage":"de"},{"@type":"Organization","@id":"https:\/\/sysmatec.ch\/de\/#organization","name":"Sysmatec","url":"https:\/\/sysmatec.ch\/de\/","logo":{"@type":"ImageObject","inLanguage":"de","@id":"https:\/\/sysmatec.ch\/de\/#\/schema\/logo\/image\/","url":"https:\/\/sysmatec.ch\/wp-content\/uploads\/2018\/11\/LogoSysmatec.jpg","contentUrl":"https:\/\/sysmatec.ch\/wp-content\/uploads\/2018\/11\/LogoSysmatec.jpg","width":301,"height":297,"caption":"Sysmatec"},"image":{"@id":"https:\/\/sysmatec.ch\/de\/#\/schema\/logo\/image\/"}}]}},"_links":{"self":[{"href":"https:\/\/sysmatec.ch\/de\/wp-json\/wp\/v2\/product\/29824","targetHints":{"allow":["GET"]}}],"collection":[{"href":"https:\/\/sysmatec.ch\/de\/wp-json\/wp\/v2\/product"}],"about":[{"href":"https:\/\/sysmatec.ch\/de\/wp-json\/wp\/v2\/types\/product"}],"wp:featuredmedia":[{"embeddable":true,"href":"https:\/\/sysmatec.ch\/de\/wp-json\/wp\/v2\/media\/1327"}],"wp:attachment":[{"href":"https:\/\/sysmatec.ch\/de\/wp-json\/wp\/v2\/media?parent=29824"}],"wp:term":[{"taxonomy":"product_brand","embeddable":true,"href":"https:\/\/sysmatec.ch\/de\/wp-json\/wp\/v2\/product_brand?post=29824"},{"taxonomy":"product_cat","embeddable":true,"href":"https:\/\/sysmatec.ch\/de\/wp-json\/wp\/v2\/product_cat?post=29824"},{"taxonomy":"product_tag","embeddable":true,"href":"https:\/\/sysmatec.ch\/de\/wp-json\/wp\/v2\/product_tag?post=29824"}],"curies":[{"name":"wp","href":"https:\/\/api.w.org\/{rel}","templated":true}]}}