{"id":29804,"date":"2024-07-23T20:50:47","date_gmt":"2024-07-23T18:50:47","guid":{"rendered":"https:\/\/sysmatec.ch\/?post_type=product&#038;p=29804"},"modified":"2025-08-07T14:38:10","modified_gmt":"2025-08-07T12:38:10","slug":"bioreaktor-fuer-zellkultur-bioaxflow","status":"publish","type":"product","link":"https:\/\/sysmatec.ch\/de\/Produkt\/bioreaktor-fuer-zellkultur-bioaxflow\/","title":{"rendered":"Bioreaktor f\u00fcr Zellkultur BioAxFlow"},"content":{"rendered":"<p>Im Gegensatz zu herk\u00f6mmlichen Bioreaktoren ist dieser nicht auf mechanische Komponenten angewiesen, um das Kulturmedium zu bewegen, sondern auf die Bewegung von Fl\u00fcssigkeiten, die durch die Geometrie der Kulturkammer erzeugt wird.<\/p>\n<p>Der Zweck dieses Bioreaktors besteht darin, das Zellkulturmedium kontinuierlich von unten in das Gef\u00e4\u00df zu pumpen, die Zellen nach oben zu heben, Zugang zum Gef\u00e4\u00df zu erhalten und schlie\u00dflich mithilfe einer externen Schlauchpumpe die Zellaussaat auf dem Ger\u00fcst zu erm\u00f6glichen. Es handelt sich um eine komplette \u201ePlug-and-Play\u201c-L\u00f6sung f\u00fcr die Gewebez\u00fcchtung, die Innovation, Vielseitigkeit und Benutzerfreundlichkeit vereint.<\/p>\n<h2>Die 4 Hauptkomponenten des Bioreaktors<\/h2>\n<div class=\"et_pb_module et_pb_text et_pb_text_4 et_pb_text_align_left et_pb_bg_layout_light et_had_animation\">\n<div class=\"et_pb_text_inner\">\n<ul>\n<li>Die Basis, die sowohl den Zu- als auch Abfluss des Mediums erm\u00f6glicht, erzeugt eine Fluiddynamik, die f\u00fcr eine effiziente Zellkultur innerhalb der Bioreaktorkammer geeignet ist<\/li>\n<li>Der Ger\u00fcstst\u00e4nder ist so konzipiert, dass er Konstrukte\/Ger\u00fcste unterschiedlicher Geometrie und Gr\u00f6\u00dfe aufnehmen kann und vom Kunden individuell angepasst werden kann;<\/li>\n<li>Der Glaszylinder erm\u00f6glicht eine st\u00e4ndige visuelle \u00dcberpr\u00fcfung des Inhalts;<\/li>\n<li>Die Kappe ist mit Probenentnahme\u00f6ffnungen f\u00fcr die Zellprobenentnahme und Gewindehalterungen f\u00fcr Entl\u00fcftungsstopfen ausgestattet.<\/li>\n<\/ul>\n<h2>Vorteile des Bioreaktors f\u00fcr die Zellkultur<\/h2>\n<div class=\"et_pb_module et_pb_blurb et_pb_blurb_0 et_pb_text_align_left et_pb_blurb_position_left et_pb_bg_layout_light et_had_animation\">\n<div class=\"et_pb_blurb_content\">\n<div class=\"et_pb_blurb_container\">\n<div class=\"et_pb_blurb_description\">\n<ul>\n<li>Konstrukt und Ger\u00fcst k\u00f6nnen unterschiedliche Geometrien und Abmessungen haben. Design und Produktion sind anpassbar.<\/li>\n<li>Es erm\u00f6glicht eine automatische Zellbesiedlung durch die Verwendung einfacher Steuerventile.<\/li>\n<li>Es erreicht eine homogene Zellverteilung. Die Erzeugung seiner ausgefeilten Fluiddynamik erm\u00f6glicht eine homogene Verteilung der Zellen auf dem Ger\u00fcst.<\/li>\n<li>Der Bioreaktor ist modular aufgebaut und kann mehr als einen einzigen vollst\u00e4ndig integrierten Bioreaktor enthalten, um mehrere Experimente parallel durchzuf\u00fchren.<\/li>\n<li>Vollst\u00e4ndig transparentes Gef\u00e4\u00df f\u00fcr optische Untersuchungen.<\/li>\n<li>Geeignet f\u00fcr Suspensions- und verankerungsabh\u00e4ngige Zellkulturen<\/li>\n<li>Verf\u00fcgbar f\u00fcr Volumina von 10 ml bis 200 ml<\/li>\n<\/ul>\n<\/div>\n<\/div>\n<\/div>\n<\/div>\n<div class=\"et_pb_module et_pb_blurb et_pb_blurb_6 et_pb_text_align_left et_pb_blurb_position_left et_pb_bg_layout_light et_had_animation\">\n<div class=\"et_pb_blurb_content\">\n<div class=\"et_pb_blurb_container\">\n<div class=\"et_pb_blurb_description\">\n<h2>Verf\u00fcgbare Versionen<\/h2>\n<ul>\n<li>Einweg<\/li>\n<li>Mehrweg (unbegrenzt sterilisierbar mit Ethanol, bis zu 100 Autoklavierzyklen)<\/li>\n<li>Verschiedene Gr\u00f6\u00dfen: BioAxFlow4 (f\u00fcr Volumina von 15 ml bis 50 ml), BioAxFlow8 (f\u00fcr Volumina von 110 ml bis 180 ml), weitere Gr\u00f6\u00dfen auf Anfrage.<\/li>\n<\/ul>\n<h2>Ver\u00f6ffentlichungen zum Ger\u00e4t<\/h2>\n<p>Flusssimulation und Vergleich der OSA-2 (Osteosarkom)-Zellkultur <a href=\"https:\/\/www.biorxiv.org\/content\/10.1101\/2025.01.24.634745v1\">https:\/\/www.biorxiv.org\/content\/10.1101\/2025.01.24.634745v1<\/a><\/p>\n<\/div>\n<\/div>\n<\/div>\n<\/div>\n<p>&nbsp;<\/p>\n<\/div>\n<\/div>\n","protected":false},"excerpt":{"rendered":"<p>Bioreaktor geeignet f\u00fcr Zellkulturexperimente auf Ger\u00fcsten unterschiedlicher Geometrie, implementiert mit kontinuierlicher Mediumzirkulation<\/p>\n","protected":false},"featured_media":29820,"template":"","meta":{"_crdt_document":""},"product_brand":[],"product_cat":[117],"product_tag":[],"class_list":{"0":"post-29804","1":"product","2":"type-product","3":"status-publish","4":"has-post-thumbnail","6":"product_cat-bioreaktor","8":"first","9":"instock","10":"taxable","11":"shipping-taxable","12":"product-type-simple"},"yoast_head":"<!-- This site is optimized with the Yoast SEO plugin v27.4 - https:\/\/yoast.com\/product\/yoast-seo-wordpress\/ -->\n<title>Bioreaktor f\u00fcr Zellkultur BioAxFlow - Sysmatec<\/title>\n<meta name=\"description\" content=\"Bioreaktor f\u00fcr Zellkultur mit Ger\u00fcst und Mediumzirkulation. Volumen von 10 mL bis 200 mL\" \/>\n<meta name=\"robots\" content=\"index, follow, max-snippet:-1, max-image-preview:large, max-video-preview:-1\" \/>\n<link rel=\"canonical\" href=\"https:\/\/sysmatec.ch\/de\/Produkt\/bioreaktor-fuer-zellkultur-bioaxflow\/\" \/>\n<meta property=\"og:locale\" content=\"de_DE\" \/>\n<meta property=\"og:type\" content=\"article\" \/>\n<meta property=\"og:title\" content=\"Bioreaktor f\u00fcr Zellkultur BioAxFlow - Sysmatec\" \/>\n<meta property=\"og:description\" content=\"Bioreaktor f\u00fcr Zellkultur mit Ger\u00fcst und Mediumzirkulation. Volumen von 10 mL bis 200 mL\" \/>\n<meta property=\"og:url\" content=\"https:\/\/sysmatec.ch\/de\/Produkt\/bioreaktor-fuer-zellkultur-bioaxflow\/\" \/>\n<meta property=\"og:site_name\" content=\"Sysmatec\" \/>\n<meta property=\"article:modified_time\" content=\"2025-08-07T12:38:10+00:00\" \/>\n<meta property=\"og:image\" content=\"https:\/\/sysmatec.ch\/wp-content\/uploads\/2024\/07\/Bioreacteur_BioAxFlow1.jpg\" \/>\n\t<meta property=\"og:image:width\" content=\"1004\" \/>\n\t<meta property=\"og:image:height\" content=\"1331\" \/>\n\t<meta property=\"og:image:type\" content=\"image\/jpeg\" \/>\n<meta name=\"twitter:card\" content=\"summary_large_image\" \/>\n<meta name=\"twitter:label1\" content=\"Gesch\u00e4tzte Lesezeit\" \/>\n\t<meta name=\"twitter:data1\" content=\"2\u00a0Minuten\" \/>\n<script type=\"application\/ld+json\" class=\"yoast-schema-graph\">{\"@context\":\"https:\\\/\\\/schema.org\",\"@graph\":[{\"@type\":\"WebPage\",\"@id\":\"https:\\\/\\\/sysmatec.ch\\\/de\\\/Produkt\\\/bioreaktor-fuer-zellkultur-bioaxflow\\\/\",\"url\":\"https:\\\/\\\/sysmatec.ch\\\/de\\\/Produkt\\\/bioreaktor-fuer-zellkultur-bioaxflow\\\/\",\"name\":\"Bioreaktor f\u00fcr Zellkultur BioAxFlow - Sysmatec\",\"isPartOf\":{\"@id\":\"https:\\\/\\\/sysmatec.ch\\\/de\\\/#website\"},\"primaryImageOfPage\":{\"@id\":\"https:\\\/\\\/sysmatec.ch\\\/de\\\/Produkt\\\/bioreaktor-fuer-zellkultur-bioaxflow\\\/#primaryimage\"},\"image\":{\"@id\":\"https:\\\/\\\/sysmatec.ch\\\/de\\\/Produkt\\\/bioreaktor-fuer-zellkultur-bioaxflow\\\/#primaryimage\"},\"thumbnailUrl\":\"https:\\\/\\\/sysmatec.ch\\\/wp-content\\\/uploads\\\/2024\\\/07\\\/Bioreacteur_BioAxFlow1.jpg\",\"datePublished\":\"2024-07-23T18:50:47+00:00\",\"dateModified\":\"2025-08-07T12:38:10+00:00\",\"description\":\"Bioreaktor f\u00fcr Zellkultur mit Ger\u00fcst und Mediumzirkulation. Volumen von 10 mL bis 200 mL\",\"breadcrumb\":{\"@id\":\"https:\\\/\\\/sysmatec.ch\\\/de\\\/Produkt\\\/bioreaktor-fuer-zellkultur-bioaxflow\\\/#breadcrumb\"},\"inLanguage\":\"de\",\"potentialAction\":[{\"@type\":\"ReadAction\",\"target\":[\"https:\\\/\\\/sysmatec.ch\\\/de\\\/Produkt\\\/bioreaktor-fuer-zellkultur-bioaxflow\\\/\"]}]},{\"@type\":\"ImageObject\",\"inLanguage\":\"de\",\"@id\":\"https:\\\/\\\/sysmatec.ch\\\/de\\\/Produkt\\\/bioreaktor-fuer-zellkultur-bioaxflow\\\/#primaryimage\",\"url\":\"https:\\\/\\\/sysmatec.ch\\\/wp-content\\\/uploads\\\/2024\\\/07\\\/Bioreacteur_BioAxFlow1.jpg\",\"contentUrl\":\"https:\\\/\\\/sysmatec.ch\\\/wp-content\\\/uploads\\\/2024\\\/07\\\/Bioreacteur_BioAxFlow1.jpg\",\"width\":1004,\"height\":1331},{\"@type\":\"BreadcrumbList\",\"@id\":\"https:\\\/\\\/sysmatec.ch\\\/de\\\/Produkt\\\/bioreaktor-fuer-zellkultur-bioaxflow\\\/#breadcrumb\",\"itemListElement\":[{\"@type\":\"ListItem\",\"position\":1,\"name\":\"Accueil\",\"item\":\"https:\\\/\\\/sysmatec.ch\\\/de\\\/\"},{\"@type\":\"ListItem\",\"position\":2,\"name\":\"Die Aktivit\u00e4t von Sysmatec\",\"item\":\"https:\\\/\\\/sysmatec.ch\\\/de\\\/\"},{\"@type\":\"ListItem\",\"position\":3,\"name\":\"Bioreaktor f\u00fcr Zellkultur BioAxFlow\"}]},{\"@type\":\"WebSite\",\"@id\":\"https:\\\/\\\/sysmatec.ch\\\/de\\\/#website\",\"url\":\"https:\\\/\\\/sysmatec.ch\\\/de\\\/\",\"name\":\"Sysmatec\",\"description\":\"Equipement de laboratoire et logiciels\",\"publisher\":{\"@id\":\"https:\\\/\\\/sysmatec.ch\\\/de\\\/#organization\"},\"potentialAction\":[{\"@type\":\"SearchAction\",\"target\":{\"@type\":\"EntryPoint\",\"urlTemplate\":\"https:\\\/\\\/sysmatec.ch\\\/de\\\/?s={search_term_string}\"},\"query-input\":{\"@type\":\"PropertyValueSpecification\",\"valueRequired\":true,\"valueName\":\"search_term_string\"}}],\"inLanguage\":\"de\"},{\"@type\":\"Organization\",\"@id\":\"https:\\\/\\\/sysmatec.ch\\\/de\\\/#organization\",\"name\":\"Sysmatec\",\"url\":\"https:\\\/\\\/sysmatec.ch\\\/de\\\/\",\"logo\":{\"@type\":\"ImageObject\",\"inLanguage\":\"de\",\"@id\":\"https:\\\/\\\/sysmatec.ch\\\/de\\\/#\\\/schema\\\/logo\\\/image\\\/\",\"url\":\"https:\\\/\\\/sysmatec.ch\\\/wp-content\\\/uploads\\\/2018\\\/11\\\/LogoSysmatec.jpg\",\"contentUrl\":\"https:\\\/\\\/sysmatec.ch\\\/wp-content\\\/uploads\\\/2018\\\/11\\\/LogoSysmatec.jpg\",\"width\":301,\"height\":297,\"caption\":\"Sysmatec\"},\"image\":{\"@id\":\"https:\\\/\\\/sysmatec.ch\\\/de\\\/#\\\/schema\\\/logo\\\/image\\\/\"}}]}<\/script>\n<!-- \/ Yoast SEO plugin. -->","yoast_head_json":{"title":"Bioreaktor f\u00fcr Zellkultur BioAxFlow - Sysmatec","description":"Bioreaktor f\u00fcr Zellkultur mit Ger\u00fcst und Mediumzirkulation. Volumen von 10 mL bis 200 mL","robots":{"index":"index","follow":"follow","max-snippet":"max-snippet:-1","max-image-preview":"max-image-preview:large","max-video-preview":"max-video-preview:-1"},"canonical":"https:\/\/sysmatec.ch\/de\/Produkt\/bioreaktor-fuer-zellkultur-bioaxflow\/","og_locale":"de_DE","og_type":"article","og_title":"Bioreaktor f\u00fcr Zellkultur BioAxFlow - Sysmatec","og_description":"Bioreaktor f\u00fcr Zellkultur mit Ger\u00fcst und Mediumzirkulation. Volumen von 10 mL bis 200 mL","og_url":"https:\/\/sysmatec.ch\/de\/Produkt\/bioreaktor-fuer-zellkultur-bioaxflow\/","og_site_name":"Sysmatec","article_modified_time":"2025-08-07T12:38:10+00:00","og_image":[{"width":1004,"height":1331,"url":"https:\/\/sysmatec.ch\/wp-content\/uploads\/2024\/07\/Bioreacteur_BioAxFlow1.jpg","type":"image\/jpeg"}],"twitter_card":"summary_large_image","twitter_misc":{"Gesch\u00e4tzte Lesezeit":"2\u00a0Minuten"},"schema":{"@context":"https:\/\/schema.org","@graph":[{"@type":"WebPage","@id":"https:\/\/sysmatec.ch\/de\/Produkt\/bioreaktor-fuer-zellkultur-bioaxflow\/","url":"https:\/\/sysmatec.ch\/de\/Produkt\/bioreaktor-fuer-zellkultur-bioaxflow\/","name":"Bioreaktor f\u00fcr Zellkultur BioAxFlow - Sysmatec","isPartOf":{"@id":"https:\/\/sysmatec.ch\/de\/#website"},"primaryImageOfPage":{"@id":"https:\/\/sysmatec.ch\/de\/Produkt\/bioreaktor-fuer-zellkultur-bioaxflow\/#primaryimage"},"image":{"@id":"https:\/\/sysmatec.ch\/de\/Produkt\/bioreaktor-fuer-zellkultur-bioaxflow\/#primaryimage"},"thumbnailUrl":"https:\/\/sysmatec.ch\/wp-content\/uploads\/2024\/07\/Bioreacteur_BioAxFlow1.jpg","datePublished":"2024-07-23T18:50:47+00:00","dateModified":"2025-08-07T12:38:10+00:00","description":"Bioreaktor f\u00fcr Zellkultur mit Ger\u00fcst und Mediumzirkulation. Volumen von 10 mL bis 200 mL","breadcrumb":{"@id":"https:\/\/sysmatec.ch\/de\/Produkt\/bioreaktor-fuer-zellkultur-bioaxflow\/#breadcrumb"},"inLanguage":"de","potentialAction":[{"@type":"ReadAction","target":["https:\/\/sysmatec.ch\/de\/Produkt\/bioreaktor-fuer-zellkultur-bioaxflow\/"]}]},{"@type":"ImageObject","inLanguage":"de","@id":"https:\/\/sysmatec.ch\/de\/Produkt\/bioreaktor-fuer-zellkultur-bioaxflow\/#primaryimage","url":"https:\/\/sysmatec.ch\/wp-content\/uploads\/2024\/07\/Bioreacteur_BioAxFlow1.jpg","contentUrl":"https:\/\/sysmatec.ch\/wp-content\/uploads\/2024\/07\/Bioreacteur_BioAxFlow1.jpg","width":1004,"height":1331},{"@type":"BreadcrumbList","@id":"https:\/\/sysmatec.ch\/de\/Produkt\/bioreaktor-fuer-zellkultur-bioaxflow\/#breadcrumb","itemListElement":[{"@type":"ListItem","position":1,"name":"Accueil","item":"https:\/\/sysmatec.ch\/de\/"},{"@type":"ListItem","position":2,"name":"Die Aktivit\u00e4t von Sysmatec","item":"https:\/\/sysmatec.ch\/de\/"},{"@type":"ListItem","position":3,"name":"Bioreaktor f\u00fcr Zellkultur BioAxFlow"}]},{"@type":"WebSite","@id":"https:\/\/sysmatec.ch\/de\/#website","url":"https:\/\/sysmatec.ch\/de\/","name":"Sysmatec","description":"Equipement de laboratoire et logiciels","publisher":{"@id":"https:\/\/sysmatec.ch\/de\/#organization"},"potentialAction":[{"@type":"SearchAction","target":{"@type":"EntryPoint","urlTemplate":"https:\/\/sysmatec.ch\/de\/?s={search_term_string}"},"query-input":{"@type":"PropertyValueSpecification","valueRequired":true,"valueName":"search_term_string"}}],"inLanguage":"de"},{"@type":"Organization","@id":"https:\/\/sysmatec.ch\/de\/#organization","name":"Sysmatec","url":"https:\/\/sysmatec.ch\/de\/","logo":{"@type":"ImageObject","inLanguage":"de","@id":"https:\/\/sysmatec.ch\/de\/#\/schema\/logo\/image\/","url":"https:\/\/sysmatec.ch\/wp-content\/uploads\/2018\/11\/LogoSysmatec.jpg","contentUrl":"https:\/\/sysmatec.ch\/wp-content\/uploads\/2018\/11\/LogoSysmatec.jpg","width":301,"height":297,"caption":"Sysmatec"},"image":{"@id":"https:\/\/sysmatec.ch\/de\/#\/schema\/logo\/image\/"}}]}},"_links":{"self":[{"href":"https:\/\/sysmatec.ch\/de\/wp-json\/wp\/v2\/product\/29804","targetHints":{"allow":["GET"]}}],"collection":[{"href":"https:\/\/sysmatec.ch\/de\/wp-json\/wp\/v2\/product"}],"about":[{"href":"https:\/\/sysmatec.ch\/de\/wp-json\/wp\/v2\/types\/product"}],"wp:featuredmedia":[{"embeddable":true,"href":"https:\/\/sysmatec.ch\/de\/wp-json\/wp\/v2\/media\/29820"}],"wp:attachment":[{"href":"https:\/\/sysmatec.ch\/de\/wp-json\/wp\/v2\/media?parent=29804"}],"wp:term":[{"taxonomy":"product_brand","embeddable":true,"href":"https:\/\/sysmatec.ch\/de\/wp-json\/wp\/v2\/product_brand?post=29804"},{"taxonomy":"product_cat","embeddable":true,"href":"https:\/\/sysmatec.ch\/de\/wp-json\/wp\/v2\/product_cat?post=29804"},{"taxonomy":"product_tag","embeddable":true,"href":"https:\/\/sysmatec.ch\/de\/wp-json\/wp\/v2\/product_tag?post=29804"}],"curies":[{"name":"wp","href":"https:\/\/api.w.org\/{rel}","templated":true}]}}