{"id":29784,"date":"2024-07-18T21:10:07","date_gmt":"2024-07-18T19:10:07","guid":{"rendered":"https:\/\/sysmatec.ch\/?post_type=product&#038;p=29784"},"modified":"2024-07-18T21:30:11","modified_gmt":"2024-07-18T19:30:11","slug":"fixvolumenpipette-ika-pette-fix-copie","status":"publish","type":"product","link":"https:\/\/sysmatec.ch\/de\/Produkt\/fixvolumenpipette-ika-pette-fix-copie\/","title":{"rendered":"Fixvolumenpipette IKA PETTE fix (Copie)"},"content":{"rendered":"<p>Eine Farbkodierung erleichtert die schnelle Auswahl der passenden Pipette. Sto\u00dffest, UV- und chemikalienbest\u00e4ndig sorgt der Spitzenkonus auf lange Sicht f\u00fcr verl\u00e4ssliche Dosierungen.. Insgesamt stehen acht verschiedene Modelle zur Verf\u00fcgung, die verschiedene einstellbare Volumenbereiche von 0,1 \u03bcl bis 10 000 \u03bcl bieten.<\/p>\n<p>Mehr Ergonomie durch austauschbare Griffe<br \/>\nDie Pipetten von IKA werden inklusive drei austauschbarer Griffe in unterschiedlichen Formen und Materialien geliefert. Durch die Auswahl eines f\u00fcr jede Hand passenden Griffs, passt sich die Pipette individuellen Bed\u00fcrfnissen an. Diese ergonomische Optimierung erm\u00f6glicht bequemes sowie handgelenkschonendes Arbeiten und stellt sicher, dass die Pipette im t\u00e4glichen Einsatz perfekt in der Hand liegt, um Arbeitspunkte gut zu erfassen. Pr\u00e4zise und wiederholbare Ergebnisse sind damit garantiert.<\/p>\n<p>Unkomplizierter Abwurf der Pipettenspitze<br \/>\nIm Anschluss an den Pipettiervorgang wird die Pipettenspitze schnell und ohne zeitraubenden Handstellungswechsel durch einfaches Dr\u00fccken des zentralen Multifunktionsknopfes abgeworfen. Durch sein rundes Design funktioniert der einh\u00e4ndige Abwurf f\u00fcr Rechts- und Linksh\u00e4nder gleicherma\u00dfen.<\/p>\n<p>Robust und leichtg\u00e4ngig<br \/>\nKolben und Spitzenkonus der Pipette besteht aus DLC-beschichtetem Edelstahl. DLC steht f\u00fcr diamond like carbon und ist ein diamant\u00e4hnlicher Kohlenstoff, der eine hohe Verschlei\u00df- und Korrosionsbest\u00e4ndigkeit sowie eine besondere H\u00e4rte und niedrige Reibwerte aufweist. Durch die DLC Beschichtung ist der Spitzenkonus besonders unempfindlich und sorgt daf\u00fcr, dass die Pipettenspitzen immer perfekt und damit dicht sitzen. Die extrem guten Gleiteigenschaften des DLC f\u00fchren zudem dazu, dass die Pipette nur in seltenen F\u00e4llen neu gefettet werden muss. F\u00fcr den Anwender zeigt sich der Vorteil der Beschichtung v.a. durch einen gleichm\u00e4\u00dfigen und geringen Kraftaufwand beim Aufnehmen und Abgeben der zu pipettierenden Fl\u00fcssigkeit.<\/p>\n<p>Wartungsfreundlich, prozesssicher und einfach zu reinigen<br \/>\nEine regelm\u00e4\u00dfige Reinigung und Wartung der Pipette garantiert eine lange Produktlebenszeit. Volumeneinheit mit Kolben und Dichtung lassen sich mit nur wenigen Handgriffen komplett auseinander bauen. Der ebenso einfache Zusammenbau wird h\u00f6rbar durch ein Klicken quittiert und ist damit prozesssicher.<\/p>\n<p>Vereinfachte Erfassung, Dokumentation und \u00dcberwachung<br \/>\nDie Erfassung, Dokumentation und \u00dcberwachung von Ger\u00e4tschaften und Abl\u00e4ufen sind in den meisten Laboren von gro\u00dfer Bedeutung. Die Seriennummer der IKA PETTE wird von einem auf dem Geh\u00e4use angebrachten QR Code einfach ohne \u00dcbertragungsfehler abgescannt. Seriennummer und Pipette sind so unverwechselbar miteinander verbunden.<\/p>\n<p>Autoklavierbar bei 121\u00b0C<br \/>\nIKA PETTE ist bestens geeignet f\u00fcr Hitze- und Hochdrucksterilisation. Dank ihres einfachen Aufbaus kann die Pipette komplett oder auch im zerlegten Zustand gereinigt und autoklaviert werden.<\/p>\n<p>Gro\u00dfe Auswahl an Pipettenspitzen<br \/>\nAlle Modelle von PETTE fix und vario sind mit universell einsetzbaren Pipettenspitzen der meisten Hersteller kompatibel. Pipettenspitzen mit den Standard-Farbkodierungen grau, gelb und blau passen immer auf die von uns entsprechend markierten Pipetten. Damit steht eine Vielzahl von Pipettenspitzen zur Auswahl und es kann sichergestellt werden, dass nur passende Spitzen aufgesetzt werden.<\/p>\n<p>8 Modelle<\/p>\n<ul>\n<li>0.1 &#8211; 2 \u00b5l<\/li>\n<li>0.5 &#8211; 10 \u00b5l<\/li>\n<li>2 &#8211; 20 \u00b5l<\/li>\n<li>10 &#8211; 100 \u00b5l<\/li>\n<li>20 &#8211; 200 \u00b5l<\/li>\n<li>100 &#8211; 1 000 \u00b5l<\/li>\n<li>500 &#8211; 5 000 \u00b5l<\/li>\n<li>1000 &#8211;\u00a0 10 000 \u00b5l<\/li>\n<\/ul>\n<p>Pipettenspitzen finden Sie auf der Seite \u201e<a href=\"https:\/\/sysmatec.ch\/de\/verbrauchsmaterial-fuer-fluessigkeit\/\">Verbrauchsmaterial<\/a>\u201c.<\/p>\n","protected":false},"excerpt":{"rendered":"<p>Einkanalpipetten mit variablem Volumen von 0,1 bis 10.000 \u00b5l<\/p>\n","protected":false},"featured_media":29771,"template":"","meta":{"_crdt_document":""},"product_brand":[],"product_cat":[129],"product_tag":[],"class_list":{"0":"post-29784","1":"product","2":"type-product","3":"status-publish","4":"has-post-thumbnail","6":"product_cat-pipette-de","8":"first","9":"instock","10":"taxable","11":"shipping-taxable","12":"product-type-simple"},"yoast_head":"<!-- This site is optimized with the Yoast SEO plugin v27.3 - https:\/\/yoast.com\/product\/yoast-seo-wordpress\/ -->\n<title>Fixvolumenpipette IKA PETTE fix (Copie) - Sysmatec<\/title>\n<meta name=\"description\" content=\"8 Modelle von Einkanalpipetten mit variabeln Volumen f\u00fcr Volumina von 0.1 \u03bcl to 10 000 \u03bcl.\" \/>\n<meta name=\"robots\" content=\"index, follow, max-snippet:-1, max-image-preview:large, max-video-preview:-1\" \/>\n<link rel=\"canonical\" href=\"https:\/\/sysmatec.ch\/de\/Produkt\/fixvolumenpipette-ika-pette-fix-copie\/\" \/>\n<meta property=\"og:locale\" content=\"de_DE\" \/>\n<meta property=\"og:type\" content=\"article\" \/>\n<meta property=\"og:title\" content=\"Fixvolumenpipette IKA PETTE fix (Copie) - Sysmatec\" \/>\n<meta property=\"og:description\" content=\"8 Modelle von Einkanalpipetten mit variabeln Volumen f\u00fcr Volumina von 0.1 \u03bcl to 10 000 \u03bcl.\" \/>\n<meta property=\"og:url\" content=\"https:\/\/sysmatec.ch\/de\/Produkt\/fixvolumenpipette-ika-pette-fix-copie\/\" \/>\n<meta property=\"og:site_name\" content=\"Sysmatec\" \/>\n<meta property=\"article:modified_time\" content=\"2024-07-18T19:30:11+00:00\" \/>\n<meta property=\"og:image\" content=\"https:\/\/sysmatec.ch\/wp-content\/uploads\/2024\/07\/Pipette_IKAMultiPette8.jpg\" \/>\n\t<meta property=\"og:image:width\" content=\"755\" \/>\n\t<meta property=\"og:image:height\" content=\"785\" \/>\n\t<meta property=\"og:image:type\" content=\"image\/jpeg\" \/>\n<meta name=\"twitter:card\" content=\"summary_large_image\" \/>\n<meta name=\"twitter:label1\" content=\"Gesch\u00e4tzte Lesezeit\" \/>\n\t<meta name=\"twitter:data1\" content=\"3\u00a0Minuten\" \/>\n<script type=\"application\/ld+json\" class=\"yoast-schema-graph\">{\"@context\":\"https:\\\/\\\/schema.org\",\"@graph\":[{\"@type\":\"WebPage\",\"@id\":\"https:\\\/\\\/sysmatec.ch\\\/de\\\/Produkt\\\/fixvolumenpipette-ika-pette-fix-copie\\\/\",\"url\":\"https:\\\/\\\/sysmatec.ch\\\/de\\\/Produkt\\\/fixvolumenpipette-ika-pette-fix-copie\\\/\",\"name\":\"Fixvolumenpipette IKA PETTE fix (Copie) - Sysmatec\",\"isPartOf\":{\"@id\":\"https:\\\/\\\/sysmatec.ch\\\/de\\\/#website\"},\"primaryImageOfPage\":{\"@id\":\"https:\\\/\\\/sysmatec.ch\\\/de\\\/Produkt\\\/fixvolumenpipette-ika-pette-fix-copie\\\/#primaryimage\"},\"image\":{\"@id\":\"https:\\\/\\\/sysmatec.ch\\\/de\\\/Produkt\\\/fixvolumenpipette-ika-pette-fix-copie\\\/#primaryimage\"},\"thumbnailUrl\":\"https:\\\/\\\/sysmatec.ch\\\/wp-content\\\/uploads\\\/2024\\\/07\\\/Pipette_IKAMultiPette8.jpg\",\"datePublished\":\"2024-07-18T19:10:07+00:00\",\"dateModified\":\"2024-07-18T19:30:11+00:00\",\"description\":\"8 Modelle von Einkanalpipetten mit variabeln Volumen f\u00fcr Volumina von 0.1 \u03bcl to 10 000 \u03bcl.\",\"breadcrumb\":{\"@id\":\"https:\\\/\\\/sysmatec.ch\\\/de\\\/Produkt\\\/fixvolumenpipette-ika-pette-fix-copie\\\/#breadcrumb\"},\"inLanguage\":\"de\",\"potentialAction\":[{\"@type\":\"ReadAction\",\"target\":[\"https:\\\/\\\/sysmatec.ch\\\/de\\\/Produkt\\\/fixvolumenpipette-ika-pette-fix-copie\\\/\"]}]},{\"@type\":\"ImageObject\",\"inLanguage\":\"de\",\"@id\":\"https:\\\/\\\/sysmatec.ch\\\/de\\\/Produkt\\\/fixvolumenpipette-ika-pette-fix-copie\\\/#primaryimage\",\"url\":\"https:\\\/\\\/sysmatec.ch\\\/wp-content\\\/uploads\\\/2024\\\/07\\\/Pipette_IKAMultiPette8.jpg\",\"contentUrl\":\"https:\\\/\\\/sysmatec.ch\\\/wp-content\\\/uploads\\\/2024\\\/07\\\/Pipette_IKAMultiPette8.jpg\",\"width\":755,\"height\":785},{\"@type\":\"BreadcrumbList\",\"@id\":\"https:\\\/\\\/sysmatec.ch\\\/de\\\/Produkt\\\/fixvolumenpipette-ika-pette-fix-copie\\\/#breadcrumb\",\"itemListElement\":[{\"@type\":\"ListItem\",\"position\":1,\"name\":\"Accueil\",\"item\":\"https:\\\/\\\/sysmatec.ch\\\/de\\\/\"},{\"@type\":\"ListItem\",\"position\":2,\"name\":\"Die Aktivit\u00e4t von Sysmatec\",\"item\":\"https:\\\/\\\/sysmatec.ch\\\/de\\\/\"},{\"@type\":\"ListItem\",\"position\":3,\"name\":\"Fixvolumenpipette IKA PETTE fix (Copie)\"}]},{\"@type\":\"WebSite\",\"@id\":\"https:\\\/\\\/sysmatec.ch\\\/de\\\/#website\",\"url\":\"https:\\\/\\\/sysmatec.ch\\\/de\\\/\",\"name\":\"Sysmatec\",\"description\":\"Equipement de laboratoire et logiciels\",\"publisher\":{\"@id\":\"https:\\\/\\\/sysmatec.ch\\\/de\\\/#organization\"},\"potentialAction\":[{\"@type\":\"SearchAction\",\"target\":{\"@type\":\"EntryPoint\",\"urlTemplate\":\"https:\\\/\\\/sysmatec.ch\\\/de\\\/?s={search_term_string}\"},\"query-input\":{\"@type\":\"PropertyValueSpecification\",\"valueRequired\":true,\"valueName\":\"search_term_string\"}}],\"inLanguage\":\"de\"},{\"@type\":\"Organization\",\"@id\":\"https:\\\/\\\/sysmatec.ch\\\/de\\\/#organization\",\"name\":\"Sysmatec\",\"url\":\"https:\\\/\\\/sysmatec.ch\\\/de\\\/\",\"logo\":{\"@type\":\"ImageObject\",\"inLanguage\":\"de\",\"@id\":\"https:\\\/\\\/sysmatec.ch\\\/de\\\/#\\\/schema\\\/logo\\\/image\\\/\",\"url\":\"https:\\\/\\\/sysmatec.ch\\\/wp-content\\\/uploads\\\/2018\\\/11\\\/LogoSysmatec.jpg\",\"contentUrl\":\"https:\\\/\\\/sysmatec.ch\\\/wp-content\\\/uploads\\\/2018\\\/11\\\/LogoSysmatec.jpg\",\"width\":301,\"height\":297,\"caption\":\"Sysmatec\"},\"image\":{\"@id\":\"https:\\\/\\\/sysmatec.ch\\\/de\\\/#\\\/schema\\\/logo\\\/image\\\/\"}}]}<\/script>\n<!-- \/ Yoast SEO plugin. -->","yoast_head_json":{"title":"Fixvolumenpipette IKA PETTE fix (Copie) - Sysmatec","description":"8 Modelle von Einkanalpipetten mit variabeln Volumen f\u00fcr Volumina von 0.1 \u03bcl to 10 000 \u03bcl.","robots":{"index":"index","follow":"follow","max-snippet":"max-snippet:-1","max-image-preview":"max-image-preview:large","max-video-preview":"max-video-preview:-1"},"canonical":"https:\/\/sysmatec.ch\/de\/Produkt\/fixvolumenpipette-ika-pette-fix-copie\/","og_locale":"de_DE","og_type":"article","og_title":"Fixvolumenpipette IKA PETTE fix (Copie) - Sysmatec","og_description":"8 Modelle von Einkanalpipetten mit variabeln Volumen f\u00fcr Volumina von 0.1 \u03bcl to 10 000 \u03bcl.","og_url":"https:\/\/sysmatec.ch\/de\/Produkt\/fixvolumenpipette-ika-pette-fix-copie\/","og_site_name":"Sysmatec","article_modified_time":"2024-07-18T19:30:11+00:00","og_image":[{"width":755,"height":785,"url":"https:\/\/sysmatec.ch\/wp-content\/uploads\/2024\/07\/Pipette_IKAMultiPette8.jpg","type":"image\/jpeg"}],"twitter_card":"summary_large_image","twitter_misc":{"Gesch\u00e4tzte Lesezeit":"3\u00a0Minuten"},"schema":{"@context":"https:\/\/schema.org","@graph":[{"@type":"WebPage","@id":"https:\/\/sysmatec.ch\/de\/Produkt\/fixvolumenpipette-ika-pette-fix-copie\/","url":"https:\/\/sysmatec.ch\/de\/Produkt\/fixvolumenpipette-ika-pette-fix-copie\/","name":"Fixvolumenpipette IKA PETTE fix (Copie) - Sysmatec","isPartOf":{"@id":"https:\/\/sysmatec.ch\/de\/#website"},"primaryImageOfPage":{"@id":"https:\/\/sysmatec.ch\/de\/Produkt\/fixvolumenpipette-ika-pette-fix-copie\/#primaryimage"},"image":{"@id":"https:\/\/sysmatec.ch\/de\/Produkt\/fixvolumenpipette-ika-pette-fix-copie\/#primaryimage"},"thumbnailUrl":"https:\/\/sysmatec.ch\/wp-content\/uploads\/2024\/07\/Pipette_IKAMultiPette8.jpg","datePublished":"2024-07-18T19:10:07+00:00","dateModified":"2024-07-18T19:30:11+00:00","description":"8 Modelle von Einkanalpipetten mit variabeln Volumen f\u00fcr Volumina von 0.1 \u03bcl to 10 000 \u03bcl.","breadcrumb":{"@id":"https:\/\/sysmatec.ch\/de\/Produkt\/fixvolumenpipette-ika-pette-fix-copie\/#breadcrumb"},"inLanguage":"de","potentialAction":[{"@type":"ReadAction","target":["https:\/\/sysmatec.ch\/de\/Produkt\/fixvolumenpipette-ika-pette-fix-copie\/"]}]},{"@type":"ImageObject","inLanguage":"de","@id":"https:\/\/sysmatec.ch\/de\/Produkt\/fixvolumenpipette-ika-pette-fix-copie\/#primaryimage","url":"https:\/\/sysmatec.ch\/wp-content\/uploads\/2024\/07\/Pipette_IKAMultiPette8.jpg","contentUrl":"https:\/\/sysmatec.ch\/wp-content\/uploads\/2024\/07\/Pipette_IKAMultiPette8.jpg","width":755,"height":785},{"@type":"BreadcrumbList","@id":"https:\/\/sysmatec.ch\/de\/Produkt\/fixvolumenpipette-ika-pette-fix-copie\/#breadcrumb","itemListElement":[{"@type":"ListItem","position":1,"name":"Accueil","item":"https:\/\/sysmatec.ch\/de\/"},{"@type":"ListItem","position":2,"name":"Die Aktivit\u00e4t von Sysmatec","item":"https:\/\/sysmatec.ch\/de\/"},{"@type":"ListItem","position":3,"name":"Fixvolumenpipette IKA PETTE fix (Copie)"}]},{"@type":"WebSite","@id":"https:\/\/sysmatec.ch\/de\/#website","url":"https:\/\/sysmatec.ch\/de\/","name":"Sysmatec","description":"Equipement de laboratoire et logiciels","publisher":{"@id":"https:\/\/sysmatec.ch\/de\/#organization"},"potentialAction":[{"@type":"SearchAction","target":{"@type":"EntryPoint","urlTemplate":"https:\/\/sysmatec.ch\/de\/?s={search_term_string}"},"query-input":{"@type":"PropertyValueSpecification","valueRequired":true,"valueName":"search_term_string"}}],"inLanguage":"de"},{"@type":"Organization","@id":"https:\/\/sysmatec.ch\/de\/#organization","name":"Sysmatec","url":"https:\/\/sysmatec.ch\/de\/","logo":{"@type":"ImageObject","inLanguage":"de","@id":"https:\/\/sysmatec.ch\/de\/#\/schema\/logo\/image\/","url":"https:\/\/sysmatec.ch\/wp-content\/uploads\/2018\/11\/LogoSysmatec.jpg","contentUrl":"https:\/\/sysmatec.ch\/wp-content\/uploads\/2018\/11\/LogoSysmatec.jpg","width":301,"height":297,"caption":"Sysmatec"},"image":{"@id":"https:\/\/sysmatec.ch\/de\/#\/schema\/logo\/image\/"}}]}},"_links":{"self":[{"href":"https:\/\/sysmatec.ch\/de\/wp-json\/wp\/v2\/product\/29784","targetHints":{"allow":["GET"]}}],"collection":[{"href":"https:\/\/sysmatec.ch\/de\/wp-json\/wp\/v2\/product"}],"about":[{"href":"https:\/\/sysmatec.ch\/de\/wp-json\/wp\/v2\/types\/product"}],"wp:featuredmedia":[{"embeddable":true,"href":"https:\/\/sysmatec.ch\/de\/wp-json\/wp\/v2\/media\/29771"}],"wp:attachment":[{"href":"https:\/\/sysmatec.ch\/de\/wp-json\/wp\/v2\/media?parent=29784"}],"wp:term":[{"taxonomy":"product_brand","embeddable":true,"href":"https:\/\/sysmatec.ch\/de\/wp-json\/wp\/v2\/product_brand?post=29784"},{"taxonomy":"product_cat","embeddable":true,"href":"https:\/\/sysmatec.ch\/de\/wp-json\/wp\/v2\/product_cat?post=29784"},{"taxonomy":"product_tag","embeddable":true,"href":"https:\/\/sysmatec.ch\/de\/wp-json\/wp\/v2\/product_tag?post=29784"}],"curies":[{"name":"wp","href":"https:\/\/api.w.org\/{rel}","templated":true}]}}