{"id":29767,"date":"2024-07-15T21:15:27","date_gmt":"2024-07-15T19:15:27","guid":{"rendered":"https:\/\/sysmatec.ch\/?post_type=product&#038;p=29767"},"modified":"2024-07-16T21:19:34","modified_gmt":"2024-07-16T19:19:34","slug":"mehrkanalpipette-ika-pette-multi-8","status":"publish","type":"product","link":"https:\/\/sysmatec.ch\/de\/Produkt\/mehrkanalpipette-ika-pette-multi-8\/","title":{"rendered":"Mehrkanalpipette IKA PETTE multi 8"},"content":{"rendered":"<p>Hervorragende Handhabung und pr\u00e4zise Leistung ohne Kompromisse: IKA pr\u00e4sentiert seine Serie der mechanischen Luftverdr\u00e4ngungspipetten IKA PETTE, erh\u00e4ltlich mit 8 Kan\u00e4len f\u00fcr die pr\u00e4zise Dosierung in Mikrotiter- oder Deep-Well-Platten. Insgesamt stehen drei verschiedene Modelle zur Verf\u00fcgung, die unterschiedliche einstellbare Volumenbereiche von 0,5 bis 200 \u03bcl bieten.<\/p>\n<p>Komfortables und schnelles Einstellen des Pipettiervolumens<br \/>\nDas Pipettiervolumen wird \u00fcber zwei Stufen (fein und grob) eingestellt. Ver- und Entriegeln des Volumens erfolgt ebenso wie die Feineinstellung am Multifunktionsknopf mit einer Hand.<br \/>\nAuf dem Display ist das eingestellte Volumen in gro\u00dfen Ziffern zu jeder Zeit prozesssicher und eindeutig ablesbar.<\/p>\n<p>Unkomplizierter Abwurf der Pipettenspitze<br \/>\nIm Anschluss an den Pipettiervorgang wird die Pipettenspitze schnell und ohne zeitraubenden Handstellungswechsel durch einfaches Dr\u00fccken des zentralen Multifunktionsknopfes abgeworfen. Durch sein rundes Design funktioniert der einh\u00e4ndige Abwurf f\u00fcr Rechts- und Linksh\u00e4nder gleicherma\u00dfen.<\/p>\n<p>Werkzeuglos und sicher Justieren<br \/>\nSind im Rahmen der Kalibrierung Abweichungen erkennbar, muss die Pipette meist justiert werden. F\u00fcr die Justierung der IKA PETTE ist kein Werkzeug erforderlich. Der Anwender spart dadurch wertvolle Zeit, denn die Suche nach passendem Werkzeug entf\u00e4llt. Im Anschluss wird die Pipette gegen versehentliches Verstellen gesichert.<\/p>\n<p>Vereinfachte Erfassung, Dokumentation und \u00dcberwachung<br \/>\nDie Erfassung, Dokumentation und \u00dcberwachung von Ger\u00e4tschaften und Abl\u00e4ufen sind in den meisten Laboren von gro\u00dfer Bedeutung. Die Seriennummer der IKA PETTE wird von einem auf dem Geh\u00e4use angebrachten QR Code einfach ohne \u00dcbertragungsfehler abgescannt. Seriennummer und Pipette sind so unverwechselbar miteinander verbunden.<\/p>\n<p>Autoklavierbar bei 121\u00b0C<br \/>\nIKA PETTE ist bestens geeignet f\u00fcr Hitze- und Hochdrucksterilisation. Dank ihres einfachen Aufbaus kann die Pipette komplett oder auch im zerlegten Zustand gereinigt und autoklaviert werden.<\/p>\n<p>Gro\u00dfe Auswahl an Pipettenspitzen<br \/>\nAlle Modelle der IKA PETTE sind mit Pipettenspitzen der meisten Hersteller kompatibel. Pipettenspitzen mit den Standard-Farbkodierungen grau, gelb und blau passen immer auf die von uns entsprechend markierten Pipetten. Damit steht eine Vielzahl von Pipettenspitzen zur Auswahl und es kann sichergestellt werden, dass nur passende Spitzen aufgesetzt werden.<\/p>\n<p>3 Modelle<\/p>\n<ul>\n<li>0.5-10 \u00b5l<\/li>\n<li>10-100 \u00b5l<\/li>\n<li>20-200 \u00b5l<\/li>\n<\/ul>\n<p>Pipettenspitzen finden Sie auf der Seite \u201e<a href=\"https:\/\/sysmatec.ch\/de\/verbrauchsmaterial-fuer-fluessigkeit\/\">Verbrauchsmaterial<\/a>\u201c.<\/p>\n","protected":false},"excerpt":{"rendered":"<p>Pipettes 8 canaux pour de volumes de 0,5 \u00e0 200 \u03bcl.<\/p>\n","protected":false},"featured_media":29771,"template":"","meta":{"_crdt_document":""},"product_brand":[],"product_cat":[129],"product_tag":[],"class_list":{"0":"post-29767","1":"product","2":"type-product","3":"status-publish","4":"has-post-thumbnail","6":"product_cat-pipette-de","8":"first","9":"instock","10":"taxable","11":"shipping-taxable","12":"product-type-simple"},"yoast_head":"<!-- This site is optimized with the Yoast SEO plugin v27.3 - https:\/\/yoast.com\/product\/yoast-seo-wordpress\/ -->\n<title>Mehrkanalpipette IKA PETTE multi 8 - Sysmatec<\/title>\n<meta name=\"description\" content=\"Trois mod\u00e8les de pipettes 8 canaux pour des volumes de 0.5-10 \u00b5l, 10-100 \u00b5 et l20-200 \u00b5l.\" \/>\n<meta name=\"robots\" content=\"index, follow, max-snippet:-1, max-image-preview:large, max-video-preview:-1\" \/>\n<link rel=\"canonical\" href=\"https:\/\/sysmatec.ch\/de\/Produkt\/mehrkanalpipette-ika-pette-multi-8\/\" \/>\n<meta property=\"og:locale\" content=\"de_DE\" \/>\n<meta property=\"og:type\" content=\"article\" \/>\n<meta property=\"og:title\" content=\"Mehrkanalpipette IKA PETTE multi 8 - Sysmatec\" \/>\n<meta property=\"og:description\" content=\"Trois mod\u00e8les de pipettes 8 canaux pour des volumes de 0.5-10 \u00b5l, 10-100 \u00b5 et l20-200 \u00b5l.\" \/>\n<meta property=\"og:url\" content=\"https:\/\/sysmatec.ch\/de\/Produkt\/mehrkanalpipette-ika-pette-multi-8\/\" \/>\n<meta property=\"og:site_name\" content=\"Sysmatec\" \/>\n<meta property=\"article:modified_time\" content=\"2024-07-16T19:19:34+00:00\" \/>\n<meta property=\"og:image\" content=\"https:\/\/sysmatec.ch\/wp-content\/uploads\/2024\/07\/Pipette_IKAMultiPette8.jpg\" \/>\n\t<meta property=\"og:image:width\" content=\"755\" \/>\n\t<meta property=\"og:image:height\" content=\"785\" \/>\n\t<meta property=\"og:image:type\" content=\"image\/jpeg\" \/>\n<meta name=\"twitter:card\" content=\"summary_large_image\" \/>\n<meta name=\"twitter:label1\" content=\"Gesch\u00e4tzte Lesezeit\" \/>\n\t<meta name=\"twitter:data1\" content=\"2\u00a0Minuten\" \/>\n<script type=\"application\/ld+json\" class=\"yoast-schema-graph\">{\"@context\":\"https:\\\/\\\/schema.org\",\"@graph\":[{\"@type\":\"WebPage\",\"@id\":\"https:\\\/\\\/sysmatec.ch\\\/de\\\/Produkt\\\/mehrkanalpipette-ika-pette-multi-8\\\/\",\"url\":\"https:\\\/\\\/sysmatec.ch\\\/de\\\/Produkt\\\/mehrkanalpipette-ika-pette-multi-8\\\/\",\"name\":\"Mehrkanalpipette IKA PETTE multi 8 - Sysmatec\",\"isPartOf\":{\"@id\":\"https:\\\/\\\/sysmatec.ch\\\/de\\\/#website\"},\"primaryImageOfPage\":{\"@id\":\"https:\\\/\\\/sysmatec.ch\\\/de\\\/Produkt\\\/mehrkanalpipette-ika-pette-multi-8\\\/#primaryimage\"},\"image\":{\"@id\":\"https:\\\/\\\/sysmatec.ch\\\/de\\\/Produkt\\\/mehrkanalpipette-ika-pette-multi-8\\\/#primaryimage\"},\"thumbnailUrl\":\"https:\\\/\\\/sysmatec.ch\\\/wp-content\\\/uploads\\\/2024\\\/07\\\/Pipette_IKAMultiPette8.jpg\",\"datePublished\":\"2024-07-15T19:15:27+00:00\",\"dateModified\":\"2024-07-16T19:19:34+00:00\",\"description\":\"Trois mod\u00e8les de pipettes 8 canaux pour des volumes de 0.5-10 \u00b5l, 10-100 \u00b5 et l20-200 \u00b5l.\",\"breadcrumb\":{\"@id\":\"https:\\\/\\\/sysmatec.ch\\\/de\\\/Produkt\\\/mehrkanalpipette-ika-pette-multi-8\\\/#breadcrumb\"},\"inLanguage\":\"de\",\"potentialAction\":[{\"@type\":\"ReadAction\",\"target\":[\"https:\\\/\\\/sysmatec.ch\\\/de\\\/Produkt\\\/mehrkanalpipette-ika-pette-multi-8\\\/\"]}]},{\"@type\":\"ImageObject\",\"inLanguage\":\"de\",\"@id\":\"https:\\\/\\\/sysmatec.ch\\\/de\\\/Produkt\\\/mehrkanalpipette-ika-pette-multi-8\\\/#primaryimage\",\"url\":\"https:\\\/\\\/sysmatec.ch\\\/wp-content\\\/uploads\\\/2024\\\/07\\\/Pipette_IKAMultiPette8.jpg\",\"contentUrl\":\"https:\\\/\\\/sysmatec.ch\\\/wp-content\\\/uploads\\\/2024\\\/07\\\/Pipette_IKAMultiPette8.jpg\",\"width\":755,\"height\":785},{\"@type\":\"BreadcrumbList\",\"@id\":\"https:\\\/\\\/sysmatec.ch\\\/de\\\/Produkt\\\/mehrkanalpipette-ika-pette-multi-8\\\/#breadcrumb\",\"itemListElement\":[{\"@type\":\"ListItem\",\"position\":1,\"name\":\"Accueil\",\"item\":\"https:\\\/\\\/sysmatec.ch\\\/de\\\/\"},{\"@type\":\"ListItem\",\"position\":2,\"name\":\"Die Aktivit\u00e4t von Sysmatec\",\"item\":\"https:\\\/\\\/sysmatec.ch\\\/de\\\/\"},{\"@type\":\"ListItem\",\"position\":3,\"name\":\"Mehrkanalpipette IKA PETTE multi 8\"}]},{\"@type\":\"WebSite\",\"@id\":\"https:\\\/\\\/sysmatec.ch\\\/de\\\/#website\",\"url\":\"https:\\\/\\\/sysmatec.ch\\\/de\\\/\",\"name\":\"Sysmatec\",\"description\":\"Equipement de laboratoire et logiciels\",\"publisher\":{\"@id\":\"https:\\\/\\\/sysmatec.ch\\\/de\\\/#organization\"},\"potentialAction\":[{\"@type\":\"SearchAction\",\"target\":{\"@type\":\"EntryPoint\",\"urlTemplate\":\"https:\\\/\\\/sysmatec.ch\\\/de\\\/?s={search_term_string}\"},\"query-input\":{\"@type\":\"PropertyValueSpecification\",\"valueRequired\":true,\"valueName\":\"search_term_string\"}}],\"inLanguage\":\"de\"},{\"@type\":\"Organization\",\"@id\":\"https:\\\/\\\/sysmatec.ch\\\/de\\\/#organization\",\"name\":\"Sysmatec\",\"url\":\"https:\\\/\\\/sysmatec.ch\\\/de\\\/\",\"logo\":{\"@type\":\"ImageObject\",\"inLanguage\":\"de\",\"@id\":\"https:\\\/\\\/sysmatec.ch\\\/de\\\/#\\\/schema\\\/logo\\\/image\\\/\",\"url\":\"https:\\\/\\\/sysmatec.ch\\\/wp-content\\\/uploads\\\/2018\\\/11\\\/LogoSysmatec.jpg\",\"contentUrl\":\"https:\\\/\\\/sysmatec.ch\\\/wp-content\\\/uploads\\\/2018\\\/11\\\/LogoSysmatec.jpg\",\"width\":301,\"height\":297,\"caption\":\"Sysmatec\"},\"image\":{\"@id\":\"https:\\\/\\\/sysmatec.ch\\\/de\\\/#\\\/schema\\\/logo\\\/image\\\/\"}}]}<\/script>\n<!-- \/ Yoast SEO plugin. -->","yoast_head_json":{"title":"Mehrkanalpipette IKA PETTE multi 8 - Sysmatec","description":"Trois mod\u00e8les de pipettes 8 canaux pour des volumes de 0.5-10 \u00b5l, 10-100 \u00b5 et l20-200 \u00b5l.","robots":{"index":"index","follow":"follow","max-snippet":"max-snippet:-1","max-image-preview":"max-image-preview:large","max-video-preview":"max-video-preview:-1"},"canonical":"https:\/\/sysmatec.ch\/de\/Produkt\/mehrkanalpipette-ika-pette-multi-8\/","og_locale":"de_DE","og_type":"article","og_title":"Mehrkanalpipette IKA PETTE multi 8 - Sysmatec","og_description":"Trois mod\u00e8les de pipettes 8 canaux pour des volumes de 0.5-10 \u00b5l, 10-100 \u00b5 et l20-200 \u00b5l.","og_url":"https:\/\/sysmatec.ch\/de\/Produkt\/mehrkanalpipette-ika-pette-multi-8\/","og_site_name":"Sysmatec","article_modified_time":"2024-07-16T19:19:34+00:00","og_image":[{"width":755,"height":785,"url":"https:\/\/sysmatec.ch\/wp-content\/uploads\/2024\/07\/Pipette_IKAMultiPette8.jpg","type":"image\/jpeg"}],"twitter_card":"summary_large_image","twitter_misc":{"Gesch\u00e4tzte Lesezeit":"2\u00a0Minuten"},"schema":{"@context":"https:\/\/schema.org","@graph":[{"@type":"WebPage","@id":"https:\/\/sysmatec.ch\/de\/Produkt\/mehrkanalpipette-ika-pette-multi-8\/","url":"https:\/\/sysmatec.ch\/de\/Produkt\/mehrkanalpipette-ika-pette-multi-8\/","name":"Mehrkanalpipette IKA PETTE multi 8 - Sysmatec","isPartOf":{"@id":"https:\/\/sysmatec.ch\/de\/#website"},"primaryImageOfPage":{"@id":"https:\/\/sysmatec.ch\/de\/Produkt\/mehrkanalpipette-ika-pette-multi-8\/#primaryimage"},"image":{"@id":"https:\/\/sysmatec.ch\/de\/Produkt\/mehrkanalpipette-ika-pette-multi-8\/#primaryimage"},"thumbnailUrl":"https:\/\/sysmatec.ch\/wp-content\/uploads\/2024\/07\/Pipette_IKAMultiPette8.jpg","datePublished":"2024-07-15T19:15:27+00:00","dateModified":"2024-07-16T19:19:34+00:00","description":"Trois mod\u00e8les de pipettes 8 canaux pour des volumes de 0.5-10 \u00b5l, 10-100 \u00b5 et l20-200 \u00b5l.","breadcrumb":{"@id":"https:\/\/sysmatec.ch\/de\/Produkt\/mehrkanalpipette-ika-pette-multi-8\/#breadcrumb"},"inLanguage":"de","potentialAction":[{"@type":"ReadAction","target":["https:\/\/sysmatec.ch\/de\/Produkt\/mehrkanalpipette-ika-pette-multi-8\/"]}]},{"@type":"ImageObject","inLanguage":"de","@id":"https:\/\/sysmatec.ch\/de\/Produkt\/mehrkanalpipette-ika-pette-multi-8\/#primaryimage","url":"https:\/\/sysmatec.ch\/wp-content\/uploads\/2024\/07\/Pipette_IKAMultiPette8.jpg","contentUrl":"https:\/\/sysmatec.ch\/wp-content\/uploads\/2024\/07\/Pipette_IKAMultiPette8.jpg","width":755,"height":785},{"@type":"BreadcrumbList","@id":"https:\/\/sysmatec.ch\/de\/Produkt\/mehrkanalpipette-ika-pette-multi-8\/#breadcrumb","itemListElement":[{"@type":"ListItem","position":1,"name":"Accueil","item":"https:\/\/sysmatec.ch\/de\/"},{"@type":"ListItem","position":2,"name":"Die Aktivit\u00e4t von Sysmatec","item":"https:\/\/sysmatec.ch\/de\/"},{"@type":"ListItem","position":3,"name":"Mehrkanalpipette IKA PETTE multi 8"}]},{"@type":"WebSite","@id":"https:\/\/sysmatec.ch\/de\/#website","url":"https:\/\/sysmatec.ch\/de\/","name":"Sysmatec","description":"Equipement de laboratoire et logiciels","publisher":{"@id":"https:\/\/sysmatec.ch\/de\/#organization"},"potentialAction":[{"@type":"SearchAction","target":{"@type":"EntryPoint","urlTemplate":"https:\/\/sysmatec.ch\/de\/?s={search_term_string}"},"query-input":{"@type":"PropertyValueSpecification","valueRequired":true,"valueName":"search_term_string"}}],"inLanguage":"de"},{"@type":"Organization","@id":"https:\/\/sysmatec.ch\/de\/#organization","name":"Sysmatec","url":"https:\/\/sysmatec.ch\/de\/","logo":{"@type":"ImageObject","inLanguage":"de","@id":"https:\/\/sysmatec.ch\/de\/#\/schema\/logo\/image\/","url":"https:\/\/sysmatec.ch\/wp-content\/uploads\/2018\/11\/LogoSysmatec.jpg","contentUrl":"https:\/\/sysmatec.ch\/wp-content\/uploads\/2018\/11\/LogoSysmatec.jpg","width":301,"height":297,"caption":"Sysmatec"},"image":{"@id":"https:\/\/sysmatec.ch\/de\/#\/schema\/logo\/image\/"}}]}},"_links":{"self":[{"href":"https:\/\/sysmatec.ch\/de\/wp-json\/wp\/v2\/product\/29767","targetHints":{"allow":["GET"]}}],"collection":[{"href":"https:\/\/sysmatec.ch\/de\/wp-json\/wp\/v2\/product"}],"about":[{"href":"https:\/\/sysmatec.ch\/de\/wp-json\/wp\/v2\/types\/product"}],"wp:featuredmedia":[{"embeddable":true,"href":"https:\/\/sysmatec.ch\/de\/wp-json\/wp\/v2\/media\/29771"}],"wp:attachment":[{"href":"https:\/\/sysmatec.ch\/de\/wp-json\/wp\/v2\/media?parent=29767"}],"wp:term":[{"taxonomy":"product_brand","embeddable":true,"href":"https:\/\/sysmatec.ch\/de\/wp-json\/wp\/v2\/product_brand?post=29767"},{"taxonomy":"product_cat","embeddable":true,"href":"https:\/\/sysmatec.ch\/de\/wp-json\/wp\/v2\/product_cat?post=29767"},{"taxonomy":"product_tag","embeddable":true,"href":"https:\/\/sysmatec.ch\/de\/wp-json\/wp\/v2\/product_tag?post=29767"}],"curies":[{"name":"wp","href":"https:\/\/api.w.org\/{rel}","templated":true}]}}