{"id":29754,"date":"2024-07-04T16:04:24","date_gmt":"2024-07-04T14:04:24","guid":{"rendered":"https:\/\/sysmatec.ch\/?post_type=product&#038;p=29754"},"modified":"2026-01-06T19:04:10","modified_gmt":"2026-01-06T18:04:10","slug":"mikrotiterplatten-waschgeraet-hbs-4009","status":"publish","type":"product","link":"https:\/\/sysmatec.ch\/de\/Produkt\/mikrotiterplatten-waschgeraet-hbs-4009\/","title":{"rendered":"Mikrotiterplatten Waschger\u00e4t HBS-4009"},"content":{"rendered":"<p>Eigenst\u00e4ndiges ELISA\/CLIA-Mikrotiterplatten-Waschsystem<\/p>\n<h2>Merkmale<\/h2>\n<ul>\n<li>Industrielles Farb-LCD-Display, Touchscreen-Bedienung<\/li>\n<li>Drei Arten von linearen Vibrationsplattenfunktionen.<\/li>\n<li>Extrem lange Einweichzeit, vielseitig einsetzbar.<\/li>\n<li>Verschiedene Waschmodi, benutzerprogrammierbar.<\/li>\n<li>Extra breiter Spannungseingang.<\/li>\n<li>Bis zu 4 Fl\u00fcssigkeitskan\u00e4le w\u00e4hlbar. Kein Reagenzflaschenwechsel erforderlich.<\/li>\n<li>Waschk\u00f6pfe: 8\/12\/2. Die Waschk\u00f6pfe sind demontierbar und waschbar.<\/li>\n<li>Waschkan\u00e4le: Standard 1 Kanal, weitere Kan\u00e4le w\u00e4hlbar, bis zu 4 Kan\u00e4le. Restvolumen: 1 \u00b5l (durchschnittlich pro \u00d6ffnung).<br \/>\nWaschzyklen: 0\u201399.<\/li>\n<li>Waschstreifen: 1\u201312, Waschg\u00e4nge k\u00f6nnen \u00fcbersprungen werden.<\/li>\n<li>Verz\u00f6gerungszeit: 0\u20139 Sekunden.<\/li>\n<li>Einweichzeit: 0\u201324 Stunden, in 1-Sekunden-Schritten.<\/li>\n<li>Waschmodus: Fortschrittliche Technologie mit nicht-positivem\/negativem Druck, punktuelle Reinigung, verhindert Kratzer am Becherboden.<\/li>\n<li>Programmspeicher: Unterst\u00fctzt benutzerdefinierte Programmierung, Speicherung von 200 Waschprogrammen, Vorschau, L\u00f6schen, Aufrufen und \u00c4ndern.<\/li>\n<li>Vibrationsgeschwindigkeit: 3 Stufen, Zeit: 0\u201324 Stunden.<\/li>\n<li>F\u00fcllstandsanzeige: Unterst\u00fctzt eine Alarmfunktion bei Fl\u00fcssigkeitsstand.<\/li>\n<li>Anzeige: 5,6-Zoll-Farb-LCD-Bildschirm, Touchscreen-Bedienung, unterst\u00fctzt 24\/7-Dauerbetrieb und verf\u00fcgt \u00fcber eine Energiesparfunktion im Standby-Modus.<\/li>\n<li>Stromversorgung: AC 100\u2013240 V, 50\u201360 Hz<\/li>\n<li>Flaschenvolumen: 3 x 2000 ml<\/li>\n<li>Gewicht: 9 kg<\/li>\n<li>Abmessungen: 380 mm (L) x 330 mm (B) x 218 mm (H)<\/li>\n<\/ul>\n","protected":false},"excerpt":{"rendered":"<p>Waschmodul f\u00fcr ELISA-Platten<\/p>\n","protected":false},"featured_media":30978,"template":"","meta":{"_crdt_document":""},"product_brand":[],"product_cat":[364,215],"product_tag":[],"class_list":{"0":"post-29754","1":"product","2":"type-product","3":"status-publish","4":"has-post-thumbnail","6":"product_cat-leser","7":"product_cat-mikroplatte","9":"first","10":"instock","11":"taxable","12":"shipping-taxable","13":"product-type-simple"},"yoast_head":"<!-- This site is optimized with the Yoast SEO plugin v27.4 - https:\/\/yoast.com\/product\/yoast-seo-wordpress\/ -->\n<title>Mikrotiterplatten Waschger\u00e4t HBS-4009 - Sysmatec<\/title>\n<meta name=\"description\" content=\"Waschmodul f\u00fcr Mikrotiterplatten. Programmierbare Reinigungszyklen.\" \/>\n<meta name=\"robots\" content=\"index, follow, max-snippet:-1, max-image-preview:large, max-video-preview:-1\" \/>\n<link rel=\"canonical\" href=\"https:\/\/sysmatec.ch\/de\/Produkt\/mikrotiterplatten-waschgeraet-hbs-4009\/\" \/>\n<meta property=\"og:locale\" content=\"de_DE\" \/>\n<meta property=\"og:type\" content=\"article\" \/>\n<meta property=\"og:title\" content=\"Mikrotiterplatten Waschger\u00e4t HBS-4009 - Sysmatec\" \/>\n<meta property=\"og:description\" content=\"Waschmodul f\u00fcr Mikrotiterplatten. Programmierbare Reinigungszyklen.\" \/>\n<meta property=\"og:url\" content=\"https:\/\/sysmatec.ch\/de\/Produkt\/mikrotiterplatten-waschgeraet-hbs-4009\/\" \/>\n<meta property=\"og:site_name\" content=\"Sysmatec\" \/>\n<meta property=\"article:modified_time\" content=\"2026-01-06T18:04:10+00:00\" \/>\n<meta property=\"og:image\" content=\"https:\/\/sysmatec.ch\/wp-content\/uploads\/2024\/07\/LavageMicroplaque_-AELabHBS4009.jpg\" \/>\n\t<meta property=\"og:image:width\" content=\"514\" \/>\n\t<meta property=\"og:image:height\" content=\"386\" \/>\n\t<meta property=\"og:image:type\" content=\"image\/jpeg\" \/>\n<meta name=\"twitter:card\" content=\"summary_large_image\" \/>\n<meta name=\"twitter:label1\" content=\"Gesch\u00e4tzte Lesezeit\" \/>\n\t<meta name=\"twitter:data1\" content=\"1\u00a0Minute\" \/>\n<script type=\"application\/ld+json\" class=\"yoast-schema-graph\">{\"@context\":\"https:\\\/\\\/schema.org\",\"@graph\":[{\"@type\":\"WebPage\",\"@id\":\"https:\\\/\\\/sysmatec.ch\\\/de\\\/Produkt\\\/mikrotiterplatten-waschgeraet-hbs-4009\\\/\",\"url\":\"https:\\\/\\\/sysmatec.ch\\\/de\\\/Produkt\\\/mikrotiterplatten-waschgeraet-hbs-4009\\\/\",\"name\":\"Mikrotiterplatten Waschger\u00e4t HBS-4009 - Sysmatec\",\"isPartOf\":{\"@id\":\"https:\\\/\\\/sysmatec.ch\\\/de\\\/#website\"},\"primaryImageOfPage\":{\"@id\":\"https:\\\/\\\/sysmatec.ch\\\/de\\\/Produkt\\\/mikrotiterplatten-waschgeraet-hbs-4009\\\/#primaryimage\"},\"image\":{\"@id\":\"https:\\\/\\\/sysmatec.ch\\\/de\\\/Produkt\\\/mikrotiterplatten-waschgeraet-hbs-4009\\\/#primaryimage\"},\"thumbnailUrl\":\"https:\\\/\\\/sysmatec.ch\\\/wp-content\\\/uploads\\\/2024\\\/07\\\/LavageMicroplaque_-AELabHBS4009.jpg\",\"datePublished\":\"2024-07-04T14:04:24+00:00\",\"dateModified\":\"2026-01-06T18:04:10+00:00\",\"description\":\"Waschmodul f\u00fcr Mikrotiterplatten. Programmierbare Reinigungszyklen.\",\"breadcrumb\":{\"@id\":\"https:\\\/\\\/sysmatec.ch\\\/de\\\/Produkt\\\/mikrotiterplatten-waschgeraet-hbs-4009\\\/#breadcrumb\"},\"inLanguage\":\"de\",\"potentialAction\":[{\"@type\":\"ReadAction\",\"target\":[\"https:\\\/\\\/sysmatec.ch\\\/de\\\/Produkt\\\/mikrotiterplatten-waschgeraet-hbs-4009\\\/\"]}]},{\"@type\":\"ImageObject\",\"inLanguage\":\"de\",\"@id\":\"https:\\\/\\\/sysmatec.ch\\\/de\\\/Produkt\\\/mikrotiterplatten-waschgeraet-hbs-4009\\\/#primaryimage\",\"url\":\"https:\\\/\\\/sysmatec.ch\\\/wp-content\\\/uploads\\\/2024\\\/07\\\/LavageMicroplaque_-AELabHBS4009.jpg\",\"contentUrl\":\"https:\\\/\\\/sysmatec.ch\\\/wp-content\\\/uploads\\\/2024\\\/07\\\/LavageMicroplaque_-AELabHBS4009.jpg\",\"width\":514,\"height\":386},{\"@type\":\"BreadcrumbList\",\"@id\":\"https:\\\/\\\/sysmatec.ch\\\/de\\\/Produkt\\\/mikrotiterplatten-waschgeraet-hbs-4009\\\/#breadcrumb\",\"itemListElement\":[{\"@type\":\"ListItem\",\"position\":1,\"name\":\"Accueil\",\"item\":\"https:\\\/\\\/sysmatec.ch\\\/de\\\/\"},{\"@type\":\"ListItem\",\"position\":2,\"name\":\"Die Aktivit\u00e4t von Sysmatec\",\"item\":\"https:\\\/\\\/sysmatec.ch\\\/de\\\/\"},{\"@type\":\"ListItem\",\"position\":3,\"name\":\"Mikrotiterplatten Waschger\u00e4t HBS-4009\"}]},{\"@type\":\"WebSite\",\"@id\":\"https:\\\/\\\/sysmatec.ch\\\/de\\\/#website\",\"url\":\"https:\\\/\\\/sysmatec.ch\\\/de\\\/\",\"name\":\"Sysmatec\",\"description\":\"Equipement de laboratoire et logiciels\",\"publisher\":{\"@id\":\"https:\\\/\\\/sysmatec.ch\\\/de\\\/#organization\"},\"potentialAction\":[{\"@type\":\"SearchAction\",\"target\":{\"@type\":\"EntryPoint\",\"urlTemplate\":\"https:\\\/\\\/sysmatec.ch\\\/de\\\/?s={search_term_string}\"},\"query-input\":{\"@type\":\"PropertyValueSpecification\",\"valueRequired\":true,\"valueName\":\"search_term_string\"}}],\"inLanguage\":\"de\"},{\"@type\":\"Organization\",\"@id\":\"https:\\\/\\\/sysmatec.ch\\\/de\\\/#organization\",\"name\":\"Sysmatec\",\"url\":\"https:\\\/\\\/sysmatec.ch\\\/de\\\/\",\"logo\":{\"@type\":\"ImageObject\",\"inLanguage\":\"de\",\"@id\":\"https:\\\/\\\/sysmatec.ch\\\/de\\\/#\\\/schema\\\/logo\\\/image\\\/\",\"url\":\"https:\\\/\\\/sysmatec.ch\\\/wp-content\\\/uploads\\\/2018\\\/11\\\/LogoSysmatec.jpg\",\"contentUrl\":\"https:\\\/\\\/sysmatec.ch\\\/wp-content\\\/uploads\\\/2018\\\/11\\\/LogoSysmatec.jpg\",\"width\":301,\"height\":297,\"caption\":\"Sysmatec\"},\"image\":{\"@id\":\"https:\\\/\\\/sysmatec.ch\\\/de\\\/#\\\/schema\\\/logo\\\/image\\\/\"}}]}<\/script>\n<!-- \/ Yoast SEO plugin. -->","yoast_head_json":{"title":"Mikrotiterplatten Waschger\u00e4t HBS-4009 - Sysmatec","description":"Waschmodul f\u00fcr Mikrotiterplatten. Programmierbare Reinigungszyklen.","robots":{"index":"index","follow":"follow","max-snippet":"max-snippet:-1","max-image-preview":"max-image-preview:large","max-video-preview":"max-video-preview:-1"},"canonical":"https:\/\/sysmatec.ch\/de\/Produkt\/mikrotiterplatten-waschgeraet-hbs-4009\/","og_locale":"de_DE","og_type":"article","og_title":"Mikrotiterplatten Waschger\u00e4t HBS-4009 - Sysmatec","og_description":"Waschmodul f\u00fcr Mikrotiterplatten. Programmierbare Reinigungszyklen.","og_url":"https:\/\/sysmatec.ch\/de\/Produkt\/mikrotiterplatten-waschgeraet-hbs-4009\/","og_site_name":"Sysmatec","article_modified_time":"2026-01-06T18:04:10+00:00","og_image":[{"width":514,"height":386,"url":"https:\/\/sysmatec.ch\/wp-content\/uploads\/2024\/07\/LavageMicroplaque_-AELabHBS4009.jpg","type":"image\/jpeg"}],"twitter_card":"summary_large_image","twitter_misc":{"Gesch\u00e4tzte Lesezeit":"1\u00a0Minute"},"schema":{"@context":"https:\/\/schema.org","@graph":[{"@type":"WebPage","@id":"https:\/\/sysmatec.ch\/de\/Produkt\/mikrotiterplatten-waschgeraet-hbs-4009\/","url":"https:\/\/sysmatec.ch\/de\/Produkt\/mikrotiterplatten-waschgeraet-hbs-4009\/","name":"Mikrotiterplatten Waschger\u00e4t HBS-4009 - Sysmatec","isPartOf":{"@id":"https:\/\/sysmatec.ch\/de\/#website"},"primaryImageOfPage":{"@id":"https:\/\/sysmatec.ch\/de\/Produkt\/mikrotiterplatten-waschgeraet-hbs-4009\/#primaryimage"},"image":{"@id":"https:\/\/sysmatec.ch\/de\/Produkt\/mikrotiterplatten-waschgeraet-hbs-4009\/#primaryimage"},"thumbnailUrl":"https:\/\/sysmatec.ch\/wp-content\/uploads\/2024\/07\/LavageMicroplaque_-AELabHBS4009.jpg","datePublished":"2024-07-04T14:04:24+00:00","dateModified":"2026-01-06T18:04:10+00:00","description":"Waschmodul f\u00fcr Mikrotiterplatten. Programmierbare Reinigungszyklen.","breadcrumb":{"@id":"https:\/\/sysmatec.ch\/de\/Produkt\/mikrotiterplatten-waschgeraet-hbs-4009\/#breadcrumb"},"inLanguage":"de","potentialAction":[{"@type":"ReadAction","target":["https:\/\/sysmatec.ch\/de\/Produkt\/mikrotiterplatten-waschgeraet-hbs-4009\/"]}]},{"@type":"ImageObject","inLanguage":"de","@id":"https:\/\/sysmatec.ch\/de\/Produkt\/mikrotiterplatten-waschgeraet-hbs-4009\/#primaryimage","url":"https:\/\/sysmatec.ch\/wp-content\/uploads\/2024\/07\/LavageMicroplaque_-AELabHBS4009.jpg","contentUrl":"https:\/\/sysmatec.ch\/wp-content\/uploads\/2024\/07\/LavageMicroplaque_-AELabHBS4009.jpg","width":514,"height":386},{"@type":"BreadcrumbList","@id":"https:\/\/sysmatec.ch\/de\/Produkt\/mikrotiterplatten-waschgeraet-hbs-4009\/#breadcrumb","itemListElement":[{"@type":"ListItem","position":1,"name":"Accueil","item":"https:\/\/sysmatec.ch\/de\/"},{"@type":"ListItem","position":2,"name":"Die Aktivit\u00e4t von Sysmatec","item":"https:\/\/sysmatec.ch\/de\/"},{"@type":"ListItem","position":3,"name":"Mikrotiterplatten Waschger\u00e4t HBS-4009"}]},{"@type":"WebSite","@id":"https:\/\/sysmatec.ch\/de\/#website","url":"https:\/\/sysmatec.ch\/de\/","name":"Sysmatec","description":"Equipement de laboratoire et logiciels","publisher":{"@id":"https:\/\/sysmatec.ch\/de\/#organization"},"potentialAction":[{"@type":"SearchAction","target":{"@type":"EntryPoint","urlTemplate":"https:\/\/sysmatec.ch\/de\/?s={search_term_string}"},"query-input":{"@type":"PropertyValueSpecification","valueRequired":true,"valueName":"search_term_string"}}],"inLanguage":"de"},{"@type":"Organization","@id":"https:\/\/sysmatec.ch\/de\/#organization","name":"Sysmatec","url":"https:\/\/sysmatec.ch\/de\/","logo":{"@type":"ImageObject","inLanguage":"de","@id":"https:\/\/sysmatec.ch\/de\/#\/schema\/logo\/image\/","url":"https:\/\/sysmatec.ch\/wp-content\/uploads\/2018\/11\/LogoSysmatec.jpg","contentUrl":"https:\/\/sysmatec.ch\/wp-content\/uploads\/2018\/11\/LogoSysmatec.jpg","width":301,"height":297,"caption":"Sysmatec"},"image":{"@id":"https:\/\/sysmatec.ch\/de\/#\/schema\/logo\/image\/"}}]}},"_links":{"self":[{"href":"https:\/\/sysmatec.ch\/de\/wp-json\/wp\/v2\/product\/29754","targetHints":{"allow":["GET"]}}],"collection":[{"href":"https:\/\/sysmatec.ch\/de\/wp-json\/wp\/v2\/product"}],"about":[{"href":"https:\/\/sysmatec.ch\/de\/wp-json\/wp\/v2\/types\/product"}],"wp:featuredmedia":[{"embeddable":true,"href":"https:\/\/sysmatec.ch\/de\/wp-json\/wp\/v2\/media\/30978"}],"wp:attachment":[{"href":"https:\/\/sysmatec.ch\/de\/wp-json\/wp\/v2\/media?parent=29754"}],"wp:term":[{"taxonomy":"product_brand","embeddable":true,"href":"https:\/\/sysmatec.ch\/de\/wp-json\/wp\/v2\/product_brand?post=29754"},{"taxonomy":"product_cat","embeddable":true,"href":"https:\/\/sysmatec.ch\/de\/wp-json\/wp\/v2\/product_cat?post=29754"},{"taxonomy":"product_tag","embeddable":true,"href":"https:\/\/sysmatec.ch\/de\/wp-json\/wp\/v2\/product_tag?post=29754"}],"curies":[{"name":"wp","href":"https:\/\/api.w.org\/{rel}","templated":true}]}}